{"id":191167,"date":"2024-04-25T16:33:53","date_gmt":"2024-04-25T14:33:53","guid":{"rendered":"https:\/\/ekkla.ch\/produit\/stehleuchte-mezzaluna-weiss-stahl-und-marmor-led-dcweditions\/"},"modified":"2024-04-29T01:23:38","modified_gmt":"2024-04-28T23:23:38","slug":"stehleuchte-mezzaluna-weiss-stahl-und-marmor-led-dcweditions","status":"publish","type":"product","link":"https:\/\/ekkla.ch\/de\/produit\/stehleuchte-mezzaluna-weiss-stahl-und-marmor-led-dcweditions\/","title":{"rendered":"Stehleuchte Mezzaluna &#8211; Weiss &#8211; Stahl und Marmor &#8211; LED &#8211; DCW\u00e9ditions"},"content":{"rendered":"<p>Entdecken Sie die Stehleuchte Mezzaluna von DCW\u00e9ditions, ein ikonisches St\u00fcck, das Retro-Design und innovative Technologien vereint. Inspiriert von dem ikonischen Modell aus den 1970er Jahren, das von Bruno Gecchelin entworfen wurde, ist diese LED-Stehleuchte ein wahres Meisterwerk, das Eleganz und Funktionalit\u00e4t miteinander verbindet. Die aus hochwertigem Stahl gefertigte Stehleuchte verf\u00fcgt \u00fcber einen Marmorsockel, der ihr Stabilit\u00e4t und Raffinesse verleiht, sowie einen Kopf aus lackiertem Aluminium, der f\u00fcr einen modernen und anspruchsvollen Touch sorgt. Was die Mezzaluna jedoch wirklich einzigartig macht, sind ihre fortschrittlichen technischen Eigenschaften. Mit einer direkten Dimmfunktion am Leuchtenkopf bietet die Mezzaluna eine Lichtst\u00e4rke von bis zu 6000 Lumen und sorgt so f\u00fcr eine optimale Beleuchtung in jedem Raum. Dar\u00fcber hinaus bietet sie drei Optionen f\u00fcr die Lichttemperatur (3000K, 2700K, 2300K) durch Filter, die am Lampenkopf hinzugef\u00fcgt werden k\u00f6nnen, sodass Sie die Atmosph\u00e4re nach Ihren Vorlieben gestalten k\u00f6nnen. Dank des Teleskopsystems k\u00f6nnen Sie die H\u00f6he des Korpus nach Bedarf anpassen, w\u00e4hrend der schwenkbare Kopf volle Flexibilit\u00e4t bei der Ausrichtung des Lichts bietet, sodass Sie den Strahl dorthin lenken k\u00f6nnen, wo Sie ihn brauchen.<\/p>\n<p>Erh\u00e4ltlich in sechs eleganten Farben &#8211; Schwarz, Weiss, Rot, Karbonblau, Gelb und Chrom &#8211; passt die Mezzaluna perfekt zu jeder Art von Einrichtung, sei es in einem zeitgen\u00f6ssischen Wohnzimmer oder einem modernen B\u00fcro.<\/p>\n<p>Mit der Stehleuchte Mezzaluna von DCW\u00e9ditions beleuchten Sie Ihren Raum mit Stil und Raffinesse, w\u00e4hrend Sie gleichzeitig massgeschneiderten Komfort und eine unvergleichliche Lichtqualit\u00e4t geniessen. Entdecken Sie die Kunst der Beleuchtung neu mit dieser Neuauflage, die das Beste aus Vergangenheit und Gegenwart vereint.<\/p>\n<blockquote>\n<h2>Merkmale &amp; Eigenschaften<\/h2>\n<p><strong>Marke<\/strong> DCW\u00e9ditions<\/p>\n<p><strong>Farbe <\/strong>Weiss<\/p>\n<p><strong>Materialien<\/strong> Stahl, Aluminium, Marmor<\/p>\n<p><strong>Lichtquelle<\/strong> Integrierte LED (dimmbar)<\/p>\n<p><strong>Kelvin (k)<\/strong> 3000<\/p>\n<p><strong>Lumen (lm)<\/strong> 6000<\/p>\n<p><strong>H\u00f6he min-max (cm)<\/strong> 184,1 &#8211; 221<\/p>\n<p><strong>Durchmesser Sockel (cm)<\/strong> 34<\/p>\n<p><strong>Kabell\u00e4nge (cm)<\/strong> 210<\/p>\n<p><strong>Gewicht (kg)<\/strong> 12<\/p><\/blockquote>\n","protected":false},"excerpt":{"rendered":"<p>Entdecken Sie die Stehleuchte Mezzaluna von DCW\u00e9ditions, ein ikonisches St\u00fcck, das Retro-Design und innovative Technologien vereint. Inspiriert von dem ikonischen Modell aus den 1970er Jahren, das von Bruno Gecchelin entworfen wurde, ist diese LED-Stehleuchte ein wahres Meisterwerk, das Eleganz und Funktionalit\u00e4t miteinander verbindet. Die aus hochwertigem Stahl gefertigte Stehleuchte verf\u00fcgt \u00fcber einen Marmorsockel, der ihr [&hellip;]<\/p>\n","protected":false},"featured_media":190879,"template":"","meta":{"_acf_changed":false,"om_disable_all_campaigns":false},"product_cat":[289],"product_tag":[1256,896,1188,1265,801],"bundled_by":[],"bundle_stock_status":"onbackorder","bundle_stock_quantity":null,"bundle_virtual":false,"bundle_layout":"","bundle_add_to_cart_form_location":"","bundle_editable_in_cart":false,"bundle_sold_individually_context":"","bundle_item_grouping":"","bundle_min_size":"","bundle_max_size":"","bundle_price":[],"bundled_items":[],"bundle_sell_ids":[],"acf":[],"yoast_head":"<!-- This site is optimized with the Yoast SEO Premium plugin v22.2 (Yoast SEO v22.8) - https:\/\/yoast.com\/wordpress\/plugins\/seo\/ -->\n<title>Stehleuchte Mezzaluna | DCW\u00e9ditions | Weiss | Ekkla<\/title>\n<meta name=\"description\" content=\"Entdecken Sie die Stehleuchte Mezzaluna von DCW\u00e9ditions, ein ikonisches Designerst\u00fcck, das Retrodesign und innovative Technologien vereint.\" \/>\n<meta name=\"robots\" content=\"index, follow, max-snippet:-1, max-image-preview:large, max-video-preview:-1\" \/>\n<link rel=\"canonical\" href=\"https:\/\/ekkla.ch\/de\/produit\/stehleuchte-mezzaluna-weiss-stahl-und-marmor-led-dcweditions\/\" \/>\n<meta property=\"og:locale\" content=\"de_DE\" \/>\n<meta property=\"og:type\" content=\"article\" \/>\n<meta property=\"og:title\" content=\"Stehleuchte Mezzaluna - Weiss - Stahl und Marmor - LED - DCW\u00e9ditions\" \/>\n<meta property=\"og:description\" content=\"Entdecken Sie die Stehleuchte Mezzaluna von DCW\u00e9ditions, ein ikonisches Designerst\u00fcck, das Retrodesign und innovative Technologien vereint.\" \/>\n<meta property=\"og:url\" content=\"https:\/\/ekkla.ch\/de\/produit\/stehleuchte-mezzaluna-weiss-stahl-und-marmor-led-dcweditions\/\" \/>\n<meta property=\"og:site_name\" content=\"Ekkla\" \/>\n<meta property=\"article:modified_time\" content=\"2024-04-28T23:23:38+00:00\" \/>\n<meta property=\"og:image\" content=\"https:\/\/ekkla.ch\/wp-content\/uploads\/2024\/04\/ekkla-light-dcweditions-lampadaire-mezzaluna-blanc-1.jpg\" \/>\n\t<meta property=\"og:image:width\" content=\"900\" \/>\n\t<meta property=\"og:image:height\" content=\"900\" \/>\n\t<meta property=\"og:image:type\" content=\"image\/jpeg\" \/>\n<meta name=\"twitter:card\" content=\"summary_large_image\" \/>\n<meta name=\"twitter:label1\" content=\"Gesch\u00e4tzte Lesezeit\" \/>\n\t<meta name=\"twitter:data1\" content=\"2\u00a0Minuten\" \/>\n<script type=\"application\/ld+json\" class=\"yoast-schema-graph\">{\"@context\":\"https:\/\/schema.org\",\"@graph\":[{\"@type\":\"WebPage\",\"@id\":\"https:\/\/ekkla.ch\/de\/produit\/stehleuchte-mezzaluna-weiss-stahl-und-marmor-led-dcweditions\/\",\"url\":\"https:\/\/ekkla.ch\/de\/produit\/stehleuchte-mezzaluna-weiss-stahl-und-marmor-led-dcweditions\/\",\"name\":\"Stehleuchte Mezzaluna | DCW\u00e9ditions | Weiss | Ekkla\",\"isPartOf\":{\"@id\":\"https:\/\/ekkla.ch\/#website\"},\"primaryImageOfPage\":{\"@id\":\"https:\/\/ekkla.ch\/de\/produit\/stehleuchte-mezzaluna-weiss-stahl-und-marmor-led-dcweditions\/#primaryimage\"},\"image\":{\"@id\":\"https:\/\/ekkla.ch\/de\/produit\/stehleuchte-mezzaluna-weiss-stahl-und-marmor-led-dcweditions\/#primaryimage\"},\"thumbnailUrl\":\"https:\/\/ekkla.ch\/wp-content\/uploads\/2024\/04\/ekkla-light-dcweditions-lampadaire-mezzaluna-blanc-1.jpg\",\"datePublished\":\"2024-04-25T14:33:53+00:00\",\"dateModified\":\"2024-04-28T23:23:38+00:00\",\"description\":\"Entdecken Sie die Stehleuchte Mezzaluna von DCW\u00e9ditions, ein ikonisches Designerst\u00fcck, das Retrodesign und innovative Technologien vereint.\",\"breadcrumb\":{\"@id\":\"https:\/\/ekkla.ch\/de\/produit\/stehleuchte-mezzaluna-weiss-stahl-und-marmor-led-dcweditions\/#breadcrumb\"},\"inLanguage\":\"de\",\"potentialAction\":[{\"@type\":\"ReadAction\",\"target\":[\"https:\/\/ekkla.ch\/de\/produit\/stehleuchte-mezzaluna-weiss-stahl-und-marmor-led-dcweditions\/\"]}]},{\"@type\":\"ImageObject\",\"inLanguage\":\"de\",\"@id\":\"https:\/\/ekkla.ch\/de\/produit\/stehleuchte-mezzaluna-weiss-stahl-und-marmor-led-dcweditions\/#primaryimage\",\"url\":\"https:\/\/ekkla.ch\/wp-content\/uploads\/2024\/04\/ekkla-light-dcweditions-lampadaire-mezzaluna-blanc-1.jpg\",\"contentUrl\":\"https:\/\/ekkla.ch\/wp-content\/uploads\/2024\/04\/ekkla-light-dcweditions-lampadaire-mezzaluna-blanc-1.jpg\",\"width\":900,\"height\":900},{\"@type\":\"BreadcrumbList\",\"@id\":\"https:\/\/ekkla.ch\/de\/produit\/stehleuchte-mezzaluna-weiss-stahl-und-marmor-led-dcweditions\/#breadcrumb\",\"itemListElement\":[{\"@type\":\"ListItem\",\"position\":1,\"name\":\"Home\",\"item\":\"https:\/\/ekkla.ch\/de\/\"},{\"@type\":\"ListItem\",\"position\":2,\"name\":\"Shop\",\"item\":\"https:\/\/ekkla.ch\/de\/shop\/\"},{\"@type\":\"ListItem\",\"position\":3,\"name\":\"Stehleuchte Mezzaluna - Weiss - Stahl und Marmor - LED - DCW\u00e9ditions\"}]},{\"@type\":\"WebSite\",\"@id\":\"https:\/\/ekkla.ch\/#website\",\"url\":\"https:\/\/ekkla.ch\/\",\"name\":\"Ekkla\",\"description\":\"Der Onlineshop f\u00fcr Beleuchtung\",\"publisher\":{\"@id\":\"https:\/\/ekkla.ch\/#organization\"},\"potentialAction\":[{\"@type\":\"SearchAction\",\"target\":{\"@type\":\"EntryPoint\",\"urlTemplate\":\"https:\/\/ekkla.ch\/?s={search_term_string}\"},\"query-input\":\"required name=search_term_string\"}],\"inLanguage\":\"de\"},{\"@type\":\"Organization\",\"@id\":\"https:\/\/ekkla.ch\/#organization\",\"name\":\"Ekkla\",\"url\":\"https:\/\/ekkla.ch\/\",\"logo\":{\"@type\":\"ImageObject\",\"inLanguage\":\"de\",\"@id\":\"https:\/\/ekkla.ch\/#\/schema\/logo\/image\/\",\"url\":\"http:\/\/ekkla.ch\/wp-content\/uploads\/2019\/07\/logo-1.svg\",\"contentUrl\":\"http:\/\/ekkla.ch\/wp-content\/uploads\/2019\/07\/logo-1.svg\",\"width\":1,\"height\":1,\"caption\":\"Ekkla\"},\"image\":{\"@id\":\"https:\/\/ekkla.ch\/#\/schema\/logo\/image\/\"},\"sameAs\":[\"https:\/\/www.instagram.com\/ekkla_light\/\"]}]}<\/script>\n<!-- \/ Yoast SEO Premium plugin. -->","yoast_head_json":{"title":"Stehleuchte Mezzaluna | DCW\u00e9ditions | Weiss | Ekkla","description":"Entdecken Sie die Stehleuchte Mezzaluna von DCW\u00e9ditions, ein ikonisches Designerst\u00fcck, das Retrodesign und innovative Technologien vereint.","robots":{"index":"index","follow":"follow","max-snippet":"max-snippet:-1","max-image-preview":"max-image-preview:large","max-video-preview":"max-video-preview:-1"},"canonical":"https:\/\/ekkla.ch\/de\/produit\/stehleuchte-mezzaluna-weiss-stahl-und-marmor-led-dcweditions\/","og_locale":"de_DE","og_type":"article","og_title":"Stehleuchte Mezzaluna - Weiss - Stahl und Marmor - LED - DCW\u00e9ditions","og_description":"Entdecken Sie die Stehleuchte Mezzaluna von DCW\u00e9ditions, ein ikonisches Designerst\u00fcck, das Retrodesign und innovative Technologien vereint.","og_url":"https:\/\/ekkla.ch\/de\/produit\/stehleuchte-mezzaluna-weiss-stahl-und-marmor-led-dcweditions\/","og_site_name":"Ekkla","article_modified_time":"2024-04-28T23:23:38+00:00","og_image":[{"width":900,"height":900,"url":"https:\/\/ekkla.ch\/wp-content\/uploads\/2024\/04\/ekkla-light-dcweditions-lampadaire-mezzaluna-blanc-1.jpg","type":"image\/jpeg"}],"twitter_card":"summary_large_image","twitter_misc":{"Gesch\u00e4tzte Lesezeit":"2\u00a0Minuten"},"schema":{"@context":"https:\/\/schema.org","@graph":[{"@type":"WebPage","@id":"https:\/\/ekkla.ch\/de\/produit\/stehleuchte-mezzaluna-weiss-stahl-und-marmor-led-dcweditions\/","url":"https:\/\/ekkla.ch\/de\/produit\/stehleuchte-mezzaluna-weiss-stahl-und-marmor-led-dcweditions\/","name":"Stehleuchte Mezzaluna | DCW\u00e9ditions | Weiss | Ekkla","isPartOf":{"@id":"https:\/\/ekkla.ch\/#website"},"primaryImageOfPage":{"@id":"https:\/\/ekkla.ch\/de\/produit\/stehleuchte-mezzaluna-weiss-stahl-und-marmor-led-dcweditions\/#primaryimage"},"image":{"@id":"https:\/\/ekkla.ch\/de\/produit\/stehleuchte-mezzaluna-weiss-stahl-und-marmor-led-dcweditions\/#primaryimage"},"thumbnailUrl":"https:\/\/ekkla.ch\/wp-content\/uploads\/2024\/04\/ekkla-light-dcweditions-lampadaire-mezzaluna-blanc-1.jpg","datePublished":"2024-04-25T14:33:53+00:00","dateModified":"2024-04-28T23:23:38+00:00","description":"Entdecken Sie die Stehleuchte Mezzaluna von DCW\u00e9ditions, ein ikonisches Designerst\u00fcck, das Retrodesign und innovative Technologien vereint.","breadcrumb":{"@id":"https:\/\/ekkla.ch\/de\/produit\/stehleuchte-mezzaluna-weiss-stahl-und-marmor-led-dcweditions\/#breadcrumb"},"inLanguage":"de","potentialAction":[{"@type":"ReadAction","target":["https:\/\/ekkla.ch\/de\/produit\/stehleuchte-mezzaluna-weiss-stahl-und-marmor-led-dcweditions\/"]}]},{"@type":"ImageObject","inLanguage":"de","@id":"https:\/\/ekkla.ch\/de\/produit\/stehleuchte-mezzaluna-weiss-stahl-und-marmor-led-dcweditions\/#primaryimage","url":"https:\/\/ekkla.ch\/wp-content\/uploads\/2024\/04\/ekkla-light-dcweditions-lampadaire-mezzaluna-blanc-1.jpg","contentUrl":"https:\/\/ekkla.ch\/wp-content\/uploads\/2024\/04\/ekkla-light-dcweditions-lampadaire-mezzaluna-blanc-1.jpg","width":900,"height":900},{"@type":"BreadcrumbList","@id":"https:\/\/ekkla.ch\/de\/produit\/stehleuchte-mezzaluna-weiss-stahl-und-marmor-led-dcweditions\/#breadcrumb","itemListElement":[{"@type":"ListItem","position":1,"name":"Home","item":"https:\/\/ekkla.ch\/de\/"},{"@type":"ListItem","position":2,"name":"Shop","item":"https:\/\/ekkla.ch\/de\/shop\/"},{"@type":"ListItem","position":3,"name":"Stehleuchte Mezzaluna - Weiss - Stahl und Marmor - LED - DCW\u00e9ditions"}]},{"@type":"WebSite","@id":"https:\/\/ekkla.ch\/#website","url":"https:\/\/ekkla.ch\/","name":"Ekkla","description":"Der Onlineshop f\u00fcr Beleuchtung","publisher":{"@id":"https:\/\/ekkla.ch\/#organization"},"potentialAction":[{"@type":"SearchAction","target":{"@type":"EntryPoint","urlTemplate":"https:\/\/ekkla.ch\/?s={search_term_string}"},"query-input":"required name=search_term_string"}],"inLanguage":"de"},{"@type":"Organization","@id":"https:\/\/ekkla.ch\/#organization","name":"Ekkla","url":"https:\/\/ekkla.ch\/","logo":{"@type":"ImageObject","inLanguage":"de","@id":"https:\/\/ekkla.ch\/#\/schema\/logo\/image\/","url":"http:\/\/ekkla.ch\/wp-content\/uploads\/2019\/07\/logo-1.svg","contentUrl":"http:\/\/ekkla.ch\/wp-content\/uploads\/2019\/07\/logo-1.svg","width":1,"height":1,"caption":"Ekkla"},"image":{"@id":"https:\/\/ekkla.ch\/#\/schema\/logo\/image\/"},"sameAs":["https:\/\/www.instagram.com\/ekkla_light\/"]}]}},"_links":{"self":[{"href":"https:\/\/ekkla.ch\/de\/wp-json\/wp\/v2\/product\/191167"}],"collection":[{"href":"https:\/\/ekkla.ch\/de\/wp-json\/wp\/v2\/product"}],"about":[{"href":"https:\/\/ekkla.ch\/de\/wp-json\/wp\/v2\/types\/product"}],"wp:featuredmedia":[{"embeddable":true,"href":"https:\/\/ekkla.ch\/de\/wp-json\/wp\/v2\/media\/190879"}],"wp:attachment":[{"href":"https:\/\/ekkla.ch\/de\/wp-json\/wp\/v2\/media?parent=191167"}],"wp:term":[{"taxonomy":"product_cat","embeddable":true,"href":"https:\/\/ekkla.ch\/de\/wp-json\/wp\/v2\/product_cat?post=191167"},{"taxonomy":"product_tag","embeddable":true,"href":"https:\/\/ekkla.ch\/de\/wp-json\/wp\/v2\/product_tag?post=191167"}],"curies":[{"name":"wp","href":"https:\/\/api.w.org\/{rel}","templated":true}]}}