{"id":191198,"date":"2024-04-26T14:39:34","date_gmt":"2024-04-26T12:39:34","guid":{"rendered":"https:\/\/ekkla.ch\/produit\/wandleuchte-owalo-7030-schwarz-h-47-secto-design\/"},"modified":"2024-04-29T04:12:36","modified_gmt":"2024-04-29T02:12:36","slug":"wandleuchte-owalo-7030-schwarz-h-47-secto-design","status":"publish","type":"product","link":"https:\/\/ekkla.ch\/de\/produit\/wandleuchte-owalo-7030-schwarz-h-47-secto-design\/","title":{"rendered":"Wandleuchte Owalo 7030 &#8211; Schwarz &#8211; H.47 &#8211; Secto Design"},"content":{"rendered":"<p>Die Wandleuchte Owalo 7030 wurde von dem Designer Seppo Koho entworfen, der hinter der Marke Secto Design steht. Dieses raffinierte Modell wurde entwickelt, um die Ecken Ihres Zuhauses hervorzuheben. Die Wandleuchte Owalo 7030 ist eine geniale und designorientierte L\u00f6sung f\u00fcr ein h\u00e4ufig auftretendes Problem bei der Dekoration von R\u00e4umen. Sie wird in Finnland in Handarbeit hergestellt und bietet einen schlichten Stil in bester skandinavischer Tradition. Sie wurde aus Birkenholzlamellen gefertigt und ist somit Teil einer umweltfreundlichen Produktion. Dank ihrer durchbrochenen Struktur l\u00e4sst sie das Licht durch die Holzlamellen filtern und sorgt so f\u00fcr zarte und elegante Reflexionen, ohne zu blenden.<\/p>\n<p>Die Wandleuchte Owalo 7030 ist in vier Farben erh\u00e4ltlich: Naturbirke, Walnuss, Weiss und Schwarz. Diese emblematische Kollektion der Marke Secto Design, die es in mehreren Modellen gibt (H\u00e4nge-, Wand-, Tisch- und Stehleuchte), muss man nicht mehr vorstellen. Klassisch und zeitlos, aber mit modernen und trendigen grafischen Linien, passen die Leuchten von Secto Design in jede Einrichtung und verleihen ihr einen gem\u00fctlichen und warmen Touch.<\/p>\n<p>Secto Design ist eine ethische und \u00f6kologische Marke, die 1995 durch das Zusammentreffen von Tuula Jus\u00e9lius und dem Designer Seppo Koho gegr\u00fcndet wurde und eine engagierte Vision der Welt des Designs vertritt. Das Holz, das f\u00fcr die Herstellung der Lampen verwendet wird, ist PEFC-zertifiziertes Birkenholz aus Finnland, um einen kurzen Versorgungskreislauf im Herstellungsprozess der Lampen zu gew\u00e4hrleisten. Die Abf\u00e4lle werden insbesondere als Brennholz verwertet. Die Verwendung von Kunststoffen wird auf ein Minimum reduziert und die Verpackungen bestehen aus lokal hergestelltem, umweltfreundlichem Karton.<\/p>\n<blockquote>\n<h2>Merkmale &amp; Eigenschaften<\/h2>\n<p><strong>Marke<\/strong> Secto Design<\/p>\n<p><strong>Farbe<\/strong> Schwarz<\/p>\n<p><strong>Material <\/strong>Holz (Birke)<\/p>\n<p><b>Gl\u00fchbirne<\/b> Integrierte LED (LED 7W, 630lm, 2850K)<\/p>\n<p><strong>H\u00f6he (cm) <\/strong>47<\/p>\n<p><strong>Breite (cm)<\/strong> 7<\/p>\n<p><strong>Tiefe (cm)<\/strong> 33<\/p>\n<p><strong>Gewicht (kg)<\/strong> 1,4<\/p><\/blockquote>\n","protected":false},"excerpt":{"rendered":"<p>Die Wandleuchte Owalo 7030 wurde von dem Designer Seppo Koho entworfen, der hinter der Marke Secto Design steht. Dieses raffinierte Modell wurde entwickelt, um die Ecken Ihres Zuhauses hervorzuheben. Die Wandleuchte Owalo 7030 ist eine geniale und designorientierte L\u00f6sung f\u00fcr ein h\u00e4ufig auftretendes Problem bei der Dekoration von R\u00e4umen. Sie wird in Finnland in Handarbeit [&hellip;]<\/p>\n","protected":false},"featured_media":190952,"template":"","meta":{"_acf_changed":false,"om_disable_all_campaigns":false},"product_cat":[286],"product_tag":[1254,890,1188,1265,801,816],"bundled_by":[],"bundle_stock_status":"onbackorder","bundle_stock_quantity":null,"bundle_virtual":false,"bundle_layout":"","bundle_add_to_cart_form_location":"","bundle_editable_in_cart":false,"bundle_sold_individually_context":"","bundle_item_grouping":"","bundle_min_size":"","bundle_max_size":"","bundle_price":[],"bundled_items":[],"bundle_sell_ids":[],"acf":[],"yoast_head":"<!-- This site is optimized with the Yoast SEO Premium plugin v22.2 (Yoast SEO v22.8) - https:\/\/yoast.com\/wordpress\/plugins\/seo\/ -->\n<title>Wandleuchte Owalo 7030 - Schwarz | Secto Design | Ekkla<\/title>\n<meta name=\"description\" content=\"Wandleuchte Owalo 7030 aus Birkenholz. Die Secto Design-Kollektion online. Gratisversand 24H. Sicheres Bezahlen. Schweizer Designer Lampen Boutique.\" \/>\n<meta name=\"robots\" content=\"index, follow, max-snippet:-1, max-image-preview:large, max-video-preview:-1\" \/>\n<link rel=\"canonical\" href=\"https:\/\/ekkla.ch\/de\/produit\/wandleuchte-owalo-7030-schwarz-h-47-secto-design\/\" \/>\n<meta property=\"og:locale\" content=\"de_DE\" \/>\n<meta property=\"og:type\" content=\"article\" \/>\n<meta property=\"og:title\" content=\"Wandleuchte Owalo 7030 - Schwarz - H.47 - Secto Design\" \/>\n<meta property=\"og:description\" content=\"Wandleuchte Owalo 7030 aus Birkenholz. Die Secto Design-Kollektion online. Gratisversand 24H. Sicheres Bezahlen. Schweizer Designer Lampen Boutique.\" \/>\n<meta property=\"og:url\" content=\"https:\/\/ekkla.ch\/de\/produit\/wandleuchte-owalo-7030-schwarz-h-47-secto-design\/\" \/>\n<meta property=\"og:site_name\" content=\"Ekkla\" \/>\n<meta property=\"article:modified_time\" content=\"2024-04-29T02:12:36+00:00\" \/>\n<meta property=\"og:image\" content=\"https:\/\/ekkla.ch\/wp-content\/uploads\/2024\/04\/ekkla-light-secto-design-applique-murale-owalo-7030-blanc.jpg\" \/>\n\t<meta property=\"og:image:width\" content=\"900\" \/>\n\t<meta property=\"og:image:height\" content=\"900\" \/>\n\t<meta property=\"og:image:type\" content=\"image\/jpeg\" \/>\n<meta name=\"twitter:card\" content=\"summary_large_image\" \/>\n<meta name=\"twitter:label1\" content=\"Gesch\u00e4tzte Lesezeit\" \/>\n\t<meta name=\"twitter:data1\" content=\"2\u00a0Minuten\" \/>\n<script type=\"application\/ld+json\" class=\"yoast-schema-graph\">{\"@context\":\"https:\/\/schema.org\",\"@graph\":[{\"@type\":\"WebPage\",\"@id\":\"https:\/\/ekkla.ch\/de\/produit\/wandleuchte-owalo-7030-schwarz-h-47-secto-design\/\",\"url\":\"https:\/\/ekkla.ch\/de\/produit\/wandleuchte-owalo-7030-schwarz-h-47-secto-design\/\",\"name\":\"Wandleuchte Owalo 7030 - Schwarz | Secto Design | Ekkla\",\"isPartOf\":{\"@id\":\"https:\/\/ekkla.ch\/#website\"},\"primaryImageOfPage\":{\"@id\":\"https:\/\/ekkla.ch\/de\/produit\/wandleuchte-owalo-7030-schwarz-h-47-secto-design\/#primaryimage\"},\"image\":{\"@id\":\"https:\/\/ekkla.ch\/de\/produit\/wandleuchte-owalo-7030-schwarz-h-47-secto-design\/#primaryimage\"},\"thumbnailUrl\":\"https:\/\/ekkla.ch\/wp-content\/uploads\/2024\/04\/ekkla-light-secto-design-applique-murale-owalo-7030-noir.jpg\",\"datePublished\":\"2024-04-26T12:39:34+00:00\",\"dateModified\":\"2024-04-29T02:12:36+00:00\",\"description\":\"Wandleuchte Owalo 7030 aus Birkenholz. Die Secto Design-Kollektion online. Gratisversand 24H. Sicheres Bezahlen. Schweizer Designer Lampen Boutique.\",\"breadcrumb\":{\"@id\":\"https:\/\/ekkla.ch\/de\/produit\/wandleuchte-owalo-7030-schwarz-h-47-secto-design\/#breadcrumb\"},\"inLanguage\":\"de\",\"potentialAction\":[{\"@type\":\"ReadAction\",\"target\":[\"https:\/\/ekkla.ch\/de\/produit\/wandleuchte-owalo-7030-schwarz-h-47-secto-design\/\"]}]},{\"@type\":\"ImageObject\",\"inLanguage\":\"de\",\"@id\":\"https:\/\/ekkla.ch\/de\/produit\/wandleuchte-owalo-7030-schwarz-h-47-secto-design\/#primaryimage\",\"url\":\"https:\/\/ekkla.ch\/wp-content\/uploads\/2024\/04\/ekkla-light-secto-design-applique-murale-owalo-7030-noir.jpg\",\"contentUrl\":\"https:\/\/ekkla.ch\/wp-content\/uploads\/2024\/04\/ekkla-light-secto-design-applique-murale-owalo-7030-noir.jpg\",\"width\":900,\"height\":900},{\"@type\":\"BreadcrumbList\",\"@id\":\"https:\/\/ekkla.ch\/de\/produit\/wandleuchte-owalo-7030-schwarz-h-47-secto-design\/#breadcrumb\",\"itemListElement\":[{\"@type\":\"ListItem\",\"position\":1,\"name\":\"Home\",\"item\":\"https:\/\/ekkla.ch\/de\/\"},{\"@type\":\"ListItem\",\"position\":2,\"name\":\"Shop\",\"item\":\"https:\/\/ekkla.ch\/de\/shop\/\"},{\"@type\":\"ListItem\",\"position\":3,\"name\":\"Wandleuchte Owalo 7030 - Schwarz - H.47 - Secto Design\"}]},{\"@type\":\"WebSite\",\"@id\":\"https:\/\/ekkla.ch\/#website\",\"url\":\"https:\/\/ekkla.ch\/\",\"name\":\"Ekkla\",\"description\":\"Der Onlineshop f\u00fcr Beleuchtung\",\"publisher\":{\"@id\":\"https:\/\/ekkla.ch\/#organization\"},\"potentialAction\":[{\"@type\":\"SearchAction\",\"target\":{\"@type\":\"EntryPoint\",\"urlTemplate\":\"https:\/\/ekkla.ch\/?s={search_term_string}\"},\"query-input\":\"required name=search_term_string\"}],\"inLanguage\":\"de\"},{\"@type\":\"Organization\",\"@id\":\"https:\/\/ekkla.ch\/#organization\",\"name\":\"Ekkla\",\"url\":\"https:\/\/ekkla.ch\/\",\"logo\":{\"@type\":\"ImageObject\",\"inLanguage\":\"de\",\"@id\":\"https:\/\/ekkla.ch\/#\/schema\/logo\/image\/\",\"url\":\"http:\/\/ekkla.ch\/wp-content\/uploads\/2019\/07\/logo-1.svg\",\"contentUrl\":\"http:\/\/ekkla.ch\/wp-content\/uploads\/2019\/07\/logo-1.svg\",\"width\":1,\"height\":1,\"caption\":\"Ekkla\"},\"image\":{\"@id\":\"https:\/\/ekkla.ch\/#\/schema\/logo\/image\/\"},\"sameAs\":[\"https:\/\/www.instagram.com\/ekkla_light\/\"]}]}<\/script>\n<!-- \/ Yoast SEO Premium plugin. -->","yoast_head_json":{"title":"Wandleuchte Owalo 7030 - Schwarz | Secto Design | Ekkla","description":"Wandleuchte Owalo 7030 aus Birkenholz. Die Secto Design-Kollektion online. Gratisversand 24H. Sicheres Bezahlen. Schweizer Designer Lampen Boutique.","robots":{"index":"index","follow":"follow","max-snippet":"max-snippet:-1","max-image-preview":"max-image-preview:large","max-video-preview":"max-video-preview:-1"},"canonical":"https:\/\/ekkla.ch\/de\/produit\/wandleuchte-owalo-7030-schwarz-h-47-secto-design\/","og_locale":"de_DE","og_type":"article","og_title":"Wandleuchte Owalo 7030 - Schwarz - H.47 - Secto Design","og_description":"Wandleuchte Owalo 7030 aus Birkenholz. Die Secto Design-Kollektion online. Gratisversand 24H. Sicheres Bezahlen. Schweizer Designer Lampen Boutique.","og_url":"https:\/\/ekkla.ch\/de\/produit\/wandleuchte-owalo-7030-schwarz-h-47-secto-design\/","og_site_name":"Ekkla","article_modified_time":"2024-04-29T02:12:36+00:00","og_image":[{"width":900,"height":900,"url":"https:\/\/ekkla.ch\/wp-content\/uploads\/2024\/04\/ekkla-light-secto-design-applique-murale-owalo-7030-blanc.jpg","type":"image\/jpeg"}],"twitter_card":"summary_large_image","twitter_misc":{"Gesch\u00e4tzte Lesezeit":"2\u00a0Minuten"},"schema":{"@context":"https:\/\/schema.org","@graph":[{"@type":"WebPage","@id":"https:\/\/ekkla.ch\/de\/produit\/wandleuchte-owalo-7030-schwarz-h-47-secto-design\/","url":"https:\/\/ekkla.ch\/de\/produit\/wandleuchte-owalo-7030-schwarz-h-47-secto-design\/","name":"Wandleuchte Owalo 7030 - Schwarz | Secto Design | Ekkla","isPartOf":{"@id":"https:\/\/ekkla.ch\/#website"},"primaryImageOfPage":{"@id":"https:\/\/ekkla.ch\/de\/produit\/wandleuchte-owalo-7030-schwarz-h-47-secto-design\/#primaryimage"},"image":{"@id":"https:\/\/ekkla.ch\/de\/produit\/wandleuchte-owalo-7030-schwarz-h-47-secto-design\/#primaryimage"},"thumbnailUrl":"https:\/\/ekkla.ch\/wp-content\/uploads\/2024\/04\/ekkla-light-secto-design-applique-murale-owalo-7030-noir.jpg","datePublished":"2024-04-26T12:39:34+00:00","dateModified":"2024-04-29T02:12:36+00:00","description":"Wandleuchte Owalo 7030 aus Birkenholz. Die Secto Design-Kollektion online. Gratisversand 24H. Sicheres Bezahlen. Schweizer Designer Lampen Boutique.","breadcrumb":{"@id":"https:\/\/ekkla.ch\/de\/produit\/wandleuchte-owalo-7030-schwarz-h-47-secto-design\/#breadcrumb"},"inLanguage":"de","potentialAction":[{"@type":"ReadAction","target":["https:\/\/ekkla.ch\/de\/produit\/wandleuchte-owalo-7030-schwarz-h-47-secto-design\/"]}]},{"@type":"ImageObject","inLanguage":"de","@id":"https:\/\/ekkla.ch\/de\/produit\/wandleuchte-owalo-7030-schwarz-h-47-secto-design\/#primaryimage","url":"https:\/\/ekkla.ch\/wp-content\/uploads\/2024\/04\/ekkla-light-secto-design-applique-murale-owalo-7030-noir.jpg","contentUrl":"https:\/\/ekkla.ch\/wp-content\/uploads\/2024\/04\/ekkla-light-secto-design-applique-murale-owalo-7030-noir.jpg","width":900,"height":900},{"@type":"BreadcrumbList","@id":"https:\/\/ekkla.ch\/de\/produit\/wandleuchte-owalo-7030-schwarz-h-47-secto-design\/#breadcrumb","itemListElement":[{"@type":"ListItem","position":1,"name":"Home","item":"https:\/\/ekkla.ch\/de\/"},{"@type":"ListItem","position":2,"name":"Shop","item":"https:\/\/ekkla.ch\/de\/shop\/"},{"@type":"ListItem","position":3,"name":"Wandleuchte Owalo 7030 - Schwarz - H.47 - Secto Design"}]},{"@type":"WebSite","@id":"https:\/\/ekkla.ch\/#website","url":"https:\/\/ekkla.ch\/","name":"Ekkla","description":"Der Onlineshop f\u00fcr Beleuchtung","publisher":{"@id":"https:\/\/ekkla.ch\/#organization"},"potentialAction":[{"@type":"SearchAction","target":{"@type":"EntryPoint","urlTemplate":"https:\/\/ekkla.ch\/?s={search_term_string}"},"query-input":"required name=search_term_string"}],"inLanguage":"de"},{"@type":"Organization","@id":"https:\/\/ekkla.ch\/#organization","name":"Ekkla","url":"https:\/\/ekkla.ch\/","logo":{"@type":"ImageObject","inLanguage":"de","@id":"https:\/\/ekkla.ch\/#\/schema\/logo\/image\/","url":"http:\/\/ekkla.ch\/wp-content\/uploads\/2019\/07\/logo-1.svg","contentUrl":"http:\/\/ekkla.ch\/wp-content\/uploads\/2019\/07\/logo-1.svg","width":1,"height":1,"caption":"Ekkla"},"image":{"@id":"https:\/\/ekkla.ch\/#\/schema\/logo\/image\/"},"sameAs":["https:\/\/www.instagram.com\/ekkla_light\/"]}]}},"_links":{"self":[{"href":"https:\/\/ekkla.ch\/de\/wp-json\/wp\/v2\/product\/191198"}],"collection":[{"href":"https:\/\/ekkla.ch\/de\/wp-json\/wp\/v2\/product"}],"about":[{"href":"https:\/\/ekkla.ch\/de\/wp-json\/wp\/v2\/types\/product"}],"wp:featuredmedia":[{"embeddable":true,"href":"https:\/\/ekkla.ch\/de\/wp-json\/wp\/v2\/media\/190952"}],"wp:attachment":[{"href":"https:\/\/ekkla.ch\/de\/wp-json\/wp\/v2\/media?parent=191198"}],"wp:term":[{"taxonomy":"product_cat","embeddable":true,"href":"https:\/\/ekkla.ch\/de\/wp-json\/wp\/v2\/product_cat?post=191198"},{"taxonomy":"product_tag","embeddable":true,"href":"https:\/\/ekkla.ch\/de\/wp-json\/wp\/v2\/product_tag?post=191198"}],"curies":[{"name":"wp","href":"https:\/\/api.w.org\/{rel}","templated":true}]}}