{"id":191413,"date":"2024-05-06T21:42:57","date_gmt":"2024-05-06T19:42:58","guid":{"rendered":"https:\/\/ekkla.ch\/?post_type=product&#038;p=191413"},"modified":"2024-05-07T09:11:04","modified_gmt":"2024-05-07T07:11:04","slug":"outdoor-tisch-ville-av26-teakholz-und-schwarzes-metall-220x90-tradition-copie-copie","status":"publish","type":"product","link":"https:\/\/ekkla.ch\/de\/produit\/outdoor-tisch-ville-av26-teakholz-und-schwarzes-metall-220x90-tradition-copie-copie\/","title":{"rendered":"Outdoor Bank Ville AV27 &#8211; Teakholz und schwarzes Metall &#8211; L.110 &#8211; &amp;Tradition"},"content":{"rendered":"<p>Die Gartenbank Ville, die aus der Zusammenarbeit von Anderssen &amp; Voll f\u00fcr die Marke &amp;Tradition entstanden ist, vereint zeitlose Eleganz und Funktionalit\u00e4t f\u00fcr den Au\u00dfenbereich. Aus hochwertigen, witterungsbest\u00e4ndigen Materialien gefertigt, bietet die Bank eine au\u00dfergew\u00f6hnliche Robustheit und ein ansprechendes Design. Ihre Oberfl\u00e4che aus FSC-zertifiziertem Teakholz l\u00e4dt mit ihren breiten, aneinandergereihten Latten und den abgerundeten Kanten zum Entspannen ein. Die robuste Stahlbasis sorgt f\u00fcr optimale Stabilit\u00e4t, egal ob f\u00fcr ein Caf\u00e9 im Freien, eine Hotelterrasse oder einen Wohngarten.<\/p>\n<p>Der 2010 in D\u00e4nemark gegr\u00fcndete Verlag &amp;Tradition entstand aus dem Wunsch heraus, zeitlose und signierte Leuchten neu aufzulegen. Sie mischt Tradition und Innovation gekonnt und respektiert dabei die Materialien und die nordische Handwerkskunst.<\/p>\n<p>Eigenschaften<\/p>\n<p>Marke &amp;Tradition<\/p>\n<p>Farben Holz und Schwarz<\/p>\n<p>Material Teakholz und pulverbeschichteter Stahl.<\/p>\n<p>H\u00f6he (cm) 46<\/p>\n<p>Breite (cm) 110<\/p>\n<p>Tiefe (cm) 40<\/p>\n<p>Gewicht (kg) 12<\/p>\n<p>&nbsp;<\/p>\n","protected":false},"excerpt":{"rendered":"<p>Die Gartenbank Ville, die aus der Zusammenarbeit von Anderssen &amp; Voll f\u00fcr die Marke &amp;Tradition entstanden ist, vereint zeitlose Eleganz und Funktionalit\u00e4t f\u00fcr den Au\u00dfenbereich. Aus hochwertigen, witterungsbest\u00e4ndigen Materialien gefertigt, bietet die Bank eine au\u00dfergew\u00f6hnliche Robustheit und ein ansprechendes Design. Ihre Oberfl\u00e4che aus FSC-zertifiziertem Teakholz l\u00e4dt mit ihren breiten, aneinandergereihten Latten und den abgerundeten Kanten [&hellip;]<\/p>\n","protected":false},"featured_media":196877,"template":"","meta":{"_acf_changed":false,"om_disable_all_campaigns":false},"product_cat":[985,964],"product_tag":[846,1254,896,1188,1265,801,1022,816],"bundled_by":[],"bundle_stock_status":"onbackorder","bundle_stock_quantity":null,"bundle_virtual":false,"bundle_layout":"","bundle_add_to_cart_form_location":"","bundle_editable_in_cart":false,"bundle_sold_individually_context":"","bundle_item_grouping":"","bundle_min_size":"","bundle_max_size":"","bundle_price":[],"bundled_items":[],"bundle_sell_ids":[],"acf":[],"yoast_head":"<!-- This site is optimized with the Yoast SEO Premium plugin v22.2 (Yoast SEO v22.8) - https:\/\/yoast.com\/wordpress\/plugins\/seo\/ -->\n<title>Outdoor-Bank Ville AV27 | Teakholz und schwarzes Metall | L.110 | &amp;Tradition<\/title>\n<meta name=\"description\" content=\"Die Gartenbank Ville AV27 vereint zeitlose Eleganz und Funktionalit\u00e4t f\u00fcr den Au\u00dfenbereich.\" \/>\n<meta name=\"robots\" content=\"index, follow, max-snippet:-1, max-image-preview:large, max-video-preview:-1\" \/>\n<link rel=\"canonical\" href=\"https:\/\/ekkla.ch\/de\/produit\/outdoor-tisch-ville-av26-teakholz-und-schwarzes-metall-220x90-tradition-copie-copie\/\" \/>\n<meta property=\"og:locale\" content=\"de_DE\" \/>\n<meta property=\"og:type\" content=\"article\" \/>\n<meta property=\"og:title\" content=\"Outdoor Bank Ville AV27 - Teakholz und schwarzes Metall - L.110 - &amp;Tradition\" \/>\n<meta property=\"og:description\" content=\"Die Gartenbank Ville AV27 vereint zeitlose Eleganz und Funktionalit\u00e4t f\u00fcr den Au\u00dfenbereich.\" \/>\n<meta property=\"og:url\" content=\"https:\/\/ekkla.ch\/de\/produit\/outdoor-tisch-ville-av26-teakholz-und-schwarzes-metall-220x90-tradition-copie-copie\/\" \/>\n<meta property=\"og:site_name\" content=\"Ekkla\" \/>\n<meta property=\"article:modified_time\" content=\"2024-05-07T07:11:04+00:00\" \/>\n<meta name=\"twitter:card\" content=\"summary_large_image\" \/>\n<meta name=\"twitter:label1\" content=\"Gesch\u00e4tzte Lesezeit\" \/>\n\t<meta name=\"twitter:data1\" content=\"1\u00a0Minute\" \/>\n<script type=\"application\/ld+json\" class=\"yoast-schema-graph\">{\"@context\":\"https:\/\/schema.org\",\"@graph\":[{\"@type\":\"WebPage\",\"@id\":\"https:\/\/ekkla.ch\/de\/produit\/outdoor-tisch-ville-av26-teakholz-und-schwarzes-metall-220x90-tradition-copie-copie\/\",\"url\":\"https:\/\/ekkla.ch\/de\/produit\/outdoor-tisch-ville-av26-teakholz-und-schwarzes-metall-220x90-tradition-copie-copie\/\",\"name\":\"Outdoor-Bank Ville AV27 | Teakholz und schwarzes Metall | L.110 | &Tradition\",\"isPartOf\":{\"@id\":\"https:\/\/ekkla.ch\/#website\"},\"primaryImageOfPage\":{\"@id\":\"https:\/\/ekkla.ch\/de\/produit\/outdoor-tisch-ville-av26-teakholz-und-schwarzes-metall-220x90-tradition-copie-copie\/#primaryimage\"},\"image\":{\"@id\":\"https:\/\/ekkla.ch\/de\/produit\/outdoor-tisch-ville-av26-teakholz-und-schwarzes-metall-220x90-tradition-copie-copie\/#primaryimage\"},\"thumbnailUrl\":\"https:\/\/ekkla.ch\/wp-content\/uploads\/2024\/05\/ekkla-tradition-banc-av27-noir.jpg\",\"datePublished\":\"2024-05-06T19:42:58+00:00\",\"dateModified\":\"2024-05-07T07:11:04+00:00\",\"description\":\"Die Gartenbank Ville AV27 vereint zeitlose Eleganz und Funktionalit\u00e4t f\u00fcr den Au\u00dfenbereich.\",\"breadcrumb\":{\"@id\":\"https:\/\/ekkla.ch\/de\/produit\/outdoor-tisch-ville-av26-teakholz-und-schwarzes-metall-220x90-tradition-copie-copie\/#breadcrumb\"},\"inLanguage\":\"de\",\"potentialAction\":[{\"@type\":\"ReadAction\",\"target\":[\"https:\/\/ekkla.ch\/de\/produit\/outdoor-tisch-ville-av26-teakholz-und-schwarzes-metall-220x90-tradition-copie-copie\/\"]}]},{\"@type\":\"ImageObject\",\"inLanguage\":\"de\",\"@id\":\"https:\/\/ekkla.ch\/de\/produit\/outdoor-tisch-ville-av26-teakholz-und-schwarzes-metall-220x90-tradition-copie-copie\/#primaryimage\",\"url\":\"https:\/\/ekkla.ch\/wp-content\/uploads\/2024\/05\/ekkla-tradition-banc-av27-noir.jpg\",\"contentUrl\":\"https:\/\/ekkla.ch\/wp-content\/uploads\/2024\/05\/ekkla-tradition-banc-av27-noir.jpg\",\"width\":1000,\"height\":1000},{\"@type\":\"BreadcrumbList\",\"@id\":\"https:\/\/ekkla.ch\/de\/produit\/outdoor-tisch-ville-av26-teakholz-und-schwarzes-metall-220x90-tradition-copie-copie\/#breadcrumb\",\"itemListElement\":[{\"@type\":\"ListItem\",\"position\":1,\"name\":\"Home\",\"item\":\"https:\/\/ekkla.ch\/de\/\"},{\"@type\":\"ListItem\",\"position\":2,\"name\":\"Shop\",\"item\":\"https:\/\/ekkla.ch\/de\/shop\/\"},{\"@type\":\"ListItem\",\"position\":3,\"name\":\"Outdoor Bank Ville AV27 &#8211; Teakholz und schwarzes Metall &#8211; L.110 &#8211; &amp;Tradition\"}]},{\"@type\":\"WebSite\",\"@id\":\"https:\/\/ekkla.ch\/#website\",\"url\":\"https:\/\/ekkla.ch\/\",\"name\":\"Ekkla\",\"description\":\"Der Onlineshop f\u00fcr Beleuchtung\",\"publisher\":{\"@id\":\"https:\/\/ekkla.ch\/#organization\"},\"potentialAction\":[{\"@type\":\"SearchAction\",\"target\":{\"@type\":\"EntryPoint\",\"urlTemplate\":\"https:\/\/ekkla.ch\/?s={search_term_string}\"},\"query-input\":\"required name=search_term_string\"}],\"inLanguage\":\"de\"},{\"@type\":\"Organization\",\"@id\":\"https:\/\/ekkla.ch\/#organization\",\"name\":\"Ekkla\",\"url\":\"https:\/\/ekkla.ch\/\",\"logo\":{\"@type\":\"ImageObject\",\"inLanguage\":\"de\",\"@id\":\"https:\/\/ekkla.ch\/#\/schema\/logo\/image\/\",\"url\":\"http:\/\/ekkla.ch\/wp-content\/uploads\/2019\/07\/logo-1.svg\",\"contentUrl\":\"http:\/\/ekkla.ch\/wp-content\/uploads\/2019\/07\/logo-1.svg\",\"width\":1,\"height\":1,\"caption\":\"Ekkla\"},\"image\":{\"@id\":\"https:\/\/ekkla.ch\/#\/schema\/logo\/image\/\"},\"sameAs\":[\"https:\/\/www.instagram.com\/ekkla_light\/\"]}]}<\/script>\n<!-- \/ Yoast SEO Premium plugin. -->","yoast_head_json":{"title":"Outdoor-Bank Ville AV27 | Teakholz und schwarzes Metall | L.110 | &Tradition","description":"Die Gartenbank Ville AV27 vereint zeitlose Eleganz und Funktionalit\u00e4t f\u00fcr den Au\u00dfenbereich.","robots":{"index":"index","follow":"follow","max-snippet":"max-snippet:-1","max-image-preview":"max-image-preview:large","max-video-preview":"max-video-preview:-1"},"canonical":"https:\/\/ekkla.ch\/de\/produit\/outdoor-tisch-ville-av26-teakholz-und-schwarzes-metall-220x90-tradition-copie-copie\/","og_locale":"de_DE","og_type":"article","og_title":"Outdoor Bank Ville AV27 - Teakholz und schwarzes Metall - L.110 - &amp;Tradition","og_description":"Die Gartenbank Ville AV27 vereint zeitlose Eleganz und Funktionalit\u00e4t f\u00fcr den Au\u00dfenbereich.","og_url":"https:\/\/ekkla.ch\/de\/produit\/outdoor-tisch-ville-av26-teakholz-und-schwarzes-metall-220x90-tradition-copie-copie\/","og_site_name":"Ekkla","article_modified_time":"2024-05-07T07:11:04+00:00","twitter_card":"summary_large_image","twitter_misc":{"Gesch\u00e4tzte Lesezeit":"1\u00a0Minute"},"schema":{"@context":"https:\/\/schema.org","@graph":[{"@type":"WebPage","@id":"https:\/\/ekkla.ch\/de\/produit\/outdoor-tisch-ville-av26-teakholz-und-schwarzes-metall-220x90-tradition-copie-copie\/","url":"https:\/\/ekkla.ch\/de\/produit\/outdoor-tisch-ville-av26-teakholz-und-schwarzes-metall-220x90-tradition-copie-copie\/","name":"Outdoor-Bank Ville AV27 | Teakholz und schwarzes Metall | L.110 | &Tradition","isPartOf":{"@id":"https:\/\/ekkla.ch\/#website"},"primaryImageOfPage":{"@id":"https:\/\/ekkla.ch\/de\/produit\/outdoor-tisch-ville-av26-teakholz-und-schwarzes-metall-220x90-tradition-copie-copie\/#primaryimage"},"image":{"@id":"https:\/\/ekkla.ch\/de\/produit\/outdoor-tisch-ville-av26-teakholz-und-schwarzes-metall-220x90-tradition-copie-copie\/#primaryimage"},"thumbnailUrl":"https:\/\/ekkla.ch\/wp-content\/uploads\/2024\/05\/ekkla-tradition-banc-av27-noir.jpg","datePublished":"2024-05-06T19:42:58+00:00","dateModified":"2024-05-07T07:11:04+00:00","description":"Die Gartenbank Ville AV27 vereint zeitlose Eleganz und Funktionalit\u00e4t f\u00fcr den Au\u00dfenbereich.","breadcrumb":{"@id":"https:\/\/ekkla.ch\/de\/produit\/outdoor-tisch-ville-av26-teakholz-und-schwarzes-metall-220x90-tradition-copie-copie\/#breadcrumb"},"inLanguage":"de","potentialAction":[{"@type":"ReadAction","target":["https:\/\/ekkla.ch\/de\/produit\/outdoor-tisch-ville-av26-teakholz-und-schwarzes-metall-220x90-tradition-copie-copie\/"]}]},{"@type":"ImageObject","inLanguage":"de","@id":"https:\/\/ekkla.ch\/de\/produit\/outdoor-tisch-ville-av26-teakholz-und-schwarzes-metall-220x90-tradition-copie-copie\/#primaryimage","url":"https:\/\/ekkla.ch\/wp-content\/uploads\/2024\/05\/ekkla-tradition-banc-av27-noir.jpg","contentUrl":"https:\/\/ekkla.ch\/wp-content\/uploads\/2024\/05\/ekkla-tradition-banc-av27-noir.jpg","width":1000,"height":1000},{"@type":"BreadcrumbList","@id":"https:\/\/ekkla.ch\/de\/produit\/outdoor-tisch-ville-av26-teakholz-und-schwarzes-metall-220x90-tradition-copie-copie\/#breadcrumb","itemListElement":[{"@type":"ListItem","position":1,"name":"Home","item":"https:\/\/ekkla.ch\/de\/"},{"@type":"ListItem","position":2,"name":"Shop","item":"https:\/\/ekkla.ch\/de\/shop\/"},{"@type":"ListItem","position":3,"name":"Outdoor Bank Ville AV27 &#8211; Teakholz und schwarzes Metall &#8211; L.110 &#8211; &amp;Tradition"}]},{"@type":"WebSite","@id":"https:\/\/ekkla.ch\/#website","url":"https:\/\/ekkla.ch\/","name":"Ekkla","description":"Der Onlineshop f\u00fcr Beleuchtung","publisher":{"@id":"https:\/\/ekkla.ch\/#organization"},"potentialAction":[{"@type":"SearchAction","target":{"@type":"EntryPoint","urlTemplate":"https:\/\/ekkla.ch\/?s={search_term_string}"},"query-input":"required name=search_term_string"}],"inLanguage":"de"},{"@type":"Organization","@id":"https:\/\/ekkla.ch\/#organization","name":"Ekkla","url":"https:\/\/ekkla.ch\/","logo":{"@type":"ImageObject","inLanguage":"de","@id":"https:\/\/ekkla.ch\/#\/schema\/logo\/image\/","url":"http:\/\/ekkla.ch\/wp-content\/uploads\/2019\/07\/logo-1.svg","contentUrl":"http:\/\/ekkla.ch\/wp-content\/uploads\/2019\/07\/logo-1.svg","width":1,"height":1,"caption":"Ekkla"},"image":{"@id":"https:\/\/ekkla.ch\/#\/schema\/logo\/image\/"},"sameAs":["https:\/\/www.instagram.com\/ekkla_light\/"]}]}},"_links":{"self":[{"href":"https:\/\/ekkla.ch\/de\/wp-json\/wp\/v2\/product\/191413"}],"collection":[{"href":"https:\/\/ekkla.ch\/de\/wp-json\/wp\/v2\/product"}],"about":[{"href":"https:\/\/ekkla.ch\/de\/wp-json\/wp\/v2\/types\/product"}],"wp:featuredmedia":[{"embeddable":true,"href":"https:\/\/ekkla.ch\/de\/wp-json\/wp\/v2\/media\/196877"}],"wp:attachment":[{"href":"https:\/\/ekkla.ch\/de\/wp-json\/wp\/v2\/media?parent=191413"}],"wp:term":[{"taxonomy":"product_cat","embeddable":true,"href":"https:\/\/ekkla.ch\/de\/wp-json\/wp\/v2\/product_cat?post=191413"},{"taxonomy":"product_tag","embeddable":true,"href":"https:\/\/ekkla.ch\/de\/wp-json\/wp\/v2\/product_tag?post=191413"}],"curies":[{"name":"wp","href":"https:\/\/api.w.org\/{rel}","templated":true}]}}