{"id":191523,"date":"2024-05-08T22:22:10","date_gmt":"2024-05-08T20:22:11","guid":{"rendered":"https:\/\/ekkla.ch\/?post_type=product&#038;p=191523"},"modified":"2024-05-08T22:28:09","modified_gmt":"2024-05-08T20:28:09","slug":"runder-outdoor-kaffeetisch-sc96-thorvald-schwarzer-stahl-o70-tradition-copie","status":"publish","type":"product","link":"https:\/\/ekkla.ch\/de\/produit\/runder-outdoor-kaffeetisch-sc96-thorvald-schwarzer-stahl-o70-tradition-copie\/","title":{"rendered":"Runder Outdoor-Kaffeetisch SC96 Thorvald &#8211; Bronzegr\u00fcner Stahl &#8211; \u00d870 &#8211; &amp;Tradition (Copie)"},"content":{"rendered":"<p>Der Tisch SC96 aus der Thorvald-Kollektion von &amp;Tradition zelebriert mit seiner skulpturalen Silhouette und dem subtilen Spiel von Licht und Schatten die Kunst des Lebens im Freien. Inspiriert von den lyrischen Linien des d\u00e4nischen neoklassischen K\u00fcnstlers Bertel Thorvaldsen, l\u00e4dt dieser runde Caf\u00e9tisch zum Entspannen, zu angeregten Gespr\u00e4chen und zu Pausen im Freien ein.<\/p>\n<p>Als Teil der neuen Thorvald Outdoor-Kollektion verk\u00f6rpert der SC96 eine moderne Interpretation des neoklassizistischen Designs aus Kopenhagen und der faszinierenden Motive aus Thorvaldsens gleichnamigem Museum. Seine abgerundete Tischplatte bietet eine einladende Fl\u00e4che, um im Freien eine Mahlzeit oder einen Drink zu teilen, w\u00e4hrend sein klares, funktionales Design perfekt zu einer Vielzahl von Au\u00dfenumgebungen passt.<\/p>\n<p>Ob f\u00fcr gr\u00f6\u00dfere gesellige Bereiche oder kleinere Terrassen, der SC96 bietet eine elegante und praktische L\u00f6sung f\u00fcr die Gestaltung des Au\u00dfenbereichs. Seine harmonische \u00c4sthetik und das subtile Spiel mit dem Licht machen diesen Tisch zu einem attraktiven Mittelpunkt f\u00fcr die Gestaltung unvergesslicher Momente im Freien.<\/p>\n<p>Der 2010 in D\u00e4nemark gegr\u00fcndete Verlag &amp;Tradition entstand aus dem Wunsch heraus, zeitlose und signierte Leuchten neu aufzulegen. Sie mischt Tradition und Innovation gekonnt und respektiert dabei die Materialien und die nordische Handwerkskunst.<\/p>\n<p><strong>Eigenschaften<\/strong><\/p>\n<p><strong>Marke<\/strong> &amp;Tradition<\/p>\n<p><strong>Farben<\/strong> Bronzegr\u00fcn<\/p>\n<p><strong>Material<\/strong> Pulverbeschichteter Stahl<\/p>\n<p><strong>H\u00f6he (cm)<\/strong>\u00a072<\/p>\n<p><strong>\u00d8<\/strong> 70cm<\/p>\n<p><strong>Gewicht (kg)<\/strong>\u00a07.8<\/p>\n<p>&nbsp;<\/p>\n","protected":false},"excerpt":{"rendered":"<p>Der Tisch SC96 aus der Thorvald-Kollektion von &amp;Tradition zelebriert mit seiner skulpturalen Silhouette und dem subtilen Spiel von Licht und Schatten die Kunst des Lebens im Freien. Inspiriert von den lyrischen Linien des d\u00e4nischen neoklassischen K\u00fcnstlers Bertel Thorvaldsen, l\u00e4dt dieser runde Caf\u00e9tisch zum Entspannen, zu angeregten Gespr\u00e4chen und zu Pausen im Freien ein. Als Teil [&hellip;]<\/p>\n","protected":false},"featured_media":192019,"template":"","meta":{"_acf_changed":false,"om_disable_all_campaigns":false},"product_cat":[964,970],"product_tag":[846,1254,896,1188,1265,801,1022,816],"bundled_by":[],"bundle_stock_status":"onbackorder","bundle_stock_quantity":null,"bundle_virtual":false,"bundle_layout":"","bundle_add_to_cart_form_location":"","bundle_editable_in_cart":false,"bundle_sold_individually_context":"","bundle_item_grouping":"","bundle_min_size":"","bundle_max_size":"","bundle_price":[],"bundled_items":[],"bundle_sell_ids":[],"acf":[],"yoast_head":"<!-- This site is optimized with the Yoast SEO Premium plugin v22.2 (Yoast SEO v22.8) - https:\/\/yoast.com\/wordpress\/plugins\/seo\/ -->\n<title>Outdoor runder Couchtisch SC96 Thorvald | Bronzegr\u00fcn | &amp;Tradition<\/title>\n<meta name=\"description\" content=\"Outdoor table basse ronde SC96 Thorvald | Bronzegr\u00fcn | &amp;Tradition\" \/>\n<meta name=\"robots\" content=\"index, follow, max-snippet:-1, max-image-preview:large, max-video-preview:-1\" \/>\n<link rel=\"canonical\" href=\"https:\/\/ekkla.ch\/de\/produit\/runder-outdoor-kaffeetisch-sc96-thorvald-schwarzer-stahl-o70-tradition-copie\/\" \/>\n<meta property=\"og:locale\" content=\"de_DE\" \/>\n<meta property=\"og:type\" content=\"article\" \/>\n<meta property=\"og:title\" content=\"Runder Outdoor-Kaffeetisch SC96 Thorvald - Bronzegr\u00fcner Stahl - \u00d870 - &amp;Tradition (Copie)\" \/>\n<meta property=\"og:description\" content=\"Outdoor table basse ronde SC96 Thorvald | Bronzegr\u00fcn | &amp;Tradition\" \/>\n<meta property=\"og:url\" content=\"https:\/\/ekkla.ch\/de\/produit\/runder-outdoor-kaffeetisch-sc96-thorvald-schwarzer-stahl-o70-tradition-copie\/\" \/>\n<meta property=\"og:site_name\" content=\"Ekkla\" \/>\n<meta property=\"article:modified_time\" content=\"2024-05-08T20:28:09+00:00\" \/>\n<meta name=\"twitter:card\" content=\"summary_large_image\" \/>\n<meta name=\"twitter:label1\" content=\"Gesch\u00e4tzte Lesezeit\" \/>\n\t<meta name=\"twitter:data1\" content=\"1\u00a0Minute\" \/>\n<script type=\"application\/ld+json\" class=\"yoast-schema-graph\">{\"@context\":\"https:\/\/schema.org\",\"@graph\":[{\"@type\":\"WebPage\",\"@id\":\"https:\/\/ekkla.ch\/de\/produit\/runder-outdoor-kaffeetisch-sc96-thorvald-schwarzer-stahl-o70-tradition-copie\/\",\"url\":\"https:\/\/ekkla.ch\/de\/produit\/runder-outdoor-kaffeetisch-sc96-thorvald-schwarzer-stahl-o70-tradition-copie\/\",\"name\":\"Outdoor runder Couchtisch SC96 Thorvald | Bronzegr\u00fcn | &Tradition\",\"isPartOf\":{\"@id\":\"https:\/\/ekkla.ch\/#website\"},\"primaryImageOfPage\":{\"@id\":\"https:\/\/ekkla.ch\/de\/produit\/runder-outdoor-kaffeetisch-sc96-thorvald-schwarzer-stahl-o70-tradition-copie\/#primaryimage\"},\"image\":{\"@id\":\"https:\/\/ekkla.ch\/de\/produit\/runder-outdoor-kaffeetisch-sc96-thorvald-schwarzer-stahl-o70-tradition-copie\/#primaryimage\"},\"thumbnailUrl\":\"https:\/\/ekkla.ch\/wp-content\/uploads\/2024\/05\/ekkla-light-meubles-luminaires_0056_Thorvald-SC96_Bronze-Green.jpg\",\"datePublished\":\"2024-05-08T20:22:11+00:00\",\"dateModified\":\"2024-05-08T20:28:09+00:00\",\"description\":\"Outdoor table basse ronde SC96 Thorvald | Bronzegr\u00fcn | &Tradition\",\"breadcrumb\":{\"@id\":\"https:\/\/ekkla.ch\/de\/produit\/runder-outdoor-kaffeetisch-sc96-thorvald-schwarzer-stahl-o70-tradition-copie\/#breadcrumb\"},\"inLanguage\":\"de\",\"potentialAction\":[{\"@type\":\"ReadAction\",\"target\":[\"https:\/\/ekkla.ch\/de\/produit\/runder-outdoor-kaffeetisch-sc96-thorvald-schwarzer-stahl-o70-tradition-copie\/\"]}]},{\"@type\":\"ImageObject\",\"inLanguage\":\"de\",\"@id\":\"https:\/\/ekkla.ch\/de\/produit\/runder-outdoor-kaffeetisch-sc96-thorvald-schwarzer-stahl-o70-tradition-copie\/#primaryimage\",\"url\":\"https:\/\/ekkla.ch\/wp-content\/uploads\/2024\/05\/ekkla-light-meubles-luminaires_0056_Thorvald-SC96_Bronze-Green.jpg\",\"contentUrl\":\"https:\/\/ekkla.ch\/wp-content\/uploads\/2024\/05\/ekkla-light-meubles-luminaires_0056_Thorvald-SC96_Bronze-Green.jpg\",\"width\":1000,\"height\":1000},{\"@type\":\"BreadcrumbList\",\"@id\":\"https:\/\/ekkla.ch\/de\/produit\/runder-outdoor-kaffeetisch-sc96-thorvald-schwarzer-stahl-o70-tradition-copie\/#breadcrumb\",\"itemListElement\":[{\"@type\":\"ListItem\",\"position\":1,\"name\":\"Home\",\"item\":\"https:\/\/ekkla.ch\/de\/\"},{\"@type\":\"ListItem\",\"position\":2,\"name\":\"Shop\",\"item\":\"https:\/\/ekkla.ch\/de\/shop\/\"},{\"@type\":\"ListItem\",\"position\":3,\"name\":\"Runder Outdoor-Kaffeetisch SC96 Thorvald &#8211; Bronzegr\u00fcner Stahl &#8211; \u00d870 &#8211; &amp;Tradition (Copie)\"}]},{\"@type\":\"WebSite\",\"@id\":\"https:\/\/ekkla.ch\/#website\",\"url\":\"https:\/\/ekkla.ch\/\",\"name\":\"Ekkla\",\"description\":\"Der Onlineshop f\u00fcr Beleuchtung\",\"publisher\":{\"@id\":\"https:\/\/ekkla.ch\/#organization\"},\"potentialAction\":[{\"@type\":\"SearchAction\",\"target\":{\"@type\":\"EntryPoint\",\"urlTemplate\":\"https:\/\/ekkla.ch\/?s={search_term_string}\"},\"query-input\":\"required name=search_term_string\"}],\"inLanguage\":\"de\"},{\"@type\":\"Organization\",\"@id\":\"https:\/\/ekkla.ch\/#organization\",\"name\":\"Ekkla\",\"url\":\"https:\/\/ekkla.ch\/\",\"logo\":{\"@type\":\"ImageObject\",\"inLanguage\":\"de\",\"@id\":\"https:\/\/ekkla.ch\/#\/schema\/logo\/image\/\",\"url\":\"http:\/\/ekkla.ch\/wp-content\/uploads\/2019\/07\/logo-1.svg\",\"contentUrl\":\"http:\/\/ekkla.ch\/wp-content\/uploads\/2019\/07\/logo-1.svg\",\"width\":1,\"height\":1,\"caption\":\"Ekkla\"},\"image\":{\"@id\":\"https:\/\/ekkla.ch\/#\/schema\/logo\/image\/\"},\"sameAs\":[\"https:\/\/www.instagram.com\/ekkla_light\/\"]}]}<\/script>\n<!-- \/ Yoast SEO Premium plugin. -->","yoast_head_json":{"title":"Outdoor runder Couchtisch SC96 Thorvald | Bronzegr\u00fcn | &Tradition","description":"Outdoor table basse ronde SC96 Thorvald | Bronzegr\u00fcn | &Tradition","robots":{"index":"index","follow":"follow","max-snippet":"max-snippet:-1","max-image-preview":"max-image-preview:large","max-video-preview":"max-video-preview:-1"},"canonical":"https:\/\/ekkla.ch\/de\/produit\/runder-outdoor-kaffeetisch-sc96-thorvald-schwarzer-stahl-o70-tradition-copie\/","og_locale":"de_DE","og_type":"article","og_title":"Runder Outdoor-Kaffeetisch SC96 Thorvald - Bronzegr\u00fcner Stahl - \u00d870 - &amp;Tradition (Copie)","og_description":"Outdoor table basse ronde SC96 Thorvald | Bronzegr\u00fcn | &Tradition","og_url":"https:\/\/ekkla.ch\/de\/produit\/runder-outdoor-kaffeetisch-sc96-thorvald-schwarzer-stahl-o70-tradition-copie\/","og_site_name":"Ekkla","article_modified_time":"2024-05-08T20:28:09+00:00","twitter_card":"summary_large_image","twitter_misc":{"Gesch\u00e4tzte Lesezeit":"1\u00a0Minute"},"schema":{"@context":"https:\/\/schema.org","@graph":[{"@type":"WebPage","@id":"https:\/\/ekkla.ch\/de\/produit\/runder-outdoor-kaffeetisch-sc96-thorvald-schwarzer-stahl-o70-tradition-copie\/","url":"https:\/\/ekkla.ch\/de\/produit\/runder-outdoor-kaffeetisch-sc96-thorvald-schwarzer-stahl-o70-tradition-copie\/","name":"Outdoor runder Couchtisch SC96 Thorvald | Bronzegr\u00fcn | &Tradition","isPartOf":{"@id":"https:\/\/ekkla.ch\/#website"},"primaryImageOfPage":{"@id":"https:\/\/ekkla.ch\/de\/produit\/runder-outdoor-kaffeetisch-sc96-thorvald-schwarzer-stahl-o70-tradition-copie\/#primaryimage"},"image":{"@id":"https:\/\/ekkla.ch\/de\/produit\/runder-outdoor-kaffeetisch-sc96-thorvald-schwarzer-stahl-o70-tradition-copie\/#primaryimage"},"thumbnailUrl":"https:\/\/ekkla.ch\/wp-content\/uploads\/2024\/05\/ekkla-light-meubles-luminaires_0056_Thorvald-SC96_Bronze-Green.jpg","datePublished":"2024-05-08T20:22:11+00:00","dateModified":"2024-05-08T20:28:09+00:00","description":"Outdoor table basse ronde SC96 Thorvald | Bronzegr\u00fcn | &Tradition","breadcrumb":{"@id":"https:\/\/ekkla.ch\/de\/produit\/runder-outdoor-kaffeetisch-sc96-thorvald-schwarzer-stahl-o70-tradition-copie\/#breadcrumb"},"inLanguage":"de","potentialAction":[{"@type":"ReadAction","target":["https:\/\/ekkla.ch\/de\/produit\/runder-outdoor-kaffeetisch-sc96-thorvald-schwarzer-stahl-o70-tradition-copie\/"]}]},{"@type":"ImageObject","inLanguage":"de","@id":"https:\/\/ekkla.ch\/de\/produit\/runder-outdoor-kaffeetisch-sc96-thorvald-schwarzer-stahl-o70-tradition-copie\/#primaryimage","url":"https:\/\/ekkla.ch\/wp-content\/uploads\/2024\/05\/ekkla-light-meubles-luminaires_0056_Thorvald-SC96_Bronze-Green.jpg","contentUrl":"https:\/\/ekkla.ch\/wp-content\/uploads\/2024\/05\/ekkla-light-meubles-luminaires_0056_Thorvald-SC96_Bronze-Green.jpg","width":1000,"height":1000},{"@type":"BreadcrumbList","@id":"https:\/\/ekkla.ch\/de\/produit\/runder-outdoor-kaffeetisch-sc96-thorvald-schwarzer-stahl-o70-tradition-copie\/#breadcrumb","itemListElement":[{"@type":"ListItem","position":1,"name":"Home","item":"https:\/\/ekkla.ch\/de\/"},{"@type":"ListItem","position":2,"name":"Shop","item":"https:\/\/ekkla.ch\/de\/shop\/"},{"@type":"ListItem","position":3,"name":"Runder Outdoor-Kaffeetisch SC96 Thorvald &#8211; Bronzegr\u00fcner Stahl &#8211; \u00d870 &#8211; &amp;Tradition (Copie)"}]},{"@type":"WebSite","@id":"https:\/\/ekkla.ch\/#website","url":"https:\/\/ekkla.ch\/","name":"Ekkla","description":"Der Onlineshop f\u00fcr Beleuchtung","publisher":{"@id":"https:\/\/ekkla.ch\/#organization"},"potentialAction":[{"@type":"SearchAction","target":{"@type":"EntryPoint","urlTemplate":"https:\/\/ekkla.ch\/?s={search_term_string}"},"query-input":"required name=search_term_string"}],"inLanguage":"de"},{"@type":"Organization","@id":"https:\/\/ekkla.ch\/#organization","name":"Ekkla","url":"https:\/\/ekkla.ch\/","logo":{"@type":"ImageObject","inLanguage":"de","@id":"https:\/\/ekkla.ch\/#\/schema\/logo\/image\/","url":"http:\/\/ekkla.ch\/wp-content\/uploads\/2019\/07\/logo-1.svg","contentUrl":"http:\/\/ekkla.ch\/wp-content\/uploads\/2019\/07\/logo-1.svg","width":1,"height":1,"caption":"Ekkla"},"image":{"@id":"https:\/\/ekkla.ch\/#\/schema\/logo\/image\/"},"sameAs":["https:\/\/www.instagram.com\/ekkla_light\/"]}]}},"_links":{"self":[{"href":"https:\/\/ekkla.ch\/de\/wp-json\/wp\/v2\/product\/191523"}],"collection":[{"href":"https:\/\/ekkla.ch\/de\/wp-json\/wp\/v2\/product"}],"about":[{"href":"https:\/\/ekkla.ch\/de\/wp-json\/wp\/v2\/types\/product"}],"wp:featuredmedia":[{"embeddable":true,"href":"https:\/\/ekkla.ch\/de\/wp-json\/wp\/v2\/media\/192019"}],"wp:attachment":[{"href":"https:\/\/ekkla.ch\/de\/wp-json\/wp\/v2\/media?parent=191523"}],"wp:term":[{"taxonomy":"product_cat","embeddable":true,"href":"https:\/\/ekkla.ch\/de\/wp-json\/wp\/v2\/product_cat?post=191523"},{"taxonomy":"product_tag","embeddable":true,"href":"https:\/\/ekkla.ch\/de\/wp-json\/wp\/v2\/product_tag?post=191523"}],"curies":[{"name":"wp","href":"https:\/\/api.w.org\/{rel}","templated":true}]}}