{"id":191616,"date":"2024-05-10T19:07:01","date_gmt":"2024-05-10T17:07:02","guid":{"rendered":"https:\/\/ekkla.ch\/?post_type=product&#038;p=191616"},"modified":"2024-05-10T19:11:01","modified_gmt":"2024-05-10T17:11:01","slug":"outdoor-sessel-mit-armlehnen-sc101-stahl-bronzegrun-tradition-copie","status":"publish","type":"product","link":"https:\/\/ekkla.ch\/de\/produit\/outdoor-sessel-mit-armlehnen-sc101-stahl-bronzegrun-tradition-copie\/","title":{"rendered":"Outdoor Sessel mit Armlehnen SC101 &#8211; Elfenbeinfarbener Stahl &#8211; &amp;Tradition"},"content":{"rendered":"<p>Der Outdoor-Stuhl Lounge Thorvald SC101 von &amp; Tradition ist Teil der zeitgen\u00f6ssischen Kollektion von Outdoor-M\u00f6beln von Space Copenhagen, die das k\u00fcnstlerische Erbe von Bertel Thorvaldsen und die theatralische Atmosph\u00e4re Kopenhagens feiert. Inspiriert von den skulpturalen Formen und rhythmischen Linien des ber\u00fchmten K\u00fcnstlers, verk\u00f6rpert jedes St\u00fcck dieser vielseitigen Kollektion die Harmonie zwischen Gegens\u00e4tzen und bietet eine einzigartige Mischung aus Transparenz und Festigkeit.<\/p>\n<p>Der aus hochwertigen, wetterfesten Materialien gefertigte Thorvald SC101 Stuhl bietet au\u00dfergew\u00f6hnlichen Komfort und eine bemerkenswerte Haltbarkeit, w\u00e4hrend er mit seinem klaren Design und seinen unverwechselbaren grafischen Linien das Auge fesselt. Mit seinen gro\u00dfz\u00fcgigen Proportionen und seiner zeitlosen \u00c4sthetik verleiht dieser Stuhl jedem Au\u00dfenbereich &#8211; ob Privatgarten, Terrasse oder \u00f6ffentlicher Platz &#8211; eine unaufdringliche Eleganz und l\u00e4dt gleichzeitig dazu ein, die Umgebung zu betrachten und zu genie\u00dfen.<\/p>\n<p>Der 2010 in D\u00e4nemark gegr\u00fcndete Verlag &amp;Tradition entstand aus dem Wunsch heraus, zeitlose und signierte Leuchten neu aufzulegen. Sie mischt Tradition und Innovation gekonnt und respektiert dabei die Materialien und die nordische Handwerkskunst.<\/p>\n<p><strong>Eigenschaften<\/strong><\/p>\n<p><strong>Marke<\/strong> &amp;Tradition<\/p>\n<p><strong>Farben<\/strong>\u00a0Gr\u00fcn<\/p>\n<p><strong>Material<\/strong> Pulverbeschichteter Stahl<\/p>\n<p><strong>H\u00f6he (cm)<\/strong>\u00a075.5<\/p>\n<p><strong>Breite (cm)<\/strong>\u00a071.5<\/p>\n<p><strong>Tiefe (cm)<\/strong>\u00a075<\/p>\n<p><strong>Gewicht (kg)<\/strong>\u00a09.2<\/p>\n<p>&nbsp;<\/p>\n","protected":false},"excerpt":{"rendered":"<p>Der Outdoor-Stuhl Lounge Thorvald SC101 von &amp; Tradition ist Teil der zeitgen\u00f6ssischen Kollektion von Outdoor-M\u00f6beln von Space Copenhagen, die das k\u00fcnstlerische Erbe von Bertel Thorvaldsen und die theatralische Atmosph\u00e4re Kopenhagens feiert. Inspiriert von den skulpturalen Formen und rhythmischen Linien des ber\u00fchmten K\u00fcnstlers, verk\u00f6rpert jedes St\u00fcck dieser vielseitigen Kollektion die Harmonie zwischen Gegens\u00e4tzen und bietet eine [&hellip;]<\/p>\n","protected":false},"featured_media":192029,"template":"","meta":{"_acf_changed":false,"om_disable_all_campaigns":false},"product_cat":[964,972],"product_tag":[846,1254,896,1188,1265,801,1022,816],"bundled_by":[],"bundle_stock_status":"onbackorder","bundle_stock_quantity":null,"bundle_virtual":false,"bundle_layout":"","bundle_add_to_cart_form_location":"","bundle_editable_in_cart":false,"bundle_sold_individually_context":"","bundle_item_grouping":"","bundle_min_size":"","bundle_max_size":"","bundle_price":[],"bundled_items":[],"bundle_sell_ids":[],"acf":[],"yoast_head":"<!-- This site is optimized with the Yoast SEO Premium plugin v22.2 (Yoast SEO v22.8) - https:\/\/yoast.com\/wordpress\/plugins\/seo\/ -->\n<title>Outdoor-Sessel mit Armlehnen SC101 | Elfenbeinfarbener Stahl | &amp;Tradition<\/title>\n<meta name=\"description\" content=\"Der Thorvald SC101 Stuhl bietet au\u00dfergew\u00f6hnlichen Komfort und eine bemerkenswerte Haltbarkeit und fesselt die Blicke mit seinem klaren Design.\" \/>\n<meta name=\"robots\" content=\"index, follow, max-snippet:-1, max-image-preview:large, max-video-preview:-1\" \/>\n<link rel=\"canonical\" href=\"https:\/\/ekkla.ch\/de\/produit\/outdoor-sessel-mit-armlehnen-sc101-stahl-bronzegrun-tradition-copie\/\" \/>\n<meta property=\"og:locale\" content=\"de_DE\" \/>\n<meta property=\"og:type\" content=\"article\" \/>\n<meta property=\"og:title\" content=\"Outdoor Sessel mit Armlehnen SC101 - Elfenbeinfarbener Stahl - &amp;Tradition\" \/>\n<meta property=\"og:description\" content=\"Der Thorvald SC101 Stuhl bietet au\u00dfergew\u00f6hnlichen Komfort und eine bemerkenswerte Haltbarkeit und fesselt die Blicke mit seinem klaren Design.\" \/>\n<meta property=\"og:url\" content=\"https:\/\/ekkla.ch\/de\/produit\/outdoor-sessel-mit-armlehnen-sc101-stahl-bronzegrun-tradition-copie\/\" \/>\n<meta property=\"og:site_name\" content=\"Ekkla\" \/>\n<meta property=\"article:modified_time\" content=\"2024-05-10T17:11:01+00:00\" \/>\n<meta name=\"twitter:card\" content=\"summary_large_image\" \/>\n<meta name=\"twitter:label1\" content=\"Gesch\u00e4tzte Lesezeit\" \/>\n\t<meta name=\"twitter:data1\" content=\"1\u00a0Minute\" \/>\n<script type=\"application\/ld+json\" class=\"yoast-schema-graph\">{\"@context\":\"https:\/\/schema.org\",\"@graph\":[{\"@type\":\"WebPage\",\"@id\":\"https:\/\/ekkla.ch\/de\/produit\/outdoor-sessel-mit-armlehnen-sc101-stahl-bronzegrun-tradition-copie\/\",\"url\":\"https:\/\/ekkla.ch\/de\/produit\/outdoor-sessel-mit-armlehnen-sc101-stahl-bronzegrun-tradition-copie\/\",\"name\":\"Outdoor-Sessel mit Armlehnen SC101 | Elfenbeinfarbener Stahl | &Tradition\",\"isPartOf\":{\"@id\":\"https:\/\/ekkla.ch\/#website\"},\"primaryImageOfPage\":{\"@id\":\"https:\/\/ekkla.ch\/de\/produit\/outdoor-sessel-mit-armlehnen-sc101-stahl-bronzegrun-tradition-copie\/#primaryimage\"},\"image\":{\"@id\":\"https:\/\/ekkla.ch\/de\/produit\/outdoor-sessel-mit-armlehnen-sc101-stahl-bronzegrun-tradition-copie\/#primaryimage\"},\"thumbnailUrl\":\"https:\/\/ekkla.ch\/wp-content\/uploads\/2024\/05\/ekkla-light-meubles-luminaires_0061_Thorvald-SC101_Ivory.jpg\",\"datePublished\":\"2024-05-10T17:07:02+00:00\",\"dateModified\":\"2024-05-10T17:11:01+00:00\",\"description\":\"Der Thorvald SC101 Stuhl bietet au\u00dfergew\u00f6hnlichen Komfort und eine bemerkenswerte Haltbarkeit und fesselt die Blicke mit seinem klaren Design.\",\"breadcrumb\":{\"@id\":\"https:\/\/ekkla.ch\/de\/produit\/outdoor-sessel-mit-armlehnen-sc101-stahl-bronzegrun-tradition-copie\/#breadcrumb\"},\"inLanguage\":\"de\",\"potentialAction\":[{\"@type\":\"ReadAction\",\"target\":[\"https:\/\/ekkla.ch\/de\/produit\/outdoor-sessel-mit-armlehnen-sc101-stahl-bronzegrun-tradition-copie\/\"]}]},{\"@type\":\"ImageObject\",\"inLanguage\":\"de\",\"@id\":\"https:\/\/ekkla.ch\/de\/produit\/outdoor-sessel-mit-armlehnen-sc101-stahl-bronzegrun-tradition-copie\/#primaryimage\",\"url\":\"https:\/\/ekkla.ch\/wp-content\/uploads\/2024\/05\/ekkla-light-meubles-luminaires_0061_Thorvald-SC101_Ivory.jpg\",\"contentUrl\":\"https:\/\/ekkla.ch\/wp-content\/uploads\/2024\/05\/ekkla-light-meubles-luminaires_0061_Thorvald-SC101_Ivory.jpg\",\"width\":1000,\"height\":1000},{\"@type\":\"BreadcrumbList\",\"@id\":\"https:\/\/ekkla.ch\/de\/produit\/outdoor-sessel-mit-armlehnen-sc101-stahl-bronzegrun-tradition-copie\/#breadcrumb\",\"itemListElement\":[{\"@type\":\"ListItem\",\"position\":1,\"name\":\"Home\",\"item\":\"https:\/\/ekkla.ch\/de\/\"},{\"@type\":\"ListItem\",\"position\":2,\"name\":\"Shop\",\"item\":\"https:\/\/ekkla.ch\/de\/shop\/\"},{\"@type\":\"ListItem\",\"position\":3,\"name\":\"Outdoor Sessel mit Armlehnen SC101 &#8211; Elfenbeinfarbener Stahl &#8211; &amp;Tradition\"}]},{\"@type\":\"WebSite\",\"@id\":\"https:\/\/ekkla.ch\/#website\",\"url\":\"https:\/\/ekkla.ch\/\",\"name\":\"Ekkla\",\"description\":\"Der Onlineshop f\u00fcr Beleuchtung\",\"publisher\":{\"@id\":\"https:\/\/ekkla.ch\/#organization\"},\"potentialAction\":[{\"@type\":\"SearchAction\",\"target\":{\"@type\":\"EntryPoint\",\"urlTemplate\":\"https:\/\/ekkla.ch\/?s={search_term_string}\"},\"query-input\":\"required name=search_term_string\"}],\"inLanguage\":\"de\"},{\"@type\":\"Organization\",\"@id\":\"https:\/\/ekkla.ch\/#organization\",\"name\":\"Ekkla\",\"url\":\"https:\/\/ekkla.ch\/\",\"logo\":{\"@type\":\"ImageObject\",\"inLanguage\":\"de\",\"@id\":\"https:\/\/ekkla.ch\/#\/schema\/logo\/image\/\",\"url\":\"http:\/\/ekkla.ch\/wp-content\/uploads\/2019\/07\/logo-1.svg\",\"contentUrl\":\"http:\/\/ekkla.ch\/wp-content\/uploads\/2019\/07\/logo-1.svg\",\"width\":1,\"height\":1,\"caption\":\"Ekkla\"},\"image\":{\"@id\":\"https:\/\/ekkla.ch\/#\/schema\/logo\/image\/\"},\"sameAs\":[\"https:\/\/www.instagram.com\/ekkla_light\/\"]}]}<\/script>\n<!-- \/ Yoast SEO Premium plugin. -->","yoast_head_json":{"title":"Outdoor-Sessel mit Armlehnen SC101 | Elfenbeinfarbener Stahl | &Tradition","description":"Der Thorvald SC101 Stuhl bietet au\u00dfergew\u00f6hnlichen Komfort und eine bemerkenswerte Haltbarkeit und fesselt die Blicke mit seinem klaren Design.","robots":{"index":"index","follow":"follow","max-snippet":"max-snippet:-1","max-image-preview":"max-image-preview:large","max-video-preview":"max-video-preview:-1"},"canonical":"https:\/\/ekkla.ch\/de\/produit\/outdoor-sessel-mit-armlehnen-sc101-stahl-bronzegrun-tradition-copie\/","og_locale":"de_DE","og_type":"article","og_title":"Outdoor Sessel mit Armlehnen SC101 - Elfenbeinfarbener Stahl - &amp;Tradition","og_description":"Der Thorvald SC101 Stuhl bietet au\u00dfergew\u00f6hnlichen Komfort und eine bemerkenswerte Haltbarkeit und fesselt die Blicke mit seinem klaren Design.","og_url":"https:\/\/ekkla.ch\/de\/produit\/outdoor-sessel-mit-armlehnen-sc101-stahl-bronzegrun-tradition-copie\/","og_site_name":"Ekkla","article_modified_time":"2024-05-10T17:11:01+00:00","twitter_card":"summary_large_image","twitter_misc":{"Gesch\u00e4tzte Lesezeit":"1\u00a0Minute"},"schema":{"@context":"https:\/\/schema.org","@graph":[{"@type":"WebPage","@id":"https:\/\/ekkla.ch\/de\/produit\/outdoor-sessel-mit-armlehnen-sc101-stahl-bronzegrun-tradition-copie\/","url":"https:\/\/ekkla.ch\/de\/produit\/outdoor-sessel-mit-armlehnen-sc101-stahl-bronzegrun-tradition-copie\/","name":"Outdoor-Sessel mit Armlehnen SC101 | Elfenbeinfarbener Stahl | &Tradition","isPartOf":{"@id":"https:\/\/ekkla.ch\/#website"},"primaryImageOfPage":{"@id":"https:\/\/ekkla.ch\/de\/produit\/outdoor-sessel-mit-armlehnen-sc101-stahl-bronzegrun-tradition-copie\/#primaryimage"},"image":{"@id":"https:\/\/ekkla.ch\/de\/produit\/outdoor-sessel-mit-armlehnen-sc101-stahl-bronzegrun-tradition-copie\/#primaryimage"},"thumbnailUrl":"https:\/\/ekkla.ch\/wp-content\/uploads\/2024\/05\/ekkla-light-meubles-luminaires_0061_Thorvald-SC101_Ivory.jpg","datePublished":"2024-05-10T17:07:02+00:00","dateModified":"2024-05-10T17:11:01+00:00","description":"Der Thorvald SC101 Stuhl bietet au\u00dfergew\u00f6hnlichen Komfort und eine bemerkenswerte Haltbarkeit und fesselt die Blicke mit seinem klaren Design.","breadcrumb":{"@id":"https:\/\/ekkla.ch\/de\/produit\/outdoor-sessel-mit-armlehnen-sc101-stahl-bronzegrun-tradition-copie\/#breadcrumb"},"inLanguage":"de","potentialAction":[{"@type":"ReadAction","target":["https:\/\/ekkla.ch\/de\/produit\/outdoor-sessel-mit-armlehnen-sc101-stahl-bronzegrun-tradition-copie\/"]}]},{"@type":"ImageObject","inLanguage":"de","@id":"https:\/\/ekkla.ch\/de\/produit\/outdoor-sessel-mit-armlehnen-sc101-stahl-bronzegrun-tradition-copie\/#primaryimage","url":"https:\/\/ekkla.ch\/wp-content\/uploads\/2024\/05\/ekkla-light-meubles-luminaires_0061_Thorvald-SC101_Ivory.jpg","contentUrl":"https:\/\/ekkla.ch\/wp-content\/uploads\/2024\/05\/ekkla-light-meubles-luminaires_0061_Thorvald-SC101_Ivory.jpg","width":1000,"height":1000},{"@type":"BreadcrumbList","@id":"https:\/\/ekkla.ch\/de\/produit\/outdoor-sessel-mit-armlehnen-sc101-stahl-bronzegrun-tradition-copie\/#breadcrumb","itemListElement":[{"@type":"ListItem","position":1,"name":"Home","item":"https:\/\/ekkla.ch\/de\/"},{"@type":"ListItem","position":2,"name":"Shop","item":"https:\/\/ekkla.ch\/de\/shop\/"},{"@type":"ListItem","position":3,"name":"Outdoor Sessel mit Armlehnen SC101 &#8211; Elfenbeinfarbener Stahl &#8211; &amp;Tradition"}]},{"@type":"WebSite","@id":"https:\/\/ekkla.ch\/#website","url":"https:\/\/ekkla.ch\/","name":"Ekkla","description":"Der Onlineshop f\u00fcr Beleuchtung","publisher":{"@id":"https:\/\/ekkla.ch\/#organization"},"potentialAction":[{"@type":"SearchAction","target":{"@type":"EntryPoint","urlTemplate":"https:\/\/ekkla.ch\/?s={search_term_string}"},"query-input":"required name=search_term_string"}],"inLanguage":"de"},{"@type":"Organization","@id":"https:\/\/ekkla.ch\/#organization","name":"Ekkla","url":"https:\/\/ekkla.ch\/","logo":{"@type":"ImageObject","inLanguage":"de","@id":"https:\/\/ekkla.ch\/#\/schema\/logo\/image\/","url":"http:\/\/ekkla.ch\/wp-content\/uploads\/2019\/07\/logo-1.svg","contentUrl":"http:\/\/ekkla.ch\/wp-content\/uploads\/2019\/07\/logo-1.svg","width":1,"height":1,"caption":"Ekkla"},"image":{"@id":"https:\/\/ekkla.ch\/#\/schema\/logo\/image\/"},"sameAs":["https:\/\/www.instagram.com\/ekkla_light\/"]}]}},"_links":{"self":[{"href":"https:\/\/ekkla.ch\/de\/wp-json\/wp\/v2\/product\/191616"}],"collection":[{"href":"https:\/\/ekkla.ch\/de\/wp-json\/wp\/v2\/product"}],"about":[{"href":"https:\/\/ekkla.ch\/de\/wp-json\/wp\/v2\/types\/product"}],"wp:featuredmedia":[{"embeddable":true,"href":"https:\/\/ekkla.ch\/de\/wp-json\/wp\/v2\/media\/192029"}],"wp:attachment":[{"href":"https:\/\/ekkla.ch\/de\/wp-json\/wp\/v2\/media?parent=191616"}],"wp:term":[{"taxonomy":"product_cat","embeddable":true,"href":"https:\/\/ekkla.ch\/de\/wp-json\/wp\/v2\/product_cat?post=191616"},{"taxonomy":"product_tag","embeddable":true,"href":"https:\/\/ekkla.ch\/de\/wp-json\/wp\/v2\/product_tag?post=191616"}],"curies":[{"name":"wp","href":"https:\/\/api.w.org\/{rel}","templated":true}]}}