{"id":191643,"date":"2024-05-11T17:51:16","date_gmt":"2024-05-11T15:51:17","guid":{"rendered":"https:\/\/ekkla.ch\/?post_type=product&#038;p=191643"},"modified":"2024-05-11T17:56:54","modified_gmt":"2024-05-11T15:56:54","slug":"sitzkissen-fur-sessel-sc101-thorvald-papyrus-tradition-copie","status":"publish","type":"product","link":"https:\/\/ekkla.ch\/de\/produit\/sitzkissen-fur-sessel-sc101-thorvald-papyrus-tradition-copie\/","title":{"rendered":"Sitzkissen f\u00fcr Sessel SC101 Thorvald &#8211; Bora &#8211; &amp;Tradition (Copie)"},"content":{"rendered":"<p>Die neuen Sitzkissen f\u00fcr den Sessel SC101 Thorvald verk\u00f6rpern Eleganz und Komfort in ihrer raffiniertesten Form. Als Teil der prestigetr\u00e4chtigen And Tradition-Kollektion setzen diese Accessoires einen neuen Standard f\u00fcr Luxus in Ihrem Wohnbereich. Die mit un\u00fcbertroffener Liebe zum Detail gefertigten Kissen sind in zwei hochwertigen Stoffoptionen erh\u00e4ltlich: Marquetry Bora, das nach OEKO Tex\u00ae 100 und Greenguard Gold zertifiziert ist, sowie Heritage Papyrus, das zu 50 % aus recyceltem Material besteht und das Engagement f\u00fcr Nachhaltigkeit unterstreicht. Diese Kissen bieten nicht nur zus\u00e4tzlichen Komfort f\u00fcr die Thorvald SC101 St\u00fchle, sondern auch eine einzigartige M\u00f6glichkeit zur individuellen Gestaltung. W\u00e4hlen Sie aus einer Auswahl an Farben, die mit dem Originalfarbton des Stuhls \u00fcbereinstimmen oder einen Kontrast dazu bilden, um eine unverwechselbare Atmosph\u00e4re in Ihrem Esszimmer zu schaffen. Die Thorvald SC101 Sessel-Sitzkissen: eine harmonische Verschmelzung von Luxus und Funktionalit\u00e4t f\u00fcr Ihr Zuhause.<\/p>\n<p>Der 2010 in D\u00e4nemark gegr\u00fcndete Verlag &amp;Tradition entstand aus dem Wunsch heraus, zeitlose und signierte Leuchten neu aufzulegen. Sie mischt Tradition und Innovation gekonnt und respektiert dabei die Materialien und die nordische Handwerkskunst.<\/p>\n<p><strong>Eigenschaften<\/strong><\/p>\n<p><strong>Marke<\/strong> &amp;Tradition<\/p>\n<p><strong>Farben<\/strong>\u00a0Bora<\/p>\n<p><strong>Material<\/strong> Wasser- und fleckenabweisender Stoff aus 100% Acryl<\/p>\n<p><strong>H\u00f6he (cm)<\/strong>\u00a03<\/p>\n<p><strong>Breite (cm)<\/strong>\u00a053<\/p>\n<p><strong>Tiefe (cm)<\/strong>\u00a097<\/p>\n<p><strong>Gewicht (kg)<\/strong>\u00a00.7<\/p>\n<p>&nbsp;<\/p>\n","protected":false},"excerpt":{"rendered":"<p>Die neuen Sitzkissen f\u00fcr den Sessel SC101 Thorvald verk\u00f6rpern Eleganz und Komfort in ihrer raffiniertesten Form. Als Teil der prestigetr\u00e4chtigen And Tradition-Kollektion setzen diese Accessoires einen neuen Standard f\u00fcr Luxus in Ihrem Wohnbereich. Die mit un\u00fcbertroffener Liebe zum Detail gefertigten Kissen sind in zwei hochwertigen Stoffoptionen erh\u00e4ltlich: Marquetry Bora, das nach OEKO Tex\u00ae 100 und [&hellip;]<\/p>\n","protected":false},"featured_media":192051,"template":"","meta":{"_acf_changed":false,"om_disable_all_campaigns":false},"product_cat":[972,997,1085],"product_tag":[846,1254,896,1188,1265,801,1022,816],"bundled_by":[],"bundle_stock_status":"onbackorder","bundle_stock_quantity":null,"bundle_virtual":false,"bundle_layout":"","bundle_add_to_cart_form_location":"","bundle_editable_in_cart":false,"bundle_sold_individually_context":"","bundle_item_grouping":"","bundle_min_size":"","bundle_max_size":"","bundle_price":[],"bundled_items":[],"bundle_sell_ids":[],"acf":[],"yoast_head":"<!-- This site is optimized with the Yoast SEO Premium plugin v22.2 (Yoast SEO v22.8) - https:\/\/yoast.com\/wordpress\/plugins\/seo\/ -->\n<title>Sitzkissen f\u00fcr Sessel SC101 Thorvald | &amp;Tradition<\/title>\n<meta name=\"description\" content=\"Die neuen Thorvald SC101 Sessel-Sitzkissen verk\u00f6rpern Eleganz und Komfort in ihrer raffiniertesten Form.\" \/>\n<meta name=\"robots\" content=\"index, follow, max-snippet:-1, max-image-preview:large, max-video-preview:-1\" \/>\n<link rel=\"canonical\" href=\"https:\/\/ekkla.ch\/de\/produit\/sitzkissen-fur-sessel-sc101-thorvald-papyrus-tradition-copie\/\" \/>\n<meta property=\"og:locale\" content=\"de_DE\" \/>\n<meta property=\"og:type\" content=\"article\" \/>\n<meta property=\"og:title\" content=\"Sitzkissen f\u00fcr Sessel SC101 Thorvald - Bora - &amp;Tradition (Copie)\" \/>\n<meta property=\"og:description\" content=\"Die neuen Thorvald SC101 Sessel-Sitzkissen verk\u00f6rpern Eleganz und Komfort in ihrer raffiniertesten Form.\" \/>\n<meta property=\"og:url\" content=\"https:\/\/ekkla.ch\/de\/produit\/sitzkissen-fur-sessel-sc101-thorvald-papyrus-tradition-copie\/\" \/>\n<meta property=\"og:site_name\" content=\"Ekkla\" \/>\n<meta property=\"article:modified_time\" content=\"2024-05-11T15:56:54+00:00\" \/>\n<meta name=\"twitter:card\" content=\"summary_large_image\" \/>\n<meta name=\"twitter:label1\" content=\"Gesch\u00e4tzte Lesezeit\" \/>\n\t<meta name=\"twitter:data1\" content=\"1\u00a0Minute\" \/>\n<script type=\"application\/ld+json\" class=\"yoast-schema-graph\">{\"@context\":\"https:\/\/schema.org\",\"@graph\":[{\"@type\":\"WebPage\",\"@id\":\"https:\/\/ekkla.ch\/de\/produit\/sitzkissen-fur-sessel-sc101-thorvald-papyrus-tradition-copie\/\",\"url\":\"https:\/\/ekkla.ch\/de\/produit\/sitzkissen-fur-sessel-sc101-thorvald-papyrus-tradition-copie\/\",\"name\":\"Sitzkissen f\u00fcr Sessel SC101 Thorvald | &Tradition\",\"isPartOf\":{\"@id\":\"https:\/\/ekkla.ch\/#website\"},\"primaryImageOfPage\":{\"@id\":\"https:\/\/ekkla.ch\/de\/produit\/sitzkissen-fur-sessel-sc101-thorvald-papyrus-tradition-copie\/#primaryimage\"},\"image\":{\"@id\":\"https:\/\/ekkla.ch\/de\/produit\/sitzkissen-fur-sessel-sc101-thorvald-papyrus-tradition-copie\/#primaryimage\"},\"thumbnailUrl\":\"https:\/\/ekkla.ch\/wp-content\/uploads\/2024\/05\/ekkla-light-meubles-luminaires_0072_Thorvald-Cushion-SC100_SC101_-Marquetry-Bora-1.jpg\",\"datePublished\":\"2024-05-11T15:51:17+00:00\",\"dateModified\":\"2024-05-11T15:56:54+00:00\",\"description\":\"Die neuen Thorvald SC101 Sessel-Sitzkissen verk\u00f6rpern Eleganz und Komfort in ihrer raffiniertesten Form.\",\"breadcrumb\":{\"@id\":\"https:\/\/ekkla.ch\/de\/produit\/sitzkissen-fur-sessel-sc101-thorvald-papyrus-tradition-copie\/#breadcrumb\"},\"inLanguage\":\"de\",\"potentialAction\":[{\"@type\":\"ReadAction\",\"target\":[\"https:\/\/ekkla.ch\/de\/produit\/sitzkissen-fur-sessel-sc101-thorvald-papyrus-tradition-copie\/\"]}]},{\"@type\":\"ImageObject\",\"inLanguage\":\"de\",\"@id\":\"https:\/\/ekkla.ch\/de\/produit\/sitzkissen-fur-sessel-sc101-thorvald-papyrus-tradition-copie\/#primaryimage\",\"url\":\"https:\/\/ekkla.ch\/wp-content\/uploads\/2024\/05\/ekkla-light-meubles-luminaires_0072_Thorvald-Cushion-SC100_SC101_-Marquetry-Bora-1.jpg\",\"contentUrl\":\"https:\/\/ekkla.ch\/wp-content\/uploads\/2024\/05\/ekkla-light-meubles-luminaires_0072_Thorvald-Cushion-SC100_SC101_-Marquetry-Bora-1.jpg\",\"width\":1000,\"height\":1000},{\"@type\":\"BreadcrumbList\",\"@id\":\"https:\/\/ekkla.ch\/de\/produit\/sitzkissen-fur-sessel-sc101-thorvald-papyrus-tradition-copie\/#breadcrumb\",\"itemListElement\":[{\"@type\":\"ListItem\",\"position\":1,\"name\":\"Home\",\"item\":\"https:\/\/ekkla.ch\/de\/\"},{\"@type\":\"ListItem\",\"position\":2,\"name\":\"Shop\",\"item\":\"https:\/\/ekkla.ch\/de\/shop\/\"},{\"@type\":\"ListItem\",\"position\":3,\"name\":\"Sitzkissen f\u00fcr Sessel SC101 Thorvald &#8211; Bora &#8211; &amp;Tradition (Copie)\"}]},{\"@type\":\"WebSite\",\"@id\":\"https:\/\/ekkla.ch\/#website\",\"url\":\"https:\/\/ekkla.ch\/\",\"name\":\"Ekkla\",\"description\":\"Der Onlineshop f\u00fcr Beleuchtung\",\"publisher\":{\"@id\":\"https:\/\/ekkla.ch\/#organization\"},\"potentialAction\":[{\"@type\":\"SearchAction\",\"target\":{\"@type\":\"EntryPoint\",\"urlTemplate\":\"https:\/\/ekkla.ch\/?s={search_term_string}\"},\"query-input\":\"required name=search_term_string\"}],\"inLanguage\":\"de\"},{\"@type\":\"Organization\",\"@id\":\"https:\/\/ekkla.ch\/#organization\",\"name\":\"Ekkla\",\"url\":\"https:\/\/ekkla.ch\/\",\"logo\":{\"@type\":\"ImageObject\",\"inLanguage\":\"de\",\"@id\":\"https:\/\/ekkla.ch\/#\/schema\/logo\/image\/\",\"url\":\"http:\/\/ekkla.ch\/wp-content\/uploads\/2019\/07\/logo-1.svg\",\"contentUrl\":\"http:\/\/ekkla.ch\/wp-content\/uploads\/2019\/07\/logo-1.svg\",\"width\":1,\"height\":1,\"caption\":\"Ekkla\"},\"image\":{\"@id\":\"https:\/\/ekkla.ch\/#\/schema\/logo\/image\/\"},\"sameAs\":[\"https:\/\/www.instagram.com\/ekkla_light\/\"]}]}<\/script>\n<!-- \/ Yoast SEO Premium plugin. -->","yoast_head_json":{"title":"Sitzkissen f\u00fcr Sessel SC101 Thorvald | &Tradition","description":"Die neuen Thorvald SC101 Sessel-Sitzkissen verk\u00f6rpern Eleganz und Komfort in ihrer raffiniertesten Form.","robots":{"index":"index","follow":"follow","max-snippet":"max-snippet:-1","max-image-preview":"max-image-preview:large","max-video-preview":"max-video-preview:-1"},"canonical":"https:\/\/ekkla.ch\/de\/produit\/sitzkissen-fur-sessel-sc101-thorvald-papyrus-tradition-copie\/","og_locale":"de_DE","og_type":"article","og_title":"Sitzkissen f\u00fcr Sessel SC101 Thorvald - Bora - &amp;Tradition (Copie)","og_description":"Die neuen Thorvald SC101 Sessel-Sitzkissen verk\u00f6rpern Eleganz und Komfort in ihrer raffiniertesten Form.","og_url":"https:\/\/ekkla.ch\/de\/produit\/sitzkissen-fur-sessel-sc101-thorvald-papyrus-tradition-copie\/","og_site_name":"Ekkla","article_modified_time":"2024-05-11T15:56:54+00:00","twitter_card":"summary_large_image","twitter_misc":{"Gesch\u00e4tzte Lesezeit":"1\u00a0Minute"},"schema":{"@context":"https:\/\/schema.org","@graph":[{"@type":"WebPage","@id":"https:\/\/ekkla.ch\/de\/produit\/sitzkissen-fur-sessel-sc101-thorvald-papyrus-tradition-copie\/","url":"https:\/\/ekkla.ch\/de\/produit\/sitzkissen-fur-sessel-sc101-thorvald-papyrus-tradition-copie\/","name":"Sitzkissen f\u00fcr Sessel SC101 Thorvald | &Tradition","isPartOf":{"@id":"https:\/\/ekkla.ch\/#website"},"primaryImageOfPage":{"@id":"https:\/\/ekkla.ch\/de\/produit\/sitzkissen-fur-sessel-sc101-thorvald-papyrus-tradition-copie\/#primaryimage"},"image":{"@id":"https:\/\/ekkla.ch\/de\/produit\/sitzkissen-fur-sessel-sc101-thorvald-papyrus-tradition-copie\/#primaryimage"},"thumbnailUrl":"https:\/\/ekkla.ch\/wp-content\/uploads\/2024\/05\/ekkla-light-meubles-luminaires_0072_Thorvald-Cushion-SC100_SC101_-Marquetry-Bora-1.jpg","datePublished":"2024-05-11T15:51:17+00:00","dateModified":"2024-05-11T15:56:54+00:00","description":"Die neuen Thorvald SC101 Sessel-Sitzkissen verk\u00f6rpern Eleganz und Komfort in ihrer raffiniertesten Form.","breadcrumb":{"@id":"https:\/\/ekkla.ch\/de\/produit\/sitzkissen-fur-sessel-sc101-thorvald-papyrus-tradition-copie\/#breadcrumb"},"inLanguage":"de","potentialAction":[{"@type":"ReadAction","target":["https:\/\/ekkla.ch\/de\/produit\/sitzkissen-fur-sessel-sc101-thorvald-papyrus-tradition-copie\/"]}]},{"@type":"ImageObject","inLanguage":"de","@id":"https:\/\/ekkla.ch\/de\/produit\/sitzkissen-fur-sessel-sc101-thorvald-papyrus-tradition-copie\/#primaryimage","url":"https:\/\/ekkla.ch\/wp-content\/uploads\/2024\/05\/ekkla-light-meubles-luminaires_0072_Thorvald-Cushion-SC100_SC101_-Marquetry-Bora-1.jpg","contentUrl":"https:\/\/ekkla.ch\/wp-content\/uploads\/2024\/05\/ekkla-light-meubles-luminaires_0072_Thorvald-Cushion-SC100_SC101_-Marquetry-Bora-1.jpg","width":1000,"height":1000},{"@type":"BreadcrumbList","@id":"https:\/\/ekkla.ch\/de\/produit\/sitzkissen-fur-sessel-sc101-thorvald-papyrus-tradition-copie\/#breadcrumb","itemListElement":[{"@type":"ListItem","position":1,"name":"Home","item":"https:\/\/ekkla.ch\/de\/"},{"@type":"ListItem","position":2,"name":"Shop","item":"https:\/\/ekkla.ch\/de\/shop\/"},{"@type":"ListItem","position":3,"name":"Sitzkissen f\u00fcr Sessel SC101 Thorvald &#8211; Bora &#8211; &amp;Tradition (Copie)"}]},{"@type":"WebSite","@id":"https:\/\/ekkla.ch\/#website","url":"https:\/\/ekkla.ch\/","name":"Ekkla","description":"Der Onlineshop f\u00fcr Beleuchtung","publisher":{"@id":"https:\/\/ekkla.ch\/#organization"},"potentialAction":[{"@type":"SearchAction","target":{"@type":"EntryPoint","urlTemplate":"https:\/\/ekkla.ch\/?s={search_term_string}"},"query-input":"required name=search_term_string"}],"inLanguage":"de"},{"@type":"Organization","@id":"https:\/\/ekkla.ch\/#organization","name":"Ekkla","url":"https:\/\/ekkla.ch\/","logo":{"@type":"ImageObject","inLanguage":"de","@id":"https:\/\/ekkla.ch\/#\/schema\/logo\/image\/","url":"http:\/\/ekkla.ch\/wp-content\/uploads\/2019\/07\/logo-1.svg","contentUrl":"http:\/\/ekkla.ch\/wp-content\/uploads\/2019\/07\/logo-1.svg","width":1,"height":1,"caption":"Ekkla"},"image":{"@id":"https:\/\/ekkla.ch\/#\/schema\/logo\/image\/"},"sameAs":["https:\/\/www.instagram.com\/ekkla_light\/"]}]}},"_links":{"self":[{"href":"https:\/\/ekkla.ch\/de\/wp-json\/wp\/v2\/product\/191643"}],"collection":[{"href":"https:\/\/ekkla.ch\/de\/wp-json\/wp\/v2\/product"}],"about":[{"href":"https:\/\/ekkla.ch\/de\/wp-json\/wp\/v2\/types\/product"}],"wp:featuredmedia":[{"embeddable":true,"href":"https:\/\/ekkla.ch\/de\/wp-json\/wp\/v2\/media\/192051"}],"wp:attachment":[{"href":"https:\/\/ekkla.ch\/de\/wp-json\/wp\/v2\/media?parent=191643"}],"wp:term":[{"taxonomy":"product_cat","embeddable":true,"href":"https:\/\/ekkla.ch\/de\/wp-json\/wp\/v2\/product_cat?post=191643"},{"taxonomy":"product_tag","embeddable":true,"href":"https:\/\/ekkla.ch\/de\/wp-json\/wp\/v2\/product_tag?post=191643"}],"curies":[{"name":"wp","href":"https:\/\/api.w.org\/{rel}","templated":true}]}}