{"id":191655,"date":"2024-05-11T22:08:20","date_gmt":"2024-05-11T20:08:21","guid":{"rendered":"https:\/\/ekkla.ch\/?post_type=product&#038;p=191655"},"modified":"2024-05-11T22:12:18","modified_gmt":"2024-05-11T20:12:18","slug":"stuhl-rely-hw6-sandfarbene-kunststoffschale-und-bronzefarbene-beine-tradition-copie","status":"publish","type":"product","link":"https:\/\/ekkla.ch\/de\/produit\/stuhl-rely-hw6-sandfarbene-kunststoffschale-und-bronzefarbene-beine-tradition-copie\/","title":{"rendered":"Stuhl Rely HW6 &#8211; Dunkelrote Kunststoffschale und bronzefarbene Beine &#8211; &amp;Tradition"},"content":{"rendered":"<p>Der Stuhl Rely HW6 verk\u00f6rpert die perfekte Kombination aus zeitgen\u00f6ssischem Design und \u00f6kologischer Nachhaltigkeit. Die aus recyceltem Kunststoff hergestellte Sitzschale aus recyceltem Polypropylen und Glasfaser ist strapazierf\u00e4hig und bequem, w\u00e4hrend die Stahlbeine den Retro-Charme der 50er Jahre verspr\u00fchen. Dieser vielseitige und zeitlose Stuhl f\u00fcgt sich harmonisch in verschiedene R\u00e4ume ein, von zu Hause bis hin zu gewerblichen Umgebungen, und bietet dank seines ergonomischen Designs eine optimale Unterst\u00fctzung f\u00fcr den R\u00fccken.<\/p>\n<p>Der von der Designerin Hee Welling f\u00fcr And Tradition entworfene Stuhl Rely HW6 verk\u00f6rpert das Engagement f\u00fcr Nachhaltigkeit mit einem kreativen Recyclingprozess von postindustriellen Abf\u00e4llen. Sein durchdachtes, detailbetontes Design sorgt f\u00fcr ein harmonisches Gleichgewicht zwischen Form und Funktion, w\u00e4hrend seine Konstruktion vereinfachte Reparaturen erm\u00f6glicht, um die Lebensdauer des Stuhls zu verl\u00e4ngern. Der Rely HW6 Stuhl ist auch als gepolsterte Version in einer Vielzahl von Stoffen erh\u00e4ltlich und bietet ultimative Individualit\u00e4t, w\u00e4hrend er seinen \u00f6kologischen und \u00e4sthetischen Werten treu bleibt.<\/p>\n<p>Der 2010 in D\u00e4nemark gegr\u00fcndete Verlag &amp;Tradition entstand aus dem Wunsch heraus, zeitlose und signierte Leuchten neu aufzulegen. Sie mischt Tradition und Innovation gekonnt und respektiert dabei die Materialien und die nordische Handwerkskunst.<\/p>\n<p><strong>Eigenschaften<\/strong><\/p>\n<p><strong>Marke<\/strong> &amp;Tradition<\/p>\n<p><strong>Farben<\/strong>\u00a0Rot und Bronze<\/p>\n<p><strong>Material<\/strong> Recyceltes Polypropylen, Sitz aus HR-Schaum mit Stoff- oder Lederbezug, Stahluntergestell<\/p>\n<p><strong>H\u00f6he (cm)<\/strong>\u00a082<\/p>\n<p><strong>Breite (cm)<\/strong>\u00a047<\/p>\n<p><strong>Tiefe (cm)<\/strong>\u00a055<\/p>\n<p><strong>Gewicht (kg)<\/strong>\u00a05.2<\/p>\n<p>&nbsp;<\/p>\n","protected":false},"excerpt":{"rendered":"<p>Der Stuhl Rely HW6 verk\u00f6rpert die perfekte Kombination aus zeitgen\u00f6ssischem Design und \u00f6kologischer Nachhaltigkeit. Die aus recyceltem Kunststoff hergestellte Sitzschale aus recyceltem Polypropylen und Glasfaser ist strapazierf\u00e4hig und bequem, w\u00e4hrend die Stahlbeine den Retro-Charme der 50er Jahre verspr\u00fchen. Dieser vielseitige und zeitlose Stuhl f\u00fcgt sich harmonisch in verschiedene R\u00e4ume ein, von zu Hause bis hin [&hellip;]<\/p>\n","protected":false},"featured_media":192067,"template":"","meta":{"_acf_changed":false,"om_disable_all_campaigns":false},"product_cat":[964,968],"product_tag":[846,1254,896,1188,1265,801,816],"bundled_by":[],"bundle_stock_status":"onbackorder","bundle_stock_quantity":null,"bundle_virtual":false,"bundle_layout":"","bundle_add_to_cart_form_location":"","bundle_editable_in_cart":false,"bundle_sold_individually_context":"","bundle_item_grouping":"","bundle_min_size":"","bundle_max_size":"","bundle_price":[],"bundled_items":[],"bundle_sell_ids":[],"acf":[],"yoast_head":"<!-- This site is optimized with the Yoast SEO Premium plugin v22.2 (Yoast SEO v22.8) - https:\/\/yoast.com\/wordpress\/plugins\/seo\/ -->\n<title>Stuhl Rely HW6 | Dunkelrote Sitzschale und bronzefarbene Beine | &amp;Tradition<\/title>\n<meta name=\"description\" content=\"Der von der Designerin Hee Welling entworfene Stuhl Rely HW6 verk\u00f6rpert die perfekte Verbindung von zeitgen\u00f6ssischem Design und \u00f6kologischer Nachhaltigkeit.\" \/>\n<meta name=\"robots\" content=\"index, follow, max-snippet:-1, max-image-preview:large, max-video-preview:-1\" \/>\n<link rel=\"canonical\" href=\"https:\/\/ekkla.ch\/de\/produit\/stuhl-rely-hw6-sandfarbene-kunststoffschale-und-bronzefarbene-beine-tradition-copie\/\" \/>\n<meta property=\"og:locale\" content=\"de_DE\" \/>\n<meta property=\"og:type\" content=\"article\" \/>\n<meta property=\"og:title\" content=\"Stuhl Rely HW6 - Dunkelrote Kunststoffschale und bronzefarbene Beine - &amp;Tradition\" \/>\n<meta property=\"og:description\" content=\"Der von der Designerin Hee Welling entworfene Stuhl Rely HW6 verk\u00f6rpert die perfekte Verbindung von zeitgen\u00f6ssischem Design und \u00f6kologischer Nachhaltigkeit.\" \/>\n<meta property=\"og:url\" content=\"https:\/\/ekkla.ch\/de\/produit\/stuhl-rely-hw6-sandfarbene-kunststoffschale-und-bronzefarbene-beine-tradition-copie\/\" \/>\n<meta property=\"og:site_name\" content=\"Ekkla\" \/>\n<meta property=\"article:modified_time\" content=\"2024-05-11T20:12:18+00:00\" \/>\n<meta name=\"twitter:card\" content=\"summary_large_image\" \/>\n<meta name=\"twitter:label1\" content=\"Gesch\u00e4tzte Lesezeit\" \/>\n\t<meta name=\"twitter:data1\" content=\"1\u00a0Minute\" \/>\n<script type=\"application\/ld+json\" class=\"yoast-schema-graph\">{\"@context\":\"https:\/\/schema.org\",\"@graph\":[{\"@type\":\"WebPage\",\"@id\":\"https:\/\/ekkla.ch\/de\/produit\/stuhl-rely-hw6-sandfarbene-kunststoffschale-und-bronzefarbene-beine-tradition-copie\/\",\"url\":\"https:\/\/ekkla.ch\/de\/produit\/stuhl-rely-hw6-sandfarbene-kunststoffschale-und-bronzefarbene-beine-tradition-copie\/\",\"name\":\"Stuhl Rely HW6 | Dunkelrote Sitzschale und bronzefarbene Beine | &Tradition\",\"isPartOf\":{\"@id\":\"https:\/\/ekkla.ch\/#website\"},\"primaryImageOfPage\":{\"@id\":\"https:\/\/ekkla.ch\/de\/produit\/stuhl-rely-hw6-sandfarbene-kunststoffschale-und-bronzefarbene-beine-tradition-copie\/#primaryimage\"},\"image\":{\"@id\":\"https:\/\/ekkla.ch\/de\/produit\/stuhl-rely-hw6-sandfarbene-kunststoffschale-und-bronzefarbene-beine-tradition-copie\/#primaryimage\"},\"thumbnailUrl\":\"https:\/\/ekkla.ch\/wp-content\/uploads\/2024\/05\/ekkla-light-meubles-luminaires_0080_Chaise_rely_hw6_rouge_bronze.jpg\",\"datePublished\":\"2024-05-11T20:08:21+00:00\",\"dateModified\":\"2024-05-11T20:12:18+00:00\",\"description\":\"Der von der Designerin Hee Welling entworfene Stuhl Rely HW6 verk\u00f6rpert die perfekte Verbindung von zeitgen\u00f6ssischem Design und \u00f6kologischer Nachhaltigkeit.\",\"breadcrumb\":{\"@id\":\"https:\/\/ekkla.ch\/de\/produit\/stuhl-rely-hw6-sandfarbene-kunststoffschale-und-bronzefarbene-beine-tradition-copie\/#breadcrumb\"},\"inLanguage\":\"de\",\"potentialAction\":[{\"@type\":\"ReadAction\",\"target\":[\"https:\/\/ekkla.ch\/de\/produit\/stuhl-rely-hw6-sandfarbene-kunststoffschale-und-bronzefarbene-beine-tradition-copie\/\"]}]},{\"@type\":\"ImageObject\",\"inLanguage\":\"de\",\"@id\":\"https:\/\/ekkla.ch\/de\/produit\/stuhl-rely-hw6-sandfarbene-kunststoffschale-und-bronzefarbene-beine-tradition-copie\/#primaryimage\",\"url\":\"https:\/\/ekkla.ch\/wp-content\/uploads\/2024\/05\/ekkla-light-meubles-luminaires_0080_Chaise_rely_hw6_rouge_bronze.jpg\",\"contentUrl\":\"https:\/\/ekkla.ch\/wp-content\/uploads\/2024\/05\/ekkla-light-meubles-luminaires_0080_Chaise_rely_hw6_rouge_bronze.jpg\",\"width\":1000,\"height\":1000},{\"@type\":\"BreadcrumbList\",\"@id\":\"https:\/\/ekkla.ch\/de\/produit\/stuhl-rely-hw6-sandfarbene-kunststoffschale-und-bronzefarbene-beine-tradition-copie\/#breadcrumb\",\"itemListElement\":[{\"@type\":\"ListItem\",\"position\":1,\"name\":\"Home\",\"item\":\"https:\/\/ekkla.ch\/de\/\"},{\"@type\":\"ListItem\",\"position\":2,\"name\":\"Shop\",\"item\":\"https:\/\/ekkla.ch\/de\/shop\/\"},{\"@type\":\"ListItem\",\"position\":3,\"name\":\"Stuhl Rely HW6 &#8211; Dunkelrote Kunststoffschale und bronzefarbene Beine &#8211; &amp;Tradition\"}]},{\"@type\":\"WebSite\",\"@id\":\"https:\/\/ekkla.ch\/#website\",\"url\":\"https:\/\/ekkla.ch\/\",\"name\":\"Ekkla\",\"description\":\"Der Onlineshop f\u00fcr Beleuchtung\",\"publisher\":{\"@id\":\"https:\/\/ekkla.ch\/#organization\"},\"potentialAction\":[{\"@type\":\"SearchAction\",\"target\":{\"@type\":\"EntryPoint\",\"urlTemplate\":\"https:\/\/ekkla.ch\/?s={search_term_string}\"},\"query-input\":\"required name=search_term_string\"}],\"inLanguage\":\"de\"},{\"@type\":\"Organization\",\"@id\":\"https:\/\/ekkla.ch\/#organization\",\"name\":\"Ekkla\",\"url\":\"https:\/\/ekkla.ch\/\",\"logo\":{\"@type\":\"ImageObject\",\"inLanguage\":\"de\",\"@id\":\"https:\/\/ekkla.ch\/#\/schema\/logo\/image\/\",\"url\":\"http:\/\/ekkla.ch\/wp-content\/uploads\/2019\/07\/logo-1.svg\",\"contentUrl\":\"http:\/\/ekkla.ch\/wp-content\/uploads\/2019\/07\/logo-1.svg\",\"width\":1,\"height\":1,\"caption\":\"Ekkla\"},\"image\":{\"@id\":\"https:\/\/ekkla.ch\/#\/schema\/logo\/image\/\"},\"sameAs\":[\"https:\/\/www.instagram.com\/ekkla_light\/\"]}]}<\/script>\n<!-- \/ Yoast SEO Premium plugin. -->","yoast_head_json":{"title":"Stuhl Rely HW6 | Dunkelrote Sitzschale und bronzefarbene Beine | &Tradition","description":"Der von der Designerin Hee Welling entworfene Stuhl Rely HW6 verk\u00f6rpert die perfekte Verbindung von zeitgen\u00f6ssischem Design und \u00f6kologischer Nachhaltigkeit.","robots":{"index":"index","follow":"follow","max-snippet":"max-snippet:-1","max-image-preview":"max-image-preview:large","max-video-preview":"max-video-preview:-1"},"canonical":"https:\/\/ekkla.ch\/de\/produit\/stuhl-rely-hw6-sandfarbene-kunststoffschale-und-bronzefarbene-beine-tradition-copie\/","og_locale":"de_DE","og_type":"article","og_title":"Stuhl Rely HW6 - Dunkelrote Kunststoffschale und bronzefarbene Beine - &amp;Tradition","og_description":"Der von der Designerin Hee Welling entworfene Stuhl Rely HW6 verk\u00f6rpert die perfekte Verbindung von zeitgen\u00f6ssischem Design und \u00f6kologischer Nachhaltigkeit.","og_url":"https:\/\/ekkla.ch\/de\/produit\/stuhl-rely-hw6-sandfarbene-kunststoffschale-und-bronzefarbene-beine-tradition-copie\/","og_site_name":"Ekkla","article_modified_time":"2024-05-11T20:12:18+00:00","twitter_card":"summary_large_image","twitter_misc":{"Gesch\u00e4tzte Lesezeit":"1\u00a0Minute"},"schema":{"@context":"https:\/\/schema.org","@graph":[{"@type":"WebPage","@id":"https:\/\/ekkla.ch\/de\/produit\/stuhl-rely-hw6-sandfarbene-kunststoffschale-und-bronzefarbene-beine-tradition-copie\/","url":"https:\/\/ekkla.ch\/de\/produit\/stuhl-rely-hw6-sandfarbene-kunststoffschale-und-bronzefarbene-beine-tradition-copie\/","name":"Stuhl Rely HW6 | Dunkelrote Sitzschale und bronzefarbene Beine | &Tradition","isPartOf":{"@id":"https:\/\/ekkla.ch\/#website"},"primaryImageOfPage":{"@id":"https:\/\/ekkla.ch\/de\/produit\/stuhl-rely-hw6-sandfarbene-kunststoffschale-und-bronzefarbene-beine-tradition-copie\/#primaryimage"},"image":{"@id":"https:\/\/ekkla.ch\/de\/produit\/stuhl-rely-hw6-sandfarbene-kunststoffschale-und-bronzefarbene-beine-tradition-copie\/#primaryimage"},"thumbnailUrl":"https:\/\/ekkla.ch\/wp-content\/uploads\/2024\/05\/ekkla-light-meubles-luminaires_0080_Chaise_rely_hw6_rouge_bronze.jpg","datePublished":"2024-05-11T20:08:21+00:00","dateModified":"2024-05-11T20:12:18+00:00","description":"Der von der Designerin Hee Welling entworfene Stuhl Rely HW6 verk\u00f6rpert die perfekte Verbindung von zeitgen\u00f6ssischem Design und \u00f6kologischer Nachhaltigkeit.","breadcrumb":{"@id":"https:\/\/ekkla.ch\/de\/produit\/stuhl-rely-hw6-sandfarbene-kunststoffschale-und-bronzefarbene-beine-tradition-copie\/#breadcrumb"},"inLanguage":"de","potentialAction":[{"@type":"ReadAction","target":["https:\/\/ekkla.ch\/de\/produit\/stuhl-rely-hw6-sandfarbene-kunststoffschale-und-bronzefarbene-beine-tradition-copie\/"]}]},{"@type":"ImageObject","inLanguage":"de","@id":"https:\/\/ekkla.ch\/de\/produit\/stuhl-rely-hw6-sandfarbene-kunststoffschale-und-bronzefarbene-beine-tradition-copie\/#primaryimage","url":"https:\/\/ekkla.ch\/wp-content\/uploads\/2024\/05\/ekkla-light-meubles-luminaires_0080_Chaise_rely_hw6_rouge_bronze.jpg","contentUrl":"https:\/\/ekkla.ch\/wp-content\/uploads\/2024\/05\/ekkla-light-meubles-luminaires_0080_Chaise_rely_hw6_rouge_bronze.jpg","width":1000,"height":1000},{"@type":"BreadcrumbList","@id":"https:\/\/ekkla.ch\/de\/produit\/stuhl-rely-hw6-sandfarbene-kunststoffschale-und-bronzefarbene-beine-tradition-copie\/#breadcrumb","itemListElement":[{"@type":"ListItem","position":1,"name":"Home","item":"https:\/\/ekkla.ch\/de\/"},{"@type":"ListItem","position":2,"name":"Shop","item":"https:\/\/ekkla.ch\/de\/shop\/"},{"@type":"ListItem","position":3,"name":"Stuhl Rely HW6 &#8211; Dunkelrote Kunststoffschale und bronzefarbene Beine &#8211; &amp;Tradition"}]},{"@type":"WebSite","@id":"https:\/\/ekkla.ch\/#website","url":"https:\/\/ekkla.ch\/","name":"Ekkla","description":"Der Onlineshop f\u00fcr Beleuchtung","publisher":{"@id":"https:\/\/ekkla.ch\/#organization"},"potentialAction":[{"@type":"SearchAction","target":{"@type":"EntryPoint","urlTemplate":"https:\/\/ekkla.ch\/?s={search_term_string}"},"query-input":"required name=search_term_string"}],"inLanguage":"de"},{"@type":"Organization","@id":"https:\/\/ekkla.ch\/#organization","name":"Ekkla","url":"https:\/\/ekkla.ch\/","logo":{"@type":"ImageObject","inLanguage":"de","@id":"https:\/\/ekkla.ch\/#\/schema\/logo\/image\/","url":"http:\/\/ekkla.ch\/wp-content\/uploads\/2019\/07\/logo-1.svg","contentUrl":"http:\/\/ekkla.ch\/wp-content\/uploads\/2019\/07\/logo-1.svg","width":1,"height":1,"caption":"Ekkla"},"image":{"@id":"https:\/\/ekkla.ch\/#\/schema\/logo\/image\/"},"sameAs":["https:\/\/www.instagram.com\/ekkla_light\/"]}]}},"_links":{"self":[{"href":"https:\/\/ekkla.ch\/de\/wp-json\/wp\/v2\/product\/191655"}],"collection":[{"href":"https:\/\/ekkla.ch\/de\/wp-json\/wp\/v2\/product"}],"about":[{"href":"https:\/\/ekkla.ch\/de\/wp-json\/wp\/v2\/types\/product"}],"wp:featuredmedia":[{"embeddable":true,"href":"https:\/\/ekkla.ch\/de\/wp-json\/wp\/v2\/media\/192067"}],"wp:attachment":[{"href":"https:\/\/ekkla.ch\/de\/wp-json\/wp\/v2\/media?parent=191655"}],"wp:term":[{"taxonomy":"product_cat","embeddable":true,"href":"https:\/\/ekkla.ch\/de\/wp-json\/wp\/v2\/product_cat?post=191655"},{"taxonomy":"product_tag","embeddable":true,"href":"https:\/\/ekkla.ch\/de\/wp-json\/wp\/v2\/product_tag?post=191655"}],"curies":[{"name":"wp","href":"https:\/\/api.w.org\/{rel}","templated":true}]}}