{"id":191760,"date":"2024-05-14T22:36:30","date_gmt":"2024-05-14T20:36:31","guid":{"rendered":"https:\/\/ekkla.ch\/?post_type=product&#038;p=191760"},"modified":"2024-05-14T22:42:07","modified_gmt":"2024-05-14T20:42:07","slug":"stuhl-rely-hw8-warmer-brauner-stoff-und-bronzefarbene-beine-tradition-copie","status":"publish","type":"product","link":"https:\/\/ekkla.ch\/de\/produit\/stuhl-rely-hw8-warmer-brauner-stoff-und-bronzefarbene-beine-tradition-copie\/","title":{"rendered":"Stuhl Rely HW8 &#8211; Blauer Wollstoff und Chromf\u00fc\u00dfe &#8211; &amp;Tradition"},"content":{"rendered":"<p>Der Stuhl Rely HW8, entworfen von Hee Welling und herausgegeben von &amp;Tradition, verk\u00f6rpert mit seiner aus recyceltem Kunststoff hergestellten Sitzschale einen \u00f6kologischen Ansatz. Sein schlichtes, ergonomisches Design spiegelt perfekt die Verbindung von Minimalismus und Funktionalit\u00e4t wider. Die Sitzschale wird in einer Palette moderner Farben angeboten, w\u00e4hrend die Polsterung auf Bestellung mit einer gro\u00dfen Auswahl an Stoffen individuell gestaltet werden kann. Sie haben die Wahl zwischen einer festen oder drehbaren Basis, ganz nach Ihren Vorlieben. Hee Welling verbrachte ein Jahr damit, das perfekte Material f\u00fcr diesen Stuhl zu finden und unterstreicht damit sein Engagement f\u00fcr Nachhaltigkeit. Jedes Detail, bis hin zu den sorgf\u00e4ltig entworfenen Kurven, zielt darauf ab, dem R\u00fccken eine optimale Unterst\u00fctzung zu bieten. Der Stuhl ist vollst\u00e4ndig mit Kvadrats Rewool-Stoff gepolstert, der sowohl Komfort als auch \u00c4sthetik bietet. Je nach Geschmack k\u00f6nnen Sie zwischen einem Bronze-, Chrom- oder schwarz lackierten Gestell f\u00fcr die Beine w\u00e4hlen.<\/p>\n<p>Der 2010 in D\u00e4nemark gegr\u00fcndete Verlag &amp;Tradition entstand aus dem Wunsch heraus, zeitlose und signierte Leuchten neu aufzulegen. Sie mischt Tradition und Innovation gekonnt und respektiert dabei die Materialien und die nordische Handwerkskunst.<\/p>\n<p><strong>Eigenschaften<\/strong><\/p>\n<p><strong>Marke<\/strong> &amp;Tradition<\/p>\n<p><strong>Farben<\/strong>\u00a0Blau und Chrom<\/p>\n<p><strong>Material<\/strong> Recyceltes Polypropylen, Sitz aus HR-Schaum mit Stoff- oder Lederbezug, Stahluntergestell<\/p>\n<p><strong>H\u00f6he (cm)<\/strong>\u00a082<\/p>\n<p><strong>Breite (cm)<\/strong>\u00a047<\/p>\n<p><strong>Tiefe (cm)<\/strong>\u00a055<\/p>\n<p><strong>Gewicht (kg)<\/strong>\u00a05.7<\/p>\n<p>&nbsp;<\/p>\n","protected":false},"excerpt":{"rendered":"<p>Der Stuhl Rely HW8, entworfen von Hee Welling und herausgegeben von &amp;Tradition, verk\u00f6rpert mit seiner aus recyceltem Kunststoff hergestellten Sitzschale einen \u00f6kologischen Ansatz. Sein schlichtes, ergonomisches Design spiegelt perfekt die Verbindung von Minimalismus und Funktionalit\u00e4t wider. Die Sitzschale wird in einer Palette moderner Farben angeboten, w\u00e4hrend die Polsterung auf Bestellung mit einer gro\u00dfen Auswahl an [&hellip;]<\/p>\n","protected":false},"featured_media":192099,"template":"","meta":{"_acf_changed":false,"om_disable_all_campaigns":false},"product_cat":[964,968],"product_tag":[846,1254,896,1188,1265,801,816],"bundled_by":[],"bundle_stock_status":"onbackorder","bundle_stock_quantity":null,"bundle_virtual":false,"bundle_layout":"","bundle_add_to_cart_form_location":"","bundle_editable_in_cart":false,"bundle_sold_individually_context":"","bundle_item_grouping":"","bundle_min_size":"","bundle_max_size":"","bundle_price":[],"bundled_items":[],"bundle_sell_ids":[],"acf":[],"yoast_head":"<!-- This site is optimized with the Yoast SEO Premium plugin v22.2 (Yoast SEO v22.8) - https:\/\/yoast.com\/wordpress\/plugins\/seo\/ -->\n<title>Stuhl Rely HW8 | Blauer Wollstoff und Chromf\u00fc\u00dfe | &amp;Tradition<\/title>\n<meta name=\"description\" content=\"Der von Hee Welling entworfene und von &amp;Tradition herausgegebene Stuhl Rely HW8 verk\u00f6rpert mit seiner aus recyceltem Kunststoff hergestellten Sitzschale einen umweltfreundlichen Ansatz.\" \/>\n<meta name=\"robots\" content=\"index, follow, max-snippet:-1, max-image-preview:large, max-video-preview:-1\" \/>\n<link rel=\"canonical\" href=\"https:\/\/ekkla.ch\/de\/produit\/stuhl-rely-hw8-warmer-brauner-stoff-und-bronzefarbene-beine-tradition-copie\/\" \/>\n<meta property=\"og:locale\" content=\"de_DE\" \/>\n<meta property=\"og:type\" content=\"article\" \/>\n<meta property=\"og:title\" content=\"Stuhl Rely HW8 - Blauer Wollstoff und Chromf\u00fc\u00dfe - &amp;Tradition\" \/>\n<meta property=\"og:description\" content=\"Der von Hee Welling entworfene und von &amp;Tradition herausgegebene Stuhl Rely HW8 verk\u00f6rpert mit seiner aus recyceltem Kunststoff hergestellten Sitzschale einen umweltfreundlichen Ansatz.\" \/>\n<meta property=\"og:url\" content=\"https:\/\/ekkla.ch\/de\/produit\/stuhl-rely-hw8-warmer-brauner-stoff-und-bronzefarbene-beine-tradition-copie\/\" \/>\n<meta property=\"og:site_name\" content=\"Ekkla\" \/>\n<meta property=\"article:modified_time\" content=\"2024-05-14T20:42:07+00:00\" \/>\n<meta name=\"twitter:card\" content=\"summary_large_image\" \/>\n<meta name=\"twitter:label1\" content=\"Gesch\u00e4tzte Lesezeit\" \/>\n\t<meta name=\"twitter:data1\" content=\"1\u00a0Minute\" \/>\n<script type=\"application\/ld+json\" class=\"yoast-schema-graph\">{\"@context\":\"https:\/\/schema.org\",\"@graph\":[{\"@type\":\"WebPage\",\"@id\":\"https:\/\/ekkla.ch\/de\/produit\/stuhl-rely-hw8-warmer-brauner-stoff-und-bronzefarbene-beine-tradition-copie\/\",\"url\":\"https:\/\/ekkla.ch\/de\/produit\/stuhl-rely-hw8-warmer-brauner-stoff-und-bronzefarbene-beine-tradition-copie\/\",\"name\":\"Stuhl Rely HW8 | Blauer Wollstoff und Chromf\u00fc\u00dfe | &Tradition\",\"isPartOf\":{\"@id\":\"https:\/\/ekkla.ch\/#website\"},\"primaryImageOfPage\":{\"@id\":\"https:\/\/ekkla.ch\/de\/produit\/stuhl-rely-hw8-warmer-brauner-stoff-und-bronzefarbene-beine-tradition-copie\/#primaryimage\"},\"image\":{\"@id\":\"https:\/\/ekkla.ch\/de\/produit\/stuhl-rely-hw8-warmer-brauner-stoff-und-bronzefarbene-beine-tradition-copie\/#primaryimage\"},\"thumbnailUrl\":\"https:\/\/ekkla.ch\/wp-content\/uploads\/2024\/05\/ekkla-light-meubles-luminaires_0096_Rely-HW8_Chrome_Re-wool-658.jpg\",\"datePublished\":\"2024-05-14T20:36:31+00:00\",\"dateModified\":\"2024-05-14T20:42:07+00:00\",\"description\":\"Der von Hee Welling entworfene und von &Tradition herausgegebene Stuhl Rely HW8 verk\u00f6rpert mit seiner aus recyceltem Kunststoff hergestellten Sitzschale einen umweltfreundlichen Ansatz.\",\"breadcrumb\":{\"@id\":\"https:\/\/ekkla.ch\/de\/produit\/stuhl-rely-hw8-warmer-brauner-stoff-und-bronzefarbene-beine-tradition-copie\/#breadcrumb\"},\"inLanguage\":\"de\",\"potentialAction\":[{\"@type\":\"ReadAction\",\"target\":[\"https:\/\/ekkla.ch\/de\/produit\/stuhl-rely-hw8-warmer-brauner-stoff-und-bronzefarbene-beine-tradition-copie\/\"]}]},{\"@type\":\"ImageObject\",\"inLanguage\":\"de\",\"@id\":\"https:\/\/ekkla.ch\/de\/produit\/stuhl-rely-hw8-warmer-brauner-stoff-und-bronzefarbene-beine-tradition-copie\/#primaryimage\",\"url\":\"https:\/\/ekkla.ch\/wp-content\/uploads\/2024\/05\/ekkla-light-meubles-luminaires_0096_Rely-HW8_Chrome_Re-wool-658.jpg\",\"contentUrl\":\"https:\/\/ekkla.ch\/wp-content\/uploads\/2024\/05\/ekkla-light-meubles-luminaires_0096_Rely-HW8_Chrome_Re-wool-658.jpg\",\"width\":1000,\"height\":1000},{\"@type\":\"BreadcrumbList\",\"@id\":\"https:\/\/ekkla.ch\/de\/produit\/stuhl-rely-hw8-warmer-brauner-stoff-und-bronzefarbene-beine-tradition-copie\/#breadcrumb\",\"itemListElement\":[{\"@type\":\"ListItem\",\"position\":1,\"name\":\"Home\",\"item\":\"https:\/\/ekkla.ch\/de\/\"},{\"@type\":\"ListItem\",\"position\":2,\"name\":\"Shop\",\"item\":\"https:\/\/ekkla.ch\/de\/shop\/\"},{\"@type\":\"ListItem\",\"position\":3,\"name\":\"Stuhl Rely HW8 &#8211; Blauer Wollstoff und Chromf\u00fc\u00dfe &#8211; &amp;Tradition\"}]},{\"@type\":\"WebSite\",\"@id\":\"https:\/\/ekkla.ch\/#website\",\"url\":\"https:\/\/ekkla.ch\/\",\"name\":\"Ekkla\",\"description\":\"Der Onlineshop f\u00fcr Beleuchtung\",\"publisher\":{\"@id\":\"https:\/\/ekkla.ch\/#organization\"},\"potentialAction\":[{\"@type\":\"SearchAction\",\"target\":{\"@type\":\"EntryPoint\",\"urlTemplate\":\"https:\/\/ekkla.ch\/?s={search_term_string}\"},\"query-input\":\"required name=search_term_string\"}],\"inLanguage\":\"de\"},{\"@type\":\"Organization\",\"@id\":\"https:\/\/ekkla.ch\/#organization\",\"name\":\"Ekkla\",\"url\":\"https:\/\/ekkla.ch\/\",\"logo\":{\"@type\":\"ImageObject\",\"inLanguage\":\"de\",\"@id\":\"https:\/\/ekkla.ch\/#\/schema\/logo\/image\/\",\"url\":\"http:\/\/ekkla.ch\/wp-content\/uploads\/2019\/07\/logo-1.svg\",\"contentUrl\":\"http:\/\/ekkla.ch\/wp-content\/uploads\/2019\/07\/logo-1.svg\",\"width\":1,\"height\":1,\"caption\":\"Ekkla\"},\"image\":{\"@id\":\"https:\/\/ekkla.ch\/#\/schema\/logo\/image\/\"},\"sameAs\":[\"https:\/\/www.instagram.com\/ekkla_light\/\"]}]}<\/script>\n<!-- \/ Yoast SEO Premium plugin. -->","yoast_head_json":{"title":"Stuhl Rely HW8 | Blauer Wollstoff und Chromf\u00fc\u00dfe | &Tradition","description":"Der von Hee Welling entworfene und von &Tradition herausgegebene Stuhl Rely HW8 verk\u00f6rpert mit seiner aus recyceltem Kunststoff hergestellten Sitzschale einen umweltfreundlichen Ansatz.","robots":{"index":"index","follow":"follow","max-snippet":"max-snippet:-1","max-image-preview":"max-image-preview:large","max-video-preview":"max-video-preview:-1"},"canonical":"https:\/\/ekkla.ch\/de\/produit\/stuhl-rely-hw8-warmer-brauner-stoff-und-bronzefarbene-beine-tradition-copie\/","og_locale":"de_DE","og_type":"article","og_title":"Stuhl Rely HW8 - Blauer Wollstoff und Chromf\u00fc\u00dfe - &amp;Tradition","og_description":"Der von Hee Welling entworfene und von &Tradition herausgegebene Stuhl Rely HW8 verk\u00f6rpert mit seiner aus recyceltem Kunststoff hergestellten Sitzschale einen umweltfreundlichen Ansatz.","og_url":"https:\/\/ekkla.ch\/de\/produit\/stuhl-rely-hw8-warmer-brauner-stoff-und-bronzefarbene-beine-tradition-copie\/","og_site_name":"Ekkla","article_modified_time":"2024-05-14T20:42:07+00:00","twitter_card":"summary_large_image","twitter_misc":{"Gesch\u00e4tzte Lesezeit":"1\u00a0Minute"},"schema":{"@context":"https:\/\/schema.org","@graph":[{"@type":"WebPage","@id":"https:\/\/ekkla.ch\/de\/produit\/stuhl-rely-hw8-warmer-brauner-stoff-und-bronzefarbene-beine-tradition-copie\/","url":"https:\/\/ekkla.ch\/de\/produit\/stuhl-rely-hw8-warmer-brauner-stoff-und-bronzefarbene-beine-tradition-copie\/","name":"Stuhl Rely HW8 | Blauer Wollstoff und Chromf\u00fc\u00dfe | &Tradition","isPartOf":{"@id":"https:\/\/ekkla.ch\/#website"},"primaryImageOfPage":{"@id":"https:\/\/ekkla.ch\/de\/produit\/stuhl-rely-hw8-warmer-brauner-stoff-und-bronzefarbene-beine-tradition-copie\/#primaryimage"},"image":{"@id":"https:\/\/ekkla.ch\/de\/produit\/stuhl-rely-hw8-warmer-brauner-stoff-und-bronzefarbene-beine-tradition-copie\/#primaryimage"},"thumbnailUrl":"https:\/\/ekkla.ch\/wp-content\/uploads\/2024\/05\/ekkla-light-meubles-luminaires_0096_Rely-HW8_Chrome_Re-wool-658.jpg","datePublished":"2024-05-14T20:36:31+00:00","dateModified":"2024-05-14T20:42:07+00:00","description":"Der von Hee Welling entworfene und von &Tradition herausgegebene Stuhl Rely HW8 verk\u00f6rpert mit seiner aus recyceltem Kunststoff hergestellten Sitzschale einen umweltfreundlichen Ansatz.","breadcrumb":{"@id":"https:\/\/ekkla.ch\/de\/produit\/stuhl-rely-hw8-warmer-brauner-stoff-und-bronzefarbene-beine-tradition-copie\/#breadcrumb"},"inLanguage":"de","potentialAction":[{"@type":"ReadAction","target":["https:\/\/ekkla.ch\/de\/produit\/stuhl-rely-hw8-warmer-brauner-stoff-und-bronzefarbene-beine-tradition-copie\/"]}]},{"@type":"ImageObject","inLanguage":"de","@id":"https:\/\/ekkla.ch\/de\/produit\/stuhl-rely-hw8-warmer-brauner-stoff-und-bronzefarbene-beine-tradition-copie\/#primaryimage","url":"https:\/\/ekkla.ch\/wp-content\/uploads\/2024\/05\/ekkla-light-meubles-luminaires_0096_Rely-HW8_Chrome_Re-wool-658.jpg","contentUrl":"https:\/\/ekkla.ch\/wp-content\/uploads\/2024\/05\/ekkla-light-meubles-luminaires_0096_Rely-HW8_Chrome_Re-wool-658.jpg","width":1000,"height":1000},{"@type":"BreadcrumbList","@id":"https:\/\/ekkla.ch\/de\/produit\/stuhl-rely-hw8-warmer-brauner-stoff-und-bronzefarbene-beine-tradition-copie\/#breadcrumb","itemListElement":[{"@type":"ListItem","position":1,"name":"Home","item":"https:\/\/ekkla.ch\/de\/"},{"@type":"ListItem","position":2,"name":"Shop","item":"https:\/\/ekkla.ch\/de\/shop\/"},{"@type":"ListItem","position":3,"name":"Stuhl Rely HW8 &#8211; Blauer Wollstoff und Chromf\u00fc\u00dfe &#8211; &amp;Tradition"}]},{"@type":"WebSite","@id":"https:\/\/ekkla.ch\/#website","url":"https:\/\/ekkla.ch\/","name":"Ekkla","description":"Der Onlineshop f\u00fcr Beleuchtung","publisher":{"@id":"https:\/\/ekkla.ch\/#organization"},"potentialAction":[{"@type":"SearchAction","target":{"@type":"EntryPoint","urlTemplate":"https:\/\/ekkla.ch\/?s={search_term_string}"},"query-input":"required name=search_term_string"}],"inLanguage":"de"},{"@type":"Organization","@id":"https:\/\/ekkla.ch\/#organization","name":"Ekkla","url":"https:\/\/ekkla.ch\/","logo":{"@type":"ImageObject","inLanguage":"de","@id":"https:\/\/ekkla.ch\/#\/schema\/logo\/image\/","url":"http:\/\/ekkla.ch\/wp-content\/uploads\/2019\/07\/logo-1.svg","contentUrl":"http:\/\/ekkla.ch\/wp-content\/uploads\/2019\/07\/logo-1.svg","width":1,"height":1,"caption":"Ekkla"},"image":{"@id":"https:\/\/ekkla.ch\/#\/schema\/logo\/image\/"},"sameAs":["https:\/\/www.instagram.com\/ekkla_light\/"]}]}},"_links":{"self":[{"href":"https:\/\/ekkla.ch\/de\/wp-json\/wp\/v2\/product\/191760"}],"collection":[{"href":"https:\/\/ekkla.ch\/de\/wp-json\/wp\/v2\/product"}],"about":[{"href":"https:\/\/ekkla.ch\/de\/wp-json\/wp\/v2\/types\/product"}],"wp:featuredmedia":[{"embeddable":true,"href":"https:\/\/ekkla.ch\/de\/wp-json\/wp\/v2\/media\/192099"}],"wp:attachment":[{"href":"https:\/\/ekkla.ch\/de\/wp-json\/wp\/v2\/media?parent=191760"}],"wp:term":[{"taxonomy":"product_cat","embeddable":true,"href":"https:\/\/ekkla.ch\/de\/wp-json\/wp\/v2\/product_cat?post=191760"},{"taxonomy":"product_tag","embeddable":true,"href":"https:\/\/ekkla.ch\/de\/wp-json\/wp\/v2\/product_tag?post=191760"}],"curies":[{"name":"wp","href":"https:\/\/api.w.org\/{rel}","templated":true}]}}