{"id":191833,"date":"2024-05-16T16:20:06","date_gmt":"2024-05-16T14:20:07","guid":{"rendered":"https:\/\/ekkla.ch\/?post_type=product&#038;p=191833"},"modified":"2024-05-16T16:27:31","modified_gmt":"2024-05-16T14:27:31","slug":"couchtisch-sett-ln12-weiser-marmor-140x60-tradition-copie-2","status":"publish","type":"product","link":"https:\/\/ekkla.ch\/de\/produit\/couchtisch-sett-ln12-weiser-marmor-140x60-tradition-copie-2\/","title":{"rendered":"Couchtisch Sett LN13 &#8211; Wei\u00dfer Marmor &#8211; 100&#215;100 &#8211; &amp;Tradition"},"content":{"rendered":"<p>Der Sett Coffee Table LN13 von &amp;Tradition, der von dem Designer Luca Nichetto entworfen wurde, verk\u00f6rpert die perfekte Harmonie zwischen Marmor, Glas und dunklem Chrom und spiegelt so die Verschmelzung von italienischer \u00c4sthetik und skandinavischer Funktionalit\u00e4t wider. Inspiriert von der Technik der Schmuckintarsien zelebriert Nichetto die Pr\u00e4zision des Einfassens von Edelsteinen, daher der Name \u201eSett\u201c, der an diesen minuti\u00f6sen Prozess erinnert. Diese Kollektion zeugt von Nichettos tiefer Leidenschaft f\u00fcr Glas und Marmor, die er aus seiner Kindheit in Murano, das f\u00fcr seine Glasverarbeitung ber\u00fchmt ist, geerbt hat.<\/p>\n<p>Sett zielt darauf ab, die nat\u00fcrliche Sch\u00f6nheit von Marmor und Glas hervorzuheben. Die Tischplatten sind in wei\u00dfem Carrara-Marmor, gr\u00fcnem Guatemala-Marmor oder Rauchglas erh\u00e4ltlich und im Verh\u00e4ltnis zum Untergestell leicht erh\u00f6ht. Diese Konstruktion l\u00e4sst die Pracht des Materials voll zur Geltung kommen und verleiht der Silhouette gleichzeitig eine Leichtigkeit. Der Couchtisch Sett bietet einen anspruchsvollen Look, der skandinavischen Funktionalismus mit Nichettos italienischem Einfluss verbindet, und kann in einer Vielzahl von Umgebungen aufgestellt werden, von gro\u00dfen Wohnzimmern und Hotellobbys bis hin zu \u00f6ffentlichen Einrichtungen und Privatwohnungen.<\/p>\n<p>Der 2010 in D\u00e4nemark gegr\u00fcndete Verlag &amp;Tradition entstand aus dem Wunsch heraus, zeitlose und signierte Leuchten neu aufzulegen. Sie mischt Tradition und Innovation gekonnt und respektiert dabei die Materialien und die nordische Handwerkskunst.<\/p>\n<p><strong>Eigenschaften<\/strong><\/p>\n<p><strong>Marke<\/strong> &amp;Tradition<\/p>\n<p><strong>Farben<\/strong> Weiss<\/p>\n<p><strong>Material<\/strong> Aluminiumdruckguss, stranggepresstes Aluminium, unterseitig bemaltes Gussglas, Bianco Carrara Marmor<\/p>\n<p><strong>H\u00f6he (cm)<\/strong>\u00a034<\/p>\n<p><strong>Breite (cm)<\/strong>\u00a0100<\/p>\n<p><strong>Tiefe (cm)<\/strong>\u00a0100<\/p>\n<p><strong>Gewicht (kg)<\/strong>\u00a051.6<\/p>\n<p>&nbsp;<\/p>\n","protected":false},"excerpt":{"rendered":"<p>Der Sett Coffee Table LN13 von &amp;Tradition, der von dem Designer Luca Nichetto entworfen wurde, verk\u00f6rpert die perfekte Harmonie zwischen Marmor, Glas und dunklem Chrom und spiegelt so die Verschmelzung von italienischer \u00c4sthetik und skandinavischer Funktionalit\u00e4t wider. Inspiriert von der Technik der Schmuckintarsien zelebriert Nichetto die Pr\u00e4zision des Einfassens von Edelsteinen, daher der Name \u201eSett\u201c, [&hellip;]<\/p>\n","protected":false},"featured_media":192183,"template":"","meta":{"_acf_changed":false,"om_disable_all_campaigns":false},"product_cat":[964,979],"product_tag":[846,1254,896,1188,1265,801,816],"bundled_by":[],"bundle_stock_status":"onbackorder","bundle_stock_quantity":null,"bundle_virtual":false,"bundle_layout":"","bundle_add_to_cart_form_location":"","bundle_editable_in_cart":false,"bundle_sold_individually_context":"","bundle_item_grouping":"","bundle_min_size":"","bundle_max_size":"","bundle_price":[],"bundled_items":[],"bundle_sell_ids":[],"acf":[],"yoast_head":"<!-- This site is optimized with the Yoast SEO Premium plugin v22.2 (Yoast SEO v22.8) - https:\/\/yoast.com\/wordpress\/plugins\/seo\/ -->\n<title>Couchtisch Sett LN13 | Wei\u00dfer Marmor | 100x100 | &amp;Tradition<\/title>\n<meta name=\"description\" content=\"Der Sett Coffee Table LN13 von &amp;Tradition verk\u00f6rpert die perfekte Harmonie zwischen Marmor, Glas und dunklem Chrom und spiegelt die Verschmelzung von italienischer \u00c4sthetik und skandinavischer Funktionalit\u00e4t wider.\" \/>\n<meta name=\"robots\" content=\"index, follow, max-snippet:-1, max-image-preview:large, max-video-preview:-1\" \/>\n<link rel=\"canonical\" href=\"https:\/\/ekkla.ch\/de\/produit\/couchtisch-sett-ln12-weiser-marmor-140x60-tradition-copie-2\/\" \/>\n<meta property=\"og:locale\" content=\"de_DE\" \/>\n<meta property=\"og:type\" content=\"article\" \/>\n<meta property=\"og:title\" content=\"Couchtisch Sett LN13 - Wei\u00dfer Marmor - 100x100 - &amp;Tradition\" \/>\n<meta property=\"og:description\" content=\"Der Sett Coffee Table LN13 von &amp;Tradition verk\u00f6rpert die perfekte Harmonie zwischen Marmor, Glas und dunklem Chrom und spiegelt die Verschmelzung von italienischer \u00c4sthetik und skandinavischer Funktionalit\u00e4t wider.\" \/>\n<meta property=\"og:url\" content=\"https:\/\/ekkla.ch\/de\/produit\/couchtisch-sett-ln12-weiser-marmor-140x60-tradition-copie-2\/\" \/>\n<meta property=\"og:site_name\" content=\"Ekkla\" \/>\n<meta property=\"article:modified_time\" content=\"2024-05-16T14:27:31+00:00\" \/>\n<meta name=\"twitter:card\" content=\"summary_large_image\" \/>\n<meta name=\"twitter:label1\" content=\"Gesch\u00e4tzte Lesezeit\" \/>\n\t<meta name=\"twitter:data1\" content=\"1\u00a0Minute\" \/>\n<script type=\"application\/ld+json\" class=\"yoast-schema-graph\">{\"@context\":\"https:\/\/schema.org\",\"@graph\":[{\"@type\":\"WebPage\",\"@id\":\"https:\/\/ekkla.ch\/de\/produit\/couchtisch-sett-ln12-weiser-marmor-140x60-tradition-copie-2\/\",\"url\":\"https:\/\/ekkla.ch\/de\/produit\/couchtisch-sett-ln12-weiser-marmor-140x60-tradition-copie-2\/\",\"name\":\"Couchtisch Sett LN13 | Wei\u00dfer Marmor | 100x100 | &Tradition\",\"isPartOf\":{\"@id\":\"https:\/\/ekkla.ch\/#website\"},\"primaryImageOfPage\":{\"@id\":\"https:\/\/ekkla.ch\/de\/produit\/couchtisch-sett-ln12-weiser-marmor-140x60-tradition-copie-2\/#primaryimage\"},\"image\":{\"@id\":\"https:\/\/ekkla.ch\/de\/produit\/couchtisch-sett-ln12-weiser-marmor-140x60-tradition-copie-2\/#primaryimage\"},\"thumbnailUrl\":\"https:\/\/ekkla.ch\/wp-content\/uploads\/2024\/05\/ekkla-light-meubles-luminaires_0138_Sett-LN13_Bianco-Carrera-Marble-w.-Dark-Chrome.jpg\",\"datePublished\":\"2024-05-16T14:20:07+00:00\",\"dateModified\":\"2024-05-16T14:27:31+00:00\",\"description\":\"Der Sett Coffee Table LN13 von &Tradition verk\u00f6rpert die perfekte Harmonie zwischen Marmor, Glas und dunklem Chrom und spiegelt die Verschmelzung von italienischer \u00c4sthetik und skandinavischer Funktionalit\u00e4t wider.\",\"breadcrumb\":{\"@id\":\"https:\/\/ekkla.ch\/de\/produit\/couchtisch-sett-ln12-weiser-marmor-140x60-tradition-copie-2\/#breadcrumb\"},\"inLanguage\":\"de\",\"potentialAction\":[{\"@type\":\"ReadAction\",\"target\":[\"https:\/\/ekkla.ch\/de\/produit\/couchtisch-sett-ln12-weiser-marmor-140x60-tradition-copie-2\/\"]}]},{\"@type\":\"ImageObject\",\"inLanguage\":\"de\",\"@id\":\"https:\/\/ekkla.ch\/de\/produit\/couchtisch-sett-ln12-weiser-marmor-140x60-tradition-copie-2\/#primaryimage\",\"url\":\"https:\/\/ekkla.ch\/wp-content\/uploads\/2024\/05\/ekkla-light-meubles-luminaires_0138_Sett-LN13_Bianco-Carrera-Marble-w.-Dark-Chrome.jpg\",\"contentUrl\":\"https:\/\/ekkla.ch\/wp-content\/uploads\/2024\/05\/ekkla-light-meubles-luminaires_0138_Sett-LN13_Bianco-Carrera-Marble-w.-Dark-Chrome.jpg\",\"width\":1000,\"height\":1000},{\"@type\":\"BreadcrumbList\",\"@id\":\"https:\/\/ekkla.ch\/de\/produit\/couchtisch-sett-ln12-weiser-marmor-140x60-tradition-copie-2\/#breadcrumb\",\"itemListElement\":[{\"@type\":\"ListItem\",\"position\":1,\"name\":\"Home\",\"item\":\"https:\/\/ekkla.ch\/de\/\"},{\"@type\":\"ListItem\",\"position\":2,\"name\":\"Shop\",\"item\":\"https:\/\/ekkla.ch\/de\/shop\/\"},{\"@type\":\"ListItem\",\"position\":3,\"name\":\"Couchtisch Sett LN13 &#8211; Wei\u00dfer Marmor &#8211; 100&#215;100 &#8211; &amp;Tradition\"}]},{\"@type\":\"WebSite\",\"@id\":\"https:\/\/ekkla.ch\/#website\",\"url\":\"https:\/\/ekkla.ch\/\",\"name\":\"Ekkla\",\"description\":\"Der Onlineshop f\u00fcr Beleuchtung\",\"publisher\":{\"@id\":\"https:\/\/ekkla.ch\/#organization\"},\"potentialAction\":[{\"@type\":\"SearchAction\",\"target\":{\"@type\":\"EntryPoint\",\"urlTemplate\":\"https:\/\/ekkla.ch\/?s={search_term_string}\"},\"query-input\":\"required name=search_term_string\"}],\"inLanguage\":\"de\"},{\"@type\":\"Organization\",\"@id\":\"https:\/\/ekkla.ch\/#organization\",\"name\":\"Ekkla\",\"url\":\"https:\/\/ekkla.ch\/\",\"logo\":{\"@type\":\"ImageObject\",\"inLanguage\":\"de\",\"@id\":\"https:\/\/ekkla.ch\/#\/schema\/logo\/image\/\",\"url\":\"http:\/\/ekkla.ch\/wp-content\/uploads\/2019\/07\/logo-1.svg\",\"contentUrl\":\"http:\/\/ekkla.ch\/wp-content\/uploads\/2019\/07\/logo-1.svg\",\"width\":1,\"height\":1,\"caption\":\"Ekkla\"},\"image\":{\"@id\":\"https:\/\/ekkla.ch\/#\/schema\/logo\/image\/\"},\"sameAs\":[\"https:\/\/www.instagram.com\/ekkla_light\/\"]}]}<\/script>\n<!-- \/ Yoast SEO Premium plugin. -->","yoast_head_json":{"title":"Couchtisch Sett LN13 | Wei\u00dfer Marmor | 100x100 | &Tradition","description":"Der Sett Coffee Table LN13 von &Tradition verk\u00f6rpert die perfekte Harmonie zwischen Marmor, Glas und dunklem Chrom und spiegelt die Verschmelzung von italienischer \u00c4sthetik und skandinavischer Funktionalit\u00e4t wider.","robots":{"index":"index","follow":"follow","max-snippet":"max-snippet:-1","max-image-preview":"max-image-preview:large","max-video-preview":"max-video-preview:-1"},"canonical":"https:\/\/ekkla.ch\/de\/produit\/couchtisch-sett-ln12-weiser-marmor-140x60-tradition-copie-2\/","og_locale":"de_DE","og_type":"article","og_title":"Couchtisch Sett LN13 - Wei\u00dfer Marmor - 100x100 - &amp;Tradition","og_description":"Der Sett Coffee Table LN13 von &Tradition verk\u00f6rpert die perfekte Harmonie zwischen Marmor, Glas und dunklem Chrom und spiegelt die Verschmelzung von italienischer \u00c4sthetik und skandinavischer Funktionalit\u00e4t wider.","og_url":"https:\/\/ekkla.ch\/de\/produit\/couchtisch-sett-ln12-weiser-marmor-140x60-tradition-copie-2\/","og_site_name":"Ekkla","article_modified_time":"2024-05-16T14:27:31+00:00","twitter_card":"summary_large_image","twitter_misc":{"Gesch\u00e4tzte Lesezeit":"1\u00a0Minute"},"schema":{"@context":"https:\/\/schema.org","@graph":[{"@type":"WebPage","@id":"https:\/\/ekkla.ch\/de\/produit\/couchtisch-sett-ln12-weiser-marmor-140x60-tradition-copie-2\/","url":"https:\/\/ekkla.ch\/de\/produit\/couchtisch-sett-ln12-weiser-marmor-140x60-tradition-copie-2\/","name":"Couchtisch Sett LN13 | Wei\u00dfer Marmor | 100x100 | &Tradition","isPartOf":{"@id":"https:\/\/ekkla.ch\/#website"},"primaryImageOfPage":{"@id":"https:\/\/ekkla.ch\/de\/produit\/couchtisch-sett-ln12-weiser-marmor-140x60-tradition-copie-2\/#primaryimage"},"image":{"@id":"https:\/\/ekkla.ch\/de\/produit\/couchtisch-sett-ln12-weiser-marmor-140x60-tradition-copie-2\/#primaryimage"},"thumbnailUrl":"https:\/\/ekkla.ch\/wp-content\/uploads\/2024\/05\/ekkla-light-meubles-luminaires_0138_Sett-LN13_Bianco-Carrera-Marble-w.-Dark-Chrome.jpg","datePublished":"2024-05-16T14:20:07+00:00","dateModified":"2024-05-16T14:27:31+00:00","description":"Der Sett Coffee Table LN13 von &Tradition verk\u00f6rpert die perfekte Harmonie zwischen Marmor, Glas und dunklem Chrom und spiegelt die Verschmelzung von italienischer \u00c4sthetik und skandinavischer Funktionalit\u00e4t wider.","breadcrumb":{"@id":"https:\/\/ekkla.ch\/de\/produit\/couchtisch-sett-ln12-weiser-marmor-140x60-tradition-copie-2\/#breadcrumb"},"inLanguage":"de","potentialAction":[{"@type":"ReadAction","target":["https:\/\/ekkla.ch\/de\/produit\/couchtisch-sett-ln12-weiser-marmor-140x60-tradition-copie-2\/"]}]},{"@type":"ImageObject","inLanguage":"de","@id":"https:\/\/ekkla.ch\/de\/produit\/couchtisch-sett-ln12-weiser-marmor-140x60-tradition-copie-2\/#primaryimage","url":"https:\/\/ekkla.ch\/wp-content\/uploads\/2024\/05\/ekkla-light-meubles-luminaires_0138_Sett-LN13_Bianco-Carrera-Marble-w.-Dark-Chrome.jpg","contentUrl":"https:\/\/ekkla.ch\/wp-content\/uploads\/2024\/05\/ekkla-light-meubles-luminaires_0138_Sett-LN13_Bianco-Carrera-Marble-w.-Dark-Chrome.jpg","width":1000,"height":1000},{"@type":"BreadcrumbList","@id":"https:\/\/ekkla.ch\/de\/produit\/couchtisch-sett-ln12-weiser-marmor-140x60-tradition-copie-2\/#breadcrumb","itemListElement":[{"@type":"ListItem","position":1,"name":"Home","item":"https:\/\/ekkla.ch\/de\/"},{"@type":"ListItem","position":2,"name":"Shop","item":"https:\/\/ekkla.ch\/de\/shop\/"},{"@type":"ListItem","position":3,"name":"Couchtisch Sett LN13 &#8211; Wei\u00dfer Marmor &#8211; 100&#215;100 &#8211; &amp;Tradition"}]},{"@type":"WebSite","@id":"https:\/\/ekkla.ch\/#website","url":"https:\/\/ekkla.ch\/","name":"Ekkla","description":"Der Onlineshop f\u00fcr Beleuchtung","publisher":{"@id":"https:\/\/ekkla.ch\/#organization"},"potentialAction":[{"@type":"SearchAction","target":{"@type":"EntryPoint","urlTemplate":"https:\/\/ekkla.ch\/?s={search_term_string}"},"query-input":"required name=search_term_string"}],"inLanguage":"de"},{"@type":"Organization","@id":"https:\/\/ekkla.ch\/#organization","name":"Ekkla","url":"https:\/\/ekkla.ch\/","logo":{"@type":"ImageObject","inLanguage":"de","@id":"https:\/\/ekkla.ch\/#\/schema\/logo\/image\/","url":"http:\/\/ekkla.ch\/wp-content\/uploads\/2019\/07\/logo-1.svg","contentUrl":"http:\/\/ekkla.ch\/wp-content\/uploads\/2019\/07\/logo-1.svg","width":1,"height":1,"caption":"Ekkla"},"image":{"@id":"https:\/\/ekkla.ch\/#\/schema\/logo\/image\/"},"sameAs":["https:\/\/www.instagram.com\/ekkla_light\/"]}]}},"_links":{"self":[{"href":"https:\/\/ekkla.ch\/de\/wp-json\/wp\/v2\/product\/191833"}],"collection":[{"href":"https:\/\/ekkla.ch\/de\/wp-json\/wp\/v2\/product"}],"about":[{"href":"https:\/\/ekkla.ch\/de\/wp-json\/wp\/v2\/types\/product"}],"wp:featuredmedia":[{"embeddable":true,"href":"https:\/\/ekkla.ch\/de\/wp-json\/wp\/v2\/media\/192183"}],"wp:attachment":[{"href":"https:\/\/ekkla.ch\/de\/wp-json\/wp\/v2\/media?parent=191833"}],"wp:term":[{"taxonomy":"product_cat","embeddable":true,"href":"https:\/\/ekkla.ch\/de\/wp-json\/wp\/v2\/product_cat?post=191833"},{"taxonomy":"product_tag","embeddable":true,"href":"https:\/\/ekkla.ch\/de\/wp-json\/wp\/v2\/product_tag?post=191833"}],"curies":[{"name":"wp","href":"https:\/\/api.w.org\/{rel}","templated":true}]}}