{"id":193674,"date":"2024-05-28T04:01:01","date_gmt":"2024-05-28T02:01:01","guid":{"rendered":"https:\/\/ekkla.ch\/produit\/outdoor-stuhl-beetle-beige-gubi\/"},"modified":"2024-05-28T04:17:02","modified_gmt":"2024-05-28T02:17:02","slug":"outdoor-stuhl-beetle-beige-gubi","status":"publish","type":"product","link":"https:\/\/ekkla.ch\/de\/produit\/outdoor-stuhl-beetle-beige-gubi\/","title":{"rendered":"Outdoor-Stuhl Beetle &#8211; Beige &#8211; Gubi"},"content":{"rendered":"<div class=\"flex flex-grow flex-col max-w-full\">\n<div class=\"min-h-[20px] text-message flex flex-col items-start whitespace-pre-wrap break-words [.text-message+&amp;]:mt-5 juice:w-full juice:items-end overflow-x-auto gap-2\" dir=\"auto\" data-message-author-role=\"assistant\" data-message-id=\"5166cf7e-eb53-4795-a5bb-f60bd83db721\">\n<div class=\"flex w-full flex-col gap-1 juice:empty:hidden juice:first:pt-[3px]\">\n<div class=\"markdown prose w-full break-words dark:prose-invert light\">\n<p>Der Outdoor-Stuhl Beetle von GamFratesi, der von der anmutigen Form des K\u00e4fers inspiriert wurde, verk\u00f6rpert die Harmonie zwischen klassischem italienischen Design und skandinavischen Traditionen. Der ikonische Stuhl wurde von der D\u00e4nin Stine Gam und dem Italiener Enrico Fratesi entworfen und ist nun bereit f\u00fcr den Gebrauch im Freien. Seine nachhaltige, durchgehende Sitzschale, die an die starken und eleganten Konturen eines Insekts erinnert, bietet dank ihrer F\u00e4higkeit, sich leicht zu biegen, auch nach l\u00e4ngerem Sitzen einen aussergew\u00f6hnlichen Komfort.<\/p>\n<p>Der Outdoor-Stuhl Beetle ist UV-gesch\u00fctzt und eignet sich hervorragend f\u00fcr den Einsatz im Freien wie auch in Innenr\u00e4umen. Die schlanken, spindelf\u00f6rmigen Stahlbeine, die den Beinen des K\u00e4fers nachempfunden sind, verleihen ihm einen Hauch von Raffinesse und sorgen gleichzeitig f\u00fcr eine bemerkenswerte Robustheit. Der Stuhl ist in mattem strukturiertem Beige oder Alabasterweiss mit passenden Beinen erh\u00e4ltlich, zudem ist er leicht und einfach zu transportieren.<\/p>\n<p>F\u00fcr zus\u00e4tzlichen Komfort kann optional ein f\u00fcr den Aussenbereich konzipiertes Sitzkissen aus Stoff hinzugef\u00fcgt werden. Der Outdoor-Stuhl Beetle mit seiner satinmatten strukturierten Oberfl\u00e4che passt perfekt in eine Vielzahl von \u00f6ffentlichen und privaten Kontexten und macht ihn zum idealen Herzst\u00fcck Ihrer Terrasse oder Ihres Wohnzimmers.<\/p>\n<\/div>\n<\/div>\n<\/div>\n<\/div>\n<p>&nbsp;<\/p>\n<blockquote>\n<h2>Merkmale &amp; Eigenschaften<\/h2>\n<p><strong>Marke<\/strong> Gubi<\/p>\n<p><strong>Farbe<\/strong> Beige<\/p>\n<p><strong>Material<\/strong> 100% recycelbares Polypropylen &#8211; Kunststoffgleiter<\/p>\n<p><strong>Breite (cm) <\/strong>56<\/p>\n<p><strong>Tiefe (cm) <\/strong>58<\/p>\n<p><strong>H\u00f6he (cm) <\/strong>87<\/p>\n<div class=\"item\" data-v-6c1492fc=\"\"><strong>H\u00f6he der Sitzfl\u00e4che (cm)<\/strong> 45<\/div>\n<p><strong>Gewicht (kg)<\/strong> 6<\/p><\/blockquote>\n","protected":false},"excerpt":{"rendered":"<p>Der Outdoor-Stuhl Beetle von GamFratesi, der von der anmutigen Form des K\u00e4fers inspiriert wurde, verk\u00f6rpert die Harmonie zwischen klassischem italienischen Design und skandinavischen Traditionen. Der ikonische Stuhl wurde von der D\u00e4nin Stine Gam und dem Italiener Enrico Fratesi entworfen und ist nun bereit f\u00fcr den Gebrauch im Freien. Seine nachhaltige, durchgehende Sitzschale, die an die [&hellip;]<\/p>\n","protected":false},"featured_media":193673,"template":"","meta":{"_acf_changed":false,"om_disable_all_campaigns":false},"product_cat":[964,968],"product_tag":[1254,892,1188,1265,801,1022,816],"bundled_by":[],"bundle_stock_status":"onbackorder","bundle_stock_quantity":null,"bundle_virtual":false,"bundle_layout":"","bundle_add_to_cart_form_location":"","bundle_editable_in_cart":false,"bundle_sold_individually_context":"","bundle_item_grouping":"","bundle_min_size":"","bundle_max_size":"","bundle_price":[],"bundled_items":[],"bundle_sell_ids":[],"acf":[],"yoast_head":"<!-- This site is optimized with the Yoast SEO Premium plugin v22.2 (Yoast SEO v22.8) - https:\/\/yoast.com\/wordpress\/plugins\/seo\/ -->\n<title>Outdoor-Stuhl Beetle - Beige - Gubi<\/title>\n<meta name=\"description\" content=\"Der Outdoor-Stuhl Beetle vereint italienisches &amp; skandinavisches Design. Nachhaltige und UV-gesch\u00fctzte Sitzgelegenheit, ideal f\u00fcr drinnen und draussen.\" \/>\n<meta name=\"robots\" content=\"index, follow, max-snippet:-1, max-image-preview:large, max-video-preview:-1\" \/>\n<link rel=\"canonical\" href=\"https:\/\/ekkla.ch\/de\/produit\/outdoor-stuhl-beetle-beige-gubi\/\" \/>\n<meta property=\"og:locale\" content=\"de_DE\" \/>\n<meta property=\"og:type\" content=\"article\" \/>\n<meta property=\"og:title\" content=\"Outdoor-Stuhl Beetle - Beige - Gubi\" \/>\n<meta property=\"og:description\" content=\"Der Outdoor-Stuhl Beetle vereint italienisches &amp; skandinavisches Design. Nachhaltige und UV-gesch\u00fctzte Sitzgelegenheit, ideal f\u00fcr drinnen und draussen.\" \/>\n<meta property=\"og:url\" content=\"https:\/\/ekkla.ch\/de\/produit\/outdoor-stuhl-beetle-beige-gubi\/\" \/>\n<meta property=\"og:site_name\" content=\"Ekkla\" \/>\n<meta property=\"article:modified_time\" content=\"2024-05-28T02:17:02+00:00\" \/>\n<meta property=\"og:image\" content=\"https:\/\/ekkla.ch\/wp-content\/uploads\/2024\/05\/ekkla-light-meubles-luminaires_produit_0044_Beetle_Outdoor_DiningChair_Plastic_Unupholstered_NewBeige_NewBeige_ItemNr.10.jpg\" \/>\n\t<meta property=\"og:image:width\" content=\"1000\" \/>\n\t<meta property=\"og:image:height\" content=\"1000\" \/>\n\t<meta property=\"og:image:type\" content=\"image\/jpeg\" \/>\n<meta name=\"twitter:card\" content=\"summary_large_image\" \/>\n<meta name=\"twitter:label1\" content=\"Gesch\u00e4tzte Lesezeit\" \/>\n\t<meta name=\"twitter:data1\" content=\"2\u00a0Minuten\" \/>\n<script type=\"application\/ld+json\" class=\"yoast-schema-graph\">{\"@context\":\"https:\/\/schema.org\",\"@graph\":[{\"@type\":\"WebPage\",\"@id\":\"https:\/\/ekkla.ch\/de\/produit\/outdoor-stuhl-beetle-beige-gubi\/\",\"url\":\"https:\/\/ekkla.ch\/de\/produit\/outdoor-stuhl-beetle-beige-gubi\/\",\"name\":\"Outdoor-Stuhl Beetle - Beige - Gubi\",\"isPartOf\":{\"@id\":\"https:\/\/ekkla.ch\/#website\"},\"primaryImageOfPage\":{\"@id\":\"https:\/\/ekkla.ch\/de\/produit\/outdoor-stuhl-beetle-beige-gubi\/#primaryimage\"},\"image\":{\"@id\":\"https:\/\/ekkla.ch\/de\/produit\/outdoor-stuhl-beetle-beige-gubi\/#primaryimage\"},\"thumbnailUrl\":\"https:\/\/ekkla.ch\/wp-content\/uploads\/2024\/05\/ekkla-light-meubles-luminaires_produit_0044_Beetle_Outdoor_DiningChair_Plastic_Unupholstered_NewBeige_NewBeige_ItemNr.10.jpg\",\"datePublished\":\"2024-05-28T02:01:01+00:00\",\"dateModified\":\"2024-05-28T02:17:02+00:00\",\"description\":\"Der Outdoor-Stuhl Beetle vereint italienisches & skandinavisches Design. Nachhaltige und UV-gesch\u00fctzte Sitzgelegenheit, ideal f\u00fcr drinnen und draussen.\",\"breadcrumb\":{\"@id\":\"https:\/\/ekkla.ch\/de\/produit\/outdoor-stuhl-beetle-beige-gubi\/#breadcrumb\"},\"inLanguage\":\"de\",\"potentialAction\":[{\"@type\":\"ReadAction\",\"target\":[\"https:\/\/ekkla.ch\/de\/produit\/outdoor-stuhl-beetle-beige-gubi\/\"]}]},{\"@type\":\"ImageObject\",\"inLanguage\":\"de\",\"@id\":\"https:\/\/ekkla.ch\/de\/produit\/outdoor-stuhl-beetle-beige-gubi\/#primaryimage\",\"url\":\"https:\/\/ekkla.ch\/wp-content\/uploads\/2024\/05\/ekkla-light-meubles-luminaires_produit_0044_Beetle_Outdoor_DiningChair_Plastic_Unupholstered_NewBeige_NewBeige_ItemNr.10.jpg\",\"contentUrl\":\"https:\/\/ekkla.ch\/wp-content\/uploads\/2024\/05\/ekkla-light-meubles-luminaires_produit_0044_Beetle_Outdoor_DiningChair_Plastic_Unupholstered_NewBeige_NewBeige_ItemNr.10.jpg\",\"width\":1000,\"height\":1000},{\"@type\":\"BreadcrumbList\",\"@id\":\"https:\/\/ekkla.ch\/de\/produit\/outdoor-stuhl-beetle-beige-gubi\/#breadcrumb\",\"itemListElement\":[{\"@type\":\"ListItem\",\"position\":1,\"name\":\"Home\",\"item\":\"https:\/\/ekkla.ch\/de\/\"},{\"@type\":\"ListItem\",\"position\":2,\"name\":\"Shop\",\"item\":\"https:\/\/ekkla.ch\/de\/shop\/\"},{\"@type\":\"ListItem\",\"position\":3,\"name\":\"Outdoor-Stuhl Beetle &#8211; Beige &#8211; Gubi\"}]},{\"@type\":\"WebSite\",\"@id\":\"https:\/\/ekkla.ch\/#website\",\"url\":\"https:\/\/ekkla.ch\/\",\"name\":\"Ekkla\",\"description\":\"Der Onlineshop f\u00fcr Beleuchtung\",\"publisher\":{\"@id\":\"https:\/\/ekkla.ch\/#organization\"},\"potentialAction\":[{\"@type\":\"SearchAction\",\"target\":{\"@type\":\"EntryPoint\",\"urlTemplate\":\"https:\/\/ekkla.ch\/?s={search_term_string}\"},\"query-input\":\"required name=search_term_string\"}],\"inLanguage\":\"de\"},{\"@type\":\"Organization\",\"@id\":\"https:\/\/ekkla.ch\/#organization\",\"name\":\"Ekkla\",\"url\":\"https:\/\/ekkla.ch\/\",\"logo\":{\"@type\":\"ImageObject\",\"inLanguage\":\"de\",\"@id\":\"https:\/\/ekkla.ch\/#\/schema\/logo\/image\/\",\"url\":\"http:\/\/ekkla.ch\/wp-content\/uploads\/2019\/07\/logo-1.svg\",\"contentUrl\":\"http:\/\/ekkla.ch\/wp-content\/uploads\/2019\/07\/logo-1.svg\",\"width\":1,\"height\":1,\"caption\":\"Ekkla\"},\"image\":{\"@id\":\"https:\/\/ekkla.ch\/#\/schema\/logo\/image\/\"},\"sameAs\":[\"https:\/\/www.instagram.com\/ekkla_light\/\"]}]}<\/script>\n<!-- \/ Yoast SEO Premium plugin. -->","yoast_head_json":{"title":"Outdoor-Stuhl Beetle - Beige - Gubi","description":"Der Outdoor-Stuhl Beetle vereint italienisches & skandinavisches Design. Nachhaltige und UV-gesch\u00fctzte Sitzgelegenheit, ideal f\u00fcr drinnen und draussen.","robots":{"index":"index","follow":"follow","max-snippet":"max-snippet:-1","max-image-preview":"max-image-preview:large","max-video-preview":"max-video-preview:-1"},"canonical":"https:\/\/ekkla.ch\/de\/produit\/outdoor-stuhl-beetle-beige-gubi\/","og_locale":"de_DE","og_type":"article","og_title":"Outdoor-Stuhl Beetle - Beige - Gubi","og_description":"Der Outdoor-Stuhl Beetle vereint italienisches & skandinavisches Design. Nachhaltige und UV-gesch\u00fctzte Sitzgelegenheit, ideal f\u00fcr drinnen und draussen.","og_url":"https:\/\/ekkla.ch\/de\/produit\/outdoor-stuhl-beetle-beige-gubi\/","og_site_name":"Ekkla","article_modified_time":"2024-05-28T02:17:02+00:00","og_image":[{"width":1000,"height":1000,"url":"https:\/\/ekkla.ch\/wp-content\/uploads\/2024\/05\/ekkla-light-meubles-luminaires_produit_0044_Beetle_Outdoor_DiningChair_Plastic_Unupholstered_NewBeige_NewBeige_ItemNr.10.jpg","type":"image\/jpeg"}],"twitter_card":"summary_large_image","twitter_misc":{"Gesch\u00e4tzte Lesezeit":"2\u00a0Minuten"},"schema":{"@context":"https:\/\/schema.org","@graph":[{"@type":"WebPage","@id":"https:\/\/ekkla.ch\/de\/produit\/outdoor-stuhl-beetle-beige-gubi\/","url":"https:\/\/ekkla.ch\/de\/produit\/outdoor-stuhl-beetle-beige-gubi\/","name":"Outdoor-Stuhl Beetle - Beige - Gubi","isPartOf":{"@id":"https:\/\/ekkla.ch\/#website"},"primaryImageOfPage":{"@id":"https:\/\/ekkla.ch\/de\/produit\/outdoor-stuhl-beetle-beige-gubi\/#primaryimage"},"image":{"@id":"https:\/\/ekkla.ch\/de\/produit\/outdoor-stuhl-beetle-beige-gubi\/#primaryimage"},"thumbnailUrl":"https:\/\/ekkla.ch\/wp-content\/uploads\/2024\/05\/ekkla-light-meubles-luminaires_produit_0044_Beetle_Outdoor_DiningChair_Plastic_Unupholstered_NewBeige_NewBeige_ItemNr.10.jpg","datePublished":"2024-05-28T02:01:01+00:00","dateModified":"2024-05-28T02:17:02+00:00","description":"Der Outdoor-Stuhl Beetle vereint italienisches & skandinavisches Design. Nachhaltige und UV-gesch\u00fctzte Sitzgelegenheit, ideal f\u00fcr drinnen und draussen.","breadcrumb":{"@id":"https:\/\/ekkla.ch\/de\/produit\/outdoor-stuhl-beetle-beige-gubi\/#breadcrumb"},"inLanguage":"de","potentialAction":[{"@type":"ReadAction","target":["https:\/\/ekkla.ch\/de\/produit\/outdoor-stuhl-beetle-beige-gubi\/"]}]},{"@type":"ImageObject","inLanguage":"de","@id":"https:\/\/ekkla.ch\/de\/produit\/outdoor-stuhl-beetle-beige-gubi\/#primaryimage","url":"https:\/\/ekkla.ch\/wp-content\/uploads\/2024\/05\/ekkla-light-meubles-luminaires_produit_0044_Beetle_Outdoor_DiningChair_Plastic_Unupholstered_NewBeige_NewBeige_ItemNr.10.jpg","contentUrl":"https:\/\/ekkla.ch\/wp-content\/uploads\/2024\/05\/ekkla-light-meubles-luminaires_produit_0044_Beetle_Outdoor_DiningChair_Plastic_Unupholstered_NewBeige_NewBeige_ItemNr.10.jpg","width":1000,"height":1000},{"@type":"BreadcrumbList","@id":"https:\/\/ekkla.ch\/de\/produit\/outdoor-stuhl-beetle-beige-gubi\/#breadcrumb","itemListElement":[{"@type":"ListItem","position":1,"name":"Home","item":"https:\/\/ekkla.ch\/de\/"},{"@type":"ListItem","position":2,"name":"Shop","item":"https:\/\/ekkla.ch\/de\/shop\/"},{"@type":"ListItem","position":3,"name":"Outdoor-Stuhl Beetle &#8211; Beige &#8211; Gubi"}]},{"@type":"WebSite","@id":"https:\/\/ekkla.ch\/#website","url":"https:\/\/ekkla.ch\/","name":"Ekkla","description":"Der Onlineshop f\u00fcr Beleuchtung","publisher":{"@id":"https:\/\/ekkla.ch\/#organization"},"potentialAction":[{"@type":"SearchAction","target":{"@type":"EntryPoint","urlTemplate":"https:\/\/ekkla.ch\/?s={search_term_string}"},"query-input":"required name=search_term_string"}],"inLanguage":"de"},{"@type":"Organization","@id":"https:\/\/ekkla.ch\/#organization","name":"Ekkla","url":"https:\/\/ekkla.ch\/","logo":{"@type":"ImageObject","inLanguage":"de","@id":"https:\/\/ekkla.ch\/#\/schema\/logo\/image\/","url":"http:\/\/ekkla.ch\/wp-content\/uploads\/2019\/07\/logo-1.svg","contentUrl":"http:\/\/ekkla.ch\/wp-content\/uploads\/2019\/07\/logo-1.svg","width":1,"height":1,"caption":"Ekkla"},"image":{"@id":"https:\/\/ekkla.ch\/#\/schema\/logo\/image\/"},"sameAs":["https:\/\/www.instagram.com\/ekkla_light\/"]}]}},"_links":{"self":[{"href":"https:\/\/ekkla.ch\/de\/wp-json\/wp\/v2\/product\/193674"}],"collection":[{"href":"https:\/\/ekkla.ch\/de\/wp-json\/wp\/v2\/product"}],"about":[{"href":"https:\/\/ekkla.ch\/de\/wp-json\/wp\/v2\/types\/product"}],"wp:featuredmedia":[{"embeddable":true,"href":"https:\/\/ekkla.ch\/de\/wp-json\/wp\/v2\/media\/193673"}],"wp:attachment":[{"href":"https:\/\/ekkla.ch\/de\/wp-json\/wp\/v2\/media?parent=193674"}],"wp:term":[{"taxonomy":"product_cat","embeddable":true,"href":"https:\/\/ekkla.ch\/de\/wp-json\/wp\/v2\/product_cat?post=193674"},{"taxonomy":"product_tag","embeddable":true,"href":"https:\/\/ekkla.ch\/de\/wp-json\/wp\/v2\/product_tag?post=193674"}],"curies":[{"name":"wp","href":"https:\/\/api.w.org\/{rel}","templated":true}]}}