{"id":193742,"date":"2024-05-28T08:53:16","date_gmt":"2024-05-28T06:53:16","guid":{"rendered":"https:\/\/ekkla.ch\/produit\/outdoor-sessel-pacha-vollstaendig-gepolstert-mit-drehfunktion-libera-002-gubi\/"},"modified":"2024-05-28T09:32:00","modified_gmt":"2024-05-28T07:32:00","slug":"outdoor-sessel-pacha-vollstaendig-gepolstert-mit-drehfunktion-libera-002-gubi","status":"publish","type":"product","link":"https:\/\/ekkla.ch\/de\/produit\/outdoor-sessel-pacha-vollstaendig-gepolstert-mit-drehfunktion-libera-002-gubi\/","title":{"rendered":"Outdoor Sessel Pacha &#8211; Vollst\u00e4ndig gepolstert, mit Drehfunktion &#8211; Libera 002 &#8211; Gubi"},"content":{"rendered":"<div class=\"flex flex-grow flex-col max-w-full\">\n<div class=\"min-h-[20px] text-message flex flex-col items-start whitespace-pre-wrap break-words [.text-message+&amp;]:mt-5 juice:w-full juice:items-end overflow-x-auto gap-2\" dir=\"auto\" data-message-author-role=\"assistant\" data-message-id=\"5166cf7e-eb53-4795-a5bb-f60bd83db721\">\n<div class=\"flex w-full flex-col gap-1 juice:empty:hidden juice:first:pt-[3px]\">\n<div class=\"markdown prose w-full break-words dark:prose-invert light\">\n<p>Der legend\u00e4re franz\u00f6sische Designer Pierre Paulin entwarf den Sessel Pacha bereits 1975. Er verlieh den runden Formen echte Eleganz, indem er die perfekten Proportionen fand und den Sessel leicht vom Boden abhob. Paulin schuf damit eine moderne Art des Wohnens und des bodennahen Sitzens und vermied die traditionellen Stuhlbeine. Mit nach innen geneigten Nahtlinien im Schaumstoff und in der Polsterung bietet der Sessel Pacha aussergew\u00f6hnlichen Komfort und eine organische, fantasievolle \u00c4sthetik.<\/p>\n<p>Gubi hat diese Idee von Komfort und Wohlbefinden in seiner aktualisierten Version des ber\u00fchmten Pascha-Sessels beibehalten, die nun auch als Outdoor-Version erh\u00e4ltlich ist. Diese wetterfeste Version ist ideal f\u00fcr den Garten oder die Terrasse und verf\u00fcgt \u00fcber eine speziell entwickelte Membran, die wasserabweisend und atmungsaktiv ist und daf\u00fcr sorgt, dass der Stuhl nach einem Regenguss schnell wieder trocknet. Die drehbare Basis besteht aus einem feuchtigkeitsresistenten Material, das zus\u00e4tzlichen Schutz bietet.<\/p>\n<p>F\u00fcr zus\u00e4tzliche Praktikabilit\u00e4t ist eine Schutzh\u00fclle erh\u00e4ltlich, die den Stuhl nach einem Regenschauer sauber und einladend h\u00e4lt. Der Outdoor Sessel Pacha wurde also so konzipiert, dass er Ihrem Aussenbereich Komfort und Gem\u00fctlichkeit verleiht und dabei der von Paulin definierten \u00c4sthetik und den perfekten Proportionen treu bleibt.<\/p>\n<\/div>\n<\/div>\n<\/div>\n<\/div>\n<p>&nbsp;<\/p>\n<blockquote>\n<h2>Merkmale &amp; Eigenschaften<\/h2>\n<p><strong>Marke<\/strong>\u00a0Gubi<\/p>\n<p><strong>Farbe<\/strong> Hellgrau<\/p>\n<p><strong>Materialien<\/strong> Interne Struktur: wetterfestes beschichtetes Sperrholz \/ Polsterung: Schnittschaum mit atmungsaktiver, wasserfester Polymerzwischenschicht \/ Basis: feuchtigkeitsbest\u00e4ndiges beschichtetes Sperrholz \/ Schrauben und Drehmechanismus: Edelstahl.<\/p>\n<p><strong>Tiefe (cm) <\/strong>85<\/p>\n<p><strong>Breite (cm) <\/strong>77<\/p>\n<p><strong>H\u00f6he (cm) <\/strong>65<\/p>\n<div class=\"item\" data-v-6c1492fc=\"\"><strong>Tiefe der Sitzfl\u00e4che (cm)<\/strong> 77<\/div>\n<p><strong>Gewicht (kg)<\/strong> 21.4<\/p><\/blockquote>\n","protected":false},"excerpt":{"rendered":"<p>Der legend\u00e4re franz\u00f6sische Designer Pierre Paulin entwarf den Sessel Pacha bereits 1975. Er verlieh den runden Formen echte Eleganz, indem er die perfekten Proportionen fand und den Sessel leicht vom Boden abhob. Paulin schuf damit eine moderne Art des Wohnens und des bodennahen Sitzens und vermied die traditionellen Stuhlbeine. Mit nach innen geneigten Nahtlinien im [&hellip;]<\/p>\n","protected":false},"featured_media":193740,"template":"","meta":{"_acf_changed":false,"om_disable_all_campaigns":false},"product_cat":[964,972],"product_tag":[1254,892,1188,1265,801,1022,816],"bundled_by":[],"bundle_stock_status":"onbackorder","bundle_stock_quantity":null,"bundle_virtual":false,"bundle_layout":"","bundle_add_to_cart_form_location":"","bundle_editable_in_cart":false,"bundle_sold_individually_context":"","bundle_item_grouping":"","bundle_min_size":"","bundle_max_size":"","bundle_price":[],"bundled_items":[],"bundle_sell_ids":[],"acf":[],"yoast_head":"<!-- This site is optimized with the Yoast SEO Premium plugin v22.2 (Yoast SEO v22.8) - https:\/\/yoast.com\/wordpress\/plugins\/seo\/ -->\n<title>Outdoor Sessel Pacha - Vollst\u00e4ndig gepolstert, drehbar I Gubi<\/title>\n<meta name=\"description\" content=\"Entdecken Sie den Outdoor Sessel Pacha von Gubi. Elegant und bequem. Ideal f\u00fcr den Aussenbereich dank seiner wasserabweisenden und atmungsaktiven Membran.\" \/>\n<meta name=\"robots\" content=\"index, follow, max-snippet:-1, max-image-preview:large, max-video-preview:-1\" \/>\n<link rel=\"canonical\" href=\"https:\/\/ekkla.ch\/de\/produit\/outdoor-sessel-pacha-vollstaendig-gepolstert-mit-drehfunktion-libera-002-gubi\/\" \/>\n<meta property=\"og:locale\" content=\"de_DE\" \/>\n<meta property=\"og:type\" content=\"article\" \/>\n<meta property=\"og:title\" content=\"Outdoor Sessel Pacha - Vollst\u00e4ndig gepolstert, mit Drehfunktion - Libera 002 - Gubi\" \/>\n<meta property=\"og:description\" content=\"Entdecken Sie den Outdoor Sessel Pacha von Gubi. Elegant und bequem. Ideal f\u00fcr den Aussenbereich dank seiner wasserabweisenden und atmungsaktiven Membran.\" \/>\n<meta property=\"og:url\" content=\"https:\/\/ekkla.ch\/de\/produit\/outdoor-sessel-pacha-vollstaendig-gepolstert-mit-drehfunktion-libera-002-gubi\/\" \/>\n<meta property=\"og:site_name\" content=\"Ekkla\" \/>\n<meta property=\"article:modified_time\" content=\"2024-05-28T07:32:00+00:00\" \/>\n<meta property=\"og:image\" content=\"https:\/\/ekkla.ch\/wp-content\/uploads\/2024\/05\/ekkla-light-meubles-luminaires_produit_0011_10106194_f3q_pacha-outdoor-lounge-chair_dedar-libera-002-316242.jpg\" \/>\n\t<meta property=\"og:image:width\" content=\"1000\" \/>\n\t<meta property=\"og:image:height\" content=\"1000\" \/>\n\t<meta property=\"og:image:type\" content=\"image\/jpeg\" \/>\n<meta name=\"twitter:card\" content=\"summary_large_image\" \/>\n<meta name=\"twitter:label1\" content=\"Gesch\u00e4tzte Lesezeit\" \/>\n\t<meta name=\"twitter:data1\" content=\"2\u00a0Minuten\" \/>\n<script type=\"application\/ld+json\" class=\"yoast-schema-graph\">{\"@context\":\"https:\/\/schema.org\",\"@graph\":[{\"@type\":\"WebPage\",\"@id\":\"https:\/\/ekkla.ch\/de\/produit\/outdoor-sessel-pacha-vollstaendig-gepolstert-mit-drehfunktion-libera-002-gubi\/\",\"url\":\"https:\/\/ekkla.ch\/de\/produit\/outdoor-sessel-pacha-vollstaendig-gepolstert-mit-drehfunktion-libera-002-gubi\/\",\"name\":\"Outdoor Sessel Pacha - Vollst\u00e4ndig gepolstert, drehbar I Gubi\",\"isPartOf\":{\"@id\":\"https:\/\/ekkla.ch\/#website\"},\"primaryImageOfPage\":{\"@id\":\"https:\/\/ekkla.ch\/de\/produit\/outdoor-sessel-pacha-vollstaendig-gepolstert-mit-drehfunktion-libera-002-gubi\/#primaryimage\"},\"image\":{\"@id\":\"https:\/\/ekkla.ch\/de\/produit\/outdoor-sessel-pacha-vollstaendig-gepolstert-mit-drehfunktion-libera-002-gubi\/#primaryimage\"},\"thumbnailUrl\":\"https:\/\/ekkla.ch\/wp-content\/uploads\/2024\/05\/ekkla-light-meubles-luminaires_produit_0011_10106194_f3q_pacha-outdoor-lounge-chair_dedar-libera-002-316242.jpg\",\"datePublished\":\"2024-05-28T06:53:16+00:00\",\"dateModified\":\"2024-05-28T07:32:00+00:00\",\"description\":\"Entdecken Sie den Outdoor Sessel Pacha von Gubi. Elegant und bequem. Ideal f\u00fcr den Aussenbereich dank seiner wasserabweisenden und atmungsaktiven Membran.\",\"breadcrumb\":{\"@id\":\"https:\/\/ekkla.ch\/de\/produit\/outdoor-sessel-pacha-vollstaendig-gepolstert-mit-drehfunktion-libera-002-gubi\/#breadcrumb\"},\"inLanguage\":\"de\",\"potentialAction\":[{\"@type\":\"ReadAction\",\"target\":[\"https:\/\/ekkla.ch\/de\/produit\/outdoor-sessel-pacha-vollstaendig-gepolstert-mit-drehfunktion-libera-002-gubi\/\"]}]},{\"@type\":\"ImageObject\",\"inLanguage\":\"de\",\"@id\":\"https:\/\/ekkla.ch\/de\/produit\/outdoor-sessel-pacha-vollstaendig-gepolstert-mit-drehfunktion-libera-002-gubi\/#primaryimage\",\"url\":\"https:\/\/ekkla.ch\/wp-content\/uploads\/2024\/05\/ekkla-light-meubles-luminaires_produit_0011_10106194_f3q_pacha-outdoor-lounge-chair_dedar-libera-002-316242.jpg\",\"contentUrl\":\"https:\/\/ekkla.ch\/wp-content\/uploads\/2024\/05\/ekkla-light-meubles-luminaires_produit_0011_10106194_f3q_pacha-outdoor-lounge-chair_dedar-libera-002-316242.jpg\",\"width\":1000,\"height\":1000},{\"@type\":\"BreadcrumbList\",\"@id\":\"https:\/\/ekkla.ch\/de\/produit\/outdoor-sessel-pacha-vollstaendig-gepolstert-mit-drehfunktion-libera-002-gubi\/#breadcrumb\",\"itemListElement\":[{\"@type\":\"ListItem\",\"position\":1,\"name\":\"Home\",\"item\":\"https:\/\/ekkla.ch\/de\/\"},{\"@type\":\"ListItem\",\"position\":2,\"name\":\"Shop\",\"item\":\"https:\/\/ekkla.ch\/de\/shop\/\"},{\"@type\":\"ListItem\",\"position\":3,\"name\":\"Outdoor Sessel Pacha &#8211; Vollst\u00e4ndig gepolstert, mit Drehfunktion &#8211; Libera 002 &#8211; Gubi\"}]},{\"@type\":\"WebSite\",\"@id\":\"https:\/\/ekkla.ch\/#website\",\"url\":\"https:\/\/ekkla.ch\/\",\"name\":\"Ekkla\",\"description\":\"Der Onlineshop f\u00fcr Beleuchtung\",\"publisher\":{\"@id\":\"https:\/\/ekkla.ch\/#organization\"},\"potentialAction\":[{\"@type\":\"SearchAction\",\"target\":{\"@type\":\"EntryPoint\",\"urlTemplate\":\"https:\/\/ekkla.ch\/?s={search_term_string}\"},\"query-input\":\"required name=search_term_string\"}],\"inLanguage\":\"de\"},{\"@type\":\"Organization\",\"@id\":\"https:\/\/ekkla.ch\/#organization\",\"name\":\"Ekkla\",\"url\":\"https:\/\/ekkla.ch\/\",\"logo\":{\"@type\":\"ImageObject\",\"inLanguage\":\"de\",\"@id\":\"https:\/\/ekkla.ch\/#\/schema\/logo\/image\/\",\"url\":\"http:\/\/ekkla.ch\/wp-content\/uploads\/2019\/07\/logo-1.svg\",\"contentUrl\":\"http:\/\/ekkla.ch\/wp-content\/uploads\/2019\/07\/logo-1.svg\",\"width\":1,\"height\":1,\"caption\":\"Ekkla\"},\"image\":{\"@id\":\"https:\/\/ekkla.ch\/#\/schema\/logo\/image\/\"},\"sameAs\":[\"https:\/\/www.instagram.com\/ekkla_light\/\"]}]}<\/script>\n<!-- \/ Yoast SEO Premium plugin. -->","yoast_head_json":{"title":"Outdoor Sessel Pacha - Vollst\u00e4ndig gepolstert, drehbar I Gubi","description":"Entdecken Sie den Outdoor Sessel Pacha von Gubi. Elegant und bequem. Ideal f\u00fcr den Aussenbereich dank seiner wasserabweisenden und atmungsaktiven Membran.","robots":{"index":"index","follow":"follow","max-snippet":"max-snippet:-1","max-image-preview":"max-image-preview:large","max-video-preview":"max-video-preview:-1"},"canonical":"https:\/\/ekkla.ch\/de\/produit\/outdoor-sessel-pacha-vollstaendig-gepolstert-mit-drehfunktion-libera-002-gubi\/","og_locale":"de_DE","og_type":"article","og_title":"Outdoor Sessel Pacha - Vollst\u00e4ndig gepolstert, mit Drehfunktion - Libera 002 - Gubi","og_description":"Entdecken Sie den Outdoor Sessel Pacha von Gubi. Elegant und bequem. Ideal f\u00fcr den Aussenbereich dank seiner wasserabweisenden und atmungsaktiven Membran.","og_url":"https:\/\/ekkla.ch\/de\/produit\/outdoor-sessel-pacha-vollstaendig-gepolstert-mit-drehfunktion-libera-002-gubi\/","og_site_name":"Ekkla","article_modified_time":"2024-05-28T07:32:00+00:00","og_image":[{"width":1000,"height":1000,"url":"https:\/\/ekkla.ch\/wp-content\/uploads\/2024\/05\/ekkla-light-meubles-luminaires_produit_0011_10106194_f3q_pacha-outdoor-lounge-chair_dedar-libera-002-316242.jpg","type":"image\/jpeg"}],"twitter_card":"summary_large_image","twitter_misc":{"Gesch\u00e4tzte Lesezeit":"2\u00a0Minuten"},"schema":{"@context":"https:\/\/schema.org","@graph":[{"@type":"WebPage","@id":"https:\/\/ekkla.ch\/de\/produit\/outdoor-sessel-pacha-vollstaendig-gepolstert-mit-drehfunktion-libera-002-gubi\/","url":"https:\/\/ekkla.ch\/de\/produit\/outdoor-sessel-pacha-vollstaendig-gepolstert-mit-drehfunktion-libera-002-gubi\/","name":"Outdoor Sessel Pacha - Vollst\u00e4ndig gepolstert, drehbar I Gubi","isPartOf":{"@id":"https:\/\/ekkla.ch\/#website"},"primaryImageOfPage":{"@id":"https:\/\/ekkla.ch\/de\/produit\/outdoor-sessel-pacha-vollstaendig-gepolstert-mit-drehfunktion-libera-002-gubi\/#primaryimage"},"image":{"@id":"https:\/\/ekkla.ch\/de\/produit\/outdoor-sessel-pacha-vollstaendig-gepolstert-mit-drehfunktion-libera-002-gubi\/#primaryimage"},"thumbnailUrl":"https:\/\/ekkla.ch\/wp-content\/uploads\/2024\/05\/ekkla-light-meubles-luminaires_produit_0011_10106194_f3q_pacha-outdoor-lounge-chair_dedar-libera-002-316242.jpg","datePublished":"2024-05-28T06:53:16+00:00","dateModified":"2024-05-28T07:32:00+00:00","description":"Entdecken Sie den Outdoor Sessel Pacha von Gubi. Elegant und bequem. Ideal f\u00fcr den Aussenbereich dank seiner wasserabweisenden und atmungsaktiven Membran.","breadcrumb":{"@id":"https:\/\/ekkla.ch\/de\/produit\/outdoor-sessel-pacha-vollstaendig-gepolstert-mit-drehfunktion-libera-002-gubi\/#breadcrumb"},"inLanguage":"de","potentialAction":[{"@type":"ReadAction","target":["https:\/\/ekkla.ch\/de\/produit\/outdoor-sessel-pacha-vollstaendig-gepolstert-mit-drehfunktion-libera-002-gubi\/"]}]},{"@type":"ImageObject","inLanguage":"de","@id":"https:\/\/ekkla.ch\/de\/produit\/outdoor-sessel-pacha-vollstaendig-gepolstert-mit-drehfunktion-libera-002-gubi\/#primaryimage","url":"https:\/\/ekkla.ch\/wp-content\/uploads\/2024\/05\/ekkla-light-meubles-luminaires_produit_0011_10106194_f3q_pacha-outdoor-lounge-chair_dedar-libera-002-316242.jpg","contentUrl":"https:\/\/ekkla.ch\/wp-content\/uploads\/2024\/05\/ekkla-light-meubles-luminaires_produit_0011_10106194_f3q_pacha-outdoor-lounge-chair_dedar-libera-002-316242.jpg","width":1000,"height":1000},{"@type":"BreadcrumbList","@id":"https:\/\/ekkla.ch\/de\/produit\/outdoor-sessel-pacha-vollstaendig-gepolstert-mit-drehfunktion-libera-002-gubi\/#breadcrumb","itemListElement":[{"@type":"ListItem","position":1,"name":"Home","item":"https:\/\/ekkla.ch\/de\/"},{"@type":"ListItem","position":2,"name":"Shop","item":"https:\/\/ekkla.ch\/de\/shop\/"},{"@type":"ListItem","position":3,"name":"Outdoor Sessel Pacha &#8211; Vollst\u00e4ndig gepolstert, mit Drehfunktion &#8211; Libera 002 &#8211; Gubi"}]},{"@type":"WebSite","@id":"https:\/\/ekkla.ch\/#website","url":"https:\/\/ekkla.ch\/","name":"Ekkla","description":"Der Onlineshop f\u00fcr Beleuchtung","publisher":{"@id":"https:\/\/ekkla.ch\/#organization"},"potentialAction":[{"@type":"SearchAction","target":{"@type":"EntryPoint","urlTemplate":"https:\/\/ekkla.ch\/?s={search_term_string}"},"query-input":"required name=search_term_string"}],"inLanguage":"de"},{"@type":"Organization","@id":"https:\/\/ekkla.ch\/#organization","name":"Ekkla","url":"https:\/\/ekkla.ch\/","logo":{"@type":"ImageObject","inLanguage":"de","@id":"https:\/\/ekkla.ch\/#\/schema\/logo\/image\/","url":"http:\/\/ekkla.ch\/wp-content\/uploads\/2019\/07\/logo-1.svg","contentUrl":"http:\/\/ekkla.ch\/wp-content\/uploads\/2019\/07\/logo-1.svg","width":1,"height":1,"caption":"Ekkla"},"image":{"@id":"https:\/\/ekkla.ch\/#\/schema\/logo\/image\/"},"sameAs":["https:\/\/www.instagram.com\/ekkla_light\/"]}]}},"_links":{"self":[{"href":"https:\/\/ekkla.ch\/de\/wp-json\/wp\/v2\/product\/193742"}],"collection":[{"href":"https:\/\/ekkla.ch\/de\/wp-json\/wp\/v2\/product"}],"about":[{"href":"https:\/\/ekkla.ch\/de\/wp-json\/wp\/v2\/types\/product"}],"wp:featuredmedia":[{"embeddable":true,"href":"https:\/\/ekkla.ch\/de\/wp-json\/wp\/v2\/media\/193740"}],"wp:attachment":[{"href":"https:\/\/ekkla.ch\/de\/wp-json\/wp\/v2\/media?parent=193742"}],"wp:term":[{"taxonomy":"product_cat","embeddable":true,"href":"https:\/\/ekkla.ch\/de\/wp-json\/wp\/v2\/product_cat?post=193742"},{"taxonomy":"product_tag","embeddable":true,"href":"https:\/\/ekkla.ch\/de\/wp-json\/wp\/v2\/product_tag?post=193742"}],"curies":[{"name":"wp","href":"https:\/\/api.w.org\/{rel}","templated":true}]}}