{"id":193922,"date":"2024-05-29T04:27:46","date_gmt":"2024-05-29T02:27:46","guid":{"rendered":"https:\/\/ekkla.ch\/produit\/outdoor-sessel-tropique-beige-limonta-12-gubi\/"},"modified":"2024-05-29T04:40:10","modified_gmt":"2024-05-29T02:40:10","slug":"outdoor-sessel-tropique-beige-limonta-12-gubi","status":"publish","type":"product","link":"https:\/\/ekkla.ch\/de\/produit\/outdoor-sessel-tropique-beige-limonta-12-gubi\/","title":{"rendered":"Outdoor Sessel Tropique &#8211; Beige &#8211; Limonta 12 &#8211; Gubi"},"content":{"rendered":"<div class=\"flex flex-grow flex-col max-w-full\">\n<div class=\"min-h-[20px] text-message flex flex-col items-start whitespace-pre-wrap break-words [.text-message+&amp;]:mt-5 juice:w-full juice:items-end overflow-x-auto gap-2\" dir=\"auto\" data-message-author-role=\"assistant\" data-message-id=\"5166cf7e-eb53-4795-a5bb-f60bd83db721\">\n<div class=\"flex w-full flex-col gap-1 juice:empty:hidden juice:first:pt-[3px]\">\n<div class=\"markdown prose w-full break-words dark:prose-invert light\">\n<p>Die in den 50er Jahren vom Designer Mathieu Mat\u00e9got entworfene Outdoor Tropique M\u00f6belkollektion f\u00e4ngt die zeitlose Eleganz und den exotischen Luxus des Lebens im Freien an der C\u00f4te d&#8217;Azur Mitte des 20. Jahrhunderts ein. Mehr als 50 Jahre sp\u00e4ter ehrt Gubi Mathieu Mat\u00e9got mit der Neuauflage einer seiner ber\u00fchmtesten Kollektionen. Tropique wurde kurz nach seiner R\u00fcckkehr aus dem Zweiten Weltkrieg entwickelt und war eine seiner Schl\u00fcsselkollektionen, mit der Mathieu Mat\u00e9got seinen Ruf als Designer begr\u00fcndete. Die Kollektion Tropique, die seit Jahrzehnten nicht mehr produziert wurde, wird f\u00fcr das 21. Jahrhundert wiederbelebt und gibt einer neuen Generation die M\u00f6glichkeit, \u201ela dolce vita\u201c zu leben, wie Mathieu Mat\u00e9got es sich vorstellte. Die Tropique-Kollektion kombiniert materielle Einfachheit mit dekadenter \u00c4sthetik. Das Gestell jedes St\u00fccks besteht aus Edelstahlrohren mit einer markanten Kurve an den Beinen, die die Kollektion zu einem stimmigen Ganzen vereint.<\/p>\n<p>Beim Outdoor-Sessel Tropique werden Sitzfl\u00e4che und R\u00fcckenlehne nun aus einem langlebigen und flexiblen Outdoor-Gewebe gefertigt. Wie eine H\u00e4ngematte am Gestell aufgeh\u00e4ngt, ist die Sitzfl\u00e4che umh\u00fcllend und kann leicht abgenommen werden. Die R\u00fcckenlehne ist mit Schaumstoff gepolstert und ein separates Kissen verleiht der Sitzfl\u00e4che optimalen Komfort.<\/p>\n<\/div>\n<\/div>\n<\/div>\n<\/div>\n<p>&nbsp;<\/p>\n<blockquote>\n<h2>Merkmale &amp; Eigenschaften<\/h2>\n<p><strong>Marke<\/strong> Gubi<\/p>\n<p><strong>Farbe<\/strong> Beige<\/p>\n<p><strong>Materialien<\/strong> Outdoor-Gewebe, pulverbeschichteter Edelstahl<\/p>\n<p><strong>Tiefe (cm) <\/strong>58<\/p>\n<p><strong>Breite (cm) <\/strong>71<\/p>\n<p><strong>H\u00f6he (cm) <\/strong>86<\/p>\n<div class=\"item\" data-v-6c1492fc=\"\"><strong><span class=\"label\" data-v-6c1492fc=\"\">Tiefe der Sitzfl\u00e4che (cm) <\/span><\/strong><span class=\"value\" data-v-6c1492fc=\"\">45<\/span><\/div>\n<p><strong>Gewicht (kg)<\/strong> 10.7<\/p><\/blockquote>\n","protected":false},"excerpt":{"rendered":"<p>Die in den 50er Jahren vom Designer Mathieu Mat\u00e9got entworfene Outdoor Tropique M\u00f6belkollektion f\u00e4ngt die zeitlose Eleganz und den exotischen Luxus des Lebens im Freien an der C\u00f4te d&#8217;Azur Mitte des 20. Jahrhunderts ein. Mehr als 50 Jahre sp\u00e4ter ehrt Gubi Mathieu Mat\u00e9got mit der Neuauflage einer seiner ber\u00fchmtesten Kollektionen. Tropique wurde kurz nach seiner [&hellip;]<\/p>\n","protected":false},"featured_media":193921,"template":"","meta":{"_acf_changed":false,"om_disable_all_campaigns":false},"product_cat":[964,972,968],"product_tag":[1254,892,1188,1265,801,1022,816],"bundled_by":[],"bundle_stock_status":"onbackorder","bundle_stock_quantity":null,"bundle_virtual":false,"bundle_layout":"","bundle_add_to_cart_form_location":"","bundle_editable_in_cart":false,"bundle_sold_individually_context":"","bundle_item_grouping":"","bundle_min_size":"","bundle_max_size":"","bundle_price":[],"bundled_items":[],"bundle_sell_ids":[],"acf":[],"yoast_head":"<!-- This site is optimized with the Yoast SEO Premium plugin v22.2 (Yoast SEO v22.8) - https:\/\/yoast.com\/wordpress\/plugins\/seo\/ -->\n<title>Outdoor Sessel Tropique I Beige I Limonta 12 I Gubi I Ekkla<\/title>\n<meta name=\"description\" content=\"Entdecken Sie den Outdoor Sessel Tropique, der die Eleganz der C\u00f4te d&#039;Azur einf\u00e4ngt. Rostfreier Stahl, nachhaltiges und bequemes Outdoor-Gewebe.\" \/>\n<meta name=\"robots\" content=\"index, follow, max-snippet:-1, max-image-preview:large, max-video-preview:-1\" \/>\n<link rel=\"canonical\" href=\"https:\/\/ekkla.ch\/de\/produit\/outdoor-sessel-tropique-beige-limonta-12-gubi\/\" \/>\n<meta property=\"og:locale\" content=\"de_DE\" \/>\n<meta property=\"og:type\" content=\"article\" \/>\n<meta property=\"og:title\" content=\"Outdoor Sessel Tropique - Beige - Limonta 12 - Gubi\" \/>\n<meta property=\"og:description\" content=\"Entdecken Sie den Outdoor Sessel Tropique, der die Eleganz der C\u00f4te d&#039;Azur einf\u00e4ngt. Rostfreier Stahl, nachhaltiges und bequemes Outdoor-Gewebe.\" \/>\n<meta property=\"og:url\" content=\"https:\/\/ekkla.ch\/de\/produit\/outdoor-sessel-tropique-beige-limonta-12-gubi\/\" \/>\n<meta property=\"og:site_name\" content=\"Ekkla\" \/>\n<meta property=\"article:modified_time\" content=\"2024-05-29T02:40:10+00:00\" \/>\n<meta property=\"og:image\" content=\"https:\/\/ekkla.ch\/wp-content\/uploads\/2024\/05\/ekkla-light-meubles-luminaires_produit_0064_10092840_frt_tropique_dining_chair_wo_fringes_classic_white_semi_matt_udine_.jpg\" \/>\n\t<meta property=\"og:image:width\" content=\"1000\" \/>\n\t<meta property=\"og:image:height\" content=\"1000\" \/>\n\t<meta property=\"og:image:type\" content=\"image\/jpeg\" \/>\n<meta name=\"twitter:card\" content=\"summary_large_image\" \/>\n<meta name=\"twitter:label1\" content=\"Gesch\u00e4tzte Lesezeit\" \/>\n\t<meta name=\"twitter:data1\" content=\"2\u00a0Minuten\" \/>\n<script type=\"application\/ld+json\" class=\"yoast-schema-graph\">{\"@context\":\"https:\/\/schema.org\",\"@graph\":[{\"@type\":\"WebPage\",\"@id\":\"https:\/\/ekkla.ch\/de\/produit\/outdoor-sessel-tropique-beige-limonta-12-gubi\/\",\"url\":\"https:\/\/ekkla.ch\/de\/produit\/outdoor-sessel-tropique-beige-limonta-12-gubi\/\",\"name\":\"Outdoor Sessel Tropique I Beige I Limonta 12 I Gubi I Ekkla\",\"isPartOf\":{\"@id\":\"https:\/\/ekkla.ch\/#website\"},\"primaryImageOfPage\":{\"@id\":\"https:\/\/ekkla.ch\/de\/produit\/outdoor-sessel-tropique-beige-limonta-12-gubi\/#primaryimage\"},\"image\":{\"@id\":\"https:\/\/ekkla.ch\/de\/produit\/outdoor-sessel-tropique-beige-limonta-12-gubi\/#primaryimage\"},\"thumbnailUrl\":\"https:\/\/ekkla.ch\/wp-content\/uploads\/2024\/05\/ekkla-light-meubles-luminaires_produit_0064_10092840_frt_tropique_dining_chair_wo_fringes_classic_white_semi_matt_udine_.jpg\",\"datePublished\":\"2024-05-29T02:27:46+00:00\",\"dateModified\":\"2024-05-29T02:40:10+00:00\",\"description\":\"Entdecken Sie den Outdoor Sessel Tropique, der die Eleganz der C\u00f4te d'Azur einf\u00e4ngt. Rostfreier Stahl, nachhaltiges und bequemes Outdoor-Gewebe.\",\"breadcrumb\":{\"@id\":\"https:\/\/ekkla.ch\/de\/produit\/outdoor-sessel-tropique-beige-limonta-12-gubi\/#breadcrumb\"},\"inLanguage\":\"de\",\"potentialAction\":[{\"@type\":\"ReadAction\",\"target\":[\"https:\/\/ekkla.ch\/de\/produit\/outdoor-sessel-tropique-beige-limonta-12-gubi\/\"]}]},{\"@type\":\"ImageObject\",\"inLanguage\":\"de\",\"@id\":\"https:\/\/ekkla.ch\/de\/produit\/outdoor-sessel-tropique-beige-limonta-12-gubi\/#primaryimage\",\"url\":\"https:\/\/ekkla.ch\/wp-content\/uploads\/2024\/05\/ekkla-light-meubles-luminaires_produit_0064_10092840_frt_tropique_dining_chair_wo_fringes_classic_white_semi_matt_udine_.jpg\",\"contentUrl\":\"https:\/\/ekkla.ch\/wp-content\/uploads\/2024\/05\/ekkla-light-meubles-luminaires_produit_0064_10092840_frt_tropique_dining_chair_wo_fringes_classic_white_semi_matt_udine_.jpg\",\"width\":1000,\"height\":1000},{\"@type\":\"BreadcrumbList\",\"@id\":\"https:\/\/ekkla.ch\/de\/produit\/outdoor-sessel-tropique-beige-limonta-12-gubi\/#breadcrumb\",\"itemListElement\":[{\"@type\":\"ListItem\",\"position\":1,\"name\":\"Home\",\"item\":\"https:\/\/ekkla.ch\/de\/\"},{\"@type\":\"ListItem\",\"position\":2,\"name\":\"Shop\",\"item\":\"https:\/\/ekkla.ch\/de\/shop\/\"},{\"@type\":\"ListItem\",\"position\":3,\"name\":\"Outdoor Sessel Tropique &#8211; Beige &#8211; Limonta 12 &#8211; Gubi\"}]},{\"@type\":\"WebSite\",\"@id\":\"https:\/\/ekkla.ch\/#website\",\"url\":\"https:\/\/ekkla.ch\/\",\"name\":\"Ekkla\",\"description\":\"Der Onlineshop f\u00fcr Beleuchtung\",\"publisher\":{\"@id\":\"https:\/\/ekkla.ch\/#organization\"},\"potentialAction\":[{\"@type\":\"SearchAction\",\"target\":{\"@type\":\"EntryPoint\",\"urlTemplate\":\"https:\/\/ekkla.ch\/?s={search_term_string}\"},\"query-input\":\"required name=search_term_string\"}],\"inLanguage\":\"de\"},{\"@type\":\"Organization\",\"@id\":\"https:\/\/ekkla.ch\/#organization\",\"name\":\"Ekkla\",\"url\":\"https:\/\/ekkla.ch\/\",\"logo\":{\"@type\":\"ImageObject\",\"inLanguage\":\"de\",\"@id\":\"https:\/\/ekkla.ch\/#\/schema\/logo\/image\/\",\"url\":\"http:\/\/ekkla.ch\/wp-content\/uploads\/2019\/07\/logo-1.svg\",\"contentUrl\":\"http:\/\/ekkla.ch\/wp-content\/uploads\/2019\/07\/logo-1.svg\",\"width\":1,\"height\":1,\"caption\":\"Ekkla\"},\"image\":{\"@id\":\"https:\/\/ekkla.ch\/#\/schema\/logo\/image\/\"},\"sameAs\":[\"https:\/\/www.instagram.com\/ekkla_light\/\"]}]}<\/script>\n<!-- \/ Yoast SEO Premium plugin. -->","yoast_head_json":{"title":"Outdoor Sessel Tropique I Beige I Limonta 12 I Gubi I Ekkla","description":"Entdecken Sie den Outdoor Sessel Tropique, der die Eleganz der C\u00f4te d'Azur einf\u00e4ngt. Rostfreier Stahl, nachhaltiges und bequemes Outdoor-Gewebe.","robots":{"index":"index","follow":"follow","max-snippet":"max-snippet:-1","max-image-preview":"max-image-preview:large","max-video-preview":"max-video-preview:-1"},"canonical":"https:\/\/ekkla.ch\/de\/produit\/outdoor-sessel-tropique-beige-limonta-12-gubi\/","og_locale":"de_DE","og_type":"article","og_title":"Outdoor Sessel Tropique - Beige - Limonta 12 - Gubi","og_description":"Entdecken Sie den Outdoor Sessel Tropique, der die Eleganz der C\u00f4te d'Azur einf\u00e4ngt. Rostfreier Stahl, nachhaltiges und bequemes Outdoor-Gewebe.","og_url":"https:\/\/ekkla.ch\/de\/produit\/outdoor-sessel-tropique-beige-limonta-12-gubi\/","og_site_name":"Ekkla","article_modified_time":"2024-05-29T02:40:10+00:00","og_image":[{"width":1000,"height":1000,"url":"https:\/\/ekkla.ch\/wp-content\/uploads\/2024\/05\/ekkla-light-meubles-luminaires_produit_0064_10092840_frt_tropique_dining_chair_wo_fringes_classic_white_semi_matt_udine_.jpg","type":"image\/jpeg"}],"twitter_card":"summary_large_image","twitter_misc":{"Gesch\u00e4tzte Lesezeit":"2\u00a0Minuten"},"schema":{"@context":"https:\/\/schema.org","@graph":[{"@type":"WebPage","@id":"https:\/\/ekkla.ch\/de\/produit\/outdoor-sessel-tropique-beige-limonta-12-gubi\/","url":"https:\/\/ekkla.ch\/de\/produit\/outdoor-sessel-tropique-beige-limonta-12-gubi\/","name":"Outdoor Sessel Tropique I Beige I Limonta 12 I Gubi I Ekkla","isPartOf":{"@id":"https:\/\/ekkla.ch\/#website"},"primaryImageOfPage":{"@id":"https:\/\/ekkla.ch\/de\/produit\/outdoor-sessel-tropique-beige-limonta-12-gubi\/#primaryimage"},"image":{"@id":"https:\/\/ekkla.ch\/de\/produit\/outdoor-sessel-tropique-beige-limonta-12-gubi\/#primaryimage"},"thumbnailUrl":"https:\/\/ekkla.ch\/wp-content\/uploads\/2024\/05\/ekkla-light-meubles-luminaires_produit_0064_10092840_frt_tropique_dining_chair_wo_fringes_classic_white_semi_matt_udine_.jpg","datePublished":"2024-05-29T02:27:46+00:00","dateModified":"2024-05-29T02:40:10+00:00","description":"Entdecken Sie den Outdoor Sessel Tropique, der die Eleganz der C\u00f4te d'Azur einf\u00e4ngt. Rostfreier Stahl, nachhaltiges und bequemes Outdoor-Gewebe.","breadcrumb":{"@id":"https:\/\/ekkla.ch\/de\/produit\/outdoor-sessel-tropique-beige-limonta-12-gubi\/#breadcrumb"},"inLanguage":"de","potentialAction":[{"@type":"ReadAction","target":["https:\/\/ekkla.ch\/de\/produit\/outdoor-sessel-tropique-beige-limonta-12-gubi\/"]}]},{"@type":"ImageObject","inLanguage":"de","@id":"https:\/\/ekkla.ch\/de\/produit\/outdoor-sessel-tropique-beige-limonta-12-gubi\/#primaryimage","url":"https:\/\/ekkla.ch\/wp-content\/uploads\/2024\/05\/ekkla-light-meubles-luminaires_produit_0064_10092840_frt_tropique_dining_chair_wo_fringes_classic_white_semi_matt_udine_.jpg","contentUrl":"https:\/\/ekkla.ch\/wp-content\/uploads\/2024\/05\/ekkla-light-meubles-luminaires_produit_0064_10092840_frt_tropique_dining_chair_wo_fringes_classic_white_semi_matt_udine_.jpg","width":1000,"height":1000},{"@type":"BreadcrumbList","@id":"https:\/\/ekkla.ch\/de\/produit\/outdoor-sessel-tropique-beige-limonta-12-gubi\/#breadcrumb","itemListElement":[{"@type":"ListItem","position":1,"name":"Home","item":"https:\/\/ekkla.ch\/de\/"},{"@type":"ListItem","position":2,"name":"Shop","item":"https:\/\/ekkla.ch\/de\/shop\/"},{"@type":"ListItem","position":3,"name":"Outdoor Sessel Tropique &#8211; Beige &#8211; Limonta 12 &#8211; Gubi"}]},{"@type":"WebSite","@id":"https:\/\/ekkla.ch\/#website","url":"https:\/\/ekkla.ch\/","name":"Ekkla","description":"Der Onlineshop f\u00fcr Beleuchtung","publisher":{"@id":"https:\/\/ekkla.ch\/#organization"},"potentialAction":[{"@type":"SearchAction","target":{"@type":"EntryPoint","urlTemplate":"https:\/\/ekkla.ch\/?s={search_term_string}"},"query-input":"required name=search_term_string"}],"inLanguage":"de"},{"@type":"Organization","@id":"https:\/\/ekkla.ch\/#organization","name":"Ekkla","url":"https:\/\/ekkla.ch\/","logo":{"@type":"ImageObject","inLanguage":"de","@id":"https:\/\/ekkla.ch\/#\/schema\/logo\/image\/","url":"http:\/\/ekkla.ch\/wp-content\/uploads\/2019\/07\/logo-1.svg","contentUrl":"http:\/\/ekkla.ch\/wp-content\/uploads\/2019\/07\/logo-1.svg","width":1,"height":1,"caption":"Ekkla"},"image":{"@id":"https:\/\/ekkla.ch\/#\/schema\/logo\/image\/"},"sameAs":["https:\/\/www.instagram.com\/ekkla_light\/"]}]}},"_links":{"self":[{"href":"https:\/\/ekkla.ch\/de\/wp-json\/wp\/v2\/product\/193922"}],"collection":[{"href":"https:\/\/ekkla.ch\/de\/wp-json\/wp\/v2\/product"}],"about":[{"href":"https:\/\/ekkla.ch\/de\/wp-json\/wp\/v2\/types\/product"}],"wp:featuredmedia":[{"embeddable":true,"href":"https:\/\/ekkla.ch\/de\/wp-json\/wp\/v2\/media\/193921"}],"wp:attachment":[{"href":"https:\/\/ekkla.ch\/de\/wp-json\/wp\/v2\/media?parent=193922"}],"wp:term":[{"taxonomy":"product_cat","embeddable":true,"href":"https:\/\/ekkla.ch\/de\/wp-json\/wp\/v2\/product_cat?post=193922"},{"taxonomy":"product_tag","embeddable":true,"href":"https:\/\/ekkla.ch\/de\/wp-json\/wp\/v2\/product_tag?post=193922"}],"curies":[{"name":"wp","href":"https:\/\/api.w.org\/{rel}","templated":true}]}}