{"id":193973,"date":"2024-05-29T06:35:00","date_gmt":"2024-05-29T04:35:00","guid":{"rendered":"https:\/\/ekkla.ch\/produit\/stuhl-bat-volle-polsterung-weiss-light-boucle-001-gubi\/"},"modified":"2024-05-29T07:00:55","modified_gmt":"2024-05-29T05:00:55","slug":"stuhl-bat-volle-polsterung-weiss-light-boucle-001-gubi","status":"publish","type":"product","link":"https:\/\/ekkla.ch\/de\/produit\/stuhl-bat-volle-polsterung-weiss-light-boucle-001-gubi\/","title":{"rendered":"Stuhl Bat &#8211; Volle Polsterung &#8211; Weiss &#8211; Light boucl\u00e9 (001) &#8211; Gubi"},"content":{"rendered":"<div class=\"flex flex-grow flex-col max-w-full\">\n<div class=\"min-h-[20px] text-message flex flex-col items-start whitespace-pre-wrap break-words [.text-message+&amp;]:mt-5 juice:w-full juice:items-end overflow-x-auto gap-2\" dir=\"auto\" data-message-author-role=\"assistant\" data-message-id=\"5166cf7e-eb53-4795-a5bb-f60bd83db721\">\n<div class=\"flex w-full flex-col gap-1 juice:empty:hidden juice:first:pt-[3px]\">\n<div class=\"markdown prose w-full break-words dark:prose-invert light\">\n<div class=\"flex flex-grow flex-col max-w-full\">\n<div class=\"min-h-[20px] text-message flex flex-col items-start whitespace-pre-wrap break-words [.text-message+&amp;]:mt-5 juice:w-full juice:items-end overflow-x-auto gap-2\" dir=\"auto\" data-message-author-role=\"assistant\" data-message-id=\"b7ebefe7-9d52-455f-9158-1f14ce088d1d\">\n<div class=\"flex w-full flex-col gap-1 juice:empty:hidden juice:first:pt-[3px]\">\n<div class=\"markdown prose w-full break-words dark:prose-invert light\">\n<div class=\"flex flex-grow flex-col max-w-full\">\n<div class=\"min-h-[20px] text-message flex flex-col items-start whitespace-pre-wrap break-words [.text-message+&amp;]:mt-5 juice:w-full juice:items-end overflow-x-auto gap-2\" dir=\"auto\" data-message-author-role=\"assistant\" data-message-id=\"3be9315f-f886-42be-a060-c63e046dedea\">\n<div class=\"flex w-full flex-col gap-1 juice:empty:hidden juice:first:pt-[3px]\">\n<div class=\"markdown prose w-full break-words dark:prose-invert light\">\n<p>Der von den Designern GamFratesi entworfene Stuhl Bat verk\u00f6rpert den skandinavischen Ansatz von Handwerkskunst, Einfachheit und Funktionalismus. Inspiriert von der Spannweite einer Fledermaus, bietet seine umh\u00fcllende Sitzschale mit Armlehnen sowohl \u00c4sthetik als auch Komfort. Der Bat Stuhl ist in verschiedenen Farben, Polsterungsoptionen und Untergestellen erh\u00e4ltlich und passt sich somit perfekt an verschiedene \u00f6ffentliche und private Einrichtungen an. Dank seines einzigartigen Designs k\u00f6nnen die Textilien ausgetauscht werden, um sein Aussehen zu erneuern, was ihn zu einem idealen M\u00f6belst\u00fcck f\u00fcr jede moderne Einrichtung macht, die sich von der Masse abheben m\u00f6chte.<\/p>\n<\/div>\n<\/div>\n<\/div>\n<\/div>\n<p>&nbsp;<\/p>\n<\/div>\n<\/div>\n<\/div>\n<\/div>\n<\/div>\n<\/div>\n<\/div>\n<\/div>\n<blockquote>\n<h2>Merkmale &amp; Eigenschaften<\/h2>\n<p><strong>Marke<\/strong> Gubi<\/p>\n<p><strong>Farbe<\/strong> Weiss<\/p>\n<p><strong>Materialien<\/strong> Kunststoff, Stahl, Polsterstoffe<\/p>\n<p><strong>H\u00f6he (cm) <\/strong>85<\/p>\n<p><strong>Breite (cm) <\/strong>61<\/p>\n<p><strong>Tiefe (cm) <\/strong>57<\/p>\n<p><strong>Tiefe der Sitzfl\u00e4che (cm)<\/strong> 44<\/p>\n<p><strong>Gewicht (kg)<\/strong> 9.4<\/p><\/blockquote>\n","protected":false},"excerpt":{"rendered":"<p>Der von den Designern GamFratesi entworfene Stuhl Bat verk\u00f6rpert den skandinavischen Ansatz von Handwerkskunst, Einfachheit und Funktionalismus. Inspiriert von der Spannweite einer Fledermaus, bietet seine umh\u00fcllende Sitzschale mit Armlehnen sowohl \u00c4sthetik als auch Komfort. Der Bat Stuhl ist in verschiedenen Farben, Polsterungsoptionen und Untergestellen erh\u00e4ltlich und passt sich somit perfekt an verschiedene \u00f6ffentliche und private [&hellip;]<\/p>\n","protected":false},"featured_media":193972,"template":"","meta":{"_acf_changed":false,"om_disable_all_campaigns":false},"product_cat":[964,968],"product_tag":[1254,892,1188,1265,801,1022,816],"bundled_by":[],"bundle_stock_status":"onbackorder","bundle_stock_quantity":null,"bundle_virtual":false,"bundle_layout":"","bundle_add_to_cart_form_location":"","bundle_editable_in_cart":false,"bundle_sold_individually_context":"","bundle_item_grouping":"","bundle_min_size":"","bundle_max_size":"","bundle_price":[],"bundled_items":[],"bundle_sell_ids":[],"acf":[],"yoast_head":"<!-- This site is optimized with the Yoast SEO Premium plugin v22.2 (Yoast SEO v22.8) - https:\/\/yoast.com\/wordpress\/plugins\/seo\/ -->\n<title>Stuhl Bat I Volle Polsterung I Weiss I Gubi I Ekkla<\/title>\n<meta name=\"description\" content=\"Entdecken Sie den Stuhl Bat, der skandinavische Handwerkskunst &amp; Komfort verk\u00f6rpert. Die \u00c4sthetik ist von der Spannweite einer Fledermaus inspiriert.\" \/>\n<meta name=\"robots\" content=\"index, follow, max-snippet:-1, max-image-preview:large, max-video-preview:-1\" \/>\n<link rel=\"canonical\" href=\"https:\/\/ekkla.ch\/de\/produit\/stuhl-bat-volle-polsterung-weiss-light-boucle-001-gubi\/\" \/>\n<meta property=\"og:locale\" content=\"de_DE\" \/>\n<meta property=\"og:type\" content=\"article\" \/>\n<meta property=\"og:title\" content=\"Stuhl Bat - Volle Polsterung - Weiss - Light boucl\u00e9 (001) - Gubi\" \/>\n<meta property=\"og:description\" content=\"Entdecken Sie den Stuhl Bat, der skandinavische Handwerkskunst &amp; Komfort verk\u00f6rpert. Die \u00c4sthetik ist von der Spannweite einer Fledermaus inspiriert.\" \/>\n<meta property=\"og:url\" content=\"https:\/\/ekkla.ch\/de\/produit\/stuhl-bat-volle-polsterung-weiss-light-boucle-001-gubi\/\" \/>\n<meta property=\"og:site_name\" content=\"Ekkla\" \/>\n<meta property=\"article:modified_time\" content=\"2024-05-29T05:00:55+00:00\" \/>\n<meta property=\"og:image\" content=\"https:\/\/ekkla.ch\/wp-content\/uploads\/2024\/05\/ekkla-light-meubles-luminaires_produit_0062_10104741_f3q_bat_diningchair_conic_fullyupholstered_black_gubi_lightboucle-0.jpg\" \/>\n\t<meta property=\"og:image:width\" content=\"1000\" \/>\n\t<meta property=\"og:image:height\" content=\"1000\" \/>\n\t<meta property=\"og:image:type\" content=\"image\/jpeg\" \/>\n<meta name=\"twitter:card\" content=\"summary_large_image\" \/>\n<meta name=\"twitter:label1\" content=\"Gesch\u00e4tzte Lesezeit\" \/>\n\t<meta name=\"twitter:data1\" content=\"2\u00a0Minuten\" \/>\n<script type=\"application\/ld+json\" class=\"yoast-schema-graph\">{\"@context\":\"https:\/\/schema.org\",\"@graph\":[{\"@type\":\"WebPage\",\"@id\":\"https:\/\/ekkla.ch\/de\/produit\/stuhl-bat-volle-polsterung-weiss-light-boucle-001-gubi\/\",\"url\":\"https:\/\/ekkla.ch\/de\/produit\/stuhl-bat-volle-polsterung-weiss-light-boucle-001-gubi\/\",\"name\":\"Stuhl Bat I Volle Polsterung I Weiss I Gubi I Ekkla\",\"isPartOf\":{\"@id\":\"https:\/\/ekkla.ch\/#website\"},\"primaryImageOfPage\":{\"@id\":\"https:\/\/ekkla.ch\/de\/produit\/stuhl-bat-volle-polsterung-weiss-light-boucle-001-gubi\/#primaryimage\"},\"image\":{\"@id\":\"https:\/\/ekkla.ch\/de\/produit\/stuhl-bat-volle-polsterung-weiss-light-boucle-001-gubi\/#primaryimage\"},\"thumbnailUrl\":\"https:\/\/ekkla.ch\/wp-content\/uploads\/2024\/05\/ekkla-light-meubles-luminaires_produit_0062_10104741_f3q_bat_diningchair_conic_fullyupholstered_black_gubi_lightboucle-0.jpg\",\"datePublished\":\"2024-05-29T04:35:00+00:00\",\"dateModified\":\"2024-05-29T05:00:55+00:00\",\"description\":\"Entdecken Sie den Stuhl Bat, der skandinavische Handwerkskunst & Komfort verk\u00f6rpert. Die \u00c4sthetik ist von der Spannweite einer Fledermaus inspiriert.\",\"breadcrumb\":{\"@id\":\"https:\/\/ekkla.ch\/de\/produit\/stuhl-bat-volle-polsterung-weiss-light-boucle-001-gubi\/#breadcrumb\"},\"inLanguage\":\"de\",\"potentialAction\":[{\"@type\":\"ReadAction\",\"target\":[\"https:\/\/ekkla.ch\/de\/produit\/stuhl-bat-volle-polsterung-weiss-light-boucle-001-gubi\/\"]}]},{\"@type\":\"ImageObject\",\"inLanguage\":\"de\",\"@id\":\"https:\/\/ekkla.ch\/de\/produit\/stuhl-bat-volle-polsterung-weiss-light-boucle-001-gubi\/#primaryimage\",\"url\":\"https:\/\/ekkla.ch\/wp-content\/uploads\/2024\/05\/ekkla-light-meubles-luminaires_produit_0062_10104741_f3q_bat_diningchair_conic_fullyupholstered_black_gubi_lightboucle-0.jpg\",\"contentUrl\":\"https:\/\/ekkla.ch\/wp-content\/uploads\/2024\/05\/ekkla-light-meubles-luminaires_produit_0062_10104741_f3q_bat_diningchair_conic_fullyupholstered_black_gubi_lightboucle-0.jpg\",\"width\":1000,\"height\":1000},{\"@type\":\"BreadcrumbList\",\"@id\":\"https:\/\/ekkla.ch\/de\/produit\/stuhl-bat-volle-polsterung-weiss-light-boucle-001-gubi\/#breadcrumb\",\"itemListElement\":[{\"@type\":\"ListItem\",\"position\":1,\"name\":\"Home\",\"item\":\"https:\/\/ekkla.ch\/de\/\"},{\"@type\":\"ListItem\",\"position\":2,\"name\":\"Shop\",\"item\":\"https:\/\/ekkla.ch\/de\/shop\/\"},{\"@type\":\"ListItem\",\"position\":3,\"name\":\"Stuhl Bat &#8211; Volle Polsterung &#8211; Weiss &#8211; Light boucl\u00e9 (001) &#8211; Gubi\"}]},{\"@type\":\"WebSite\",\"@id\":\"https:\/\/ekkla.ch\/#website\",\"url\":\"https:\/\/ekkla.ch\/\",\"name\":\"Ekkla\",\"description\":\"Der Onlineshop f\u00fcr Beleuchtung\",\"publisher\":{\"@id\":\"https:\/\/ekkla.ch\/#organization\"},\"potentialAction\":[{\"@type\":\"SearchAction\",\"target\":{\"@type\":\"EntryPoint\",\"urlTemplate\":\"https:\/\/ekkla.ch\/?s={search_term_string}\"},\"query-input\":\"required name=search_term_string\"}],\"inLanguage\":\"de\"},{\"@type\":\"Organization\",\"@id\":\"https:\/\/ekkla.ch\/#organization\",\"name\":\"Ekkla\",\"url\":\"https:\/\/ekkla.ch\/\",\"logo\":{\"@type\":\"ImageObject\",\"inLanguage\":\"de\",\"@id\":\"https:\/\/ekkla.ch\/#\/schema\/logo\/image\/\",\"url\":\"http:\/\/ekkla.ch\/wp-content\/uploads\/2019\/07\/logo-1.svg\",\"contentUrl\":\"http:\/\/ekkla.ch\/wp-content\/uploads\/2019\/07\/logo-1.svg\",\"width\":1,\"height\":1,\"caption\":\"Ekkla\"},\"image\":{\"@id\":\"https:\/\/ekkla.ch\/#\/schema\/logo\/image\/\"},\"sameAs\":[\"https:\/\/www.instagram.com\/ekkla_light\/\"]}]}<\/script>\n<!-- \/ Yoast SEO Premium plugin. -->","yoast_head_json":{"title":"Stuhl Bat I Volle Polsterung I Weiss I Gubi I Ekkla","description":"Entdecken Sie den Stuhl Bat, der skandinavische Handwerkskunst & Komfort verk\u00f6rpert. Die \u00c4sthetik ist von der Spannweite einer Fledermaus inspiriert.","robots":{"index":"index","follow":"follow","max-snippet":"max-snippet:-1","max-image-preview":"max-image-preview:large","max-video-preview":"max-video-preview:-1"},"canonical":"https:\/\/ekkla.ch\/de\/produit\/stuhl-bat-volle-polsterung-weiss-light-boucle-001-gubi\/","og_locale":"de_DE","og_type":"article","og_title":"Stuhl Bat - Volle Polsterung - Weiss - Light boucl\u00e9 (001) - Gubi","og_description":"Entdecken Sie den Stuhl Bat, der skandinavische Handwerkskunst & Komfort verk\u00f6rpert. Die \u00c4sthetik ist von der Spannweite einer Fledermaus inspiriert.","og_url":"https:\/\/ekkla.ch\/de\/produit\/stuhl-bat-volle-polsterung-weiss-light-boucle-001-gubi\/","og_site_name":"Ekkla","article_modified_time":"2024-05-29T05:00:55+00:00","og_image":[{"width":1000,"height":1000,"url":"https:\/\/ekkla.ch\/wp-content\/uploads\/2024\/05\/ekkla-light-meubles-luminaires_produit_0062_10104741_f3q_bat_diningchair_conic_fullyupholstered_black_gubi_lightboucle-0.jpg","type":"image\/jpeg"}],"twitter_card":"summary_large_image","twitter_misc":{"Gesch\u00e4tzte Lesezeit":"2\u00a0Minuten"},"schema":{"@context":"https:\/\/schema.org","@graph":[{"@type":"WebPage","@id":"https:\/\/ekkla.ch\/de\/produit\/stuhl-bat-volle-polsterung-weiss-light-boucle-001-gubi\/","url":"https:\/\/ekkla.ch\/de\/produit\/stuhl-bat-volle-polsterung-weiss-light-boucle-001-gubi\/","name":"Stuhl Bat I Volle Polsterung I Weiss I Gubi I Ekkla","isPartOf":{"@id":"https:\/\/ekkla.ch\/#website"},"primaryImageOfPage":{"@id":"https:\/\/ekkla.ch\/de\/produit\/stuhl-bat-volle-polsterung-weiss-light-boucle-001-gubi\/#primaryimage"},"image":{"@id":"https:\/\/ekkla.ch\/de\/produit\/stuhl-bat-volle-polsterung-weiss-light-boucle-001-gubi\/#primaryimage"},"thumbnailUrl":"https:\/\/ekkla.ch\/wp-content\/uploads\/2024\/05\/ekkla-light-meubles-luminaires_produit_0062_10104741_f3q_bat_diningchair_conic_fullyupholstered_black_gubi_lightboucle-0.jpg","datePublished":"2024-05-29T04:35:00+00:00","dateModified":"2024-05-29T05:00:55+00:00","description":"Entdecken Sie den Stuhl Bat, der skandinavische Handwerkskunst & Komfort verk\u00f6rpert. Die \u00c4sthetik ist von der Spannweite einer Fledermaus inspiriert.","breadcrumb":{"@id":"https:\/\/ekkla.ch\/de\/produit\/stuhl-bat-volle-polsterung-weiss-light-boucle-001-gubi\/#breadcrumb"},"inLanguage":"de","potentialAction":[{"@type":"ReadAction","target":["https:\/\/ekkla.ch\/de\/produit\/stuhl-bat-volle-polsterung-weiss-light-boucle-001-gubi\/"]}]},{"@type":"ImageObject","inLanguage":"de","@id":"https:\/\/ekkla.ch\/de\/produit\/stuhl-bat-volle-polsterung-weiss-light-boucle-001-gubi\/#primaryimage","url":"https:\/\/ekkla.ch\/wp-content\/uploads\/2024\/05\/ekkla-light-meubles-luminaires_produit_0062_10104741_f3q_bat_diningchair_conic_fullyupholstered_black_gubi_lightboucle-0.jpg","contentUrl":"https:\/\/ekkla.ch\/wp-content\/uploads\/2024\/05\/ekkla-light-meubles-luminaires_produit_0062_10104741_f3q_bat_diningchair_conic_fullyupholstered_black_gubi_lightboucle-0.jpg","width":1000,"height":1000},{"@type":"BreadcrumbList","@id":"https:\/\/ekkla.ch\/de\/produit\/stuhl-bat-volle-polsterung-weiss-light-boucle-001-gubi\/#breadcrumb","itemListElement":[{"@type":"ListItem","position":1,"name":"Home","item":"https:\/\/ekkla.ch\/de\/"},{"@type":"ListItem","position":2,"name":"Shop","item":"https:\/\/ekkla.ch\/de\/shop\/"},{"@type":"ListItem","position":3,"name":"Stuhl Bat &#8211; Volle Polsterung &#8211; Weiss &#8211; Light boucl\u00e9 (001) &#8211; Gubi"}]},{"@type":"WebSite","@id":"https:\/\/ekkla.ch\/#website","url":"https:\/\/ekkla.ch\/","name":"Ekkla","description":"Der Onlineshop f\u00fcr Beleuchtung","publisher":{"@id":"https:\/\/ekkla.ch\/#organization"},"potentialAction":[{"@type":"SearchAction","target":{"@type":"EntryPoint","urlTemplate":"https:\/\/ekkla.ch\/?s={search_term_string}"},"query-input":"required name=search_term_string"}],"inLanguage":"de"},{"@type":"Organization","@id":"https:\/\/ekkla.ch\/#organization","name":"Ekkla","url":"https:\/\/ekkla.ch\/","logo":{"@type":"ImageObject","inLanguage":"de","@id":"https:\/\/ekkla.ch\/#\/schema\/logo\/image\/","url":"http:\/\/ekkla.ch\/wp-content\/uploads\/2019\/07\/logo-1.svg","contentUrl":"http:\/\/ekkla.ch\/wp-content\/uploads\/2019\/07\/logo-1.svg","width":1,"height":1,"caption":"Ekkla"},"image":{"@id":"https:\/\/ekkla.ch\/#\/schema\/logo\/image\/"},"sameAs":["https:\/\/www.instagram.com\/ekkla_light\/"]}]}},"_links":{"self":[{"href":"https:\/\/ekkla.ch\/de\/wp-json\/wp\/v2\/product\/193973"}],"collection":[{"href":"https:\/\/ekkla.ch\/de\/wp-json\/wp\/v2\/product"}],"about":[{"href":"https:\/\/ekkla.ch\/de\/wp-json\/wp\/v2\/types\/product"}],"wp:featuredmedia":[{"embeddable":true,"href":"https:\/\/ekkla.ch\/de\/wp-json\/wp\/v2\/media\/193972"}],"wp:attachment":[{"href":"https:\/\/ekkla.ch\/de\/wp-json\/wp\/v2\/media?parent=193973"}],"wp:term":[{"taxonomy":"product_cat","embeddable":true,"href":"https:\/\/ekkla.ch\/de\/wp-json\/wp\/v2\/product_cat?post=193973"},{"taxonomy":"product_tag","embeddable":true,"href":"https:\/\/ekkla.ch\/de\/wp-json\/wp\/v2\/product_tag?post=193973"}],"curies":[{"name":"wp","href":"https:\/\/api.w.org\/{rel}","templated":true}]}}