{"id":194005,"date":"2024-05-29T08:56:45","date_gmt":"2024-05-29T06:56:45","guid":{"rendered":"https:\/\/ekkla.ch\/?post_type=product&#038;p=194005"},"modified":"2024-05-29T10:48:42","modified_gmt":"2024-05-29T08:48:42","slug":"hochstuhl-beetle-ungepolstert-h-65-konische-basis-schwarz-gubi-copie","status":"publish","type":"product","link":"https:\/\/ekkla.ch\/de\/produit\/hochstuhl-beetle-ungepolstert-h-65-konische-basis-schwarz-gubi-copie\/","title":{"rendered":"Stuhl Beetle &#8211; Sitzschale aus zwei Materialien &#8211; Helles Holz und gr\u00fcner Stoff &#8211; Gubi"},"content":{"rendered":"<div class=\"flex flex-grow flex-col max-w-full\">\n<div class=\"min-h-[20px] text-message flex flex-col items-start whitespace-pre-wrap break-words [.text-message+&amp;]:mt-5 juice:w-full juice:items-end overflow-x-auto gap-2\" dir=\"auto\" data-message-author-role=\"assistant\" data-message-id=\"5166cf7e-eb53-4795-a5bb-f60bd83db721\">\n<div class=\"flex w-full flex-col gap-1 juice:empty:hidden juice:first:pt-[3px]\">\n<div class=\"markdown prose w-full break-words dark:prose-invert light\">\n<div class=\"flex flex-grow flex-col max-w-full\">\n<div class=\"min-h-[20px] text-message flex flex-col items-start whitespace-pre-wrap break-words [.text-message+&amp;]:mt-5 juice:w-full juice:items-end overflow-x-auto gap-2\" dir=\"auto\" data-message-author-role=\"assistant\" data-message-id=\"b7ebefe7-9d52-455f-9158-1f14ce088d1d\">\n<div class=\"flex w-full flex-col gap-1 juice:empty:hidden juice:first:pt-[3px]\">\n<div class=\"markdown prose w-full break-words dark:prose-invert light\">\n<div class=\"flex flex-grow flex-col max-w-full\">\n<div class=\"min-h-[20px] text-message flex flex-col items-start whitespace-pre-wrap break-words [.text-message+&amp;]:mt-5 juice:w-full juice:items-end overflow-x-auto gap-2\" dir=\"auto\" data-message-author-role=\"assistant\" data-message-id=\"3be9315f-f886-42be-a060-c63e046dedea\">\n<div class=\"flex w-full flex-col gap-1 juice:empty:hidden juice:first:pt-[3px]\">\n<div class=\"markdown prose w-full break-words dark:prose-invert light\">\n<div class=\"flex flex-grow flex-col max-w-full\">\n<div class=\"min-h-[20px] text-message flex flex-col items-start whitespace-pre-wrap break-words [.text-message+&amp;]:mt-5 juice:w-full juice:items-end overflow-x-auto gap-2\" dir=\"auto\" data-message-author-role=\"assistant\" data-message-id=\"0aa17401-1848-419e-b8de-c6acc603fd6d\">\n<div class=\"flex w-full flex-col gap-1 juice:empty:hidden juice:first:pt-[3px]\">\n<div class=\"markdown prose w-full break-words dark:prose-invert light\">\n<p>Der Stuhl Beetle 3D Veneer, eine raffinierte Neuinterpretation des GamFratesi-Klassikers, vereint nat\u00fcrliche Eleganz mit aussergew\u00f6hnlichem Komfort. Die Sitzschale aus amerikanischer Eiche und Walnussholzfurnier erweitert die Relevanz des urspr\u00fcnglichen Designs, passt zu einer Vielzahl von Einrichtungsstilen und bewahrt gleichzeitig den Komfort, der den Stuhl ber\u00fchmt gemacht hat. Diese neueste Iteration der Beetle-Kollektion kann mit verschiedenen Untergestellen kombiniert werden, um sich an alle R\u00e4ume und Zwecke anzupassen. Inspiriert von der Form des K\u00e4fers, hat der Stuhl Beetle geschwungene Linien, die den Panzer des Insekts nachbilden, w\u00e4hrend die schlanken Stahlbeine an die Beine des K\u00e4fers erinnern. Mit seinem schwungvollen Design und seinem ausgezeichneten Komfort passt Beetle sowohl an den Esstisch als auch an den Schreibtisch und verleiht jeder Umgebung einen Hauch von Raffinesse.<\/p>\n<\/div>\n<\/div>\n<\/div>\n<\/div>\n<\/div>\n<\/div>\n<\/div>\n<\/div>\n<p>&nbsp;<\/p>\n<\/div>\n<\/div>\n<\/div>\n<\/div>\n<\/div>\n<\/div>\n<\/div>\n<\/div>\n<blockquote>\n<h2>Merkmale &amp; Eigenschaften<\/h2>\n<p><strong>Marke<\/strong>\u00a0Gubi<\/p>\n<p><strong>Farben<\/strong> Gr\u00fcn, Natureiche, Schwarz verchromt<\/p>\n<p><strong>Materialien<\/strong> Eiche und Stoff<\/p>\n<p><strong>H\u00f6he (cm) <\/strong>87<\/p>\n<p><strong>Breite (cm) <\/strong>56<\/p>\n<p><strong>Tiefe (cm) <\/strong>58<\/p>\n<p><strong>H\u00f6he der Sitzfl\u00e4che (cm) <\/strong>45.5<\/p>\n<p><strong>Tiefe der Sitzfl\u00e4che (cm) <\/strong>42<\/p>\n<p><strong>Gewicht (kg)<\/strong> 9.1<\/p><\/blockquote>\n","protected":false},"excerpt":{"rendered":"<p>Der Stuhl Beetle 3D Veneer, eine raffinierte Neuinterpretation des GamFratesi-Klassikers, vereint nat\u00fcrliche Eleganz mit aussergew\u00f6hnlichem Komfort. Die Sitzschale aus amerikanischer Eiche und Walnussholzfurnier erweitert die Relevanz des urspr\u00fcnglichen Designs, passt zu einer Vielzahl von Einrichtungsstilen und bewahrt gleichzeitig den Komfort, der den Stuhl ber\u00fchmt gemacht hat. Diese neueste Iteration der Beetle-Kollektion kann mit verschiedenen Untergestellen [&hellip;]<\/p>\n","protected":false},"featured_media":194020,"template":"","meta":{"_acf_changed":false,"om_disable_all_campaigns":false},"product_cat":[964,968],"product_tag":[1254,892,1188,1265,816],"bundled_by":[],"bundle_stock_status":"onbackorder","bundle_stock_quantity":null,"bundle_virtual":false,"bundle_layout":"","bundle_add_to_cart_form_location":"","bundle_editable_in_cart":false,"bundle_sold_individually_context":"","bundle_item_grouping":"","bundle_min_size":"","bundle_max_size":"","bundle_price":[],"bundled_items":[],"bundle_sell_ids":[],"acf":[],"yoast_head":"<!-- This site is optimized with the Yoast SEO Premium plugin v22.2 (Yoast SEO v22.8) - https:\/\/yoast.com\/wordpress\/plugins\/seo\/ -->\n<title>Stuhl Beetle I Helles Holz und gr\u00fcner Stoff I Gubi<\/title>\n<meta name=\"description\" content=\"Entdecken Sie den Stuhl Beetle, der Eleganz und Komfort vereint. Inspiriert vom K\u00e4fer verleiht er jeder Umgebung einen Hauch von Raffinesse.\" \/>\n<meta name=\"robots\" content=\"index, follow, max-snippet:-1, max-image-preview:large, max-video-preview:-1\" \/>\n<link rel=\"canonical\" href=\"https:\/\/ekkla.ch\/de\/produit\/hochstuhl-beetle-ungepolstert-h-65-konische-basis-schwarz-gubi-copie\/\" \/>\n<meta property=\"og:locale\" content=\"de_DE\" \/>\n<meta property=\"og:type\" content=\"article\" \/>\n<meta property=\"og:title\" content=\"Stuhl Beetle - Sitzschale aus zwei Materialien - Helles Holz und gr\u00fcner Stoff - Gubi\" \/>\n<meta property=\"og:description\" content=\"Entdecken Sie den Stuhl Beetle, der Eleganz und Komfort vereint. Inspiriert vom K\u00e4fer verleiht er jeder Umgebung einen Hauch von Raffinesse.\" \/>\n<meta property=\"og:url\" content=\"https:\/\/ekkla.ch\/de\/produit\/hochstuhl-beetle-ungepolstert-h-65-konische-basis-schwarz-gubi-copie\/\" \/>\n<meta property=\"og:site_name\" content=\"Ekkla\" \/>\n<meta property=\"article:modified_time\" content=\"2024-05-29T08:48:42+00:00\" \/>\n<meta property=\"og:image\" content=\"https:\/\/ekkla.ch\/wp-content\/uploads\/2024\/05\/ekkla-light-meubles-luminaires_produit_0057_10114101_f3q_beetle_dining-chair_conic_frontupholstered_oak_mumble-315936.jpg\" \/>\n\t<meta property=\"og:image:width\" content=\"1000\" \/>\n\t<meta property=\"og:image:height\" content=\"1000\" \/>\n\t<meta property=\"og:image:type\" content=\"image\/jpeg\" \/>\n<meta name=\"twitter:card\" content=\"summary_large_image\" \/>\n<meta name=\"twitter:label1\" content=\"Gesch\u00e4tzte Lesezeit\" \/>\n\t<meta name=\"twitter:data1\" content=\"2\u00a0Minuten\" \/>\n<script type=\"application\/ld+json\" class=\"yoast-schema-graph\">{\"@context\":\"https:\/\/schema.org\",\"@graph\":[{\"@type\":\"WebPage\",\"@id\":\"https:\/\/ekkla.ch\/de\/produit\/hochstuhl-beetle-ungepolstert-h-65-konische-basis-schwarz-gubi-copie\/\",\"url\":\"https:\/\/ekkla.ch\/de\/produit\/hochstuhl-beetle-ungepolstert-h-65-konische-basis-schwarz-gubi-copie\/\",\"name\":\"Stuhl Beetle I Helles Holz und gr\u00fcner Stoff I Gubi\",\"isPartOf\":{\"@id\":\"https:\/\/ekkla.ch\/#website\"},\"primaryImageOfPage\":{\"@id\":\"https:\/\/ekkla.ch\/de\/produit\/hochstuhl-beetle-ungepolstert-h-65-konische-basis-schwarz-gubi-copie\/#primaryimage\"},\"image\":{\"@id\":\"https:\/\/ekkla.ch\/de\/produit\/hochstuhl-beetle-ungepolstert-h-65-konische-basis-schwarz-gubi-copie\/#primaryimage\"},\"thumbnailUrl\":\"https:\/\/ekkla.ch\/wp-content\/uploads\/2024\/05\/ekkla-light-meubles-luminaires_produit_0057_10114101_f3q_beetle_dining-chair_conic_frontupholstered_oak_mumble-315936.jpg\",\"datePublished\":\"2024-05-29T06:56:45+00:00\",\"dateModified\":\"2024-05-29T08:48:42+00:00\",\"description\":\"Entdecken Sie den Stuhl Beetle, der Eleganz und Komfort vereint. Inspiriert vom K\u00e4fer verleiht er jeder Umgebung einen Hauch von Raffinesse.\",\"breadcrumb\":{\"@id\":\"https:\/\/ekkla.ch\/de\/produit\/hochstuhl-beetle-ungepolstert-h-65-konische-basis-schwarz-gubi-copie\/#breadcrumb\"},\"inLanguage\":\"de\",\"potentialAction\":[{\"@type\":\"ReadAction\",\"target\":[\"https:\/\/ekkla.ch\/de\/produit\/hochstuhl-beetle-ungepolstert-h-65-konische-basis-schwarz-gubi-copie\/\"]}]},{\"@type\":\"ImageObject\",\"inLanguage\":\"de\",\"@id\":\"https:\/\/ekkla.ch\/de\/produit\/hochstuhl-beetle-ungepolstert-h-65-konische-basis-schwarz-gubi-copie\/#primaryimage\",\"url\":\"https:\/\/ekkla.ch\/wp-content\/uploads\/2024\/05\/ekkla-light-meubles-luminaires_produit_0057_10114101_f3q_beetle_dining-chair_conic_frontupholstered_oak_mumble-315936.jpg\",\"contentUrl\":\"https:\/\/ekkla.ch\/wp-content\/uploads\/2024\/05\/ekkla-light-meubles-luminaires_produit_0057_10114101_f3q_beetle_dining-chair_conic_frontupholstered_oak_mumble-315936.jpg\",\"width\":1000,\"height\":1000},{\"@type\":\"BreadcrumbList\",\"@id\":\"https:\/\/ekkla.ch\/de\/produit\/hochstuhl-beetle-ungepolstert-h-65-konische-basis-schwarz-gubi-copie\/#breadcrumb\",\"itemListElement\":[{\"@type\":\"ListItem\",\"position\":1,\"name\":\"Home\",\"item\":\"https:\/\/ekkla.ch\/de\/\"},{\"@type\":\"ListItem\",\"position\":2,\"name\":\"Shop\",\"item\":\"https:\/\/ekkla.ch\/de\/shop\/\"},{\"@type\":\"ListItem\",\"position\":3,\"name\":\"Stuhl Beetle &#8211; Sitzschale aus zwei Materialien &#8211; Helles Holz und gr\u00fcner Stoff &#8211; Gubi\"}]},{\"@type\":\"WebSite\",\"@id\":\"https:\/\/ekkla.ch\/#website\",\"url\":\"https:\/\/ekkla.ch\/\",\"name\":\"Ekkla\",\"description\":\"Der Onlineshop f\u00fcr Beleuchtung\",\"publisher\":{\"@id\":\"https:\/\/ekkla.ch\/#organization\"},\"potentialAction\":[{\"@type\":\"SearchAction\",\"target\":{\"@type\":\"EntryPoint\",\"urlTemplate\":\"https:\/\/ekkla.ch\/?s={search_term_string}\"},\"query-input\":\"required name=search_term_string\"}],\"inLanguage\":\"de\"},{\"@type\":\"Organization\",\"@id\":\"https:\/\/ekkla.ch\/#organization\",\"name\":\"Ekkla\",\"url\":\"https:\/\/ekkla.ch\/\",\"logo\":{\"@type\":\"ImageObject\",\"inLanguage\":\"de\",\"@id\":\"https:\/\/ekkla.ch\/#\/schema\/logo\/image\/\",\"url\":\"http:\/\/ekkla.ch\/wp-content\/uploads\/2019\/07\/logo-1.svg\",\"contentUrl\":\"http:\/\/ekkla.ch\/wp-content\/uploads\/2019\/07\/logo-1.svg\",\"width\":1,\"height\":1,\"caption\":\"Ekkla\"},\"image\":{\"@id\":\"https:\/\/ekkla.ch\/#\/schema\/logo\/image\/\"},\"sameAs\":[\"https:\/\/www.instagram.com\/ekkla_light\/\"]}]}<\/script>\n<!-- \/ Yoast SEO Premium plugin. -->","yoast_head_json":{"title":"Stuhl Beetle I Helles Holz und gr\u00fcner Stoff I Gubi","description":"Entdecken Sie den Stuhl Beetle, der Eleganz und Komfort vereint. Inspiriert vom K\u00e4fer verleiht er jeder Umgebung einen Hauch von Raffinesse.","robots":{"index":"index","follow":"follow","max-snippet":"max-snippet:-1","max-image-preview":"max-image-preview:large","max-video-preview":"max-video-preview:-1"},"canonical":"https:\/\/ekkla.ch\/de\/produit\/hochstuhl-beetle-ungepolstert-h-65-konische-basis-schwarz-gubi-copie\/","og_locale":"de_DE","og_type":"article","og_title":"Stuhl Beetle - Sitzschale aus zwei Materialien - Helles Holz und gr\u00fcner Stoff - Gubi","og_description":"Entdecken Sie den Stuhl Beetle, der Eleganz und Komfort vereint. Inspiriert vom K\u00e4fer verleiht er jeder Umgebung einen Hauch von Raffinesse.","og_url":"https:\/\/ekkla.ch\/de\/produit\/hochstuhl-beetle-ungepolstert-h-65-konische-basis-schwarz-gubi-copie\/","og_site_name":"Ekkla","article_modified_time":"2024-05-29T08:48:42+00:00","og_image":[{"width":1000,"height":1000,"url":"https:\/\/ekkla.ch\/wp-content\/uploads\/2024\/05\/ekkla-light-meubles-luminaires_produit_0057_10114101_f3q_beetle_dining-chair_conic_frontupholstered_oak_mumble-315936.jpg","type":"image\/jpeg"}],"twitter_card":"summary_large_image","twitter_misc":{"Gesch\u00e4tzte Lesezeit":"2\u00a0Minuten"},"schema":{"@context":"https:\/\/schema.org","@graph":[{"@type":"WebPage","@id":"https:\/\/ekkla.ch\/de\/produit\/hochstuhl-beetle-ungepolstert-h-65-konische-basis-schwarz-gubi-copie\/","url":"https:\/\/ekkla.ch\/de\/produit\/hochstuhl-beetle-ungepolstert-h-65-konische-basis-schwarz-gubi-copie\/","name":"Stuhl Beetle I Helles Holz und gr\u00fcner Stoff I Gubi","isPartOf":{"@id":"https:\/\/ekkla.ch\/#website"},"primaryImageOfPage":{"@id":"https:\/\/ekkla.ch\/de\/produit\/hochstuhl-beetle-ungepolstert-h-65-konische-basis-schwarz-gubi-copie\/#primaryimage"},"image":{"@id":"https:\/\/ekkla.ch\/de\/produit\/hochstuhl-beetle-ungepolstert-h-65-konische-basis-schwarz-gubi-copie\/#primaryimage"},"thumbnailUrl":"https:\/\/ekkla.ch\/wp-content\/uploads\/2024\/05\/ekkla-light-meubles-luminaires_produit_0057_10114101_f3q_beetle_dining-chair_conic_frontupholstered_oak_mumble-315936.jpg","datePublished":"2024-05-29T06:56:45+00:00","dateModified":"2024-05-29T08:48:42+00:00","description":"Entdecken Sie den Stuhl Beetle, der Eleganz und Komfort vereint. Inspiriert vom K\u00e4fer verleiht er jeder Umgebung einen Hauch von Raffinesse.","breadcrumb":{"@id":"https:\/\/ekkla.ch\/de\/produit\/hochstuhl-beetle-ungepolstert-h-65-konische-basis-schwarz-gubi-copie\/#breadcrumb"},"inLanguage":"de","potentialAction":[{"@type":"ReadAction","target":["https:\/\/ekkla.ch\/de\/produit\/hochstuhl-beetle-ungepolstert-h-65-konische-basis-schwarz-gubi-copie\/"]}]},{"@type":"ImageObject","inLanguage":"de","@id":"https:\/\/ekkla.ch\/de\/produit\/hochstuhl-beetle-ungepolstert-h-65-konische-basis-schwarz-gubi-copie\/#primaryimage","url":"https:\/\/ekkla.ch\/wp-content\/uploads\/2024\/05\/ekkla-light-meubles-luminaires_produit_0057_10114101_f3q_beetle_dining-chair_conic_frontupholstered_oak_mumble-315936.jpg","contentUrl":"https:\/\/ekkla.ch\/wp-content\/uploads\/2024\/05\/ekkla-light-meubles-luminaires_produit_0057_10114101_f3q_beetle_dining-chair_conic_frontupholstered_oak_mumble-315936.jpg","width":1000,"height":1000},{"@type":"BreadcrumbList","@id":"https:\/\/ekkla.ch\/de\/produit\/hochstuhl-beetle-ungepolstert-h-65-konische-basis-schwarz-gubi-copie\/#breadcrumb","itemListElement":[{"@type":"ListItem","position":1,"name":"Home","item":"https:\/\/ekkla.ch\/de\/"},{"@type":"ListItem","position":2,"name":"Shop","item":"https:\/\/ekkla.ch\/de\/shop\/"},{"@type":"ListItem","position":3,"name":"Stuhl Beetle &#8211; Sitzschale aus zwei Materialien &#8211; Helles Holz und gr\u00fcner Stoff &#8211; Gubi"}]},{"@type":"WebSite","@id":"https:\/\/ekkla.ch\/#website","url":"https:\/\/ekkla.ch\/","name":"Ekkla","description":"Der Onlineshop f\u00fcr Beleuchtung","publisher":{"@id":"https:\/\/ekkla.ch\/#organization"},"potentialAction":[{"@type":"SearchAction","target":{"@type":"EntryPoint","urlTemplate":"https:\/\/ekkla.ch\/?s={search_term_string}"},"query-input":"required name=search_term_string"}],"inLanguage":"de"},{"@type":"Organization","@id":"https:\/\/ekkla.ch\/#organization","name":"Ekkla","url":"https:\/\/ekkla.ch\/","logo":{"@type":"ImageObject","inLanguage":"de","@id":"https:\/\/ekkla.ch\/#\/schema\/logo\/image\/","url":"http:\/\/ekkla.ch\/wp-content\/uploads\/2019\/07\/logo-1.svg","contentUrl":"http:\/\/ekkla.ch\/wp-content\/uploads\/2019\/07\/logo-1.svg","width":1,"height":1,"caption":"Ekkla"},"image":{"@id":"https:\/\/ekkla.ch\/#\/schema\/logo\/image\/"},"sameAs":["https:\/\/www.instagram.com\/ekkla_light\/"]}]}},"_links":{"self":[{"href":"https:\/\/ekkla.ch\/de\/wp-json\/wp\/v2\/product\/194005"}],"collection":[{"href":"https:\/\/ekkla.ch\/de\/wp-json\/wp\/v2\/product"}],"about":[{"href":"https:\/\/ekkla.ch\/de\/wp-json\/wp\/v2\/types\/product"}],"wp:featuredmedia":[{"embeddable":true,"href":"https:\/\/ekkla.ch\/de\/wp-json\/wp\/v2\/media\/194020"}],"wp:attachment":[{"href":"https:\/\/ekkla.ch\/de\/wp-json\/wp\/v2\/media?parent=194005"}],"wp:term":[{"taxonomy":"product_cat","embeddable":true,"href":"https:\/\/ekkla.ch\/de\/wp-json\/wp\/v2\/product_cat?post=194005"},{"taxonomy":"product_tag","embeddable":true,"href":"https:\/\/ekkla.ch\/de\/wp-json\/wp\/v2\/product_tag?post=194005"}],"curies":[{"name":"wp","href":"https:\/\/api.w.org\/{rel}","templated":true}]}}