{"id":194008,"date":"2024-05-18T13:03:12","date_gmt":"2024-05-18T11:03:12","guid":{"rendered":"https:\/\/ekkla.ch\/produit\/petite-friture-stapelbarer-stuhl-fromme-aluminium-weiss\/"},"modified":"2024-05-29T09:12:04","modified_gmt":"2024-05-29T07:12:04","slug":"petite-friture-stapelbarer-stuhl-fromme-aluminium-weiss","status":"publish","type":"product","link":"https:\/\/ekkla.ch\/de\/produit\/petite-friture-stapelbarer-stuhl-fromme-aluminium-weiss\/","title":{"rendered":"Petite Friture &#8211; Stapelbarer Stuhl Fromme &#8211; Aluminium &#8211; Weiss"},"content":{"rendered":"<p>Von Tom Chung, einem kanadischen Designer und leidenschaftlichen Radfahrer, entworfen, zeichnet sich die FROMME-Kollektion durch ihre klaren, stromlinienf\u00f6rmigen Linien aus, die von Rennr\u00e4dern inspiriert sind.<\/p>\n<p>Dieser Aluminiumstuhl, der sowohl robust als auch leicht ist, bietet dank geschickt unter dem Sitz platzierter Stossd\u00e4mpfer einen \u00fcberlegenen Komfort. Seine matte, k\u00f6rnige Pulverbeschichtung ist wasser- und UV-best\u00e4ndig und gew\u00e4hrleistet eine aussergew\u00f6hnliche Haltbarkeit f\u00fcr den Innen- und Au\u00dfenbereich.<\/p>\n<p>Der bis zu 6 Einheiten stapelbare FROMME-Stuhl passt perfekt zum FROMME-Tisch und schafft so ein modernes und funktionales Ensemble f\u00fcr Ihren Raum.<\/p>\n<p>Petite Friture ist eine franz\u00f6sische Marke, die 2009 gegr\u00fcndet wurde und einzigartige und engagierte Kollektionen anbietet. Jedes Projekt ist das Ergebnis einer Begegnung zwischen dem Herausgeber, dem Designer und dem Hersteller, mit dem gemeinsamen Ziel, nachhaltige Emotionen zu wecken. Die Marke engagiert sich f\u00fcr Nachhaltigkeit, Transparenz, Respekt und Dialog, und ihre Philosophie ist es, \u201edas Gute aus dem Sch\u00f6nen hervorzubringen\u201c.<\/p>\n<blockquote>\n<h2>Eigenschaften<\/h2>\n<p><strong>Marke<\/strong> Petite Friture<\/p>\n<p><strong>Farbe<\/strong> Weiss<\/p>\n<p><strong>Material<\/strong> Aluminium, pulverbeschichtet mit matter K\u00f6rnung &#8211; UV-best\u00e4ndig f\u00fcr den Au\u00dfeneinsatz<\/p>\n<p><strong>L\u00e4nge (cm) <\/strong>45<\/p>\n<p><strong>Tiefe (cm) <\/strong>47<\/p>\n<p><strong>H\u00f6he (cm) <\/strong>78<\/p>\n<div class=\"item\" data-v-6c1492fc=\"\"><strong><span class=\"label\" data-v-6c1492fc=\"\">Sitzh\u00f6he (cm) <\/span><\/strong><span class=\"value\" data-v-6c1492fc=\"\">45<\/span><\/div>\n<p><strong>Gewicht (kg) <\/strong>3.3<\/p><\/blockquote>\n","protected":false},"excerpt":{"rendered":"<p>Von Tom Chung, einem kanadischen Designer und leidenschaftlichen Radfahrer, entworfen, zeichnet sich die FROMME-Kollektion durch ihre klaren, stromlinienf\u00f6rmigen Linien aus, die von Rennr\u00e4dern inspiriert sind. Dieser Aluminiumstuhl, der sowohl robust als auch leicht ist, bietet dank geschickt unter dem Sitz platzierter Stossd\u00e4mpfer einen \u00fcberlegenen Komfort. Seine matte, k\u00f6rnige Pulverbeschichtung ist wasser- und UV-best\u00e4ndig und gew\u00e4hrleistet [&hellip;]<\/p>\n","protected":false},"featured_media":192472,"template":"","meta":{"_acf_changed":false,"om_disable_all_campaigns":false},"product_cat":[964,968],"product_tag":[1254,1265,801,1022],"bundled_by":[],"bundle_stock_status":"onbackorder","bundle_stock_quantity":null,"bundle_virtual":false,"bundle_layout":"","bundle_add_to_cart_form_location":"","bundle_editable_in_cart":false,"bundle_sold_individually_context":"","bundle_item_grouping":"","bundle_min_size":"","bundle_max_size":"","bundle_price":[],"bundled_items":[],"bundle_sell_ids":[],"acf":[],"yoast_head":"<!-- This site is optimized with the Yoast SEO Premium plugin v22.2 (Yoast SEO v22.8) - https:\/\/yoast.com\/wordpress\/plugins\/seo\/ -->\n<title>Stapelbarer Stuhl Fromme | Weiss | Petite Friture | Ekkla<\/title>\n<meta name=\"description\" content=\"Entdecken Sie die Fromme-Kollektion, geeignet f\u00fcr Innen und Aussen, mit von Fahrrads\u00e4tteln inspirierten Sitzfl\u00e4chen.\" \/>\n<meta name=\"robots\" content=\"index, follow, max-snippet:-1, max-image-preview:large, max-video-preview:-1\" \/>\n<link rel=\"canonical\" href=\"https:\/\/ekkla.ch\/de\/produit\/petite-friture-stapelbarer-stuhl-fromme-aluminium-weiss\/\" \/>\n<meta property=\"og:locale\" content=\"de_DE\" \/>\n<meta property=\"og:type\" content=\"article\" \/>\n<meta property=\"og:title\" content=\"Petite Friture - Stapelbarer Stuhl Fromme - Aluminium - Weiss\" \/>\n<meta property=\"og:description\" content=\"Entdecken Sie die Fromme-Kollektion, geeignet f\u00fcr Innen und Aussen, mit von Fahrrads\u00e4tteln inspirierten Sitzfl\u00e4chen.\" \/>\n<meta property=\"og:url\" content=\"https:\/\/ekkla.ch\/de\/produit\/petite-friture-stapelbarer-stuhl-fromme-aluminium-weiss\/\" \/>\n<meta property=\"og:site_name\" content=\"Ekkla\" \/>\n<meta property=\"article:modified_time\" content=\"2024-05-29T07:12:04+00:00\" \/>\n<meta property=\"og:image\" content=\"https:\/\/ekkla.ch\/wp-content\/uploads\/2024\/05\/ekkla-light-meubles-luminaires_0044_2022_12_PETITE_FRITURE_PACKSHOT_M0810107_FROMME_chair_white_2_DETOURAGE_092.jpg\" \/>\n\t<meta property=\"og:image:width\" content=\"1000\" \/>\n\t<meta property=\"og:image:height\" content=\"1000\" \/>\n\t<meta property=\"og:image:type\" content=\"image\/jpeg\" \/>\n<meta name=\"twitter:card\" content=\"summary_large_image\" \/>\n<meta name=\"twitter:label1\" content=\"Gesch\u00e4tzte Lesezeit\" \/>\n\t<meta name=\"twitter:data1\" content=\"1\u00a0Minute\" \/>\n<script type=\"application\/ld+json\" class=\"yoast-schema-graph\">{\"@context\":\"https:\/\/schema.org\",\"@graph\":[{\"@type\":\"WebPage\",\"@id\":\"https:\/\/ekkla.ch\/de\/produit\/petite-friture-stapelbarer-stuhl-fromme-aluminium-weiss\/\",\"url\":\"https:\/\/ekkla.ch\/de\/produit\/petite-friture-stapelbarer-stuhl-fromme-aluminium-weiss\/\",\"name\":\"Stapelbarer Stuhl Fromme | Weiss | Petite Friture | Ekkla\",\"isPartOf\":{\"@id\":\"https:\/\/ekkla.ch\/#website\"},\"primaryImageOfPage\":{\"@id\":\"https:\/\/ekkla.ch\/de\/produit\/petite-friture-stapelbarer-stuhl-fromme-aluminium-weiss\/#primaryimage\"},\"image\":{\"@id\":\"https:\/\/ekkla.ch\/de\/produit\/petite-friture-stapelbarer-stuhl-fromme-aluminium-weiss\/#primaryimage\"},\"thumbnailUrl\":\"https:\/\/ekkla.ch\/wp-content\/uploads\/2024\/05\/ekkla-light-meubles-luminaires_0044_2022_12_PETITE_FRITURE_PACKSHOT_M0810107_FROMME_chair_white_2_DETOURAGE_092.jpg\",\"datePublished\":\"2024-05-18T11:03:12+00:00\",\"dateModified\":\"2024-05-29T07:12:04+00:00\",\"description\":\"Entdecken Sie die Fromme-Kollektion, geeignet f\u00fcr Innen und Aussen, mit von Fahrrads\u00e4tteln inspirierten Sitzfl\u00e4chen.\",\"breadcrumb\":{\"@id\":\"https:\/\/ekkla.ch\/de\/produit\/petite-friture-stapelbarer-stuhl-fromme-aluminium-weiss\/#breadcrumb\"},\"inLanguage\":\"de\",\"potentialAction\":[{\"@type\":\"ReadAction\",\"target\":[\"https:\/\/ekkla.ch\/de\/produit\/petite-friture-stapelbarer-stuhl-fromme-aluminium-weiss\/\"]}]},{\"@type\":\"ImageObject\",\"inLanguage\":\"de\",\"@id\":\"https:\/\/ekkla.ch\/de\/produit\/petite-friture-stapelbarer-stuhl-fromme-aluminium-weiss\/#primaryimage\",\"url\":\"https:\/\/ekkla.ch\/wp-content\/uploads\/2024\/05\/ekkla-light-meubles-luminaires_0044_2022_12_PETITE_FRITURE_PACKSHOT_M0810107_FROMME_chair_white_2_DETOURAGE_092.jpg\",\"contentUrl\":\"https:\/\/ekkla.ch\/wp-content\/uploads\/2024\/05\/ekkla-light-meubles-luminaires_0044_2022_12_PETITE_FRITURE_PACKSHOT_M0810107_FROMME_chair_white_2_DETOURAGE_092.jpg\",\"width\":1000,\"height\":1000},{\"@type\":\"BreadcrumbList\",\"@id\":\"https:\/\/ekkla.ch\/de\/produit\/petite-friture-stapelbarer-stuhl-fromme-aluminium-weiss\/#breadcrumb\",\"itemListElement\":[{\"@type\":\"ListItem\",\"position\":1,\"name\":\"Home\",\"item\":\"https:\/\/ekkla.ch\/de\/\"},{\"@type\":\"ListItem\",\"position\":2,\"name\":\"Shop\",\"item\":\"https:\/\/ekkla.ch\/de\/shop\/\"},{\"@type\":\"ListItem\",\"position\":3,\"name\":\"Petite Friture &#8211; Stapelbarer Stuhl Fromme &#8211; Aluminium &#8211; Weiss\"}]},{\"@type\":\"WebSite\",\"@id\":\"https:\/\/ekkla.ch\/#website\",\"url\":\"https:\/\/ekkla.ch\/\",\"name\":\"Ekkla\",\"description\":\"Der Onlineshop f\u00fcr Beleuchtung\",\"publisher\":{\"@id\":\"https:\/\/ekkla.ch\/#organization\"},\"potentialAction\":[{\"@type\":\"SearchAction\",\"target\":{\"@type\":\"EntryPoint\",\"urlTemplate\":\"https:\/\/ekkla.ch\/?s={search_term_string}\"},\"query-input\":\"required name=search_term_string\"}],\"inLanguage\":\"de\"},{\"@type\":\"Organization\",\"@id\":\"https:\/\/ekkla.ch\/#organization\",\"name\":\"Ekkla\",\"url\":\"https:\/\/ekkla.ch\/\",\"logo\":{\"@type\":\"ImageObject\",\"inLanguage\":\"de\",\"@id\":\"https:\/\/ekkla.ch\/#\/schema\/logo\/image\/\",\"url\":\"http:\/\/ekkla.ch\/wp-content\/uploads\/2019\/07\/logo-1.svg\",\"contentUrl\":\"http:\/\/ekkla.ch\/wp-content\/uploads\/2019\/07\/logo-1.svg\",\"width\":1,\"height\":1,\"caption\":\"Ekkla\"},\"image\":{\"@id\":\"https:\/\/ekkla.ch\/#\/schema\/logo\/image\/\"},\"sameAs\":[\"https:\/\/www.instagram.com\/ekkla_light\/\"]}]}<\/script>\n<!-- \/ Yoast SEO Premium plugin. -->","yoast_head_json":{"title":"Stapelbarer Stuhl Fromme | Weiss | Petite Friture | Ekkla","description":"Entdecken Sie die Fromme-Kollektion, geeignet f\u00fcr Innen und Aussen, mit von Fahrrads\u00e4tteln inspirierten Sitzfl\u00e4chen.","robots":{"index":"index","follow":"follow","max-snippet":"max-snippet:-1","max-image-preview":"max-image-preview:large","max-video-preview":"max-video-preview:-1"},"canonical":"https:\/\/ekkla.ch\/de\/produit\/petite-friture-stapelbarer-stuhl-fromme-aluminium-weiss\/","og_locale":"de_DE","og_type":"article","og_title":"Petite Friture - Stapelbarer Stuhl Fromme - Aluminium - Weiss","og_description":"Entdecken Sie die Fromme-Kollektion, geeignet f\u00fcr Innen und Aussen, mit von Fahrrads\u00e4tteln inspirierten Sitzfl\u00e4chen.","og_url":"https:\/\/ekkla.ch\/de\/produit\/petite-friture-stapelbarer-stuhl-fromme-aluminium-weiss\/","og_site_name":"Ekkla","article_modified_time":"2024-05-29T07:12:04+00:00","og_image":[{"width":1000,"height":1000,"url":"https:\/\/ekkla.ch\/wp-content\/uploads\/2024\/05\/ekkla-light-meubles-luminaires_0044_2022_12_PETITE_FRITURE_PACKSHOT_M0810107_FROMME_chair_white_2_DETOURAGE_092.jpg","type":"image\/jpeg"}],"twitter_card":"summary_large_image","twitter_misc":{"Gesch\u00e4tzte Lesezeit":"1\u00a0Minute"},"schema":{"@context":"https:\/\/schema.org","@graph":[{"@type":"WebPage","@id":"https:\/\/ekkla.ch\/de\/produit\/petite-friture-stapelbarer-stuhl-fromme-aluminium-weiss\/","url":"https:\/\/ekkla.ch\/de\/produit\/petite-friture-stapelbarer-stuhl-fromme-aluminium-weiss\/","name":"Stapelbarer Stuhl Fromme | Weiss | Petite Friture | Ekkla","isPartOf":{"@id":"https:\/\/ekkla.ch\/#website"},"primaryImageOfPage":{"@id":"https:\/\/ekkla.ch\/de\/produit\/petite-friture-stapelbarer-stuhl-fromme-aluminium-weiss\/#primaryimage"},"image":{"@id":"https:\/\/ekkla.ch\/de\/produit\/petite-friture-stapelbarer-stuhl-fromme-aluminium-weiss\/#primaryimage"},"thumbnailUrl":"https:\/\/ekkla.ch\/wp-content\/uploads\/2024\/05\/ekkla-light-meubles-luminaires_0044_2022_12_PETITE_FRITURE_PACKSHOT_M0810107_FROMME_chair_white_2_DETOURAGE_092.jpg","datePublished":"2024-05-18T11:03:12+00:00","dateModified":"2024-05-29T07:12:04+00:00","description":"Entdecken Sie die Fromme-Kollektion, geeignet f\u00fcr Innen und Aussen, mit von Fahrrads\u00e4tteln inspirierten Sitzfl\u00e4chen.","breadcrumb":{"@id":"https:\/\/ekkla.ch\/de\/produit\/petite-friture-stapelbarer-stuhl-fromme-aluminium-weiss\/#breadcrumb"},"inLanguage":"de","potentialAction":[{"@type":"ReadAction","target":["https:\/\/ekkla.ch\/de\/produit\/petite-friture-stapelbarer-stuhl-fromme-aluminium-weiss\/"]}]},{"@type":"ImageObject","inLanguage":"de","@id":"https:\/\/ekkla.ch\/de\/produit\/petite-friture-stapelbarer-stuhl-fromme-aluminium-weiss\/#primaryimage","url":"https:\/\/ekkla.ch\/wp-content\/uploads\/2024\/05\/ekkla-light-meubles-luminaires_0044_2022_12_PETITE_FRITURE_PACKSHOT_M0810107_FROMME_chair_white_2_DETOURAGE_092.jpg","contentUrl":"https:\/\/ekkla.ch\/wp-content\/uploads\/2024\/05\/ekkla-light-meubles-luminaires_0044_2022_12_PETITE_FRITURE_PACKSHOT_M0810107_FROMME_chair_white_2_DETOURAGE_092.jpg","width":1000,"height":1000},{"@type":"BreadcrumbList","@id":"https:\/\/ekkla.ch\/de\/produit\/petite-friture-stapelbarer-stuhl-fromme-aluminium-weiss\/#breadcrumb","itemListElement":[{"@type":"ListItem","position":1,"name":"Home","item":"https:\/\/ekkla.ch\/de\/"},{"@type":"ListItem","position":2,"name":"Shop","item":"https:\/\/ekkla.ch\/de\/shop\/"},{"@type":"ListItem","position":3,"name":"Petite Friture &#8211; Stapelbarer Stuhl Fromme &#8211; Aluminium &#8211; Weiss"}]},{"@type":"WebSite","@id":"https:\/\/ekkla.ch\/#website","url":"https:\/\/ekkla.ch\/","name":"Ekkla","description":"Der Onlineshop f\u00fcr Beleuchtung","publisher":{"@id":"https:\/\/ekkla.ch\/#organization"},"potentialAction":[{"@type":"SearchAction","target":{"@type":"EntryPoint","urlTemplate":"https:\/\/ekkla.ch\/?s={search_term_string}"},"query-input":"required name=search_term_string"}],"inLanguage":"de"},{"@type":"Organization","@id":"https:\/\/ekkla.ch\/#organization","name":"Ekkla","url":"https:\/\/ekkla.ch\/","logo":{"@type":"ImageObject","inLanguage":"de","@id":"https:\/\/ekkla.ch\/#\/schema\/logo\/image\/","url":"http:\/\/ekkla.ch\/wp-content\/uploads\/2019\/07\/logo-1.svg","contentUrl":"http:\/\/ekkla.ch\/wp-content\/uploads\/2019\/07\/logo-1.svg","width":1,"height":1,"caption":"Ekkla"},"image":{"@id":"https:\/\/ekkla.ch\/#\/schema\/logo\/image\/"},"sameAs":["https:\/\/www.instagram.com\/ekkla_light\/"]}]}},"_links":{"self":[{"href":"https:\/\/ekkla.ch\/de\/wp-json\/wp\/v2\/product\/194008"}],"collection":[{"href":"https:\/\/ekkla.ch\/de\/wp-json\/wp\/v2\/product"}],"about":[{"href":"https:\/\/ekkla.ch\/de\/wp-json\/wp\/v2\/types\/product"}],"wp:featuredmedia":[{"embeddable":true,"href":"https:\/\/ekkla.ch\/de\/wp-json\/wp\/v2\/media\/192472"}],"wp:attachment":[{"href":"https:\/\/ekkla.ch\/de\/wp-json\/wp\/v2\/media?parent=194008"}],"wp:term":[{"taxonomy":"product_cat","embeddable":true,"href":"https:\/\/ekkla.ch\/de\/wp-json\/wp\/v2\/product_cat?post=194008"},{"taxonomy":"product_tag","embeddable":true,"href":"https:\/\/ekkla.ch\/de\/wp-json\/wp\/v2\/product_tag?post=194008"}],"curies":[{"name":"wp","href":"https:\/\/api.w.org\/{rel}","templated":true}]}}