{"id":194135,"date":"2024-05-29T20:03:39","date_gmt":"2024-05-29T18:03:39","guid":{"rendered":"https:\/\/ekkla.ch\/produit\/beetle-stuhl-vollstaendig-gepolsterte-sitzschale-rostroter-veloursstoff-gubi\/"},"modified":"2024-05-29T20:35:39","modified_gmt":"2024-05-29T18:35:39","slug":"beetle-stuhl-vollstaendig-gepolsterte-sitzschale-rostroter-veloursstoff-gubi","status":"publish","type":"product","link":"https:\/\/ekkla.ch\/de\/produit\/beetle-stuhl-vollstaendig-gepolsterte-sitzschale-rostroter-veloursstoff-gubi\/","title":{"rendered":"Beetle Stuhl &#8211; Vollst\u00e4ndig gepolsterte Sitzschale &#8211; Rostroter Veloursstoff &#8211; Gubi"},"content":{"rendered":"<div class=\"flex flex-grow flex-col max-w-full\">\n<div class=\"min-h-[20px] text-message flex flex-col items-start whitespace-pre-wrap break-words [.text-message+&amp;]:mt-5 juice:w-full juice:items-end overflow-x-auto gap-2\" dir=\"auto\" data-message-author-role=\"assistant\" data-message-id=\"5166cf7e-eb53-4795-a5bb-f60bd83db721\">\n<div class=\"flex w-full flex-col gap-1 juice:empty:hidden juice:first:pt-[3px]\">\n<div class=\"markdown prose w-full break-words dark:prose-invert light\">\n<div class=\"flex flex-grow flex-col max-w-full\">\n<div class=\"min-h-[20px] text-message flex flex-col items-start whitespace-pre-wrap break-words [.text-message+&amp;]:mt-5 juice:w-full juice:items-end overflow-x-auto gap-2\" dir=\"auto\" data-message-author-role=\"assistant\" data-message-id=\"b7ebefe7-9d52-455f-9158-1f14ce088d1d\">\n<div class=\"flex w-full flex-col gap-1 juice:empty:hidden juice:first:pt-[3px]\">\n<div class=\"markdown prose w-full break-words dark:prose-invert light\">\n<div class=\"flex flex-grow flex-col max-w-full\">\n<div class=\"min-h-[20px] text-message flex flex-col items-start whitespace-pre-wrap break-words [.text-message+&amp;]:mt-5 juice:w-full juice:items-end overflow-x-auto gap-2\" dir=\"auto\" data-message-author-role=\"assistant\" data-message-id=\"3be9315f-f886-42be-a060-c63e046dedea\">\n<div class=\"flex w-full flex-col gap-1 juice:empty:hidden juice:first:pt-[3px]\">\n<div class=\"markdown prose w-full break-words dark:prose-invert light\">\n<div class=\"flex flex-grow flex-col max-w-full\">\n<div class=\"min-h-[20px] text-message flex flex-col items-start whitespace-pre-wrap break-words [.text-message+&amp;]:mt-5 juice:w-full juice:items-end overflow-x-auto gap-2\" dir=\"auto\" data-message-author-role=\"assistant\" data-message-id=\"0aa17401-1848-419e-b8de-c6acc603fd6d\">\n<div class=\"flex w-full flex-col gap-1 juice:empty:hidden juice:first:pt-[3px]\">\n<div class=\"markdown prose w-full break-words dark:prose-invert light\">\n<div class=\"flex flex-grow flex-col max-w-full\">\n<div class=\"min-h-[20px] text-message flex flex-col items-start whitespace-pre-wrap break-words [.text-message+&amp;]:mt-5 juice:w-full juice:items-end overflow-x-auto gap-2\" dir=\"auto\" data-message-author-role=\"assistant\" data-message-id=\"1b8a67c8-ebf4-46dd-8a32-639d70e8821c\">\n<div class=\"flex w-full flex-col gap-1 juice:empty:hidden juice:first:pt-[3px]\">\n<div class=\"markdown prose w-full break-words dark:prose-invert light\">\n<p>Depuis son introduction en 2013, la chaise de salle \u00e0 manger Beetle, con\u00e7ue par le duo de designers GamFratesi, a \u00e9t\u00e9 accueillie avec enthousiasme par les consommateurs et les architectes d&#8217;int\u00e9rieur. Son design \u00e9l\u00e9gant, son confort exceptionnel et ses possibilit\u00e9s de personnalisation uniques en font un choix pris\u00e9 dans de nombreux restaurants renomm\u00e9s \u00e0 travers le monde. Inspir\u00e9e par les col\u00e9opt\u00e8res, la chaise Beetle se distingue par ses formes, ses coquilles et ses sutures qui refl\u00e8tent cette source d&#8217;inspiration naturelle. Enti\u00e8rement rembourr\u00e9e, elle offre une large gamme d&#8217;options de tissus et de pi\u00e8tements, permettant de cr\u00e9er un mod\u00e8le v\u00e9ritablement unique et parfaitement adapt\u00e9 \u00e0 divers environnements.<\/p>\n<p>&nbsp;<\/p>\n<\/div>\n<\/div>\n<\/div>\n<\/div>\n<\/div>\n<\/div>\n<\/div>\n<\/div>\n<\/div>\n<\/div>\n<\/div>\n<\/div>\n<\/div>\n<\/div>\n<\/div>\n<\/div>\n<\/div>\n<\/div>\n<\/div>\n<\/div>\n<blockquote>\n<h2>Caract\u00e9ristiques<\/h2>\n<p><strong>Marque<\/strong> Gubi<\/p>\n<p><strong>Couleur<\/strong> Rostrot<\/p>\n<p><strong>Mat\u00e9riau<\/strong> Veloursstoff<\/p>\n<p><strong>Hauteur (cm) <\/strong>87<\/p>\n<p><strong>Largeur (cm) <\/strong>56<\/p>\n<p><strong>Profondeur (cm) <\/strong>58<\/p>\n<p><strong>Profondeur d&#8217;assise (cm) <\/strong>42<\/p>\n<p><strong>Poids (kg)<\/strong> 8.4<\/p><\/blockquote>\n","protected":false},"excerpt":{"rendered":"<p>Depuis son introduction en 2013, la chaise de salle \u00e0 manger Beetle, con\u00e7ue par le duo de designers GamFratesi, a \u00e9t\u00e9 accueillie avec enthousiasme par les consommateurs et les architectes d&#8217;int\u00e9rieur. Son design \u00e9l\u00e9gant, son confort exceptionnel et ses possibilit\u00e9s de personnalisation uniques en font un choix pris\u00e9 dans de nombreux restaurants renomm\u00e9s \u00e0 travers [&hellip;]<\/p>\n","protected":false},"featured_media":194134,"template":"","meta":{"_acf_changed":false,"om_disable_all_campaigns":false},"product_cat":[964,968],"product_tag":[1254,892,1188,1265,801,816],"bundled_by":[],"bundle_stock_status":"onbackorder","bundle_stock_quantity":null,"bundle_virtual":false,"bundle_layout":"","bundle_add_to_cart_form_location":"","bundle_editable_in_cart":false,"bundle_sold_individually_context":"","bundle_item_grouping":"","bundle_min_size":"","bundle_max_size":"","bundle_price":[],"bundled_items":[],"bundle_sell_ids":[],"acf":[],"yoast_head":"<!-- This site is optimized with the Yoast SEO Premium plugin v22.2 (Yoast SEO v22.8) - https:\/\/yoast.com\/wordpress\/plugins\/seo\/ -->\n<title>Stuhl Beetle I Gepolsterte Sitzschale I Rostroter Veloursstoff I Gubi<\/title>\n<meta name=\"description\" content=\"Entdecken Sie den Stuhl Beetle, der durch sein von K\u00e4fern inspiriertes Design, seinen Komfort und seine zahlreichen Anpassungsm\u00f6glichkeiten besticht.\" \/>\n<meta name=\"robots\" content=\"index, follow, max-snippet:-1, max-image-preview:large, max-video-preview:-1\" \/>\n<link rel=\"canonical\" href=\"https:\/\/ekkla.ch\/de\/produit\/beetle-stuhl-vollstaendig-gepolsterte-sitzschale-rostroter-veloursstoff-gubi\/\" \/>\n<meta property=\"og:locale\" content=\"de_DE\" \/>\n<meta property=\"og:type\" content=\"article\" \/>\n<meta property=\"og:title\" content=\"Beetle Stuhl - Vollst\u00e4ndig gepolsterte Sitzschale - Rostroter Veloursstoff - Gubi\" \/>\n<meta property=\"og:description\" content=\"Entdecken Sie den Stuhl Beetle, der durch sein von K\u00e4fern inspiriertes Design, seinen Komfort und seine zahlreichen Anpassungsm\u00f6glichkeiten besticht.\" \/>\n<meta property=\"og:url\" content=\"https:\/\/ekkla.ch\/de\/produit\/beetle-stuhl-vollstaendig-gepolsterte-sitzschale-rostroter-veloursstoff-gubi\/\" \/>\n<meta property=\"og:site_name\" content=\"Ekkla\" \/>\n<meta property=\"article:modified_time\" content=\"2024-05-29T18:35:39+00:00\" \/>\n<meta property=\"og:image\" content=\"https:\/\/ekkla.ch\/wp-content\/uploads\/2024\/05\/ekkla-light-meubles-luminaires_produit_0072_10041222_f3q_beetle_diningchair_conic_black_dandy-rusty-red-303-320695.jpg\" \/>\n\t<meta property=\"og:image:width\" content=\"1000\" \/>\n\t<meta property=\"og:image:height\" content=\"1000\" \/>\n\t<meta property=\"og:image:type\" content=\"image\/jpeg\" \/>\n<meta name=\"twitter:card\" content=\"summary_large_image\" \/>\n<meta name=\"twitter:label1\" content=\"Gesch\u00e4tzte Lesezeit\" \/>\n\t<meta name=\"twitter:data1\" content=\"2\u00a0Minuten\" \/>\n<script type=\"application\/ld+json\" class=\"yoast-schema-graph\">{\"@context\":\"https:\/\/schema.org\",\"@graph\":[{\"@type\":\"WebPage\",\"@id\":\"https:\/\/ekkla.ch\/de\/produit\/beetle-stuhl-vollstaendig-gepolsterte-sitzschale-rostroter-veloursstoff-gubi\/\",\"url\":\"https:\/\/ekkla.ch\/de\/produit\/beetle-stuhl-vollstaendig-gepolsterte-sitzschale-rostroter-veloursstoff-gubi\/\",\"name\":\"Stuhl Beetle I Gepolsterte Sitzschale I Rostroter Veloursstoff I Gubi\",\"isPartOf\":{\"@id\":\"https:\/\/ekkla.ch\/#website\"},\"primaryImageOfPage\":{\"@id\":\"https:\/\/ekkla.ch\/de\/produit\/beetle-stuhl-vollstaendig-gepolsterte-sitzschale-rostroter-veloursstoff-gubi\/#primaryimage\"},\"image\":{\"@id\":\"https:\/\/ekkla.ch\/de\/produit\/beetle-stuhl-vollstaendig-gepolsterte-sitzschale-rostroter-veloursstoff-gubi\/#primaryimage\"},\"thumbnailUrl\":\"https:\/\/ekkla.ch\/wp-content\/uploads\/2024\/05\/ekkla-light-meubles-luminaires_produit_0072_10041222_f3q_beetle_diningchair_conic_black_dandy-rusty-red-303-320695.jpg\",\"datePublished\":\"2024-05-29T18:03:39+00:00\",\"dateModified\":\"2024-05-29T18:35:39+00:00\",\"description\":\"Entdecken Sie den Stuhl Beetle, der durch sein von K\u00e4fern inspiriertes Design, seinen Komfort und seine zahlreichen Anpassungsm\u00f6glichkeiten besticht.\",\"breadcrumb\":{\"@id\":\"https:\/\/ekkla.ch\/de\/produit\/beetle-stuhl-vollstaendig-gepolsterte-sitzschale-rostroter-veloursstoff-gubi\/#breadcrumb\"},\"inLanguage\":\"de\",\"potentialAction\":[{\"@type\":\"ReadAction\",\"target\":[\"https:\/\/ekkla.ch\/de\/produit\/beetle-stuhl-vollstaendig-gepolsterte-sitzschale-rostroter-veloursstoff-gubi\/\"]}]},{\"@type\":\"ImageObject\",\"inLanguage\":\"de\",\"@id\":\"https:\/\/ekkla.ch\/de\/produit\/beetle-stuhl-vollstaendig-gepolsterte-sitzschale-rostroter-veloursstoff-gubi\/#primaryimage\",\"url\":\"https:\/\/ekkla.ch\/wp-content\/uploads\/2024\/05\/ekkla-light-meubles-luminaires_produit_0072_10041222_f3q_beetle_diningchair_conic_black_dandy-rusty-red-303-320695.jpg\",\"contentUrl\":\"https:\/\/ekkla.ch\/wp-content\/uploads\/2024\/05\/ekkla-light-meubles-luminaires_produit_0072_10041222_f3q_beetle_diningchair_conic_black_dandy-rusty-red-303-320695.jpg\",\"width\":1000,\"height\":1000},{\"@type\":\"BreadcrumbList\",\"@id\":\"https:\/\/ekkla.ch\/de\/produit\/beetle-stuhl-vollstaendig-gepolsterte-sitzschale-rostroter-veloursstoff-gubi\/#breadcrumb\",\"itemListElement\":[{\"@type\":\"ListItem\",\"position\":1,\"name\":\"Home\",\"item\":\"https:\/\/ekkla.ch\/de\/\"},{\"@type\":\"ListItem\",\"position\":2,\"name\":\"Shop\",\"item\":\"https:\/\/ekkla.ch\/de\/shop\/\"},{\"@type\":\"ListItem\",\"position\":3,\"name\":\"Beetle Stuhl &#8211; Vollst\u00e4ndig gepolsterte Sitzschale &#8211; Rostroter Veloursstoff &#8211; Gubi\"}]},{\"@type\":\"WebSite\",\"@id\":\"https:\/\/ekkla.ch\/#website\",\"url\":\"https:\/\/ekkla.ch\/\",\"name\":\"Ekkla\",\"description\":\"Der Onlineshop f\u00fcr Beleuchtung\",\"publisher\":{\"@id\":\"https:\/\/ekkla.ch\/#organization\"},\"potentialAction\":[{\"@type\":\"SearchAction\",\"target\":{\"@type\":\"EntryPoint\",\"urlTemplate\":\"https:\/\/ekkla.ch\/?s={search_term_string}\"},\"query-input\":\"required name=search_term_string\"}],\"inLanguage\":\"de\"},{\"@type\":\"Organization\",\"@id\":\"https:\/\/ekkla.ch\/#organization\",\"name\":\"Ekkla\",\"url\":\"https:\/\/ekkla.ch\/\",\"logo\":{\"@type\":\"ImageObject\",\"inLanguage\":\"de\",\"@id\":\"https:\/\/ekkla.ch\/#\/schema\/logo\/image\/\",\"url\":\"http:\/\/ekkla.ch\/wp-content\/uploads\/2019\/07\/logo-1.svg\",\"contentUrl\":\"http:\/\/ekkla.ch\/wp-content\/uploads\/2019\/07\/logo-1.svg\",\"width\":1,\"height\":1,\"caption\":\"Ekkla\"},\"image\":{\"@id\":\"https:\/\/ekkla.ch\/#\/schema\/logo\/image\/\"},\"sameAs\":[\"https:\/\/www.instagram.com\/ekkla_light\/\"]}]}<\/script>\n<!-- \/ Yoast SEO Premium plugin. -->","yoast_head_json":{"title":"Stuhl Beetle I Gepolsterte Sitzschale I Rostroter Veloursstoff I Gubi","description":"Entdecken Sie den Stuhl Beetle, der durch sein von K\u00e4fern inspiriertes Design, seinen Komfort und seine zahlreichen Anpassungsm\u00f6glichkeiten besticht.","robots":{"index":"index","follow":"follow","max-snippet":"max-snippet:-1","max-image-preview":"max-image-preview:large","max-video-preview":"max-video-preview:-1"},"canonical":"https:\/\/ekkla.ch\/de\/produit\/beetle-stuhl-vollstaendig-gepolsterte-sitzschale-rostroter-veloursstoff-gubi\/","og_locale":"de_DE","og_type":"article","og_title":"Beetle Stuhl - Vollst\u00e4ndig gepolsterte Sitzschale - Rostroter Veloursstoff - Gubi","og_description":"Entdecken Sie den Stuhl Beetle, der durch sein von K\u00e4fern inspiriertes Design, seinen Komfort und seine zahlreichen Anpassungsm\u00f6glichkeiten besticht.","og_url":"https:\/\/ekkla.ch\/de\/produit\/beetle-stuhl-vollstaendig-gepolsterte-sitzschale-rostroter-veloursstoff-gubi\/","og_site_name":"Ekkla","article_modified_time":"2024-05-29T18:35:39+00:00","og_image":[{"width":1000,"height":1000,"url":"https:\/\/ekkla.ch\/wp-content\/uploads\/2024\/05\/ekkla-light-meubles-luminaires_produit_0072_10041222_f3q_beetle_diningchair_conic_black_dandy-rusty-red-303-320695.jpg","type":"image\/jpeg"}],"twitter_card":"summary_large_image","twitter_misc":{"Gesch\u00e4tzte Lesezeit":"2\u00a0Minuten"},"schema":{"@context":"https:\/\/schema.org","@graph":[{"@type":"WebPage","@id":"https:\/\/ekkla.ch\/de\/produit\/beetle-stuhl-vollstaendig-gepolsterte-sitzschale-rostroter-veloursstoff-gubi\/","url":"https:\/\/ekkla.ch\/de\/produit\/beetle-stuhl-vollstaendig-gepolsterte-sitzschale-rostroter-veloursstoff-gubi\/","name":"Stuhl Beetle I Gepolsterte Sitzschale I Rostroter Veloursstoff I Gubi","isPartOf":{"@id":"https:\/\/ekkla.ch\/#website"},"primaryImageOfPage":{"@id":"https:\/\/ekkla.ch\/de\/produit\/beetle-stuhl-vollstaendig-gepolsterte-sitzschale-rostroter-veloursstoff-gubi\/#primaryimage"},"image":{"@id":"https:\/\/ekkla.ch\/de\/produit\/beetle-stuhl-vollstaendig-gepolsterte-sitzschale-rostroter-veloursstoff-gubi\/#primaryimage"},"thumbnailUrl":"https:\/\/ekkla.ch\/wp-content\/uploads\/2024\/05\/ekkla-light-meubles-luminaires_produit_0072_10041222_f3q_beetle_diningchair_conic_black_dandy-rusty-red-303-320695.jpg","datePublished":"2024-05-29T18:03:39+00:00","dateModified":"2024-05-29T18:35:39+00:00","description":"Entdecken Sie den Stuhl Beetle, der durch sein von K\u00e4fern inspiriertes Design, seinen Komfort und seine zahlreichen Anpassungsm\u00f6glichkeiten besticht.","breadcrumb":{"@id":"https:\/\/ekkla.ch\/de\/produit\/beetle-stuhl-vollstaendig-gepolsterte-sitzschale-rostroter-veloursstoff-gubi\/#breadcrumb"},"inLanguage":"de","potentialAction":[{"@type":"ReadAction","target":["https:\/\/ekkla.ch\/de\/produit\/beetle-stuhl-vollstaendig-gepolsterte-sitzschale-rostroter-veloursstoff-gubi\/"]}]},{"@type":"ImageObject","inLanguage":"de","@id":"https:\/\/ekkla.ch\/de\/produit\/beetle-stuhl-vollstaendig-gepolsterte-sitzschale-rostroter-veloursstoff-gubi\/#primaryimage","url":"https:\/\/ekkla.ch\/wp-content\/uploads\/2024\/05\/ekkla-light-meubles-luminaires_produit_0072_10041222_f3q_beetle_diningchair_conic_black_dandy-rusty-red-303-320695.jpg","contentUrl":"https:\/\/ekkla.ch\/wp-content\/uploads\/2024\/05\/ekkla-light-meubles-luminaires_produit_0072_10041222_f3q_beetle_diningchair_conic_black_dandy-rusty-red-303-320695.jpg","width":1000,"height":1000},{"@type":"BreadcrumbList","@id":"https:\/\/ekkla.ch\/de\/produit\/beetle-stuhl-vollstaendig-gepolsterte-sitzschale-rostroter-veloursstoff-gubi\/#breadcrumb","itemListElement":[{"@type":"ListItem","position":1,"name":"Home","item":"https:\/\/ekkla.ch\/de\/"},{"@type":"ListItem","position":2,"name":"Shop","item":"https:\/\/ekkla.ch\/de\/shop\/"},{"@type":"ListItem","position":3,"name":"Beetle Stuhl &#8211; Vollst\u00e4ndig gepolsterte Sitzschale &#8211; Rostroter Veloursstoff &#8211; Gubi"}]},{"@type":"WebSite","@id":"https:\/\/ekkla.ch\/#website","url":"https:\/\/ekkla.ch\/","name":"Ekkla","description":"Der Onlineshop f\u00fcr Beleuchtung","publisher":{"@id":"https:\/\/ekkla.ch\/#organization"},"potentialAction":[{"@type":"SearchAction","target":{"@type":"EntryPoint","urlTemplate":"https:\/\/ekkla.ch\/?s={search_term_string}"},"query-input":"required name=search_term_string"}],"inLanguage":"de"},{"@type":"Organization","@id":"https:\/\/ekkla.ch\/#organization","name":"Ekkla","url":"https:\/\/ekkla.ch\/","logo":{"@type":"ImageObject","inLanguage":"de","@id":"https:\/\/ekkla.ch\/#\/schema\/logo\/image\/","url":"http:\/\/ekkla.ch\/wp-content\/uploads\/2019\/07\/logo-1.svg","contentUrl":"http:\/\/ekkla.ch\/wp-content\/uploads\/2019\/07\/logo-1.svg","width":1,"height":1,"caption":"Ekkla"},"image":{"@id":"https:\/\/ekkla.ch\/#\/schema\/logo\/image\/"},"sameAs":["https:\/\/www.instagram.com\/ekkla_light\/"]}]}},"_links":{"self":[{"href":"https:\/\/ekkla.ch\/de\/wp-json\/wp\/v2\/product\/194135"}],"collection":[{"href":"https:\/\/ekkla.ch\/de\/wp-json\/wp\/v2\/product"}],"about":[{"href":"https:\/\/ekkla.ch\/de\/wp-json\/wp\/v2\/types\/product"}],"wp:featuredmedia":[{"embeddable":true,"href":"https:\/\/ekkla.ch\/de\/wp-json\/wp\/v2\/media\/194134"}],"wp:attachment":[{"href":"https:\/\/ekkla.ch\/de\/wp-json\/wp\/v2\/media?parent=194135"}],"wp:term":[{"taxonomy":"product_cat","embeddable":true,"href":"https:\/\/ekkla.ch\/de\/wp-json\/wp\/v2\/product_cat?post=194135"},{"taxonomy":"product_tag","embeddable":true,"href":"https:\/\/ekkla.ch\/de\/wp-json\/wp\/v2\/product_tag?post=194135"}],"curies":[{"name":"wp","href":"https:\/\/api.w.org\/{rel}","templated":true}]}}