{"id":194206,"date":"2024-05-30T00:27:15","date_gmt":"2024-05-29T22:27:15","guid":{"rendered":"https:\/\/ekkla.ch\/produit\/stuhl-beetle-sitzschale-aus-kunststoff-weiss-gubi\/"},"modified":"2024-05-30T03:34:38","modified_gmt":"2024-05-30T01:34:38","slug":"stuhl-beetle-sitzschale-aus-kunststoff-weiss-gubi","status":"publish","type":"product","link":"https:\/\/ekkla.ch\/de\/produit\/stuhl-beetle-sitzschale-aus-kunststoff-weiss-gubi\/","title":{"rendered":"Stuhl Beetle &#8211; Sitzschale aus Kunststoff &#8211; Weiss &#8211; Gubi"},"content":{"rendered":"<div class=\"flex flex-grow flex-col max-w-full\">\n<div class=\"min-h-[20px] text-message flex flex-col items-start whitespace-pre-wrap break-words [.text-message+&amp;]:mt-5 juice:w-full juice:items-end overflow-x-auto gap-2\" dir=\"auto\" data-message-author-role=\"assistant\" data-message-id=\"5166cf7e-eb53-4795-a5bb-f60bd83db721\">\n<div class=\"flex w-full flex-col gap-1 juice:empty:hidden juice:first:pt-[3px]\">\n<div class=\"markdown prose w-full break-words dark:prose-invert light\">\n<div class=\"flex flex-grow flex-col max-w-full\">\n<div class=\"min-h-[20px] text-message flex flex-col items-start whitespace-pre-wrap break-words [.text-message+&amp;]:mt-5 juice:w-full juice:items-end overflow-x-auto gap-2\" dir=\"auto\" data-message-author-role=\"assistant\" data-message-id=\"b7ebefe7-9d52-455f-9158-1f14ce088d1d\">\n<div class=\"flex w-full flex-col gap-1 juice:empty:hidden juice:first:pt-[3px]\">\n<div class=\"markdown prose w-full break-words dark:prose-invert light\">\n<div class=\"flex flex-grow flex-col max-w-full\">\n<div class=\"min-h-[20px] text-message flex flex-col items-start whitespace-pre-wrap break-words [.text-message+&amp;]:mt-5 juice:w-full juice:items-end overflow-x-auto gap-2\" dir=\"auto\" data-message-author-role=\"assistant\" data-message-id=\"3be9315f-f886-42be-a060-c63e046dedea\">\n<div class=\"flex w-full flex-col gap-1 juice:empty:hidden juice:first:pt-[3px]\">\n<div class=\"markdown prose w-full break-words dark:prose-invert light\">\n<div class=\"flex flex-grow flex-col max-w-full\">\n<div class=\"min-h-[20px] text-message flex flex-col items-start whitespace-pre-wrap break-words [.text-message+&amp;]:mt-5 juice:w-full juice:items-end overflow-x-auto gap-2\" dir=\"auto\" data-message-author-role=\"assistant\" data-message-id=\"0aa17401-1848-419e-b8de-c6acc603fd6d\">\n<div class=\"flex w-full flex-col gap-1 juice:empty:hidden juice:first:pt-[3px]\">\n<div class=\"markdown prose w-full break-words dark:prose-invert light\">\n<div class=\"flex flex-grow flex-col max-w-full\">\n<div class=\"min-h-[20px] text-message flex flex-col items-start whitespace-pre-wrap break-words [.text-message+&amp;]:mt-5 juice:w-full juice:items-end overflow-x-auto gap-2\" dir=\"auto\" data-message-author-role=\"assistant\" data-message-id=\"1b8a67c8-ebf4-46dd-8a32-639d70e8821c\">\n<div class=\"flex w-full flex-col gap-1 juice:empty:hidden juice:first:pt-[3px]\">\n<div class=\"markdown prose w-full break-words dark:prose-invert light\">\n<div class=\"flex flex-grow flex-col max-w-full\">\n<div class=\"min-h-[20px] text-message flex flex-col items-start whitespace-pre-wrap break-words [.text-message+&amp;]:mt-5 juice:w-full juice:items-end overflow-x-auto gap-2\" dir=\"auto\" data-message-author-role=\"assistant\" data-message-id=\"5ca231db-0590-4cc0-afc5-c3147c930c40\">\n<div class=\"flex w-full flex-col gap-1 juice:empty:hidden juice:first:pt-[3px]\">\n<div class=\"markdown prose w-full break-words dark:prose-invert light\">\n<p>Die vom Designerduo GamFratesi entworfene Beetle-Kollektion ist von der Anatomie und \u00c4sthetik von K\u00e4fern inspiriert. Der Stuhl Beetle, der nun auch in einer Version komplett aus Polypropylen erh\u00e4ltlich ist, bietet eine leichte und robuste Ausstrahlung zu einem erschwinglichen Preis. Seine matte Textur sorgt f\u00fcr eine angenehme Taktilit\u00e4t und einen hervorragenden Sitzkomfort. Mit einer breiten Palette an Schalenfarben und Gestellausf\u00fchrungen f\u00fcgt sich der Stuhl Beetle nahtlos in verschiedene R\u00e4ume ein, sei es im Esszimmer oder in Gemeinschaftsumgebungen. Das Design interpretiert mit seinen Formen, Gelenken und dem Gleichgewicht zwischen externer Steifigkeit und innerer Flexibilit\u00e4t die Eigenschaften von K\u00e4fern neu.<\/p>\n<\/div>\n<\/div>\n<\/div>\n<\/div>\n<p>&nbsp;<\/p>\n<\/div>\n<\/div>\n<\/div>\n<\/div>\n<\/div>\n<\/div>\n<\/div>\n<\/div>\n<\/div>\n<\/div>\n<\/div>\n<\/div>\n<\/div>\n<\/div>\n<\/div>\n<\/div>\n<\/div>\n<\/div>\n<\/div>\n<\/div>\n<blockquote>\n<h2>Merkmale &amp; Eigenschaften<\/h2>\n<p><strong>Marke<\/strong> Gubi<\/p>\n<p><strong>Farbe<\/strong> Weiss<\/p>\n<p><strong>Material<\/strong> Polypropylen<\/p>\n<p><strong>H\u00f6he (cm) <\/strong>87<\/p>\n<p><strong>Breite (cm) <\/strong>56<\/p>\n<p><strong>Tiefe (cm) <\/strong>58<\/p>\n<p><strong>Tiefe der Sitzfl\u00e4che (cm) <\/strong>42<\/p>\n<p><strong>Gewicht (kg)<\/strong> 6<\/p><\/blockquote>\n","protected":false},"excerpt":{"rendered":"<p>Die vom Designerduo GamFratesi entworfene Beetle-Kollektion ist von der Anatomie und \u00c4sthetik von K\u00e4fern inspiriert. Der Stuhl Beetle, der nun auch in einer Version komplett aus Polypropylen erh\u00e4ltlich ist, bietet eine leichte und robuste Ausstrahlung zu einem erschwinglichen Preis. Seine matte Textur sorgt f\u00fcr eine angenehme Taktilit\u00e4t und einen hervorragenden Sitzkomfort. Mit einer breiten Palette [&hellip;]<\/p>\n","protected":false},"featured_media":194175,"template":"","meta":{"_acf_changed":false,"om_disable_all_campaigns":false},"product_cat":[964,968],"product_tag":[1254,892,1188,1265,801,1022,816],"bundled_by":[],"bundle_stock_status":"onbackorder","bundle_stock_quantity":null,"bundle_virtual":false,"bundle_layout":"","bundle_add_to_cart_form_location":"","bundle_editable_in_cart":false,"bundle_sold_individually_context":"","bundle_item_grouping":"","bundle_min_size":"","bundle_max_size":"","bundle_price":[],"bundled_items":[],"bundle_sell_ids":[],"acf":[],"yoast_head":"<!-- This site is optimized with the Yoast SEO Premium plugin v22.2 (Yoast SEO v22.8) - https:\/\/yoast.com\/wordpress\/plugins\/seo\/ -->\n<title>Stuhl Beetle I Sitzschale aus Kunststoff I Weiss I Gubi<\/title>\n<meta name=\"description\" content=\"Entdecken Sie den von K\u00e4fern inspirierten Stuhl Beetle. Dank seinem leichten und robusten Aussehen aus Polypropylen bietet er optimalen Komfort.\" \/>\n<meta name=\"robots\" content=\"index, follow, max-snippet:-1, max-image-preview:large, max-video-preview:-1\" \/>\n<link rel=\"canonical\" href=\"https:\/\/ekkla.ch\/de\/produit\/stuhl-beetle-sitzschale-aus-kunststoff-weiss-gubi\/\" \/>\n<meta property=\"og:locale\" content=\"de_DE\" \/>\n<meta property=\"og:type\" content=\"article\" \/>\n<meta property=\"og:title\" content=\"Stuhl Beetle - Sitzschale aus Kunststoff - Weiss - Gubi\" \/>\n<meta property=\"og:description\" content=\"Entdecken Sie den von K\u00e4fern inspirierten Stuhl Beetle. Dank seinem leichten und robusten Aussehen aus Polypropylen bietet er optimalen Komfort.\" \/>\n<meta property=\"og:url\" content=\"https:\/\/ekkla.ch\/de\/produit\/stuhl-beetle-sitzschale-aus-kunststoff-weiss-gubi\/\" \/>\n<meta property=\"og:site_name\" content=\"Ekkla\" \/>\n<meta property=\"article:modified_time\" content=\"2024-05-30T01:34:38+00:00\" \/>\n<meta property=\"og:image\" content=\"https:\/\/ekkla.ch\/wp-content\/uploads\/2024\/05\/ekkla-light-meubles-luminaires_produit_0070_10064350_f3q_beetle_diningchair_conic_unupholstered_black_alabasterwhite_f3q.jpg\" \/>\n\t<meta property=\"og:image:width\" content=\"1000\" \/>\n\t<meta property=\"og:image:height\" content=\"1000\" \/>\n\t<meta property=\"og:image:type\" content=\"image\/jpeg\" \/>\n<meta name=\"twitter:card\" content=\"summary_large_image\" \/>\n<meta name=\"twitter:label1\" content=\"Gesch\u00e4tzte Lesezeit\" \/>\n\t<meta name=\"twitter:data1\" content=\"2\u00a0Minuten\" \/>\n<script type=\"application\/ld+json\" class=\"yoast-schema-graph\">{\"@context\":\"https:\/\/schema.org\",\"@graph\":[{\"@type\":\"WebPage\",\"@id\":\"https:\/\/ekkla.ch\/de\/produit\/stuhl-beetle-sitzschale-aus-kunststoff-weiss-gubi\/\",\"url\":\"https:\/\/ekkla.ch\/de\/produit\/stuhl-beetle-sitzschale-aus-kunststoff-weiss-gubi\/\",\"name\":\"Stuhl Beetle I Sitzschale aus Kunststoff I Weiss I Gubi\",\"isPartOf\":{\"@id\":\"https:\/\/ekkla.ch\/#website\"},\"primaryImageOfPage\":{\"@id\":\"https:\/\/ekkla.ch\/de\/produit\/stuhl-beetle-sitzschale-aus-kunststoff-weiss-gubi\/#primaryimage\"},\"image\":{\"@id\":\"https:\/\/ekkla.ch\/de\/produit\/stuhl-beetle-sitzschale-aus-kunststoff-weiss-gubi\/#primaryimage\"},\"thumbnailUrl\":\"https:\/\/ekkla.ch\/wp-content\/uploads\/2024\/05\/ekkla-light-meubles-luminaires_produit_0070_10064350_f3q_beetle_diningchair_conic_unupholstered_black_alabasterwhite_f3q.jpg\",\"datePublished\":\"2024-05-29T22:27:15+00:00\",\"dateModified\":\"2024-05-30T01:34:38+00:00\",\"description\":\"Entdecken Sie den von K\u00e4fern inspirierten Stuhl Beetle. Dank seinem leichten und robusten Aussehen aus Polypropylen bietet er optimalen Komfort.\",\"breadcrumb\":{\"@id\":\"https:\/\/ekkla.ch\/de\/produit\/stuhl-beetle-sitzschale-aus-kunststoff-weiss-gubi\/#breadcrumb\"},\"inLanguage\":\"de\",\"potentialAction\":[{\"@type\":\"ReadAction\",\"target\":[\"https:\/\/ekkla.ch\/de\/produit\/stuhl-beetle-sitzschale-aus-kunststoff-weiss-gubi\/\"]}]},{\"@type\":\"ImageObject\",\"inLanguage\":\"de\",\"@id\":\"https:\/\/ekkla.ch\/de\/produit\/stuhl-beetle-sitzschale-aus-kunststoff-weiss-gubi\/#primaryimage\",\"url\":\"https:\/\/ekkla.ch\/wp-content\/uploads\/2024\/05\/ekkla-light-meubles-luminaires_produit_0070_10064350_f3q_beetle_diningchair_conic_unupholstered_black_alabasterwhite_f3q.jpg\",\"contentUrl\":\"https:\/\/ekkla.ch\/wp-content\/uploads\/2024\/05\/ekkla-light-meubles-luminaires_produit_0070_10064350_f3q_beetle_diningchair_conic_unupholstered_black_alabasterwhite_f3q.jpg\",\"width\":1000,\"height\":1000},{\"@type\":\"BreadcrumbList\",\"@id\":\"https:\/\/ekkla.ch\/de\/produit\/stuhl-beetle-sitzschale-aus-kunststoff-weiss-gubi\/#breadcrumb\",\"itemListElement\":[{\"@type\":\"ListItem\",\"position\":1,\"name\":\"Home\",\"item\":\"https:\/\/ekkla.ch\/de\/\"},{\"@type\":\"ListItem\",\"position\":2,\"name\":\"Shop\",\"item\":\"https:\/\/ekkla.ch\/de\/shop\/\"},{\"@type\":\"ListItem\",\"position\":3,\"name\":\"Stuhl Beetle &#8211; Sitzschale aus Kunststoff &#8211; Weiss &#8211; Gubi\"}]},{\"@type\":\"WebSite\",\"@id\":\"https:\/\/ekkla.ch\/#website\",\"url\":\"https:\/\/ekkla.ch\/\",\"name\":\"Ekkla\",\"description\":\"Der Onlineshop f\u00fcr Beleuchtung\",\"publisher\":{\"@id\":\"https:\/\/ekkla.ch\/#organization\"},\"potentialAction\":[{\"@type\":\"SearchAction\",\"target\":{\"@type\":\"EntryPoint\",\"urlTemplate\":\"https:\/\/ekkla.ch\/?s={search_term_string}\"},\"query-input\":\"required name=search_term_string\"}],\"inLanguage\":\"de\"},{\"@type\":\"Organization\",\"@id\":\"https:\/\/ekkla.ch\/#organization\",\"name\":\"Ekkla\",\"url\":\"https:\/\/ekkla.ch\/\",\"logo\":{\"@type\":\"ImageObject\",\"inLanguage\":\"de\",\"@id\":\"https:\/\/ekkla.ch\/#\/schema\/logo\/image\/\",\"url\":\"http:\/\/ekkla.ch\/wp-content\/uploads\/2019\/07\/logo-1.svg\",\"contentUrl\":\"http:\/\/ekkla.ch\/wp-content\/uploads\/2019\/07\/logo-1.svg\",\"width\":1,\"height\":1,\"caption\":\"Ekkla\"},\"image\":{\"@id\":\"https:\/\/ekkla.ch\/#\/schema\/logo\/image\/\"},\"sameAs\":[\"https:\/\/www.instagram.com\/ekkla_light\/\"]}]}<\/script>\n<!-- \/ Yoast SEO Premium plugin. -->","yoast_head_json":{"title":"Stuhl Beetle I Sitzschale aus Kunststoff I Weiss I Gubi","description":"Entdecken Sie den von K\u00e4fern inspirierten Stuhl Beetle. Dank seinem leichten und robusten Aussehen aus Polypropylen bietet er optimalen Komfort.","robots":{"index":"index","follow":"follow","max-snippet":"max-snippet:-1","max-image-preview":"max-image-preview:large","max-video-preview":"max-video-preview:-1"},"canonical":"https:\/\/ekkla.ch\/de\/produit\/stuhl-beetle-sitzschale-aus-kunststoff-weiss-gubi\/","og_locale":"de_DE","og_type":"article","og_title":"Stuhl Beetle - Sitzschale aus Kunststoff - Weiss - Gubi","og_description":"Entdecken Sie den von K\u00e4fern inspirierten Stuhl Beetle. Dank seinem leichten und robusten Aussehen aus Polypropylen bietet er optimalen Komfort.","og_url":"https:\/\/ekkla.ch\/de\/produit\/stuhl-beetle-sitzschale-aus-kunststoff-weiss-gubi\/","og_site_name":"Ekkla","article_modified_time":"2024-05-30T01:34:38+00:00","og_image":[{"width":1000,"height":1000,"url":"https:\/\/ekkla.ch\/wp-content\/uploads\/2024\/05\/ekkla-light-meubles-luminaires_produit_0070_10064350_f3q_beetle_diningchair_conic_unupholstered_black_alabasterwhite_f3q.jpg","type":"image\/jpeg"}],"twitter_card":"summary_large_image","twitter_misc":{"Gesch\u00e4tzte Lesezeit":"2\u00a0Minuten"},"schema":{"@context":"https:\/\/schema.org","@graph":[{"@type":"WebPage","@id":"https:\/\/ekkla.ch\/de\/produit\/stuhl-beetle-sitzschale-aus-kunststoff-weiss-gubi\/","url":"https:\/\/ekkla.ch\/de\/produit\/stuhl-beetle-sitzschale-aus-kunststoff-weiss-gubi\/","name":"Stuhl Beetle I Sitzschale aus Kunststoff I Weiss I Gubi","isPartOf":{"@id":"https:\/\/ekkla.ch\/#website"},"primaryImageOfPage":{"@id":"https:\/\/ekkla.ch\/de\/produit\/stuhl-beetle-sitzschale-aus-kunststoff-weiss-gubi\/#primaryimage"},"image":{"@id":"https:\/\/ekkla.ch\/de\/produit\/stuhl-beetle-sitzschale-aus-kunststoff-weiss-gubi\/#primaryimage"},"thumbnailUrl":"https:\/\/ekkla.ch\/wp-content\/uploads\/2024\/05\/ekkla-light-meubles-luminaires_produit_0070_10064350_f3q_beetle_diningchair_conic_unupholstered_black_alabasterwhite_f3q.jpg","datePublished":"2024-05-29T22:27:15+00:00","dateModified":"2024-05-30T01:34:38+00:00","description":"Entdecken Sie den von K\u00e4fern inspirierten Stuhl Beetle. Dank seinem leichten und robusten Aussehen aus Polypropylen bietet er optimalen Komfort.","breadcrumb":{"@id":"https:\/\/ekkla.ch\/de\/produit\/stuhl-beetle-sitzschale-aus-kunststoff-weiss-gubi\/#breadcrumb"},"inLanguage":"de","potentialAction":[{"@type":"ReadAction","target":["https:\/\/ekkla.ch\/de\/produit\/stuhl-beetle-sitzschale-aus-kunststoff-weiss-gubi\/"]}]},{"@type":"ImageObject","inLanguage":"de","@id":"https:\/\/ekkla.ch\/de\/produit\/stuhl-beetle-sitzschale-aus-kunststoff-weiss-gubi\/#primaryimage","url":"https:\/\/ekkla.ch\/wp-content\/uploads\/2024\/05\/ekkla-light-meubles-luminaires_produit_0070_10064350_f3q_beetle_diningchair_conic_unupholstered_black_alabasterwhite_f3q.jpg","contentUrl":"https:\/\/ekkla.ch\/wp-content\/uploads\/2024\/05\/ekkla-light-meubles-luminaires_produit_0070_10064350_f3q_beetle_diningchair_conic_unupholstered_black_alabasterwhite_f3q.jpg","width":1000,"height":1000},{"@type":"BreadcrumbList","@id":"https:\/\/ekkla.ch\/de\/produit\/stuhl-beetle-sitzschale-aus-kunststoff-weiss-gubi\/#breadcrumb","itemListElement":[{"@type":"ListItem","position":1,"name":"Home","item":"https:\/\/ekkla.ch\/de\/"},{"@type":"ListItem","position":2,"name":"Shop","item":"https:\/\/ekkla.ch\/de\/shop\/"},{"@type":"ListItem","position":3,"name":"Stuhl Beetle &#8211; Sitzschale aus Kunststoff &#8211; Weiss &#8211; Gubi"}]},{"@type":"WebSite","@id":"https:\/\/ekkla.ch\/#website","url":"https:\/\/ekkla.ch\/","name":"Ekkla","description":"Der Onlineshop f\u00fcr Beleuchtung","publisher":{"@id":"https:\/\/ekkla.ch\/#organization"},"potentialAction":[{"@type":"SearchAction","target":{"@type":"EntryPoint","urlTemplate":"https:\/\/ekkla.ch\/?s={search_term_string}"},"query-input":"required name=search_term_string"}],"inLanguage":"de"},{"@type":"Organization","@id":"https:\/\/ekkla.ch\/#organization","name":"Ekkla","url":"https:\/\/ekkla.ch\/","logo":{"@type":"ImageObject","inLanguage":"de","@id":"https:\/\/ekkla.ch\/#\/schema\/logo\/image\/","url":"http:\/\/ekkla.ch\/wp-content\/uploads\/2019\/07\/logo-1.svg","contentUrl":"http:\/\/ekkla.ch\/wp-content\/uploads\/2019\/07\/logo-1.svg","width":1,"height":1,"caption":"Ekkla"},"image":{"@id":"https:\/\/ekkla.ch\/#\/schema\/logo\/image\/"},"sameAs":["https:\/\/www.instagram.com\/ekkla_light\/"]}]}},"_links":{"self":[{"href":"https:\/\/ekkla.ch\/de\/wp-json\/wp\/v2\/product\/194206"}],"collection":[{"href":"https:\/\/ekkla.ch\/de\/wp-json\/wp\/v2\/product"}],"about":[{"href":"https:\/\/ekkla.ch\/de\/wp-json\/wp\/v2\/types\/product"}],"wp:featuredmedia":[{"embeddable":true,"href":"https:\/\/ekkla.ch\/de\/wp-json\/wp\/v2\/media\/194175"}],"wp:attachment":[{"href":"https:\/\/ekkla.ch\/de\/wp-json\/wp\/v2\/media?parent=194206"}],"wp:term":[{"taxonomy":"product_cat","embeddable":true,"href":"https:\/\/ekkla.ch\/de\/wp-json\/wp\/v2\/product_cat?post=194206"},{"taxonomy":"product_tag","embeddable":true,"href":"https:\/\/ekkla.ch\/de\/wp-json\/wp\/v2\/product_tag?post=194206"}],"curies":[{"name":"wp","href":"https:\/\/api.w.org\/{rel}","templated":true}]}}