{"id":194282,"date":"2024-05-25T15:07:11","date_gmt":"2024-05-25T13:07:11","guid":{"rendered":"https:\/\/ekkla.ch\/produit\/petite-friture-bridge-sessel-weekend-aluminium-dune\/"},"modified":"2024-05-30T09:29:53","modified_gmt":"2024-05-30T07:29:53","slug":"petite-friture-bridge-sessel-weekend-aluminium-dune","status":"publish","type":"product","link":"https:\/\/ekkla.ch\/de\/produit\/petite-friture-bridge-sessel-weekend-aluminium-dune\/","title":{"rendered":"Petite Friture &#8211; Bridge Sessel Weekend &#8211; Aluminium \u2013 Dune"},"content":{"rendered":"<p>Bringen Sie Farbe und Fr\u00f6hlichkeit in Ihren Aussenbereich mit dem Bridge Sessel Week-End, entworfen vom franz\u00f6sischen Studio BrichetZiegler. Dieser Sessel ist ideal f\u00fcr ein stilvolles Outdoor-Wohnzimmer oder eine einladende Essecke, da er leicht, mobil und einfach zu handhaben ist.<\/p>\n<p>Das grafische Design des Sessels besticht durch ovale, umrandete R\u00fcckenlehnen, die eine einzigartige Silhouette schaffen. Die horizontalen und vertikalen Lamellen verleihen eine moderne Note und sorgen gleichzeitig f\u00fcr ein schnelles Abfliessen von Regenwasser. Ergonomisch und komfortabel, l\u00e4sst sich der Sessel stapeln, was die Lagerung erleichtert. Dank seiner Wetterfestigkeit ist er perfekt f\u00fcr eine langlebige Nutzung im Freien geeignet.<\/p>\n<p>Verleihen Sie Ihrem Garten eine moderne und funktionale Note mit dem Bridge Sessel Week-End, der zeitgen\u00f6ssisches Design und Praktikabilit\u00e4t meisterhaft vereint.<\/p>\n<p>Petite Friture ist eine franz\u00f6sische Marke, die 2009 gegr\u00fcndet wurde und einzigartige und engagierte Kollektionen anbietet. Jedes Projekt ist das Ergebnis eines Treffens zwischen dem Herausgeber, dem Designer und dem Hersteller mit dem gemeinsamen Ziel, eine nachhaltige Emotion zu wecken. Die Marke engagiert sich f\u00fcr Nachhaltigkeit, Transparenz, Respekt und Dialog, und ihre Philosophie ist es, \u201edas Gute aus dem Sch\u00f6nen hervorzubringen\u201c.<\/p>\n<blockquote>\n<h2>Eigenschaften<\/h2>\n<p><strong>Marke<\/strong> Petite Friture<\/p>\n<p><strong>Farbe<\/strong> Dune<\/p>\n<p><strong>Material <\/strong>Aluminium, pulverbeschichtet mit matter K\u00f6rnung &#8211; UV-best\u00e4ndig f\u00fcr den Ausseneinsatz<\/p>\n<p><strong>L\u00e4nge (cm) <\/strong>57<\/p>\n<p><strong>Tiefe (cm) <\/strong>50<\/p>\n<p><strong>H\u00f6he (cm) <\/strong>77<\/p>\n<div class=\"item\" data-v-6c1492fc=\"\"><strong><span class=\"label\" data-v-6c1492fc=\"\">Sitzh\u00f6he (cm) <\/span><\/strong><span class=\"value\" data-v-6c1492fc=\"\">45<\/span><\/div>\n<p><strong>Poids (kg)<\/strong> 4<\/p><\/blockquote>\n","protected":false},"excerpt":{"rendered":"<p>Bringen Sie Farbe und Fr\u00f6hlichkeit in Ihren Aussenbereich mit dem Bridge Sessel Week-End, entworfen vom franz\u00f6sischen Studio BrichetZiegler. Dieser Sessel ist ideal f\u00fcr ein stilvolles Outdoor-Wohnzimmer oder eine einladende Essecke, da er leicht, mobil und einfach zu handhaben ist. Das grafische Design des Sessels besticht durch ovale, umrandete R\u00fcckenlehnen, die eine einzigartige Silhouette schaffen. Die [&hellip;]<\/p>\n","protected":false},"featured_media":193436,"template":"","meta":{"_acf_changed":false,"om_disable_all_campaigns":false},"product_cat":[964,972,968],"product_tag":[1254,1265,801,1022],"bundled_by":[],"bundle_stock_status":"onbackorder","bundle_stock_quantity":null,"bundle_virtual":false,"bundle_layout":"","bundle_add_to_cart_form_location":"","bundle_editable_in_cart":false,"bundle_sold_individually_context":"","bundle_item_grouping":"","bundle_min_size":"","bundle_max_size":"","bundle_price":[],"bundled_items":[],"bundle_sell_ids":[],"acf":[],"yoast_head":"<!-- This site is optimized with the Yoast SEO Premium plugin v22.2 (Yoast SEO v22.8) - https:\/\/yoast.com\/wordpress\/plugins\/seo\/ -->\n<title>Bridge Sessel Weekend | Dune | Petite Friture | Ekkla<\/title>\n<meta name=\"description\" content=\"Entdecken Sie die M\u00f6belkollektion Week-End, die Leichtigkeit und Robustheit mit einem modernen grafischen Design des Studios BrichetZiegler vereint.\" \/>\n<meta name=\"robots\" content=\"index, follow, max-snippet:-1, max-image-preview:large, max-video-preview:-1\" \/>\n<link rel=\"canonical\" href=\"https:\/\/ekkla.ch\/de\/produit\/petite-friture-bridge-sessel-weekend-aluminium-dune\/\" \/>\n<meta property=\"og:locale\" content=\"de_DE\" \/>\n<meta property=\"og:type\" content=\"article\" \/>\n<meta property=\"og:title\" content=\"Petite Friture - Bridge Sessel Weekend - Aluminium \u2013 Dune\" \/>\n<meta property=\"og:description\" content=\"Entdecken Sie die M\u00f6belkollektion Week-End, die Leichtigkeit und Robustheit mit einem modernen grafischen Design des Studios BrichetZiegler vereint.\" \/>\n<meta property=\"og:url\" content=\"https:\/\/ekkla.ch\/de\/produit\/petite-friture-bridge-sessel-weekend-aluminium-dune\/\" \/>\n<meta property=\"og:site_name\" content=\"Ekkla\" \/>\n<meta property=\"article:modified_time\" content=\"2024-05-30T07:29:53+00:00\" \/>\n<meta property=\"og:image\" content=\"https:\/\/ekkla.ch\/wp-content\/uploads\/2024\/05\/ekkla-light-meubles-luminaires_0103_M0740308_weekend_bridge_dune_\u00a9PF_packshot_HD-vue_1_RVB.jpg\" \/>\n\t<meta property=\"og:image:width\" content=\"1000\" \/>\n\t<meta property=\"og:image:height\" content=\"1000\" \/>\n\t<meta property=\"og:image:type\" content=\"image\/jpeg\" \/>\n<meta name=\"twitter:card\" content=\"summary_large_image\" \/>\n<meta name=\"twitter:label1\" content=\"Gesch\u00e4tzte Lesezeit\" \/>\n\t<meta name=\"twitter:data1\" content=\"2\u00a0Minuten\" \/>\n<script type=\"application\/ld+json\" class=\"yoast-schema-graph\">{\"@context\":\"https:\/\/schema.org\",\"@graph\":[{\"@type\":\"WebPage\",\"@id\":\"https:\/\/ekkla.ch\/de\/produit\/petite-friture-bridge-sessel-weekend-aluminium-dune\/\",\"url\":\"https:\/\/ekkla.ch\/de\/produit\/petite-friture-bridge-sessel-weekend-aluminium-dune\/\",\"name\":\"Bridge Sessel Weekend | Dune | Petite Friture | Ekkla\",\"isPartOf\":{\"@id\":\"https:\/\/ekkla.ch\/#website\"},\"primaryImageOfPage\":{\"@id\":\"https:\/\/ekkla.ch\/de\/produit\/petite-friture-bridge-sessel-weekend-aluminium-dune\/#primaryimage\"},\"image\":{\"@id\":\"https:\/\/ekkla.ch\/de\/produit\/petite-friture-bridge-sessel-weekend-aluminium-dune\/#primaryimage\"},\"thumbnailUrl\":\"https:\/\/ekkla.ch\/wp-content\/uploads\/2024\/05\/ekkla-light-meubles-luminaires_0103_M0740308_weekend_bridge_dune_\u00a9PF_packshot_HD-vue_1_RVB.jpg\",\"datePublished\":\"2024-05-25T13:07:11+00:00\",\"dateModified\":\"2024-05-30T07:29:53+00:00\",\"description\":\"Entdecken Sie die M\u00f6belkollektion Week-End, die Leichtigkeit und Robustheit mit einem modernen grafischen Design des Studios BrichetZiegler vereint.\",\"breadcrumb\":{\"@id\":\"https:\/\/ekkla.ch\/de\/produit\/petite-friture-bridge-sessel-weekend-aluminium-dune\/#breadcrumb\"},\"inLanguage\":\"de\",\"potentialAction\":[{\"@type\":\"ReadAction\",\"target\":[\"https:\/\/ekkla.ch\/de\/produit\/petite-friture-bridge-sessel-weekend-aluminium-dune\/\"]}]},{\"@type\":\"ImageObject\",\"inLanguage\":\"de\",\"@id\":\"https:\/\/ekkla.ch\/de\/produit\/petite-friture-bridge-sessel-weekend-aluminium-dune\/#primaryimage\",\"url\":\"https:\/\/ekkla.ch\/wp-content\/uploads\/2024\/05\/ekkla-light-meubles-luminaires_0103_M0740308_weekend_bridge_dune_\u00a9PF_packshot_HD-vue_1_RVB.jpg\",\"contentUrl\":\"https:\/\/ekkla.ch\/wp-content\/uploads\/2024\/05\/ekkla-light-meubles-luminaires_0103_M0740308_weekend_bridge_dune_\u00a9PF_packshot_HD-vue_1_RVB.jpg\",\"width\":1000,\"height\":1000},{\"@type\":\"BreadcrumbList\",\"@id\":\"https:\/\/ekkla.ch\/de\/produit\/petite-friture-bridge-sessel-weekend-aluminium-dune\/#breadcrumb\",\"itemListElement\":[{\"@type\":\"ListItem\",\"position\":1,\"name\":\"Home\",\"item\":\"https:\/\/ekkla.ch\/de\/\"},{\"@type\":\"ListItem\",\"position\":2,\"name\":\"Shop\",\"item\":\"https:\/\/ekkla.ch\/de\/shop\/\"},{\"@type\":\"ListItem\",\"position\":3,\"name\":\"Petite Friture &#8211; Bridge Sessel Weekend &#8211; Aluminium \u2013 Dune\"}]},{\"@type\":\"WebSite\",\"@id\":\"https:\/\/ekkla.ch\/#website\",\"url\":\"https:\/\/ekkla.ch\/\",\"name\":\"Ekkla\",\"description\":\"Der Onlineshop f\u00fcr Beleuchtung\",\"publisher\":{\"@id\":\"https:\/\/ekkla.ch\/#organization\"},\"potentialAction\":[{\"@type\":\"SearchAction\",\"target\":{\"@type\":\"EntryPoint\",\"urlTemplate\":\"https:\/\/ekkla.ch\/?s={search_term_string}\"},\"query-input\":\"required name=search_term_string\"}],\"inLanguage\":\"de\"},{\"@type\":\"Organization\",\"@id\":\"https:\/\/ekkla.ch\/#organization\",\"name\":\"Ekkla\",\"url\":\"https:\/\/ekkla.ch\/\",\"logo\":{\"@type\":\"ImageObject\",\"inLanguage\":\"de\",\"@id\":\"https:\/\/ekkla.ch\/#\/schema\/logo\/image\/\",\"url\":\"http:\/\/ekkla.ch\/wp-content\/uploads\/2019\/07\/logo-1.svg\",\"contentUrl\":\"http:\/\/ekkla.ch\/wp-content\/uploads\/2019\/07\/logo-1.svg\",\"width\":1,\"height\":1,\"caption\":\"Ekkla\"},\"image\":{\"@id\":\"https:\/\/ekkla.ch\/#\/schema\/logo\/image\/\"},\"sameAs\":[\"https:\/\/www.instagram.com\/ekkla_light\/\"]}]}<\/script>\n<!-- \/ Yoast SEO Premium plugin. -->","yoast_head_json":{"title":"Bridge Sessel Weekend | Dune | Petite Friture | Ekkla","description":"Entdecken Sie die M\u00f6belkollektion Week-End, die Leichtigkeit und Robustheit mit einem modernen grafischen Design des Studios BrichetZiegler vereint.","robots":{"index":"index","follow":"follow","max-snippet":"max-snippet:-1","max-image-preview":"max-image-preview:large","max-video-preview":"max-video-preview:-1"},"canonical":"https:\/\/ekkla.ch\/de\/produit\/petite-friture-bridge-sessel-weekend-aluminium-dune\/","og_locale":"de_DE","og_type":"article","og_title":"Petite Friture - Bridge Sessel Weekend - Aluminium \u2013 Dune","og_description":"Entdecken Sie die M\u00f6belkollektion Week-End, die Leichtigkeit und Robustheit mit einem modernen grafischen Design des Studios BrichetZiegler vereint.","og_url":"https:\/\/ekkla.ch\/de\/produit\/petite-friture-bridge-sessel-weekend-aluminium-dune\/","og_site_name":"Ekkla","article_modified_time":"2024-05-30T07:29:53+00:00","og_image":[{"width":1000,"height":1000,"url":"https:\/\/ekkla.ch\/wp-content\/uploads\/2024\/05\/ekkla-light-meubles-luminaires_0103_M0740308_weekend_bridge_dune_\u00a9PF_packshot_HD-vue_1_RVB.jpg","type":"image\/jpeg"}],"twitter_card":"summary_large_image","twitter_misc":{"Gesch\u00e4tzte Lesezeit":"2\u00a0Minuten"},"schema":{"@context":"https:\/\/schema.org","@graph":[{"@type":"WebPage","@id":"https:\/\/ekkla.ch\/de\/produit\/petite-friture-bridge-sessel-weekend-aluminium-dune\/","url":"https:\/\/ekkla.ch\/de\/produit\/petite-friture-bridge-sessel-weekend-aluminium-dune\/","name":"Bridge Sessel Weekend | Dune | Petite Friture | Ekkla","isPartOf":{"@id":"https:\/\/ekkla.ch\/#website"},"primaryImageOfPage":{"@id":"https:\/\/ekkla.ch\/de\/produit\/petite-friture-bridge-sessel-weekend-aluminium-dune\/#primaryimage"},"image":{"@id":"https:\/\/ekkla.ch\/de\/produit\/petite-friture-bridge-sessel-weekend-aluminium-dune\/#primaryimage"},"thumbnailUrl":"https:\/\/ekkla.ch\/wp-content\/uploads\/2024\/05\/ekkla-light-meubles-luminaires_0103_M0740308_weekend_bridge_dune_\u00a9PF_packshot_HD-vue_1_RVB.jpg","datePublished":"2024-05-25T13:07:11+00:00","dateModified":"2024-05-30T07:29:53+00:00","description":"Entdecken Sie die M\u00f6belkollektion Week-End, die Leichtigkeit und Robustheit mit einem modernen grafischen Design des Studios BrichetZiegler vereint.","breadcrumb":{"@id":"https:\/\/ekkla.ch\/de\/produit\/petite-friture-bridge-sessel-weekend-aluminium-dune\/#breadcrumb"},"inLanguage":"de","potentialAction":[{"@type":"ReadAction","target":["https:\/\/ekkla.ch\/de\/produit\/petite-friture-bridge-sessel-weekend-aluminium-dune\/"]}]},{"@type":"ImageObject","inLanguage":"de","@id":"https:\/\/ekkla.ch\/de\/produit\/petite-friture-bridge-sessel-weekend-aluminium-dune\/#primaryimage","url":"https:\/\/ekkla.ch\/wp-content\/uploads\/2024\/05\/ekkla-light-meubles-luminaires_0103_M0740308_weekend_bridge_dune_\u00a9PF_packshot_HD-vue_1_RVB.jpg","contentUrl":"https:\/\/ekkla.ch\/wp-content\/uploads\/2024\/05\/ekkla-light-meubles-luminaires_0103_M0740308_weekend_bridge_dune_\u00a9PF_packshot_HD-vue_1_RVB.jpg","width":1000,"height":1000},{"@type":"BreadcrumbList","@id":"https:\/\/ekkla.ch\/de\/produit\/petite-friture-bridge-sessel-weekend-aluminium-dune\/#breadcrumb","itemListElement":[{"@type":"ListItem","position":1,"name":"Home","item":"https:\/\/ekkla.ch\/de\/"},{"@type":"ListItem","position":2,"name":"Shop","item":"https:\/\/ekkla.ch\/de\/shop\/"},{"@type":"ListItem","position":3,"name":"Petite Friture &#8211; Bridge Sessel Weekend &#8211; Aluminium \u2013 Dune"}]},{"@type":"WebSite","@id":"https:\/\/ekkla.ch\/#website","url":"https:\/\/ekkla.ch\/","name":"Ekkla","description":"Der Onlineshop f\u00fcr Beleuchtung","publisher":{"@id":"https:\/\/ekkla.ch\/#organization"},"potentialAction":[{"@type":"SearchAction","target":{"@type":"EntryPoint","urlTemplate":"https:\/\/ekkla.ch\/?s={search_term_string}"},"query-input":"required name=search_term_string"}],"inLanguage":"de"},{"@type":"Organization","@id":"https:\/\/ekkla.ch\/#organization","name":"Ekkla","url":"https:\/\/ekkla.ch\/","logo":{"@type":"ImageObject","inLanguage":"de","@id":"https:\/\/ekkla.ch\/#\/schema\/logo\/image\/","url":"http:\/\/ekkla.ch\/wp-content\/uploads\/2019\/07\/logo-1.svg","contentUrl":"http:\/\/ekkla.ch\/wp-content\/uploads\/2019\/07\/logo-1.svg","width":1,"height":1,"caption":"Ekkla"},"image":{"@id":"https:\/\/ekkla.ch\/#\/schema\/logo\/image\/"},"sameAs":["https:\/\/www.instagram.com\/ekkla_light\/"]}]}},"_links":{"self":[{"href":"https:\/\/ekkla.ch\/de\/wp-json\/wp\/v2\/product\/194282"}],"collection":[{"href":"https:\/\/ekkla.ch\/de\/wp-json\/wp\/v2\/product"}],"about":[{"href":"https:\/\/ekkla.ch\/de\/wp-json\/wp\/v2\/types\/product"}],"wp:featuredmedia":[{"embeddable":true,"href":"https:\/\/ekkla.ch\/de\/wp-json\/wp\/v2\/media\/193436"}],"wp:attachment":[{"href":"https:\/\/ekkla.ch\/de\/wp-json\/wp\/v2\/media?parent=194282"}],"wp:term":[{"taxonomy":"product_cat","embeddable":true,"href":"https:\/\/ekkla.ch\/de\/wp-json\/wp\/v2\/product_cat?post=194282"},{"taxonomy":"product_tag","embeddable":true,"href":"https:\/\/ekkla.ch\/de\/wp-json\/wp\/v2\/product_tag?post=194282"}],"curies":[{"name":"wp","href":"https:\/\/api.w.org\/{rel}","templated":true}]}}