{"id":194296,"date":"2024-05-30T10:01:27","date_gmt":"2024-05-30T08:01:28","guid":{"rendered":"https:\/\/ekkla.ch\/?post_type=product&#038;p=194296"},"modified":"2024-05-30T22:46:39","modified_gmt":"2024-05-30T20:46:39","slug":"sessel-croissant-gepolstert-natureiche-und-rotbraun-gubi-copie","status":"publish","type":"product","link":"https:\/\/ekkla.ch\/de\/produit\/sessel-croissant-gepolstert-natureiche-und-rotbraun-gubi-copie\/","title":{"rendered":"Couchtisch Doric &#8211; 80x80cm &#8211; Travertin Naturweiss &#8211; Gubi"},"content":{"rendered":"<div class=\"flex flex-grow flex-col max-w-full\">\n<div class=\"min-h-[20px] text-message flex flex-col items-start whitespace-pre-wrap break-words [.text-message+&amp;]:mt-5 juice:w-full juice:items-end overflow-x-auto gap-2\" dir=\"auto\" data-message-author-role=\"assistant\" data-message-id=\"5166cf7e-eb53-4795-a5bb-f60bd83db721\">\n<div class=\"flex w-full flex-col gap-1 juice:empty:hidden juice:first:pt-[3px]\">\n<div class=\"markdown prose w-full break-words dark:prose-invert light\">\n<div class=\"flex flex-grow flex-col max-w-full\">\n<div class=\"min-h-[20px] text-message flex flex-col items-start whitespace-pre-wrap break-words [.text-message+&amp;]:mt-5 juice:w-full juice:items-end overflow-x-auto gap-2\" dir=\"auto\" data-message-author-role=\"assistant\" data-message-id=\"b7ebefe7-9d52-455f-9158-1f14ce088d1d\">\n<div class=\"flex w-full flex-col gap-1 juice:empty:hidden juice:first:pt-[3px]\">\n<div class=\"markdown prose w-full break-words dark:prose-invert light\">\n<div class=\"flex flex-grow flex-col max-w-full\">\n<div class=\"min-h-[20px] text-message flex flex-col items-start whitespace-pre-wrap break-words [.text-message+&amp;]:mt-5 juice:w-full juice:items-end overflow-x-auto gap-2\" dir=\"auto\" data-message-author-role=\"assistant\" data-message-id=\"3be9315f-f886-42be-a060-c63e046dedea\">\n<div class=\"flex w-full flex-col gap-1 juice:empty:hidden juice:first:pt-[3px]\">\n<div class=\"markdown prose w-full break-words dark:prose-invert light\">\n<div class=\"flex flex-grow flex-col max-w-full\">\n<div class=\"min-h-[20px] text-message flex flex-col items-start whitespace-pre-wrap break-words [.text-message+&amp;]:mt-5 juice:w-full juice:items-end overflow-x-auto gap-2\" dir=\"auto\" data-message-author-role=\"assistant\" data-message-id=\"0aa17401-1848-419e-b8de-c6acc603fd6d\">\n<div class=\"flex w-full flex-col gap-1 juice:empty:hidden juice:first:pt-[3px]\">\n<div class=\"markdown prose w-full break-words dark:prose-invert light\">\n<div class=\"flex flex-grow flex-col max-w-full\">\n<div class=\"min-h-[20px] text-message flex flex-col items-start whitespace-pre-wrap break-words [.text-message+&amp;]:mt-5 juice:w-full juice:items-end overflow-x-auto gap-2\" dir=\"auto\" data-message-author-role=\"assistant\" data-message-id=\"1b8a67c8-ebf4-46dd-8a32-639d70e8821c\">\n<div class=\"flex w-full flex-col gap-1 juice:empty:hidden juice:first:pt-[3px]\">\n<div class=\"markdown prose w-full break-words dark:prose-invert light\">\n<div class=\"flex flex-grow flex-col max-w-full\">\n<div class=\"min-h-[20px] text-message flex flex-col items-start whitespace-pre-wrap break-words [.text-message+&amp;]:mt-5 juice:w-full juice:items-end overflow-x-auto gap-2\" dir=\"auto\" data-message-author-role=\"assistant\" data-message-id=\"5ca231db-0590-4cc0-afc5-c3147c930c40\">\n<div class=\"flex w-full flex-col gap-1 juice:empty:hidden juice:first:pt-[3px]\">\n<div class=\"markdown prose w-full break-words dark:prose-invert light\">\n<div class=\"flex flex-grow flex-col max-w-full\">\n<div class=\"min-h-[20px] text-message flex flex-col items-start whitespace-pre-wrap break-words [.text-message+&amp;]:mt-5 juice:w-full juice:items-end overflow-x-auto gap-2\" dir=\"auto\" data-message-author-role=\"assistant\" data-message-id=\"5c0ac671-e1c9-464b-9d27-02b3f009b65b\">\n<div class=\"flex w-full flex-col gap-1 juice:empty:hidden juice:first:pt-[3px]\">\n<div class=\"markdown prose w-full break-words dark:prose-invert light\">\n<div class=\"flex flex-grow flex-col max-w-full\">\n<div class=\"min-h-[20px] text-message flex flex-col items-start whitespace-pre-wrap break-words [.text-message+&amp;]:mt-5 juice:w-full juice:items-end overflow-x-auto gap-2\" dir=\"auto\" data-message-author-role=\"assistant\" data-message-id=\"801dd341-0658-4ff0-9f85-5345f09531f4\">\n<div class=\"flex w-full flex-col gap-1 juice:empty:hidden juice:first:pt-[3px]\">\n<div class=\"markdown prose w-full break-words dark:prose-invert light\">\n<p>Der Couchtisch Doric von Gubi, entworfen von GamFratesi, ist von der dorischen Architektur des antiken Griechenlands inspiriert und stellt Schlichtheit, Symmetrie und Solidit\u00e4t in den Vordergrund. Aus nat\u00fcrlichem Travertin gefertigt, ist jeder Tisch in Farbe und Textur einzigartig und hebt die reiche Materialit\u00e4t des Kalksteins hervor. Die geschwungenen Beine verleihen dem robusten St\u00fcck eine moderne Leichtigkeit und unterstreichen die aussergew\u00f6hnliche handwerkliche Kunstfertigkeit. Der Couchtisch Doric eignet sich perfekt f\u00fcr private Wohnzimmer und \u00f6ffentliche Bereiche und vereint skulpturale Eleganz mit zeitloser Funktionalit\u00e4t.<\/p>\n<p>&nbsp;<\/p>\n<blockquote>\n<h2>Merkmale &amp; Eigenschaften<\/h2>\n<\/blockquote>\n<\/div>\n<\/div>\n<\/div>\n<\/div>\n<\/div>\n<\/div>\n<\/div>\n<\/div>\n<\/div>\n<\/div>\n<\/div>\n<\/div>\n<\/div>\n<\/div>\n<\/div>\n<\/div>\n<\/div>\n<\/div>\n<\/div>\n<\/div>\n<\/div>\n<\/div>\n<\/div>\n<\/div>\n<\/div>\n<\/div>\n<\/div>\n<\/div>\n<\/div>\n<\/div>\n<\/div>\n<\/div>\n<blockquote><p><strong>Marke<\/strong> Gubi<\/p>\n<p><strong>Farbe<\/strong> Weiss<\/p>\n<p><strong>Material<\/strong> Travertin<\/p>\n<p><strong>L\u00e4nge (cm) <\/strong>80<\/p>\n<p><strong>Breite (cm) <\/strong>80<\/p>\n<p><strong>H\u00f6he (cm) <\/strong>30<\/p>\n<p><strong>Gewicht (kg)<\/strong> 64<\/p><\/blockquote>\n","protected":false},"excerpt":{"rendered":"<p>Der Couchtisch Doric von Gubi, entworfen von GamFratesi, ist von der dorischen Architektur des antiken Griechenlands inspiriert und stellt Schlichtheit, Symmetrie und Solidit\u00e4t in den Vordergrund. Aus nat\u00fcrlichem Travertin gefertigt, ist jeder Tisch in Farbe und Textur einzigartig und hebt die reiche Materialit\u00e4t des Kalksteins hervor. Die geschwungenen Beine verleihen dem robusten St\u00fcck eine moderne [&hellip;]<\/p>\n","protected":false},"featured_media":194365,"template":"","meta":{"_acf_changed":false,"om_disable_all_campaigns":false},"product_cat":[964,979],"product_tag":[1254,892,1188,1265,801,816],"bundled_by":[],"bundle_stock_status":"onbackorder","bundle_stock_quantity":null,"bundle_virtual":false,"bundle_layout":"","bundle_add_to_cart_form_location":"","bundle_editable_in_cart":false,"bundle_sold_individually_context":"","bundle_item_grouping":"","bundle_min_size":"","bundle_max_size":"","bundle_price":[],"bundled_items":[],"bundle_sell_ids":[],"acf":[],"yoast_head":"<!-- This site is optimized with the Yoast SEO Premium plugin v22.2 (Yoast SEO v22.8) - https:\/\/yoast.com\/wordpress\/plugins\/seo\/ -->\n<title>Couchtisch Doric I 80x80cm I Travertin Naturweiss I Gubi<\/title>\n<meta name=\"description\" content=\"Entdecken Sie den Couchtisch Doric von Gubi, der von der antiken dorischen Architektur inspiriert ist. Jedes St\u00fcck aus nat\u00fcrlichem Travertin ist ein Unikat.\" \/>\n<meta name=\"robots\" content=\"index, follow, max-snippet:-1, max-image-preview:large, max-video-preview:-1\" \/>\n<link rel=\"canonical\" href=\"https:\/\/ekkla.ch\/de\/produit\/sessel-croissant-gepolstert-natureiche-und-rotbraun-gubi-copie\/\" \/>\n<meta property=\"og:locale\" content=\"de_DE\" \/>\n<meta property=\"og:type\" content=\"article\" \/>\n<meta property=\"og:title\" content=\"Couchtisch Doric - 80x80cm - Travertin Naturweiss - Gubi\" \/>\n<meta property=\"og:description\" content=\"Entdecken Sie den Couchtisch Doric von Gubi, der von der antiken dorischen Architektur inspiriert ist. Jedes St\u00fcck aus nat\u00fcrlichem Travertin ist ein Unikat.\" \/>\n<meta property=\"og:url\" content=\"https:\/\/ekkla.ch\/de\/produit\/sessel-croissant-gepolstert-natureiche-und-rotbraun-gubi-copie\/\" \/>\n<meta property=\"og:site_name\" content=\"Ekkla\" \/>\n<meta property=\"article:modified_time\" content=\"2024-05-30T20:46:39+00:00\" \/>\n<meta property=\"og:image\" content=\"https:\/\/ekkla.ch\/wp-content\/uploads\/2024\/05\/ekkla-light-meubles-luminaires_produit_0008_10109922_frt_doriccoffeetable_square_80x80x30cm_baseneutralwhite-312794.jpg\" \/>\n\t<meta property=\"og:image:width\" content=\"1000\" \/>\n\t<meta property=\"og:image:height\" content=\"1000\" \/>\n\t<meta property=\"og:image:type\" content=\"image\/jpeg\" \/>\n<meta name=\"twitter:card\" content=\"summary_large_image\" \/>\n<meta name=\"twitter:label1\" content=\"Gesch\u00e4tzte Lesezeit\" \/>\n\t<meta name=\"twitter:data1\" content=\"2\u00a0Minuten\" \/>\n<script type=\"application\/ld+json\" class=\"yoast-schema-graph\">{\"@context\":\"https:\/\/schema.org\",\"@graph\":[{\"@type\":\"WebPage\",\"@id\":\"https:\/\/ekkla.ch\/de\/produit\/sessel-croissant-gepolstert-natureiche-und-rotbraun-gubi-copie\/\",\"url\":\"https:\/\/ekkla.ch\/de\/produit\/sessel-croissant-gepolstert-natureiche-und-rotbraun-gubi-copie\/\",\"name\":\"Couchtisch Doric I 80x80cm I Travertin Naturweiss I Gubi\",\"isPartOf\":{\"@id\":\"https:\/\/ekkla.ch\/#website\"},\"primaryImageOfPage\":{\"@id\":\"https:\/\/ekkla.ch\/de\/produit\/sessel-croissant-gepolstert-natureiche-und-rotbraun-gubi-copie\/#primaryimage\"},\"image\":{\"@id\":\"https:\/\/ekkla.ch\/de\/produit\/sessel-croissant-gepolstert-natureiche-und-rotbraun-gubi-copie\/#primaryimage\"},\"thumbnailUrl\":\"https:\/\/ekkla.ch\/wp-content\/uploads\/2024\/05\/ekkla-light-meubles-luminaires_produit_0008_10109922_frt_doriccoffeetable_square_80x80x30cm_baseneutralwhite-312794.jpg\",\"datePublished\":\"2024-05-30T08:01:28+00:00\",\"dateModified\":\"2024-05-30T20:46:39+00:00\",\"description\":\"Entdecken Sie den Couchtisch Doric von Gubi, der von der antiken dorischen Architektur inspiriert ist. Jedes St\u00fcck aus nat\u00fcrlichem Travertin ist ein Unikat.\",\"breadcrumb\":{\"@id\":\"https:\/\/ekkla.ch\/de\/produit\/sessel-croissant-gepolstert-natureiche-und-rotbraun-gubi-copie\/#breadcrumb\"},\"inLanguage\":\"de\",\"potentialAction\":[{\"@type\":\"ReadAction\",\"target\":[\"https:\/\/ekkla.ch\/de\/produit\/sessel-croissant-gepolstert-natureiche-und-rotbraun-gubi-copie\/\"]}]},{\"@type\":\"ImageObject\",\"inLanguage\":\"de\",\"@id\":\"https:\/\/ekkla.ch\/de\/produit\/sessel-croissant-gepolstert-natureiche-und-rotbraun-gubi-copie\/#primaryimage\",\"url\":\"https:\/\/ekkla.ch\/wp-content\/uploads\/2024\/05\/ekkla-light-meubles-luminaires_produit_0008_10109922_frt_doriccoffeetable_square_80x80x30cm_baseneutralwhite-312794.jpg\",\"contentUrl\":\"https:\/\/ekkla.ch\/wp-content\/uploads\/2024\/05\/ekkla-light-meubles-luminaires_produit_0008_10109922_frt_doriccoffeetable_square_80x80x30cm_baseneutralwhite-312794.jpg\",\"width\":1000,\"height\":1000},{\"@type\":\"BreadcrumbList\",\"@id\":\"https:\/\/ekkla.ch\/de\/produit\/sessel-croissant-gepolstert-natureiche-und-rotbraun-gubi-copie\/#breadcrumb\",\"itemListElement\":[{\"@type\":\"ListItem\",\"position\":1,\"name\":\"Home\",\"item\":\"https:\/\/ekkla.ch\/de\/\"},{\"@type\":\"ListItem\",\"position\":2,\"name\":\"Shop\",\"item\":\"https:\/\/ekkla.ch\/de\/shop\/\"},{\"@type\":\"ListItem\",\"position\":3,\"name\":\"Couchtisch Doric &#8211; 80x80cm &#8211; Travertin Naturweiss &#8211; Gubi\"}]},{\"@type\":\"WebSite\",\"@id\":\"https:\/\/ekkla.ch\/#website\",\"url\":\"https:\/\/ekkla.ch\/\",\"name\":\"Ekkla\",\"description\":\"Der Onlineshop f\u00fcr Beleuchtung\",\"publisher\":{\"@id\":\"https:\/\/ekkla.ch\/#organization\"},\"potentialAction\":[{\"@type\":\"SearchAction\",\"target\":{\"@type\":\"EntryPoint\",\"urlTemplate\":\"https:\/\/ekkla.ch\/?s={search_term_string}\"},\"query-input\":\"required name=search_term_string\"}],\"inLanguage\":\"de\"},{\"@type\":\"Organization\",\"@id\":\"https:\/\/ekkla.ch\/#organization\",\"name\":\"Ekkla\",\"url\":\"https:\/\/ekkla.ch\/\",\"logo\":{\"@type\":\"ImageObject\",\"inLanguage\":\"de\",\"@id\":\"https:\/\/ekkla.ch\/#\/schema\/logo\/image\/\",\"url\":\"http:\/\/ekkla.ch\/wp-content\/uploads\/2019\/07\/logo-1.svg\",\"contentUrl\":\"http:\/\/ekkla.ch\/wp-content\/uploads\/2019\/07\/logo-1.svg\",\"width\":1,\"height\":1,\"caption\":\"Ekkla\"},\"image\":{\"@id\":\"https:\/\/ekkla.ch\/#\/schema\/logo\/image\/\"},\"sameAs\":[\"https:\/\/www.instagram.com\/ekkla_light\/\"]}]}<\/script>\n<!-- \/ Yoast SEO Premium plugin. -->","yoast_head_json":{"title":"Couchtisch Doric I 80x80cm I Travertin Naturweiss I Gubi","description":"Entdecken Sie den Couchtisch Doric von Gubi, der von der antiken dorischen Architektur inspiriert ist. Jedes St\u00fcck aus nat\u00fcrlichem Travertin ist ein Unikat.","robots":{"index":"index","follow":"follow","max-snippet":"max-snippet:-1","max-image-preview":"max-image-preview:large","max-video-preview":"max-video-preview:-1"},"canonical":"https:\/\/ekkla.ch\/de\/produit\/sessel-croissant-gepolstert-natureiche-und-rotbraun-gubi-copie\/","og_locale":"de_DE","og_type":"article","og_title":"Couchtisch Doric - 80x80cm - Travertin Naturweiss - Gubi","og_description":"Entdecken Sie den Couchtisch Doric von Gubi, der von der antiken dorischen Architektur inspiriert ist. Jedes St\u00fcck aus nat\u00fcrlichem Travertin ist ein Unikat.","og_url":"https:\/\/ekkla.ch\/de\/produit\/sessel-croissant-gepolstert-natureiche-und-rotbraun-gubi-copie\/","og_site_name":"Ekkla","article_modified_time":"2024-05-30T20:46:39+00:00","og_image":[{"width":1000,"height":1000,"url":"https:\/\/ekkla.ch\/wp-content\/uploads\/2024\/05\/ekkla-light-meubles-luminaires_produit_0008_10109922_frt_doriccoffeetable_square_80x80x30cm_baseneutralwhite-312794.jpg","type":"image\/jpeg"}],"twitter_card":"summary_large_image","twitter_misc":{"Gesch\u00e4tzte Lesezeit":"2\u00a0Minuten"},"schema":{"@context":"https:\/\/schema.org","@graph":[{"@type":"WebPage","@id":"https:\/\/ekkla.ch\/de\/produit\/sessel-croissant-gepolstert-natureiche-und-rotbraun-gubi-copie\/","url":"https:\/\/ekkla.ch\/de\/produit\/sessel-croissant-gepolstert-natureiche-und-rotbraun-gubi-copie\/","name":"Couchtisch Doric I 80x80cm I Travertin Naturweiss I Gubi","isPartOf":{"@id":"https:\/\/ekkla.ch\/#website"},"primaryImageOfPage":{"@id":"https:\/\/ekkla.ch\/de\/produit\/sessel-croissant-gepolstert-natureiche-und-rotbraun-gubi-copie\/#primaryimage"},"image":{"@id":"https:\/\/ekkla.ch\/de\/produit\/sessel-croissant-gepolstert-natureiche-und-rotbraun-gubi-copie\/#primaryimage"},"thumbnailUrl":"https:\/\/ekkla.ch\/wp-content\/uploads\/2024\/05\/ekkla-light-meubles-luminaires_produit_0008_10109922_frt_doriccoffeetable_square_80x80x30cm_baseneutralwhite-312794.jpg","datePublished":"2024-05-30T08:01:28+00:00","dateModified":"2024-05-30T20:46:39+00:00","description":"Entdecken Sie den Couchtisch Doric von Gubi, der von der antiken dorischen Architektur inspiriert ist. Jedes St\u00fcck aus nat\u00fcrlichem Travertin ist ein Unikat.","breadcrumb":{"@id":"https:\/\/ekkla.ch\/de\/produit\/sessel-croissant-gepolstert-natureiche-und-rotbraun-gubi-copie\/#breadcrumb"},"inLanguage":"de","potentialAction":[{"@type":"ReadAction","target":["https:\/\/ekkla.ch\/de\/produit\/sessel-croissant-gepolstert-natureiche-und-rotbraun-gubi-copie\/"]}]},{"@type":"ImageObject","inLanguage":"de","@id":"https:\/\/ekkla.ch\/de\/produit\/sessel-croissant-gepolstert-natureiche-und-rotbraun-gubi-copie\/#primaryimage","url":"https:\/\/ekkla.ch\/wp-content\/uploads\/2024\/05\/ekkla-light-meubles-luminaires_produit_0008_10109922_frt_doriccoffeetable_square_80x80x30cm_baseneutralwhite-312794.jpg","contentUrl":"https:\/\/ekkla.ch\/wp-content\/uploads\/2024\/05\/ekkla-light-meubles-luminaires_produit_0008_10109922_frt_doriccoffeetable_square_80x80x30cm_baseneutralwhite-312794.jpg","width":1000,"height":1000},{"@type":"BreadcrumbList","@id":"https:\/\/ekkla.ch\/de\/produit\/sessel-croissant-gepolstert-natureiche-und-rotbraun-gubi-copie\/#breadcrumb","itemListElement":[{"@type":"ListItem","position":1,"name":"Home","item":"https:\/\/ekkla.ch\/de\/"},{"@type":"ListItem","position":2,"name":"Shop","item":"https:\/\/ekkla.ch\/de\/shop\/"},{"@type":"ListItem","position":3,"name":"Couchtisch Doric &#8211; 80x80cm &#8211; Travertin Naturweiss &#8211; Gubi"}]},{"@type":"WebSite","@id":"https:\/\/ekkla.ch\/#website","url":"https:\/\/ekkla.ch\/","name":"Ekkla","description":"Der Onlineshop f\u00fcr Beleuchtung","publisher":{"@id":"https:\/\/ekkla.ch\/#organization"},"potentialAction":[{"@type":"SearchAction","target":{"@type":"EntryPoint","urlTemplate":"https:\/\/ekkla.ch\/?s={search_term_string}"},"query-input":"required name=search_term_string"}],"inLanguage":"de"},{"@type":"Organization","@id":"https:\/\/ekkla.ch\/#organization","name":"Ekkla","url":"https:\/\/ekkla.ch\/","logo":{"@type":"ImageObject","inLanguage":"de","@id":"https:\/\/ekkla.ch\/#\/schema\/logo\/image\/","url":"http:\/\/ekkla.ch\/wp-content\/uploads\/2019\/07\/logo-1.svg","contentUrl":"http:\/\/ekkla.ch\/wp-content\/uploads\/2019\/07\/logo-1.svg","width":1,"height":1,"caption":"Ekkla"},"image":{"@id":"https:\/\/ekkla.ch\/#\/schema\/logo\/image\/"},"sameAs":["https:\/\/www.instagram.com\/ekkla_light\/"]}]}},"_links":{"self":[{"href":"https:\/\/ekkla.ch\/de\/wp-json\/wp\/v2\/product\/194296"}],"collection":[{"href":"https:\/\/ekkla.ch\/de\/wp-json\/wp\/v2\/product"}],"about":[{"href":"https:\/\/ekkla.ch\/de\/wp-json\/wp\/v2\/types\/product"}],"wp:featuredmedia":[{"embeddable":true,"href":"https:\/\/ekkla.ch\/de\/wp-json\/wp\/v2\/media\/194365"}],"wp:attachment":[{"href":"https:\/\/ekkla.ch\/de\/wp-json\/wp\/v2\/media?parent=194296"}],"wp:term":[{"taxonomy":"product_cat","embeddable":true,"href":"https:\/\/ekkla.ch\/de\/wp-json\/wp\/v2\/product_cat?post=194296"},{"taxonomy":"product_tag","embeddable":true,"href":"https:\/\/ekkla.ch\/de\/wp-json\/wp\/v2\/product_tag?post=194296"}],"curies":[{"name":"wp","href":"https:\/\/api.w.org\/{rel}","templated":true}]}}