{"id":194340,"date":"2024-05-28T15:20:44","date_gmt":"2024-05-28T13:20:44","guid":{"rendered":"https:\/\/ekkla.ch\/produit\/petite-friture-quadratischer-tisch-mit-latten-85-x-85-cm-weekend-aluminium-jadegruen\/"},"modified":"2024-05-30T16:51:14","modified_gmt":"2024-05-30T14:51:14","slug":"petite-friture-quadratischer-tisch-mit-latten-85-x-85-cm-weekend-aluminium-jadegruen","status":"publish","type":"product","link":"https:\/\/ekkla.ch\/de\/produit\/petite-friture-quadratischer-tisch-mit-latten-85-x-85-cm-weekend-aluminium-jadegruen\/","title":{"rendered":"Petite Friture &#8211; Quadratischer Tisch mit Latten 85 x 85 cm Weekend &#8211; Aluminium \u2013 Jadegr\u00fcn"},"content":{"rendered":"<p>Bringen Sie einen fr\u00f6hlichen und modernen Touch in Ihren Aussenbereich mit dem quadratischen Latten-Tisch Week-End, der vom franz\u00f6sischen Studio BrichetZiegler entworfen wurde. Dieser Tisch ist ideal f\u00fcr bis zu 4 Personen und eignet sich hervorragend f\u00fcr Mahlzeiten und Aperitifs im Freien. Seine abgerundete Form und die horizontalen sowie vertikalen Latten sorgen f\u00fcr eine einzigartige und zeitgem\u00e4sse Optik.<\/p>\n<p>Hergestellt aus Aluminium, vereint der Tisch Robustheit und Leichtigkeit. Er ist mit einer matten, strukturierten und UV-best\u00e4ndigen Pulverbeschichtung versehen, die Witterungseinfl\u00fcssen und Sonnenstrahlen standh\u00e4lt, ohne zu rosten oder zu korrodieren. Erh\u00e4ltlich in verschiedenen kr\u00e4ftigen und ged\u00e4mpften Farben, erm\u00f6glicht dieser Tisch die Gestaltung von k\u00fchnen und harmonischen Aussenbereichen.<\/p>\n<p>Leicht und handlich, dieser Tisch ist perfekt f\u00fcr eine Terrasse oder einen Balkon und l\u00e4sst sich ideal mit den passenden Hockern oder St\u00fchlen kombinieren.<\/p>\n<p>Petite Friture ist eine franz\u00f6sische Marke, die 2009 gegr\u00fcndet wurde und einzigartige und engagierte Kollektionen anbietet. Jedes Projekt ist das Ergebnis eines Treffens zwischen dem Herausgeber, dem Designer und dem Hersteller mit dem gemeinsamen Ziel, eine nachhaltige Emotion zu wecken. Die Marke engagiert sich f\u00fcr Nachhaltigkeit, Transparenz, Respekt und Dialog, und ihre Philosophie ist es, \u201edas Gute aus dem Sch\u00f6nen hervorzubringen\u201c.<\/p>\n<blockquote>\n<h2>Eigenschaften<\/h2>\n<p><strong>Marke<\/strong> Petite Friture<\/p>\n<p><strong>Farbe<\/strong> Jadegr\u00fcn<\/p>\n<p><strong>Material <\/strong>Aluminium, pulverbeschichtet mit matter K\u00f6rnung &#8211; UV-best\u00e4ndig f\u00fcr den Ausseneinsatz<\/p>\n<p><strong>L\u00e4nge (cm) <\/strong>85<\/p>\n<p><strong>Breite (cm) <\/strong>85<\/p>\n<div class=\"item\" data-v-6c1492fc=\"\"><strong><span class=\"label\" data-v-6c1492fc=\"\">H\u00f6he (cm) <\/span><\/strong><span class=\"value\" data-v-6c1492fc=\"\">75<\/span><\/div>\n<p><strong>Gewicht (kg)<\/strong> 12<\/p><\/blockquote>\n","protected":false},"excerpt":{"rendered":"<p>Bringen Sie einen fr\u00f6hlichen und modernen Touch in Ihren Aussenbereich mit dem quadratischen Latten-Tisch Week-End, der vom franz\u00f6sischen Studio BrichetZiegler entworfen wurde. Dieser Tisch ist ideal f\u00fcr bis zu 4 Personen und eignet sich hervorragend f\u00fcr Mahlzeiten und Aperitifs im Freien. Seine abgerundete Form und die horizontalen sowie vertikalen Latten sorgen f\u00fcr eine einzigartige und [&hellip;]<\/p>\n","protected":false},"featured_media":193809,"template":"","meta":{"_acf_changed":false,"om_disable_all_campaigns":false},"product_cat":[964,970],"product_tag":[1254,1265,801,1022],"bundled_by":[],"bundle_stock_status":"onbackorder","bundle_stock_quantity":null,"bundle_virtual":false,"bundle_layout":"","bundle_add_to_cart_form_location":"","bundle_editable_in_cart":false,"bundle_sold_individually_context":"","bundle_item_grouping":"","bundle_min_size":"","bundle_max_size":"","bundle_price":[],"bundled_items":[],"bundle_sell_ids":[],"acf":[],"yoast_head":"<!-- This site is optimized with the Yoast SEO Premium plugin v22.2 (Yoast SEO v22.8) - https:\/\/yoast.com\/wordpress\/plugins\/seo\/ -->\n<title>Quadratischer Tisch mit Latten Weekend | Jadegr\u00fcn | Petite Friture | Ekkla<\/title>\n<meta name=\"description\" content=\"Entdecken Sie die M\u00f6belkollektion Week-End, die Leichtigkeit und Robustheit mit einem modernen grafischen Design des Studios BrichetZiegler vereint.\" \/>\n<meta name=\"robots\" content=\"index, follow, max-snippet:-1, max-image-preview:large, max-video-preview:-1\" \/>\n<link rel=\"canonical\" href=\"https:\/\/ekkla.ch\/de\/produit\/petite-friture-quadratischer-tisch-mit-latten-85-x-85-cm-weekend-aluminium-jadegruen\/\" \/>\n<meta property=\"og:locale\" content=\"de_DE\" \/>\n<meta property=\"og:type\" content=\"article\" \/>\n<meta property=\"og:title\" content=\"Petite Friture - Quadratischer Tisch mit Latten 85 x 85 cm Weekend - Aluminium \u2013 Jadegr\u00fcn\" \/>\n<meta property=\"og:description\" content=\"Entdecken Sie die M\u00f6belkollektion Week-End, die Leichtigkeit und Robustheit mit einem modernen grafischen Design des Studios BrichetZiegler vereint.\" \/>\n<meta property=\"og:url\" content=\"https:\/\/ekkla.ch\/de\/produit\/petite-friture-quadratischer-tisch-mit-latten-85-x-85-cm-weekend-aluminium-jadegruen\/\" \/>\n<meta property=\"og:site_name\" content=\"Ekkla\" \/>\n<meta property=\"article:modified_time\" content=\"2024-05-30T14:51:14+00:00\" \/>\n<meta property=\"og:image\" content=\"https:\/\/ekkla.ch\/wp-content\/uploads\/2024\/05\/ekkla-light-meubles-luminaires_0124_M0741115_week-end_square-table_jade-green_\u00a9PF_cut-out_2.jpg\" \/>\n\t<meta property=\"og:image:width\" content=\"1000\" \/>\n\t<meta property=\"og:image:height\" content=\"1000\" \/>\n\t<meta property=\"og:image:type\" content=\"image\/jpeg\" \/>\n<meta name=\"twitter:card\" content=\"summary_large_image\" \/>\n<meta name=\"twitter:label1\" content=\"Gesch\u00e4tzte Lesezeit\" \/>\n\t<meta name=\"twitter:data1\" content=\"2\u00a0Minuten\" \/>\n<script type=\"application\/ld+json\" class=\"yoast-schema-graph\">{\"@context\":\"https:\/\/schema.org\",\"@graph\":[{\"@type\":\"WebPage\",\"@id\":\"https:\/\/ekkla.ch\/de\/produit\/petite-friture-quadratischer-tisch-mit-latten-85-x-85-cm-weekend-aluminium-jadegruen\/\",\"url\":\"https:\/\/ekkla.ch\/de\/produit\/petite-friture-quadratischer-tisch-mit-latten-85-x-85-cm-weekend-aluminium-jadegruen\/\",\"name\":\"Quadratischer Tisch mit Latten Weekend | Jadegr\u00fcn | Petite Friture | Ekkla\",\"isPartOf\":{\"@id\":\"https:\/\/ekkla.ch\/#website\"},\"primaryImageOfPage\":{\"@id\":\"https:\/\/ekkla.ch\/de\/produit\/petite-friture-quadratischer-tisch-mit-latten-85-x-85-cm-weekend-aluminium-jadegruen\/#primaryimage\"},\"image\":{\"@id\":\"https:\/\/ekkla.ch\/de\/produit\/petite-friture-quadratischer-tisch-mit-latten-85-x-85-cm-weekend-aluminium-jadegruen\/#primaryimage\"},\"thumbnailUrl\":\"https:\/\/ekkla.ch\/wp-content\/uploads\/2024\/05\/ekkla-light-meubles-luminaires_0124_M0741115_week-end_square-table_jade-green_\u00a9PF_cut-out_2.jpg\",\"datePublished\":\"2024-05-28T13:20:44+00:00\",\"dateModified\":\"2024-05-30T14:51:14+00:00\",\"description\":\"Entdecken Sie die M\u00f6belkollektion Week-End, die Leichtigkeit und Robustheit mit einem modernen grafischen Design des Studios BrichetZiegler vereint.\",\"breadcrumb\":{\"@id\":\"https:\/\/ekkla.ch\/de\/produit\/petite-friture-quadratischer-tisch-mit-latten-85-x-85-cm-weekend-aluminium-jadegruen\/#breadcrumb\"},\"inLanguage\":\"de\",\"potentialAction\":[{\"@type\":\"ReadAction\",\"target\":[\"https:\/\/ekkla.ch\/de\/produit\/petite-friture-quadratischer-tisch-mit-latten-85-x-85-cm-weekend-aluminium-jadegruen\/\"]}]},{\"@type\":\"ImageObject\",\"inLanguage\":\"de\",\"@id\":\"https:\/\/ekkla.ch\/de\/produit\/petite-friture-quadratischer-tisch-mit-latten-85-x-85-cm-weekend-aluminium-jadegruen\/#primaryimage\",\"url\":\"https:\/\/ekkla.ch\/wp-content\/uploads\/2024\/05\/ekkla-light-meubles-luminaires_0124_M0741115_week-end_square-table_jade-green_\u00a9PF_cut-out_2.jpg\",\"contentUrl\":\"https:\/\/ekkla.ch\/wp-content\/uploads\/2024\/05\/ekkla-light-meubles-luminaires_0124_M0741115_week-end_square-table_jade-green_\u00a9PF_cut-out_2.jpg\",\"width\":1000,\"height\":1000},{\"@type\":\"BreadcrumbList\",\"@id\":\"https:\/\/ekkla.ch\/de\/produit\/petite-friture-quadratischer-tisch-mit-latten-85-x-85-cm-weekend-aluminium-jadegruen\/#breadcrumb\",\"itemListElement\":[{\"@type\":\"ListItem\",\"position\":1,\"name\":\"Home\",\"item\":\"https:\/\/ekkla.ch\/de\/\"},{\"@type\":\"ListItem\",\"position\":2,\"name\":\"Shop\",\"item\":\"https:\/\/ekkla.ch\/de\/shop\/\"},{\"@type\":\"ListItem\",\"position\":3,\"name\":\"Petite Friture &#8211; Quadratischer Tisch mit Latten 85 x 85 cm Weekend &#8211; Aluminium \u2013 Jadegr\u00fcn\"}]},{\"@type\":\"WebSite\",\"@id\":\"https:\/\/ekkla.ch\/#website\",\"url\":\"https:\/\/ekkla.ch\/\",\"name\":\"Ekkla\",\"description\":\"Der Onlineshop f\u00fcr Beleuchtung\",\"publisher\":{\"@id\":\"https:\/\/ekkla.ch\/#organization\"},\"potentialAction\":[{\"@type\":\"SearchAction\",\"target\":{\"@type\":\"EntryPoint\",\"urlTemplate\":\"https:\/\/ekkla.ch\/?s={search_term_string}\"},\"query-input\":\"required name=search_term_string\"}],\"inLanguage\":\"de\"},{\"@type\":\"Organization\",\"@id\":\"https:\/\/ekkla.ch\/#organization\",\"name\":\"Ekkla\",\"url\":\"https:\/\/ekkla.ch\/\",\"logo\":{\"@type\":\"ImageObject\",\"inLanguage\":\"de\",\"@id\":\"https:\/\/ekkla.ch\/#\/schema\/logo\/image\/\",\"url\":\"http:\/\/ekkla.ch\/wp-content\/uploads\/2019\/07\/logo-1.svg\",\"contentUrl\":\"http:\/\/ekkla.ch\/wp-content\/uploads\/2019\/07\/logo-1.svg\",\"width\":1,\"height\":1,\"caption\":\"Ekkla\"},\"image\":{\"@id\":\"https:\/\/ekkla.ch\/#\/schema\/logo\/image\/\"},\"sameAs\":[\"https:\/\/www.instagram.com\/ekkla_light\/\"]}]}<\/script>\n<!-- \/ Yoast SEO Premium plugin. -->","yoast_head_json":{"title":"Quadratischer Tisch mit Latten Weekend | Jadegr\u00fcn | Petite Friture | Ekkla","description":"Entdecken Sie die M\u00f6belkollektion Week-End, die Leichtigkeit und Robustheit mit einem modernen grafischen Design des Studios BrichetZiegler vereint.","robots":{"index":"index","follow":"follow","max-snippet":"max-snippet:-1","max-image-preview":"max-image-preview:large","max-video-preview":"max-video-preview:-1"},"canonical":"https:\/\/ekkla.ch\/de\/produit\/petite-friture-quadratischer-tisch-mit-latten-85-x-85-cm-weekend-aluminium-jadegruen\/","og_locale":"de_DE","og_type":"article","og_title":"Petite Friture - Quadratischer Tisch mit Latten 85 x 85 cm Weekend - Aluminium \u2013 Jadegr\u00fcn","og_description":"Entdecken Sie die M\u00f6belkollektion Week-End, die Leichtigkeit und Robustheit mit einem modernen grafischen Design des Studios BrichetZiegler vereint.","og_url":"https:\/\/ekkla.ch\/de\/produit\/petite-friture-quadratischer-tisch-mit-latten-85-x-85-cm-weekend-aluminium-jadegruen\/","og_site_name":"Ekkla","article_modified_time":"2024-05-30T14:51:14+00:00","og_image":[{"width":1000,"height":1000,"url":"https:\/\/ekkla.ch\/wp-content\/uploads\/2024\/05\/ekkla-light-meubles-luminaires_0124_M0741115_week-end_square-table_jade-green_\u00a9PF_cut-out_2.jpg","type":"image\/jpeg"}],"twitter_card":"summary_large_image","twitter_misc":{"Gesch\u00e4tzte Lesezeit":"2\u00a0Minuten"},"schema":{"@context":"https:\/\/schema.org","@graph":[{"@type":"WebPage","@id":"https:\/\/ekkla.ch\/de\/produit\/petite-friture-quadratischer-tisch-mit-latten-85-x-85-cm-weekend-aluminium-jadegruen\/","url":"https:\/\/ekkla.ch\/de\/produit\/petite-friture-quadratischer-tisch-mit-latten-85-x-85-cm-weekend-aluminium-jadegruen\/","name":"Quadratischer Tisch mit Latten Weekend | Jadegr\u00fcn | Petite Friture | Ekkla","isPartOf":{"@id":"https:\/\/ekkla.ch\/#website"},"primaryImageOfPage":{"@id":"https:\/\/ekkla.ch\/de\/produit\/petite-friture-quadratischer-tisch-mit-latten-85-x-85-cm-weekend-aluminium-jadegruen\/#primaryimage"},"image":{"@id":"https:\/\/ekkla.ch\/de\/produit\/petite-friture-quadratischer-tisch-mit-latten-85-x-85-cm-weekend-aluminium-jadegruen\/#primaryimage"},"thumbnailUrl":"https:\/\/ekkla.ch\/wp-content\/uploads\/2024\/05\/ekkla-light-meubles-luminaires_0124_M0741115_week-end_square-table_jade-green_\u00a9PF_cut-out_2.jpg","datePublished":"2024-05-28T13:20:44+00:00","dateModified":"2024-05-30T14:51:14+00:00","description":"Entdecken Sie die M\u00f6belkollektion Week-End, die Leichtigkeit und Robustheit mit einem modernen grafischen Design des Studios BrichetZiegler vereint.","breadcrumb":{"@id":"https:\/\/ekkla.ch\/de\/produit\/petite-friture-quadratischer-tisch-mit-latten-85-x-85-cm-weekend-aluminium-jadegruen\/#breadcrumb"},"inLanguage":"de","potentialAction":[{"@type":"ReadAction","target":["https:\/\/ekkla.ch\/de\/produit\/petite-friture-quadratischer-tisch-mit-latten-85-x-85-cm-weekend-aluminium-jadegruen\/"]}]},{"@type":"ImageObject","inLanguage":"de","@id":"https:\/\/ekkla.ch\/de\/produit\/petite-friture-quadratischer-tisch-mit-latten-85-x-85-cm-weekend-aluminium-jadegruen\/#primaryimage","url":"https:\/\/ekkla.ch\/wp-content\/uploads\/2024\/05\/ekkla-light-meubles-luminaires_0124_M0741115_week-end_square-table_jade-green_\u00a9PF_cut-out_2.jpg","contentUrl":"https:\/\/ekkla.ch\/wp-content\/uploads\/2024\/05\/ekkla-light-meubles-luminaires_0124_M0741115_week-end_square-table_jade-green_\u00a9PF_cut-out_2.jpg","width":1000,"height":1000},{"@type":"BreadcrumbList","@id":"https:\/\/ekkla.ch\/de\/produit\/petite-friture-quadratischer-tisch-mit-latten-85-x-85-cm-weekend-aluminium-jadegruen\/#breadcrumb","itemListElement":[{"@type":"ListItem","position":1,"name":"Home","item":"https:\/\/ekkla.ch\/de\/"},{"@type":"ListItem","position":2,"name":"Shop","item":"https:\/\/ekkla.ch\/de\/shop\/"},{"@type":"ListItem","position":3,"name":"Petite Friture &#8211; Quadratischer Tisch mit Latten 85 x 85 cm Weekend &#8211; Aluminium \u2013 Jadegr\u00fcn"}]},{"@type":"WebSite","@id":"https:\/\/ekkla.ch\/#website","url":"https:\/\/ekkla.ch\/","name":"Ekkla","description":"Der Onlineshop f\u00fcr Beleuchtung","publisher":{"@id":"https:\/\/ekkla.ch\/#organization"},"potentialAction":[{"@type":"SearchAction","target":{"@type":"EntryPoint","urlTemplate":"https:\/\/ekkla.ch\/?s={search_term_string}"},"query-input":"required name=search_term_string"}],"inLanguage":"de"},{"@type":"Organization","@id":"https:\/\/ekkla.ch\/#organization","name":"Ekkla","url":"https:\/\/ekkla.ch\/","logo":{"@type":"ImageObject","inLanguage":"de","@id":"https:\/\/ekkla.ch\/#\/schema\/logo\/image\/","url":"http:\/\/ekkla.ch\/wp-content\/uploads\/2019\/07\/logo-1.svg","contentUrl":"http:\/\/ekkla.ch\/wp-content\/uploads\/2019\/07\/logo-1.svg","width":1,"height":1,"caption":"Ekkla"},"image":{"@id":"https:\/\/ekkla.ch\/#\/schema\/logo\/image\/"},"sameAs":["https:\/\/www.instagram.com\/ekkla_light\/"]}]}},"_links":{"self":[{"href":"https:\/\/ekkla.ch\/de\/wp-json\/wp\/v2\/product\/194340"}],"collection":[{"href":"https:\/\/ekkla.ch\/de\/wp-json\/wp\/v2\/product"}],"about":[{"href":"https:\/\/ekkla.ch\/de\/wp-json\/wp\/v2\/types\/product"}],"wp:featuredmedia":[{"embeddable":true,"href":"https:\/\/ekkla.ch\/de\/wp-json\/wp\/v2\/media\/193809"}],"wp:attachment":[{"href":"https:\/\/ekkla.ch\/de\/wp-json\/wp\/v2\/media?parent=194340"}],"wp:term":[{"taxonomy":"product_cat","embeddable":true,"href":"https:\/\/ekkla.ch\/de\/wp-json\/wp\/v2\/product_cat?post=194340"},{"taxonomy":"product_tag","embeddable":true,"href":"https:\/\/ekkla.ch\/de\/wp-json\/wp\/v2\/product_tag?post=194340"}],"curies":[{"name":"wp","href":"https:\/\/api.w.org\/{rel}","templated":true}]}}