{"id":194466,"date":"2024-05-28T19:36:03","date_gmt":"2024-05-28T17:36:03","guid":{"rendered":"https:\/\/ekkla.ch\/produit\/petite-friture-rechteckiger-tisch-mit-latten-l-220-x-85-cm-weekend-aluminium-gelb\/"},"modified":"2024-05-31T08:08:50","modified_gmt":"2024-05-31T06:08:50","slug":"petite-friture-rechteckiger-tisch-mit-latten-l-220-x-85-cm-weekend-aluminium-gelb","status":"publish","type":"product","link":"https:\/\/ekkla.ch\/de\/produit\/petite-friture-rechteckiger-tisch-mit-latten-l-220-x-85-cm-weekend-aluminium-gelb\/","title":{"rendered":"Petite Friture &#8211; Rechteckiger Tisch mit Latten L 220 x 85 cm Weekend &#8211; Aluminium \u2013 Gelb"},"content":{"rendered":"<p>Bringen Sie Vitalit\u00e4t und Modernit\u00e4t in Ihren Aussenbereich mit diesem rechteckigen Tisch mit Latten, entworfen vom franz\u00f6sischen Studio BrichetZiegler. Der Tisch bietet Platz f\u00fcr bis zu 8 Personen und ist ideal f\u00fcr gesellige Mahlzeiten und Aperitifs im Freien. Die Tischplatte mit abgerundeten Kanten und die horizontalen Latten sorgen f\u00fcr eine markante, zeitgem\u00e4sse Optik, die Ihrem Garten, Ihrer Terrasse oder Ihrem Balkon eine besondere grafische Note verleiht.<\/p>\n<p>Hergestellt aus Aluminium, vereint dieser Tisch Robustheit und Leichtigkeit und ist somit einfach und bequem zu nutzen. Die matte, strukturierte und UV-best\u00e4ndige Pulverbeschichtung macht ihn wetterfest und sonnenlichtbest\u00e4ndig, sodass die Farben auch im Laufe der Zeit nicht verblassen.<\/p>\n<p>Mit seinem einzigartigen Design und den verst\u00e4rkten Latten verbindet dieser Tisch \u00c4sthetik und Funktionalit\u00e4t. Er l\u00e4sst sich perfekt mit den passenden St\u00fchlen der Kollektion kombinieren, sodass Sie eine harmonische Essecke schaffen k\u00f6nnen.<\/p>\n<p>Petite Friture ist eine franz\u00f6sische Marke, die 2009 gegr\u00fcndet wurde und einzigartige und engagierte Kollektionen anbietet. Jedes Projekt ist das Ergebnis eines Treffens zwischen dem Herausgeber, dem Designer und dem Hersteller mit dem gemeinsamen Ziel, eine nachhaltige Emotion zu wecken. Die Marke engagiert sich f\u00fcr Nachhaltigkeit, Transparenz, Respekt und Dialog, und ihre Philosophie ist es, \u201edas Gute aus dem Sch\u00f6nen hervorzubringen\u201c.<\/p>\n<blockquote>\n<h2>Eigenschaften<\/h2>\n<p><strong>Marke<\/strong>\u00a0Petite Friture<\/p>\n<p><strong>Farbe<\/strong> Gelb<\/p>\n<p><strong>Material <\/strong>Aluminium, pulverbeschichtet mit matter K\u00f6rnung &#8211; UV-best\u00e4ndig f\u00fcr den Ausseneinsatz<\/p>\n<p><strong>L\u00e4nge (cm) <\/strong>220<\/p>\n<p><strong>Breite (cm) <\/strong>85<\/p>\n<div class=\"item\" data-v-6c1492fc=\"\"><strong><span class=\"label\" data-v-6c1492fc=\"\">H\u00f6he (cm) <\/span><\/strong><span class=\"value\" data-v-6c1492fc=\"\">75<\/span><\/div>\n<p><strong>Gewicht (kg)<\/strong> 27<\/p><\/blockquote>\n","protected":false},"excerpt":{"rendered":"<p>Bringen Sie Vitalit\u00e4t und Modernit\u00e4t in Ihren Aussenbereich mit diesem rechteckigen Tisch mit Latten, entworfen vom franz\u00f6sischen Studio BrichetZiegler. Der Tisch bietet Platz f\u00fcr bis zu 8 Personen und ist ideal f\u00fcr gesellige Mahlzeiten und Aperitifs im Freien. Die Tischplatte mit abgerundeten Kanten und die horizontalen Latten sorgen f\u00fcr eine markante, zeitgem\u00e4sse Optik, die Ihrem [&hellip;]<\/p>\n","protected":false},"featured_media":193860,"template":"","meta":{"_acf_changed":false,"om_disable_all_campaigns":false},"product_cat":[964,970],"product_tag":[1254,1265,801,1022],"bundled_by":[],"bundle_stock_status":"onbackorder","bundle_stock_quantity":null,"bundle_virtual":false,"bundle_layout":"","bundle_add_to_cart_form_location":"","bundle_editable_in_cart":false,"bundle_sold_individually_context":"","bundle_item_grouping":"","bundle_min_size":"","bundle_max_size":"","bundle_price":[],"bundled_items":[],"bundle_sell_ids":[],"acf":[],"yoast_head":"<!-- This site is optimized with the Yoast SEO Premium plugin v22.2 (Yoast SEO v22.8) - https:\/\/yoast.com\/wordpress\/plugins\/seo\/ -->\n<title>Rechteckiger Tisch L Weekend | Gelb | Petite Friture | Ekkla<\/title>\n<meta name=\"description\" content=\"Entdecken Sie die M\u00f6belkollektion Week-End, die Leichtigkeit und Robustheit mit einem modernen grafischen Design des Studios BrichetZiegler vereint.\" \/>\n<meta name=\"robots\" content=\"index, follow, max-snippet:-1, max-image-preview:large, max-video-preview:-1\" \/>\n<link rel=\"canonical\" href=\"https:\/\/ekkla.ch\/de\/produit\/petite-friture-rechteckiger-tisch-mit-latten-l-220-x-85-cm-weekend-aluminium-gelb\/\" \/>\n<meta property=\"og:locale\" content=\"de_DE\" \/>\n<meta property=\"og:type\" content=\"article\" \/>\n<meta property=\"og:title\" content=\"Petite Friture - Rechteckiger Tisch mit Latten L 220 x 85 cm Weekend - Aluminium \u2013 Gelb\" \/>\n<meta property=\"og:description\" content=\"Entdecken Sie die M\u00f6belkollektion Week-End, die Leichtigkeit und Robustheit mit einem modernen grafischen Design des Studios BrichetZiegler vereint.\" \/>\n<meta property=\"og:url\" content=\"https:\/\/ekkla.ch\/de\/produit\/petite-friture-rechteckiger-tisch-mit-latten-l-220-x-85-cm-weekend-aluminium-gelb\/\" \/>\n<meta property=\"og:site_name\" content=\"Ekkla\" \/>\n<meta property=\"article:modified_time\" content=\"2024-05-31T06:08:50+00:00\" \/>\n<meta property=\"og:image\" content=\"https:\/\/ekkla.ch\/wp-content\/uploads\/2024\/05\/ekkla-light-meubles-luminaires_0137_T0741308_weekend_table_rect_large_yellow_\u00a9PF_cut-out_-3.jpg\" \/>\n\t<meta property=\"og:image:width\" content=\"1000\" \/>\n\t<meta property=\"og:image:height\" content=\"1000\" \/>\n\t<meta property=\"og:image:type\" content=\"image\/jpeg\" \/>\n<meta name=\"twitter:card\" content=\"summary_large_image\" \/>\n<meta name=\"twitter:label1\" content=\"Gesch\u00e4tzte Lesezeit\" \/>\n\t<meta name=\"twitter:data1\" content=\"2\u00a0Minuten\" \/>\n<script type=\"application\/ld+json\" class=\"yoast-schema-graph\">{\"@context\":\"https:\/\/schema.org\",\"@graph\":[{\"@type\":\"WebPage\",\"@id\":\"https:\/\/ekkla.ch\/de\/produit\/petite-friture-rechteckiger-tisch-mit-latten-l-220-x-85-cm-weekend-aluminium-gelb\/\",\"url\":\"https:\/\/ekkla.ch\/de\/produit\/petite-friture-rechteckiger-tisch-mit-latten-l-220-x-85-cm-weekend-aluminium-gelb\/\",\"name\":\"Rechteckiger Tisch L Weekend | Gelb | Petite Friture | Ekkla\",\"isPartOf\":{\"@id\":\"https:\/\/ekkla.ch\/#website\"},\"primaryImageOfPage\":{\"@id\":\"https:\/\/ekkla.ch\/de\/produit\/petite-friture-rechteckiger-tisch-mit-latten-l-220-x-85-cm-weekend-aluminium-gelb\/#primaryimage\"},\"image\":{\"@id\":\"https:\/\/ekkla.ch\/de\/produit\/petite-friture-rechteckiger-tisch-mit-latten-l-220-x-85-cm-weekend-aluminium-gelb\/#primaryimage\"},\"thumbnailUrl\":\"https:\/\/ekkla.ch\/wp-content\/uploads\/2024\/05\/ekkla-light-meubles-luminaires_0137_T0741308_weekend_table_rect_large_yellow_\u00a9PF_cut-out_-3.jpg\",\"datePublished\":\"2024-05-28T17:36:03+00:00\",\"dateModified\":\"2024-05-31T06:08:50+00:00\",\"description\":\"Entdecken Sie die M\u00f6belkollektion Week-End, die Leichtigkeit und Robustheit mit einem modernen grafischen Design des Studios BrichetZiegler vereint.\",\"breadcrumb\":{\"@id\":\"https:\/\/ekkla.ch\/de\/produit\/petite-friture-rechteckiger-tisch-mit-latten-l-220-x-85-cm-weekend-aluminium-gelb\/#breadcrumb\"},\"inLanguage\":\"de\",\"potentialAction\":[{\"@type\":\"ReadAction\",\"target\":[\"https:\/\/ekkla.ch\/de\/produit\/petite-friture-rechteckiger-tisch-mit-latten-l-220-x-85-cm-weekend-aluminium-gelb\/\"]}]},{\"@type\":\"ImageObject\",\"inLanguage\":\"de\",\"@id\":\"https:\/\/ekkla.ch\/de\/produit\/petite-friture-rechteckiger-tisch-mit-latten-l-220-x-85-cm-weekend-aluminium-gelb\/#primaryimage\",\"url\":\"https:\/\/ekkla.ch\/wp-content\/uploads\/2024\/05\/ekkla-light-meubles-luminaires_0137_T0741308_weekend_table_rect_large_yellow_\u00a9PF_cut-out_-3.jpg\",\"contentUrl\":\"https:\/\/ekkla.ch\/wp-content\/uploads\/2024\/05\/ekkla-light-meubles-luminaires_0137_T0741308_weekend_table_rect_large_yellow_\u00a9PF_cut-out_-3.jpg\",\"width\":1000,\"height\":1000},{\"@type\":\"BreadcrumbList\",\"@id\":\"https:\/\/ekkla.ch\/de\/produit\/petite-friture-rechteckiger-tisch-mit-latten-l-220-x-85-cm-weekend-aluminium-gelb\/#breadcrumb\",\"itemListElement\":[{\"@type\":\"ListItem\",\"position\":1,\"name\":\"Home\",\"item\":\"https:\/\/ekkla.ch\/de\/\"},{\"@type\":\"ListItem\",\"position\":2,\"name\":\"Shop\",\"item\":\"https:\/\/ekkla.ch\/de\/shop\/\"},{\"@type\":\"ListItem\",\"position\":3,\"name\":\"Petite Friture &#8211; Rechteckiger Tisch mit Latten L 220 x 85 cm Weekend &#8211; Aluminium \u2013 Gelb\"}]},{\"@type\":\"WebSite\",\"@id\":\"https:\/\/ekkla.ch\/#website\",\"url\":\"https:\/\/ekkla.ch\/\",\"name\":\"Ekkla\",\"description\":\"Der Onlineshop f\u00fcr Beleuchtung\",\"publisher\":{\"@id\":\"https:\/\/ekkla.ch\/#organization\"},\"potentialAction\":[{\"@type\":\"SearchAction\",\"target\":{\"@type\":\"EntryPoint\",\"urlTemplate\":\"https:\/\/ekkla.ch\/?s={search_term_string}\"},\"query-input\":\"required name=search_term_string\"}],\"inLanguage\":\"de\"},{\"@type\":\"Organization\",\"@id\":\"https:\/\/ekkla.ch\/#organization\",\"name\":\"Ekkla\",\"url\":\"https:\/\/ekkla.ch\/\",\"logo\":{\"@type\":\"ImageObject\",\"inLanguage\":\"de\",\"@id\":\"https:\/\/ekkla.ch\/#\/schema\/logo\/image\/\",\"url\":\"http:\/\/ekkla.ch\/wp-content\/uploads\/2019\/07\/logo-1.svg\",\"contentUrl\":\"http:\/\/ekkla.ch\/wp-content\/uploads\/2019\/07\/logo-1.svg\",\"width\":1,\"height\":1,\"caption\":\"Ekkla\"},\"image\":{\"@id\":\"https:\/\/ekkla.ch\/#\/schema\/logo\/image\/\"},\"sameAs\":[\"https:\/\/www.instagram.com\/ekkla_light\/\"]}]}<\/script>\n<!-- \/ Yoast SEO Premium plugin. -->","yoast_head_json":{"title":"Rechteckiger Tisch L Weekend | Gelb | Petite Friture | Ekkla","description":"Entdecken Sie die M\u00f6belkollektion Week-End, die Leichtigkeit und Robustheit mit einem modernen grafischen Design des Studios BrichetZiegler vereint.","robots":{"index":"index","follow":"follow","max-snippet":"max-snippet:-1","max-image-preview":"max-image-preview:large","max-video-preview":"max-video-preview:-1"},"canonical":"https:\/\/ekkla.ch\/de\/produit\/petite-friture-rechteckiger-tisch-mit-latten-l-220-x-85-cm-weekend-aluminium-gelb\/","og_locale":"de_DE","og_type":"article","og_title":"Petite Friture - Rechteckiger Tisch mit Latten L 220 x 85 cm Weekend - Aluminium \u2013 Gelb","og_description":"Entdecken Sie die M\u00f6belkollektion Week-End, die Leichtigkeit und Robustheit mit einem modernen grafischen Design des Studios BrichetZiegler vereint.","og_url":"https:\/\/ekkla.ch\/de\/produit\/petite-friture-rechteckiger-tisch-mit-latten-l-220-x-85-cm-weekend-aluminium-gelb\/","og_site_name":"Ekkla","article_modified_time":"2024-05-31T06:08:50+00:00","og_image":[{"width":1000,"height":1000,"url":"https:\/\/ekkla.ch\/wp-content\/uploads\/2024\/05\/ekkla-light-meubles-luminaires_0137_T0741308_weekend_table_rect_large_yellow_\u00a9PF_cut-out_-3.jpg","type":"image\/jpeg"}],"twitter_card":"summary_large_image","twitter_misc":{"Gesch\u00e4tzte Lesezeit":"2\u00a0Minuten"},"schema":{"@context":"https:\/\/schema.org","@graph":[{"@type":"WebPage","@id":"https:\/\/ekkla.ch\/de\/produit\/petite-friture-rechteckiger-tisch-mit-latten-l-220-x-85-cm-weekend-aluminium-gelb\/","url":"https:\/\/ekkla.ch\/de\/produit\/petite-friture-rechteckiger-tisch-mit-latten-l-220-x-85-cm-weekend-aluminium-gelb\/","name":"Rechteckiger Tisch L Weekend | Gelb | Petite Friture | Ekkla","isPartOf":{"@id":"https:\/\/ekkla.ch\/#website"},"primaryImageOfPage":{"@id":"https:\/\/ekkla.ch\/de\/produit\/petite-friture-rechteckiger-tisch-mit-latten-l-220-x-85-cm-weekend-aluminium-gelb\/#primaryimage"},"image":{"@id":"https:\/\/ekkla.ch\/de\/produit\/petite-friture-rechteckiger-tisch-mit-latten-l-220-x-85-cm-weekend-aluminium-gelb\/#primaryimage"},"thumbnailUrl":"https:\/\/ekkla.ch\/wp-content\/uploads\/2024\/05\/ekkla-light-meubles-luminaires_0137_T0741308_weekend_table_rect_large_yellow_\u00a9PF_cut-out_-3.jpg","datePublished":"2024-05-28T17:36:03+00:00","dateModified":"2024-05-31T06:08:50+00:00","description":"Entdecken Sie die M\u00f6belkollektion Week-End, die Leichtigkeit und Robustheit mit einem modernen grafischen Design des Studios BrichetZiegler vereint.","breadcrumb":{"@id":"https:\/\/ekkla.ch\/de\/produit\/petite-friture-rechteckiger-tisch-mit-latten-l-220-x-85-cm-weekend-aluminium-gelb\/#breadcrumb"},"inLanguage":"de","potentialAction":[{"@type":"ReadAction","target":["https:\/\/ekkla.ch\/de\/produit\/petite-friture-rechteckiger-tisch-mit-latten-l-220-x-85-cm-weekend-aluminium-gelb\/"]}]},{"@type":"ImageObject","inLanguage":"de","@id":"https:\/\/ekkla.ch\/de\/produit\/petite-friture-rechteckiger-tisch-mit-latten-l-220-x-85-cm-weekend-aluminium-gelb\/#primaryimage","url":"https:\/\/ekkla.ch\/wp-content\/uploads\/2024\/05\/ekkla-light-meubles-luminaires_0137_T0741308_weekend_table_rect_large_yellow_\u00a9PF_cut-out_-3.jpg","contentUrl":"https:\/\/ekkla.ch\/wp-content\/uploads\/2024\/05\/ekkla-light-meubles-luminaires_0137_T0741308_weekend_table_rect_large_yellow_\u00a9PF_cut-out_-3.jpg","width":1000,"height":1000},{"@type":"BreadcrumbList","@id":"https:\/\/ekkla.ch\/de\/produit\/petite-friture-rechteckiger-tisch-mit-latten-l-220-x-85-cm-weekend-aluminium-gelb\/#breadcrumb","itemListElement":[{"@type":"ListItem","position":1,"name":"Home","item":"https:\/\/ekkla.ch\/de\/"},{"@type":"ListItem","position":2,"name":"Shop","item":"https:\/\/ekkla.ch\/de\/shop\/"},{"@type":"ListItem","position":3,"name":"Petite Friture &#8211; Rechteckiger Tisch mit Latten L 220 x 85 cm Weekend &#8211; Aluminium \u2013 Gelb"}]},{"@type":"WebSite","@id":"https:\/\/ekkla.ch\/#website","url":"https:\/\/ekkla.ch\/","name":"Ekkla","description":"Der Onlineshop f\u00fcr Beleuchtung","publisher":{"@id":"https:\/\/ekkla.ch\/#organization"},"potentialAction":[{"@type":"SearchAction","target":{"@type":"EntryPoint","urlTemplate":"https:\/\/ekkla.ch\/?s={search_term_string}"},"query-input":"required name=search_term_string"}],"inLanguage":"de"},{"@type":"Organization","@id":"https:\/\/ekkla.ch\/#organization","name":"Ekkla","url":"https:\/\/ekkla.ch\/","logo":{"@type":"ImageObject","inLanguage":"de","@id":"https:\/\/ekkla.ch\/#\/schema\/logo\/image\/","url":"http:\/\/ekkla.ch\/wp-content\/uploads\/2019\/07\/logo-1.svg","contentUrl":"http:\/\/ekkla.ch\/wp-content\/uploads\/2019\/07\/logo-1.svg","width":1,"height":1,"caption":"Ekkla"},"image":{"@id":"https:\/\/ekkla.ch\/#\/schema\/logo\/image\/"},"sameAs":["https:\/\/www.instagram.com\/ekkla_light\/"]}]}},"_links":{"self":[{"href":"https:\/\/ekkla.ch\/de\/wp-json\/wp\/v2\/product\/194466"}],"collection":[{"href":"https:\/\/ekkla.ch\/de\/wp-json\/wp\/v2\/product"}],"about":[{"href":"https:\/\/ekkla.ch\/de\/wp-json\/wp\/v2\/types\/product"}],"wp:featuredmedia":[{"embeddable":true,"href":"https:\/\/ekkla.ch\/de\/wp-json\/wp\/v2\/media\/193860"}],"wp:attachment":[{"href":"https:\/\/ekkla.ch\/de\/wp-json\/wp\/v2\/media?parent=194466"}],"wp:term":[{"taxonomy":"product_cat","embeddable":true,"href":"https:\/\/ekkla.ch\/de\/wp-json\/wp\/v2\/product_cat?post=194466"},{"taxonomy":"product_tag","embeddable":true,"href":"https:\/\/ekkla.ch\/de\/wp-json\/wp\/v2\/product_tag?post=194466"}],"curies":[{"name":"wp","href":"https:\/\/api.w.org\/{rel}","templated":true}]}}