{"id":194614,"date":"2024-05-30T18:20:09","date_gmt":"2024-05-30T16:20:09","guid":{"rendered":"https:\/\/ekkla.ch\/produit\/table-basse-in-between-sk13-chene-noir-o48-tradition\/"},"modified":"2024-05-31T19:54:58","modified_gmt":"2024-05-31T17:54:58","slug":"couchtisch-in-between-sk13-helle-eiche-o48-tradition-2","status":"publish","type":"product","link":"https:\/\/ekkla.ch\/de\/produit\/couchtisch-in-between-sk13-helle-eiche-o48-tradition-2\/","title":{"rendered":"Couchtisch In Between SK13 &#8211; Helle Eiche &#8211;  \u00d848 &#8211; &amp;Tradition"},"content":{"rendered":"<p>In Anlehnung an die reiche skandinavische Tradition des Designs und der Handwerkskunst im M\u00f6belbau ist In Between das Ergebnis von Sami Kallios Fachwissen in traditionellen Tischlertechniken und seiner Liebe zum innovativen Detail. Was mit einem einzigen Stuhl begann, hat sich zu einer kompletten M\u00f6belkollektion entwickelt, die Tische und Barhocker umfasst. Entscheiden Sie sich f\u00fcr diesen In Between Esstisch, der in drei verschiedenen Varianten erh\u00e4ltlich ist.<\/p>\n<h2>Merkmale &amp; Eigenschaften<\/h2>\n<p style=\"font-weight: 400\"><strong>Marke<\/strong> &amp;Tradition<\/p>\n<p style=\"font-weight: 400\"><strong>Farben<\/strong> Schwarze Eiche<\/p>\n<p style=\"font-weight: 400\"><strong>Material<\/strong> Massivholz<\/p>\n<p style=\"font-weight: 400\"><strong>L\u00e4nge (cm) <\/strong>48<\/p>\n<p style=\"font-weight: 400\"><strong>Breite (cm) <\/strong>48<\/p>\n<p style=\"font-weight: 400\"><strong>H\u00f6he (cm) <\/strong>48<\/p>\n<p style=\"font-weight: 400\"><strong>Gewicht (kg)<\/strong> 4<\/p>\n","protected":false},"excerpt":{"rendered":"<p>In Anlehnung an die reiche skandinavische Tradition des Designs und der Handwerkskunst im M\u00f6belbau ist In Between das Ergebnis von Sami Kallios Fachwissen in traditionellen Tischlertechniken und seiner Liebe zum innovativen Detail. Was mit einem einzigen Stuhl begann, hat sich zu einer kompletten M\u00f6belkollektion entwickelt, die Tische und Barhocker umfasst. Entscheiden Sie sich f\u00fcr diesen [&hellip;]<\/p>\n","protected":false},"featured_media":192375,"template":"","meta":{"_acf_changed":false,"om_disable_all_campaigns":false},"product_cat":[964,979],"product_tag":[1254,896,1188,1265,816],"bundled_by":[],"bundle_stock_status":"onbackorder","bundle_stock_quantity":null,"bundle_virtual":false,"bundle_layout":"","bundle_add_to_cart_form_location":"","bundle_editable_in_cart":false,"bundle_sold_individually_context":"","bundle_item_grouping":"","bundle_min_size":"","bundle_max_size":"","bundle_price":[],"bundled_items":[],"bundle_sell_ids":[],"acf":[],"yoast_head":"<!-- This site is optimized with the Yoast SEO Premium plugin v22.2 (Yoast SEO v22.8) - https:\/\/yoast.com\/wordpress\/plugins\/seo\/ -->\n<title>Couchtisch| SK13 | Schwarze Eiche | \u00d8.48 | &amp;Tradition | Ekkla<\/title>\n<meta name=\"description\" content=\"Entdecken Sie In Between, eine M\u00f6belkollektion, die von der skandinavischen Tradition und der Expertise von Sami Kallio in der Tischlerei inspiriert ist.\" \/>\n<meta name=\"robots\" content=\"index, follow, max-snippet:-1, max-image-preview:large, max-video-preview:-1\" \/>\n<link rel=\"canonical\" href=\"https:\/\/ekkla.ch\/de\/produit\/couchtisch-in-between-sk13-helle-eiche-o48-tradition-2\/\" \/>\n<meta property=\"og:locale\" content=\"de_DE\" \/>\n<meta property=\"og:type\" content=\"article\" \/>\n<meta property=\"og:title\" content=\"Couchtisch In Between SK13 - Helle Eiche - \u00d848 - &amp;Tradition\" \/>\n<meta property=\"og:description\" content=\"Entdecken Sie In Between, eine M\u00f6belkollektion, die von der skandinavischen Tradition und der Expertise von Sami Kallio in der Tischlerei inspiriert ist.\" \/>\n<meta property=\"og:url\" content=\"https:\/\/ekkla.ch\/de\/produit\/couchtisch-in-between-sk13-helle-eiche-o48-tradition-2\/\" \/>\n<meta property=\"og:site_name\" content=\"Ekkla\" \/>\n<meta property=\"article:modified_time\" content=\"2024-05-31T17:54:58+00:00\" \/>\n<meta property=\"og:image\" content=\"https:\/\/ekkla.ch\/wp-content\/uploads\/2024\/05\/ekkla-light-meubles-luminaires_0234_In-Between-SK13-Black-lacquered-oak.jpg\" \/>\n\t<meta property=\"og:image:width\" content=\"1000\" \/>\n\t<meta property=\"og:image:height\" content=\"1000\" \/>\n\t<meta property=\"og:image:type\" content=\"image\/jpeg\" \/>\n<meta name=\"twitter:card\" content=\"summary_large_image\" \/>\n<meta name=\"twitter:label1\" content=\"Gesch\u00e4tzte Lesezeit\" \/>\n\t<meta name=\"twitter:data1\" content=\"1\u00a0Minute\" \/>\n<script type=\"application\/ld+json\" class=\"yoast-schema-graph\">{\"@context\":\"https:\/\/schema.org\",\"@graph\":[{\"@type\":\"WebPage\",\"@id\":\"https:\/\/ekkla.ch\/de\/produit\/couchtisch-in-between-sk13-helle-eiche-o48-tradition-2\/\",\"url\":\"https:\/\/ekkla.ch\/de\/produit\/couchtisch-in-between-sk13-helle-eiche-o48-tradition-2\/\",\"name\":\"Couchtisch| SK13 | Schwarze Eiche | \u00d8.48 | &Tradition | Ekkla\",\"isPartOf\":{\"@id\":\"https:\/\/ekkla.ch\/#website\"},\"primaryImageOfPage\":{\"@id\":\"https:\/\/ekkla.ch\/de\/produit\/couchtisch-in-between-sk13-helle-eiche-o48-tradition-2\/#primaryimage\"},\"image\":{\"@id\":\"https:\/\/ekkla.ch\/de\/produit\/couchtisch-in-between-sk13-helle-eiche-o48-tradition-2\/#primaryimage\"},\"thumbnailUrl\":\"https:\/\/ekkla.ch\/wp-content\/uploads\/2024\/05\/ekkla-light-meubles-luminaires_0234_In-Between-SK13-Black-lacquered-oak.jpg\",\"datePublished\":\"2024-05-30T16:20:09+00:00\",\"dateModified\":\"2024-05-31T17:54:58+00:00\",\"description\":\"Entdecken Sie In Between, eine M\u00f6belkollektion, die von der skandinavischen Tradition und der Expertise von Sami Kallio in der Tischlerei inspiriert ist.\",\"breadcrumb\":{\"@id\":\"https:\/\/ekkla.ch\/de\/produit\/couchtisch-in-between-sk13-helle-eiche-o48-tradition-2\/#breadcrumb\"},\"inLanguage\":\"de\",\"potentialAction\":[{\"@type\":\"ReadAction\",\"target\":[\"https:\/\/ekkla.ch\/de\/produit\/couchtisch-in-between-sk13-helle-eiche-o48-tradition-2\/\"]}]},{\"@type\":\"ImageObject\",\"inLanguage\":\"de\",\"@id\":\"https:\/\/ekkla.ch\/de\/produit\/couchtisch-in-between-sk13-helle-eiche-o48-tradition-2\/#primaryimage\",\"url\":\"https:\/\/ekkla.ch\/wp-content\/uploads\/2024\/05\/ekkla-light-meubles-luminaires_0234_In-Between-SK13-Black-lacquered-oak.jpg\",\"contentUrl\":\"https:\/\/ekkla.ch\/wp-content\/uploads\/2024\/05\/ekkla-light-meubles-luminaires_0234_In-Between-SK13-Black-lacquered-oak.jpg\",\"width\":1000,\"height\":1000},{\"@type\":\"BreadcrumbList\",\"@id\":\"https:\/\/ekkla.ch\/de\/produit\/couchtisch-in-between-sk13-helle-eiche-o48-tradition-2\/#breadcrumb\",\"itemListElement\":[{\"@type\":\"ListItem\",\"position\":1,\"name\":\"Home\",\"item\":\"https:\/\/ekkla.ch\/de\/\"},{\"@type\":\"ListItem\",\"position\":2,\"name\":\"Shop\",\"item\":\"https:\/\/ekkla.ch\/de\/shop\/\"},{\"@type\":\"ListItem\",\"position\":3,\"name\":\"Couchtisch In Between SK13 &#8211; Helle Eiche &#8211; \u00d848 &#8211; &amp;Tradition\"}]},{\"@type\":\"WebSite\",\"@id\":\"https:\/\/ekkla.ch\/#website\",\"url\":\"https:\/\/ekkla.ch\/\",\"name\":\"Ekkla\",\"description\":\"Der Onlineshop f\u00fcr Beleuchtung\",\"publisher\":{\"@id\":\"https:\/\/ekkla.ch\/#organization\"},\"potentialAction\":[{\"@type\":\"SearchAction\",\"target\":{\"@type\":\"EntryPoint\",\"urlTemplate\":\"https:\/\/ekkla.ch\/?s={search_term_string}\"},\"query-input\":\"required name=search_term_string\"}],\"inLanguage\":\"de\"},{\"@type\":\"Organization\",\"@id\":\"https:\/\/ekkla.ch\/#organization\",\"name\":\"Ekkla\",\"url\":\"https:\/\/ekkla.ch\/\",\"logo\":{\"@type\":\"ImageObject\",\"inLanguage\":\"de\",\"@id\":\"https:\/\/ekkla.ch\/#\/schema\/logo\/image\/\",\"url\":\"http:\/\/ekkla.ch\/wp-content\/uploads\/2019\/07\/logo-1.svg\",\"contentUrl\":\"http:\/\/ekkla.ch\/wp-content\/uploads\/2019\/07\/logo-1.svg\",\"width\":1,\"height\":1,\"caption\":\"Ekkla\"},\"image\":{\"@id\":\"https:\/\/ekkla.ch\/#\/schema\/logo\/image\/\"},\"sameAs\":[\"https:\/\/www.instagram.com\/ekkla_light\/\"]}]}<\/script>\n<!-- \/ Yoast SEO Premium plugin. -->","yoast_head_json":{"title":"Couchtisch| SK13 | Schwarze Eiche | \u00d8.48 | &Tradition | Ekkla","description":"Entdecken Sie In Between, eine M\u00f6belkollektion, die von der skandinavischen Tradition und der Expertise von Sami Kallio in der Tischlerei inspiriert ist.","robots":{"index":"index","follow":"follow","max-snippet":"max-snippet:-1","max-image-preview":"max-image-preview:large","max-video-preview":"max-video-preview:-1"},"canonical":"https:\/\/ekkla.ch\/de\/produit\/couchtisch-in-between-sk13-helle-eiche-o48-tradition-2\/","og_locale":"de_DE","og_type":"article","og_title":"Couchtisch In Between SK13 - Helle Eiche - \u00d848 - &amp;Tradition","og_description":"Entdecken Sie In Between, eine M\u00f6belkollektion, die von der skandinavischen Tradition und der Expertise von Sami Kallio in der Tischlerei inspiriert ist.","og_url":"https:\/\/ekkla.ch\/de\/produit\/couchtisch-in-between-sk13-helle-eiche-o48-tradition-2\/","og_site_name":"Ekkla","article_modified_time":"2024-05-31T17:54:58+00:00","og_image":[{"width":1000,"height":1000,"url":"https:\/\/ekkla.ch\/wp-content\/uploads\/2024\/05\/ekkla-light-meubles-luminaires_0234_In-Between-SK13-Black-lacquered-oak.jpg","type":"image\/jpeg"}],"twitter_card":"summary_large_image","twitter_misc":{"Gesch\u00e4tzte Lesezeit":"1\u00a0Minute"},"schema":{"@context":"https:\/\/schema.org","@graph":[{"@type":"WebPage","@id":"https:\/\/ekkla.ch\/de\/produit\/couchtisch-in-between-sk13-helle-eiche-o48-tradition-2\/","url":"https:\/\/ekkla.ch\/de\/produit\/couchtisch-in-between-sk13-helle-eiche-o48-tradition-2\/","name":"Couchtisch| SK13 | Schwarze Eiche | \u00d8.48 | &Tradition | Ekkla","isPartOf":{"@id":"https:\/\/ekkla.ch\/#website"},"primaryImageOfPage":{"@id":"https:\/\/ekkla.ch\/de\/produit\/couchtisch-in-between-sk13-helle-eiche-o48-tradition-2\/#primaryimage"},"image":{"@id":"https:\/\/ekkla.ch\/de\/produit\/couchtisch-in-between-sk13-helle-eiche-o48-tradition-2\/#primaryimage"},"thumbnailUrl":"https:\/\/ekkla.ch\/wp-content\/uploads\/2024\/05\/ekkla-light-meubles-luminaires_0234_In-Between-SK13-Black-lacquered-oak.jpg","datePublished":"2024-05-30T16:20:09+00:00","dateModified":"2024-05-31T17:54:58+00:00","description":"Entdecken Sie In Between, eine M\u00f6belkollektion, die von der skandinavischen Tradition und der Expertise von Sami Kallio in der Tischlerei inspiriert ist.","breadcrumb":{"@id":"https:\/\/ekkla.ch\/de\/produit\/couchtisch-in-between-sk13-helle-eiche-o48-tradition-2\/#breadcrumb"},"inLanguage":"de","potentialAction":[{"@type":"ReadAction","target":["https:\/\/ekkla.ch\/de\/produit\/couchtisch-in-between-sk13-helle-eiche-o48-tradition-2\/"]}]},{"@type":"ImageObject","inLanguage":"de","@id":"https:\/\/ekkla.ch\/de\/produit\/couchtisch-in-between-sk13-helle-eiche-o48-tradition-2\/#primaryimage","url":"https:\/\/ekkla.ch\/wp-content\/uploads\/2024\/05\/ekkla-light-meubles-luminaires_0234_In-Between-SK13-Black-lacquered-oak.jpg","contentUrl":"https:\/\/ekkla.ch\/wp-content\/uploads\/2024\/05\/ekkla-light-meubles-luminaires_0234_In-Between-SK13-Black-lacquered-oak.jpg","width":1000,"height":1000},{"@type":"BreadcrumbList","@id":"https:\/\/ekkla.ch\/de\/produit\/couchtisch-in-between-sk13-helle-eiche-o48-tradition-2\/#breadcrumb","itemListElement":[{"@type":"ListItem","position":1,"name":"Home","item":"https:\/\/ekkla.ch\/de\/"},{"@type":"ListItem","position":2,"name":"Shop","item":"https:\/\/ekkla.ch\/de\/shop\/"},{"@type":"ListItem","position":3,"name":"Couchtisch In Between SK13 &#8211; Helle Eiche &#8211; \u00d848 &#8211; &amp;Tradition"}]},{"@type":"WebSite","@id":"https:\/\/ekkla.ch\/#website","url":"https:\/\/ekkla.ch\/","name":"Ekkla","description":"Der Onlineshop f\u00fcr Beleuchtung","publisher":{"@id":"https:\/\/ekkla.ch\/#organization"},"potentialAction":[{"@type":"SearchAction","target":{"@type":"EntryPoint","urlTemplate":"https:\/\/ekkla.ch\/?s={search_term_string}"},"query-input":"required name=search_term_string"}],"inLanguage":"de"},{"@type":"Organization","@id":"https:\/\/ekkla.ch\/#organization","name":"Ekkla","url":"https:\/\/ekkla.ch\/","logo":{"@type":"ImageObject","inLanguage":"de","@id":"https:\/\/ekkla.ch\/#\/schema\/logo\/image\/","url":"http:\/\/ekkla.ch\/wp-content\/uploads\/2019\/07\/logo-1.svg","contentUrl":"http:\/\/ekkla.ch\/wp-content\/uploads\/2019\/07\/logo-1.svg","width":1,"height":1,"caption":"Ekkla"},"image":{"@id":"https:\/\/ekkla.ch\/#\/schema\/logo\/image\/"},"sameAs":["https:\/\/www.instagram.com\/ekkla_light\/"]}]}},"_links":{"self":[{"href":"https:\/\/ekkla.ch\/de\/wp-json\/wp\/v2\/product\/194614"}],"collection":[{"href":"https:\/\/ekkla.ch\/de\/wp-json\/wp\/v2\/product"}],"about":[{"href":"https:\/\/ekkla.ch\/de\/wp-json\/wp\/v2\/types\/product"}],"wp:featuredmedia":[{"embeddable":true,"href":"https:\/\/ekkla.ch\/de\/wp-json\/wp\/v2\/media\/192375"}],"wp:attachment":[{"href":"https:\/\/ekkla.ch\/de\/wp-json\/wp\/v2\/media?parent=194614"}],"wp:term":[{"taxonomy":"product_cat","embeddable":true,"href":"https:\/\/ekkla.ch\/de\/wp-json\/wp\/v2\/product_cat?post=194614"},{"taxonomy":"product_tag","embeddable":true,"href":"https:\/\/ekkla.ch\/de\/wp-json\/wp\/v2\/product_tag?post=194614"}],"curies":[{"name":"wp","href":"https:\/\/api.w.org\/{rel}","templated":true}]}}