{"id":194627,"date":"2024-05-30T17:26:13","date_gmt":"2024-05-30T15:26:13","guid":{"rendered":"https:\/\/ekkla.ch\/produit\/table-ronde-in-between-sk3-noyer-o90-tradition\/"},"modified":"2024-06-03T17:29:54","modified_gmt":"2024-06-03T15:29:54","slug":"runder-esstisch-in-between-sk3-walnuss-o90-tradition","status":"publish","type":"product","link":"https:\/\/ekkla.ch\/de\/produit\/runder-esstisch-in-between-sk3-walnuss-o90-tradition\/","title":{"rendered":"Runder Esstisch In Between SK3 &#8211; Walnuss &#8211; \u00d890 &#8211; &amp;Tradition"},"content":{"rendered":"<p>Inspiriert von der reichen skandinavischen Designtradition und Handwerkskunst im M\u00f6belbau, ist In Between das Ergebnis von Sami Kallios Expertise in traditionellen Tischlertechniken und seinem Augenmerk auf innovative Details. Was mit einem einzigen Stuhl begann, hat sich zu einer vollst\u00e4ndigen M\u00f6belkollektion entwickelt, einschlie\u00dflich Tischen und Barhockern. Entscheiden Sie sich f\u00fcr diesen In Between Esstisch, der in drei verschiedenen Varianten erh\u00e4ltlich ist.<\/p>\n<blockquote><p>&nbsp;<\/p>\n<h2>Merkmale &amp; Eigenschaften<\/h2>\n<p style=\"font-weight: 400\"><strong>Marke<\/strong> &amp;Tradition<\/p>\n<p style=\"font-weight: 400\"><strong>Farben<\/strong> Braun<\/p>\n<p style=\"font-weight: 400\"><strong>Material<\/strong> Walnuss<\/p>\n<p style=\"font-weight: 400\"><strong>L\u00e4nge (cm) <\/strong>90<\/p>\n<p style=\"font-weight: 400\"><strong>Breite (cm)\u00a0<\/strong>90<\/p>\n<p style=\"font-weight: 400\"><strong>H\u00f6he (cm) <\/strong>73<\/p>\n<p style=\"font-weight: 400\"><strong>Gewicht (kg)<\/strong> 19.9<\/p>\n<p>&nbsp;<\/p><\/blockquote>\n","protected":false},"excerpt":{"rendered":"<p>Inspiriert von der reichen skandinavischen Designtradition und Handwerkskunst im M\u00f6belbau, ist In Between das Ergebnis von Sami Kallios Expertise in traditionellen Tischlertechniken und seinem Augenmerk auf innovative Details. Was mit einem einzigen Stuhl begann, hat sich zu einer vollst\u00e4ndigen M\u00f6belkollektion entwickelt, einschlie\u00dflich Tischen und Barhockern. Entscheiden Sie sich f\u00fcr diesen In Between Esstisch, der in [&hellip;]<\/p>\n","protected":false},"featured_media":192359,"template":"","meta":{"_acf_changed":false,"om_disable_all_campaigns":false},"product_cat":[964,970],"product_tag":[1254,896,1188,1265,816],"bundled_by":[],"bundle_stock_status":"onbackorder","bundle_stock_quantity":null,"bundle_virtual":false,"bundle_layout":"","bundle_add_to_cart_form_location":"","bundle_editable_in_cart":false,"bundle_sold_individually_context":"","bundle_item_grouping":"","bundle_min_size":"","bundle_max_size":"","bundle_price":[],"bundled_items":[],"bundle_sell_ids":[],"acf":[],"yoast_head":"<!-- This site is optimized with the Yoast SEO Premium plugin v22.2 (Yoast SEO v22.8) - https:\/\/yoast.com\/wordpress\/plugins\/seo\/ -->\n<title>Runder Esstisch In Between | SK3 | Walnuss | \u00d890 | &amp;Tradition | Ekkla<\/title>\n<meta name=\"description\" content=\"Entdecken Sie In Between, eine M\u00f6belkollektion, die von der skandinavischen Tradition und der Expertise von Sami Kallio in der Tischlerei inspiriert ist.\" \/>\n<meta name=\"robots\" content=\"index, follow, max-snippet:-1, max-image-preview:large, max-video-preview:-1\" \/>\n<link rel=\"canonical\" href=\"https:\/\/ekkla.ch\/de\/produit\/runder-esstisch-in-between-sk3-walnuss-o90-tradition\/\" \/>\n<meta property=\"og:locale\" content=\"de_DE\" \/>\n<meta property=\"og:type\" content=\"article\" \/>\n<meta property=\"og:title\" content=\"Runder Esstisch In Between SK3 - Walnuss - \u00d890 - &amp;Tradition\" \/>\n<meta property=\"og:description\" content=\"Entdecken Sie In Between, eine M\u00f6belkollektion, die von der skandinavischen Tradition und der Expertise von Sami Kallio in der Tischlerei inspiriert ist.\" \/>\n<meta property=\"og:url\" content=\"https:\/\/ekkla.ch\/de\/produit\/runder-esstisch-in-between-sk3-walnuss-o90-tradition\/\" \/>\n<meta property=\"og:site_name\" content=\"Ekkla\" \/>\n<meta property=\"article:modified_time\" content=\"2024-06-03T15:29:54+00:00\" \/>\n<meta property=\"og:image\" content=\"https:\/\/ekkla.ch\/wp-content\/uploads\/2024\/05\/ekkla-light-meubles-luminaires_0226_In-Between-SK3-Walnut.jpg\" \/>\n\t<meta property=\"og:image:width\" content=\"1000\" \/>\n\t<meta property=\"og:image:height\" content=\"1000\" \/>\n\t<meta property=\"og:image:type\" content=\"image\/jpeg\" \/>\n<meta name=\"twitter:card\" content=\"summary_large_image\" \/>\n<meta name=\"twitter:label1\" content=\"Gesch\u00e4tzte Lesezeit\" \/>\n\t<meta name=\"twitter:data1\" content=\"1\u00a0Minute\" \/>\n<script type=\"application\/ld+json\" class=\"yoast-schema-graph\">{\"@context\":\"https:\/\/schema.org\",\"@graph\":[{\"@type\":\"WebPage\",\"@id\":\"https:\/\/ekkla.ch\/de\/produit\/runder-esstisch-in-between-sk3-walnuss-o90-tradition\/\",\"url\":\"https:\/\/ekkla.ch\/de\/produit\/runder-esstisch-in-between-sk3-walnuss-o90-tradition\/\",\"name\":\"Runder Esstisch In Between | SK3 | Walnuss | \u00d890 | &Tradition | Ekkla\",\"isPartOf\":{\"@id\":\"https:\/\/ekkla.ch\/#website\"},\"primaryImageOfPage\":{\"@id\":\"https:\/\/ekkla.ch\/de\/produit\/runder-esstisch-in-between-sk3-walnuss-o90-tradition\/#primaryimage\"},\"image\":{\"@id\":\"https:\/\/ekkla.ch\/de\/produit\/runder-esstisch-in-between-sk3-walnuss-o90-tradition\/#primaryimage\"},\"thumbnailUrl\":\"https:\/\/ekkla.ch\/wp-content\/uploads\/2024\/05\/ekkla-light-meubles-luminaires_0226_In-Between-SK3-Walnut.jpg\",\"datePublished\":\"2024-05-30T15:26:13+00:00\",\"dateModified\":\"2024-06-03T15:29:54+00:00\",\"description\":\"Entdecken Sie In Between, eine M\u00f6belkollektion, die von der skandinavischen Tradition und der Expertise von Sami Kallio in der Tischlerei inspiriert ist.\",\"breadcrumb\":{\"@id\":\"https:\/\/ekkla.ch\/de\/produit\/runder-esstisch-in-between-sk3-walnuss-o90-tradition\/#breadcrumb\"},\"inLanguage\":\"de\",\"potentialAction\":[{\"@type\":\"ReadAction\",\"target\":[\"https:\/\/ekkla.ch\/de\/produit\/runder-esstisch-in-between-sk3-walnuss-o90-tradition\/\"]}]},{\"@type\":\"ImageObject\",\"inLanguage\":\"de\",\"@id\":\"https:\/\/ekkla.ch\/de\/produit\/runder-esstisch-in-between-sk3-walnuss-o90-tradition\/#primaryimage\",\"url\":\"https:\/\/ekkla.ch\/wp-content\/uploads\/2024\/05\/ekkla-light-meubles-luminaires_0226_In-Between-SK3-Walnut.jpg\",\"contentUrl\":\"https:\/\/ekkla.ch\/wp-content\/uploads\/2024\/05\/ekkla-light-meubles-luminaires_0226_In-Between-SK3-Walnut.jpg\",\"width\":1000,\"height\":1000},{\"@type\":\"BreadcrumbList\",\"@id\":\"https:\/\/ekkla.ch\/de\/produit\/runder-esstisch-in-between-sk3-walnuss-o90-tradition\/#breadcrumb\",\"itemListElement\":[{\"@type\":\"ListItem\",\"position\":1,\"name\":\"Home\",\"item\":\"https:\/\/ekkla.ch\/de\/\"},{\"@type\":\"ListItem\",\"position\":2,\"name\":\"Shop\",\"item\":\"https:\/\/ekkla.ch\/de\/shop\/\"},{\"@type\":\"ListItem\",\"position\":3,\"name\":\"Runder Esstisch In Between SK3 &#8211; Walnuss &#8211; \u00d890 &#8211; &amp;Tradition\"}]},{\"@type\":\"WebSite\",\"@id\":\"https:\/\/ekkla.ch\/#website\",\"url\":\"https:\/\/ekkla.ch\/\",\"name\":\"Ekkla\",\"description\":\"Der Onlineshop f\u00fcr Beleuchtung\",\"publisher\":{\"@id\":\"https:\/\/ekkla.ch\/#organization\"},\"potentialAction\":[{\"@type\":\"SearchAction\",\"target\":{\"@type\":\"EntryPoint\",\"urlTemplate\":\"https:\/\/ekkla.ch\/?s={search_term_string}\"},\"query-input\":\"required name=search_term_string\"}],\"inLanguage\":\"de\"},{\"@type\":\"Organization\",\"@id\":\"https:\/\/ekkla.ch\/#organization\",\"name\":\"Ekkla\",\"url\":\"https:\/\/ekkla.ch\/\",\"logo\":{\"@type\":\"ImageObject\",\"inLanguage\":\"de\",\"@id\":\"https:\/\/ekkla.ch\/#\/schema\/logo\/image\/\",\"url\":\"http:\/\/ekkla.ch\/wp-content\/uploads\/2019\/07\/logo-1.svg\",\"contentUrl\":\"http:\/\/ekkla.ch\/wp-content\/uploads\/2019\/07\/logo-1.svg\",\"width\":1,\"height\":1,\"caption\":\"Ekkla\"},\"image\":{\"@id\":\"https:\/\/ekkla.ch\/#\/schema\/logo\/image\/\"},\"sameAs\":[\"https:\/\/www.instagram.com\/ekkla_light\/\"]}]}<\/script>\n<!-- \/ Yoast SEO Premium plugin. -->","yoast_head_json":{"title":"Runder Esstisch In Between | SK3 | Walnuss | \u00d890 | &Tradition | Ekkla","description":"Entdecken Sie In Between, eine M\u00f6belkollektion, die von der skandinavischen Tradition und der Expertise von Sami Kallio in der Tischlerei inspiriert ist.","robots":{"index":"index","follow":"follow","max-snippet":"max-snippet:-1","max-image-preview":"max-image-preview:large","max-video-preview":"max-video-preview:-1"},"canonical":"https:\/\/ekkla.ch\/de\/produit\/runder-esstisch-in-between-sk3-walnuss-o90-tradition\/","og_locale":"de_DE","og_type":"article","og_title":"Runder Esstisch In Between SK3 - Walnuss - \u00d890 - &amp;Tradition","og_description":"Entdecken Sie In Between, eine M\u00f6belkollektion, die von der skandinavischen Tradition und der Expertise von Sami Kallio in der Tischlerei inspiriert ist.","og_url":"https:\/\/ekkla.ch\/de\/produit\/runder-esstisch-in-between-sk3-walnuss-o90-tradition\/","og_site_name":"Ekkla","article_modified_time":"2024-06-03T15:29:54+00:00","og_image":[{"width":1000,"height":1000,"url":"https:\/\/ekkla.ch\/wp-content\/uploads\/2024\/05\/ekkla-light-meubles-luminaires_0226_In-Between-SK3-Walnut.jpg","type":"image\/jpeg"}],"twitter_card":"summary_large_image","twitter_misc":{"Gesch\u00e4tzte Lesezeit":"1\u00a0Minute"},"schema":{"@context":"https:\/\/schema.org","@graph":[{"@type":"WebPage","@id":"https:\/\/ekkla.ch\/de\/produit\/runder-esstisch-in-between-sk3-walnuss-o90-tradition\/","url":"https:\/\/ekkla.ch\/de\/produit\/runder-esstisch-in-between-sk3-walnuss-o90-tradition\/","name":"Runder Esstisch In Between | SK3 | Walnuss | \u00d890 | &Tradition | Ekkla","isPartOf":{"@id":"https:\/\/ekkla.ch\/#website"},"primaryImageOfPage":{"@id":"https:\/\/ekkla.ch\/de\/produit\/runder-esstisch-in-between-sk3-walnuss-o90-tradition\/#primaryimage"},"image":{"@id":"https:\/\/ekkla.ch\/de\/produit\/runder-esstisch-in-between-sk3-walnuss-o90-tradition\/#primaryimage"},"thumbnailUrl":"https:\/\/ekkla.ch\/wp-content\/uploads\/2024\/05\/ekkla-light-meubles-luminaires_0226_In-Between-SK3-Walnut.jpg","datePublished":"2024-05-30T15:26:13+00:00","dateModified":"2024-06-03T15:29:54+00:00","description":"Entdecken Sie In Between, eine M\u00f6belkollektion, die von der skandinavischen Tradition und der Expertise von Sami Kallio in der Tischlerei inspiriert ist.","breadcrumb":{"@id":"https:\/\/ekkla.ch\/de\/produit\/runder-esstisch-in-between-sk3-walnuss-o90-tradition\/#breadcrumb"},"inLanguage":"de","potentialAction":[{"@type":"ReadAction","target":["https:\/\/ekkla.ch\/de\/produit\/runder-esstisch-in-between-sk3-walnuss-o90-tradition\/"]}]},{"@type":"ImageObject","inLanguage":"de","@id":"https:\/\/ekkla.ch\/de\/produit\/runder-esstisch-in-between-sk3-walnuss-o90-tradition\/#primaryimage","url":"https:\/\/ekkla.ch\/wp-content\/uploads\/2024\/05\/ekkla-light-meubles-luminaires_0226_In-Between-SK3-Walnut.jpg","contentUrl":"https:\/\/ekkla.ch\/wp-content\/uploads\/2024\/05\/ekkla-light-meubles-luminaires_0226_In-Between-SK3-Walnut.jpg","width":1000,"height":1000},{"@type":"BreadcrumbList","@id":"https:\/\/ekkla.ch\/de\/produit\/runder-esstisch-in-between-sk3-walnuss-o90-tradition\/#breadcrumb","itemListElement":[{"@type":"ListItem","position":1,"name":"Home","item":"https:\/\/ekkla.ch\/de\/"},{"@type":"ListItem","position":2,"name":"Shop","item":"https:\/\/ekkla.ch\/de\/shop\/"},{"@type":"ListItem","position":3,"name":"Runder Esstisch In Between SK3 &#8211; Walnuss &#8211; \u00d890 &#8211; &amp;Tradition"}]},{"@type":"WebSite","@id":"https:\/\/ekkla.ch\/#website","url":"https:\/\/ekkla.ch\/","name":"Ekkla","description":"Der Onlineshop f\u00fcr Beleuchtung","publisher":{"@id":"https:\/\/ekkla.ch\/#organization"},"potentialAction":[{"@type":"SearchAction","target":{"@type":"EntryPoint","urlTemplate":"https:\/\/ekkla.ch\/?s={search_term_string}"},"query-input":"required name=search_term_string"}],"inLanguage":"de"},{"@type":"Organization","@id":"https:\/\/ekkla.ch\/#organization","name":"Ekkla","url":"https:\/\/ekkla.ch\/","logo":{"@type":"ImageObject","inLanguage":"de","@id":"https:\/\/ekkla.ch\/#\/schema\/logo\/image\/","url":"http:\/\/ekkla.ch\/wp-content\/uploads\/2019\/07\/logo-1.svg","contentUrl":"http:\/\/ekkla.ch\/wp-content\/uploads\/2019\/07\/logo-1.svg","width":1,"height":1,"caption":"Ekkla"},"image":{"@id":"https:\/\/ekkla.ch\/#\/schema\/logo\/image\/"},"sameAs":["https:\/\/www.instagram.com\/ekkla_light\/"]}]}},"_links":{"self":[{"href":"https:\/\/ekkla.ch\/de\/wp-json\/wp\/v2\/product\/194627"}],"collection":[{"href":"https:\/\/ekkla.ch\/de\/wp-json\/wp\/v2\/product"}],"about":[{"href":"https:\/\/ekkla.ch\/de\/wp-json\/wp\/v2\/types\/product"}],"wp:featuredmedia":[{"embeddable":true,"href":"https:\/\/ekkla.ch\/de\/wp-json\/wp\/v2\/media\/192359"}],"wp:attachment":[{"href":"https:\/\/ekkla.ch\/de\/wp-json\/wp\/v2\/media?parent=194627"}],"wp:term":[{"taxonomy":"product_cat","embeddable":true,"href":"https:\/\/ekkla.ch\/de\/wp-json\/wp\/v2\/product_cat?post=194627"},{"taxonomy":"product_tag","embeddable":true,"href":"https:\/\/ekkla.ch\/de\/wp-json\/wp\/v2\/product_tag?post=194627"}],"curies":[{"name":"wp","href":"https:\/\/api.w.org\/{rel}","templated":true}]}}