{"id":194631,"date":"2024-05-30T16:54:46","date_gmt":"2024-05-30T14:54:46","guid":{"rendered":"https:\/\/ekkla.ch\/produit\/table-extensible-patch-hw1-pieds-en-noyer-et-ferrure-en-laiton-h-180-280-tradition\/"},"modified":"2024-06-03T18:02:24","modified_gmt":"2024-06-03T16:02:24","slug":"ausziehbarer-tisch-patch-hw1-beine-helle-eiche-und-beschlaege-messing-h-180-280-tradition-2","status":"publish","type":"product","link":"https:\/\/ekkla.ch\/de\/produit\/ausziehbarer-tisch-patch-hw1-beine-helle-eiche-und-beschlaege-messing-h-180-280-tradition-2\/","title":{"rendered":"Ausziehbarer Tisch Patch HW1 &#8211; Beine aus Eiche und Beschl\u00e4ge aus Messing &#8211; H.180-280 &#8211; &amp;Tradition"},"content":{"rendered":"<p>Der ausziehbare Esstisch von Hee Welling verf\u00fcgt \u00fcber ein Schmetterlingsverl\u00e4ngerungssystem, um mehr G\u00e4ste aufnehmen zu k\u00f6nnen. Er hat einen Holzsockel, der von einer glatten Laminatplatte gekr\u00f6nt wird. Die tropfenf\u00f6rmigen Beine und die abgerundeten Ecken f\u00fcgen subtile Details hinzu, ebenso wie die metallischen Elemente an jedem Bein, die f\u00fcr erh\u00f6hte Stabilit\u00e4t sorgen. Der Tisch ist in zwei Gr\u00f6\u00dfen erh\u00e4ltlich: 180 x 90 cm und 240 x 100 cm, beide mit einer Erweiterung von 100 cm.<\/p>\n<blockquote>\n<h2>Merkmale &amp; Eigenschaften<\/h2>\n<p style=\"font-weight: 400\"><strong>Marke<\/strong> &amp;Tradition<\/p>\n<p style=\"font-weight: 400\"><strong>Farben<\/strong> Eiche<\/p>\n<p style=\"font-weight: 400\"><strong>Material<\/strong> Eiche und Messing<\/p>\n<p style=\"font-weight: 400\"><strong>L\u00e4nge (cm) <\/strong>90<\/p>\n<p style=\"font-weight: 400\"><strong>Breite (cm)\u00a0<\/strong>180-280<\/p>\n<p style=\"font-weight: 400\"><strong>H\u00f6he (cm) <\/strong>75<\/p>\n<p style=\"font-weight: 400\"><strong>Gewicht (kg)<\/strong> 63.3<\/p>\n<\/blockquote>\n","protected":false},"excerpt":{"rendered":"<p>Der ausziehbare Esstisch von Hee Welling verf\u00fcgt \u00fcber ein Schmetterlingsverl\u00e4ngerungssystem, um mehr G\u00e4ste aufnehmen zu k\u00f6nnen. Er hat einen Holzsockel, der von einer glatten Laminatplatte gekr\u00f6nt wird. Die tropfenf\u00f6rmigen Beine und die abgerundeten Ecken f\u00fcgen subtile Details hinzu, ebenso wie die metallischen Elemente an jedem Bein, die f\u00fcr erh\u00f6hte Stabilit\u00e4t sorgen. Der Tisch ist in [&hellip;]<\/p>\n","protected":false},"featured_media":192349,"template":"","meta":{"_acf_changed":false,"om_disable_all_campaigns":false},"product_cat":[964,970],"product_tag":[1254,896,1188,1265,816],"bundled_by":[],"bundle_stock_status":"onbackorder","bundle_stock_quantity":null,"bundle_virtual":false,"bundle_layout":"","bundle_add_to_cart_form_location":"","bundle_editable_in_cart":false,"bundle_sold_individually_context":"","bundle_item_grouping":"","bundle_min_size":"","bundle_max_size":"","bundle_price":[],"bundled_items":[],"bundle_sell_ids":[],"acf":[],"yoast_head":"<!-- This site is optimized with the Yoast SEO Premium plugin v22.2 (Yoast SEO v22.8) - https:\/\/yoast.com\/wordpress\/plugins\/seo\/ -->\n<title>Ausziehbarer Tisch | HW1 | Eiche &amp; Messing | &amp;Tradition | Ekkla<\/title>\n<meta name=\"description\" content=\"Entdecken Sie den ausziehbaren Esstisch von Hee Welling mit einem Schmetterlingsverl\u00e4ngerungssystem, tropfenf\u00f6rmigen Beinen und abgerundeten Ecken.\" \/>\n<meta name=\"robots\" content=\"index, follow, max-snippet:-1, max-image-preview:large, max-video-preview:-1\" \/>\n<link rel=\"canonical\" href=\"https:\/\/ekkla.ch\/de\/produit\/ausziehbarer-tisch-patch-hw1-beine-helle-eiche-und-beschlaege-messing-h-180-280-tradition-2\/\" \/>\n<meta property=\"og:locale\" content=\"de_DE\" \/>\n<meta property=\"og:type\" content=\"article\" \/>\n<meta property=\"og:title\" content=\"Ausziehbarer Tisch Patch HW1 - Beine aus Eiche und Beschl\u00e4ge aus Messing - H.180-280 - &amp;Tradition\" \/>\n<meta property=\"og:description\" content=\"Entdecken Sie den ausziehbaren Esstisch von Hee Welling mit einem Schmetterlingsverl\u00e4ngerungssystem, tropfenf\u00f6rmigen Beinen und abgerundeten Ecken.\" \/>\n<meta property=\"og:url\" content=\"https:\/\/ekkla.ch\/de\/produit\/ausziehbarer-tisch-patch-hw1-beine-helle-eiche-und-beschlaege-messing-h-180-280-tradition-2\/\" \/>\n<meta property=\"og:site_name\" content=\"Ekkla\" \/>\n<meta property=\"article:modified_time\" content=\"2024-06-03T16:02:24+00:00\" \/>\n<meta property=\"og:image\" content=\"https:\/\/ekkla.ch\/wp-content\/uploads\/2024\/05\/ekkla-light-meubles-luminaires_0221_Patch_HW1_Oiled-walnut_Fenix-Cacao-Orinoco-amp-Brass.jpg\" \/>\n\t<meta property=\"og:image:width\" content=\"1000\" \/>\n\t<meta property=\"og:image:height\" content=\"1000\" \/>\n\t<meta property=\"og:image:type\" content=\"image\/jpeg\" \/>\n<meta name=\"twitter:card\" content=\"summary_large_image\" \/>\n<meta name=\"twitter:label1\" content=\"Gesch\u00e4tzte Lesezeit\" \/>\n\t<meta name=\"twitter:data1\" content=\"1\u00a0Minute\" \/>\n<script type=\"application\/ld+json\" class=\"yoast-schema-graph\">{\"@context\":\"https:\/\/schema.org\",\"@graph\":[{\"@type\":\"WebPage\",\"@id\":\"https:\/\/ekkla.ch\/de\/produit\/ausziehbarer-tisch-patch-hw1-beine-helle-eiche-und-beschlaege-messing-h-180-280-tradition-2\/\",\"url\":\"https:\/\/ekkla.ch\/de\/produit\/ausziehbarer-tisch-patch-hw1-beine-helle-eiche-und-beschlaege-messing-h-180-280-tradition-2\/\",\"name\":\"Ausziehbarer Tisch | HW1 | Eiche & Messing | &Tradition | Ekkla\",\"isPartOf\":{\"@id\":\"https:\/\/ekkla.ch\/#website\"},\"primaryImageOfPage\":{\"@id\":\"https:\/\/ekkla.ch\/de\/produit\/ausziehbarer-tisch-patch-hw1-beine-helle-eiche-und-beschlaege-messing-h-180-280-tradition-2\/#primaryimage\"},\"image\":{\"@id\":\"https:\/\/ekkla.ch\/de\/produit\/ausziehbarer-tisch-patch-hw1-beine-helle-eiche-und-beschlaege-messing-h-180-280-tradition-2\/#primaryimage\"},\"thumbnailUrl\":\"https:\/\/ekkla.ch\/wp-content\/uploads\/2024\/05\/ekkla-light-meubles-luminaires_0221_Patch_HW1_Oiled-walnut_Fenix-Cacao-Orinoco-amp-Brass.jpg\",\"datePublished\":\"2024-05-30T14:54:46+00:00\",\"dateModified\":\"2024-06-03T16:02:24+00:00\",\"description\":\"Entdecken Sie den ausziehbaren Esstisch von Hee Welling mit einem Schmetterlingsverl\u00e4ngerungssystem, tropfenf\u00f6rmigen Beinen und abgerundeten Ecken.\",\"breadcrumb\":{\"@id\":\"https:\/\/ekkla.ch\/de\/produit\/ausziehbarer-tisch-patch-hw1-beine-helle-eiche-und-beschlaege-messing-h-180-280-tradition-2\/#breadcrumb\"},\"inLanguage\":\"de\",\"potentialAction\":[{\"@type\":\"ReadAction\",\"target\":[\"https:\/\/ekkla.ch\/de\/produit\/ausziehbarer-tisch-patch-hw1-beine-helle-eiche-und-beschlaege-messing-h-180-280-tradition-2\/\"]}]},{\"@type\":\"ImageObject\",\"inLanguage\":\"de\",\"@id\":\"https:\/\/ekkla.ch\/de\/produit\/ausziehbarer-tisch-patch-hw1-beine-helle-eiche-und-beschlaege-messing-h-180-280-tradition-2\/#primaryimage\",\"url\":\"https:\/\/ekkla.ch\/wp-content\/uploads\/2024\/05\/ekkla-light-meubles-luminaires_0221_Patch_HW1_Oiled-walnut_Fenix-Cacao-Orinoco-amp-Brass.jpg\",\"contentUrl\":\"https:\/\/ekkla.ch\/wp-content\/uploads\/2024\/05\/ekkla-light-meubles-luminaires_0221_Patch_HW1_Oiled-walnut_Fenix-Cacao-Orinoco-amp-Brass.jpg\",\"width\":1000,\"height\":1000},{\"@type\":\"BreadcrumbList\",\"@id\":\"https:\/\/ekkla.ch\/de\/produit\/ausziehbarer-tisch-patch-hw1-beine-helle-eiche-und-beschlaege-messing-h-180-280-tradition-2\/#breadcrumb\",\"itemListElement\":[{\"@type\":\"ListItem\",\"position\":1,\"name\":\"Home\",\"item\":\"https:\/\/ekkla.ch\/de\/\"},{\"@type\":\"ListItem\",\"position\":2,\"name\":\"Shop\",\"item\":\"https:\/\/ekkla.ch\/de\/shop\/\"},{\"@type\":\"ListItem\",\"position\":3,\"name\":\"Ausziehbarer Tisch Patch HW1 &#8211; Beine aus Eiche und Beschl\u00e4ge aus Messing &#8211; H.180-280 &#8211; &amp;Tradition\"}]},{\"@type\":\"WebSite\",\"@id\":\"https:\/\/ekkla.ch\/#website\",\"url\":\"https:\/\/ekkla.ch\/\",\"name\":\"Ekkla\",\"description\":\"Der Onlineshop f\u00fcr Beleuchtung\",\"publisher\":{\"@id\":\"https:\/\/ekkla.ch\/#organization\"},\"potentialAction\":[{\"@type\":\"SearchAction\",\"target\":{\"@type\":\"EntryPoint\",\"urlTemplate\":\"https:\/\/ekkla.ch\/?s={search_term_string}\"},\"query-input\":\"required name=search_term_string\"}],\"inLanguage\":\"de\"},{\"@type\":\"Organization\",\"@id\":\"https:\/\/ekkla.ch\/#organization\",\"name\":\"Ekkla\",\"url\":\"https:\/\/ekkla.ch\/\",\"logo\":{\"@type\":\"ImageObject\",\"inLanguage\":\"de\",\"@id\":\"https:\/\/ekkla.ch\/#\/schema\/logo\/image\/\",\"url\":\"http:\/\/ekkla.ch\/wp-content\/uploads\/2019\/07\/logo-1.svg\",\"contentUrl\":\"http:\/\/ekkla.ch\/wp-content\/uploads\/2019\/07\/logo-1.svg\",\"width\":1,\"height\":1,\"caption\":\"Ekkla\"},\"image\":{\"@id\":\"https:\/\/ekkla.ch\/#\/schema\/logo\/image\/\"},\"sameAs\":[\"https:\/\/www.instagram.com\/ekkla_light\/\"]}]}<\/script>\n<!-- \/ Yoast SEO Premium plugin. -->","yoast_head_json":{"title":"Ausziehbarer Tisch | HW1 | Eiche & Messing | &Tradition | Ekkla","description":"Entdecken Sie den ausziehbaren Esstisch von Hee Welling mit einem Schmetterlingsverl\u00e4ngerungssystem, tropfenf\u00f6rmigen Beinen und abgerundeten Ecken.","robots":{"index":"index","follow":"follow","max-snippet":"max-snippet:-1","max-image-preview":"max-image-preview:large","max-video-preview":"max-video-preview:-1"},"canonical":"https:\/\/ekkla.ch\/de\/produit\/ausziehbarer-tisch-patch-hw1-beine-helle-eiche-und-beschlaege-messing-h-180-280-tradition-2\/","og_locale":"de_DE","og_type":"article","og_title":"Ausziehbarer Tisch Patch HW1 - Beine aus Eiche und Beschl\u00e4ge aus Messing - H.180-280 - &amp;Tradition","og_description":"Entdecken Sie den ausziehbaren Esstisch von Hee Welling mit einem Schmetterlingsverl\u00e4ngerungssystem, tropfenf\u00f6rmigen Beinen und abgerundeten Ecken.","og_url":"https:\/\/ekkla.ch\/de\/produit\/ausziehbarer-tisch-patch-hw1-beine-helle-eiche-und-beschlaege-messing-h-180-280-tradition-2\/","og_site_name":"Ekkla","article_modified_time":"2024-06-03T16:02:24+00:00","og_image":[{"width":1000,"height":1000,"url":"https:\/\/ekkla.ch\/wp-content\/uploads\/2024\/05\/ekkla-light-meubles-luminaires_0221_Patch_HW1_Oiled-walnut_Fenix-Cacao-Orinoco-amp-Brass.jpg","type":"image\/jpeg"}],"twitter_card":"summary_large_image","twitter_misc":{"Gesch\u00e4tzte Lesezeit":"1\u00a0Minute"},"schema":{"@context":"https:\/\/schema.org","@graph":[{"@type":"WebPage","@id":"https:\/\/ekkla.ch\/de\/produit\/ausziehbarer-tisch-patch-hw1-beine-helle-eiche-und-beschlaege-messing-h-180-280-tradition-2\/","url":"https:\/\/ekkla.ch\/de\/produit\/ausziehbarer-tisch-patch-hw1-beine-helle-eiche-und-beschlaege-messing-h-180-280-tradition-2\/","name":"Ausziehbarer Tisch | HW1 | Eiche & Messing | &Tradition | Ekkla","isPartOf":{"@id":"https:\/\/ekkla.ch\/#website"},"primaryImageOfPage":{"@id":"https:\/\/ekkla.ch\/de\/produit\/ausziehbarer-tisch-patch-hw1-beine-helle-eiche-und-beschlaege-messing-h-180-280-tradition-2\/#primaryimage"},"image":{"@id":"https:\/\/ekkla.ch\/de\/produit\/ausziehbarer-tisch-patch-hw1-beine-helle-eiche-und-beschlaege-messing-h-180-280-tradition-2\/#primaryimage"},"thumbnailUrl":"https:\/\/ekkla.ch\/wp-content\/uploads\/2024\/05\/ekkla-light-meubles-luminaires_0221_Patch_HW1_Oiled-walnut_Fenix-Cacao-Orinoco-amp-Brass.jpg","datePublished":"2024-05-30T14:54:46+00:00","dateModified":"2024-06-03T16:02:24+00:00","description":"Entdecken Sie den ausziehbaren Esstisch von Hee Welling mit einem Schmetterlingsverl\u00e4ngerungssystem, tropfenf\u00f6rmigen Beinen und abgerundeten Ecken.","breadcrumb":{"@id":"https:\/\/ekkla.ch\/de\/produit\/ausziehbarer-tisch-patch-hw1-beine-helle-eiche-und-beschlaege-messing-h-180-280-tradition-2\/#breadcrumb"},"inLanguage":"de","potentialAction":[{"@type":"ReadAction","target":["https:\/\/ekkla.ch\/de\/produit\/ausziehbarer-tisch-patch-hw1-beine-helle-eiche-und-beschlaege-messing-h-180-280-tradition-2\/"]}]},{"@type":"ImageObject","inLanguage":"de","@id":"https:\/\/ekkla.ch\/de\/produit\/ausziehbarer-tisch-patch-hw1-beine-helle-eiche-und-beschlaege-messing-h-180-280-tradition-2\/#primaryimage","url":"https:\/\/ekkla.ch\/wp-content\/uploads\/2024\/05\/ekkla-light-meubles-luminaires_0221_Patch_HW1_Oiled-walnut_Fenix-Cacao-Orinoco-amp-Brass.jpg","contentUrl":"https:\/\/ekkla.ch\/wp-content\/uploads\/2024\/05\/ekkla-light-meubles-luminaires_0221_Patch_HW1_Oiled-walnut_Fenix-Cacao-Orinoco-amp-Brass.jpg","width":1000,"height":1000},{"@type":"BreadcrumbList","@id":"https:\/\/ekkla.ch\/de\/produit\/ausziehbarer-tisch-patch-hw1-beine-helle-eiche-und-beschlaege-messing-h-180-280-tradition-2\/#breadcrumb","itemListElement":[{"@type":"ListItem","position":1,"name":"Home","item":"https:\/\/ekkla.ch\/de\/"},{"@type":"ListItem","position":2,"name":"Shop","item":"https:\/\/ekkla.ch\/de\/shop\/"},{"@type":"ListItem","position":3,"name":"Ausziehbarer Tisch Patch HW1 &#8211; Beine aus Eiche und Beschl\u00e4ge aus Messing &#8211; H.180-280 &#8211; &amp;Tradition"}]},{"@type":"WebSite","@id":"https:\/\/ekkla.ch\/#website","url":"https:\/\/ekkla.ch\/","name":"Ekkla","description":"Der Onlineshop f\u00fcr Beleuchtung","publisher":{"@id":"https:\/\/ekkla.ch\/#organization"},"potentialAction":[{"@type":"SearchAction","target":{"@type":"EntryPoint","urlTemplate":"https:\/\/ekkla.ch\/?s={search_term_string}"},"query-input":"required name=search_term_string"}],"inLanguage":"de"},{"@type":"Organization","@id":"https:\/\/ekkla.ch\/#organization","name":"Ekkla","url":"https:\/\/ekkla.ch\/","logo":{"@type":"ImageObject","inLanguage":"de","@id":"https:\/\/ekkla.ch\/#\/schema\/logo\/image\/","url":"http:\/\/ekkla.ch\/wp-content\/uploads\/2019\/07\/logo-1.svg","contentUrl":"http:\/\/ekkla.ch\/wp-content\/uploads\/2019\/07\/logo-1.svg","width":1,"height":1,"caption":"Ekkla"},"image":{"@id":"https:\/\/ekkla.ch\/#\/schema\/logo\/image\/"},"sameAs":["https:\/\/www.instagram.com\/ekkla_light\/"]}]}},"_links":{"self":[{"href":"https:\/\/ekkla.ch\/de\/wp-json\/wp\/v2\/product\/194631"}],"collection":[{"href":"https:\/\/ekkla.ch\/de\/wp-json\/wp\/v2\/product"}],"about":[{"href":"https:\/\/ekkla.ch\/de\/wp-json\/wp\/v2\/types\/product"}],"wp:featuredmedia":[{"embeddable":true,"href":"https:\/\/ekkla.ch\/de\/wp-json\/wp\/v2\/media\/192349"}],"wp:attachment":[{"href":"https:\/\/ekkla.ch\/de\/wp-json\/wp\/v2\/media?parent=194631"}],"wp:term":[{"taxonomy":"product_cat","embeddable":true,"href":"https:\/\/ekkla.ch\/de\/wp-json\/wp\/v2\/product_cat?post=194631"},{"taxonomy":"product_tag","embeddable":true,"href":"https:\/\/ekkla.ch\/de\/wp-json\/wp\/v2\/product_tag?post=194631"}],"curies":[{"name":"wp","href":"https:\/\/api.w.org\/{rel}","templated":true}]}}