{"id":194654,"date":"2024-05-29T23:46:00","date_gmt":"2024-05-29T21:46:00","guid":{"rendered":"https:\/\/ekkla.ch\/produit\/table-haute-drip-hw61-bronze-noir-190x50-tradition\/"},"modified":"2024-06-04T20:45:52","modified_gmt":"2024-06-04T18:45:52","slug":"hoher-tisch-drip-hw61-bronze-schwarz-190x50-tradition","status":"publish","type":"product","link":"https:\/\/ekkla.ch\/de\/produit\/hoher-tisch-drip-hw61-bronze-schwarz-190x50-tradition\/","title":{"rendered":"Hoher Tisch Drip HW61 &#8211; Bronze &amp; Schwarz &#8211; 190&#215;50 &#8211; &amp;Tradition"},"content":{"rendered":"<p>Drip ist eine \u00e4u\u00dferst vielseitige Tischreihe, die speziell f\u00fcr den gewerblichen Markt entwickelt wurde. Da diese Kundschaft flexible M\u00f6belst\u00fccke ben\u00f6tigt, hat Welling ein Tischsystem entworfen, das sich f\u00fcr verschiedene Zwecke eignet. Die Drip-Tische werden als Bausatz geliefert und k\u00f6nnen in wenigen Minuten zusammengebaut werden. F\u00fcr die Basis gibt es zwei Farboptionen: Schwarz und Bronze. Die Tischplatten sind in Fenix-Laminat, Linoleum oder Eichen- oder Nussbaumfurnier erh\u00e4ltlich. Drip gibt es als Esstisch mit einer H\u00f6he von 74 cm oder als Hochtisch mit H\u00f6hen von 95 cm oder 105 cm. Beide Versionen, Esstisch und Hochtisch, sind in mehreren Gr\u00f6\u00dfen erh\u00e4ltlich.<\/p>\n<blockquote>\n<h2>Merkmale &amp; Eigenschaften<\/h2>\n<p style=\"font-weight: 400\"><strong>Marke<\/strong> &amp;Tradition<\/p>\n<p style=\"font-weight: 400\"><strong>Farben<\/strong> Bronze &amp; Schwarz<\/p>\n<p style=\"font-weight: 400\"><strong>Material<\/strong> Aluminium und Holz<\/p>\n<p style=\"font-weight: 400\"><strong>L\u00e4nge (cm) <\/strong>95<\/p>\n<p style=\"font-weight: 400\"><strong>Breite (cm) <\/strong>190<\/p>\n<p style=\"font-weight: 400\"><strong>H\u00f6he (cm) <\/strong>50<\/p>\n<p style=\"font-weight: 400\"><strong>Gewicht (kg)<\/strong> 27.8<\/p>\n<\/blockquote>\n","protected":false},"excerpt":{"rendered":"<p>Drip ist eine \u00e4u\u00dferst vielseitige Tischreihe, die speziell f\u00fcr den gewerblichen Markt entwickelt wurde. Da diese Kundschaft flexible M\u00f6belst\u00fccke ben\u00f6tigt, hat Welling ein Tischsystem entworfen, das sich f\u00fcr verschiedene Zwecke eignet. Die Drip-Tische werden als Bausatz geliefert und k\u00f6nnen in wenigen Minuten zusammengebaut werden. F\u00fcr die Basis gibt es zwei Farboptionen: Schwarz und Bronze. Die [&hellip;]<\/p>\n","protected":false},"featured_media":192247,"template":"","meta":{"_acf_changed":false,"om_disable_all_campaigns":false},"product_cat":[981,964],"product_tag":[1254,896,1188,1265,816],"bundled_by":[],"bundle_stock_status":"onbackorder","bundle_stock_quantity":null,"bundle_virtual":false,"bundle_layout":"","bundle_add_to_cart_form_location":"","bundle_editable_in_cart":false,"bundle_sold_individually_context":"","bundle_item_grouping":"","bundle_min_size":"","bundle_max_size":"","bundle_price":[],"bundled_items":[],"bundle_sell_ids":[],"acf":[],"yoast_head":"<!-- This site is optimized with the Yoast SEO Premium plugin v22.2 (Yoast SEO v22.8) - https:\/\/yoast.com\/wordpress\/plugins\/seo\/ -->\n<title>Hoher Tisch Drip | HW61 | Bronze &amp; Schwarz | &amp;Tradition | Ekkla<\/title>\n<meta name=\"description\" content=\"Entdecken Sie Drip, eine vielseitige Tischreihe mit Oberfl\u00e4chen in Schwarz oder Bronze und Tischplatten aus Fenix, Linoleum, Eiche oder Nussbaum.\" \/>\n<meta name=\"robots\" content=\"index, follow, max-snippet:-1, max-image-preview:large, max-video-preview:-1\" \/>\n<link rel=\"canonical\" href=\"https:\/\/ekkla.ch\/de\/produit\/hoher-tisch-drip-hw61-bronze-schwarz-190x50-tradition\/\" \/>\n<meta property=\"og:locale\" content=\"de_DE\" \/>\n<meta property=\"og:type\" content=\"article\" \/>\n<meta property=\"og:title\" content=\"Hoher Tisch Drip HW61 - Bronze &amp; Schwarz - 190x50 - &amp;Tradition\" \/>\n<meta property=\"og:description\" content=\"Entdecken Sie Drip, eine vielseitige Tischreihe mit Oberfl\u00e4chen in Schwarz oder Bronze und Tischplatten aus Fenix, Linoleum, Eiche oder Nussbaum.\" \/>\n<meta property=\"og:url\" content=\"https:\/\/ekkla.ch\/de\/produit\/hoher-tisch-drip-hw61-bronze-schwarz-190x50-tradition\/\" \/>\n<meta property=\"og:site_name\" content=\"Ekkla\" \/>\n<meta property=\"article:modified_time\" content=\"2024-06-04T18:45:52+00:00\" \/>\n<meta property=\"og:image\" content=\"https:\/\/ekkla.ch\/wp-content\/uploads\/2024\/05\/ekkla-light-meubles-luminaires_0170_Drip-HW61_Black-w.-Black-Fenix-Nano-Laminate-0720_front-view.jpg\" \/>\n\t<meta property=\"og:image:width\" content=\"1000\" \/>\n\t<meta property=\"og:image:height\" content=\"1000\" \/>\n\t<meta property=\"og:image:type\" content=\"image\/jpeg\" \/>\n<meta name=\"twitter:card\" content=\"summary_large_image\" \/>\n<meta name=\"twitter:label1\" content=\"Gesch\u00e4tzte Lesezeit\" \/>\n\t<meta name=\"twitter:data1\" content=\"1\u00a0Minute\" \/>\n<script type=\"application\/ld+json\" class=\"yoast-schema-graph\">{\"@context\":\"https:\/\/schema.org\",\"@graph\":[{\"@type\":\"WebPage\",\"@id\":\"https:\/\/ekkla.ch\/de\/produit\/hoher-tisch-drip-hw61-bronze-schwarz-190x50-tradition\/\",\"url\":\"https:\/\/ekkla.ch\/de\/produit\/hoher-tisch-drip-hw61-bronze-schwarz-190x50-tradition\/\",\"name\":\"Hoher Tisch Drip | HW61 | Bronze & Schwarz | &Tradition | Ekkla\",\"isPartOf\":{\"@id\":\"https:\/\/ekkla.ch\/#website\"},\"primaryImageOfPage\":{\"@id\":\"https:\/\/ekkla.ch\/de\/produit\/hoher-tisch-drip-hw61-bronze-schwarz-190x50-tradition\/#primaryimage\"},\"image\":{\"@id\":\"https:\/\/ekkla.ch\/de\/produit\/hoher-tisch-drip-hw61-bronze-schwarz-190x50-tradition\/#primaryimage\"},\"thumbnailUrl\":\"https:\/\/ekkla.ch\/wp-content\/uploads\/2024\/05\/ekkla-light-meubles-luminaires_0170_Drip-HW61_Black-w.-Black-Fenix-Nano-Laminate-0720_front-view.jpg\",\"datePublished\":\"2024-05-29T21:46:00+00:00\",\"dateModified\":\"2024-06-04T18:45:52+00:00\",\"description\":\"Entdecken Sie Drip, eine vielseitige Tischreihe mit Oberfl\u00e4chen in Schwarz oder Bronze und Tischplatten aus Fenix, Linoleum, Eiche oder Nussbaum.\",\"breadcrumb\":{\"@id\":\"https:\/\/ekkla.ch\/de\/produit\/hoher-tisch-drip-hw61-bronze-schwarz-190x50-tradition\/#breadcrumb\"},\"inLanguage\":\"de\",\"potentialAction\":[{\"@type\":\"ReadAction\",\"target\":[\"https:\/\/ekkla.ch\/de\/produit\/hoher-tisch-drip-hw61-bronze-schwarz-190x50-tradition\/\"]}]},{\"@type\":\"ImageObject\",\"inLanguage\":\"de\",\"@id\":\"https:\/\/ekkla.ch\/de\/produit\/hoher-tisch-drip-hw61-bronze-schwarz-190x50-tradition\/#primaryimage\",\"url\":\"https:\/\/ekkla.ch\/wp-content\/uploads\/2024\/05\/ekkla-light-meubles-luminaires_0170_Drip-HW61_Black-w.-Black-Fenix-Nano-Laminate-0720_front-view.jpg\",\"contentUrl\":\"https:\/\/ekkla.ch\/wp-content\/uploads\/2024\/05\/ekkla-light-meubles-luminaires_0170_Drip-HW61_Black-w.-Black-Fenix-Nano-Laminate-0720_front-view.jpg\",\"width\":1000,\"height\":1000},{\"@type\":\"BreadcrumbList\",\"@id\":\"https:\/\/ekkla.ch\/de\/produit\/hoher-tisch-drip-hw61-bronze-schwarz-190x50-tradition\/#breadcrumb\",\"itemListElement\":[{\"@type\":\"ListItem\",\"position\":1,\"name\":\"Home\",\"item\":\"https:\/\/ekkla.ch\/de\/\"},{\"@type\":\"ListItem\",\"position\":2,\"name\":\"Shop\",\"item\":\"https:\/\/ekkla.ch\/de\/shop\/\"},{\"@type\":\"ListItem\",\"position\":3,\"name\":\"Hoher Tisch Drip HW61 &#8211; Bronze &amp; Schwarz &#8211; 190&#215;50 &#8211; &amp;Tradition\"}]},{\"@type\":\"WebSite\",\"@id\":\"https:\/\/ekkla.ch\/#website\",\"url\":\"https:\/\/ekkla.ch\/\",\"name\":\"Ekkla\",\"description\":\"Der Onlineshop f\u00fcr Beleuchtung\",\"publisher\":{\"@id\":\"https:\/\/ekkla.ch\/#organization\"},\"potentialAction\":[{\"@type\":\"SearchAction\",\"target\":{\"@type\":\"EntryPoint\",\"urlTemplate\":\"https:\/\/ekkla.ch\/?s={search_term_string}\"},\"query-input\":\"required name=search_term_string\"}],\"inLanguage\":\"de\"},{\"@type\":\"Organization\",\"@id\":\"https:\/\/ekkla.ch\/#organization\",\"name\":\"Ekkla\",\"url\":\"https:\/\/ekkla.ch\/\",\"logo\":{\"@type\":\"ImageObject\",\"inLanguage\":\"de\",\"@id\":\"https:\/\/ekkla.ch\/#\/schema\/logo\/image\/\",\"url\":\"http:\/\/ekkla.ch\/wp-content\/uploads\/2019\/07\/logo-1.svg\",\"contentUrl\":\"http:\/\/ekkla.ch\/wp-content\/uploads\/2019\/07\/logo-1.svg\",\"width\":1,\"height\":1,\"caption\":\"Ekkla\"},\"image\":{\"@id\":\"https:\/\/ekkla.ch\/#\/schema\/logo\/image\/\"},\"sameAs\":[\"https:\/\/www.instagram.com\/ekkla_light\/\"]}]}<\/script>\n<!-- \/ Yoast SEO Premium plugin. -->","yoast_head_json":{"title":"Hoher Tisch Drip | HW61 | Bronze & Schwarz | &Tradition | Ekkla","description":"Entdecken Sie Drip, eine vielseitige Tischreihe mit Oberfl\u00e4chen in Schwarz oder Bronze und Tischplatten aus Fenix, Linoleum, Eiche oder Nussbaum.","robots":{"index":"index","follow":"follow","max-snippet":"max-snippet:-1","max-image-preview":"max-image-preview:large","max-video-preview":"max-video-preview:-1"},"canonical":"https:\/\/ekkla.ch\/de\/produit\/hoher-tisch-drip-hw61-bronze-schwarz-190x50-tradition\/","og_locale":"de_DE","og_type":"article","og_title":"Hoher Tisch Drip HW61 - Bronze &amp; Schwarz - 190x50 - &amp;Tradition","og_description":"Entdecken Sie Drip, eine vielseitige Tischreihe mit Oberfl\u00e4chen in Schwarz oder Bronze und Tischplatten aus Fenix, Linoleum, Eiche oder Nussbaum.","og_url":"https:\/\/ekkla.ch\/de\/produit\/hoher-tisch-drip-hw61-bronze-schwarz-190x50-tradition\/","og_site_name":"Ekkla","article_modified_time":"2024-06-04T18:45:52+00:00","og_image":[{"width":1000,"height":1000,"url":"https:\/\/ekkla.ch\/wp-content\/uploads\/2024\/05\/ekkla-light-meubles-luminaires_0170_Drip-HW61_Black-w.-Black-Fenix-Nano-Laminate-0720_front-view.jpg","type":"image\/jpeg"}],"twitter_card":"summary_large_image","twitter_misc":{"Gesch\u00e4tzte Lesezeit":"1\u00a0Minute"},"schema":{"@context":"https:\/\/schema.org","@graph":[{"@type":"WebPage","@id":"https:\/\/ekkla.ch\/de\/produit\/hoher-tisch-drip-hw61-bronze-schwarz-190x50-tradition\/","url":"https:\/\/ekkla.ch\/de\/produit\/hoher-tisch-drip-hw61-bronze-schwarz-190x50-tradition\/","name":"Hoher Tisch Drip | HW61 | Bronze & Schwarz | &Tradition | Ekkla","isPartOf":{"@id":"https:\/\/ekkla.ch\/#website"},"primaryImageOfPage":{"@id":"https:\/\/ekkla.ch\/de\/produit\/hoher-tisch-drip-hw61-bronze-schwarz-190x50-tradition\/#primaryimage"},"image":{"@id":"https:\/\/ekkla.ch\/de\/produit\/hoher-tisch-drip-hw61-bronze-schwarz-190x50-tradition\/#primaryimage"},"thumbnailUrl":"https:\/\/ekkla.ch\/wp-content\/uploads\/2024\/05\/ekkla-light-meubles-luminaires_0170_Drip-HW61_Black-w.-Black-Fenix-Nano-Laminate-0720_front-view.jpg","datePublished":"2024-05-29T21:46:00+00:00","dateModified":"2024-06-04T18:45:52+00:00","description":"Entdecken Sie Drip, eine vielseitige Tischreihe mit Oberfl\u00e4chen in Schwarz oder Bronze und Tischplatten aus Fenix, Linoleum, Eiche oder Nussbaum.","breadcrumb":{"@id":"https:\/\/ekkla.ch\/de\/produit\/hoher-tisch-drip-hw61-bronze-schwarz-190x50-tradition\/#breadcrumb"},"inLanguage":"de","potentialAction":[{"@type":"ReadAction","target":["https:\/\/ekkla.ch\/de\/produit\/hoher-tisch-drip-hw61-bronze-schwarz-190x50-tradition\/"]}]},{"@type":"ImageObject","inLanguage":"de","@id":"https:\/\/ekkla.ch\/de\/produit\/hoher-tisch-drip-hw61-bronze-schwarz-190x50-tradition\/#primaryimage","url":"https:\/\/ekkla.ch\/wp-content\/uploads\/2024\/05\/ekkla-light-meubles-luminaires_0170_Drip-HW61_Black-w.-Black-Fenix-Nano-Laminate-0720_front-view.jpg","contentUrl":"https:\/\/ekkla.ch\/wp-content\/uploads\/2024\/05\/ekkla-light-meubles-luminaires_0170_Drip-HW61_Black-w.-Black-Fenix-Nano-Laminate-0720_front-view.jpg","width":1000,"height":1000},{"@type":"BreadcrumbList","@id":"https:\/\/ekkla.ch\/de\/produit\/hoher-tisch-drip-hw61-bronze-schwarz-190x50-tradition\/#breadcrumb","itemListElement":[{"@type":"ListItem","position":1,"name":"Home","item":"https:\/\/ekkla.ch\/de\/"},{"@type":"ListItem","position":2,"name":"Shop","item":"https:\/\/ekkla.ch\/de\/shop\/"},{"@type":"ListItem","position":3,"name":"Hoher Tisch Drip HW61 &#8211; Bronze &amp; Schwarz &#8211; 190&#215;50 &#8211; &amp;Tradition"}]},{"@type":"WebSite","@id":"https:\/\/ekkla.ch\/#website","url":"https:\/\/ekkla.ch\/","name":"Ekkla","description":"Der Onlineshop f\u00fcr Beleuchtung","publisher":{"@id":"https:\/\/ekkla.ch\/#organization"},"potentialAction":[{"@type":"SearchAction","target":{"@type":"EntryPoint","urlTemplate":"https:\/\/ekkla.ch\/?s={search_term_string}"},"query-input":"required name=search_term_string"}],"inLanguage":"de"},{"@type":"Organization","@id":"https:\/\/ekkla.ch\/#organization","name":"Ekkla","url":"https:\/\/ekkla.ch\/","logo":{"@type":"ImageObject","inLanguage":"de","@id":"https:\/\/ekkla.ch\/#\/schema\/logo\/image\/","url":"http:\/\/ekkla.ch\/wp-content\/uploads\/2019\/07\/logo-1.svg","contentUrl":"http:\/\/ekkla.ch\/wp-content\/uploads\/2019\/07\/logo-1.svg","width":1,"height":1,"caption":"Ekkla"},"image":{"@id":"https:\/\/ekkla.ch\/#\/schema\/logo\/image\/"},"sameAs":["https:\/\/www.instagram.com\/ekkla_light\/"]}]}},"_links":{"self":[{"href":"https:\/\/ekkla.ch\/de\/wp-json\/wp\/v2\/product\/194654"}],"collection":[{"href":"https:\/\/ekkla.ch\/de\/wp-json\/wp\/v2\/product"}],"about":[{"href":"https:\/\/ekkla.ch\/de\/wp-json\/wp\/v2\/types\/product"}],"wp:featuredmedia":[{"embeddable":true,"href":"https:\/\/ekkla.ch\/de\/wp-json\/wp\/v2\/media\/192247"}],"wp:attachment":[{"href":"https:\/\/ekkla.ch\/de\/wp-json\/wp\/v2\/media?parent=194654"}],"wp:term":[{"taxonomy":"product_cat","embeddable":true,"href":"https:\/\/ekkla.ch\/de\/wp-json\/wp\/v2\/product_cat?post=194654"},{"taxonomy":"product_tag","embeddable":true,"href":"https:\/\/ekkla.ch\/de\/wp-json\/wp\/v2\/product_tag?post=194654"}],"curies":[{"name":"wp","href":"https:\/\/api.w.org\/{rel}","templated":true}]}}