{"id":194659,"date":"2024-05-29T23:28:27","date_gmt":"2024-05-29T21:28:27","guid":{"rendered":"https:\/\/ekkla.ch\/produit\/table-dappoint-tung-ja3-bleu-acier-o38-tradition\/"},"modified":"2024-06-04T21:03:14","modified_gmt":"2024-06-04T19:03:14","slug":"beistelltisch-tung-ja3-stahlblau-o38-tradition","status":"publish","type":"product","link":"https:\/\/ekkla.ch\/de\/produit\/beistelltisch-tung-ja3-stahlblau-o38-tradition\/","title":{"rendered":"Beistelltisch Tung JA3 &#8211; Stahlblau &#8211; \u00d838 &#8211; &amp;Tradition"},"content":{"rendered":"<p>Der zeitgen\u00f6ssische britische Designer John Astbury wollte einen Beistelltisch schaffen, der von monolithischer St\u00e4rke gepr\u00e4gt ist. Das Ergebnis war Tung, ein kompaktes St\u00fcck, das auf drei gebogenen Beinen ruht und die architektonische Pr\u00e4senz antiker S\u00e4ulen hervorruft.<\/p>\n<blockquote>\n<h2>Merkmale &amp; Eigenschaften<\/h2>\n<p style=\"font-weight: 400\"><strong>Marke<\/strong> &amp;Tradition<\/p>\n<p style=\"font-weight: 400\"><strong>Farben<\/strong> Stahlblau<\/p>\n<p style=\"font-weight: 400\"><strong>Material<\/strong> Aluminium und Holz<\/p>\n<p style=\"font-weight: 400\"><strong>L\u00e4nge (cm) <\/strong>38<\/p>\n<p style=\"font-weight: 400\"><strong>Breite (cm) <\/strong>38<\/p>\n<p style=\"font-weight: 400\"><strong>H\u00f6he (cm)\u00a0<\/strong>48<\/p>\n<p style=\"font-weight: 400\"><strong>Gewicht (kg)<\/strong> 10.8<\/p>\n<\/blockquote>\n","protected":false},"excerpt":{"rendered":"<p>Der zeitgen\u00f6ssische britische Designer John Astbury wollte einen Beistelltisch schaffen, der von monolithischer St\u00e4rke gepr\u00e4gt ist. Das Ergebnis war Tung, ein kompaktes St\u00fcck, das auf drei gebogenen Beinen ruht und die architektonische Pr\u00e4senz antiker S\u00e4ulen hervorruft. Merkmale &amp; Eigenschaften Marke &amp;Tradition Farben Stahlblau Material Aluminium und Holz L\u00e4nge (cm) 38 Breite (cm) 38 H\u00f6he (cm)\u00a048 [&hellip;]<\/p>\n","protected":false},"featured_media":192239,"template":"","meta":{"_acf_changed":false,"om_disable_all_campaigns":false},"product_cat":[983,964],"product_tag":[1254,896,1188,1265,816],"bundled_by":[],"bundle_stock_status":"onbackorder","bundle_stock_quantity":null,"bundle_virtual":false,"bundle_layout":"","bundle_add_to_cart_form_location":"","bundle_editable_in_cart":false,"bundle_sold_individually_context":"","bundle_item_grouping":"","bundle_min_size":"","bundle_max_size":"","bundle_price":[],"bundled_items":[],"bundle_sell_ids":[],"acf":[],"yoast_head":"<!-- This site is optimized with the Yoast SEO Premium plugin v22.2 (Yoast SEO v22.8) - https:\/\/yoast.com\/wordpress\/plugins\/seo\/ -->\n<title>Beistelltisch Tung | JA3 | Stahlblau | \u00d838 | &amp;Tradition | Ekkla<\/title>\n<meta name=\"description\" content=\"Entdecken Sie den Beistelltisch Tung, entworfen von dem britischen Designer John Astbury, der monolithische St\u00e4rke und architektonische Eleganz vereint.\" \/>\n<meta name=\"robots\" content=\"index, follow, max-snippet:-1, max-image-preview:large, max-video-preview:-1\" \/>\n<link rel=\"canonical\" href=\"https:\/\/ekkla.ch\/de\/produit\/beistelltisch-tung-ja3-stahlblau-o38-tradition\/\" \/>\n<meta property=\"og:locale\" content=\"de_DE\" \/>\n<meta property=\"og:type\" content=\"article\" \/>\n<meta property=\"og:title\" content=\"Beistelltisch Tung JA3 - Stahlblau - \u00d838 - &amp;Tradition\" \/>\n<meta property=\"og:description\" content=\"Entdecken Sie den Beistelltisch Tung, entworfen von dem britischen Designer John Astbury, der monolithische St\u00e4rke und architektonische Eleganz vereint.\" \/>\n<meta property=\"og:url\" content=\"https:\/\/ekkla.ch\/de\/produit\/beistelltisch-tung-ja3-stahlblau-o38-tradition\/\" \/>\n<meta property=\"og:site_name\" content=\"Ekkla\" \/>\n<meta property=\"article:modified_time\" content=\"2024-06-04T19:03:14+00:00\" \/>\n<meta property=\"og:image\" content=\"https:\/\/ekkla.ch\/wp-content\/uploads\/2024\/05\/ekkla-light-meubles-luminaires_0166_Tung-JA3_Steel-Blue.jpg\" \/>\n\t<meta property=\"og:image:width\" content=\"1000\" \/>\n\t<meta property=\"og:image:height\" content=\"1000\" \/>\n\t<meta property=\"og:image:type\" content=\"image\/jpeg\" \/>\n<meta name=\"twitter:card\" content=\"summary_large_image\" \/>\n<meta name=\"twitter:label1\" content=\"Gesch\u00e4tzte Lesezeit\" \/>\n\t<meta name=\"twitter:data1\" content=\"1\u00a0Minute\" \/>\n<script type=\"application\/ld+json\" class=\"yoast-schema-graph\">{\"@context\":\"https:\/\/schema.org\",\"@graph\":[{\"@type\":\"WebPage\",\"@id\":\"https:\/\/ekkla.ch\/de\/produit\/beistelltisch-tung-ja3-stahlblau-o38-tradition\/\",\"url\":\"https:\/\/ekkla.ch\/de\/produit\/beistelltisch-tung-ja3-stahlblau-o38-tradition\/\",\"name\":\"Beistelltisch Tung | JA3 | Stahlblau | \u00d838 | &Tradition | Ekkla\",\"isPartOf\":{\"@id\":\"https:\/\/ekkla.ch\/#website\"},\"primaryImageOfPage\":{\"@id\":\"https:\/\/ekkla.ch\/de\/produit\/beistelltisch-tung-ja3-stahlblau-o38-tradition\/#primaryimage\"},\"image\":{\"@id\":\"https:\/\/ekkla.ch\/de\/produit\/beistelltisch-tung-ja3-stahlblau-o38-tradition\/#primaryimage\"},\"thumbnailUrl\":\"https:\/\/ekkla.ch\/wp-content\/uploads\/2024\/05\/ekkla-light-meubles-luminaires_0166_Tung-JA3_Steel-Blue.jpg\",\"datePublished\":\"2024-05-29T21:28:27+00:00\",\"dateModified\":\"2024-06-04T19:03:14+00:00\",\"description\":\"Entdecken Sie den Beistelltisch Tung, entworfen von dem britischen Designer John Astbury, der monolithische St\u00e4rke und architektonische Eleganz vereint.\",\"breadcrumb\":{\"@id\":\"https:\/\/ekkla.ch\/de\/produit\/beistelltisch-tung-ja3-stahlblau-o38-tradition\/#breadcrumb\"},\"inLanguage\":\"de\",\"potentialAction\":[{\"@type\":\"ReadAction\",\"target\":[\"https:\/\/ekkla.ch\/de\/produit\/beistelltisch-tung-ja3-stahlblau-o38-tradition\/\"]}]},{\"@type\":\"ImageObject\",\"inLanguage\":\"de\",\"@id\":\"https:\/\/ekkla.ch\/de\/produit\/beistelltisch-tung-ja3-stahlblau-o38-tradition\/#primaryimage\",\"url\":\"https:\/\/ekkla.ch\/wp-content\/uploads\/2024\/05\/ekkla-light-meubles-luminaires_0166_Tung-JA3_Steel-Blue.jpg\",\"contentUrl\":\"https:\/\/ekkla.ch\/wp-content\/uploads\/2024\/05\/ekkla-light-meubles-luminaires_0166_Tung-JA3_Steel-Blue.jpg\",\"width\":1000,\"height\":1000},{\"@type\":\"BreadcrumbList\",\"@id\":\"https:\/\/ekkla.ch\/de\/produit\/beistelltisch-tung-ja3-stahlblau-o38-tradition\/#breadcrumb\",\"itemListElement\":[{\"@type\":\"ListItem\",\"position\":1,\"name\":\"Home\",\"item\":\"https:\/\/ekkla.ch\/de\/\"},{\"@type\":\"ListItem\",\"position\":2,\"name\":\"Shop\",\"item\":\"https:\/\/ekkla.ch\/de\/shop\/\"},{\"@type\":\"ListItem\",\"position\":3,\"name\":\"Beistelltisch Tung JA3 &#8211; Stahlblau &#8211; \u00d838 &#8211; &amp;Tradition\"}]},{\"@type\":\"WebSite\",\"@id\":\"https:\/\/ekkla.ch\/#website\",\"url\":\"https:\/\/ekkla.ch\/\",\"name\":\"Ekkla\",\"description\":\"Der Onlineshop f\u00fcr Beleuchtung\",\"publisher\":{\"@id\":\"https:\/\/ekkla.ch\/#organization\"},\"potentialAction\":[{\"@type\":\"SearchAction\",\"target\":{\"@type\":\"EntryPoint\",\"urlTemplate\":\"https:\/\/ekkla.ch\/?s={search_term_string}\"},\"query-input\":\"required name=search_term_string\"}],\"inLanguage\":\"de\"},{\"@type\":\"Organization\",\"@id\":\"https:\/\/ekkla.ch\/#organization\",\"name\":\"Ekkla\",\"url\":\"https:\/\/ekkla.ch\/\",\"logo\":{\"@type\":\"ImageObject\",\"inLanguage\":\"de\",\"@id\":\"https:\/\/ekkla.ch\/#\/schema\/logo\/image\/\",\"url\":\"http:\/\/ekkla.ch\/wp-content\/uploads\/2019\/07\/logo-1.svg\",\"contentUrl\":\"http:\/\/ekkla.ch\/wp-content\/uploads\/2019\/07\/logo-1.svg\",\"width\":1,\"height\":1,\"caption\":\"Ekkla\"},\"image\":{\"@id\":\"https:\/\/ekkla.ch\/#\/schema\/logo\/image\/\"},\"sameAs\":[\"https:\/\/www.instagram.com\/ekkla_light\/\"]}]}<\/script>\n<!-- \/ Yoast SEO Premium plugin. -->","yoast_head_json":{"title":"Beistelltisch Tung | JA3 | Stahlblau | \u00d838 | &Tradition | Ekkla","description":"Entdecken Sie den Beistelltisch Tung, entworfen von dem britischen Designer John Astbury, der monolithische St\u00e4rke und architektonische Eleganz vereint.","robots":{"index":"index","follow":"follow","max-snippet":"max-snippet:-1","max-image-preview":"max-image-preview:large","max-video-preview":"max-video-preview:-1"},"canonical":"https:\/\/ekkla.ch\/de\/produit\/beistelltisch-tung-ja3-stahlblau-o38-tradition\/","og_locale":"de_DE","og_type":"article","og_title":"Beistelltisch Tung JA3 - Stahlblau - \u00d838 - &amp;Tradition","og_description":"Entdecken Sie den Beistelltisch Tung, entworfen von dem britischen Designer John Astbury, der monolithische St\u00e4rke und architektonische Eleganz vereint.","og_url":"https:\/\/ekkla.ch\/de\/produit\/beistelltisch-tung-ja3-stahlblau-o38-tradition\/","og_site_name":"Ekkla","article_modified_time":"2024-06-04T19:03:14+00:00","og_image":[{"width":1000,"height":1000,"url":"https:\/\/ekkla.ch\/wp-content\/uploads\/2024\/05\/ekkla-light-meubles-luminaires_0166_Tung-JA3_Steel-Blue.jpg","type":"image\/jpeg"}],"twitter_card":"summary_large_image","twitter_misc":{"Gesch\u00e4tzte Lesezeit":"1\u00a0Minute"},"schema":{"@context":"https:\/\/schema.org","@graph":[{"@type":"WebPage","@id":"https:\/\/ekkla.ch\/de\/produit\/beistelltisch-tung-ja3-stahlblau-o38-tradition\/","url":"https:\/\/ekkla.ch\/de\/produit\/beistelltisch-tung-ja3-stahlblau-o38-tradition\/","name":"Beistelltisch Tung | JA3 | Stahlblau | \u00d838 | &Tradition | Ekkla","isPartOf":{"@id":"https:\/\/ekkla.ch\/#website"},"primaryImageOfPage":{"@id":"https:\/\/ekkla.ch\/de\/produit\/beistelltisch-tung-ja3-stahlblau-o38-tradition\/#primaryimage"},"image":{"@id":"https:\/\/ekkla.ch\/de\/produit\/beistelltisch-tung-ja3-stahlblau-o38-tradition\/#primaryimage"},"thumbnailUrl":"https:\/\/ekkla.ch\/wp-content\/uploads\/2024\/05\/ekkla-light-meubles-luminaires_0166_Tung-JA3_Steel-Blue.jpg","datePublished":"2024-05-29T21:28:27+00:00","dateModified":"2024-06-04T19:03:14+00:00","description":"Entdecken Sie den Beistelltisch Tung, entworfen von dem britischen Designer John Astbury, der monolithische St\u00e4rke und architektonische Eleganz vereint.","breadcrumb":{"@id":"https:\/\/ekkla.ch\/de\/produit\/beistelltisch-tung-ja3-stahlblau-o38-tradition\/#breadcrumb"},"inLanguage":"de","potentialAction":[{"@type":"ReadAction","target":["https:\/\/ekkla.ch\/de\/produit\/beistelltisch-tung-ja3-stahlblau-o38-tradition\/"]}]},{"@type":"ImageObject","inLanguage":"de","@id":"https:\/\/ekkla.ch\/de\/produit\/beistelltisch-tung-ja3-stahlblau-o38-tradition\/#primaryimage","url":"https:\/\/ekkla.ch\/wp-content\/uploads\/2024\/05\/ekkla-light-meubles-luminaires_0166_Tung-JA3_Steel-Blue.jpg","contentUrl":"https:\/\/ekkla.ch\/wp-content\/uploads\/2024\/05\/ekkla-light-meubles-luminaires_0166_Tung-JA3_Steel-Blue.jpg","width":1000,"height":1000},{"@type":"BreadcrumbList","@id":"https:\/\/ekkla.ch\/de\/produit\/beistelltisch-tung-ja3-stahlblau-o38-tradition\/#breadcrumb","itemListElement":[{"@type":"ListItem","position":1,"name":"Home","item":"https:\/\/ekkla.ch\/de\/"},{"@type":"ListItem","position":2,"name":"Shop","item":"https:\/\/ekkla.ch\/de\/shop\/"},{"@type":"ListItem","position":3,"name":"Beistelltisch Tung JA3 &#8211; Stahlblau &#8211; \u00d838 &#8211; &amp;Tradition"}]},{"@type":"WebSite","@id":"https:\/\/ekkla.ch\/#website","url":"https:\/\/ekkla.ch\/","name":"Ekkla","description":"Der Onlineshop f\u00fcr Beleuchtung","publisher":{"@id":"https:\/\/ekkla.ch\/#organization"},"potentialAction":[{"@type":"SearchAction","target":{"@type":"EntryPoint","urlTemplate":"https:\/\/ekkla.ch\/?s={search_term_string}"},"query-input":"required name=search_term_string"}],"inLanguage":"de"},{"@type":"Organization","@id":"https:\/\/ekkla.ch\/#organization","name":"Ekkla","url":"https:\/\/ekkla.ch\/","logo":{"@type":"ImageObject","inLanguage":"de","@id":"https:\/\/ekkla.ch\/#\/schema\/logo\/image\/","url":"http:\/\/ekkla.ch\/wp-content\/uploads\/2019\/07\/logo-1.svg","contentUrl":"http:\/\/ekkla.ch\/wp-content\/uploads\/2019\/07\/logo-1.svg","width":1,"height":1,"caption":"Ekkla"},"image":{"@id":"https:\/\/ekkla.ch\/#\/schema\/logo\/image\/"},"sameAs":["https:\/\/www.instagram.com\/ekkla_light\/"]}]}},"_links":{"self":[{"href":"https:\/\/ekkla.ch\/de\/wp-json\/wp\/v2\/product\/194659"}],"collection":[{"href":"https:\/\/ekkla.ch\/de\/wp-json\/wp\/v2\/product"}],"about":[{"href":"https:\/\/ekkla.ch\/de\/wp-json\/wp\/v2\/types\/product"}],"wp:featuredmedia":[{"embeddable":true,"href":"https:\/\/ekkla.ch\/de\/wp-json\/wp\/v2\/media\/192239"}],"wp:attachment":[{"href":"https:\/\/ekkla.ch\/de\/wp-json\/wp\/v2\/media?parent=194659"}],"wp:term":[{"taxonomy":"product_cat","embeddable":true,"href":"https:\/\/ekkla.ch\/de\/wp-json\/wp\/v2\/product_cat?post=194659"},{"taxonomy":"product_tag","embeddable":true,"href":"https:\/\/ekkla.ch\/de\/wp-json\/wp\/v2\/product_tag?post=194659"}],"curies":[{"name":"wp","href":"https:\/\/api.w.org\/{rel}","templated":true}]}}