{"id":194679,"date":"2024-05-17T00:37:16","date_gmt":"2024-05-16T22:37:16","guid":{"rendered":"https:\/\/ekkla.ch\/produit\/abat-jour-kurbis-h-60-naturel-ferm-living\/"},"modified":"2024-06-04T22:06:13","modified_gmt":"2024-06-04T20:06:13","slug":"lampenschirm-kurbis-h-60-naturel-ferm-living","status":"publish","type":"product","link":"https:\/\/ekkla.ch\/de\/produit\/lampenschirm-kurbis-h-60-naturel-ferm-living\/","title":{"rendered":"Lampenschirm Kurbis &#8211; H.60 &#8211; Naturel &#8211; Ferm Living"},"content":{"rendered":"<p>Entdecken Sie den Kurbis, eine charmante Version der klassischen Reispapierlaterne. Hergestellt aus charakteristischem Washi-Papier, nimmt er eine organische und asymmetrische Silhouette an, die sich von der traditionellen runden Form entfernt und einen einzigartigen und markanten Look bietet. Inspiriert von der Familie der K\u00fcrbisse und K\u00fcrbisse, verbreitet dieser Lampenschirm sanftes Licht und verleiht jedem Interieur eine Atmosph\u00e4re und einen Charme.<\/p>\n<blockquote>\n<h2>Merkmale &amp; Eigenschaften<\/h2>\n<p style=\"font-weight: 400\"><strong>Marke<\/strong> Ferm Living<\/p>\n<p style=\"font-weight: 400\"><strong>Farben<\/strong> Natur<\/p>\n<p style=\"font-weight: 400\"><strong>Material<\/strong> Washi-Papier mit Bambusast und Stahlstruktur.<\/p>\n<p style=\"font-weight: 400\"><strong>Breite (cm) <\/strong>57<\/p>\n<p style=\"font-weight: 400\"><strong>H\u00f6he (cm) <\/strong>60<\/p>\n<p style=\"font-weight: 400\"><strong>Gewicht (kg)<\/strong> 0.3<\/p>\n<p><strong>Gl\u00fchbirne\u00a0<\/strong>LED E27<\/p><\/blockquote>\n","protected":false},"excerpt":{"rendered":"<p>Entdecken Sie den Kurbis, eine charmante Version der klassischen Reispapierlaterne. Hergestellt aus charakteristischem Washi-Papier, nimmt er eine organische und asymmetrische Silhouette an, die sich von der traditionellen runden Form entfernt und einen einzigartigen und markanten Look bietet. Inspiriert von der Familie der K\u00fcrbisse und K\u00fcrbisse, verbreitet dieser Lampenschirm sanftes Licht und verleiht jedem Interieur eine [&hellip;]<\/p>\n","protected":false},"featured_media":193236,"template":"","meta":{"_acf_changed":false,"om_disable_all_campaigns":false},"product_cat":[1058],"product_tag":[1258,898,1188,1265,1204,816,1209],"bundled_by":[],"bundle_stock_status":"onbackorder","bundle_stock_quantity":1,"bundle_virtual":false,"bundle_layout":"","bundle_add_to_cart_form_location":"","bundle_editable_in_cart":false,"bundle_sold_individually_context":"","bundle_item_grouping":"","bundle_min_size":"","bundle_max_size":"","bundle_price":[],"bundled_items":[],"bundle_sell_ids":[],"acf":[],"yoast_head":"<!-- This site is optimized with the Yoast SEO Premium plugin v22.2 (Yoast SEO v22.8) - https:\/\/yoast.com\/wordpress\/plugins\/seo\/ -->\n<title>lampenschirm | Kurbis | H.60 | Naturel | Ferm Living | enkla<\/title>\n<meta name=\"description\" content=\"Entdecken Sie den Kurbis: Eine neu interpretierte Reispapierlaterne, die eine organische Silhouette und ein sanftes, charmantes Licht bietet.\" \/>\n<meta name=\"robots\" content=\"index, follow, max-snippet:-1, max-image-preview:large, max-video-preview:-1\" \/>\n<link rel=\"canonical\" href=\"https:\/\/ekkla.ch\/de\/produit\/lampenschirm-kurbis-h-60-naturel-ferm-living\/\" \/>\n<meta property=\"og:locale\" content=\"de_DE\" \/>\n<meta property=\"og:type\" content=\"article\" \/>\n<meta property=\"og:title\" content=\"Lampenschirm Kurbis - H.60 - Naturel - Ferm Living\" \/>\n<meta property=\"og:description\" content=\"Entdecken Sie den Kurbis: Eine neu interpretierte Reispapierlaterne, die eine organische Silhouette und ein sanftes, charmantes Licht bietet.\" \/>\n<meta property=\"og:url\" content=\"https:\/\/ekkla.ch\/de\/produit\/lampenschirm-kurbis-h-60-naturel-ferm-living\/\" \/>\n<meta property=\"og:site_name\" content=\"Ekkla\" \/>\n<meta property=\"article:modified_time\" content=\"2024-06-04T20:06:13+00:00\" \/>\n<meta property=\"og:image\" content=\"https:\/\/ekkla.ch\/wp-content\/uploads\/2024\/05\/ekkla-light-meubles-luminaires_0085_fermLIVING_AW23_1104268211_KurbisLampshade_60_01.jpg\" \/>\n\t<meta property=\"og:image:width\" content=\"1000\" \/>\n\t<meta property=\"og:image:height\" content=\"1000\" \/>\n\t<meta property=\"og:image:type\" content=\"image\/jpeg\" \/>\n<meta name=\"twitter:card\" content=\"summary_large_image\" \/>\n<meta name=\"twitter:label1\" content=\"Gesch\u00e4tzte Lesezeit\" \/>\n\t<meta name=\"twitter:data1\" content=\"1\u00a0Minute\" \/>\n<script type=\"application\/ld+json\" class=\"yoast-schema-graph\">{\"@context\":\"https:\/\/schema.org\",\"@graph\":[{\"@type\":\"WebPage\",\"@id\":\"https:\/\/ekkla.ch\/de\/produit\/lampenschirm-kurbis-h-60-naturel-ferm-living\/\",\"url\":\"https:\/\/ekkla.ch\/de\/produit\/lampenschirm-kurbis-h-60-naturel-ferm-living\/\",\"name\":\"lampenschirm | Kurbis | H.60 | Naturel | Ferm Living | enkla\",\"isPartOf\":{\"@id\":\"https:\/\/ekkla.ch\/#website\"},\"primaryImageOfPage\":{\"@id\":\"https:\/\/ekkla.ch\/de\/produit\/lampenschirm-kurbis-h-60-naturel-ferm-living\/#primaryimage\"},\"image\":{\"@id\":\"https:\/\/ekkla.ch\/de\/produit\/lampenschirm-kurbis-h-60-naturel-ferm-living\/#primaryimage\"},\"thumbnailUrl\":\"https:\/\/ekkla.ch\/wp-content\/uploads\/2024\/05\/ekkla-light-meubles-luminaires_0085_fermLIVING_AW23_1104268211_KurbisLampshade_60_01.jpg\",\"datePublished\":\"2024-05-16T22:37:16+00:00\",\"dateModified\":\"2024-06-04T20:06:13+00:00\",\"description\":\"Entdecken Sie den Kurbis: Eine neu interpretierte Reispapierlaterne, die eine organische Silhouette und ein sanftes, charmantes Licht bietet.\",\"breadcrumb\":{\"@id\":\"https:\/\/ekkla.ch\/de\/produit\/lampenschirm-kurbis-h-60-naturel-ferm-living\/#breadcrumb\"},\"inLanguage\":\"de\",\"potentialAction\":[{\"@type\":\"ReadAction\",\"target\":[\"https:\/\/ekkla.ch\/de\/produit\/lampenschirm-kurbis-h-60-naturel-ferm-living\/\"]}]},{\"@type\":\"ImageObject\",\"inLanguage\":\"de\",\"@id\":\"https:\/\/ekkla.ch\/de\/produit\/lampenschirm-kurbis-h-60-naturel-ferm-living\/#primaryimage\",\"url\":\"https:\/\/ekkla.ch\/wp-content\/uploads\/2024\/05\/ekkla-light-meubles-luminaires_0085_fermLIVING_AW23_1104268211_KurbisLampshade_60_01.jpg\",\"contentUrl\":\"https:\/\/ekkla.ch\/wp-content\/uploads\/2024\/05\/ekkla-light-meubles-luminaires_0085_fermLIVING_AW23_1104268211_KurbisLampshade_60_01.jpg\",\"width\":1000,\"height\":1000},{\"@type\":\"BreadcrumbList\",\"@id\":\"https:\/\/ekkla.ch\/de\/produit\/lampenschirm-kurbis-h-60-naturel-ferm-living\/#breadcrumb\",\"itemListElement\":[{\"@type\":\"ListItem\",\"position\":1,\"name\":\"Home\",\"item\":\"https:\/\/ekkla.ch\/de\/\"},{\"@type\":\"ListItem\",\"position\":2,\"name\":\"Shop\",\"item\":\"https:\/\/ekkla.ch\/de\/shop\/\"},{\"@type\":\"ListItem\",\"position\":3,\"name\":\"Lampenschirm Kurbis &#8211; H.60 &#8211; Naturel &#8211; Ferm Living\"}]},{\"@type\":\"WebSite\",\"@id\":\"https:\/\/ekkla.ch\/#website\",\"url\":\"https:\/\/ekkla.ch\/\",\"name\":\"Ekkla\",\"description\":\"Der Onlineshop f\u00fcr Beleuchtung\",\"publisher\":{\"@id\":\"https:\/\/ekkla.ch\/#organization\"},\"potentialAction\":[{\"@type\":\"SearchAction\",\"target\":{\"@type\":\"EntryPoint\",\"urlTemplate\":\"https:\/\/ekkla.ch\/?s={search_term_string}\"},\"query-input\":\"required name=search_term_string\"}],\"inLanguage\":\"de\"},{\"@type\":\"Organization\",\"@id\":\"https:\/\/ekkla.ch\/#organization\",\"name\":\"Ekkla\",\"url\":\"https:\/\/ekkla.ch\/\",\"logo\":{\"@type\":\"ImageObject\",\"inLanguage\":\"de\",\"@id\":\"https:\/\/ekkla.ch\/#\/schema\/logo\/image\/\",\"url\":\"http:\/\/ekkla.ch\/wp-content\/uploads\/2019\/07\/logo-1.svg\",\"contentUrl\":\"http:\/\/ekkla.ch\/wp-content\/uploads\/2019\/07\/logo-1.svg\",\"width\":1,\"height\":1,\"caption\":\"Ekkla\"},\"image\":{\"@id\":\"https:\/\/ekkla.ch\/#\/schema\/logo\/image\/\"},\"sameAs\":[\"https:\/\/www.instagram.com\/ekkla_light\/\"]}]}<\/script>\n<!-- \/ Yoast SEO Premium plugin. -->","yoast_head_json":{"title":"lampenschirm | Kurbis | H.60 | Naturel | Ferm Living | enkla","description":"Entdecken Sie den Kurbis: Eine neu interpretierte Reispapierlaterne, die eine organische Silhouette und ein sanftes, charmantes Licht bietet.","robots":{"index":"index","follow":"follow","max-snippet":"max-snippet:-1","max-image-preview":"max-image-preview:large","max-video-preview":"max-video-preview:-1"},"canonical":"https:\/\/ekkla.ch\/de\/produit\/lampenschirm-kurbis-h-60-naturel-ferm-living\/","og_locale":"de_DE","og_type":"article","og_title":"Lampenschirm Kurbis - H.60 - Naturel - Ferm Living","og_description":"Entdecken Sie den Kurbis: Eine neu interpretierte Reispapierlaterne, die eine organische Silhouette und ein sanftes, charmantes Licht bietet.","og_url":"https:\/\/ekkla.ch\/de\/produit\/lampenschirm-kurbis-h-60-naturel-ferm-living\/","og_site_name":"Ekkla","article_modified_time":"2024-06-04T20:06:13+00:00","og_image":[{"width":1000,"height":1000,"url":"https:\/\/ekkla.ch\/wp-content\/uploads\/2024\/05\/ekkla-light-meubles-luminaires_0085_fermLIVING_AW23_1104268211_KurbisLampshade_60_01.jpg","type":"image\/jpeg"}],"twitter_card":"summary_large_image","twitter_misc":{"Gesch\u00e4tzte Lesezeit":"1\u00a0Minute"},"schema":{"@context":"https:\/\/schema.org","@graph":[{"@type":"WebPage","@id":"https:\/\/ekkla.ch\/de\/produit\/lampenschirm-kurbis-h-60-naturel-ferm-living\/","url":"https:\/\/ekkla.ch\/de\/produit\/lampenschirm-kurbis-h-60-naturel-ferm-living\/","name":"lampenschirm | Kurbis | H.60 | Naturel | Ferm Living | enkla","isPartOf":{"@id":"https:\/\/ekkla.ch\/#website"},"primaryImageOfPage":{"@id":"https:\/\/ekkla.ch\/de\/produit\/lampenschirm-kurbis-h-60-naturel-ferm-living\/#primaryimage"},"image":{"@id":"https:\/\/ekkla.ch\/de\/produit\/lampenschirm-kurbis-h-60-naturel-ferm-living\/#primaryimage"},"thumbnailUrl":"https:\/\/ekkla.ch\/wp-content\/uploads\/2024\/05\/ekkla-light-meubles-luminaires_0085_fermLIVING_AW23_1104268211_KurbisLampshade_60_01.jpg","datePublished":"2024-05-16T22:37:16+00:00","dateModified":"2024-06-04T20:06:13+00:00","description":"Entdecken Sie den Kurbis: Eine neu interpretierte Reispapierlaterne, die eine organische Silhouette und ein sanftes, charmantes Licht bietet.","breadcrumb":{"@id":"https:\/\/ekkla.ch\/de\/produit\/lampenschirm-kurbis-h-60-naturel-ferm-living\/#breadcrumb"},"inLanguage":"de","potentialAction":[{"@type":"ReadAction","target":["https:\/\/ekkla.ch\/de\/produit\/lampenschirm-kurbis-h-60-naturel-ferm-living\/"]}]},{"@type":"ImageObject","inLanguage":"de","@id":"https:\/\/ekkla.ch\/de\/produit\/lampenschirm-kurbis-h-60-naturel-ferm-living\/#primaryimage","url":"https:\/\/ekkla.ch\/wp-content\/uploads\/2024\/05\/ekkla-light-meubles-luminaires_0085_fermLIVING_AW23_1104268211_KurbisLampshade_60_01.jpg","contentUrl":"https:\/\/ekkla.ch\/wp-content\/uploads\/2024\/05\/ekkla-light-meubles-luminaires_0085_fermLIVING_AW23_1104268211_KurbisLampshade_60_01.jpg","width":1000,"height":1000},{"@type":"BreadcrumbList","@id":"https:\/\/ekkla.ch\/de\/produit\/lampenschirm-kurbis-h-60-naturel-ferm-living\/#breadcrumb","itemListElement":[{"@type":"ListItem","position":1,"name":"Home","item":"https:\/\/ekkla.ch\/de\/"},{"@type":"ListItem","position":2,"name":"Shop","item":"https:\/\/ekkla.ch\/de\/shop\/"},{"@type":"ListItem","position":3,"name":"Lampenschirm Kurbis &#8211; H.60 &#8211; Naturel &#8211; Ferm Living"}]},{"@type":"WebSite","@id":"https:\/\/ekkla.ch\/#website","url":"https:\/\/ekkla.ch\/","name":"Ekkla","description":"Der Onlineshop f\u00fcr Beleuchtung","publisher":{"@id":"https:\/\/ekkla.ch\/#organization"},"potentialAction":[{"@type":"SearchAction","target":{"@type":"EntryPoint","urlTemplate":"https:\/\/ekkla.ch\/?s={search_term_string}"},"query-input":"required name=search_term_string"}],"inLanguage":"de"},{"@type":"Organization","@id":"https:\/\/ekkla.ch\/#organization","name":"Ekkla","url":"https:\/\/ekkla.ch\/","logo":{"@type":"ImageObject","inLanguage":"de","@id":"https:\/\/ekkla.ch\/#\/schema\/logo\/image\/","url":"http:\/\/ekkla.ch\/wp-content\/uploads\/2019\/07\/logo-1.svg","contentUrl":"http:\/\/ekkla.ch\/wp-content\/uploads\/2019\/07\/logo-1.svg","width":1,"height":1,"caption":"Ekkla"},"image":{"@id":"https:\/\/ekkla.ch\/#\/schema\/logo\/image\/"},"sameAs":["https:\/\/www.instagram.com\/ekkla_light\/"]}]}},"_links":{"self":[{"href":"https:\/\/ekkla.ch\/de\/wp-json\/wp\/v2\/product\/194679"}],"collection":[{"href":"https:\/\/ekkla.ch\/de\/wp-json\/wp\/v2\/product"}],"about":[{"href":"https:\/\/ekkla.ch\/de\/wp-json\/wp\/v2\/types\/product"}],"wp:featuredmedia":[{"embeddable":true,"href":"https:\/\/ekkla.ch\/de\/wp-json\/wp\/v2\/media\/193236"}],"wp:attachment":[{"href":"https:\/\/ekkla.ch\/de\/wp-json\/wp\/v2\/media?parent=194679"}],"wp:term":[{"taxonomy":"product_cat","embeddable":true,"href":"https:\/\/ekkla.ch\/de\/wp-json\/wp\/v2\/product_cat?post=194679"},{"taxonomy":"product_tag","embeddable":true,"href":"https:\/\/ekkla.ch\/de\/wp-json\/wp\/v2\/product_tag?post=194679"}],"curies":[{"name":"wp","href":"https:\/\/api.w.org\/{rel}","templated":true}]}}