{"id":194681,"date":"2024-05-17T00:23:24","date_gmt":"2024-05-16T22:23:24","guid":{"rendered":"https:\/\/ekkla.ch\/produit\/rangement-eve-noir-o40-ferm-living\/"},"modified":"2024-06-04T22:21:59","modified_gmt":"2024-06-04T20:21:59","slug":"eve-storage-schwarz-o40-ferm-living","status":"publish","type":"product","link":"https:\/\/ekkla.ch\/de\/produit\/eve-storage-schwarz-o40-ferm-living\/","title":{"rendered":"Eve Storage &#8211; Schwarz &#8211; \u00d840 &#8211; Ferm Living"},"content":{"rendered":"<p>Das Eve Storage zeichnet sich durch seine attraktive zylindrische Form und drei gro\u00dfe R\u00e4der aus strapazierf\u00e4higem pulverbeschichtetem Stahl aus. Mit drei Regalen, von denen zwei teilweise hinter einem eleganten Rahmen versteckt sind, bietet dieses vielseitige M\u00f6belst\u00fcck zahlreiche Nutzungsm\u00f6glichkeiten. Verwenden Sie es als praktischen Nachttisch, indem Sie eine Lampe auf das obere Regal stellen, als elegante Beistelltisch im Wohnzimmer oder als Aufbewahrungsort in Ihrem B\u00fcro. Dank seiner funktionalen R\u00e4der l\u00e4sst sich das Eve Storage m\u00fchelos von einem Raum zum anderen bewegen und erf\u00fcllt so all Ihre Aufbewahrungsbed\u00fcrfnisse.<\/p>\n<blockquote>\n<h2>Merkmale &amp; Eigenschaften<\/h2>\n<p style=\"font-weight: 400\"><strong>Marke<\/strong> Ferm Living<\/p>\n<p style=\"font-weight: 400\"><strong>Farben<\/strong> Schwarz<\/p>\n<p style=\"font-weight: 400\"><strong>Material<\/strong> Pulverbeschichteter Stahl<\/p>\n<p style=\"font-weight: 400\"><strong>Breite (cm) <\/strong>40<\/p>\n<p style=\"font-weight: 400\"><strong>H\u00f6he (cm) <\/strong>53<\/p>\n<p style=\"font-weight: 400\"><strong>Gewicht (kg)<\/strong> 5<\/p>\n<\/blockquote>\n<p style=\"font-weight: 400\">\n","protected":false},"excerpt":{"rendered":"<p>Das Eve Storage zeichnet sich durch seine attraktive zylindrische Form und drei gro\u00dfe R\u00e4der aus strapazierf\u00e4higem pulverbeschichtetem Stahl aus. Mit drei Regalen, von denen zwei teilweise hinter einem eleganten Rahmen versteckt sind, bietet dieses vielseitige M\u00f6belst\u00fcck zahlreiche Nutzungsm\u00f6glichkeiten. Verwenden Sie es als praktischen Nachttisch, indem Sie eine Lampe auf das obere Regal stellen, als elegante [&hellip;]<\/p>\n","protected":false},"featured_media":193323,"template":"","meta":{"_acf_changed":false,"om_disable_all_campaigns":false},"product_cat":[964,974],"product_tag":[1258,896,1188,1265,816],"bundled_by":[],"bundle_stock_status":"onbackorder","bundle_stock_quantity":null,"bundle_virtual":false,"bundle_layout":"","bundle_add_to_cart_form_location":"","bundle_editable_in_cart":false,"bundle_sold_individually_context":"","bundle_item_grouping":"","bundle_min_size":"","bundle_max_size":"","bundle_price":[],"bundled_items":[],"bundle_sell_ids":[],"acf":[],"yoast_head":"<!-- This site is optimized with the Yoast SEO Premium plugin v22.2 (Yoast SEO v22.8) - https:\/\/yoast.com\/wordpress\/plugins\/seo\/ -->\n<title>Eve Storage | Schwarz | \u00d840 | Ferm Living | Ekkla<\/title>\n<meta name=\"description\" content=\"Entdecken Sie den Eve Storage: Ein vielseitiges M\u00f6belst\u00fcck aus pulverbeschichtetem Stahl mit drei Regalen und drei gro\u00dfen R\u00e4dern.\" \/>\n<meta name=\"robots\" content=\"index, follow, max-snippet:-1, max-image-preview:large, max-video-preview:-1\" \/>\n<link rel=\"canonical\" href=\"https:\/\/ekkla.ch\/de\/produit\/eve-storage-schwarz-o40-ferm-living\/\" \/>\n<meta property=\"og:locale\" content=\"de_DE\" \/>\n<meta property=\"og:type\" content=\"article\" \/>\n<meta property=\"og:title\" content=\"Eve Storage - Schwarz - \u00d840 - Ferm Living\" \/>\n<meta property=\"og:description\" content=\"Entdecken Sie den Eve Storage: Ein vielseitiges M\u00f6belst\u00fcck aus pulverbeschichtetem Stahl mit drei Regalen und drei gro\u00dfen R\u00e4dern.\" \/>\n<meta property=\"og:url\" content=\"https:\/\/ekkla.ch\/de\/produit\/eve-storage-schwarz-o40-ferm-living\/\" \/>\n<meta property=\"og:site_name\" content=\"Ekkla\" \/>\n<meta property=\"article:modified_time\" content=\"2024-06-04T20:21:59+00:00\" \/>\n<meta property=\"og:image\" content=\"https:\/\/ekkla.ch\/wp-content\/uploads\/2024\/05\/ekkla-light-meubles-luminaires_0048_fermLIVING_SS23_EveStorage_1104266445_1.jpg\" \/>\n\t<meta property=\"og:image:width\" content=\"1000\" \/>\n\t<meta property=\"og:image:height\" content=\"1000\" \/>\n\t<meta property=\"og:image:type\" content=\"image\/jpeg\" \/>\n<meta name=\"twitter:card\" content=\"summary_large_image\" \/>\n<meta name=\"twitter:label1\" content=\"Gesch\u00e4tzte Lesezeit\" \/>\n\t<meta name=\"twitter:data1\" content=\"1\u00a0Minute\" \/>\n<script type=\"application\/ld+json\" class=\"yoast-schema-graph\">{\"@context\":\"https:\/\/schema.org\",\"@graph\":[{\"@type\":\"WebPage\",\"@id\":\"https:\/\/ekkla.ch\/de\/produit\/eve-storage-schwarz-o40-ferm-living\/\",\"url\":\"https:\/\/ekkla.ch\/de\/produit\/eve-storage-schwarz-o40-ferm-living\/\",\"name\":\"Eve Storage | Schwarz | \u00d840 | Ferm Living | Ekkla\",\"isPartOf\":{\"@id\":\"https:\/\/ekkla.ch\/#website\"},\"primaryImageOfPage\":{\"@id\":\"https:\/\/ekkla.ch\/de\/produit\/eve-storage-schwarz-o40-ferm-living\/#primaryimage\"},\"image\":{\"@id\":\"https:\/\/ekkla.ch\/de\/produit\/eve-storage-schwarz-o40-ferm-living\/#primaryimage\"},\"thumbnailUrl\":\"https:\/\/ekkla.ch\/wp-content\/uploads\/2024\/05\/ekkla-light-meubles-luminaires_0048_fermLIVING_SS23_EveStorage_1104266445_1.jpg\",\"datePublished\":\"2024-05-16T22:23:24+00:00\",\"dateModified\":\"2024-06-04T20:21:59+00:00\",\"description\":\"Entdecken Sie den Eve Storage: Ein vielseitiges M\u00f6belst\u00fcck aus pulverbeschichtetem Stahl mit drei Regalen und drei gro\u00dfen R\u00e4dern.\",\"breadcrumb\":{\"@id\":\"https:\/\/ekkla.ch\/de\/produit\/eve-storage-schwarz-o40-ferm-living\/#breadcrumb\"},\"inLanguage\":\"de\",\"potentialAction\":[{\"@type\":\"ReadAction\",\"target\":[\"https:\/\/ekkla.ch\/de\/produit\/eve-storage-schwarz-o40-ferm-living\/\"]}]},{\"@type\":\"ImageObject\",\"inLanguage\":\"de\",\"@id\":\"https:\/\/ekkla.ch\/de\/produit\/eve-storage-schwarz-o40-ferm-living\/#primaryimage\",\"url\":\"https:\/\/ekkla.ch\/wp-content\/uploads\/2024\/05\/ekkla-light-meubles-luminaires_0048_fermLIVING_SS23_EveStorage_1104266445_1.jpg\",\"contentUrl\":\"https:\/\/ekkla.ch\/wp-content\/uploads\/2024\/05\/ekkla-light-meubles-luminaires_0048_fermLIVING_SS23_EveStorage_1104266445_1.jpg\",\"width\":1000,\"height\":1000},{\"@type\":\"BreadcrumbList\",\"@id\":\"https:\/\/ekkla.ch\/de\/produit\/eve-storage-schwarz-o40-ferm-living\/#breadcrumb\",\"itemListElement\":[{\"@type\":\"ListItem\",\"position\":1,\"name\":\"Home\",\"item\":\"https:\/\/ekkla.ch\/de\/\"},{\"@type\":\"ListItem\",\"position\":2,\"name\":\"Shop\",\"item\":\"https:\/\/ekkla.ch\/de\/shop\/\"},{\"@type\":\"ListItem\",\"position\":3,\"name\":\"Eve Storage &#8211; Schwarz &#8211; \u00d840 &#8211; Ferm Living\"}]},{\"@type\":\"WebSite\",\"@id\":\"https:\/\/ekkla.ch\/#website\",\"url\":\"https:\/\/ekkla.ch\/\",\"name\":\"Ekkla\",\"description\":\"Der Onlineshop f\u00fcr Beleuchtung\",\"publisher\":{\"@id\":\"https:\/\/ekkla.ch\/#organization\"},\"potentialAction\":[{\"@type\":\"SearchAction\",\"target\":{\"@type\":\"EntryPoint\",\"urlTemplate\":\"https:\/\/ekkla.ch\/?s={search_term_string}\"},\"query-input\":\"required name=search_term_string\"}],\"inLanguage\":\"de\"},{\"@type\":\"Organization\",\"@id\":\"https:\/\/ekkla.ch\/#organization\",\"name\":\"Ekkla\",\"url\":\"https:\/\/ekkla.ch\/\",\"logo\":{\"@type\":\"ImageObject\",\"inLanguage\":\"de\",\"@id\":\"https:\/\/ekkla.ch\/#\/schema\/logo\/image\/\",\"url\":\"http:\/\/ekkla.ch\/wp-content\/uploads\/2019\/07\/logo-1.svg\",\"contentUrl\":\"http:\/\/ekkla.ch\/wp-content\/uploads\/2019\/07\/logo-1.svg\",\"width\":1,\"height\":1,\"caption\":\"Ekkla\"},\"image\":{\"@id\":\"https:\/\/ekkla.ch\/#\/schema\/logo\/image\/\"},\"sameAs\":[\"https:\/\/www.instagram.com\/ekkla_light\/\"]}]}<\/script>\n<!-- \/ Yoast SEO Premium plugin. -->","yoast_head_json":{"title":"Eve Storage | Schwarz | \u00d840 | Ferm Living | Ekkla","description":"Entdecken Sie den Eve Storage: Ein vielseitiges M\u00f6belst\u00fcck aus pulverbeschichtetem Stahl mit drei Regalen und drei gro\u00dfen R\u00e4dern.","robots":{"index":"index","follow":"follow","max-snippet":"max-snippet:-1","max-image-preview":"max-image-preview:large","max-video-preview":"max-video-preview:-1"},"canonical":"https:\/\/ekkla.ch\/de\/produit\/eve-storage-schwarz-o40-ferm-living\/","og_locale":"de_DE","og_type":"article","og_title":"Eve Storage - Schwarz - \u00d840 - Ferm Living","og_description":"Entdecken Sie den Eve Storage: Ein vielseitiges M\u00f6belst\u00fcck aus pulverbeschichtetem Stahl mit drei Regalen und drei gro\u00dfen R\u00e4dern.","og_url":"https:\/\/ekkla.ch\/de\/produit\/eve-storage-schwarz-o40-ferm-living\/","og_site_name":"Ekkla","article_modified_time":"2024-06-04T20:21:59+00:00","og_image":[{"width":1000,"height":1000,"url":"https:\/\/ekkla.ch\/wp-content\/uploads\/2024\/05\/ekkla-light-meubles-luminaires_0048_fermLIVING_SS23_EveStorage_1104266445_1.jpg","type":"image\/jpeg"}],"twitter_card":"summary_large_image","twitter_misc":{"Gesch\u00e4tzte Lesezeit":"1\u00a0Minute"},"schema":{"@context":"https:\/\/schema.org","@graph":[{"@type":"WebPage","@id":"https:\/\/ekkla.ch\/de\/produit\/eve-storage-schwarz-o40-ferm-living\/","url":"https:\/\/ekkla.ch\/de\/produit\/eve-storage-schwarz-o40-ferm-living\/","name":"Eve Storage | Schwarz | \u00d840 | Ferm Living | Ekkla","isPartOf":{"@id":"https:\/\/ekkla.ch\/#website"},"primaryImageOfPage":{"@id":"https:\/\/ekkla.ch\/de\/produit\/eve-storage-schwarz-o40-ferm-living\/#primaryimage"},"image":{"@id":"https:\/\/ekkla.ch\/de\/produit\/eve-storage-schwarz-o40-ferm-living\/#primaryimage"},"thumbnailUrl":"https:\/\/ekkla.ch\/wp-content\/uploads\/2024\/05\/ekkla-light-meubles-luminaires_0048_fermLIVING_SS23_EveStorage_1104266445_1.jpg","datePublished":"2024-05-16T22:23:24+00:00","dateModified":"2024-06-04T20:21:59+00:00","description":"Entdecken Sie den Eve Storage: Ein vielseitiges M\u00f6belst\u00fcck aus pulverbeschichtetem Stahl mit drei Regalen und drei gro\u00dfen R\u00e4dern.","breadcrumb":{"@id":"https:\/\/ekkla.ch\/de\/produit\/eve-storage-schwarz-o40-ferm-living\/#breadcrumb"},"inLanguage":"de","potentialAction":[{"@type":"ReadAction","target":["https:\/\/ekkla.ch\/de\/produit\/eve-storage-schwarz-o40-ferm-living\/"]}]},{"@type":"ImageObject","inLanguage":"de","@id":"https:\/\/ekkla.ch\/de\/produit\/eve-storage-schwarz-o40-ferm-living\/#primaryimage","url":"https:\/\/ekkla.ch\/wp-content\/uploads\/2024\/05\/ekkla-light-meubles-luminaires_0048_fermLIVING_SS23_EveStorage_1104266445_1.jpg","contentUrl":"https:\/\/ekkla.ch\/wp-content\/uploads\/2024\/05\/ekkla-light-meubles-luminaires_0048_fermLIVING_SS23_EveStorage_1104266445_1.jpg","width":1000,"height":1000},{"@type":"BreadcrumbList","@id":"https:\/\/ekkla.ch\/de\/produit\/eve-storage-schwarz-o40-ferm-living\/#breadcrumb","itemListElement":[{"@type":"ListItem","position":1,"name":"Home","item":"https:\/\/ekkla.ch\/de\/"},{"@type":"ListItem","position":2,"name":"Shop","item":"https:\/\/ekkla.ch\/de\/shop\/"},{"@type":"ListItem","position":3,"name":"Eve Storage &#8211; Schwarz &#8211; \u00d840 &#8211; Ferm Living"}]},{"@type":"WebSite","@id":"https:\/\/ekkla.ch\/#website","url":"https:\/\/ekkla.ch\/","name":"Ekkla","description":"Der Onlineshop f\u00fcr Beleuchtung","publisher":{"@id":"https:\/\/ekkla.ch\/#organization"},"potentialAction":[{"@type":"SearchAction","target":{"@type":"EntryPoint","urlTemplate":"https:\/\/ekkla.ch\/?s={search_term_string}"},"query-input":"required name=search_term_string"}],"inLanguage":"de"},{"@type":"Organization","@id":"https:\/\/ekkla.ch\/#organization","name":"Ekkla","url":"https:\/\/ekkla.ch\/","logo":{"@type":"ImageObject","inLanguage":"de","@id":"https:\/\/ekkla.ch\/#\/schema\/logo\/image\/","url":"http:\/\/ekkla.ch\/wp-content\/uploads\/2019\/07\/logo-1.svg","contentUrl":"http:\/\/ekkla.ch\/wp-content\/uploads\/2019\/07\/logo-1.svg","width":1,"height":1,"caption":"Ekkla"},"image":{"@id":"https:\/\/ekkla.ch\/#\/schema\/logo\/image\/"},"sameAs":["https:\/\/www.instagram.com\/ekkla_light\/"]}]}},"_links":{"self":[{"href":"https:\/\/ekkla.ch\/de\/wp-json\/wp\/v2\/product\/194681"}],"collection":[{"href":"https:\/\/ekkla.ch\/de\/wp-json\/wp\/v2\/product"}],"about":[{"href":"https:\/\/ekkla.ch\/de\/wp-json\/wp\/v2\/types\/product"}],"wp:featuredmedia":[{"embeddable":true,"href":"https:\/\/ekkla.ch\/de\/wp-json\/wp\/v2\/media\/193323"}],"wp:attachment":[{"href":"https:\/\/ekkla.ch\/de\/wp-json\/wp\/v2\/media?parent=194681"}],"wp:term":[{"taxonomy":"product_cat","embeddable":true,"href":"https:\/\/ekkla.ch\/de\/wp-json\/wp\/v2\/product_cat?post=194681"},{"taxonomy":"product_tag","embeddable":true,"href":"https:\/\/ekkla.ch\/de\/wp-json\/wp\/v2\/product_tag?post=194681"}],"curies":[{"name":"wp","href":"https:\/\/api.w.org\/{rel}","templated":true}]}}