{"id":194713,"date":"2024-05-16T20:43:15","date_gmt":"2024-05-16T18:43:15","guid":{"rendered":"https:\/\/ekkla.ch\/produit\/table-basse-cluster-set-de-3-noir-ferm-living\/"},"modified":"2024-06-05T15:25:33","modified_gmt":"2024-06-05T13:25:33","slug":"couchtisch-cluster-3er-set-schwarz-ferm-living","status":"publish","type":"product","link":"https:\/\/ekkla.ch\/de\/produit\/couchtisch-cluster-3er-set-schwarz-ferm-living\/","title":{"rendered":"Couchtisch Cluster &#8211; 3er-Set &#8211; Noir &#8211; Ferm Living"},"content":{"rendered":"<p>Die Verbindung aus klaren Linien und quadratischen Formen schafft einen auff\u00e4lligen Kontrast zwischen den filigranen Metallbeinen und den soliden Oberfl\u00e4chen, was ein minimalistisches und zeitloses Design verk\u00f6rpert. Sauber und elegant k\u00f6nnen diese drei Tische zusammen, in Gruppen oder einzeln in verschiedenen R\u00e4umen Ihres Zuhauses arrangiert werden. Hergestellt aus pulverbeschichtetem Metall bieten sie Leichtigkeit und Handhabbarkeit, sodass Sie mit den verschiedenen im Design integrierten Kombinationen spielen k\u00f6nnen.<\/p>\n<blockquote>\n<h2>Merkmale &amp; Eigenschaften<\/h2>\n<p style=\"font-weight: 400\"><strong>Marke<\/strong> Ferm Living<\/p>\n<p style=\"font-weight: 400\"><strong>Farben<\/strong> Schwarz<\/p>\n<p style=\"font-weight: 400\"><strong>Material<\/strong> Pulverbeschichtetes Eisen<\/p>\n<p style=\"font-weight: 400\"><strong>L\u00e4nge (cm) <\/strong>55<\/p>\n<p style=\"font-weight: 400\"><strong>Breite (cm) <\/strong>40<\/p>\n<p style=\"font-weight: 400\"><strong>H\u00f6he (cm) <\/strong>45<\/p>\n<p style=\"font-weight: 400\"><strong>Gewicht (kg)<\/strong> 18.9<\/p>\n<\/blockquote>\n<p>&nbsp;<\/p>\n","protected":false},"excerpt":{"rendered":"<p>Die Verbindung aus klaren Linien und quadratischen Formen schafft einen auff\u00e4lligen Kontrast zwischen den filigranen Metallbeinen und den soliden Oberfl\u00e4chen, was ein minimalistisches und zeitloses Design verk\u00f6rpert. Sauber und elegant k\u00f6nnen diese drei Tische zusammen, in Gruppen oder einzeln in verschiedenen R\u00e4umen Ihres Zuhauses arrangiert werden. Hergestellt aus pulverbeschichtetem Metall bieten sie Leichtigkeit und Handhabbarkeit, [&hellip;]<\/p>\n","protected":false},"featured_media":193147,"template":"","meta":{"_acf_changed":false,"om_disable_all_campaigns":false},"product_cat":[964,979],"product_tag":[1258,896,1188,1265,816],"bundled_by":[],"bundle_stock_status":"onbackorder","bundle_stock_quantity":null,"bundle_virtual":false,"bundle_layout":"","bundle_add_to_cart_form_location":"","bundle_editable_in_cart":false,"bundle_sold_individually_context":"","bundle_item_grouping":"","bundle_min_size":"","bundle_max_size":"","bundle_price":[],"bundled_items":[],"bundle_sell_ids":[],"acf":[],"yoast_head":"<!-- This site is optimized with the Yoast SEO Premium plugin v22.2 (Yoast SEO v22.8) - https:\/\/yoast.com\/wordpress\/plugins\/seo\/ -->\n<title>Couchtisch Cluster | 3er-Set | Schwarz | Ferm Living | Ella<\/title>\n<meta name=\"description\" content=\"Couchtisch Cluster: Entdecken Sie unsere eleganten Tische mit klaren Linien und quadratischen Formen, die filigranes Metall und solide Oberfl\u00e4chen vereinen.\" \/>\n<meta name=\"robots\" content=\"index, follow, max-snippet:-1, max-image-preview:large, max-video-preview:-1\" \/>\n<link rel=\"canonical\" href=\"https:\/\/ekkla.ch\/de\/produit\/couchtisch-cluster-3er-set-schwarz-ferm-living\/\" \/>\n<meta property=\"og:locale\" content=\"de_DE\" \/>\n<meta property=\"og:type\" content=\"article\" \/>\n<meta property=\"og:title\" content=\"Couchtisch Cluster - 3er-Set - Noir - Ferm Living\" \/>\n<meta property=\"og:description\" content=\"Couchtisch Cluster: Entdecken Sie unsere eleganten Tische mit klaren Linien und quadratischen Formen, die filigranes Metall und solide Oberfl\u00e4chen vereinen.\" \/>\n<meta property=\"og:url\" content=\"https:\/\/ekkla.ch\/de\/produit\/couchtisch-cluster-3er-set-schwarz-ferm-living\/\" \/>\n<meta property=\"og:site_name\" content=\"Ekkla\" \/>\n<meta property=\"article:modified_time\" content=\"2024-06-05T13:25:33+00:00\" \/>\n<meta property=\"og:image\" content=\"https:\/\/ekkla.ch\/wp-content\/uploads\/2024\/05\/ekkla-light-meubles-luminaires_0098_fermLIVING_AW15_ClusterTables_3213_1.jpg\" \/>\n\t<meta property=\"og:image:width\" content=\"1000\" \/>\n\t<meta property=\"og:image:height\" content=\"1000\" \/>\n\t<meta property=\"og:image:type\" content=\"image\/jpeg\" \/>\n<meta name=\"twitter:card\" content=\"summary_large_image\" \/>\n<meta name=\"twitter:label1\" content=\"Gesch\u00e4tzte Lesezeit\" \/>\n\t<meta name=\"twitter:data1\" content=\"1\u00a0Minute\" \/>\n<script type=\"application\/ld+json\" class=\"yoast-schema-graph\">{\"@context\":\"https:\/\/schema.org\",\"@graph\":[{\"@type\":\"WebPage\",\"@id\":\"https:\/\/ekkla.ch\/de\/produit\/couchtisch-cluster-3er-set-schwarz-ferm-living\/\",\"url\":\"https:\/\/ekkla.ch\/de\/produit\/couchtisch-cluster-3er-set-schwarz-ferm-living\/\",\"name\":\"Couchtisch Cluster | 3er-Set | Schwarz | Ferm Living | Ella\",\"isPartOf\":{\"@id\":\"https:\/\/ekkla.ch\/#website\"},\"primaryImageOfPage\":{\"@id\":\"https:\/\/ekkla.ch\/de\/produit\/couchtisch-cluster-3er-set-schwarz-ferm-living\/#primaryimage\"},\"image\":{\"@id\":\"https:\/\/ekkla.ch\/de\/produit\/couchtisch-cluster-3er-set-schwarz-ferm-living\/#primaryimage\"},\"thumbnailUrl\":\"https:\/\/ekkla.ch\/wp-content\/uploads\/2024\/05\/ekkla-light-meubles-luminaires_0098_fermLIVING_AW15_ClusterTables_3213_1.jpg\",\"datePublished\":\"2024-05-16T18:43:15+00:00\",\"dateModified\":\"2024-06-05T13:25:33+00:00\",\"description\":\"Couchtisch Cluster: Entdecken Sie unsere eleganten Tische mit klaren Linien und quadratischen Formen, die filigranes Metall und solide Oberfl\u00e4chen vereinen.\",\"breadcrumb\":{\"@id\":\"https:\/\/ekkla.ch\/de\/produit\/couchtisch-cluster-3er-set-schwarz-ferm-living\/#breadcrumb\"},\"inLanguage\":\"de\",\"potentialAction\":[{\"@type\":\"ReadAction\",\"target\":[\"https:\/\/ekkla.ch\/de\/produit\/couchtisch-cluster-3er-set-schwarz-ferm-living\/\"]}]},{\"@type\":\"ImageObject\",\"inLanguage\":\"de\",\"@id\":\"https:\/\/ekkla.ch\/de\/produit\/couchtisch-cluster-3er-set-schwarz-ferm-living\/#primaryimage\",\"url\":\"https:\/\/ekkla.ch\/wp-content\/uploads\/2024\/05\/ekkla-light-meubles-luminaires_0098_fermLIVING_AW15_ClusterTables_3213_1.jpg\",\"contentUrl\":\"https:\/\/ekkla.ch\/wp-content\/uploads\/2024\/05\/ekkla-light-meubles-luminaires_0098_fermLIVING_AW15_ClusterTables_3213_1.jpg\",\"width\":1000,\"height\":1000},{\"@type\":\"BreadcrumbList\",\"@id\":\"https:\/\/ekkla.ch\/de\/produit\/couchtisch-cluster-3er-set-schwarz-ferm-living\/#breadcrumb\",\"itemListElement\":[{\"@type\":\"ListItem\",\"position\":1,\"name\":\"Home\",\"item\":\"https:\/\/ekkla.ch\/de\/\"},{\"@type\":\"ListItem\",\"position\":2,\"name\":\"Shop\",\"item\":\"https:\/\/ekkla.ch\/de\/shop\/\"},{\"@type\":\"ListItem\",\"position\":3,\"name\":\"Couchtisch Cluster &#8211; 3er-Set &#8211; Noir &#8211; Ferm Living\"}]},{\"@type\":\"WebSite\",\"@id\":\"https:\/\/ekkla.ch\/#website\",\"url\":\"https:\/\/ekkla.ch\/\",\"name\":\"Ekkla\",\"description\":\"Der Onlineshop f\u00fcr Beleuchtung\",\"publisher\":{\"@id\":\"https:\/\/ekkla.ch\/#organization\"},\"potentialAction\":[{\"@type\":\"SearchAction\",\"target\":{\"@type\":\"EntryPoint\",\"urlTemplate\":\"https:\/\/ekkla.ch\/?s={search_term_string}\"},\"query-input\":\"required name=search_term_string\"}],\"inLanguage\":\"de\"},{\"@type\":\"Organization\",\"@id\":\"https:\/\/ekkla.ch\/#organization\",\"name\":\"Ekkla\",\"url\":\"https:\/\/ekkla.ch\/\",\"logo\":{\"@type\":\"ImageObject\",\"inLanguage\":\"de\",\"@id\":\"https:\/\/ekkla.ch\/#\/schema\/logo\/image\/\",\"url\":\"http:\/\/ekkla.ch\/wp-content\/uploads\/2019\/07\/logo-1.svg\",\"contentUrl\":\"http:\/\/ekkla.ch\/wp-content\/uploads\/2019\/07\/logo-1.svg\",\"width\":1,\"height\":1,\"caption\":\"Ekkla\"},\"image\":{\"@id\":\"https:\/\/ekkla.ch\/#\/schema\/logo\/image\/\"},\"sameAs\":[\"https:\/\/www.instagram.com\/ekkla_light\/\"]}]}<\/script>\n<!-- \/ Yoast SEO Premium plugin. -->","yoast_head_json":{"title":"Couchtisch Cluster | 3er-Set | Schwarz | Ferm Living | Ella","description":"Couchtisch Cluster: Entdecken Sie unsere eleganten Tische mit klaren Linien und quadratischen Formen, die filigranes Metall und solide Oberfl\u00e4chen vereinen.","robots":{"index":"index","follow":"follow","max-snippet":"max-snippet:-1","max-image-preview":"max-image-preview:large","max-video-preview":"max-video-preview:-1"},"canonical":"https:\/\/ekkla.ch\/de\/produit\/couchtisch-cluster-3er-set-schwarz-ferm-living\/","og_locale":"de_DE","og_type":"article","og_title":"Couchtisch Cluster - 3er-Set - Noir - Ferm Living","og_description":"Couchtisch Cluster: Entdecken Sie unsere eleganten Tische mit klaren Linien und quadratischen Formen, die filigranes Metall und solide Oberfl\u00e4chen vereinen.","og_url":"https:\/\/ekkla.ch\/de\/produit\/couchtisch-cluster-3er-set-schwarz-ferm-living\/","og_site_name":"Ekkla","article_modified_time":"2024-06-05T13:25:33+00:00","og_image":[{"width":1000,"height":1000,"url":"https:\/\/ekkla.ch\/wp-content\/uploads\/2024\/05\/ekkla-light-meubles-luminaires_0098_fermLIVING_AW15_ClusterTables_3213_1.jpg","type":"image\/jpeg"}],"twitter_card":"summary_large_image","twitter_misc":{"Gesch\u00e4tzte Lesezeit":"1\u00a0Minute"},"schema":{"@context":"https:\/\/schema.org","@graph":[{"@type":"WebPage","@id":"https:\/\/ekkla.ch\/de\/produit\/couchtisch-cluster-3er-set-schwarz-ferm-living\/","url":"https:\/\/ekkla.ch\/de\/produit\/couchtisch-cluster-3er-set-schwarz-ferm-living\/","name":"Couchtisch Cluster | 3er-Set | Schwarz | Ferm Living | Ella","isPartOf":{"@id":"https:\/\/ekkla.ch\/#website"},"primaryImageOfPage":{"@id":"https:\/\/ekkla.ch\/de\/produit\/couchtisch-cluster-3er-set-schwarz-ferm-living\/#primaryimage"},"image":{"@id":"https:\/\/ekkla.ch\/de\/produit\/couchtisch-cluster-3er-set-schwarz-ferm-living\/#primaryimage"},"thumbnailUrl":"https:\/\/ekkla.ch\/wp-content\/uploads\/2024\/05\/ekkla-light-meubles-luminaires_0098_fermLIVING_AW15_ClusterTables_3213_1.jpg","datePublished":"2024-05-16T18:43:15+00:00","dateModified":"2024-06-05T13:25:33+00:00","description":"Couchtisch Cluster: Entdecken Sie unsere eleganten Tische mit klaren Linien und quadratischen Formen, die filigranes Metall und solide Oberfl\u00e4chen vereinen.","breadcrumb":{"@id":"https:\/\/ekkla.ch\/de\/produit\/couchtisch-cluster-3er-set-schwarz-ferm-living\/#breadcrumb"},"inLanguage":"de","potentialAction":[{"@type":"ReadAction","target":["https:\/\/ekkla.ch\/de\/produit\/couchtisch-cluster-3er-set-schwarz-ferm-living\/"]}]},{"@type":"ImageObject","inLanguage":"de","@id":"https:\/\/ekkla.ch\/de\/produit\/couchtisch-cluster-3er-set-schwarz-ferm-living\/#primaryimage","url":"https:\/\/ekkla.ch\/wp-content\/uploads\/2024\/05\/ekkla-light-meubles-luminaires_0098_fermLIVING_AW15_ClusterTables_3213_1.jpg","contentUrl":"https:\/\/ekkla.ch\/wp-content\/uploads\/2024\/05\/ekkla-light-meubles-luminaires_0098_fermLIVING_AW15_ClusterTables_3213_1.jpg","width":1000,"height":1000},{"@type":"BreadcrumbList","@id":"https:\/\/ekkla.ch\/de\/produit\/couchtisch-cluster-3er-set-schwarz-ferm-living\/#breadcrumb","itemListElement":[{"@type":"ListItem","position":1,"name":"Home","item":"https:\/\/ekkla.ch\/de\/"},{"@type":"ListItem","position":2,"name":"Shop","item":"https:\/\/ekkla.ch\/de\/shop\/"},{"@type":"ListItem","position":3,"name":"Couchtisch Cluster &#8211; 3er-Set &#8211; Noir &#8211; Ferm Living"}]},{"@type":"WebSite","@id":"https:\/\/ekkla.ch\/#website","url":"https:\/\/ekkla.ch\/","name":"Ekkla","description":"Der Onlineshop f\u00fcr Beleuchtung","publisher":{"@id":"https:\/\/ekkla.ch\/#organization"},"potentialAction":[{"@type":"SearchAction","target":{"@type":"EntryPoint","urlTemplate":"https:\/\/ekkla.ch\/?s={search_term_string}"},"query-input":"required name=search_term_string"}],"inLanguage":"de"},{"@type":"Organization","@id":"https:\/\/ekkla.ch\/#organization","name":"Ekkla","url":"https:\/\/ekkla.ch\/","logo":{"@type":"ImageObject","inLanguage":"de","@id":"https:\/\/ekkla.ch\/#\/schema\/logo\/image\/","url":"http:\/\/ekkla.ch\/wp-content\/uploads\/2019\/07\/logo-1.svg","contentUrl":"http:\/\/ekkla.ch\/wp-content\/uploads\/2019\/07\/logo-1.svg","width":1,"height":1,"caption":"Ekkla"},"image":{"@id":"https:\/\/ekkla.ch\/#\/schema\/logo\/image\/"},"sameAs":["https:\/\/www.instagram.com\/ekkla_light\/"]}]}},"_links":{"self":[{"href":"https:\/\/ekkla.ch\/de\/wp-json\/wp\/v2\/product\/194713"}],"collection":[{"href":"https:\/\/ekkla.ch\/de\/wp-json\/wp\/v2\/product"}],"about":[{"href":"https:\/\/ekkla.ch\/de\/wp-json\/wp\/v2\/types\/product"}],"wp:featuredmedia":[{"embeddable":true,"href":"https:\/\/ekkla.ch\/de\/wp-json\/wp\/v2\/media\/193147"}],"wp:attachment":[{"href":"https:\/\/ekkla.ch\/de\/wp-json\/wp\/v2\/media?parent=194713"}],"wp:term":[{"taxonomy":"product_cat","embeddable":true,"href":"https:\/\/ekkla.ch\/de\/wp-json\/wp\/v2\/product_cat?post=194713"},{"taxonomy":"product_tag","embeddable":true,"href":"https:\/\/ekkla.ch\/de\/wp-json\/wp\/v2\/product_tag?post=194713"}],"curies":[{"name":"wp","href":"https:\/\/api.w.org\/{rel}","templated":true}]}}