{"id":194715,"date":"2024-05-16T20:14:30","date_gmt":"2024-05-16T18:14:30","guid":{"rendered":"https:\/\/ekkla.ch\/produit\/table-basse-distinct-travertine-brun-fonce-ferm-living\/"},"modified":"2024-06-05T15:37:46","modified_gmt":"2024-06-05T13:37:46","slug":"couchtisch-distinct-dunkelbrauner-travertin-ferm-living","status":"publish","type":"product","link":"https:\/\/ekkla.ch\/de\/produit\/couchtisch-distinct-dunkelbrauner-travertin-ferm-living\/","title":{"rendered":"Couchtisch Distinct &#8211; Dunkelbrauner Travertin &#8211; Ferm Living"},"content":{"rendered":"<p>Inspiriert vom \u00e4sthetischen Minimalismus Japans, erforscht der Couchtisch Distinct die Schaffung komplexer Strukturen aus einem einzigen Element. Seine minimalistische Konstruktion bildet einen auff\u00e4lligen Kontrast zu den reichen erdigen Texturen des Travertins. Mit den nat\u00fcrlichen und vielf\u00e4ltigen Qualit\u00e4ten des sandfarbenen Kalksteins bietet er Authentizit\u00e4t und Greifbarkeit, die den architektonischen Charakter dieses M\u00f6belst\u00fccks hervorheben.<\/p>\n<blockquote>\n<h2>Merkmale &amp; Eigenschaften<\/h2>\n<p style=\"font-weight: 400\"><strong>Marke<\/strong> Ferm Living<\/p>\n<p style=\"font-weight: 400\"><strong>Farben<\/strong> Dunkelbraun<\/p>\n<p style=\"font-weight: 400\"><strong>Material<\/strong>\u00a0Travertin<\/p>\n<p style=\"font-weight: 400\"><strong>L\u00e4nge (cm)\u00a0<\/strong>100<\/p>\n<p style=\"font-weight: 400\"><strong>Breite (cm)\u00a0<\/strong>55<\/p>\n<p style=\"font-weight: 400\"><strong>H\u00f6he (cm)\u00a0<\/strong>35<\/p>\n<p style=\"font-weight: 400\"><strong>Gewicht (kg) <\/strong>50<\/p>\n<\/blockquote>\n","protected":false},"excerpt":{"rendered":"<p>Inspiriert vom \u00e4sthetischen Minimalismus Japans, erforscht der Couchtisch Distinct die Schaffung komplexer Strukturen aus einem einzigen Element. Seine minimalistische Konstruktion bildet einen auff\u00e4lligen Kontrast zu den reichen erdigen Texturen des Travertins. Mit den nat\u00fcrlichen und vielf\u00e4ltigen Qualit\u00e4ten des sandfarbenen Kalksteins bietet er Authentizit\u00e4t und Greifbarkeit, die den architektonischen Charakter dieses M\u00f6belst\u00fccks hervorheben. Merkmale &amp; Eigenschaften [&hellip;]<\/p>\n","protected":false},"featured_media":193135,"template":"","meta":{"_acf_changed":false,"om_disable_all_campaigns":false},"product_cat":[964,979],"product_tag":[1258,896,1188,1265,816],"bundled_by":[],"bundle_stock_status":"onbackorder","bundle_stock_quantity":null,"bundle_virtual":false,"bundle_layout":"","bundle_add_to_cart_form_location":"","bundle_editable_in_cart":false,"bundle_sold_individually_context":"","bundle_item_grouping":"","bundle_min_size":"","bundle_max_size":"","bundle_price":[],"bundled_items":[],"bundle_sell_ids":[],"acf":[],"yoast_head":"<!-- This site is optimized with the Yoast SEO Premium plugin v22.2 (Yoast SEO v22.8) - https:\/\/yoast.com\/wordpress\/plugins\/seo\/ -->\n<title>Couchtisch Distinct | Dunkelbrauner Travertin | Ferm Living | Ella<\/title>\n<meta name=\"description\" content=\"Entdecken Sie den Couchtisch Distinct: Eine einzigartige architektonische Note, die japanischen Minimalismus und die Sch\u00f6nheit des Travertins vereint.\" \/>\n<meta name=\"robots\" content=\"index, follow, max-snippet:-1, max-image-preview:large, max-video-preview:-1\" \/>\n<link rel=\"canonical\" href=\"https:\/\/ekkla.ch\/de\/produit\/couchtisch-distinct-dunkelbrauner-travertin-ferm-living\/\" \/>\n<meta property=\"og:locale\" content=\"de_DE\" \/>\n<meta property=\"og:type\" content=\"article\" \/>\n<meta property=\"og:title\" content=\"Couchtisch Distinct - Dunkelbrauner Travertin - Ferm Living\" \/>\n<meta property=\"og:description\" content=\"Entdecken Sie den Couchtisch Distinct: Eine einzigartige architektonische Note, die japanischen Minimalismus und die Sch\u00f6nheit des Travertins vereint.\" \/>\n<meta property=\"og:url\" content=\"https:\/\/ekkla.ch\/de\/produit\/couchtisch-distinct-dunkelbrauner-travertin-ferm-living\/\" \/>\n<meta property=\"og:site_name\" content=\"Ekkla\" \/>\n<meta property=\"article:modified_time\" content=\"2024-06-05T13:37:46+00:00\" \/>\n<meta property=\"og:image\" content=\"https:\/\/ekkla.ch\/wp-content\/uploads\/2024\/05\/ekkla-light-meubles-luminaires_0049_fermLIVING_SS23_DistinctCoffeeTable_1104267696_1.jpg\" \/>\n\t<meta property=\"og:image:width\" content=\"1000\" \/>\n\t<meta property=\"og:image:height\" content=\"1000\" \/>\n\t<meta property=\"og:image:type\" content=\"image\/jpeg\" \/>\n<meta name=\"twitter:card\" content=\"summary_large_image\" \/>\n<meta name=\"twitter:label1\" content=\"Gesch\u00e4tzte Lesezeit\" \/>\n\t<meta name=\"twitter:data1\" content=\"1\u00a0Minute\" \/>\n<script type=\"application\/ld+json\" class=\"yoast-schema-graph\">{\"@context\":\"https:\/\/schema.org\",\"@graph\":[{\"@type\":\"WebPage\",\"@id\":\"https:\/\/ekkla.ch\/de\/produit\/couchtisch-distinct-dunkelbrauner-travertin-ferm-living\/\",\"url\":\"https:\/\/ekkla.ch\/de\/produit\/couchtisch-distinct-dunkelbrauner-travertin-ferm-living\/\",\"name\":\"Couchtisch Distinct | Dunkelbrauner Travertin | Ferm Living | Ella\",\"isPartOf\":{\"@id\":\"https:\/\/ekkla.ch\/#website\"},\"primaryImageOfPage\":{\"@id\":\"https:\/\/ekkla.ch\/de\/produit\/couchtisch-distinct-dunkelbrauner-travertin-ferm-living\/#primaryimage\"},\"image\":{\"@id\":\"https:\/\/ekkla.ch\/de\/produit\/couchtisch-distinct-dunkelbrauner-travertin-ferm-living\/#primaryimage\"},\"thumbnailUrl\":\"https:\/\/ekkla.ch\/wp-content\/uploads\/2024\/05\/ekkla-light-meubles-luminaires_0049_fermLIVING_SS23_DistinctCoffeeTable_1104267696_1.jpg\",\"datePublished\":\"2024-05-16T18:14:30+00:00\",\"dateModified\":\"2024-06-05T13:37:46+00:00\",\"description\":\"Entdecken Sie den Couchtisch Distinct: Eine einzigartige architektonische Note, die japanischen Minimalismus und die Sch\u00f6nheit des Travertins vereint.\",\"breadcrumb\":{\"@id\":\"https:\/\/ekkla.ch\/de\/produit\/couchtisch-distinct-dunkelbrauner-travertin-ferm-living\/#breadcrumb\"},\"inLanguage\":\"de\",\"potentialAction\":[{\"@type\":\"ReadAction\",\"target\":[\"https:\/\/ekkla.ch\/de\/produit\/couchtisch-distinct-dunkelbrauner-travertin-ferm-living\/\"]}]},{\"@type\":\"ImageObject\",\"inLanguage\":\"de\",\"@id\":\"https:\/\/ekkla.ch\/de\/produit\/couchtisch-distinct-dunkelbrauner-travertin-ferm-living\/#primaryimage\",\"url\":\"https:\/\/ekkla.ch\/wp-content\/uploads\/2024\/05\/ekkla-light-meubles-luminaires_0049_fermLIVING_SS23_DistinctCoffeeTable_1104267696_1.jpg\",\"contentUrl\":\"https:\/\/ekkla.ch\/wp-content\/uploads\/2024\/05\/ekkla-light-meubles-luminaires_0049_fermLIVING_SS23_DistinctCoffeeTable_1104267696_1.jpg\",\"width\":1000,\"height\":1000},{\"@type\":\"BreadcrumbList\",\"@id\":\"https:\/\/ekkla.ch\/de\/produit\/couchtisch-distinct-dunkelbrauner-travertin-ferm-living\/#breadcrumb\",\"itemListElement\":[{\"@type\":\"ListItem\",\"position\":1,\"name\":\"Home\",\"item\":\"https:\/\/ekkla.ch\/de\/\"},{\"@type\":\"ListItem\",\"position\":2,\"name\":\"Shop\",\"item\":\"https:\/\/ekkla.ch\/de\/shop\/\"},{\"@type\":\"ListItem\",\"position\":3,\"name\":\"Couchtisch Distinct &#8211; Dunkelbrauner Travertin &#8211; Ferm Living\"}]},{\"@type\":\"WebSite\",\"@id\":\"https:\/\/ekkla.ch\/#website\",\"url\":\"https:\/\/ekkla.ch\/\",\"name\":\"Ekkla\",\"description\":\"Der Onlineshop f\u00fcr Beleuchtung\",\"publisher\":{\"@id\":\"https:\/\/ekkla.ch\/#organization\"},\"potentialAction\":[{\"@type\":\"SearchAction\",\"target\":{\"@type\":\"EntryPoint\",\"urlTemplate\":\"https:\/\/ekkla.ch\/?s={search_term_string}\"},\"query-input\":\"required name=search_term_string\"}],\"inLanguage\":\"de\"},{\"@type\":\"Organization\",\"@id\":\"https:\/\/ekkla.ch\/#organization\",\"name\":\"Ekkla\",\"url\":\"https:\/\/ekkla.ch\/\",\"logo\":{\"@type\":\"ImageObject\",\"inLanguage\":\"de\",\"@id\":\"https:\/\/ekkla.ch\/#\/schema\/logo\/image\/\",\"url\":\"http:\/\/ekkla.ch\/wp-content\/uploads\/2019\/07\/logo-1.svg\",\"contentUrl\":\"http:\/\/ekkla.ch\/wp-content\/uploads\/2019\/07\/logo-1.svg\",\"width\":1,\"height\":1,\"caption\":\"Ekkla\"},\"image\":{\"@id\":\"https:\/\/ekkla.ch\/#\/schema\/logo\/image\/\"},\"sameAs\":[\"https:\/\/www.instagram.com\/ekkla_light\/\"]}]}<\/script>\n<!-- \/ Yoast SEO Premium plugin. -->","yoast_head_json":{"title":"Couchtisch Distinct | Dunkelbrauner Travertin | Ferm Living | Ella","description":"Entdecken Sie den Couchtisch Distinct: Eine einzigartige architektonische Note, die japanischen Minimalismus und die Sch\u00f6nheit des Travertins vereint.","robots":{"index":"index","follow":"follow","max-snippet":"max-snippet:-1","max-image-preview":"max-image-preview:large","max-video-preview":"max-video-preview:-1"},"canonical":"https:\/\/ekkla.ch\/de\/produit\/couchtisch-distinct-dunkelbrauner-travertin-ferm-living\/","og_locale":"de_DE","og_type":"article","og_title":"Couchtisch Distinct - Dunkelbrauner Travertin - Ferm Living","og_description":"Entdecken Sie den Couchtisch Distinct: Eine einzigartige architektonische Note, die japanischen Minimalismus und die Sch\u00f6nheit des Travertins vereint.","og_url":"https:\/\/ekkla.ch\/de\/produit\/couchtisch-distinct-dunkelbrauner-travertin-ferm-living\/","og_site_name":"Ekkla","article_modified_time":"2024-06-05T13:37:46+00:00","og_image":[{"width":1000,"height":1000,"url":"https:\/\/ekkla.ch\/wp-content\/uploads\/2024\/05\/ekkla-light-meubles-luminaires_0049_fermLIVING_SS23_DistinctCoffeeTable_1104267696_1.jpg","type":"image\/jpeg"}],"twitter_card":"summary_large_image","twitter_misc":{"Gesch\u00e4tzte Lesezeit":"1\u00a0Minute"},"schema":{"@context":"https:\/\/schema.org","@graph":[{"@type":"WebPage","@id":"https:\/\/ekkla.ch\/de\/produit\/couchtisch-distinct-dunkelbrauner-travertin-ferm-living\/","url":"https:\/\/ekkla.ch\/de\/produit\/couchtisch-distinct-dunkelbrauner-travertin-ferm-living\/","name":"Couchtisch Distinct | Dunkelbrauner Travertin | Ferm Living | Ella","isPartOf":{"@id":"https:\/\/ekkla.ch\/#website"},"primaryImageOfPage":{"@id":"https:\/\/ekkla.ch\/de\/produit\/couchtisch-distinct-dunkelbrauner-travertin-ferm-living\/#primaryimage"},"image":{"@id":"https:\/\/ekkla.ch\/de\/produit\/couchtisch-distinct-dunkelbrauner-travertin-ferm-living\/#primaryimage"},"thumbnailUrl":"https:\/\/ekkla.ch\/wp-content\/uploads\/2024\/05\/ekkla-light-meubles-luminaires_0049_fermLIVING_SS23_DistinctCoffeeTable_1104267696_1.jpg","datePublished":"2024-05-16T18:14:30+00:00","dateModified":"2024-06-05T13:37:46+00:00","description":"Entdecken Sie den Couchtisch Distinct: Eine einzigartige architektonische Note, die japanischen Minimalismus und die Sch\u00f6nheit des Travertins vereint.","breadcrumb":{"@id":"https:\/\/ekkla.ch\/de\/produit\/couchtisch-distinct-dunkelbrauner-travertin-ferm-living\/#breadcrumb"},"inLanguage":"de","potentialAction":[{"@type":"ReadAction","target":["https:\/\/ekkla.ch\/de\/produit\/couchtisch-distinct-dunkelbrauner-travertin-ferm-living\/"]}]},{"@type":"ImageObject","inLanguage":"de","@id":"https:\/\/ekkla.ch\/de\/produit\/couchtisch-distinct-dunkelbrauner-travertin-ferm-living\/#primaryimage","url":"https:\/\/ekkla.ch\/wp-content\/uploads\/2024\/05\/ekkla-light-meubles-luminaires_0049_fermLIVING_SS23_DistinctCoffeeTable_1104267696_1.jpg","contentUrl":"https:\/\/ekkla.ch\/wp-content\/uploads\/2024\/05\/ekkla-light-meubles-luminaires_0049_fermLIVING_SS23_DistinctCoffeeTable_1104267696_1.jpg","width":1000,"height":1000},{"@type":"BreadcrumbList","@id":"https:\/\/ekkla.ch\/de\/produit\/couchtisch-distinct-dunkelbrauner-travertin-ferm-living\/#breadcrumb","itemListElement":[{"@type":"ListItem","position":1,"name":"Home","item":"https:\/\/ekkla.ch\/de\/"},{"@type":"ListItem","position":2,"name":"Shop","item":"https:\/\/ekkla.ch\/de\/shop\/"},{"@type":"ListItem","position":3,"name":"Couchtisch Distinct &#8211; Dunkelbrauner Travertin &#8211; Ferm Living"}]},{"@type":"WebSite","@id":"https:\/\/ekkla.ch\/#website","url":"https:\/\/ekkla.ch\/","name":"Ekkla","description":"Der Onlineshop f\u00fcr Beleuchtung","publisher":{"@id":"https:\/\/ekkla.ch\/#organization"},"potentialAction":[{"@type":"SearchAction","target":{"@type":"EntryPoint","urlTemplate":"https:\/\/ekkla.ch\/?s={search_term_string}"},"query-input":"required name=search_term_string"}],"inLanguage":"de"},{"@type":"Organization","@id":"https:\/\/ekkla.ch\/#organization","name":"Ekkla","url":"https:\/\/ekkla.ch\/","logo":{"@type":"ImageObject","inLanguage":"de","@id":"https:\/\/ekkla.ch\/#\/schema\/logo\/image\/","url":"http:\/\/ekkla.ch\/wp-content\/uploads\/2019\/07\/logo-1.svg","contentUrl":"http:\/\/ekkla.ch\/wp-content\/uploads\/2019\/07\/logo-1.svg","width":1,"height":1,"caption":"Ekkla"},"image":{"@id":"https:\/\/ekkla.ch\/#\/schema\/logo\/image\/"},"sameAs":["https:\/\/www.instagram.com\/ekkla_light\/"]}]}},"_links":{"self":[{"href":"https:\/\/ekkla.ch\/de\/wp-json\/wp\/v2\/product\/194715"}],"collection":[{"href":"https:\/\/ekkla.ch\/de\/wp-json\/wp\/v2\/product"}],"about":[{"href":"https:\/\/ekkla.ch\/de\/wp-json\/wp\/v2\/types\/product"}],"wp:featuredmedia":[{"embeddable":true,"href":"https:\/\/ekkla.ch\/de\/wp-json\/wp\/v2\/media\/193135"}],"wp:attachment":[{"href":"https:\/\/ekkla.ch\/de\/wp-json\/wp\/v2\/media?parent=194715"}],"wp:term":[{"taxonomy":"product_cat","embeddable":true,"href":"https:\/\/ekkla.ch\/de\/wp-json\/wp\/v2\/product_cat?post=194715"},{"taxonomy":"product_tag","embeddable":true,"href":"https:\/\/ekkla.ch\/de\/wp-json\/wp\/v2\/product_tag?post=194715"}],"curies":[{"name":"wp","href":"https:\/\/api.w.org\/{rel}","templated":true}]}}