{"id":194732,"date":"2024-05-14T22:26:43","date_gmt":"2024-05-14T20:26:43","guid":{"rendered":"https:\/\/ekkla.ch\/produit\/table-pond-cachemire-o88-ferm-living\/"},"modified":"2024-06-05T17:39:12","modified_gmt":"2024-06-05T15:39:12","slug":"tisch-pond-cashmere-o88-ferm-living","status":"publish","type":"product","link":"https:\/\/ekkla.ch\/de\/produit\/tisch-pond-cashmere-o88-ferm-living\/","title":{"rendered":"Tisch Pond &#8211; Cashmere &#8211; \u00d888 &#8211; Ferm Living"},"content":{"rendered":"<p>Verleihen Sie Ihrem Innen- oder Au\u00dfenbereich mit dem Pond Coffee Table eine ruhige Atmosph\u00e4re. Seine organische Tischplatte mit unregelm\u00e4\u00dfiger und unvollkommener Kreisform ruht elegant auf einer einzigen unauff\u00e4lligen S\u00e4ule an der Basis. Dieser Tisch, vollst\u00e4ndig aus pulverbeschichtetem, verzinktem Stahl gefertigt, ist mit verstellbaren F\u00fc\u00dfen ausgestattet, um eine perfekte Ausrichtung auf unebenen Oberfl\u00e4chen zu erm\u00f6glichen. Perfekt f\u00fcr den Gebrauch auf Balkon, Terrasse oder in der K\u00fcche, wird der Pond Dining Table flach verpackt geliefert.<\/p>\n<h2>Merkmale &amp; Eigenschaften<\/h2>\n<p style=\"font-weight: 400\"><strong>Marke<\/strong> Ferm Living<\/p>\n<p style=\"font-weight: 400\"><strong>Farben<\/strong> Cashmere<\/p>\n<p style=\"font-weight: 400\"><strong>Material<\/strong> Travertin und Rahmen aus pulverbeschichtetem Stahl.<\/p>\n<p style=\"font-weight: 400\"><strong>Breite (cm)\u00a0<\/strong>88<\/p>\n<p style=\"font-weight: 400\"><strong>H\u00f6he (cm) <\/strong>72<\/p>\n<p style=\"font-weight: 400\"><strong>Gewicht (kg)<\/strong> 41<\/p>\n","protected":false},"excerpt":{"rendered":"<p>Verleihen Sie Ihrem Innen- oder Au\u00dfenbereich mit dem Pond Coffee Table eine ruhige Atmosph\u00e4re. Seine organische Tischplatte mit unregelm\u00e4\u00dfiger und unvollkommener Kreisform ruht elegant auf einer einzigen unauff\u00e4lligen S\u00e4ule an der Basis. Dieser Tisch, vollst\u00e4ndig aus pulverbeschichtetem, verzinktem Stahl gefertigt, ist mit verstellbaren F\u00fc\u00dfen ausgestattet, um eine perfekte Ausrichtung auf unebenen Oberfl\u00e4chen zu erm\u00f6glichen. Perfekt [&hellip;]<\/p>\n","protected":false},"featured_media":193079,"template":"","meta":{"_acf_changed":false,"om_disable_all_campaigns":false},"product_cat":[964,979],"product_tag":[1258,896,1188,1265,816],"bundled_by":[],"bundle_stock_status":"onbackorder","bundle_stock_quantity":null,"bundle_virtual":false,"bundle_layout":"","bundle_add_to_cart_form_location":"","bundle_editable_in_cart":false,"bundle_sold_individually_context":"","bundle_item_grouping":"","bundle_min_size":"","bundle_max_size":"","bundle_price":[],"bundled_items":[],"bundle_sell_ids":[],"acf":[],"yoast_head":"<!-- This site is optimized with the Yoast SEO Premium plugin v22.2 (Yoast SEO v22.8) - https:\/\/yoast.com\/wordpress\/plugins\/seo\/ -->\n<title>Tisch Pond | Cashmere | \u00d888 | Ferm Living | Ekkla<\/title>\n<meta name=\"description\" content=\"Entdecken Sie den Esstisch Pond: Organische Eleganz und Langlebigkeit vereint. Perfekt f\u00fcr den Innen- oder Au\u00dfenbereich mit seinem unregelm\u00e4\u00dfigen Design.\" \/>\n<meta name=\"robots\" content=\"index, follow, max-snippet:-1, max-image-preview:large, max-video-preview:-1\" \/>\n<link rel=\"canonical\" href=\"https:\/\/ekkla.ch\/de\/produit\/tisch-pond-cashmere-o88-ferm-living\/\" \/>\n<meta property=\"og:locale\" content=\"de_DE\" \/>\n<meta property=\"og:type\" content=\"article\" \/>\n<meta property=\"og:title\" content=\"Tisch Pond - Cashmere - \u00d888 - Ferm Living\" \/>\n<meta property=\"og:description\" content=\"Entdecken Sie den Esstisch Pond: Organische Eleganz und Langlebigkeit vereint. Perfekt f\u00fcr den Innen- oder Au\u00dfenbereich mit seinem unregelm\u00e4\u00dfigen Design.\" \/>\n<meta property=\"og:url\" content=\"https:\/\/ekkla.ch\/de\/produit\/tisch-pond-cashmere-o88-ferm-living\/\" \/>\n<meta property=\"og:site_name\" content=\"Ekkla\" \/>\n<meta property=\"article:modified_time\" content=\"2024-06-05T15:39:12+00:00\" \/>\n<meta property=\"og:image\" content=\"https:\/\/ekkla.ch\/wp-content\/uploads\/2024\/05\/ekkla-light-meubles-luminaires_0035_fermLIVING_SS24_PondDiningTable_Cashmere_1104267562_1.jpg\" \/>\n\t<meta property=\"og:image:width\" content=\"1000\" \/>\n\t<meta property=\"og:image:height\" content=\"1000\" \/>\n\t<meta property=\"og:image:type\" content=\"image\/jpeg\" \/>\n<meta name=\"twitter:card\" content=\"summary_large_image\" \/>\n<meta name=\"twitter:label1\" content=\"Gesch\u00e4tzte Lesezeit\" \/>\n\t<meta name=\"twitter:data1\" content=\"1\u00a0Minute\" \/>\n<script type=\"application\/ld+json\" class=\"yoast-schema-graph\">{\"@context\":\"https:\/\/schema.org\",\"@graph\":[{\"@type\":\"WebPage\",\"@id\":\"https:\/\/ekkla.ch\/de\/produit\/tisch-pond-cashmere-o88-ferm-living\/\",\"url\":\"https:\/\/ekkla.ch\/de\/produit\/tisch-pond-cashmere-o88-ferm-living\/\",\"name\":\"Tisch Pond | Cashmere | \u00d888 | Ferm Living | Ekkla\",\"isPartOf\":{\"@id\":\"https:\/\/ekkla.ch\/#website\"},\"primaryImageOfPage\":{\"@id\":\"https:\/\/ekkla.ch\/de\/produit\/tisch-pond-cashmere-o88-ferm-living\/#primaryimage\"},\"image\":{\"@id\":\"https:\/\/ekkla.ch\/de\/produit\/tisch-pond-cashmere-o88-ferm-living\/#primaryimage\"},\"thumbnailUrl\":\"https:\/\/ekkla.ch\/wp-content\/uploads\/2024\/05\/ekkla-light-meubles-luminaires_0035_fermLIVING_SS24_PondDiningTable_Cashmere_1104267562_1.jpg\",\"datePublished\":\"2024-05-14T20:26:43+00:00\",\"dateModified\":\"2024-06-05T15:39:12+00:00\",\"description\":\"Entdecken Sie den Esstisch Pond: Organische Eleganz und Langlebigkeit vereint. Perfekt f\u00fcr den Innen- oder Au\u00dfenbereich mit seinem unregelm\u00e4\u00dfigen Design.\",\"breadcrumb\":{\"@id\":\"https:\/\/ekkla.ch\/de\/produit\/tisch-pond-cashmere-o88-ferm-living\/#breadcrumb\"},\"inLanguage\":\"de\",\"potentialAction\":[{\"@type\":\"ReadAction\",\"target\":[\"https:\/\/ekkla.ch\/de\/produit\/tisch-pond-cashmere-o88-ferm-living\/\"]}]},{\"@type\":\"ImageObject\",\"inLanguage\":\"de\",\"@id\":\"https:\/\/ekkla.ch\/de\/produit\/tisch-pond-cashmere-o88-ferm-living\/#primaryimage\",\"url\":\"https:\/\/ekkla.ch\/wp-content\/uploads\/2024\/05\/ekkla-light-meubles-luminaires_0035_fermLIVING_SS24_PondDiningTable_Cashmere_1104267562_1.jpg\",\"contentUrl\":\"https:\/\/ekkla.ch\/wp-content\/uploads\/2024\/05\/ekkla-light-meubles-luminaires_0035_fermLIVING_SS24_PondDiningTable_Cashmere_1104267562_1.jpg\",\"width\":1000,\"height\":1000},{\"@type\":\"BreadcrumbList\",\"@id\":\"https:\/\/ekkla.ch\/de\/produit\/tisch-pond-cashmere-o88-ferm-living\/#breadcrumb\",\"itemListElement\":[{\"@type\":\"ListItem\",\"position\":1,\"name\":\"Home\",\"item\":\"https:\/\/ekkla.ch\/de\/\"},{\"@type\":\"ListItem\",\"position\":2,\"name\":\"Shop\",\"item\":\"https:\/\/ekkla.ch\/de\/shop\/\"},{\"@type\":\"ListItem\",\"position\":3,\"name\":\"Tisch Pond &#8211; Cashmere &#8211; \u00d888 &#8211; Ferm Living\"}]},{\"@type\":\"WebSite\",\"@id\":\"https:\/\/ekkla.ch\/#website\",\"url\":\"https:\/\/ekkla.ch\/\",\"name\":\"Ekkla\",\"description\":\"Der Onlineshop f\u00fcr Beleuchtung\",\"publisher\":{\"@id\":\"https:\/\/ekkla.ch\/#organization\"},\"potentialAction\":[{\"@type\":\"SearchAction\",\"target\":{\"@type\":\"EntryPoint\",\"urlTemplate\":\"https:\/\/ekkla.ch\/?s={search_term_string}\"},\"query-input\":\"required name=search_term_string\"}],\"inLanguage\":\"de\"},{\"@type\":\"Organization\",\"@id\":\"https:\/\/ekkla.ch\/#organization\",\"name\":\"Ekkla\",\"url\":\"https:\/\/ekkla.ch\/\",\"logo\":{\"@type\":\"ImageObject\",\"inLanguage\":\"de\",\"@id\":\"https:\/\/ekkla.ch\/#\/schema\/logo\/image\/\",\"url\":\"http:\/\/ekkla.ch\/wp-content\/uploads\/2019\/07\/logo-1.svg\",\"contentUrl\":\"http:\/\/ekkla.ch\/wp-content\/uploads\/2019\/07\/logo-1.svg\",\"width\":1,\"height\":1,\"caption\":\"Ekkla\"},\"image\":{\"@id\":\"https:\/\/ekkla.ch\/#\/schema\/logo\/image\/\"},\"sameAs\":[\"https:\/\/www.instagram.com\/ekkla_light\/\"]}]}<\/script>\n<!-- \/ Yoast SEO Premium plugin. -->","yoast_head_json":{"title":"Tisch Pond | Cashmere | \u00d888 | Ferm Living | Ekkla","description":"Entdecken Sie den Esstisch Pond: Organische Eleganz und Langlebigkeit vereint. Perfekt f\u00fcr den Innen- oder Au\u00dfenbereich mit seinem unregelm\u00e4\u00dfigen Design.","robots":{"index":"index","follow":"follow","max-snippet":"max-snippet:-1","max-image-preview":"max-image-preview:large","max-video-preview":"max-video-preview:-1"},"canonical":"https:\/\/ekkla.ch\/de\/produit\/tisch-pond-cashmere-o88-ferm-living\/","og_locale":"de_DE","og_type":"article","og_title":"Tisch Pond - Cashmere - \u00d888 - Ferm Living","og_description":"Entdecken Sie den Esstisch Pond: Organische Eleganz und Langlebigkeit vereint. Perfekt f\u00fcr den Innen- oder Au\u00dfenbereich mit seinem unregelm\u00e4\u00dfigen Design.","og_url":"https:\/\/ekkla.ch\/de\/produit\/tisch-pond-cashmere-o88-ferm-living\/","og_site_name":"Ekkla","article_modified_time":"2024-06-05T15:39:12+00:00","og_image":[{"width":1000,"height":1000,"url":"https:\/\/ekkla.ch\/wp-content\/uploads\/2024\/05\/ekkla-light-meubles-luminaires_0035_fermLIVING_SS24_PondDiningTable_Cashmere_1104267562_1.jpg","type":"image\/jpeg"}],"twitter_card":"summary_large_image","twitter_misc":{"Gesch\u00e4tzte Lesezeit":"1\u00a0Minute"},"schema":{"@context":"https:\/\/schema.org","@graph":[{"@type":"WebPage","@id":"https:\/\/ekkla.ch\/de\/produit\/tisch-pond-cashmere-o88-ferm-living\/","url":"https:\/\/ekkla.ch\/de\/produit\/tisch-pond-cashmere-o88-ferm-living\/","name":"Tisch Pond | Cashmere | \u00d888 | Ferm Living | Ekkla","isPartOf":{"@id":"https:\/\/ekkla.ch\/#website"},"primaryImageOfPage":{"@id":"https:\/\/ekkla.ch\/de\/produit\/tisch-pond-cashmere-o88-ferm-living\/#primaryimage"},"image":{"@id":"https:\/\/ekkla.ch\/de\/produit\/tisch-pond-cashmere-o88-ferm-living\/#primaryimage"},"thumbnailUrl":"https:\/\/ekkla.ch\/wp-content\/uploads\/2024\/05\/ekkla-light-meubles-luminaires_0035_fermLIVING_SS24_PondDiningTable_Cashmere_1104267562_1.jpg","datePublished":"2024-05-14T20:26:43+00:00","dateModified":"2024-06-05T15:39:12+00:00","description":"Entdecken Sie den Esstisch Pond: Organische Eleganz und Langlebigkeit vereint. Perfekt f\u00fcr den Innen- oder Au\u00dfenbereich mit seinem unregelm\u00e4\u00dfigen Design.","breadcrumb":{"@id":"https:\/\/ekkla.ch\/de\/produit\/tisch-pond-cashmere-o88-ferm-living\/#breadcrumb"},"inLanguage":"de","potentialAction":[{"@type":"ReadAction","target":["https:\/\/ekkla.ch\/de\/produit\/tisch-pond-cashmere-o88-ferm-living\/"]}]},{"@type":"ImageObject","inLanguage":"de","@id":"https:\/\/ekkla.ch\/de\/produit\/tisch-pond-cashmere-o88-ferm-living\/#primaryimage","url":"https:\/\/ekkla.ch\/wp-content\/uploads\/2024\/05\/ekkla-light-meubles-luminaires_0035_fermLIVING_SS24_PondDiningTable_Cashmere_1104267562_1.jpg","contentUrl":"https:\/\/ekkla.ch\/wp-content\/uploads\/2024\/05\/ekkla-light-meubles-luminaires_0035_fermLIVING_SS24_PondDiningTable_Cashmere_1104267562_1.jpg","width":1000,"height":1000},{"@type":"BreadcrumbList","@id":"https:\/\/ekkla.ch\/de\/produit\/tisch-pond-cashmere-o88-ferm-living\/#breadcrumb","itemListElement":[{"@type":"ListItem","position":1,"name":"Home","item":"https:\/\/ekkla.ch\/de\/"},{"@type":"ListItem","position":2,"name":"Shop","item":"https:\/\/ekkla.ch\/de\/shop\/"},{"@type":"ListItem","position":3,"name":"Tisch Pond &#8211; Cashmere &#8211; \u00d888 &#8211; Ferm Living"}]},{"@type":"WebSite","@id":"https:\/\/ekkla.ch\/#website","url":"https:\/\/ekkla.ch\/","name":"Ekkla","description":"Der Onlineshop f\u00fcr Beleuchtung","publisher":{"@id":"https:\/\/ekkla.ch\/#organization"},"potentialAction":[{"@type":"SearchAction","target":{"@type":"EntryPoint","urlTemplate":"https:\/\/ekkla.ch\/?s={search_term_string}"},"query-input":"required name=search_term_string"}],"inLanguage":"de"},{"@type":"Organization","@id":"https:\/\/ekkla.ch\/#organization","name":"Ekkla","url":"https:\/\/ekkla.ch\/","logo":{"@type":"ImageObject","inLanguage":"de","@id":"https:\/\/ekkla.ch\/#\/schema\/logo\/image\/","url":"http:\/\/ekkla.ch\/wp-content\/uploads\/2019\/07\/logo-1.svg","contentUrl":"http:\/\/ekkla.ch\/wp-content\/uploads\/2019\/07\/logo-1.svg","width":1,"height":1,"caption":"Ekkla"},"image":{"@id":"https:\/\/ekkla.ch\/#\/schema\/logo\/image\/"},"sameAs":["https:\/\/www.instagram.com\/ekkla_light\/"]}]}},"_links":{"self":[{"href":"https:\/\/ekkla.ch\/de\/wp-json\/wp\/v2\/product\/194732"}],"collection":[{"href":"https:\/\/ekkla.ch\/de\/wp-json\/wp\/v2\/product"}],"about":[{"href":"https:\/\/ekkla.ch\/de\/wp-json\/wp\/v2\/types\/product"}],"wp:featuredmedia":[{"embeddable":true,"href":"https:\/\/ekkla.ch\/de\/wp-json\/wp\/v2\/media\/193079"}],"wp:attachment":[{"href":"https:\/\/ekkla.ch\/de\/wp-json\/wp\/v2\/media?parent=194732"}],"wp:term":[{"taxonomy":"product_cat","embeddable":true,"href":"https:\/\/ekkla.ch\/de\/wp-json\/wp\/v2\/product_cat?post=194732"},{"taxonomy":"product_tag","embeddable":true,"href":"https:\/\/ekkla.ch\/de\/wp-json\/wp\/v2\/product_tag?post=194732"}],"curies":[{"name":"wp","href":"https:\/\/api.w.org\/{rel}","templated":true}]}}