{"id":194735,"date":"2024-05-09T19:00:29","date_gmt":"2024-05-09T17:00:29","guid":{"rendered":"https:\/\/ekkla.ch\/produit\/miroir-pond-xl-chrome-ferm-living\/"},"modified":"2024-06-05T21:37:11","modified_gmt":"2024-06-05T19:37:11","slug":"spiegel-pond-xl-chrom-ferm-living","status":"publish","type":"product","link":"https:\/\/ekkla.ch\/de\/produit\/spiegel-pond-xl-chrom-ferm-living\/","title":{"rendered":"Spiegel Pond XL &#8211; Chrom &#8211; Ferm Living"},"content":{"rendered":"<p>Die Pond-Serie vereint Form und Sch\u00f6nheit mit organischen Formen und verwandelt diesen funktionalen Spiegel in ein dekoratives Wandst\u00fcck. Die abgerundeten Kanten werden von einem schlanken Metallrahmen gehalten und k\u00f6nnen in verschiedene Richtungen geh\u00e4ngt werden, um sich Ihrem Raum anzupassen<\/p>\n<blockquote>\n<h2><strong>Merkmale &amp; Eigenschaften<\/strong><\/h2>\n<p style=\"font-weight: 400\"><strong>Marke<\/strong> Ferm Living<\/p>\n<p style=\"font-weight: 400\"><strong>Farbe <\/strong>Chrom<\/p>\n<p style=\"font-weight: 400\"><strong>Material<\/strong> Spiegelglas. MDF-Tr\u00e4ger mit einem Rahmen aus Zink.<\/p>\n<p style=\"font-weight: 400\"><strong>L\u00e4nge (cm) <\/strong>87<\/p>\n<p style=\"font-weight: 400\"><strong>Breite (cm) <\/strong>1.5<\/p>\n<p style=\"font-weight: 400\"><strong>H\u00f6he (cm) <\/strong>94<\/p>\n<p style=\"font-weight: 400\"><strong>Gewicht (kg)<\/strong> 11.5<\/p>\n<\/blockquote>\n","protected":false},"excerpt":{"rendered":"<p>Die Pond-Serie vereint Form und Sch\u00f6nheit mit organischen Formen und verwandelt diesen funktionalen Spiegel in ein dekoratives Wandst\u00fcck. Die abgerundeten Kanten werden von einem schlanken Metallrahmen gehalten und k\u00f6nnen in verschiedene Richtungen geh\u00e4ngt werden, um sich Ihrem Raum anzupassen Merkmale &amp; Eigenschaften Marke Ferm Living Farbe Chrom Material Spiegelglas. MDF-Tr\u00e4ger mit einem Rahmen aus Zink. [&hellip;]<\/p>\n","protected":false},"featured_media":192936,"template":"","meta":{"_acf_changed":false,"om_disable_all_campaigns":false},"product_cat":[966,989,1085],"product_tag":[1258,898,1188,1265,1204,816,1209],"bundled_by":[],"bundle_stock_status":"onbackorder","bundle_stock_quantity":1,"bundle_virtual":false,"bundle_layout":"","bundle_add_to_cart_form_location":"","bundle_editable_in_cart":false,"bundle_sold_individually_context":"","bundle_item_grouping":"","bundle_min_size":"","bundle_max_size":"","bundle_price":[],"bundled_items":[],"bundle_sell_ids":[],"acf":[],"yoast_head":"<!-- This site is optimized with the Yoast SEO Premium plugin v22.2 (Yoast SEO v22.8) - https:\/\/yoast.com\/wordpress\/plugins\/seo\/ -->\n<title>Spiegel Pond XL | Ferm Living | Chrom | Ekkla<\/title>\n<meta name=\"description\" content=\"Spiegel aus der Pond-Serie: Verschmelzung organischer Form und Funktionalit\u00e4t. Schlanker Metallrahmen, in verschiedene Richtungen aufh\u00e4ngbar\" \/>\n<meta name=\"robots\" content=\"index, follow, max-snippet:-1, max-image-preview:large, max-video-preview:-1\" \/>\n<link rel=\"canonical\" href=\"https:\/\/ekkla.ch\/de\/produit\/spiegel-pond-xl-chrom-ferm-living\/\" \/>\n<meta property=\"og:locale\" content=\"de_DE\" \/>\n<meta property=\"og:type\" content=\"article\" \/>\n<meta property=\"og:title\" content=\"Spiegel Pond XL - Chrom - Ferm Living\" \/>\n<meta property=\"og:description\" content=\"Spiegel aus der Pond-Serie: Verschmelzung organischer Form und Funktionalit\u00e4t. Schlanker Metallrahmen, in verschiedene Richtungen aufh\u00e4ngbar\" \/>\n<meta property=\"og:url\" content=\"https:\/\/ekkla.ch\/de\/produit\/spiegel-pond-xl-chrom-ferm-living\/\" \/>\n<meta property=\"og:site_name\" content=\"Ekkla\" \/>\n<meta property=\"article:modified_time\" content=\"2024-06-05T19:37:11+00:00\" \/>\n<meta property=\"og:image\" content=\"https:\/\/ekkla.ch\/wp-content\/uploads\/2024\/05\/ekkla-light-meubles-luminaires_0008_Pond-Mirror-XL-LAITON_1104263116_1.jpg\" \/>\n\t<meta property=\"og:image:width\" content=\"1000\" \/>\n\t<meta property=\"og:image:height\" content=\"1000\" \/>\n\t<meta property=\"og:image:type\" content=\"image\/jpeg\" \/>\n<meta name=\"twitter:card\" content=\"summary_large_image\" \/>\n<meta name=\"twitter:label1\" content=\"Gesch\u00e4tzte Lesezeit\" \/>\n\t<meta name=\"twitter:data1\" content=\"1\u00a0Minute\" \/>\n<script type=\"application\/ld+json\" class=\"yoast-schema-graph\">{\"@context\":\"https:\/\/schema.org\",\"@graph\":[{\"@type\":\"WebPage\",\"@id\":\"https:\/\/ekkla.ch\/de\/produit\/spiegel-pond-xl-chrom-ferm-living\/\",\"url\":\"https:\/\/ekkla.ch\/de\/produit\/spiegel-pond-xl-chrom-ferm-living\/\",\"name\":\"Spiegel Pond XL | Ferm Living | Chrom | Ekkla\",\"isPartOf\":{\"@id\":\"https:\/\/ekkla.ch\/#website\"},\"primaryImageOfPage\":{\"@id\":\"https:\/\/ekkla.ch\/de\/produit\/spiegel-pond-xl-chrom-ferm-living\/#primaryimage\"},\"image\":{\"@id\":\"https:\/\/ekkla.ch\/de\/produit\/spiegel-pond-xl-chrom-ferm-living\/#primaryimage\"},\"thumbnailUrl\":\"https:\/\/ekkla.ch\/wp-content\/uploads\/2024\/05\/ekkla-light-meubles-luminaires_0008_Pond-Mirror-XL-LAITON_1104263116_1.jpg\",\"datePublished\":\"2024-05-09T17:00:29+00:00\",\"dateModified\":\"2024-06-05T19:37:11+00:00\",\"description\":\"Spiegel aus der Pond-Serie: Verschmelzung organischer Form und Funktionalit\u00e4t. Schlanker Metallrahmen, in verschiedene Richtungen aufh\u00e4ngbar\",\"breadcrumb\":{\"@id\":\"https:\/\/ekkla.ch\/de\/produit\/spiegel-pond-xl-chrom-ferm-living\/#breadcrumb\"},\"inLanguage\":\"de\",\"potentialAction\":[{\"@type\":\"ReadAction\",\"target\":[\"https:\/\/ekkla.ch\/de\/produit\/spiegel-pond-xl-chrom-ferm-living\/\"]}]},{\"@type\":\"ImageObject\",\"inLanguage\":\"de\",\"@id\":\"https:\/\/ekkla.ch\/de\/produit\/spiegel-pond-xl-chrom-ferm-living\/#primaryimage\",\"url\":\"https:\/\/ekkla.ch\/wp-content\/uploads\/2024\/05\/ekkla-light-meubles-luminaires_0008_Pond-Mirror-XL-LAITON_1104263116_1.jpg\",\"contentUrl\":\"https:\/\/ekkla.ch\/wp-content\/uploads\/2024\/05\/ekkla-light-meubles-luminaires_0008_Pond-Mirror-XL-LAITON_1104263116_1.jpg\",\"width\":1000,\"height\":1000},{\"@type\":\"BreadcrumbList\",\"@id\":\"https:\/\/ekkla.ch\/de\/produit\/spiegel-pond-xl-chrom-ferm-living\/#breadcrumb\",\"itemListElement\":[{\"@type\":\"ListItem\",\"position\":1,\"name\":\"Home\",\"item\":\"https:\/\/ekkla.ch\/de\/\"},{\"@type\":\"ListItem\",\"position\":2,\"name\":\"Shop\",\"item\":\"https:\/\/ekkla.ch\/de\/shop\/\"},{\"@type\":\"ListItem\",\"position\":3,\"name\":\"Spiegel Pond XL &#8211; Chrom &#8211; Ferm Living\"}]},{\"@type\":\"WebSite\",\"@id\":\"https:\/\/ekkla.ch\/#website\",\"url\":\"https:\/\/ekkla.ch\/\",\"name\":\"Ekkla\",\"description\":\"Der Onlineshop f\u00fcr Beleuchtung\",\"publisher\":{\"@id\":\"https:\/\/ekkla.ch\/#organization\"},\"potentialAction\":[{\"@type\":\"SearchAction\",\"target\":{\"@type\":\"EntryPoint\",\"urlTemplate\":\"https:\/\/ekkla.ch\/?s={search_term_string}\"},\"query-input\":\"required name=search_term_string\"}],\"inLanguage\":\"de\"},{\"@type\":\"Organization\",\"@id\":\"https:\/\/ekkla.ch\/#organization\",\"name\":\"Ekkla\",\"url\":\"https:\/\/ekkla.ch\/\",\"logo\":{\"@type\":\"ImageObject\",\"inLanguage\":\"de\",\"@id\":\"https:\/\/ekkla.ch\/#\/schema\/logo\/image\/\",\"url\":\"http:\/\/ekkla.ch\/wp-content\/uploads\/2019\/07\/logo-1.svg\",\"contentUrl\":\"http:\/\/ekkla.ch\/wp-content\/uploads\/2019\/07\/logo-1.svg\",\"width\":1,\"height\":1,\"caption\":\"Ekkla\"},\"image\":{\"@id\":\"https:\/\/ekkla.ch\/#\/schema\/logo\/image\/\"},\"sameAs\":[\"https:\/\/www.instagram.com\/ekkla_light\/\"]}]}<\/script>\n<!-- \/ Yoast SEO Premium plugin. -->","yoast_head_json":{"title":"Spiegel Pond XL | Ferm Living | Chrom | Ekkla","description":"Spiegel aus der Pond-Serie: Verschmelzung organischer Form und Funktionalit\u00e4t. Schlanker Metallrahmen, in verschiedene Richtungen aufh\u00e4ngbar","robots":{"index":"index","follow":"follow","max-snippet":"max-snippet:-1","max-image-preview":"max-image-preview:large","max-video-preview":"max-video-preview:-1"},"canonical":"https:\/\/ekkla.ch\/de\/produit\/spiegel-pond-xl-chrom-ferm-living\/","og_locale":"de_DE","og_type":"article","og_title":"Spiegel Pond XL - Chrom - Ferm Living","og_description":"Spiegel aus der Pond-Serie: Verschmelzung organischer Form und Funktionalit\u00e4t. Schlanker Metallrahmen, in verschiedene Richtungen aufh\u00e4ngbar","og_url":"https:\/\/ekkla.ch\/de\/produit\/spiegel-pond-xl-chrom-ferm-living\/","og_site_name":"Ekkla","article_modified_time":"2024-06-05T19:37:11+00:00","og_image":[{"width":1000,"height":1000,"url":"https:\/\/ekkla.ch\/wp-content\/uploads\/2024\/05\/ekkla-light-meubles-luminaires_0008_Pond-Mirror-XL-LAITON_1104263116_1.jpg","type":"image\/jpeg"}],"twitter_card":"summary_large_image","twitter_misc":{"Gesch\u00e4tzte Lesezeit":"1\u00a0Minute"},"schema":{"@context":"https:\/\/schema.org","@graph":[{"@type":"WebPage","@id":"https:\/\/ekkla.ch\/de\/produit\/spiegel-pond-xl-chrom-ferm-living\/","url":"https:\/\/ekkla.ch\/de\/produit\/spiegel-pond-xl-chrom-ferm-living\/","name":"Spiegel Pond XL | Ferm Living | Chrom | Ekkla","isPartOf":{"@id":"https:\/\/ekkla.ch\/#website"},"primaryImageOfPage":{"@id":"https:\/\/ekkla.ch\/de\/produit\/spiegel-pond-xl-chrom-ferm-living\/#primaryimage"},"image":{"@id":"https:\/\/ekkla.ch\/de\/produit\/spiegel-pond-xl-chrom-ferm-living\/#primaryimage"},"thumbnailUrl":"https:\/\/ekkla.ch\/wp-content\/uploads\/2024\/05\/ekkla-light-meubles-luminaires_0008_Pond-Mirror-XL-LAITON_1104263116_1.jpg","datePublished":"2024-05-09T17:00:29+00:00","dateModified":"2024-06-05T19:37:11+00:00","description":"Spiegel aus der Pond-Serie: Verschmelzung organischer Form und Funktionalit\u00e4t. Schlanker Metallrahmen, in verschiedene Richtungen aufh\u00e4ngbar","breadcrumb":{"@id":"https:\/\/ekkla.ch\/de\/produit\/spiegel-pond-xl-chrom-ferm-living\/#breadcrumb"},"inLanguage":"de","potentialAction":[{"@type":"ReadAction","target":["https:\/\/ekkla.ch\/de\/produit\/spiegel-pond-xl-chrom-ferm-living\/"]}]},{"@type":"ImageObject","inLanguage":"de","@id":"https:\/\/ekkla.ch\/de\/produit\/spiegel-pond-xl-chrom-ferm-living\/#primaryimage","url":"https:\/\/ekkla.ch\/wp-content\/uploads\/2024\/05\/ekkla-light-meubles-luminaires_0008_Pond-Mirror-XL-LAITON_1104263116_1.jpg","contentUrl":"https:\/\/ekkla.ch\/wp-content\/uploads\/2024\/05\/ekkla-light-meubles-luminaires_0008_Pond-Mirror-XL-LAITON_1104263116_1.jpg","width":1000,"height":1000},{"@type":"BreadcrumbList","@id":"https:\/\/ekkla.ch\/de\/produit\/spiegel-pond-xl-chrom-ferm-living\/#breadcrumb","itemListElement":[{"@type":"ListItem","position":1,"name":"Home","item":"https:\/\/ekkla.ch\/de\/"},{"@type":"ListItem","position":2,"name":"Shop","item":"https:\/\/ekkla.ch\/de\/shop\/"},{"@type":"ListItem","position":3,"name":"Spiegel Pond XL &#8211; Chrom &#8211; Ferm Living"}]},{"@type":"WebSite","@id":"https:\/\/ekkla.ch\/#website","url":"https:\/\/ekkla.ch\/","name":"Ekkla","description":"Der Onlineshop f\u00fcr Beleuchtung","publisher":{"@id":"https:\/\/ekkla.ch\/#organization"},"potentialAction":[{"@type":"SearchAction","target":{"@type":"EntryPoint","urlTemplate":"https:\/\/ekkla.ch\/?s={search_term_string}"},"query-input":"required name=search_term_string"}],"inLanguage":"de"},{"@type":"Organization","@id":"https:\/\/ekkla.ch\/#organization","name":"Ekkla","url":"https:\/\/ekkla.ch\/","logo":{"@type":"ImageObject","inLanguage":"de","@id":"https:\/\/ekkla.ch\/#\/schema\/logo\/image\/","url":"http:\/\/ekkla.ch\/wp-content\/uploads\/2019\/07\/logo-1.svg","contentUrl":"http:\/\/ekkla.ch\/wp-content\/uploads\/2019\/07\/logo-1.svg","width":1,"height":1,"caption":"Ekkla"},"image":{"@id":"https:\/\/ekkla.ch\/#\/schema\/logo\/image\/"},"sameAs":["https:\/\/www.instagram.com\/ekkla_light\/"]}]}},"_links":{"self":[{"href":"https:\/\/ekkla.ch\/de\/wp-json\/wp\/v2\/product\/194735"}],"collection":[{"href":"https:\/\/ekkla.ch\/de\/wp-json\/wp\/v2\/product"}],"about":[{"href":"https:\/\/ekkla.ch\/de\/wp-json\/wp\/v2\/types\/product"}],"wp:featuredmedia":[{"embeddable":true,"href":"https:\/\/ekkla.ch\/de\/wp-json\/wp\/v2\/media\/192936"}],"wp:attachment":[{"href":"https:\/\/ekkla.ch\/de\/wp-json\/wp\/v2\/media?parent=194735"}],"wp:term":[{"taxonomy":"product_cat","embeddable":true,"href":"https:\/\/ekkla.ch\/de\/wp-json\/wp\/v2\/product_cat?post=194735"},{"taxonomy":"product_tag","embeddable":true,"href":"https:\/\/ekkla.ch\/de\/wp-json\/wp\/v2\/product_tag?post=194735"}],"curies":[{"name":"wp","href":"https:\/\/api.w.org\/{rel}","templated":true}]}}