{"id":194749,"date":"2024-05-14T21:20:27","date_gmt":"2024-05-14T19:20:27","guid":{"rendered":"https:\/\/ekkla.ch\/produit\/pouf-oval-vert-foret-velours-l87-ferm-living\/"},"modified":"2024-06-05T18:19:14","modified_gmt":"2024-06-05T16:19:14","slug":"pouf-oval-tannengruen-velours-l87-ferm-living","status":"publish","type":"product","link":"https:\/\/ekkla.ch\/de\/produit\/pouf-oval-tannengruen-velours-l87-ferm-living\/","title":{"rendered":"Pouf Oval &#8211; Tannengr\u00fcn &#8211; velours &#8211;  L87 &#8211; Ferm Living"},"content":{"rendered":"<p>Das einladende und elegante Oval Pouf bietet zwei grafische Ebenen f\u00fcr eine moderne und gleichzeitig warme \u00c4sthetik. Seine definierten Kurven schaffen ein einzigartiges Design, das unsere Faszination f\u00fcr Geometrie widerspiegelt und dem Pouf ein einfaches und organisches Aussehen verleiht. Erh\u00e4ltlich in einer breiten Palette hochwertiger Bez\u00fcge, finden Sie sicherlich denjenigen, der perfekt zu Ihrem pers\u00f6nlichen Ruhepol passt.<\/p>\n<blockquote>\n<h2><strong>Merkmale &amp; Eigenschaften<\/strong><\/h2>\n<p style=\"font-weight: 400\"><strong>Marke<\/strong> Ferm Living<\/p>\n<p style=\"font-weight: 400\"><strong>Farben<\/strong> Tannengr\u00fcn<\/p>\n<p style=\"font-weight: 400\"><strong>Material<\/strong> Stoff: Waschvelours. Eros von Nevotex. 51 % Acryl, 40 % Polyester und 9 % Viskose. Schaumstoff auf Holzstruktur.<\/p>\n<p style=\"font-weight: 400\"><strong>L\u00e4nge (cm)\u00a0<\/strong>87<\/p>\n<p style=\"font-weight: 400\"><strong>Breite (cm) <\/strong>47.5<\/p>\n<p style=\"font-weight: 400\"><strong>H\u00f6he (cm) <\/strong>45<\/p>\n<p style=\"font-weight: 400\"><strong>Gewicht (kg)<\/strong> 16.2<\/p>\n<\/blockquote>\n","protected":false},"excerpt":{"rendered":"<p>Das einladende und elegante Oval Pouf bietet zwei grafische Ebenen f\u00fcr eine moderne und gleichzeitig warme \u00c4sthetik. Seine definierten Kurven schaffen ein einzigartiges Design, das unsere Faszination f\u00fcr Geometrie widerspiegelt und dem Pouf ein einfaches und organisches Aussehen verleiht. Erh\u00e4ltlich in einer breiten Palette hochwertiger Bez\u00fcge, finden Sie sicherlich denjenigen, der perfekt zu Ihrem pers\u00f6nlichen [&hellip;]<\/p>\n","protected":false},"featured_media":193048,"template":"","meta":{"_acf_changed":false,"om_disable_all_campaigns":false},"product_cat":[985,964,1090],"product_tag":[1258,896,1188,1265,816],"bundled_by":[],"bundle_stock_status":"onbackorder","bundle_stock_quantity":null,"bundle_virtual":false,"bundle_layout":"","bundle_add_to_cart_form_location":"","bundle_editable_in_cart":false,"bundle_sold_individually_context":"","bundle_item_grouping":"","bundle_min_size":"","bundle_max_size":"","bundle_price":[],"bundled_items":[],"bundle_sell_ids":[],"acf":[],"yoast_head":"<!-- This site is optimized with the Yoast SEO Premium plugin v22.2 (Yoast SEO v22.8) - https:\/\/yoast.com\/wordpress\/plugins\/seo\/ -->\n<title>Pouf Oval | Tannengr\u00fcn | Velours | L87 | Ferm Living | Ekkla<\/title>\n<meta name=\"description\" content=\"Entdecken Sie den Ovalen Pouf: eine Verschmelzung von Komfort und zeitgen\u00f6ssischer \u00c4sthetik. Mit zwei grafischen Ebenen und in einer Vielzahl von Bez\u00fcgen.\" \/>\n<meta name=\"robots\" content=\"index, follow, max-snippet:-1, max-image-preview:large, max-video-preview:-1\" \/>\n<link rel=\"canonical\" href=\"https:\/\/ekkla.ch\/de\/produit\/pouf-oval-tannengruen-velours-l87-ferm-living\/\" \/>\n<meta property=\"og:locale\" content=\"de_DE\" \/>\n<meta property=\"og:type\" content=\"article\" \/>\n<meta property=\"og:title\" content=\"Pouf Oval - Tannengr\u00fcn - velours - L87 - Ferm Living\" \/>\n<meta property=\"og:description\" content=\"Entdecken Sie den Ovalen Pouf: eine Verschmelzung von Komfort und zeitgen\u00f6ssischer \u00c4sthetik. Mit zwei grafischen Ebenen und in einer Vielzahl von Bez\u00fcgen.\" \/>\n<meta property=\"og:url\" content=\"https:\/\/ekkla.ch\/de\/produit\/pouf-oval-tannengruen-velours-l87-ferm-living\/\" \/>\n<meta property=\"og:site_name\" content=\"Ekkla\" \/>\n<meta property=\"article:modified_time\" content=\"2024-06-05T16:19:14+00:00\" \/>\n<meta property=\"og:image\" content=\"https:\/\/ekkla.ch\/wp-content\/uploads\/2024\/05\/ekkla-light-meubles-luminaires_0005_Pouf-round-faded-velvet_100227-669.jpg\" \/>\n\t<meta property=\"og:image:width\" content=\"1000\" \/>\n\t<meta property=\"og:image:height\" content=\"1000\" \/>\n\t<meta property=\"og:image:type\" content=\"image\/jpeg\" \/>\n<meta name=\"twitter:card\" content=\"summary_large_image\" \/>\n<meta name=\"twitter:label1\" content=\"Gesch\u00e4tzte Lesezeit\" \/>\n\t<meta name=\"twitter:data1\" content=\"1\u00a0Minute\" \/>\n<script type=\"application\/ld+json\" class=\"yoast-schema-graph\">{\"@context\":\"https:\/\/schema.org\",\"@graph\":[{\"@type\":\"WebPage\",\"@id\":\"https:\/\/ekkla.ch\/de\/produit\/pouf-oval-tannengruen-velours-l87-ferm-living\/\",\"url\":\"https:\/\/ekkla.ch\/de\/produit\/pouf-oval-tannengruen-velours-l87-ferm-living\/\",\"name\":\"Pouf Oval | Tannengr\u00fcn | Velours | L87 | Ferm Living | Ekkla\",\"isPartOf\":{\"@id\":\"https:\/\/ekkla.ch\/#website\"},\"primaryImageOfPage\":{\"@id\":\"https:\/\/ekkla.ch\/de\/produit\/pouf-oval-tannengruen-velours-l87-ferm-living\/#primaryimage\"},\"image\":{\"@id\":\"https:\/\/ekkla.ch\/de\/produit\/pouf-oval-tannengruen-velours-l87-ferm-living\/#primaryimage\"},\"thumbnailUrl\":\"https:\/\/ekkla.ch\/wp-content\/uploads\/2024\/05\/ekkla-light-meubles-luminaires_0005_Pouf-round-faded-velvet_100227-669.jpg\",\"datePublished\":\"2024-05-14T19:20:27+00:00\",\"dateModified\":\"2024-06-05T16:19:14+00:00\",\"description\":\"Entdecken Sie den Ovalen Pouf: eine Verschmelzung von Komfort und zeitgen\u00f6ssischer \u00c4sthetik. Mit zwei grafischen Ebenen und in einer Vielzahl von Bez\u00fcgen.\",\"breadcrumb\":{\"@id\":\"https:\/\/ekkla.ch\/de\/produit\/pouf-oval-tannengruen-velours-l87-ferm-living\/#breadcrumb\"},\"inLanguage\":\"de\",\"potentialAction\":[{\"@type\":\"ReadAction\",\"target\":[\"https:\/\/ekkla.ch\/de\/produit\/pouf-oval-tannengruen-velours-l87-ferm-living\/\"]}]},{\"@type\":\"ImageObject\",\"inLanguage\":\"de\",\"@id\":\"https:\/\/ekkla.ch\/de\/produit\/pouf-oval-tannengruen-velours-l87-ferm-living\/#primaryimage\",\"url\":\"https:\/\/ekkla.ch\/wp-content\/uploads\/2024\/05\/ekkla-light-meubles-luminaires_0005_Pouf-round-faded-velvet_100227-669.jpg\",\"contentUrl\":\"https:\/\/ekkla.ch\/wp-content\/uploads\/2024\/05\/ekkla-light-meubles-luminaires_0005_Pouf-round-faded-velvet_100227-669.jpg\",\"width\":1000,\"height\":1000},{\"@type\":\"BreadcrumbList\",\"@id\":\"https:\/\/ekkla.ch\/de\/produit\/pouf-oval-tannengruen-velours-l87-ferm-living\/#breadcrumb\",\"itemListElement\":[{\"@type\":\"ListItem\",\"position\":1,\"name\":\"Home\",\"item\":\"https:\/\/ekkla.ch\/de\/\"},{\"@type\":\"ListItem\",\"position\":2,\"name\":\"Shop\",\"item\":\"https:\/\/ekkla.ch\/de\/shop\/\"},{\"@type\":\"ListItem\",\"position\":3,\"name\":\"Pouf Oval &#8211; Tannengr\u00fcn &#8211; velours &#8211; L87 &#8211; Ferm Living\"}]},{\"@type\":\"WebSite\",\"@id\":\"https:\/\/ekkla.ch\/#website\",\"url\":\"https:\/\/ekkla.ch\/\",\"name\":\"Ekkla\",\"description\":\"Der Onlineshop f\u00fcr Beleuchtung\",\"publisher\":{\"@id\":\"https:\/\/ekkla.ch\/#organization\"},\"potentialAction\":[{\"@type\":\"SearchAction\",\"target\":{\"@type\":\"EntryPoint\",\"urlTemplate\":\"https:\/\/ekkla.ch\/?s={search_term_string}\"},\"query-input\":\"required name=search_term_string\"}],\"inLanguage\":\"de\"},{\"@type\":\"Organization\",\"@id\":\"https:\/\/ekkla.ch\/#organization\",\"name\":\"Ekkla\",\"url\":\"https:\/\/ekkla.ch\/\",\"logo\":{\"@type\":\"ImageObject\",\"inLanguage\":\"de\",\"@id\":\"https:\/\/ekkla.ch\/#\/schema\/logo\/image\/\",\"url\":\"http:\/\/ekkla.ch\/wp-content\/uploads\/2019\/07\/logo-1.svg\",\"contentUrl\":\"http:\/\/ekkla.ch\/wp-content\/uploads\/2019\/07\/logo-1.svg\",\"width\":1,\"height\":1,\"caption\":\"Ekkla\"},\"image\":{\"@id\":\"https:\/\/ekkla.ch\/#\/schema\/logo\/image\/\"},\"sameAs\":[\"https:\/\/www.instagram.com\/ekkla_light\/\"]}]}<\/script>\n<!-- \/ Yoast SEO Premium plugin. -->","yoast_head_json":{"title":"Pouf Oval | Tannengr\u00fcn | Velours | L87 | Ferm Living | Ekkla","description":"Entdecken Sie den Ovalen Pouf: eine Verschmelzung von Komfort und zeitgen\u00f6ssischer \u00c4sthetik. Mit zwei grafischen Ebenen und in einer Vielzahl von Bez\u00fcgen.","robots":{"index":"index","follow":"follow","max-snippet":"max-snippet:-1","max-image-preview":"max-image-preview:large","max-video-preview":"max-video-preview:-1"},"canonical":"https:\/\/ekkla.ch\/de\/produit\/pouf-oval-tannengruen-velours-l87-ferm-living\/","og_locale":"de_DE","og_type":"article","og_title":"Pouf Oval - Tannengr\u00fcn - velours - L87 - Ferm Living","og_description":"Entdecken Sie den Ovalen Pouf: eine Verschmelzung von Komfort und zeitgen\u00f6ssischer \u00c4sthetik. Mit zwei grafischen Ebenen und in einer Vielzahl von Bez\u00fcgen.","og_url":"https:\/\/ekkla.ch\/de\/produit\/pouf-oval-tannengruen-velours-l87-ferm-living\/","og_site_name":"Ekkla","article_modified_time":"2024-06-05T16:19:14+00:00","og_image":[{"width":1000,"height":1000,"url":"https:\/\/ekkla.ch\/wp-content\/uploads\/2024\/05\/ekkla-light-meubles-luminaires_0005_Pouf-round-faded-velvet_100227-669.jpg","type":"image\/jpeg"}],"twitter_card":"summary_large_image","twitter_misc":{"Gesch\u00e4tzte Lesezeit":"1\u00a0Minute"},"schema":{"@context":"https:\/\/schema.org","@graph":[{"@type":"WebPage","@id":"https:\/\/ekkla.ch\/de\/produit\/pouf-oval-tannengruen-velours-l87-ferm-living\/","url":"https:\/\/ekkla.ch\/de\/produit\/pouf-oval-tannengruen-velours-l87-ferm-living\/","name":"Pouf Oval | Tannengr\u00fcn | Velours | L87 | Ferm Living | Ekkla","isPartOf":{"@id":"https:\/\/ekkla.ch\/#website"},"primaryImageOfPage":{"@id":"https:\/\/ekkla.ch\/de\/produit\/pouf-oval-tannengruen-velours-l87-ferm-living\/#primaryimage"},"image":{"@id":"https:\/\/ekkla.ch\/de\/produit\/pouf-oval-tannengruen-velours-l87-ferm-living\/#primaryimage"},"thumbnailUrl":"https:\/\/ekkla.ch\/wp-content\/uploads\/2024\/05\/ekkla-light-meubles-luminaires_0005_Pouf-round-faded-velvet_100227-669.jpg","datePublished":"2024-05-14T19:20:27+00:00","dateModified":"2024-06-05T16:19:14+00:00","description":"Entdecken Sie den Ovalen Pouf: eine Verschmelzung von Komfort und zeitgen\u00f6ssischer \u00c4sthetik. Mit zwei grafischen Ebenen und in einer Vielzahl von Bez\u00fcgen.","breadcrumb":{"@id":"https:\/\/ekkla.ch\/de\/produit\/pouf-oval-tannengruen-velours-l87-ferm-living\/#breadcrumb"},"inLanguage":"de","potentialAction":[{"@type":"ReadAction","target":["https:\/\/ekkla.ch\/de\/produit\/pouf-oval-tannengruen-velours-l87-ferm-living\/"]}]},{"@type":"ImageObject","inLanguage":"de","@id":"https:\/\/ekkla.ch\/de\/produit\/pouf-oval-tannengruen-velours-l87-ferm-living\/#primaryimage","url":"https:\/\/ekkla.ch\/wp-content\/uploads\/2024\/05\/ekkla-light-meubles-luminaires_0005_Pouf-round-faded-velvet_100227-669.jpg","contentUrl":"https:\/\/ekkla.ch\/wp-content\/uploads\/2024\/05\/ekkla-light-meubles-luminaires_0005_Pouf-round-faded-velvet_100227-669.jpg","width":1000,"height":1000},{"@type":"BreadcrumbList","@id":"https:\/\/ekkla.ch\/de\/produit\/pouf-oval-tannengruen-velours-l87-ferm-living\/#breadcrumb","itemListElement":[{"@type":"ListItem","position":1,"name":"Home","item":"https:\/\/ekkla.ch\/de\/"},{"@type":"ListItem","position":2,"name":"Shop","item":"https:\/\/ekkla.ch\/de\/shop\/"},{"@type":"ListItem","position":3,"name":"Pouf Oval &#8211; Tannengr\u00fcn &#8211; velours &#8211; L87 &#8211; Ferm Living"}]},{"@type":"WebSite","@id":"https:\/\/ekkla.ch\/#website","url":"https:\/\/ekkla.ch\/","name":"Ekkla","description":"Der Onlineshop f\u00fcr Beleuchtung","publisher":{"@id":"https:\/\/ekkla.ch\/#organization"},"potentialAction":[{"@type":"SearchAction","target":{"@type":"EntryPoint","urlTemplate":"https:\/\/ekkla.ch\/?s={search_term_string}"},"query-input":"required name=search_term_string"}],"inLanguage":"de"},{"@type":"Organization","@id":"https:\/\/ekkla.ch\/#organization","name":"Ekkla","url":"https:\/\/ekkla.ch\/","logo":{"@type":"ImageObject","inLanguage":"de","@id":"https:\/\/ekkla.ch\/#\/schema\/logo\/image\/","url":"http:\/\/ekkla.ch\/wp-content\/uploads\/2019\/07\/logo-1.svg","contentUrl":"http:\/\/ekkla.ch\/wp-content\/uploads\/2019\/07\/logo-1.svg","width":1,"height":1,"caption":"Ekkla"},"image":{"@id":"https:\/\/ekkla.ch\/#\/schema\/logo\/image\/"},"sameAs":["https:\/\/www.instagram.com\/ekkla_light\/"]}]}},"_links":{"self":[{"href":"https:\/\/ekkla.ch\/de\/wp-json\/wp\/v2\/product\/194749"}],"collection":[{"href":"https:\/\/ekkla.ch\/de\/wp-json\/wp\/v2\/product"}],"about":[{"href":"https:\/\/ekkla.ch\/de\/wp-json\/wp\/v2\/types\/product"}],"wp:featuredmedia":[{"embeddable":true,"href":"https:\/\/ekkla.ch\/de\/wp-json\/wp\/v2\/media\/193048"}],"wp:attachment":[{"href":"https:\/\/ekkla.ch\/de\/wp-json\/wp\/v2\/media?parent=194749"}],"wp:term":[{"taxonomy":"product_cat","embeddable":true,"href":"https:\/\/ekkla.ch\/de\/wp-json\/wp\/v2\/product_cat?post=194749"},{"taxonomy":"product_tag","embeddable":true,"href":"https:\/\/ekkla.ch\/de\/wp-json\/wp\/v2\/product_tag?post=194749"}],"curies":[{"name":"wp","href":"https:\/\/api.w.org\/{rel}","templated":true}]}}