{"id":194762,"date":"2024-05-14T18:11:33","date_gmt":"2024-05-14T16:11:33","guid":{"rendered":"https:\/\/ekkla.ch\/produit\/chaise-herman-chene-naturel-ferm-living\/"},"modified":"2024-06-05T19:40:27","modified_gmt":"2024-06-05T17:40:27","slug":"stuhl-herman-natuerliche-eiche-ferm-living","status":"publish","type":"product","link":"https:\/\/ekkla.ch\/de\/produit\/stuhl-herman-natuerliche-eiche-ferm-living\/","title":{"rendered":"Herman Stuhl- Nat\u00fcrliche Eiche &#8211; Ferm Living"},"content":{"rendered":"<p>Der Herman Esszimmerstuhl vereint gekonnt zeitgem\u00e4\u00dfes Design mit schlanker Funktionalit\u00e4t. Vollst\u00e4ndig aus FSC\u00ae-zertifiziertem Holz gefertigt, verf\u00fcgt er \u00fcber einen massiven Eichenrahmen und eine R\u00fcckenlehne aus Eichenfurnier. Die breite, geschwungene R\u00fcckenlehne bietet hervorragende R\u00fcckenunterst\u00fctzung und kann als Armlehne dienen, w\u00e4hrend sein zeitloses Erscheinungsbild perfekt in jede h\u00e4usliche Umgebung passt. Entworfen in Zusammenarbeit mit dem d\u00e4nischen Designstudio Herman Studio bietet die Herman-Familie eine Auswahl an Sitzm\u00f6beln, die durch elegante Linienf\u00fchrung und funktionale \u00c4sthetik gekennzeichnet sind.<\/p>\n<blockquote>\n<h2><strong>Merkmale &amp; Eigenschaften<\/strong><\/h2>\n<p style=\"font-weight: 400\"><strong>Marke<\/strong> Ferm Living<\/p>\n<p style=\"font-weight: 400\"><strong>Farbe<\/strong> Nat\u00fcrliche Eiche<\/p>\n<p style=\"font-weight: 400\"><strong>Material<\/strong> Sitzfl\u00e4che und R\u00fcckenlehne: Dunkle Buche furniert. Gestell: Nat\u00fcrliches massives Eichenholz. FSC\u00ae-zertifiziertes Mischholz.<\/p>\n<p style=\"font-weight: 400\"><strong>L\u00e4nge (cm) <\/strong>46<\/p>\n<p style=\"font-weight: 400\"><strong>Breite (cm) <\/strong>47.5<\/p>\n<p style=\"font-weight: 400\"><strong>H\u00f6he (cm) <\/strong>75.5<\/p>\n<p style=\"font-weight: 400\"><strong>Gewicht (kg)<\/strong> 4<\/p>\n<\/blockquote>\n","protected":false},"excerpt":{"rendered":"<p>Der Herman Esszimmerstuhl vereint gekonnt zeitgem\u00e4\u00dfes Design mit schlanker Funktionalit\u00e4t. Vollst\u00e4ndig aus FSC\u00ae-zertifiziertem Holz gefertigt, verf\u00fcgt er \u00fcber einen massiven Eichenrahmen und eine R\u00fcckenlehne aus Eichenfurnier. Die breite, geschwungene R\u00fcckenlehne bietet hervorragende R\u00fcckenunterst\u00fctzung und kann als Armlehne dienen, w\u00e4hrend sein zeitloses Erscheinungsbild perfekt in jede h\u00e4usliche Umgebung passt. Entworfen in Zusammenarbeit mit dem d\u00e4nischen Designstudio [&hellip;]<\/p>\n","protected":false},"featured_media":193292,"template":"","meta":{"_acf_changed":false,"om_disable_all_campaigns":false},"product_cat":[964,968],"product_tag":[1258,896,1188,1265,816],"bundled_by":[],"bundle_stock_status":"onbackorder","bundle_stock_quantity":null,"bundle_virtual":false,"bundle_layout":"","bundle_add_to_cart_form_location":"","bundle_editable_in_cart":false,"bundle_sold_individually_context":"","bundle_item_grouping":"","bundle_min_size":"","bundle_max_size":"","bundle_price":[],"bundled_items":[],"bundle_sell_ids":[],"acf":[],"yoast_head":"<!-- This site is optimized with the Yoast SEO Premium plugin v22.2 (Yoast SEO v22.8) - https:\/\/yoast.com\/wordpress\/plugins\/seo\/ -->\n<title>Herman Stuhl | Nat\u00fcrliche Eiche | Ferm Living<\/title>\n<meta name=\"description\" content=\"Entdecken Sie den Herman Dining Chair: zeitgem\u00e4\u00dfes Design, optimale Funktionalit\u00e4t. Hergestellt aus FSC\u00ae-zertifiziertem Holz.\" \/>\n<meta name=\"robots\" content=\"index, follow, max-snippet:-1, max-image-preview:large, max-video-preview:-1\" \/>\n<link rel=\"canonical\" href=\"https:\/\/ekkla.ch\/de\/produit\/stuhl-herman-natuerliche-eiche-ferm-living\/\" \/>\n<meta property=\"og:locale\" content=\"de_DE\" \/>\n<meta property=\"og:type\" content=\"article\" \/>\n<meta property=\"og:title\" content=\"Herman Stuhl- Nat\u00fcrliche Eiche - Ferm Living\" \/>\n<meta property=\"og:description\" content=\"Entdecken Sie den Herman Dining Chair: zeitgem\u00e4\u00dfes Design, optimale Funktionalit\u00e4t. Hergestellt aus FSC\u00ae-zertifiziertem Holz.\" \/>\n<meta property=\"og:url\" content=\"https:\/\/ekkla.ch\/de\/produit\/stuhl-herman-natuerliche-eiche-ferm-living\/\" \/>\n<meta property=\"og:site_name\" content=\"Ekkla\" \/>\n<meta property=\"article:modified_time\" content=\"2024-06-05T17:40:27+00:00\" \/>\n<meta property=\"og:image\" content=\"https:\/\/ekkla.ch\/wp-content\/uploads\/2024\/05\/ekkla-light-meubles-luminaires_0061_fermLIVING_SS21_HermanDiningChair_1104263538_1-2.jpg\" \/>\n\t<meta property=\"og:image:width\" content=\"1000\" \/>\n\t<meta property=\"og:image:height\" content=\"1000\" \/>\n\t<meta property=\"og:image:type\" content=\"image\/jpeg\" \/>\n<meta name=\"twitter:card\" content=\"summary_large_image\" \/>\n<meta name=\"twitter:label1\" content=\"Gesch\u00e4tzte Lesezeit\" \/>\n\t<meta name=\"twitter:data1\" content=\"1\u00a0Minute\" \/>\n<script type=\"application\/ld+json\" class=\"yoast-schema-graph\">{\"@context\":\"https:\/\/schema.org\",\"@graph\":[{\"@type\":\"WebPage\",\"@id\":\"https:\/\/ekkla.ch\/de\/produit\/stuhl-herman-natuerliche-eiche-ferm-living\/\",\"url\":\"https:\/\/ekkla.ch\/de\/produit\/stuhl-herman-natuerliche-eiche-ferm-living\/\",\"name\":\"Herman Stuhl | Nat\u00fcrliche Eiche | Ferm Living\",\"isPartOf\":{\"@id\":\"https:\/\/ekkla.ch\/#website\"},\"primaryImageOfPage\":{\"@id\":\"https:\/\/ekkla.ch\/de\/produit\/stuhl-herman-natuerliche-eiche-ferm-living\/#primaryimage\"},\"image\":{\"@id\":\"https:\/\/ekkla.ch\/de\/produit\/stuhl-herman-natuerliche-eiche-ferm-living\/#primaryimage\"},\"thumbnailUrl\":\"https:\/\/ekkla.ch\/wp-content\/uploads\/2024\/05\/ekkla-light-meubles-luminaires_0061_fermLIVING_SS21_HermanDiningChair_1104263538_1-2.jpg\",\"datePublished\":\"2024-05-14T16:11:33+00:00\",\"dateModified\":\"2024-06-05T17:40:27+00:00\",\"description\":\"Entdecken Sie den Herman Dining Chair: zeitgem\u00e4\u00dfes Design, optimale Funktionalit\u00e4t. Hergestellt aus FSC\u00ae-zertifiziertem Holz.\",\"breadcrumb\":{\"@id\":\"https:\/\/ekkla.ch\/de\/produit\/stuhl-herman-natuerliche-eiche-ferm-living\/#breadcrumb\"},\"inLanguage\":\"de\",\"potentialAction\":[{\"@type\":\"ReadAction\",\"target\":[\"https:\/\/ekkla.ch\/de\/produit\/stuhl-herman-natuerliche-eiche-ferm-living\/\"]}]},{\"@type\":\"ImageObject\",\"inLanguage\":\"de\",\"@id\":\"https:\/\/ekkla.ch\/de\/produit\/stuhl-herman-natuerliche-eiche-ferm-living\/#primaryimage\",\"url\":\"https:\/\/ekkla.ch\/wp-content\/uploads\/2024\/05\/ekkla-light-meubles-luminaires_0061_fermLIVING_SS21_HermanDiningChair_1104263538_1-2.jpg\",\"contentUrl\":\"https:\/\/ekkla.ch\/wp-content\/uploads\/2024\/05\/ekkla-light-meubles-luminaires_0061_fermLIVING_SS21_HermanDiningChair_1104263538_1-2.jpg\",\"width\":1000,\"height\":1000},{\"@type\":\"BreadcrumbList\",\"@id\":\"https:\/\/ekkla.ch\/de\/produit\/stuhl-herman-natuerliche-eiche-ferm-living\/#breadcrumb\",\"itemListElement\":[{\"@type\":\"ListItem\",\"position\":1,\"name\":\"Home\",\"item\":\"https:\/\/ekkla.ch\/de\/\"},{\"@type\":\"ListItem\",\"position\":2,\"name\":\"Shop\",\"item\":\"https:\/\/ekkla.ch\/de\/shop\/\"},{\"@type\":\"ListItem\",\"position\":3,\"name\":\"Herman Stuhl- Nat\u00fcrliche Eiche &#8211; Ferm Living\"}]},{\"@type\":\"WebSite\",\"@id\":\"https:\/\/ekkla.ch\/#website\",\"url\":\"https:\/\/ekkla.ch\/\",\"name\":\"Ekkla\",\"description\":\"Der Onlineshop f\u00fcr Beleuchtung\",\"publisher\":{\"@id\":\"https:\/\/ekkla.ch\/#organization\"},\"potentialAction\":[{\"@type\":\"SearchAction\",\"target\":{\"@type\":\"EntryPoint\",\"urlTemplate\":\"https:\/\/ekkla.ch\/?s={search_term_string}\"},\"query-input\":\"required name=search_term_string\"}],\"inLanguage\":\"de\"},{\"@type\":\"Organization\",\"@id\":\"https:\/\/ekkla.ch\/#organization\",\"name\":\"Ekkla\",\"url\":\"https:\/\/ekkla.ch\/\",\"logo\":{\"@type\":\"ImageObject\",\"inLanguage\":\"de\",\"@id\":\"https:\/\/ekkla.ch\/#\/schema\/logo\/image\/\",\"url\":\"http:\/\/ekkla.ch\/wp-content\/uploads\/2019\/07\/logo-1.svg\",\"contentUrl\":\"http:\/\/ekkla.ch\/wp-content\/uploads\/2019\/07\/logo-1.svg\",\"width\":1,\"height\":1,\"caption\":\"Ekkla\"},\"image\":{\"@id\":\"https:\/\/ekkla.ch\/#\/schema\/logo\/image\/\"},\"sameAs\":[\"https:\/\/www.instagram.com\/ekkla_light\/\"]}]}<\/script>\n<!-- \/ Yoast SEO Premium plugin. -->","yoast_head_json":{"title":"Herman Stuhl | Nat\u00fcrliche Eiche | Ferm Living","description":"Entdecken Sie den Herman Dining Chair: zeitgem\u00e4\u00dfes Design, optimale Funktionalit\u00e4t. Hergestellt aus FSC\u00ae-zertifiziertem Holz.","robots":{"index":"index","follow":"follow","max-snippet":"max-snippet:-1","max-image-preview":"max-image-preview:large","max-video-preview":"max-video-preview:-1"},"canonical":"https:\/\/ekkla.ch\/de\/produit\/stuhl-herman-natuerliche-eiche-ferm-living\/","og_locale":"de_DE","og_type":"article","og_title":"Herman Stuhl- Nat\u00fcrliche Eiche - Ferm Living","og_description":"Entdecken Sie den Herman Dining Chair: zeitgem\u00e4\u00dfes Design, optimale Funktionalit\u00e4t. Hergestellt aus FSC\u00ae-zertifiziertem Holz.","og_url":"https:\/\/ekkla.ch\/de\/produit\/stuhl-herman-natuerliche-eiche-ferm-living\/","og_site_name":"Ekkla","article_modified_time":"2024-06-05T17:40:27+00:00","og_image":[{"width":1000,"height":1000,"url":"https:\/\/ekkla.ch\/wp-content\/uploads\/2024\/05\/ekkla-light-meubles-luminaires_0061_fermLIVING_SS21_HermanDiningChair_1104263538_1-2.jpg","type":"image\/jpeg"}],"twitter_card":"summary_large_image","twitter_misc":{"Gesch\u00e4tzte Lesezeit":"1\u00a0Minute"},"schema":{"@context":"https:\/\/schema.org","@graph":[{"@type":"WebPage","@id":"https:\/\/ekkla.ch\/de\/produit\/stuhl-herman-natuerliche-eiche-ferm-living\/","url":"https:\/\/ekkla.ch\/de\/produit\/stuhl-herman-natuerliche-eiche-ferm-living\/","name":"Herman Stuhl | Nat\u00fcrliche Eiche | Ferm Living","isPartOf":{"@id":"https:\/\/ekkla.ch\/#website"},"primaryImageOfPage":{"@id":"https:\/\/ekkla.ch\/de\/produit\/stuhl-herman-natuerliche-eiche-ferm-living\/#primaryimage"},"image":{"@id":"https:\/\/ekkla.ch\/de\/produit\/stuhl-herman-natuerliche-eiche-ferm-living\/#primaryimage"},"thumbnailUrl":"https:\/\/ekkla.ch\/wp-content\/uploads\/2024\/05\/ekkla-light-meubles-luminaires_0061_fermLIVING_SS21_HermanDiningChair_1104263538_1-2.jpg","datePublished":"2024-05-14T16:11:33+00:00","dateModified":"2024-06-05T17:40:27+00:00","description":"Entdecken Sie den Herman Dining Chair: zeitgem\u00e4\u00dfes Design, optimale Funktionalit\u00e4t. Hergestellt aus FSC\u00ae-zertifiziertem Holz.","breadcrumb":{"@id":"https:\/\/ekkla.ch\/de\/produit\/stuhl-herman-natuerliche-eiche-ferm-living\/#breadcrumb"},"inLanguage":"de","potentialAction":[{"@type":"ReadAction","target":["https:\/\/ekkla.ch\/de\/produit\/stuhl-herman-natuerliche-eiche-ferm-living\/"]}]},{"@type":"ImageObject","inLanguage":"de","@id":"https:\/\/ekkla.ch\/de\/produit\/stuhl-herman-natuerliche-eiche-ferm-living\/#primaryimage","url":"https:\/\/ekkla.ch\/wp-content\/uploads\/2024\/05\/ekkla-light-meubles-luminaires_0061_fermLIVING_SS21_HermanDiningChair_1104263538_1-2.jpg","contentUrl":"https:\/\/ekkla.ch\/wp-content\/uploads\/2024\/05\/ekkla-light-meubles-luminaires_0061_fermLIVING_SS21_HermanDiningChair_1104263538_1-2.jpg","width":1000,"height":1000},{"@type":"BreadcrumbList","@id":"https:\/\/ekkla.ch\/de\/produit\/stuhl-herman-natuerliche-eiche-ferm-living\/#breadcrumb","itemListElement":[{"@type":"ListItem","position":1,"name":"Home","item":"https:\/\/ekkla.ch\/de\/"},{"@type":"ListItem","position":2,"name":"Shop","item":"https:\/\/ekkla.ch\/de\/shop\/"},{"@type":"ListItem","position":3,"name":"Herman Stuhl- Nat\u00fcrliche Eiche &#8211; Ferm Living"}]},{"@type":"WebSite","@id":"https:\/\/ekkla.ch\/#website","url":"https:\/\/ekkla.ch\/","name":"Ekkla","description":"Der Onlineshop f\u00fcr Beleuchtung","publisher":{"@id":"https:\/\/ekkla.ch\/#organization"},"potentialAction":[{"@type":"SearchAction","target":{"@type":"EntryPoint","urlTemplate":"https:\/\/ekkla.ch\/?s={search_term_string}"},"query-input":"required name=search_term_string"}],"inLanguage":"de"},{"@type":"Organization","@id":"https:\/\/ekkla.ch\/#organization","name":"Ekkla","url":"https:\/\/ekkla.ch\/","logo":{"@type":"ImageObject","inLanguage":"de","@id":"https:\/\/ekkla.ch\/#\/schema\/logo\/image\/","url":"http:\/\/ekkla.ch\/wp-content\/uploads\/2019\/07\/logo-1.svg","contentUrl":"http:\/\/ekkla.ch\/wp-content\/uploads\/2019\/07\/logo-1.svg","width":1,"height":1,"caption":"Ekkla"},"image":{"@id":"https:\/\/ekkla.ch\/#\/schema\/logo\/image\/"},"sameAs":["https:\/\/www.instagram.com\/ekkla_light\/"]}]}},"_links":{"self":[{"href":"https:\/\/ekkla.ch\/de\/wp-json\/wp\/v2\/product\/194762"}],"collection":[{"href":"https:\/\/ekkla.ch\/de\/wp-json\/wp\/v2\/product"}],"about":[{"href":"https:\/\/ekkla.ch\/de\/wp-json\/wp\/v2\/types\/product"}],"wp:featuredmedia":[{"embeddable":true,"href":"https:\/\/ekkla.ch\/de\/wp-json\/wp\/v2\/media\/193292"}],"wp:attachment":[{"href":"https:\/\/ekkla.ch\/de\/wp-json\/wp\/v2\/media?parent=194762"}],"wp:term":[{"taxonomy":"product_cat","embeddable":true,"href":"https:\/\/ekkla.ch\/de\/wp-json\/wp\/v2\/product_cat?post=194762"},{"taxonomy":"product_tag","embeddable":true,"href":"https:\/\/ekkla.ch\/de\/wp-json\/wp\/v2\/product_tag?post=194762"}],"curies":[{"name":"wp","href":"https:\/\/api.w.org\/{rel}","templated":true}]}}