{"id":194776,"date":"2024-05-09T17:39:34","date_gmt":"2024-05-09T15:39:34","guid":{"rendered":"https:\/\/ekkla.ch\/produit\/tapis-kelim-squares-160x250-ferm-living\/"},"modified":"2024-06-05T22:07:27","modified_gmt":"2024-06-05T20:07:27","slug":"kelim-teppich-squares-160x250-ferm-living","status":"publish","type":"product","link":"https:\/\/ekkla.ch\/de\/produit\/kelim-teppich-squares-160x250-ferm-living\/","title":{"rendered":"Tapis Kelim &#8211; Squares &#8211; 160X250 &#8211; Ferm Living"},"content":{"rendered":"<p>Ein Teppich grenzt den Raum ab und schafft Koh\u00e4renz zwischen M\u00f6beln und Accessoires. Der Kelim Merge Teppich, mit verbrannten Farbt\u00f6nen, erfindet das traditionelle Handwerk des Kelims neu mit auff\u00e4lligen geometrischen Formen und markanten Farbbl\u00f6cken. Jeder Kelim-Teppich wird von Hand gefertigt, ein Unikat, gewebt auf einem traditionellen &#8222;Punja&#8220;-Webstuhl mit handgef\u00e4rbten Wollf\u00e4den, die eine markante grobe Textur bieten.<\/p>\n<h2><strong>Merkmale &amp; Eigenschaften<\/strong><\/h2>\n<p style=\"font-weight: 400\"><strong>Marke<\/strong> Ferm Living<\/p>\n<p style=\"font-weight: 400\"><strong>Farben<\/strong> Squares<\/p>\n<p style=\"font-weight: 400\"><strong>Material<\/strong> 80% Wolle 20% Baumwolle<\/p>\n<p style=\"font-weight: 400\"><strong>L\u00e4nge (cm) <\/strong>250<\/p>\n<p style=\"font-weight: 400\"><strong>Breite (cm) <\/strong>160<\/p>\n<p style=\"font-weight: 400\"><strong>Gewicht (kg)<\/strong> 5.5<\/p>\n","protected":false},"excerpt":{"rendered":"<p>Ein Teppich grenzt den Raum ab und schafft Koh\u00e4renz zwischen M\u00f6beln und Accessoires. Der Kelim Merge Teppich, mit verbrannten Farbt\u00f6nen, erfindet das traditionelle Handwerk des Kelims neu mit auff\u00e4lligen geometrischen Formen und markanten Farbbl\u00f6cken. Jeder Kelim-Teppich wird von Hand gefertigt, ein Unikat, gewebt auf einem traditionellen &#8222;Punja&#8220;-Webstuhl mit handgef\u00e4rbten Wollf\u00e4den, die eine markante grobe Textur [&hellip;]<\/p>\n","protected":false},"featured_media":192903,"template":"","meta":{"_acf_changed":false,"om_disable_all_campaigns":false},"product_cat":[987,1085],"product_tag":[1258,896,1188,1265,816],"bundled_by":[],"bundle_stock_status":"onbackorder","bundle_stock_quantity":null,"bundle_virtual":false,"bundle_layout":"","bundle_add_to_cart_form_location":"","bundle_editable_in_cart":false,"bundle_sold_individually_context":"","bundle_item_grouping":"","bundle_min_size":"","bundle_max_size":"","bundle_price":[],"bundled_items":[],"bundle_sell_ids":[],"acf":[],"yoast_head":"<!-- This site is optimized with the Yoast SEO Premium plugin v22.2 (Yoast SEO v22.8) - https:\/\/yoast.com\/wordpress\/plugins\/seo\/ -->\n<title>Kelim Teppich | Ferm Living | Squares | 160X250 | Ekkla<\/title>\n<meta name=\"description\" content=\"Kelim Teppich : Traditionelles Handwerk neu interpretiert mit geometrischen Formen und lebendigen Farben. Handgefertigt.\" \/>\n<meta name=\"robots\" content=\"index, follow, max-snippet:-1, max-image-preview:large, max-video-preview:-1\" \/>\n<link rel=\"canonical\" href=\"https:\/\/ekkla.ch\/de\/produit\/kelim-teppich-squares-160x250-ferm-living\/\" \/>\n<meta property=\"og:locale\" content=\"de_DE\" \/>\n<meta property=\"og:type\" content=\"article\" \/>\n<meta property=\"og:title\" content=\"Tapis Kelim - Squares - 160X250 - Ferm Living\" \/>\n<meta property=\"og:description\" content=\"Kelim Teppich : Traditionelles Handwerk neu interpretiert mit geometrischen Formen und lebendigen Farben. Handgefertigt.\" \/>\n<meta property=\"og:url\" content=\"https:\/\/ekkla.ch\/de\/produit\/kelim-teppich-squares-160x250-ferm-living\/\" \/>\n<meta property=\"og:site_name\" content=\"Ekkla\" \/>\n<meta property=\"article:modified_time\" content=\"2024-06-05T20:07:27+00:00\" \/>\n<meta property=\"og:image\" content=\"https:\/\/ekkla.ch\/wp-content\/uploads\/2024\/05\/ekkla-light-meubles-luminaires_0064_fermLIVING_SS19_KelimRug_Large_Squares_100111651_1-1.jpg\" \/>\n\t<meta property=\"og:image:width\" content=\"1000\" \/>\n\t<meta property=\"og:image:height\" content=\"1000\" \/>\n\t<meta property=\"og:image:type\" content=\"image\/jpeg\" \/>\n<meta name=\"twitter:card\" content=\"summary_large_image\" \/>\n<meta name=\"twitter:label1\" content=\"Gesch\u00e4tzte Lesezeit\" \/>\n\t<meta name=\"twitter:data1\" content=\"1\u00a0Minute\" \/>\n<script type=\"application\/ld+json\" class=\"yoast-schema-graph\">{\"@context\":\"https:\/\/schema.org\",\"@graph\":[{\"@type\":\"WebPage\",\"@id\":\"https:\/\/ekkla.ch\/de\/produit\/kelim-teppich-squares-160x250-ferm-living\/\",\"url\":\"https:\/\/ekkla.ch\/de\/produit\/kelim-teppich-squares-160x250-ferm-living\/\",\"name\":\"Kelim Teppich | Ferm Living | Squares | 160X250 | Ekkla\",\"isPartOf\":{\"@id\":\"https:\/\/ekkla.ch\/#website\"},\"primaryImageOfPage\":{\"@id\":\"https:\/\/ekkla.ch\/de\/produit\/kelim-teppich-squares-160x250-ferm-living\/#primaryimage\"},\"image\":{\"@id\":\"https:\/\/ekkla.ch\/de\/produit\/kelim-teppich-squares-160x250-ferm-living\/#primaryimage\"},\"thumbnailUrl\":\"https:\/\/ekkla.ch\/wp-content\/uploads\/2024\/05\/ekkla-light-meubles-luminaires_0064_fermLIVING_SS19_KelimRug_Large_Squares_100111651_1-1.jpg\",\"datePublished\":\"2024-05-09T15:39:34+00:00\",\"dateModified\":\"2024-06-05T20:07:27+00:00\",\"description\":\"Kelim Teppich : Traditionelles Handwerk neu interpretiert mit geometrischen Formen und lebendigen Farben. Handgefertigt.\",\"breadcrumb\":{\"@id\":\"https:\/\/ekkla.ch\/de\/produit\/kelim-teppich-squares-160x250-ferm-living\/#breadcrumb\"},\"inLanguage\":\"de\",\"potentialAction\":[{\"@type\":\"ReadAction\",\"target\":[\"https:\/\/ekkla.ch\/de\/produit\/kelim-teppich-squares-160x250-ferm-living\/\"]}]},{\"@type\":\"ImageObject\",\"inLanguage\":\"de\",\"@id\":\"https:\/\/ekkla.ch\/de\/produit\/kelim-teppich-squares-160x250-ferm-living\/#primaryimage\",\"url\":\"https:\/\/ekkla.ch\/wp-content\/uploads\/2024\/05\/ekkla-light-meubles-luminaires_0064_fermLIVING_SS19_KelimRug_Large_Squares_100111651_1-1.jpg\",\"contentUrl\":\"https:\/\/ekkla.ch\/wp-content\/uploads\/2024\/05\/ekkla-light-meubles-luminaires_0064_fermLIVING_SS19_KelimRug_Large_Squares_100111651_1-1.jpg\",\"width\":1000,\"height\":1000},{\"@type\":\"BreadcrumbList\",\"@id\":\"https:\/\/ekkla.ch\/de\/produit\/kelim-teppich-squares-160x250-ferm-living\/#breadcrumb\",\"itemListElement\":[{\"@type\":\"ListItem\",\"position\":1,\"name\":\"Home\",\"item\":\"https:\/\/ekkla.ch\/de\/\"},{\"@type\":\"ListItem\",\"position\":2,\"name\":\"Shop\",\"item\":\"https:\/\/ekkla.ch\/de\/shop\/\"},{\"@type\":\"ListItem\",\"position\":3,\"name\":\"Tapis Kelim &#8211; Squares &#8211; 160X250 &#8211; Ferm Living\"}]},{\"@type\":\"WebSite\",\"@id\":\"https:\/\/ekkla.ch\/#website\",\"url\":\"https:\/\/ekkla.ch\/\",\"name\":\"Ekkla\",\"description\":\"Der Onlineshop f\u00fcr Beleuchtung\",\"publisher\":{\"@id\":\"https:\/\/ekkla.ch\/#organization\"},\"potentialAction\":[{\"@type\":\"SearchAction\",\"target\":{\"@type\":\"EntryPoint\",\"urlTemplate\":\"https:\/\/ekkla.ch\/?s={search_term_string}\"},\"query-input\":\"required name=search_term_string\"}],\"inLanguage\":\"de\"},{\"@type\":\"Organization\",\"@id\":\"https:\/\/ekkla.ch\/#organization\",\"name\":\"Ekkla\",\"url\":\"https:\/\/ekkla.ch\/\",\"logo\":{\"@type\":\"ImageObject\",\"inLanguage\":\"de\",\"@id\":\"https:\/\/ekkla.ch\/#\/schema\/logo\/image\/\",\"url\":\"http:\/\/ekkla.ch\/wp-content\/uploads\/2019\/07\/logo-1.svg\",\"contentUrl\":\"http:\/\/ekkla.ch\/wp-content\/uploads\/2019\/07\/logo-1.svg\",\"width\":1,\"height\":1,\"caption\":\"Ekkla\"},\"image\":{\"@id\":\"https:\/\/ekkla.ch\/#\/schema\/logo\/image\/\"},\"sameAs\":[\"https:\/\/www.instagram.com\/ekkla_light\/\"]}]}<\/script>\n<!-- \/ Yoast SEO Premium plugin. -->","yoast_head_json":{"title":"Kelim Teppich | Ferm Living | Squares | 160X250 | Ekkla","description":"Kelim Teppich : Traditionelles Handwerk neu interpretiert mit geometrischen Formen und lebendigen Farben. Handgefertigt.","robots":{"index":"index","follow":"follow","max-snippet":"max-snippet:-1","max-image-preview":"max-image-preview:large","max-video-preview":"max-video-preview:-1"},"canonical":"https:\/\/ekkla.ch\/de\/produit\/kelim-teppich-squares-160x250-ferm-living\/","og_locale":"de_DE","og_type":"article","og_title":"Tapis Kelim - Squares - 160X250 - Ferm Living","og_description":"Kelim Teppich : Traditionelles Handwerk neu interpretiert mit geometrischen Formen und lebendigen Farben. Handgefertigt.","og_url":"https:\/\/ekkla.ch\/de\/produit\/kelim-teppich-squares-160x250-ferm-living\/","og_site_name":"Ekkla","article_modified_time":"2024-06-05T20:07:27+00:00","og_image":[{"width":1000,"height":1000,"url":"https:\/\/ekkla.ch\/wp-content\/uploads\/2024\/05\/ekkla-light-meubles-luminaires_0064_fermLIVING_SS19_KelimRug_Large_Squares_100111651_1-1.jpg","type":"image\/jpeg"}],"twitter_card":"summary_large_image","twitter_misc":{"Gesch\u00e4tzte Lesezeit":"1\u00a0Minute"},"schema":{"@context":"https:\/\/schema.org","@graph":[{"@type":"WebPage","@id":"https:\/\/ekkla.ch\/de\/produit\/kelim-teppich-squares-160x250-ferm-living\/","url":"https:\/\/ekkla.ch\/de\/produit\/kelim-teppich-squares-160x250-ferm-living\/","name":"Kelim Teppich | Ferm Living | Squares | 160X250 | Ekkla","isPartOf":{"@id":"https:\/\/ekkla.ch\/#website"},"primaryImageOfPage":{"@id":"https:\/\/ekkla.ch\/de\/produit\/kelim-teppich-squares-160x250-ferm-living\/#primaryimage"},"image":{"@id":"https:\/\/ekkla.ch\/de\/produit\/kelim-teppich-squares-160x250-ferm-living\/#primaryimage"},"thumbnailUrl":"https:\/\/ekkla.ch\/wp-content\/uploads\/2024\/05\/ekkla-light-meubles-luminaires_0064_fermLIVING_SS19_KelimRug_Large_Squares_100111651_1-1.jpg","datePublished":"2024-05-09T15:39:34+00:00","dateModified":"2024-06-05T20:07:27+00:00","description":"Kelim Teppich : Traditionelles Handwerk neu interpretiert mit geometrischen Formen und lebendigen Farben. Handgefertigt.","breadcrumb":{"@id":"https:\/\/ekkla.ch\/de\/produit\/kelim-teppich-squares-160x250-ferm-living\/#breadcrumb"},"inLanguage":"de","potentialAction":[{"@type":"ReadAction","target":["https:\/\/ekkla.ch\/de\/produit\/kelim-teppich-squares-160x250-ferm-living\/"]}]},{"@type":"ImageObject","inLanguage":"de","@id":"https:\/\/ekkla.ch\/de\/produit\/kelim-teppich-squares-160x250-ferm-living\/#primaryimage","url":"https:\/\/ekkla.ch\/wp-content\/uploads\/2024\/05\/ekkla-light-meubles-luminaires_0064_fermLIVING_SS19_KelimRug_Large_Squares_100111651_1-1.jpg","contentUrl":"https:\/\/ekkla.ch\/wp-content\/uploads\/2024\/05\/ekkla-light-meubles-luminaires_0064_fermLIVING_SS19_KelimRug_Large_Squares_100111651_1-1.jpg","width":1000,"height":1000},{"@type":"BreadcrumbList","@id":"https:\/\/ekkla.ch\/de\/produit\/kelim-teppich-squares-160x250-ferm-living\/#breadcrumb","itemListElement":[{"@type":"ListItem","position":1,"name":"Home","item":"https:\/\/ekkla.ch\/de\/"},{"@type":"ListItem","position":2,"name":"Shop","item":"https:\/\/ekkla.ch\/de\/shop\/"},{"@type":"ListItem","position":3,"name":"Tapis Kelim &#8211; Squares &#8211; 160X250 &#8211; Ferm Living"}]},{"@type":"WebSite","@id":"https:\/\/ekkla.ch\/#website","url":"https:\/\/ekkla.ch\/","name":"Ekkla","description":"Der Onlineshop f\u00fcr Beleuchtung","publisher":{"@id":"https:\/\/ekkla.ch\/#organization"},"potentialAction":[{"@type":"SearchAction","target":{"@type":"EntryPoint","urlTemplate":"https:\/\/ekkla.ch\/?s={search_term_string}"},"query-input":"required name=search_term_string"}],"inLanguage":"de"},{"@type":"Organization","@id":"https:\/\/ekkla.ch\/#organization","name":"Ekkla","url":"https:\/\/ekkla.ch\/","logo":{"@type":"ImageObject","inLanguage":"de","@id":"https:\/\/ekkla.ch\/#\/schema\/logo\/image\/","url":"http:\/\/ekkla.ch\/wp-content\/uploads\/2019\/07\/logo-1.svg","contentUrl":"http:\/\/ekkla.ch\/wp-content\/uploads\/2019\/07\/logo-1.svg","width":1,"height":1,"caption":"Ekkla"},"image":{"@id":"https:\/\/ekkla.ch\/#\/schema\/logo\/image\/"},"sameAs":["https:\/\/www.instagram.com\/ekkla_light\/"]}]}},"_links":{"self":[{"href":"https:\/\/ekkla.ch\/de\/wp-json\/wp\/v2\/product\/194776"}],"collection":[{"href":"https:\/\/ekkla.ch\/de\/wp-json\/wp\/v2\/product"}],"about":[{"href":"https:\/\/ekkla.ch\/de\/wp-json\/wp\/v2\/types\/product"}],"wp:featuredmedia":[{"embeddable":true,"href":"https:\/\/ekkla.ch\/de\/wp-json\/wp\/v2\/media\/192903"}],"wp:attachment":[{"href":"https:\/\/ekkla.ch\/de\/wp-json\/wp\/v2\/media?parent=194776"}],"wp:term":[{"taxonomy":"product_cat","embeddable":true,"href":"https:\/\/ekkla.ch\/de\/wp-json\/wp\/v2\/product_cat?post=194776"},{"taxonomy":"product_tag","embeddable":true,"href":"https:\/\/ekkla.ch\/de\/wp-json\/wp\/v2\/product_tag?post=194776"}],"curies":[{"name":"wp","href":"https:\/\/api.w.org\/{rel}","templated":true}]}}