{"id":194789,"date":"2024-05-08T18:58:55","date_gmt":"2024-05-08T16:58:55","guid":{"rendered":"https:\/\/ekkla.ch\/produit\/canape-desert-dolce-2-places-cachemire-sable-ferm-living\/"},"modified":"2024-06-06T00:22:23","modified_gmt":"2024-06-05T22:22:23","slug":"desert-strip-sofa-2-plaetze-schwarz-dunkler-sand-ferm-living","status":"publish","type":"product","link":"https:\/\/ekkla.ch\/de\/produit\/desert-strip-sofa-2-plaetze-schwarz-dunkler-sand-ferm-living\/","title":{"rendered":"Sofa Desert Stripe 2 Pl\u00e4tze &#8211; Schwarz &amp; Dunkler Sand &#8211; Ferm Living"},"content":{"rendered":"<p>Der Sommer steht f\u00fcr Entspannung und qualitativ hochwertige Momente in friedlichen Au\u00dfenbereichen. Schaffen Sie einen einladenden Lounge-Bereich mit dem Desert-Sofa, das ausreichend Platz zum Sonnenbaden, Lesen und Empfangen von Freunden und Familie bietet. Entworfen, um den unberechenbaren Wetterbedingungen standzuhalten, ist das Desert-Sofa ideal f\u00fcr den Einsatz im Freien. Seine bequemen Sofa-Kissen sind wasser- und UV-best\u00e4ndig, mit einem Fleckenschutz, der Haltbarkeit und Komfort gew\u00e4hrleistet.<\/p>\n<h2><strong>Merkmale &amp; Eigenschaften<\/strong><\/h2>\n<p style=\"font-weight: 400\"><strong>Marke<\/strong> Ferm living<\/p>\n<p style=\"font-weight: 400\"><strong>Farben<\/strong> Schwarz &amp; Dunkler Sand<\/p>\n<p style=\"font-weight: 400\"><strong>Material<\/strong> Stahlrahmen mit elektrolytischer Beschichtung und Vinyl-Polyester-Gewebe<\/p>\n<p style=\"font-weight: 400\"><strong>L\u00e4nge (cm) <\/strong>78<\/p>\n<p style=\"font-weight: 400\"><strong>Breite (cm) <\/strong>156<\/p>\n<p style=\"font-weight: 400\"><strong>H\u00f6he (cm) <\/strong>85<\/p>\n<p style=\"font-weight: 400\"><strong>Gewicht (kg)<\/strong> 18<\/p>\n","protected":false},"excerpt":{"rendered":"<p>Der Sommer steht f\u00fcr Entspannung und qualitativ hochwertige Momente in friedlichen Au\u00dfenbereichen. Schaffen Sie einen einladenden Lounge-Bereich mit dem Desert-Sofa, das ausreichend Platz zum Sonnenbaden, Lesen und Empfangen von Freunden und Familie bietet. Entworfen, um den unberechenbaren Wetterbedingungen standzuhalten, ist das Desert-Sofa ideal f\u00fcr den Einsatz im Freien. Seine bequemen Sofa-Kissen sind wasser- und UV-best\u00e4ndig, [&hellip;]<\/p>\n","protected":false},"featured_media":196846,"template":"","meta":{"_acf_changed":false,"om_disable_all_campaigns":false},"product_cat":[964,972],"product_tag":[1258,896,1188,1265,1022,816],"bundled_by":[],"bundle_stock_status":"onbackorder","bundle_stock_quantity":null,"bundle_virtual":false,"bundle_layout":"","bundle_add_to_cart_form_location":"","bundle_editable_in_cart":false,"bundle_sold_individually_context":"","bundle_item_grouping":"","bundle_min_size":"","bundle_max_size":"","bundle_price":[],"bundled_items":[],"bundle_sell_ids":[],"acf":[],"yoast_head":"<!-- This site is optimized with the Yoast SEO Premium plugin v22.2 (Yoast SEO v22.8) - https:\/\/yoast.com\/wordpress\/plugins\/seo\/ -->\n<title>Desert Stripe Sofa 2 Pl\u00e4tze | Ferm Living | Dunkler Sand | Ekkla<\/title>\n<meta name=\"description\" content=\"Canap\u00e9 Desert: Komfort und Langlebigkeit f\u00fcr Ihre Momente im Freien. Wasser- und UV-best\u00e4ndig, ideal zum Sonnenbaden, Lesen oder Entertainen.\" \/>\n<meta name=\"robots\" content=\"index, follow, max-snippet:-1, max-image-preview:large, max-video-preview:-1\" \/>\n<link rel=\"canonical\" href=\"https:\/\/ekkla.ch\/de\/produit\/desert-strip-sofa-2-plaetze-schwarz-dunkler-sand-ferm-living\/\" \/>\n<meta property=\"og:locale\" content=\"de_DE\" \/>\n<meta property=\"og:type\" content=\"article\" \/>\n<meta property=\"og:title\" content=\"Sofa Desert Stripe 2 Pl\u00e4tze - Schwarz &amp; Dunkler Sand - Ferm Living\" \/>\n<meta property=\"og:description\" content=\"Canap\u00e9 Desert: Komfort und Langlebigkeit f\u00fcr Ihre Momente im Freien. Wasser- und UV-best\u00e4ndig, ideal zum Sonnenbaden, Lesen oder Entertainen.\" \/>\n<meta property=\"og:url\" content=\"https:\/\/ekkla.ch\/de\/produit\/desert-strip-sofa-2-plaetze-schwarz-dunkler-sand-ferm-living\/\" \/>\n<meta property=\"og:site_name\" content=\"Ekkla\" \/>\n<meta property=\"article:modified_time\" content=\"2024-06-05T22:22:23+00:00\" \/>\n<meta property=\"og:image\" content=\"https:\/\/ekkla.ch\/wp-content\/uploads\/2024\/05\/ekkla-light-meubles-luminaires_0261_fermLIVING_DesertSofa_1104267306_1104267307_1104267308_01-1.jpg\" \/>\n\t<meta property=\"og:image:width\" content=\"1000\" \/>\n\t<meta property=\"og:image:height\" content=\"1000\" \/>\n\t<meta property=\"og:image:type\" content=\"image\/jpeg\" \/>\n<meta name=\"twitter:card\" content=\"summary_large_image\" \/>\n<meta name=\"twitter:label1\" content=\"Gesch\u00e4tzte Lesezeit\" \/>\n\t<meta name=\"twitter:data1\" content=\"1\u00a0Minute\" \/>\n<script type=\"application\/ld+json\" class=\"yoast-schema-graph\">{\"@context\":\"https:\/\/schema.org\",\"@graph\":[{\"@type\":\"WebPage\",\"@id\":\"https:\/\/ekkla.ch\/de\/produit\/desert-strip-sofa-2-plaetze-schwarz-dunkler-sand-ferm-living\/\",\"url\":\"https:\/\/ekkla.ch\/de\/produit\/desert-strip-sofa-2-plaetze-schwarz-dunkler-sand-ferm-living\/\",\"name\":\"Desert Stripe Sofa 2 Pl\u00e4tze | Ferm Living | Dunkler Sand | Ekkla\",\"isPartOf\":{\"@id\":\"https:\/\/ekkla.ch\/#website\"},\"primaryImageOfPage\":{\"@id\":\"https:\/\/ekkla.ch\/de\/produit\/desert-strip-sofa-2-plaetze-schwarz-dunkler-sand-ferm-living\/#primaryimage\"},\"image\":{\"@id\":\"https:\/\/ekkla.ch\/de\/produit\/desert-strip-sofa-2-plaetze-schwarz-dunkler-sand-ferm-living\/#primaryimage\"},\"thumbnailUrl\":\"https:\/\/ekkla.ch\/wp-content\/uploads\/2024\/05\/ekkla-light-meubles-luminaires_0013_fermLIVING-SS22-DesertSofa-2seater-BlackDarkSand-1104265434-pack-1.jpg\",\"datePublished\":\"2024-05-08T16:58:55+00:00\",\"dateModified\":\"2024-06-05T22:22:23+00:00\",\"description\":\"Canap\u00e9 Desert: Komfort und Langlebigkeit f\u00fcr Ihre Momente im Freien. Wasser- und UV-best\u00e4ndig, ideal zum Sonnenbaden, Lesen oder Entertainen.\",\"breadcrumb\":{\"@id\":\"https:\/\/ekkla.ch\/de\/produit\/desert-strip-sofa-2-plaetze-schwarz-dunkler-sand-ferm-living\/#breadcrumb\"},\"inLanguage\":\"de\",\"potentialAction\":[{\"@type\":\"ReadAction\",\"target\":[\"https:\/\/ekkla.ch\/de\/produit\/desert-strip-sofa-2-plaetze-schwarz-dunkler-sand-ferm-living\/\"]}]},{\"@type\":\"ImageObject\",\"inLanguage\":\"de\",\"@id\":\"https:\/\/ekkla.ch\/de\/produit\/desert-strip-sofa-2-plaetze-schwarz-dunkler-sand-ferm-living\/#primaryimage\",\"url\":\"https:\/\/ekkla.ch\/wp-content\/uploads\/2024\/05\/ekkla-light-meubles-luminaires_0013_fermLIVING-SS22-DesertSofa-2seater-BlackDarkSand-1104265434-pack-1.jpg\",\"contentUrl\":\"https:\/\/ekkla.ch\/wp-content\/uploads\/2024\/05\/ekkla-light-meubles-luminaires_0013_fermLIVING-SS22-DesertSofa-2seater-BlackDarkSand-1104265434-pack-1.jpg\",\"width\":1000,\"height\":1000},{\"@type\":\"BreadcrumbList\",\"@id\":\"https:\/\/ekkla.ch\/de\/produit\/desert-strip-sofa-2-plaetze-schwarz-dunkler-sand-ferm-living\/#breadcrumb\",\"itemListElement\":[{\"@type\":\"ListItem\",\"position\":1,\"name\":\"Home\",\"item\":\"https:\/\/ekkla.ch\/de\/\"},{\"@type\":\"ListItem\",\"position\":2,\"name\":\"Shop\",\"item\":\"https:\/\/ekkla.ch\/de\/shop\/\"},{\"@type\":\"ListItem\",\"position\":3,\"name\":\"Sofa Desert Stripe 2 Pl\u00e4tze &#8211; Schwarz &amp; Dunkler Sand &#8211; Ferm Living\"}]},{\"@type\":\"WebSite\",\"@id\":\"https:\/\/ekkla.ch\/#website\",\"url\":\"https:\/\/ekkla.ch\/\",\"name\":\"Ekkla\",\"description\":\"Der Onlineshop f\u00fcr Beleuchtung\",\"publisher\":{\"@id\":\"https:\/\/ekkla.ch\/#organization\"},\"potentialAction\":[{\"@type\":\"SearchAction\",\"target\":{\"@type\":\"EntryPoint\",\"urlTemplate\":\"https:\/\/ekkla.ch\/?s={search_term_string}\"},\"query-input\":\"required name=search_term_string\"}],\"inLanguage\":\"de\"},{\"@type\":\"Organization\",\"@id\":\"https:\/\/ekkla.ch\/#organization\",\"name\":\"Ekkla\",\"url\":\"https:\/\/ekkla.ch\/\",\"logo\":{\"@type\":\"ImageObject\",\"inLanguage\":\"de\",\"@id\":\"https:\/\/ekkla.ch\/#\/schema\/logo\/image\/\",\"url\":\"http:\/\/ekkla.ch\/wp-content\/uploads\/2019\/07\/logo-1.svg\",\"contentUrl\":\"http:\/\/ekkla.ch\/wp-content\/uploads\/2019\/07\/logo-1.svg\",\"width\":1,\"height\":1,\"caption\":\"Ekkla\"},\"image\":{\"@id\":\"https:\/\/ekkla.ch\/#\/schema\/logo\/image\/\"},\"sameAs\":[\"https:\/\/www.instagram.com\/ekkla_light\/\"]}]}<\/script>\n<!-- \/ Yoast SEO Premium plugin. -->","yoast_head_json":{"title":"Desert Stripe Sofa 2 Pl\u00e4tze | Ferm Living | Dunkler Sand | Ekkla","description":"Canap\u00e9 Desert: Komfort und Langlebigkeit f\u00fcr Ihre Momente im Freien. Wasser- und UV-best\u00e4ndig, ideal zum Sonnenbaden, Lesen oder Entertainen.","robots":{"index":"index","follow":"follow","max-snippet":"max-snippet:-1","max-image-preview":"max-image-preview:large","max-video-preview":"max-video-preview:-1"},"canonical":"https:\/\/ekkla.ch\/de\/produit\/desert-strip-sofa-2-plaetze-schwarz-dunkler-sand-ferm-living\/","og_locale":"de_DE","og_type":"article","og_title":"Sofa Desert Stripe 2 Pl\u00e4tze - Schwarz &amp; Dunkler Sand - Ferm Living","og_description":"Canap\u00e9 Desert: Komfort und Langlebigkeit f\u00fcr Ihre Momente im Freien. Wasser- und UV-best\u00e4ndig, ideal zum Sonnenbaden, Lesen oder Entertainen.","og_url":"https:\/\/ekkla.ch\/de\/produit\/desert-strip-sofa-2-plaetze-schwarz-dunkler-sand-ferm-living\/","og_site_name":"Ekkla","article_modified_time":"2024-06-05T22:22:23+00:00","og_image":[{"width":1000,"height":1000,"url":"https:\/\/ekkla.ch\/wp-content\/uploads\/2024\/05\/ekkla-light-meubles-luminaires_0261_fermLIVING_DesertSofa_1104267306_1104267307_1104267308_01-1.jpg","type":"image\/jpeg"}],"twitter_card":"summary_large_image","twitter_misc":{"Gesch\u00e4tzte Lesezeit":"1\u00a0Minute"},"schema":{"@context":"https:\/\/schema.org","@graph":[{"@type":"WebPage","@id":"https:\/\/ekkla.ch\/de\/produit\/desert-strip-sofa-2-plaetze-schwarz-dunkler-sand-ferm-living\/","url":"https:\/\/ekkla.ch\/de\/produit\/desert-strip-sofa-2-plaetze-schwarz-dunkler-sand-ferm-living\/","name":"Desert Stripe Sofa 2 Pl\u00e4tze | Ferm Living | Dunkler Sand | Ekkla","isPartOf":{"@id":"https:\/\/ekkla.ch\/#website"},"primaryImageOfPage":{"@id":"https:\/\/ekkla.ch\/de\/produit\/desert-strip-sofa-2-plaetze-schwarz-dunkler-sand-ferm-living\/#primaryimage"},"image":{"@id":"https:\/\/ekkla.ch\/de\/produit\/desert-strip-sofa-2-plaetze-schwarz-dunkler-sand-ferm-living\/#primaryimage"},"thumbnailUrl":"https:\/\/ekkla.ch\/wp-content\/uploads\/2024\/05\/ekkla-light-meubles-luminaires_0013_fermLIVING-SS22-DesertSofa-2seater-BlackDarkSand-1104265434-pack-1.jpg","datePublished":"2024-05-08T16:58:55+00:00","dateModified":"2024-06-05T22:22:23+00:00","description":"Canap\u00e9 Desert: Komfort und Langlebigkeit f\u00fcr Ihre Momente im Freien. Wasser- und UV-best\u00e4ndig, ideal zum Sonnenbaden, Lesen oder Entertainen.","breadcrumb":{"@id":"https:\/\/ekkla.ch\/de\/produit\/desert-strip-sofa-2-plaetze-schwarz-dunkler-sand-ferm-living\/#breadcrumb"},"inLanguage":"de","potentialAction":[{"@type":"ReadAction","target":["https:\/\/ekkla.ch\/de\/produit\/desert-strip-sofa-2-plaetze-schwarz-dunkler-sand-ferm-living\/"]}]},{"@type":"ImageObject","inLanguage":"de","@id":"https:\/\/ekkla.ch\/de\/produit\/desert-strip-sofa-2-plaetze-schwarz-dunkler-sand-ferm-living\/#primaryimage","url":"https:\/\/ekkla.ch\/wp-content\/uploads\/2024\/05\/ekkla-light-meubles-luminaires_0013_fermLIVING-SS22-DesertSofa-2seater-BlackDarkSand-1104265434-pack-1.jpg","contentUrl":"https:\/\/ekkla.ch\/wp-content\/uploads\/2024\/05\/ekkla-light-meubles-luminaires_0013_fermLIVING-SS22-DesertSofa-2seater-BlackDarkSand-1104265434-pack-1.jpg","width":1000,"height":1000},{"@type":"BreadcrumbList","@id":"https:\/\/ekkla.ch\/de\/produit\/desert-strip-sofa-2-plaetze-schwarz-dunkler-sand-ferm-living\/#breadcrumb","itemListElement":[{"@type":"ListItem","position":1,"name":"Home","item":"https:\/\/ekkla.ch\/de\/"},{"@type":"ListItem","position":2,"name":"Shop","item":"https:\/\/ekkla.ch\/de\/shop\/"},{"@type":"ListItem","position":3,"name":"Sofa Desert Stripe 2 Pl\u00e4tze &#8211; Schwarz &amp; Dunkler Sand &#8211; Ferm Living"}]},{"@type":"WebSite","@id":"https:\/\/ekkla.ch\/#website","url":"https:\/\/ekkla.ch\/","name":"Ekkla","description":"Der Onlineshop f\u00fcr Beleuchtung","publisher":{"@id":"https:\/\/ekkla.ch\/#organization"},"potentialAction":[{"@type":"SearchAction","target":{"@type":"EntryPoint","urlTemplate":"https:\/\/ekkla.ch\/?s={search_term_string}"},"query-input":"required name=search_term_string"}],"inLanguage":"de"},{"@type":"Organization","@id":"https:\/\/ekkla.ch\/#organization","name":"Ekkla","url":"https:\/\/ekkla.ch\/","logo":{"@type":"ImageObject","inLanguage":"de","@id":"https:\/\/ekkla.ch\/#\/schema\/logo\/image\/","url":"http:\/\/ekkla.ch\/wp-content\/uploads\/2019\/07\/logo-1.svg","contentUrl":"http:\/\/ekkla.ch\/wp-content\/uploads\/2019\/07\/logo-1.svg","width":1,"height":1,"caption":"Ekkla"},"image":{"@id":"https:\/\/ekkla.ch\/#\/schema\/logo\/image\/"},"sameAs":["https:\/\/www.instagram.com\/ekkla_light\/"]}]}},"_links":{"self":[{"href":"https:\/\/ekkla.ch\/de\/wp-json\/wp\/v2\/product\/194789"}],"collection":[{"href":"https:\/\/ekkla.ch\/de\/wp-json\/wp\/v2\/product"}],"about":[{"href":"https:\/\/ekkla.ch\/de\/wp-json\/wp\/v2\/types\/product"}],"wp:featuredmedia":[{"embeddable":true,"href":"https:\/\/ekkla.ch\/de\/wp-json\/wp\/v2\/media\/196846"}],"wp:attachment":[{"href":"https:\/\/ekkla.ch\/de\/wp-json\/wp\/v2\/media?parent=194789"}],"wp:term":[{"taxonomy":"product_cat","embeddable":true,"href":"https:\/\/ekkla.ch\/de\/wp-json\/wp\/v2\/product_cat?post=194789"},{"taxonomy":"product_tag","embeddable":true,"href":"https:\/\/ekkla.ch\/de\/wp-json\/wp\/v2\/product_tag?post=194789"}],"curies":[{"name":"wp","href":"https:\/\/api.w.org\/{rel}","templated":true}]}}