{"id":194797,"date":"2024-05-08T17:44:10","date_gmt":"2024-05-08T15:44:10","guid":{"rendered":"https:\/\/ekkla.ch\/produit\/fauteuil-desert-cachemire-cloud-ferm-living\/"},"modified":"2024-06-06T01:40:21","modified_gmt":"2024-06-05T23:40:21","slug":"sessel-wolke-kaschmir-wolke-living","status":"publish","type":"product","link":"https:\/\/ekkla.ch\/de\/produit\/sessel-wolke-kaschmir-wolke-living\/","title":{"rendered":"Sessel Desert &#8211; Kaschmir &amp; Wolke &#8211; Ferm Living"},"content":{"rendered":"<p>Ein modernistischer Stuhl mit elegantem Profil, der Desert Lounge Chair, besteht aus einem pulverbeschichteten Stahlrohrrahmen, der einen handgewebten, austauschbaren Textilsitz tr\u00e4gt. Dieser Sitz wird vollst\u00e4ndig aus recyceltem Kunststoff nach der Verbrauchernutzung hergestellt und zu PET-Garn verarbeitet. Geeignet f\u00fcr den Einsatz sowohl im Innen- als auch im Au\u00dfenbereich, l\u00e4dt dieses Loungedesign zur Entspannung ein.<\/p>\n<blockquote>\n<h2><strong>Merkmale &amp; Eigenschaften<\/strong><\/h2>\n<p style=\"font-weight: 400\"><strong>Marke<\/strong> Ferm Living<\/p>\n<p style=\"font-weight: 400\"><strong>Farben<\/strong> Kaschmir &amp; Wolke<\/p>\n<p style=\"font-weight: 400\"><strong>Material<\/strong> Stahlrahmen mit Pulverbeschichtung<\/p>\n<p style=\"font-weight: 400\"><strong>L\u00e4nge (cm) <\/strong>66<\/p>\n<p style=\"font-weight: 400\"><strong>Breite (cm) <\/strong>63<\/p>\n<p style=\"font-weight: 400\"><strong>H\u00f6he (cm)\u00a0<\/strong>77.5<\/p>\n<p style=\"font-weight: 400\"><strong>Gewicht (kg)<\/strong> 5.9<\/p>\n<\/blockquote>\n","protected":false},"excerpt":{"rendered":"<p>Ein modernistischer Stuhl mit elegantem Profil, der Desert Lounge Chair, besteht aus einem pulverbeschichteten Stahlrohrrahmen, der einen handgewebten, austauschbaren Textilsitz tr\u00e4gt. Dieser Sitz wird vollst\u00e4ndig aus recyceltem Kunststoff nach der Verbrauchernutzung hergestellt und zu PET-Garn verarbeitet. Geeignet f\u00fcr den Einsatz sowohl im Innen- als auch im Au\u00dfenbereich, l\u00e4dt dieses Loungedesign zur Entspannung ein. Merkmale &amp; [&hellip;]<\/p>\n","protected":false},"featured_media":192813,"template":"","meta":{"_acf_changed":false,"om_disable_all_campaigns":false},"product_cat":[977,964],"product_tag":[1258,896,1188,1265,1022,816],"bundled_by":[],"bundle_stock_status":"onbackorder","bundle_stock_quantity":null,"bundle_virtual":false,"bundle_layout":"","bundle_add_to_cart_form_location":"","bundle_editable_in_cart":false,"bundle_sold_individually_context":"","bundle_item_grouping":"","bundle_min_size":"","bundle_max_size":"","bundle_price":[],"bundled_items":[],"bundle_sell_ids":[],"acf":[],"yoast_head":"<!-- This site is optimized with the Yoast SEO Premium plugin v22.2 (Yoast SEO v22.8) - https:\/\/yoast.com\/wordpress\/plugins\/seo\/ -->\n<title>Sessel Desert | Ferm Living | Kaschmir &amp; Wolke | Ekkla<\/title>\n<meta name=\"description\" content=\"Desert Lounge Chair: moderne Eleganz und Umweltfreundlichkeit. Aus recycelten Materialien gefertigt, f\u00fcr den Innen- oder Au\u00dfenbereich.\" \/>\n<meta name=\"robots\" content=\"index, follow, max-snippet:-1, max-image-preview:large, max-video-preview:-1\" \/>\n<link rel=\"canonical\" href=\"https:\/\/ekkla.ch\/de\/produit\/sessel-wolke-kaschmir-wolke-living\/\" \/>\n<meta property=\"og:locale\" content=\"de_DE\" \/>\n<meta property=\"og:type\" content=\"article\" \/>\n<meta property=\"og:title\" content=\"Sessel Desert - Kaschmir &amp; Wolke - Ferm Living\" \/>\n<meta property=\"og:description\" content=\"Desert Lounge Chair: moderne Eleganz und Umweltfreundlichkeit. Aus recycelten Materialien gefertigt, f\u00fcr den Innen- oder Au\u00dfenbereich.\" \/>\n<meta property=\"og:url\" content=\"https:\/\/ekkla.ch\/de\/produit\/sessel-wolke-kaschmir-wolke-living\/\" \/>\n<meta property=\"og:site_name\" content=\"Ekkla\" \/>\n<meta property=\"article:modified_time\" content=\"2024-06-05T23:40:21+00:00\" \/>\n<meta property=\"og:image\" content=\"https:\/\/ekkla.ch\/wp-content\/uploads\/2024\/05\/1104267051_1_a2ce096c-0d10-413c-9611-0f6aa0ac9bc1_1440x.png.webp\" \/>\n\t<meta property=\"og:image:width\" content=\"1440\" \/>\n\t<meta property=\"og:image:height\" content=\"1920\" \/>\n\t<meta property=\"og:image:type\" content=\"image\/webp\" \/>\n<meta name=\"twitter:card\" content=\"summary_large_image\" \/>\n<meta name=\"twitter:label1\" content=\"Gesch\u00e4tzte Lesezeit\" \/>\n\t<meta name=\"twitter:data1\" content=\"1\u00a0Minute\" \/>\n<script type=\"application\/ld+json\" class=\"yoast-schema-graph\">{\"@context\":\"https:\/\/schema.org\",\"@graph\":[{\"@type\":\"WebPage\",\"@id\":\"https:\/\/ekkla.ch\/de\/produit\/sessel-wolke-kaschmir-wolke-living\/\",\"url\":\"https:\/\/ekkla.ch\/de\/produit\/sessel-wolke-kaschmir-wolke-living\/\",\"name\":\"Sessel Desert | Ferm Living | Kaschmir & Wolke | Ekkla\",\"isPartOf\":{\"@id\":\"https:\/\/ekkla.ch\/#website\"},\"primaryImageOfPage\":{\"@id\":\"https:\/\/ekkla.ch\/de\/produit\/sessel-wolke-kaschmir-wolke-living\/#primaryimage\"},\"image\":{\"@id\":\"https:\/\/ekkla.ch\/de\/produit\/sessel-wolke-kaschmir-wolke-living\/#primaryimage\"},\"thumbnailUrl\":\"https:\/\/ekkla.ch\/wp-content\/uploads\/2024\/05\/ekkla-light-meubles-luminaires_0051_fermLIVING_SS23_DesertLoungeChair_1104267051_1.jpg\",\"datePublished\":\"2024-05-08T15:44:10+00:00\",\"dateModified\":\"2024-06-05T23:40:21+00:00\",\"description\":\"Desert Lounge Chair: moderne Eleganz und Umweltfreundlichkeit. Aus recycelten Materialien gefertigt, f\u00fcr den Innen- oder Au\u00dfenbereich.\",\"breadcrumb\":{\"@id\":\"https:\/\/ekkla.ch\/de\/produit\/sessel-wolke-kaschmir-wolke-living\/#breadcrumb\"},\"inLanguage\":\"de\",\"potentialAction\":[{\"@type\":\"ReadAction\",\"target\":[\"https:\/\/ekkla.ch\/de\/produit\/sessel-wolke-kaschmir-wolke-living\/\"]}]},{\"@type\":\"ImageObject\",\"inLanguage\":\"de\",\"@id\":\"https:\/\/ekkla.ch\/de\/produit\/sessel-wolke-kaschmir-wolke-living\/#primaryimage\",\"url\":\"https:\/\/ekkla.ch\/wp-content\/uploads\/2024\/05\/ekkla-light-meubles-luminaires_0051_fermLIVING_SS23_DesertLoungeChair_1104267051_1.jpg\",\"contentUrl\":\"https:\/\/ekkla.ch\/wp-content\/uploads\/2024\/05\/ekkla-light-meubles-luminaires_0051_fermLIVING_SS23_DesertLoungeChair_1104267051_1.jpg\",\"width\":1000,\"height\":1000},{\"@type\":\"BreadcrumbList\",\"@id\":\"https:\/\/ekkla.ch\/de\/produit\/sessel-wolke-kaschmir-wolke-living\/#breadcrumb\",\"itemListElement\":[{\"@type\":\"ListItem\",\"position\":1,\"name\":\"Home\",\"item\":\"https:\/\/ekkla.ch\/de\/\"},{\"@type\":\"ListItem\",\"position\":2,\"name\":\"Shop\",\"item\":\"https:\/\/ekkla.ch\/de\/shop\/\"},{\"@type\":\"ListItem\",\"position\":3,\"name\":\"Sessel Desert &#8211; Kaschmir &amp; Wolke &#8211; Ferm Living\"}]},{\"@type\":\"WebSite\",\"@id\":\"https:\/\/ekkla.ch\/#website\",\"url\":\"https:\/\/ekkla.ch\/\",\"name\":\"Ekkla\",\"description\":\"Der Onlineshop f\u00fcr Beleuchtung\",\"publisher\":{\"@id\":\"https:\/\/ekkla.ch\/#organization\"},\"potentialAction\":[{\"@type\":\"SearchAction\",\"target\":{\"@type\":\"EntryPoint\",\"urlTemplate\":\"https:\/\/ekkla.ch\/?s={search_term_string}\"},\"query-input\":\"required name=search_term_string\"}],\"inLanguage\":\"de\"},{\"@type\":\"Organization\",\"@id\":\"https:\/\/ekkla.ch\/#organization\",\"name\":\"Ekkla\",\"url\":\"https:\/\/ekkla.ch\/\",\"logo\":{\"@type\":\"ImageObject\",\"inLanguage\":\"de\",\"@id\":\"https:\/\/ekkla.ch\/#\/schema\/logo\/image\/\",\"url\":\"http:\/\/ekkla.ch\/wp-content\/uploads\/2019\/07\/logo-1.svg\",\"contentUrl\":\"http:\/\/ekkla.ch\/wp-content\/uploads\/2019\/07\/logo-1.svg\",\"width\":1,\"height\":1,\"caption\":\"Ekkla\"},\"image\":{\"@id\":\"https:\/\/ekkla.ch\/#\/schema\/logo\/image\/\"},\"sameAs\":[\"https:\/\/www.instagram.com\/ekkla_light\/\"]}]}<\/script>\n<!-- \/ Yoast SEO Premium plugin. -->","yoast_head_json":{"title":"Sessel Desert | Ferm Living | Kaschmir & Wolke | Ekkla","description":"Desert Lounge Chair: moderne Eleganz und Umweltfreundlichkeit. Aus recycelten Materialien gefertigt, f\u00fcr den Innen- oder Au\u00dfenbereich.","robots":{"index":"index","follow":"follow","max-snippet":"max-snippet:-1","max-image-preview":"max-image-preview:large","max-video-preview":"max-video-preview:-1"},"canonical":"https:\/\/ekkla.ch\/de\/produit\/sessel-wolke-kaschmir-wolke-living\/","og_locale":"de_DE","og_type":"article","og_title":"Sessel Desert - Kaschmir &amp; Wolke - Ferm Living","og_description":"Desert Lounge Chair: moderne Eleganz und Umweltfreundlichkeit. Aus recycelten Materialien gefertigt, f\u00fcr den Innen- oder Au\u00dfenbereich.","og_url":"https:\/\/ekkla.ch\/de\/produit\/sessel-wolke-kaschmir-wolke-living\/","og_site_name":"Ekkla","article_modified_time":"2024-06-05T23:40:21+00:00","og_image":[{"width":1440,"height":1920,"url":"https:\/\/ekkla.ch\/wp-content\/uploads\/2024\/05\/1104267051_1_a2ce096c-0d10-413c-9611-0f6aa0ac9bc1_1440x.png.webp","type":"image\/webp"}],"twitter_card":"summary_large_image","twitter_misc":{"Gesch\u00e4tzte Lesezeit":"1\u00a0Minute"},"schema":{"@context":"https:\/\/schema.org","@graph":[{"@type":"WebPage","@id":"https:\/\/ekkla.ch\/de\/produit\/sessel-wolke-kaschmir-wolke-living\/","url":"https:\/\/ekkla.ch\/de\/produit\/sessel-wolke-kaschmir-wolke-living\/","name":"Sessel Desert | Ferm Living | Kaschmir & Wolke | Ekkla","isPartOf":{"@id":"https:\/\/ekkla.ch\/#website"},"primaryImageOfPage":{"@id":"https:\/\/ekkla.ch\/de\/produit\/sessel-wolke-kaschmir-wolke-living\/#primaryimage"},"image":{"@id":"https:\/\/ekkla.ch\/de\/produit\/sessel-wolke-kaschmir-wolke-living\/#primaryimage"},"thumbnailUrl":"https:\/\/ekkla.ch\/wp-content\/uploads\/2024\/05\/ekkla-light-meubles-luminaires_0051_fermLIVING_SS23_DesertLoungeChair_1104267051_1.jpg","datePublished":"2024-05-08T15:44:10+00:00","dateModified":"2024-06-05T23:40:21+00:00","description":"Desert Lounge Chair: moderne Eleganz und Umweltfreundlichkeit. Aus recycelten Materialien gefertigt, f\u00fcr den Innen- oder Au\u00dfenbereich.","breadcrumb":{"@id":"https:\/\/ekkla.ch\/de\/produit\/sessel-wolke-kaschmir-wolke-living\/#breadcrumb"},"inLanguage":"de","potentialAction":[{"@type":"ReadAction","target":["https:\/\/ekkla.ch\/de\/produit\/sessel-wolke-kaschmir-wolke-living\/"]}]},{"@type":"ImageObject","inLanguage":"de","@id":"https:\/\/ekkla.ch\/de\/produit\/sessel-wolke-kaschmir-wolke-living\/#primaryimage","url":"https:\/\/ekkla.ch\/wp-content\/uploads\/2024\/05\/ekkla-light-meubles-luminaires_0051_fermLIVING_SS23_DesertLoungeChair_1104267051_1.jpg","contentUrl":"https:\/\/ekkla.ch\/wp-content\/uploads\/2024\/05\/ekkla-light-meubles-luminaires_0051_fermLIVING_SS23_DesertLoungeChair_1104267051_1.jpg","width":1000,"height":1000},{"@type":"BreadcrumbList","@id":"https:\/\/ekkla.ch\/de\/produit\/sessel-wolke-kaschmir-wolke-living\/#breadcrumb","itemListElement":[{"@type":"ListItem","position":1,"name":"Home","item":"https:\/\/ekkla.ch\/de\/"},{"@type":"ListItem","position":2,"name":"Shop","item":"https:\/\/ekkla.ch\/de\/shop\/"},{"@type":"ListItem","position":3,"name":"Sessel Desert &#8211; Kaschmir &amp; Wolke &#8211; Ferm Living"}]},{"@type":"WebSite","@id":"https:\/\/ekkla.ch\/#website","url":"https:\/\/ekkla.ch\/","name":"Ekkla","description":"Der Onlineshop f\u00fcr Beleuchtung","publisher":{"@id":"https:\/\/ekkla.ch\/#organization"},"potentialAction":[{"@type":"SearchAction","target":{"@type":"EntryPoint","urlTemplate":"https:\/\/ekkla.ch\/?s={search_term_string}"},"query-input":"required name=search_term_string"}],"inLanguage":"de"},{"@type":"Organization","@id":"https:\/\/ekkla.ch\/#organization","name":"Ekkla","url":"https:\/\/ekkla.ch\/","logo":{"@type":"ImageObject","inLanguage":"de","@id":"https:\/\/ekkla.ch\/#\/schema\/logo\/image\/","url":"http:\/\/ekkla.ch\/wp-content\/uploads\/2019\/07\/logo-1.svg","contentUrl":"http:\/\/ekkla.ch\/wp-content\/uploads\/2019\/07\/logo-1.svg","width":1,"height":1,"caption":"Ekkla"},"image":{"@id":"https:\/\/ekkla.ch\/#\/schema\/logo\/image\/"},"sameAs":["https:\/\/www.instagram.com\/ekkla_light\/"]}]}},"_links":{"self":[{"href":"https:\/\/ekkla.ch\/de\/wp-json\/wp\/v2\/product\/194797"}],"collection":[{"href":"https:\/\/ekkla.ch\/de\/wp-json\/wp\/v2\/product"}],"about":[{"href":"https:\/\/ekkla.ch\/de\/wp-json\/wp\/v2\/types\/product"}],"wp:featuredmedia":[{"embeddable":true,"href":"https:\/\/ekkla.ch\/de\/wp-json\/wp\/v2\/media\/192813"}],"wp:attachment":[{"href":"https:\/\/ekkla.ch\/de\/wp-json\/wp\/v2\/media?parent=194797"}],"wp:term":[{"taxonomy":"product_cat","embeddable":true,"href":"https:\/\/ekkla.ch\/de\/wp-json\/wp\/v2\/product_cat?post=194797"},{"taxonomy":"product_tag","embeddable":true,"href":"https:\/\/ekkla.ch\/de\/wp-json\/wp\/v2\/product_tag?post=194797"}],"curies":[{"name":"wp","href":"https:\/\/api.w.org\/{rel}","templated":true}]}}