{"id":194799,"date":"2024-05-31T22:21:53","date_gmt":"2024-05-31T20:21:53","guid":{"rendered":"https:\/\/ekkla.ch\/produit\/loungesessel-pacha-gepolstert-weisser-boucle-stoff-gubi\/"},"modified":"2024-06-01T03:17:24","modified_gmt":"2024-06-01T01:17:24","slug":"loungesessel-pacha-gepolstert-weisser-boucle-stoff-gubi","status":"publish","type":"product","link":"https:\/\/ekkla.ch\/de\/produit\/loungesessel-pacha-gepolstert-weisser-boucle-stoff-gubi\/","title":{"rendered":"Loungesessel Pacha gepolstert &#8211; Weisser Boucl\u00e9-Stoff &#8211; Gubi"},"content":{"rendered":"<div class=\"flex flex-grow flex-col max-w-full\">\n<div class=\"min-h-[20px] text-message flex flex-col items-start whitespace-pre-wrap break-words [.text-message+&amp;]:mt-5 juice:w-full juice:items-end overflow-x-auto gap-2\" dir=\"auto\" data-message-author-role=\"assistant\" data-message-id=\"5166cf7e-eb53-4795-a5bb-f60bd83db721\">\n<div class=\"flex w-full flex-col gap-1 juice:empty:hidden juice:first:pt-[3px]\">\n<div class=\"markdown prose w-full break-words dark:prose-invert light\">\n<div class=\"flex flex-grow flex-col max-w-full\">\n<div class=\"min-h-[20px] text-message flex flex-col items-start whitespace-pre-wrap break-words [.text-message+&amp;]:mt-5 juice:w-full juice:items-end overflow-x-auto gap-2\" dir=\"auto\" data-message-author-role=\"assistant\" data-message-id=\"b7ebefe7-9d52-455f-9158-1f14ce088d1d\">\n<div class=\"flex w-full flex-col gap-1 juice:empty:hidden juice:first:pt-[3px]\">\n<div class=\"markdown prose w-full break-words dark:prose-invert light\">\n<div class=\"flex flex-grow flex-col max-w-full\">\n<div class=\"min-h-[20px] text-message flex flex-col items-start whitespace-pre-wrap break-words [.text-message+&amp;]:mt-5 juice:w-full juice:items-end overflow-x-auto gap-2\" dir=\"auto\" data-message-author-role=\"assistant\" data-message-id=\"3be9315f-f886-42be-a060-c63e046dedea\">\n<div class=\"flex w-full flex-col gap-1 juice:empty:hidden juice:first:pt-[3px]\">\n<div class=\"markdown prose w-full break-words dark:prose-invert light\">\n<div class=\"flex flex-grow flex-col max-w-full\">\n<div class=\"min-h-[20px] text-message flex flex-col items-start whitespace-pre-wrap break-words [.text-message+&amp;]:mt-5 juice:w-full juice:items-end overflow-x-auto gap-2\" dir=\"auto\" data-message-author-role=\"assistant\" data-message-id=\"0aa17401-1848-419e-b8de-c6acc603fd6d\">\n<div class=\"flex w-full flex-col gap-1 juice:empty:hidden juice:first:pt-[3px]\">\n<div class=\"markdown prose w-full break-words dark:prose-invert light\">\n<div class=\"flex flex-grow flex-col max-w-full\">\n<div class=\"min-h-[20px] text-message flex flex-col items-start whitespace-pre-wrap break-words [.text-message+&amp;]:mt-5 juice:w-full juice:items-end overflow-x-auto gap-2\" dir=\"auto\" data-message-author-role=\"assistant\" data-message-id=\"1b8a67c8-ebf4-46dd-8a32-639d70e8821c\">\n<div class=\"flex w-full flex-col gap-1 juice:empty:hidden juice:first:pt-[3px]\">\n<div class=\"markdown prose w-full break-words dark:prose-invert light\">\n<div class=\"flex flex-grow flex-col max-w-full\">\n<div class=\"min-h-[20px] text-message flex flex-col items-start whitespace-pre-wrap break-words [.text-message+&amp;]:mt-5 juice:w-full juice:items-end overflow-x-auto gap-2\" dir=\"auto\" data-message-author-role=\"assistant\" data-message-id=\"5ca231db-0590-4cc0-afc5-c3147c930c40\">\n<div class=\"flex w-full flex-col gap-1 juice:empty:hidden juice:first:pt-[3px]\">\n<div class=\"markdown prose w-full break-words dark:prose-invert light\">\n<div class=\"flex flex-grow flex-col max-w-full\">\n<div class=\"min-h-[20px] text-message flex flex-col items-start whitespace-pre-wrap break-words [.text-message+&amp;]:mt-5 juice:w-full juice:items-end overflow-x-auto gap-2\" dir=\"auto\" data-message-author-role=\"assistant\" data-message-id=\"5c0ac671-e1c9-464b-9d27-02b3f009b65b\">\n<div class=\"flex w-full flex-col gap-1 juice:empty:hidden juice:first:pt-[3px]\">\n<div class=\"markdown prose w-full break-words dark:prose-invert light\">\n<div class=\"flex flex-grow flex-col max-w-full\">\n<div class=\"min-h-[20px] text-message flex flex-col items-start whitespace-pre-wrap break-words [.text-message+&amp;]:mt-5 juice:w-full juice:items-end overflow-x-auto gap-2\" dir=\"auto\" data-message-author-role=\"assistant\" data-message-id=\"801dd341-0658-4ff0-9f85-5345f09531f4\">\n<div class=\"flex w-full flex-col gap-1 juice:empty:hidden juice:first:pt-[3px]\">\n<div class=\"markdown prose w-full break-words dark:prose-invert light\">\n<div class=\"flex flex-grow flex-col max-w-full\">\n<div class=\"min-h-[20px] text-message flex flex-col items-start whitespace-pre-wrap break-words [.text-message+&amp;]:mt-5 juice:w-full juice:items-end overflow-x-auto gap-2\" dir=\"auto\" data-message-author-role=\"assistant\" data-message-id=\"23d75311-6896-4d6f-86da-4edaeca48048\">\n<div class=\"flex w-full flex-col gap-1 juice:empty:hidden juice:first:pt-[3px]\">\n<div class=\"markdown prose w-full break-words dark:prose-invert light\">\n<div id=\"description\" class=\"col-xs-12 col-md-4 details\">\n<div id=\"details-1\" class=\"content\" aria-expanded=\"false\">\n<div class=\"text\">\n<div class=\"flex flex-grow flex-col max-w-full\">\n<div class=\"min-h-[20px] text-message flex flex-col items-start whitespace-pre-wrap break-words [.text-message+&amp;]:mt-5 juice:w-full juice:items-end overflow-x-auto gap-2\" dir=\"auto\" data-message-author-role=\"assistant\" data-message-id=\"4a6e6637-8a08-41fe-9b55-57c37a34b52e\">\n<div class=\"flex w-full flex-col gap-1 juice:empty:hidden juice:first:pt-[3px]\">\n<div class=\"markdown prose w-full break-words dark:prose-invert light\">\n<div class=\"flex flex-grow flex-col max-w-full\">\n<div class=\"min-h-[20px] text-message flex flex-col items-start whitespace-pre-wrap break-words [.text-message+&amp;]:mt-5 juice:w-full juice:items-end overflow-x-auto gap-2\" dir=\"auto\" data-message-author-role=\"assistant\" data-message-id=\"ccad33ec-a0e3-4a7b-902f-d43724500a6f\">\n<div class=\"flex w-full flex-col gap-1 juice:empty:hidden juice:first:pt-[3px]\">\n<div class=\"markdown prose w-full break-words dark:prose-invert light\">\n<div class=\"flex flex-grow flex-col max-w-full\">\n<div class=\"min-h-[20px] text-message flex flex-col items-start whitespace-pre-wrap break-words [.text-message+&amp;]:mt-5 juice:w-full juice:items-end overflow-x-auto gap-2\" dir=\"auto\" data-message-author-role=\"assistant\" data-message-id=\"5166cf7e-eb53-4795-a5bb-f60bd83db721\">\n<div class=\"flex w-full flex-col gap-1 juice:empty:hidden juice:first:pt-[3px]\">\n<div class=\"markdown prose w-full break-words dark:prose-invert light\">\n<div class=\"flex flex-grow flex-col max-w-full\">\n<div class=\"min-h-[20px] text-message flex flex-col items-start whitespace-pre-wrap break-words [.text-message+&amp;]:mt-5 juice:w-full juice:items-end overflow-x-auto gap-2\" dir=\"auto\" data-message-author-role=\"assistant\" data-message-id=\"69c34a91-2311-4c3c-a6e8-bbf40388ceea\">\n<div class=\"flex w-full flex-col gap-1 juice:empty:hidden juice:first:pt-[3px]\">\n<div class=\"markdown prose w-full break-words dark:prose-invert light\">\n<p>Der legend\u00e4re franz\u00f6sische Designer Pierre Paulin entwarf die Loungesessel Pacha im Jahr 1975. Er schaffte es, den runden Formen dieses Stuhls eine bemerkenswerte Eleganz zu verleihen, indem er die perfekten Proportionen fand, den Stuhl leicht erh\u00f6hte und schr\u00e4g nach innen verlaufende Nahtlinien in den Schaumstoff und die Polsterung zog. Mit dem Loungesessel Pacha war Paulin ein Pionier des niedrigen Wohnens, der eine moderne Art des Wohnens und des bodennahen Sitzens ohne Stuhlbeine vorstellte. Der Loungesessel Pacha ist immer noch so zeitgem\u00e4ss wie zu seiner Entstehung und bietet aussergew\u00f6hnlichen Komfort und eine organische, fantasievolle \u00c4sthetik, die Leben und Charakter in jede Einrichtung bringt.<\/p>\n<p>Dieses Modell ist mit einem festen Untergestell ausgestattet. Der gepolsterte Pacha Loungesessel ist auch als drehbare Version mit automatischem R\u00fccklauf erh\u00e4ltlich.<\/p>\n<p>&nbsp;<\/p>\n<\/div>\n<\/div>\n<\/div>\n<\/div>\n<\/div>\n<\/div>\n<\/div>\n<\/div>\n<blockquote>\n<h2>Merkmale &amp; Eigenschaften<\/h2>\n<p><strong>Marke<\/strong>\u00a0Gubi<\/p>\n<p><strong>Farben<\/strong> Weiss und Gold<\/p>\n<p><strong>Materialien<\/strong> Bezug aus Boucl\u00e9-Stoff &#8211; Interne Struktur aus Sperrholz, mit Schaumstoff bedeckt &#8211; Basis: lackierte MDF<\/p>\n<p><strong>Tiefe (cm) <\/strong>85<\/p>\n<p><strong>Breite (cm) <\/strong>77<\/p>\n<p><strong>H\u00f6he (cm) <\/strong>65<\/p>\n<div class=\"item\" data-v-6c1492fc=\"\"><strong><span class=\"label\" data-v-6c1492fc=\"\">H\u00f6he der Sitzfl\u00e4che (cm) <\/span><\/strong><span class=\"value\" data-v-6c1492fc=\"\">35<\/span><\/div>\n<p><strong>Gewicht (kg)<\/strong> 21.4<\/p><\/blockquote>\n<\/div>\n<\/div>\n<\/div>\n<\/div>\n<\/div>\n<\/div>\n<\/div>\n<\/div>\n<\/div>\n<\/div>\n<\/div>\n<\/div>\n<\/div>\n<\/div>\n<\/div>\n<\/div>\n<\/div>\n<\/div>\n<\/div>\n<\/div>\n<\/div>\n<\/div>\n<\/div>\n<\/div>\n<\/div>\n<\/div>\n<\/div>\n<\/div>\n<\/div>\n<\/div>\n<\/div>\n<\/div>\n<\/div>\n<\/div>\n<\/div>\n<\/div>\n<\/div>\n<\/div>\n<\/div>\n<\/div>\n<\/div>\n<\/div>\n<\/div>\n<\/div>\n<\/div>\n<\/div>\n<\/div>\n","protected":false},"excerpt":{"rendered":"<p>Der legend\u00e4re franz\u00f6sische Designer Pierre Paulin entwarf die Loungesessel Pacha im Jahr 1975. Er schaffte es, den runden Formen dieses Stuhls eine bemerkenswerte Eleganz zu verleihen, indem er die perfekten Proportionen fand, den Stuhl leicht erh\u00f6hte und schr\u00e4g nach innen verlaufende Nahtlinien in den Schaumstoff und die Polsterung zog. Mit dem Loungesessel Pacha war Paulin [&hellip;]<\/p>\n","protected":false},"featured_media":194694,"template":"","meta":{"_acf_changed":false,"om_disable_all_campaigns":false},"product_cat":[964,972],"product_tag":[1254,892,1188,1265,801,1022,816],"bundled_by":[],"bundle_stock_status":"onbackorder","bundle_stock_quantity":null,"bundle_virtual":false,"bundle_layout":"","bundle_add_to_cart_form_location":"","bundle_editable_in_cart":false,"bundle_sold_individually_context":"","bundle_item_grouping":"","bundle_min_size":"","bundle_max_size":"","bundle_price":[],"bundled_items":[],"bundle_sell_ids":[],"acf":[],"yoast_head":"<!-- This site is optimized with the Yoast SEO Premium plugin v22.2 (Yoast SEO v22.8) - https:\/\/yoast.com\/wordpress\/plugins\/seo\/ -->\n<title>Loungesessel Pacha gepolstert I Weisser Stoff I Gubi I Ekkla<\/title>\n<meta name=\"description\" content=\"Entdecken Sie den Loungesessel Pacha. Er vereint Eleganz, Komfort und Modernit\u00e4t und verleiht jeder Einrichtung einen besonderen Charakter.\" \/>\n<meta name=\"robots\" content=\"index, follow, max-snippet:-1, max-image-preview:large, max-video-preview:-1\" \/>\n<link rel=\"canonical\" href=\"https:\/\/ekkla.ch\/de\/produit\/loungesessel-pacha-gepolstert-weisser-boucle-stoff-gubi\/\" \/>\n<meta property=\"og:locale\" content=\"de_DE\" \/>\n<meta property=\"og:type\" content=\"article\" \/>\n<meta property=\"og:title\" content=\"Loungesessel Pacha gepolstert - Weisser Boucl\u00e9-Stoff - Gubi\" \/>\n<meta property=\"og:description\" content=\"Entdecken Sie den Loungesessel Pacha. Er vereint Eleganz, Komfort und Modernit\u00e4t und verleiht jeder Einrichtung einen besonderen Charakter.\" \/>\n<meta property=\"og:url\" content=\"https:\/\/ekkla.ch\/de\/produit\/loungesessel-pacha-gepolstert-weisser-boucle-stoff-gubi\/\" \/>\n<meta property=\"og:site_name\" content=\"Ekkla\" \/>\n<meta property=\"article:modified_time\" content=\"2024-06-01T01:17:24+00:00\" \/>\n<meta property=\"og:image\" content=\"https:\/\/ekkla.ch\/wp-content\/uploads\/2024\/05\/ekkla-light-meubles-luminaires_produit_0024_10062198_f3q_pacha_loungechair_fixed_fullyupholstered_pearlgold_dedar_karako.jpg\" \/>\n\t<meta property=\"og:image:width\" content=\"1000\" \/>\n\t<meta property=\"og:image:height\" content=\"1000\" \/>\n\t<meta property=\"og:image:type\" content=\"image\/jpeg\" \/>\n<meta name=\"twitter:card\" content=\"summary_large_image\" \/>\n<meta name=\"twitter:label1\" content=\"Gesch\u00e4tzte Lesezeit\" \/>\n\t<meta name=\"twitter:data1\" content=\"2\u00a0Minuten\" \/>\n<script type=\"application\/ld+json\" class=\"yoast-schema-graph\">{\"@context\":\"https:\/\/schema.org\",\"@graph\":[{\"@type\":\"WebPage\",\"@id\":\"https:\/\/ekkla.ch\/de\/produit\/loungesessel-pacha-gepolstert-weisser-boucle-stoff-gubi\/\",\"url\":\"https:\/\/ekkla.ch\/de\/produit\/loungesessel-pacha-gepolstert-weisser-boucle-stoff-gubi\/\",\"name\":\"Loungesessel Pacha gepolstert I Weisser Stoff I Gubi I Ekkla\",\"isPartOf\":{\"@id\":\"https:\/\/ekkla.ch\/#website\"},\"primaryImageOfPage\":{\"@id\":\"https:\/\/ekkla.ch\/de\/produit\/loungesessel-pacha-gepolstert-weisser-boucle-stoff-gubi\/#primaryimage\"},\"image\":{\"@id\":\"https:\/\/ekkla.ch\/de\/produit\/loungesessel-pacha-gepolstert-weisser-boucle-stoff-gubi\/#primaryimage\"},\"thumbnailUrl\":\"https:\/\/ekkla.ch\/wp-content\/uploads\/2024\/05\/ekkla-light-meubles-luminaires_produit_0024_10062198_f3q_pacha_loungechair_fixed_fullyupholstered_pearlgold_dedar_karako.jpg\",\"datePublished\":\"2024-05-31T20:21:53+00:00\",\"dateModified\":\"2024-06-01T01:17:24+00:00\",\"description\":\"Entdecken Sie den Loungesessel Pacha. Er vereint Eleganz, Komfort und Modernit\u00e4t und verleiht jeder Einrichtung einen besonderen Charakter.\",\"breadcrumb\":{\"@id\":\"https:\/\/ekkla.ch\/de\/produit\/loungesessel-pacha-gepolstert-weisser-boucle-stoff-gubi\/#breadcrumb\"},\"inLanguage\":\"de\",\"potentialAction\":[{\"@type\":\"ReadAction\",\"target\":[\"https:\/\/ekkla.ch\/de\/produit\/loungesessel-pacha-gepolstert-weisser-boucle-stoff-gubi\/\"]}]},{\"@type\":\"ImageObject\",\"inLanguage\":\"de\",\"@id\":\"https:\/\/ekkla.ch\/de\/produit\/loungesessel-pacha-gepolstert-weisser-boucle-stoff-gubi\/#primaryimage\",\"url\":\"https:\/\/ekkla.ch\/wp-content\/uploads\/2024\/05\/ekkla-light-meubles-luminaires_produit_0024_10062198_f3q_pacha_loungechair_fixed_fullyupholstered_pearlgold_dedar_karako.jpg\",\"contentUrl\":\"https:\/\/ekkla.ch\/wp-content\/uploads\/2024\/05\/ekkla-light-meubles-luminaires_produit_0024_10062198_f3q_pacha_loungechair_fixed_fullyupholstered_pearlgold_dedar_karako.jpg\",\"width\":1000,\"height\":1000},{\"@type\":\"BreadcrumbList\",\"@id\":\"https:\/\/ekkla.ch\/de\/produit\/loungesessel-pacha-gepolstert-weisser-boucle-stoff-gubi\/#breadcrumb\",\"itemListElement\":[{\"@type\":\"ListItem\",\"position\":1,\"name\":\"Home\",\"item\":\"https:\/\/ekkla.ch\/de\/\"},{\"@type\":\"ListItem\",\"position\":2,\"name\":\"Shop\",\"item\":\"https:\/\/ekkla.ch\/de\/shop\/\"},{\"@type\":\"ListItem\",\"position\":3,\"name\":\"Loungesessel Pacha gepolstert &#8211; Weisser Boucl\u00e9-Stoff &#8211; Gubi\"}]},{\"@type\":\"WebSite\",\"@id\":\"https:\/\/ekkla.ch\/#website\",\"url\":\"https:\/\/ekkla.ch\/\",\"name\":\"Ekkla\",\"description\":\"Der Onlineshop f\u00fcr Beleuchtung\",\"publisher\":{\"@id\":\"https:\/\/ekkla.ch\/#organization\"},\"potentialAction\":[{\"@type\":\"SearchAction\",\"target\":{\"@type\":\"EntryPoint\",\"urlTemplate\":\"https:\/\/ekkla.ch\/?s={search_term_string}\"},\"query-input\":\"required name=search_term_string\"}],\"inLanguage\":\"de\"},{\"@type\":\"Organization\",\"@id\":\"https:\/\/ekkla.ch\/#organization\",\"name\":\"Ekkla\",\"url\":\"https:\/\/ekkla.ch\/\",\"logo\":{\"@type\":\"ImageObject\",\"inLanguage\":\"de\",\"@id\":\"https:\/\/ekkla.ch\/#\/schema\/logo\/image\/\",\"url\":\"http:\/\/ekkla.ch\/wp-content\/uploads\/2019\/07\/logo-1.svg\",\"contentUrl\":\"http:\/\/ekkla.ch\/wp-content\/uploads\/2019\/07\/logo-1.svg\",\"width\":1,\"height\":1,\"caption\":\"Ekkla\"},\"image\":{\"@id\":\"https:\/\/ekkla.ch\/#\/schema\/logo\/image\/\"},\"sameAs\":[\"https:\/\/www.instagram.com\/ekkla_light\/\"]}]}<\/script>\n<!-- \/ Yoast SEO Premium plugin. -->","yoast_head_json":{"title":"Loungesessel Pacha gepolstert I Weisser Stoff I Gubi I Ekkla","description":"Entdecken Sie den Loungesessel Pacha. Er vereint Eleganz, Komfort und Modernit\u00e4t und verleiht jeder Einrichtung einen besonderen Charakter.","robots":{"index":"index","follow":"follow","max-snippet":"max-snippet:-1","max-image-preview":"max-image-preview:large","max-video-preview":"max-video-preview:-1"},"canonical":"https:\/\/ekkla.ch\/de\/produit\/loungesessel-pacha-gepolstert-weisser-boucle-stoff-gubi\/","og_locale":"de_DE","og_type":"article","og_title":"Loungesessel Pacha gepolstert - Weisser Boucl\u00e9-Stoff - Gubi","og_description":"Entdecken Sie den Loungesessel Pacha. Er vereint Eleganz, Komfort und Modernit\u00e4t und verleiht jeder Einrichtung einen besonderen Charakter.","og_url":"https:\/\/ekkla.ch\/de\/produit\/loungesessel-pacha-gepolstert-weisser-boucle-stoff-gubi\/","og_site_name":"Ekkla","article_modified_time":"2024-06-01T01:17:24+00:00","og_image":[{"width":1000,"height":1000,"url":"https:\/\/ekkla.ch\/wp-content\/uploads\/2024\/05\/ekkla-light-meubles-luminaires_produit_0024_10062198_f3q_pacha_loungechair_fixed_fullyupholstered_pearlgold_dedar_karako.jpg","type":"image\/jpeg"}],"twitter_card":"summary_large_image","twitter_misc":{"Gesch\u00e4tzte Lesezeit":"2\u00a0Minuten"},"schema":{"@context":"https:\/\/schema.org","@graph":[{"@type":"WebPage","@id":"https:\/\/ekkla.ch\/de\/produit\/loungesessel-pacha-gepolstert-weisser-boucle-stoff-gubi\/","url":"https:\/\/ekkla.ch\/de\/produit\/loungesessel-pacha-gepolstert-weisser-boucle-stoff-gubi\/","name":"Loungesessel Pacha gepolstert I Weisser Stoff I Gubi I Ekkla","isPartOf":{"@id":"https:\/\/ekkla.ch\/#website"},"primaryImageOfPage":{"@id":"https:\/\/ekkla.ch\/de\/produit\/loungesessel-pacha-gepolstert-weisser-boucle-stoff-gubi\/#primaryimage"},"image":{"@id":"https:\/\/ekkla.ch\/de\/produit\/loungesessel-pacha-gepolstert-weisser-boucle-stoff-gubi\/#primaryimage"},"thumbnailUrl":"https:\/\/ekkla.ch\/wp-content\/uploads\/2024\/05\/ekkla-light-meubles-luminaires_produit_0024_10062198_f3q_pacha_loungechair_fixed_fullyupholstered_pearlgold_dedar_karako.jpg","datePublished":"2024-05-31T20:21:53+00:00","dateModified":"2024-06-01T01:17:24+00:00","description":"Entdecken Sie den Loungesessel Pacha. Er vereint Eleganz, Komfort und Modernit\u00e4t und verleiht jeder Einrichtung einen besonderen Charakter.","breadcrumb":{"@id":"https:\/\/ekkla.ch\/de\/produit\/loungesessel-pacha-gepolstert-weisser-boucle-stoff-gubi\/#breadcrumb"},"inLanguage":"de","potentialAction":[{"@type":"ReadAction","target":["https:\/\/ekkla.ch\/de\/produit\/loungesessel-pacha-gepolstert-weisser-boucle-stoff-gubi\/"]}]},{"@type":"ImageObject","inLanguage":"de","@id":"https:\/\/ekkla.ch\/de\/produit\/loungesessel-pacha-gepolstert-weisser-boucle-stoff-gubi\/#primaryimage","url":"https:\/\/ekkla.ch\/wp-content\/uploads\/2024\/05\/ekkla-light-meubles-luminaires_produit_0024_10062198_f3q_pacha_loungechair_fixed_fullyupholstered_pearlgold_dedar_karako.jpg","contentUrl":"https:\/\/ekkla.ch\/wp-content\/uploads\/2024\/05\/ekkla-light-meubles-luminaires_produit_0024_10062198_f3q_pacha_loungechair_fixed_fullyupholstered_pearlgold_dedar_karako.jpg","width":1000,"height":1000},{"@type":"BreadcrumbList","@id":"https:\/\/ekkla.ch\/de\/produit\/loungesessel-pacha-gepolstert-weisser-boucle-stoff-gubi\/#breadcrumb","itemListElement":[{"@type":"ListItem","position":1,"name":"Home","item":"https:\/\/ekkla.ch\/de\/"},{"@type":"ListItem","position":2,"name":"Shop","item":"https:\/\/ekkla.ch\/de\/shop\/"},{"@type":"ListItem","position":3,"name":"Loungesessel Pacha gepolstert &#8211; Weisser Boucl\u00e9-Stoff &#8211; Gubi"}]},{"@type":"WebSite","@id":"https:\/\/ekkla.ch\/#website","url":"https:\/\/ekkla.ch\/","name":"Ekkla","description":"Der Onlineshop f\u00fcr Beleuchtung","publisher":{"@id":"https:\/\/ekkla.ch\/#organization"},"potentialAction":[{"@type":"SearchAction","target":{"@type":"EntryPoint","urlTemplate":"https:\/\/ekkla.ch\/?s={search_term_string}"},"query-input":"required name=search_term_string"}],"inLanguage":"de"},{"@type":"Organization","@id":"https:\/\/ekkla.ch\/#organization","name":"Ekkla","url":"https:\/\/ekkla.ch\/","logo":{"@type":"ImageObject","inLanguage":"de","@id":"https:\/\/ekkla.ch\/#\/schema\/logo\/image\/","url":"http:\/\/ekkla.ch\/wp-content\/uploads\/2019\/07\/logo-1.svg","contentUrl":"http:\/\/ekkla.ch\/wp-content\/uploads\/2019\/07\/logo-1.svg","width":1,"height":1,"caption":"Ekkla"},"image":{"@id":"https:\/\/ekkla.ch\/#\/schema\/logo\/image\/"},"sameAs":["https:\/\/www.instagram.com\/ekkla_light\/"]}]}},"_links":{"self":[{"href":"https:\/\/ekkla.ch\/de\/wp-json\/wp\/v2\/product\/194799"}],"collection":[{"href":"https:\/\/ekkla.ch\/de\/wp-json\/wp\/v2\/product"}],"about":[{"href":"https:\/\/ekkla.ch\/de\/wp-json\/wp\/v2\/types\/product"}],"wp:featuredmedia":[{"embeddable":true,"href":"https:\/\/ekkla.ch\/de\/wp-json\/wp\/v2\/media\/194694"}],"wp:attachment":[{"href":"https:\/\/ekkla.ch\/de\/wp-json\/wp\/v2\/media?parent=194799"}],"wp:term":[{"taxonomy":"product_cat","embeddable":true,"href":"https:\/\/ekkla.ch\/de\/wp-json\/wp\/v2\/product_cat?post=194799"},{"taxonomy":"product_tag","embeddable":true,"href":"https:\/\/ekkla.ch\/de\/wp-json\/wp\/v2\/product_tag?post=194799"}],"curies":[{"name":"wp","href":"https:\/\/api.w.org\/{rel}","templated":true}]}}