{"id":194827,"date":"2024-06-01T21:19:50","date_gmt":"2024-06-01T19:19:50","guid":{"rendered":"https:\/\/ekkla.ch\/produit\/couchtisch-pedrera-h-38-transparente-tischplatte-und-sockel-aus-halbmattem-messing-gubi\/"},"modified":"2024-06-01T21:34:57","modified_gmt":"2024-06-01T19:34:57","slug":"couchtisch-pedrera-h-38-transparente-tischplatte-und-sockel-aus-halbmattem-messing-gubi","status":"publish","type":"product","link":"https:\/\/ekkla.ch\/de\/produit\/couchtisch-pedrera-h-38-transparente-tischplatte-und-sockel-aus-halbmattem-messing-gubi\/","title":{"rendered":"Couchtisch Pedrera &#8211; H-38 &#8211; Transparente Tischplatte und Sockel aus halbmattem Messing &#8211; Gubi"},"content":{"rendered":"<div class=\"flex flex-grow flex-col max-w-full\">\n<div class=\"min-h-[20px] text-message flex flex-col items-start whitespace-pre-wrap break-words [.text-message+&amp;]:mt-5 juice:w-full juice:items-end overflow-x-auto gap-2\" dir=\"auto\" data-message-author-role=\"assistant\" data-message-id=\"5166cf7e-eb53-4795-a5bb-f60bd83db721\">\n<div class=\"flex w-full flex-col gap-1 juice:empty:hidden juice:first:pt-[3px]\">\n<div class=\"markdown prose w-full break-words dark:prose-invert light\">\n<div class=\"flex flex-grow flex-col max-w-full\">\n<div class=\"min-h-[20px] text-message flex flex-col items-start whitespace-pre-wrap break-words [.text-message+&amp;]:mt-5 juice:w-full juice:items-end overflow-x-auto gap-2\" dir=\"auto\" data-message-author-role=\"assistant\" data-message-id=\"b7ebefe7-9d52-455f-9158-1f14ce088d1d\">\n<div class=\"flex w-full flex-col gap-1 juice:empty:hidden juice:first:pt-[3px]\">\n<div class=\"markdown prose w-full break-words dark:prose-invert light\">\n<div class=\"flex flex-grow flex-col max-w-full\">\n<div class=\"min-h-[20px] text-message flex flex-col items-start whitespace-pre-wrap break-words [.text-message+&amp;]:mt-5 juice:w-full juice:items-end overflow-x-auto gap-2\" dir=\"auto\" data-message-author-role=\"assistant\" data-message-id=\"3be9315f-f886-42be-a060-c63e046dedea\">\n<div class=\"flex w-full flex-col gap-1 juice:empty:hidden juice:first:pt-[3px]\">\n<div class=\"markdown prose w-full break-words dark:prose-invert light\">\n<div class=\"flex flex-grow flex-col max-w-full\">\n<div class=\"min-h-[20px] text-message flex flex-col items-start whitespace-pre-wrap break-words [.text-message+&amp;]:mt-5 juice:w-full juice:items-end overflow-x-auto gap-2\" dir=\"auto\" data-message-author-role=\"assistant\" data-message-id=\"0aa17401-1848-419e-b8de-c6acc603fd6d\">\n<div class=\"flex w-full flex-col gap-1 juice:empty:hidden juice:first:pt-[3px]\">\n<div class=\"markdown prose w-full break-words dark:prose-invert light\">\n<div class=\"flex flex-grow flex-col max-w-full\">\n<div class=\"min-h-[20px] text-message flex flex-col items-start whitespace-pre-wrap break-words [.text-message+&amp;]:mt-5 juice:w-full juice:items-end overflow-x-auto gap-2\" dir=\"auto\" data-message-author-role=\"assistant\" data-message-id=\"1b8a67c8-ebf4-46dd-8a32-639d70e8821c\">\n<div class=\"flex w-full flex-col gap-1 juice:empty:hidden juice:first:pt-[3px]\">\n<div class=\"markdown prose w-full break-words dark:prose-invert light\">\n<div class=\"flex flex-grow flex-col max-w-full\">\n<div class=\"min-h-[20px] text-message flex flex-col items-start whitespace-pre-wrap break-words [.text-message+&amp;]:mt-5 juice:w-full juice:items-end overflow-x-auto gap-2\" dir=\"auto\" data-message-author-role=\"assistant\" data-message-id=\"5ca231db-0590-4cc0-afc5-c3147c930c40\">\n<div class=\"flex w-full flex-col gap-1 juice:empty:hidden juice:first:pt-[3px]\">\n<div class=\"markdown prose w-full break-words dark:prose-invert light\">\n<div class=\"flex flex-grow flex-col max-w-full\">\n<div class=\"min-h-[20px] text-message flex flex-col items-start whitespace-pre-wrap break-words [.text-message+&amp;]:mt-5 juice:w-full juice:items-end overflow-x-auto gap-2\" dir=\"auto\" data-message-author-role=\"assistant\" data-message-id=\"5c0ac671-e1c9-464b-9d27-02b3f009b65b\">\n<div class=\"flex w-full flex-col gap-1 juice:empty:hidden juice:first:pt-[3px]\">\n<div class=\"markdown prose w-full break-words dark:prose-invert light\">\n<div class=\"flex flex-grow flex-col max-w-full\">\n<div class=\"min-h-[20px] text-message flex flex-col items-start whitespace-pre-wrap break-words [.text-message+&amp;]:mt-5 juice:w-full juice:items-end overflow-x-auto gap-2\" dir=\"auto\" data-message-author-role=\"assistant\" data-message-id=\"801dd341-0658-4ff0-9f85-5345f09531f4\">\n<div class=\"flex w-full flex-col gap-1 juice:empty:hidden juice:first:pt-[3px]\">\n<div class=\"markdown prose w-full break-words dark:prose-invert light\">\n<div class=\"flex flex-grow flex-col max-w-full\">\n<div class=\"min-h-[20px] text-message flex flex-col items-start whitespace-pre-wrap break-words [.text-message+&amp;]:mt-5 juice:w-full juice:items-end overflow-x-auto gap-2\" dir=\"auto\" data-message-author-role=\"assistant\" data-message-id=\"23d75311-6896-4d6f-86da-4edaeca48048\">\n<div class=\"flex w-full flex-col gap-1 juice:empty:hidden juice:first:pt-[3px]\">\n<div class=\"markdown prose w-full break-words dark:prose-invert light\">\n<div id=\"description\" class=\"col-xs-12 col-md-4 details\">\n<div id=\"details-1\" class=\"content\" aria-expanded=\"false\">\n<div class=\"text\">\n<div class=\"flex flex-grow flex-col max-w-full\">\n<div class=\"min-h-[20px] text-message flex flex-col items-start whitespace-pre-wrap break-words [.text-message+&amp;]:mt-5 juice:w-full juice:items-end overflow-x-auto gap-2\" dir=\"auto\" data-message-author-role=\"assistant\" data-message-id=\"4a6e6637-8a08-41fe-9b55-57c37a34b52e\">\n<div class=\"flex w-full flex-col gap-1 juice:empty:hidden juice:first:pt-[3px]\">\n<div class=\"markdown prose w-full break-words dark:prose-invert light\">\n<div class=\"flex flex-grow flex-col max-w-full\">\n<div class=\"min-h-[20px] text-message flex flex-col items-start whitespace-pre-wrap break-words [.text-message+&amp;]:mt-5 juice:w-full juice:items-end overflow-x-auto gap-2\" dir=\"auto\" data-message-author-role=\"assistant\" data-message-id=\"ccad33ec-a0e3-4a7b-902f-d43724500a6f\">\n<div class=\"flex w-full flex-col gap-1 juice:empty:hidden juice:first:pt-[3px]\">\n<div class=\"markdown prose w-full break-words dark:prose-invert light\">\n<div class=\"flex flex-grow flex-col max-w-full\">\n<div class=\"min-h-[20px] text-message flex flex-col items-start whitespace-pre-wrap break-words [.text-message+&amp;]:mt-5 juice:w-full juice:items-end overflow-x-auto gap-2\" dir=\"auto\" data-message-author-role=\"assistant\" data-message-id=\"0b16d6f0-9762-4206-a62c-6480f0795102\">\n<div class=\"flex w-full flex-col gap-1 juice:empty:hidden juice:first:pt-[3px]\">\n<div class=\"markdown prose w-full break-words dark:prose-invert light\">\n<p>Der Couchtisch Pedrera wurde 1955 von dem katalanischen Architekten Barba Corsini entworfen und sollte die Wohnungen in Antoni Gaud\u00eds ber\u00fchmtem Geb\u00e4ude \u201eLa Pedrera\u201c in Barcelona m\u00f6blieren. Seine Dimensionen und sein markantes Design machen ihn zu einem einzigartigen St\u00fcck. Das Stahlgestell, das von den organischen Kurven und Voluten des Geb\u00e4udes inspiriert ist, wird durch eine durchsichtige Glasplatte, die die architektonische und luftige Struktur erkennen l\u00e4sst, wundersch\u00f6n hervorgehoben. Das minimalistische Design mit seinen geometrischen und funktionalen Linien spiegelt den Einfluss der modernen Architektur wider, wie sie in den Werken von Le Corbusier zum Ausdruck kommt. Der Couchtisch Pedrera ist ideal f\u00fcr eine zeitgen\u00f6ssische Einrichtung und vereint Eleganz und Leichtigkeit.<\/p>\n<p>Beachten Sie, dass die Glasplatte nicht fest mit dem Gestell verbunden ist und leichte Unebenheiten aufweisen kann, was die handwerkliche Authentizit\u00e4t des St\u00fccks unterstreicht.<\/p>\n<\/div>\n<\/div>\n<\/div>\n<\/div>\n<\/div>\n<\/div>\n<\/div>\n<\/div>\n<p>&nbsp;<\/p>\n<\/div>\n<\/div>\n<\/div>\n<\/div>\n<\/div>\n<\/div>\n<\/div>\n<\/div>\n<\/div>\n<\/div>\n<\/div>\n<blockquote>\n<h2>Merkmale &amp; Eigenschaften<\/h2>\n<\/blockquote>\n<\/div>\n<\/div>\n<\/div>\n<\/div>\n<\/div>\n<\/div>\n<\/div>\n<\/div>\n<\/div>\n<\/div>\n<\/div>\n<\/div>\n<\/div>\n<\/div>\n<\/div>\n<\/div>\n<\/div>\n<\/div>\n<\/div>\n<\/div>\n<\/div>\n<\/div>\n<\/div>\n<\/div>\n<\/div>\n<\/div>\n<\/div>\n<\/div>\n<\/div>\n<\/div>\n<\/div>\n<\/div>\n<blockquote><p><strong>Marke<\/strong> Gubi<\/p>\n<p><strong>Farben<\/strong> Durchsichtig und Gold<\/p>\n<p><strong>Materialien <\/strong>Glasplatte und Stahlbasis<\/p>\n<p><strong>L\u00e4nge (cm) <\/strong>106<\/p>\n<p><strong>Breite (cm) <\/strong>86<\/p>\n<p><strong>H\u00f6he (cm) <\/strong>38<\/p>\n<p><strong>Gewicht (kg)<\/strong> 19<\/p><\/blockquote>\n","protected":false},"excerpt":{"rendered":"<p>Der Couchtisch Pedrera wurde 1955 von dem katalanischen Architekten Barba Corsini entworfen und sollte die Wohnungen in Antoni Gaud\u00eds ber\u00fchmtem Geb\u00e4ude \u201eLa Pedrera\u201c in Barcelona m\u00f6blieren. Seine Dimensionen und sein markantes Design machen ihn zu einem einzigartigen St\u00fcck. Das Stahlgestell, das von den organischen Kurven und Voluten des Geb\u00e4udes inspiriert ist, wird durch eine durchsichtige [&hellip;]<\/p>\n","protected":false},"featured_media":194824,"template":"","meta":{"_acf_changed":false,"om_disable_all_campaigns":false},"product_cat":[964,979],"product_tag":[1254,892,1188,1265,801,816],"bundled_by":[],"bundle_stock_status":"onbackorder","bundle_stock_quantity":null,"bundle_virtual":false,"bundle_layout":"","bundle_add_to_cart_form_location":"","bundle_editable_in_cart":false,"bundle_sold_individually_context":"","bundle_item_grouping":"","bundle_min_size":"","bundle_max_size":"","bundle_price":[],"bundled_items":[],"bundle_sell_ids":[],"acf":[],"yoast_head":"<!-- This site is optimized with the Yoast SEO Premium plugin v22.2 (Yoast SEO v22.8) - https:\/\/yoast.com\/wordpress\/plugins\/seo\/ -->\n<title>Couchtisch Pedrera I Transparente Tischplatte &amp; Messing-Sockel<\/title>\n<meta name=\"description\" content=\"Entdecken Sie den Couchtisch Pedrera, der ein gebogenes Stahlgestell mit einer Glasplatte verbindet und die Eleganz der modernen Architektur widerspiegelt.\" \/>\n<meta name=\"robots\" content=\"index, follow, max-snippet:-1, max-image-preview:large, max-video-preview:-1\" \/>\n<link rel=\"canonical\" href=\"https:\/\/ekkla.ch\/de\/produit\/couchtisch-pedrera-h-38-transparente-tischplatte-und-sockel-aus-halbmattem-messing-gubi\/\" \/>\n<meta property=\"og:locale\" content=\"de_DE\" \/>\n<meta property=\"og:type\" content=\"article\" \/>\n<meta property=\"og:title\" content=\"Couchtisch Pedrera - H-38 - Transparente Tischplatte und Sockel aus halbmattem Messing - Gubi\" \/>\n<meta property=\"og:description\" content=\"Entdecken Sie den Couchtisch Pedrera, der ein gebogenes Stahlgestell mit einer Glasplatte verbindet und die Eleganz der modernen Architektur widerspiegelt.\" \/>\n<meta property=\"og:url\" content=\"https:\/\/ekkla.ch\/de\/produit\/couchtisch-pedrera-h-38-transparente-tischplatte-und-sockel-aus-halbmattem-messing-gubi\/\" \/>\n<meta property=\"og:site_name\" content=\"Ekkla\" \/>\n<meta property=\"article:modified_time\" content=\"2024-06-01T19:34:57+00:00\" \/>\n<meta property=\"og:image\" content=\"https:\/\/ekkla.ch\/wp-content\/uploads\/2024\/06\/ekkla-light-meubles-luminaires_produit_0003_table_pedrera_laiton.jpg\" \/>\n\t<meta property=\"og:image:width\" content=\"1000\" \/>\n\t<meta property=\"og:image:height\" content=\"1000\" \/>\n\t<meta property=\"og:image:type\" content=\"image\/jpeg\" \/>\n<meta name=\"twitter:card\" content=\"summary_large_image\" \/>\n<meta name=\"twitter:label1\" content=\"Gesch\u00e4tzte Lesezeit\" \/>\n\t<meta name=\"twitter:data1\" content=\"2\u00a0Minuten\" \/>\n<script type=\"application\/ld+json\" class=\"yoast-schema-graph\">{\"@context\":\"https:\/\/schema.org\",\"@graph\":[{\"@type\":\"WebPage\",\"@id\":\"https:\/\/ekkla.ch\/de\/produit\/couchtisch-pedrera-h-38-transparente-tischplatte-und-sockel-aus-halbmattem-messing-gubi\/\",\"url\":\"https:\/\/ekkla.ch\/de\/produit\/couchtisch-pedrera-h-38-transparente-tischplatte-und-sockel-aus-halbmattem-messing-gubi\/\",\"name\":\"Couchtisch Pedrera I Transparente Tischplatte & Messing-Sockel\",\"isPartOf\":{\"@id\":\"https:\/\/ekkla.ch\/#website\"},\"primaryImageOfPage\":{\"@id\":\"https:\/\/ekkla.ch\/de\/produit\/couchtisch-pedrera-h-38-transparente-tischplatte-und-sockel-aus-halbmattem-messing-gubi\/#primaryimage\"},\"image\":{\"@id\":\"https:\/\/ekkla.ch\/de\/produit\/couchtisch-pedrera-h-38-transparente-tischplatte-und-sockel-aus-halbmattem-messing-gubi\/#primaryimage\"},\"thumbnailUrl\":\"https:\/\/ekkla.ch\/wp-content\/uploads\/2024\/06\/ekkla-light-meubles-luminaires_produit_0003_table_pedrera_laiton.jpg\",\"datePublished\":\"2024-06-01T19:19:50+00:00\",\"dateModified\":\"2024-06-01T19:34:57+00:00\",\"description\":\"Entdecken Sie den Couchtisch Pedrera, der ein gebogenes Stahlgestell mit einer Glasplatte verbindet und die Eleganz der modernen Architektur widerspiegelt.\",\"breadcrumb\":{\"@id\":\"https:\/\/ekkla.ch\/de\/produit\/couchtisch-pedrera-h-38-transparente-tischplatte-und-sockel-aus-halbmattem-messing-gubi\/#breadcrumb\"},\"inLanguage\":\"de\",\"potentialAction\":[{\"@type\":\"ReadAction\",\"target\":[\"https:\/\/ekkla.ch\/de\/produit\/couchtisch-pedrera-h-38-transparente-tischplatte-und-sockel-aus-halbmattem-messing-gubi\/\"]}]},{\"@type\":\"ImageObject\",\"inLanguage\":\"de\",\"@id\":\"https:\/\/ekkla.ch\/de\/produit\/couchtisch-pedrera-h-38-transparente-tischplatte-und-sockel-aus-halbmattem-messing-gubi\/#primaryimage\",\"url\":\"https:\/\/ekkla.ch\/wp-content\/uploads\/2024\/06\/ekkla-light-meubles-luminaires_produit_0003_table_pedrera_laiton.jpg\",\"contentUrl\":\"https:\/\/ekkla.ch\/wp-content\/uploads\/2024\/06\/ekkla-light-meubles-luminaires_produit_0003_table_pedrera_laiton.jpg\",\"width\":1000,\"height\":1000},{\"@type\":\"BreadcrumbList\",\"@id\":\"https:\/\/ekkla.ch\/de\/produit\/couchtisch-pedrera-h-38-transparente-tischplatte-und-sockel-aus-halbmattem-messing-gubi\/#breadcrumb\",\"itemListElement\":[{\"@type\":\"ListItem\",\"position\":1,\"name\":\"Home\",\"item\":\"https:\/\/ekkla.ch\/de\/\"},{\"@type\":\"ListItem\",\"position\":2,\"name\":\"Shop\",\"item\":\"https:\/\/ekkla.ch\/de\/shop\/\"},{\"@type\":\"ListItem\",\"position\":3,\"name\":\"Couchtisch Pedrera &#8211; H-38 &#8211; Transparente Tischplatte und Sockel aus halbmattem Messing &#8211; Gubi\"}]},{\"@type\":\"WebSite\",\"@id\":\"https:\/\/ekkla.ch\/#website\",\"url\":\"https:\/\/ekkla.ch\/\",\"name\":\"Ekkla\",\"description\":\"Der Onlineshop f\u00fcr Beleuchtung\",\"publisher\":{\"@id\":\"https:\/\/ekkla.ch\/#organization\"},\"potentialAction\":[{\"@type\":\"SearchAction\",\"target\":{\"@type\":\"EntryPoint\",\"urlTemplate\":\"https:\/\/ekkla.ch\/?s={search_term_string}\"},\"query-input\":\"required name=search_term_string\"}],\"inLanguage\":\"de\"},{\"@type\":\"Organization\",\"@id\":\"https:\/\/ekkla.ch\/#organization\",\"name\":\"Ekkla\",\"url\":\"https:\/\/ekkla.ch\/\",\"logo\":{\"@type\":\"ImageObject\",\"inLanguage\":\"de\",\"@id\":\"https:\/\/ekkla.ch\/#\/schema\/logo\/image\/\",\"url\":\"http:\/\/ekkla.ch\/wp-content\/uploads\/2019\/07\/logo-1.svg\",\"contentUrl\":\"http:\/\/ekkla.ch\/wp-content\/uploads\/2019\/07\/logo-1.svg\",\"width\":1,\"height\":1,\"caption\":\"Ekkla\"},\"image\":{\"@id\":\"https:\/\/ekkla.ch\/#\/schema\/logo\/image\/\"},\"sameAs\":[\"https:\/\/www.instagram.com\/ekkla_light\/\"]}]}<\/script>\n<!-- \/ Yoast SEO Premium plugin. -->","yoast_head_json":{"title":"Couchtisch Pedrera I Transparente Tischplatte & Messing-Sockel","description":"Entdecken Sie den Couchtisch Pedrera, der ein gebogenes Stahlgestell mit einer Glasplatte verbindet und die Eleganz der modernen Architektur widerspiegelt.","robots":{"index":"index","follow":"follow","max-snippet":"max-snippet:-1","max-image-preview":"max-image-preview:large","max-video-preview":"max-video-preview:-1"},"canonical":"https:\/\/ekkla.ch\/de\/produit\/couchtisch-pedrera-h-38-transparente-tischplatte-und-sockel-aus-halbmattem-messing-gubi\/","og_locale":"de_DE","og_type":"article","og_title":"Couchtisch Pedrera - H-38 - Transparente Tischplatte und Sockel aus halbmattem Messing - Gubi","og_description":"Entdecken Sie den Couchtisch Pedrera, der ein gebogenes Stahlgestell mit einer Glasplatte verbindet und die Eleganz der modernen Architektur widerspiegelt.","og_url":"https:\/\/ekkla.ch\/de\/produit\/couchtisch-pedrera-h-38-transparente-tischplatte-und-sockel-aus-halbmattem-messing-gubi\/","og_site_name":"Ekkla","article_modified_time":"2024-06-01T19:34:57+00:00","og_image":[{"width":1000,"height":1000,"url":"https:\/\/ekkla.ch\/wp-content\/uploads\/2024\/06\/ekkla-light-meubles-luminaires_produit_0003_table_pedrera_laiton.jpg","type":"image\/jpeg"}],"twitter_card":"summary_large_image","twitter_misc":{"Gesch\u00e4tzte Lesezeit":"2\u00a0Minuten"},"schema":{"@context":"https:\/\/schema.org","@graph":[{"@type":"WebPage","@id":"https:\/\/ekkla.ch\/de\/produit\/couchtisch-pedrera-h-38-transparente-tischplatte-und-sockel-aus-halbmattem-messing-gubi\/","url":"https:\/\/ekkla.ch\/de\/produit\/couchtisch-pedrera-h-38-transparente-tischplatte-und-sockel-aus-halbmattem-messing-gubi\/","name":"Couchtisch Pedrera I Transparente Tischplatte & Messing-Sockel","isPartOf":{"@id":"https:\/\/ekkla.ch\/#website"},"primaryImageOfPage":{"@id":"https:\/\/ekkla.ch\/de\/produit\/couchtisch-pedrera-h-38-transparente-tischplatte-und-sockel-aus-halbmattem-messing-gubi\/#primaryimage"},"image":{"@id":"https:\/\/ekkla.ch\/de\/produit\/couchtisch-pedrera-h-38-transparente-tischplatte-und-sockel-aus-halbmattem-messing-gubi\/#primaryimage"},"thumbnailUrl":"https:\/\/ekkla.ch\/wp-content\/uploads\/2024\/06\/ekkla-light-meubles-luminaires_produit_0003_table_pedrera_laiton.jpg","datePublished":"2024-06-01T19:19:50+00:00","dateModified":"2024-06-01T19:34:57+00:00","description":"Entdecken Sie den Couchtisch Pedrera, der ein gebogenes Stahlgestell mit einer Glasplatte verbindet und die Eleganz der modernen Architektur widerspiegelt.","breadcrumb":{"@id":"https:\/\/ekkla.ch\/de\/produit\/couchtisch-pedrera-h-38-transparente-tischplatte-und-sockel-aus-halbmattem-messing-gubi\/#breadcrumb"},"inLanguage":"de","potentialAction":[{"@type":"ReadAction","target":["https:\/\/ekkla.ch\/de\/produit\/couchtisch-pedrera-h-38-transparente-tischplatte-und-sockel-aus-halbmattem-messing-gubi\/"]}]},{"@type":"ImageObject","inLanguage":"de","@id":"https:\/\/ekkla.ch\/de\/produit\/couchtisch-pedrera-h-38-transparente-tischplatte-und-sockel-aus-halbmattem-messing-gubi\/#primaryimage","url":"https:\/\/ekkla.ch\/wp-content\/uploads\/2024\/06\/ekkla-light-meubles-luminaires_produit_0003_table_pedrera_laiton.jpg","contentUrl":"https:\/\/ekkla.ch\/wp-content\/uploads\/2024\/06\/ekkla-light-meubles-luminaires_produit_0003_table_pedrera_laiton.jpg","width":1000,"height":1000},{"@type":"BreadcrumbList","@id":"https:\/\/ekkla.ch\/de\/produit\/couchtisch-pedrera-h-38-transparente-tischplatte-und-sockel-aus-halbmattem-messing-gubi\/#breadcrumb","itemListElement":[{"@type":"ListItem","position":1,"name":"Home","item":"https:\/\/ekkla.ch\/de\/"},{"@type":"ListItem","position":2,"name":"Shop","item":"https:\/\/ekkla.ch\/de\/shop\/"},{"@type":"ListItem","position":3,"name":"Couchtisch Pedrera &#8211; H-38 &#8211; Transparente Tischplatte und Sockel aus halbmattem Messing &#8211; Gubi"}]},{"@type":"WebSite","@id":"https:\/\/ekkla.ch\/#website","url":"https:\/\/ekkla.ch\/","name":"Ekkla","description":"Der Onlineshop f\u00fcr Beleuchtung","publisher":{"@id":"https:\/\/ekkla.ch\/#organization"},"potentialAction":[{"@type":"SearchAction","target":{"@type":"EntryPoint","urlTemplate":"https:\/\/ekkla.ch\/?s={search_term_string}"},"query-input":"required name=search_term_string"}],"inLanguage":"de"},{"@type":"Organization","@id":"https:\/\/ekkla.ch\/#organization","name":"Ekkla","url":"https:\/\/ekkla.ch\/","logo":{"@type":"ImageObject","inLanguage":"de","@id":"https:\/\/ekkla.ch\/#\/schema\/logo\/image\/","url":"http:\/\/ekkla.ch\/wp-content\/uploads\/2019\/07\/logo-1.svg","contentUrl":"http:\/\/ekkla.ch\/wp-content\/uploads\/2019\/07\/logo-1.svg","width":1,"height":1,"caption":"Ekkla"},"image":{"@id":"https:\/\/ekkla.ch\/#\/schema\/logo\/image\/"},"sameAs":["https:\/\/www.instagram.com\/ekkla_light\/"]}]}},"_links":{"self":[{"href":"https:\/\/ekkla.ch\/de\/wp-json\/wp\/v2\/product\/194827"}],"collection":[{"href":"https:\/\/ekkla.ch\/de\/wp-json\/wp\/v2\/product"}],"about":[{"href":"https:\/\/ekkla.ch\/de\/wp-json\/wp\/v2\/types\/product"}],"wp:featuredmedia":[{"embeddable":true,"href":"https:\/\/ekkla.ch\/de\/wp-json\/wp\/v2\/media\/194824"}],"wp:attachment":[{"href":"https:\/\/ekkla.ch\/de\/wp-json\/wp\/v2\/media?parent=194827"}],"wp:term":[{"taxonomy":"product_cat","embeddable":true,"href":"https:\/\/ekkla.ch\/de\/wp-json\/wp\/v2\/product_cat?post=194827"},{"taxonomy":"product_tag","embeddable":true,"href":"https:\/\/ekkla.ch\/de\/wp-json\/wp\/v2\/product_tag?post=194827"}],"curies":[{"name":"wp","href":"https:\/\/api.w.org\/{rel}","templated":true}]}}