{"id":194860,"date":"2024-06-03T01:04:12","date_gmt":"2024-06-02T23:04:12","guid":{"rendered":"https:\/\/ekkla.ch\/produit\/loungesessel-sejour-nussbaum-und-cremefarbener-boucle-stoff-gubi\/"},"modified":"2024-06-03T01:29:51","modified_gmt":"2024-06-02T23:29:51","slug":"loungesessel-sejour-nussbaum-und-cremefarbener-boucle-stoff-gubi","status":"publish","type":"product","link":"https:\/\/ekkla.ch\/de\/produit\/loungesessel-sejour-nussbaum-und-cremefarbener-boucle-stoff-gubi\/","title":{"rendered":"Loungesessel Sejour &#8211; Nussbaum und cremefarbener Boucl\u00e9-Stoff &#8211; Gubi"},"content":{"rendered":"<div class=\"flex flex-grow flex-col max-w-full\">\n<div class=\"min-h-[20px] text-message flex flex-col items-start whitespace-pre-wrap break-words [.text-message+&amp;]:mt-5 juice:w-full juice:items-end overflow-x-auto gap-2\" dir=\"auto\" data-message-author-role=\"assistant\" data-message-id=\"5166cf7e-eb53-4795-a5bb-f60bd83db721\">\n<div class=\"flex w-full flex-col gap-1 juice:empty:hidden juice:first:pt-[3px]\">\n<div class=\"markdown prose w-full break-words dark:prose-invert light\">\n<div class=\"flex flex-grow flex-col max-w-full\">\n<div class=\"min-h-[20px] text-message flex flex-col items-start whitespace-pre-wrap break-words [.text-message+&amp;]:mt-5 juice:w-full juice:items-end overflow-x-auto gap-2\" dir=\"auto\" data-message-author-role=\"assistant\" data-message-id=\"b7ebefe7-9d52-455f-9158-1f14ce088d1d\">\n<div class=\"flex w-full flex-col gap-1 juice:empty:hidden juice:first:pt-[3px]\">\n<div class=\"markdown prose w-full break-words dark:prose-invert light\">\n<div class=\"flex flex-grow flex-col max-w-full\">\n<div class=\"min-h-[20px] text-message flex flex-col items-start whitespace-pre-wrap break-words [.text-message+&amp;]:mt-5 juice:w-full juice:items-end overflow-x-auto gap-2\" dir=\"auto\" data-message-author-role=\"assistant\" data-message-id=\"3be9315f-f886-42be-a060-c63e046dedea\">\n<div class=\"flex w-full flex-col gap-1 juice:empty:hidden juice:first:pt-[3px]\">\n<div class=\"markdown prose w-full break-words dark:prose-invert light\">\n<div class=\"flex flex-grow flex-col max-w-full\">\n<div class=\"min-h-[20px] text-message flex flex-col items-start whitespace-pre-wrap break-words [.text-message+&amp;]:mt-5 juice:w-full juice:items-end overflow-x-auto gap-2\" dir=\"auto\" data-message-author-role=\"assistant\" data-message-id=\"0aa17401-1848-419e-b8de-c6acc603fd6d\">\n<div class=\"flex w-full flex-col gap-1 juice:empty:hidden juice:first:pt-[3px]\">\n<div class=\"markdown prose w-full break-words dark:prose-invert light\">\n<div class=\"flex flex-grow flex-col max-w-full\">\n<div class=\"min-h-[20px] text-message flex flex-col items-start whitespace-pre-wrap break-words [.text-message+&amp;]:mt-5 juice:w-full juice:items-end overflow-x-auto gap-2\" dir=\"auto\" data-message-author-role=\"assistant\" data-message-id=\"1b8a67c8-ebf4-46dd-8a32-639d70e8821c\">\n<div class=\"flex w-full flex-col gap-1 juice:empty:hidden juice:first:pt-[3px]\">\n<div class=\"markdown prose w-full break-words dark:prose-invert light\">\n<div class=\"flex flex-grow flex-col max-w-full\">\n<div class=\"min-h-[20px] text-message flex flex-col items-start whitespace-pre-wrap break-words [.text-message+&amp;]:mt-5 juice:w-full juice:items-end overflow-x-auto gap-2\" dir=\"auto\" data-message-author-role=\"assistant\" data-message-id=\"5ca231db-0590-4cc0-afc5-c3147c930c40\">\n<div class=\"flex w-full flex-col gap-1 juice:empty:hidden juice:first:pt-[3px]\">\n<div class=\"markdown prose w-full break-words dark:prose-invert light\">\n<div class=\"flex flex-grow flex-col max-w-full\">\n<div class=\"min-h-[20px] text-message flex flex-col items-start whitespace-pre-wrap break-words [.text-message+&amp;]:mt-5 juice:w-full juice:items-end overflow-x-auto gap-2\" dir=\"auto\" data-message-author-role=\"assistant\" data-message-id=\"5c0ac671-e1c9-464b-9d27-02b3f009b65b\">\n<div class=\"flex w-full flex-col gap-1 juice:empty:hidden juice:first:pt-[3px]\">\n<div class=\"markdown prose w-full break-words dark:prose-invert light\">\n<div class=\"flex flex-grow flex-col max-w-full\">\n<div class=\"min-h-[20px] text-message flex flex-col items-start whitespace-pre-wrap break-words [.text-message+&amp;]:mt-5 juice:w-full juice:items-end overflow-x-auto gap-2\" dir=\"auto\" data-message-author-role=\"assistant\" data-message-id=\"801dd341-0658-4ff0-9f85-5345f09531f4\">\n<div class=\"flex w-full flex-col gap-1 juice:empty:hidden juice:first:pt-[3px]\">\n<div class=\"markdown prose w-full break-words dark:prose-invert light\">\n<div class=\"flex flex-grow flex-col max-w-full\">\n<div class=\"min-h-[20px] text-message flex flex-col items-start whitespace-pre-wrap break-words [.text-message+&amp;]:mt-5 juice:w-full juice:items-end overflow-x-auto gap-2\" dir=\"auto\" data-message-author-role=\"assistant\" data-message-id=\"23d75311-6896-4d6f-86da-4edaeca48048\">\n<div class=\"flex w-full flex-col gap-1 juice:empty:hidden juice:first:pt-[3px]\">\n<div class=\"markdown prose w-full break-words dark:prose-invert light\">\n<div id=\"description\" class=\"col-xs-12 col-md-4 details\">\n<div id=\"details-1\" class=\"content\" aria-expanded=\"false\">\n<div class=\"text\">\n<div class=\"flex flex-grow flex-col max-w-full\">\n<div class=\"min-h-[20px] text-message flex flex-col items-start whitespace-pre-wrap break-words [.text-message+&amp;]:mt-5 juice:w-full juice:items-end overflow-x-auto gap-2\" dir=\"auto\" data-message-author-role=\"assistant\" data-message-id=\"4a6e6637-8a08-41fe-9b55-57c37a34b52e\">\n<div class=\"flex w-full flex-col gap-1 juice:empty:hidden juice:first:pt-[3px]\">\n<div class=\"markdown prose w-full break-words dark:prose-invert light\">\n<div class=\"flex flex-grow flex-col max-w-full\">\n<div class=\"min-h-[20px] text-message flex flex-col items-start whitespace-pre-wrap break-words [.text-message+&amp;]:mt-5 juice:w-full juice:items-end overflow-x-auto gap-2\" dir=\"auto\" data-message-author-role=\"assistant\" data-message-id=\"ccad33ec-a0e3-4a7b-902f-d43724500a6f\">\n<div class=\"flex w-full flex-col gap-1 juice:empty:hidden juice:first:pt-[3px]\">\n<div class=\"markdown prose w-full break-words dark:prose-invert light\">\n<div class=\"flex flex-grow flex-col max-w-full\">\n<div class=\"min-h-[20px] text-message flex flex-col items-start whitespace-pre-wrap break-words [.text-message+&amp;]:mt-5 juice:w-full juice:items-end overflow-x-auto gap-2\" dir=\"auto\" data-message-author-role=\"assistant\" data-message-id=\"0b16d6f0-9762-4206-a62c-6480f0795102\">\n<div class=\"flex w-full flex-col gap-1 juice:empty:hidden juice:first:pt-[3px]\">\n<div class=\"markdown prose w-full break-words dark:prose-invert light\">\n<p>Der gepflegte und elegante Loungesessel Sejour ist eine raffinierte Mischung aus Klassik und Moderne. Der kompakte Sessel wurde von dem d\u00e4nisch-italienischen Duo GamFratesi entworfen und bietet mit seiner tiefen, weichen Sitzfl\u00e4che und der markant geschwungenen R\u00fcckenlehne aussergew\u00f6hnlichen Komfort.<\/p>\n<p>Materialien wie die Armlehnen aus Walnussholz, das Messinggestell und der Boucl\u00e9-Stoff Artemidor von Dedar f\u00fcgen eine reiche taktile Pers\u00f6nlichkeit hinzu. Inspiriert vom viktorianischen \u201ePantoffelstuhl\u201c und beeinflusst von der skandinavischen Designtradition, setzt der Loungesessel Sejour ein k\u00fchnes und einladendes Statement in jedem Raum, ob B\u00fcroempfang, Hotelhalle oder Wohnzimmer.<\/p>\n<\/div>\n<\/div>\n<\/div>\n<\/div>\n<\/div>\n<\/div>\n<\/div>\n<\/div>\n<\/div>\n<\/div>\n<\/div>\n<\/div>\n<\/div>\n<\/div>\n<\/div>\n<\/div>\n<\/div>\n<\/div>\n<\/div>\n<blockquote>\n<h2>Merkmale &amp; Eigenschaften<\/h2>\n<p><strong>Marke<\/strong>\u00a0Gubi<\/p>\n<p><strong>Farbe<\/strong> Beige<\/p>\n<p><strong>Materialien<\/strong> Boucl\u00e9-Wolle und amerikanisches Walnussholz<\/p>\n<p><strong>H\u00f6he (cm) <\/strong>71<\/p>\n<p><strong>Breite (cm) <\/strong>73<\/p>\n<p><strong>Tiefe (cm) <\/strong>80<\/p>\n<p><strong>Gewicht (kg)<\/strong> 20<\/p><\/blockquote>\n<\/div>\n<\/div>\n<\/div>\n<\/div>\n<\/div>\n<\/div>\n<\/div>\n<\/div>\n<\/div>\n<\/div>\n<\/div>\n<\/div>\n<\/div>\n<\/div>\n<\/div>\n<\/div>\n<\/div>\n<\/div>\n<\/div>\n<\/div>\n<\/div>\n<\/div>\n<\/div>\n<\/div>\n<\/div>\n<\/div>\n<\/div>\n<\/div>\n<\/div>\n<\/div>\n<\/div>\n<\/div>\n","protected":false},"excerpt":{"rendered":"<p>Der gepflegte und elegante Loungesessel Sejour ist eine raffinierte Mischung aus Klassik und Moderne. Der kompakte Sessel wurde von dem d\u00e4nisch-italienischen Duo GamFratesi entworfen und bietet mit seiner tiefen, weichen Sitzfl\u00e4che und der markant geschwungenen R\u00fcckenlehne aussergew\u00f6hnlichen Komfort. Materialien wie die Armlehnen aus Walnussholz, das Messinggestell und der Boucl\u00e9-Stoff Artemidor von Dedar f\u00fcgen eine reiche [&hellip;]<\/p>\n","protected":false},"featured_media":194859,"template":"","meta":{"_acf_changed":false,"om_disable_all_campaigns":false},"product_cat":[964,972],"product_tag":[1254,892,1188,1265,801,816],"bundled_by":[],"bundle_stock_status":"onbackorder","bundle_stock_quantity":null,"bundle_virtual":false,"bundle_layout":"","bundle_add_to_cart_form_location":"","bundle_editable_in_cart":false,"bundle_sold_individually_context":"","bundle_item_grouping":"","bundle_min_size":"","bundle_max_size":"","bundle_price":[],"bundled_items":[],"bundle_sell_ids":[],"acf":[],"yoast_head":"<!-- This site is optimized with the Yoast SEO Premium plugin v22.2 (Yoast SEO v22.8) - https:\/\/yoast.com\/wordpress\/plugins\/seo\/ -->\n<title>Loungesessel Sejour I Nussbaum und cremefarbener Boucl\u00e9-Stoff I Gubi I Ekkla<\/title>\n<meta name=\"description\" content=\"Entdecken Sie den Loungesessel Sejour, der klassische und zeitgen\u00f6ssische Eleganz mit edlen Materialien verbindet und jedem Raum Komfort und Stil verleiht.\" \/>\n<meta name=\"robots\" content=\"index, follow, max-snippet:-1, max-image-preview:large, max-video-preview:-1\" \/>\n<link rel=\"canonical\" href=\"https:\/\/ekkla.ch\/de\/produit\/loungesessel-sejour-nussbaum-und-cremefarbener-boucle-stoff-gubi\/\" \/>\n<meta property=\"og:locale\" content=\"de_DE\" \/>\n<meta property=\"og:type\" content=\"article\" \/>\n<meta property=\"og:title\" content=\"Loungesessel Sejour - Nussbaum und cremefarbener Boucl\u00e9-Stoff - Gubi\" \/>\n<meta property=\"og:description\" content=\"Entdecken Sie den Loungesessel Sejour, der klassische und zeitgen\u00f6ssische Eleganz mit edlen Materialien verbindet und jedem Raum Komfort und Stil verleiht.\" \/>\n<meta property=\"og:url\" content=\"https:\/\/ekkla.ch\/de\/produit\/loungesessel-sejour-nussbaum-und-cremefarbener-boucle-stoff-gubi\/\" \/>\n<meta property=\"og:site_name\" content=\"Ekkla\" \/>\n<meta property=\"article:modified_time\" content=\"2024-06-02T23:29:51+00:00\" \/>\n<meta property=\"og:image\" content=\"https:\/\/ekkla.ch\/wp-content\/uploads\/2024\/06\/ekkla-light-meubles-luminaires_produit_0006_10113390_f3q_sejour_loungechair_witharmrest_conic_fullyupholstered_antiquebr.jpg\" \/>\n\t<meta property=\"og:image:width\" content=\"1000\" \/>\n\t<meta property=\"og:image:height\" content=\"1000\" \/>\n\t<meta property=\"og:image:type\" content=\"image\/jpeg\" \/>\n<meta name=\"twitter:card\" content=\"summary_large_image\" \/>\n<meta name=\"twitter:label1\" content=\"Gesch\u00e4tzte Lesezeit\" \/>\n\t<meta name=\"twitter:data1\" content=\"1\u00a0Minute\" \/>\n<script type=\"application\/ld+json\" class=\"yoast-schema-graph\">{\"@context\":\"https:\/\/schema.org\",\"@graph\":[{\"@type\":\"WebPage\",\"@id\":\"https:\/\/ekkla.ch\/de\/produit\/loungesessel-sejour-nussbaum-und-cremefarbener-boucle-stoff-gubi\/\",\"url\":\"https:\/\/ekkla.ch\/de\/produit\/loungesessel-sejour-nussbaum-und-cremefarbener-boucle-stoff-gubi\/\",\"name\":\"Loungesessel Sejour I Nussbaum und cremefarbener Boucl\u00e9-Stoff I Gubi I Ekkla\",\"isPartOf\":{\"@id\":\"https:\/\/ekkla.ch\/#website\"},\"primaryImageOfPage\":{\"@id\":\"https:\/\/ekkla.ch\/de\/produit\/loungesessel-sejour-nussbaum-und-cremefarbener-boucle-stoff-gubi\/#primaryimage\"},\"image\":{\"@id\":\"https:\/\/ekkla.ch\/de\/produit\/loungesessel-sejour-nussbaum-und-cremefarbener-boucle-stoff-gubi\/#primaryimage\"},\"thumbnailUrl\":\"https:\/\/ekkla.ch\/wp-content\/uploads\/2024\/06\/ekkla-light-meubles-luminaires_produit_0006_10113390_f3q_sejour_loungechair_witharmrest_conic_fullyupholstered_antiquebr.jpg\",\"datePublished\":\"2024-06-02T23:04:12+00:00\",\"dateModified\":\"2024-06-02T23:29:51+00:00\",\"description\":\"Entdecken Sie den Loungesessel Sejour, der klassische und zeitgen\u00f6ssische Eleganz mit edlen Materialien verbindet und jedem Raum Komfort und Stil verleiht.\",\"breadcrumb\":{\"@id\":\"https:\/\/ekkla.ch\/de\/produit\/loungesessel-sejour-nussbaum-und-cremefarbener-boucle-stoff-gubi\/#breadcrumb\"},\"inLanguage\":\"de\",\"potentialAction\":[{\"@type\":\"ReadAction\",\"target\":[\"https:\/\/ekkla.ch\/de\/produit\/loungesessel-sejour-nussbaum-und-cremefarbener-boucle-stoff-gubi\/\"]}]},{\"@type\":\"ImageObject\",\"inLanguage\":\"de\",\"@id\":\"https:\/\/ekkla.ch\/de\/produit\/loungesessel-sejour-nussbaum-und-cremefarbener-boucle-stoff-gubi\/#primaryimage\",\"url\":\"https:\/\/ekkla.ch\/wp-content\/uploads\/2024\/06\/ekkla-light-meubles-luminaires_produit_0006_10113390_f3q_sejour_loungechair_witharmrest_conic_fullyupholstered_antiquebr.jpg\",\"contentUrl\":\"https:\/\/ekkla.ch\/wp-content\/uploads\/2024\/06\/ekkla-light-meubles-luminaires_produit_0006_10113390_f3q_sejour_loungechair_witharmrest_conic_fullyupholstered_antiquebr.jpg\",\"width\":1000,\"height\":1000},{\"@type\":\"BreadcrumbList\",\"@id\":\"https:\/\/ekkla.ch\/de\/produit\/loungesessel-sejour-nussbaum-und-cremefarbener-boucle-stoff-gubi\/#breadcrumb\",\"itemListElement\":[{\"@type\":\"ListItem\",\"position\":1,\"name\":\"Home\",\"item\":\"https:\/\/ekkla.ch\/de\/\"},{\"@type\":\"ListItem\",\"position\":2,\"name\":\"Shop\",\"item\":\"https:\/\/ekkla.ch\/de\/shop\/\"},{\"@type\":\"ListItem\",\"position\":3,\"name\":\"Loungesessel Sejour &#8211; Nussbaum und cremefarbener Boucl\u00e9-Stoff &#8211; Gubi\"}]},{\"@type\":\"WebSite\",\"@id\":\"https:\/\/ekkla.ch\/#website\",\"url\":\"https:\/\/ekkla.ch\/\",\"name\":\"Ekkla\",\"description\":\"Der Onlineshop f\u00fcr Beleuchtung\",\"publisher\":{\"@id\":\"https:\/\/ekkla.ch\/#organization\"},\"potentialAction\":[{\"@type\":\"SearchAction\",\"target\":{\"@type\":\"EntryPoint\",\"urlTemplate\":\"https:\/\/ekkla.ch\/?s={search_term_string}\"},\"query-input\":\"required name=search_term_string\"}],\"inLanguage\":\"de\"},{\"@type\":\"Organization\",\"@id\":\"https:\/\/ekkla.ch\/#organization\",\"name\":\"Ekkla\",\"url\":\"https:\/\/ekkla.ch\/\",\"logo\":{\"@type\":\"ImageObject\",\"inLanguage\":\"de\",\"@id\":\"https:\/\/ekkla.ch\/#\/schema\/logo\/image\/\",\"url\":\"http:\/\/ekkla.ch\/wp-content\/uploads\/2019\/07\/logo-1.svg\",\"contentUrl\":\"http:\/\/ekkla.ch\/wp-content\/uploads\/2019\/07\/logo-1.svg\",\"width\":1,\"height\":1,\"caption\":\"Ekkla\"},\"image\":{\"@id\":\"https:\/\/ekkla.ch\/#\/schema\/logo\/image\/\"},\"sameAs\":[\"https:\/\/www.instagram.com\/ekkla_light\/\"]}]}<\/script>\n<!-- \/ Yoast SEO Premium plugin. -->","yoast_head_json":{"title":"Loungesessel Sejour I Nussbaum und cremefarbener Boucl\u00e9-Stoff I Gubi I Ekkla","description":"Entdecken Sie den Loungesessel Sejour, der klassische und zeitgen\u00f6ssische Eleganz mit edlen Materialien verbindet und jedem Raum Komfort und Stil verleiht.","robots":{"index":"index","follow":"follow","max-snippet":"max-snippet:-1","max-image-preview":"max-image-preview:large","max-video-preview":"max-video-preview:-1"},"canonical":"https:\/\/ekkla.ch\/de\/produit\/loungesessel-sejour-nussbaum-und-cremefarbener-boucle-stoff-gubi\/","og_locale":"de_DE","og_type":"article","og_title":"Loungesessel Sejour - Nussbaum und cremefarbener Boucl\u00e9-Stoff - Gubi","og_description":"Entdecken Sie den Loungesessel Sejour, der klassische und zeitgen\u00f6ssische Eleganz mit edlen Materialien verbindet und jedem Raum Komfort und Stil verleiht.","og_url":"https:\/\/ekkla.ch\/de\/produit\/loungesessel-sejour-nussbaum-und-cremefarbener-boucle-stoff-gubi\/","og_site_name":"Ekkla","article_modified_time":"2024-06-02T23:29:51+00:00","og_image":[{"width":1000,"height":1000,"url":"https:\/\/ekkla.ch\/wp-content\/uploads\/2024\/06\/ekkla-light-meubles-luminaires_produit_0006_10113390_f3q_sejour_loungechair_witharmrest_conic_fullyupholstered_antiquebr.jpg","type":"image\/jpeg"}],"twitter_card":"summary_large_image","twitter_misc":{"Gesch\u00e4tzte Lesezeit":"1\u00a0Minute"},"schema":{"@context":"https:\/\/schema.org","@graph":[{"@type":"WebPage","@id":"https:\/\/ekkla.ch\/de\/produit\/loungesessel-sejour-nussbaum-und-cremefarbener-boucle-stoff-gubi\/","url":"https:\/\/ekkla.ch\/de\/produit\/loungesessel-sejour-nussbaum-und-cremefarbener-boucle-stoff-gubi\/","name":"Loungesessel Sejour I Nussbaum und cremefarbener Boucl\u00e9-Stoff I Gubi I Ekkla","isPartOf":{"@id":"https:\/\/ekkla.ch\/#website"},"primaryImageOfPage":{"@id":"https:\/\/ekkla.ch\/de\/produit\/loungesessel-sejour-nussbaum-und-cremefarbener-boucle-stoff-gubi\/#primaryimage"},"image":{"@id":"https:\/\/ekkla.ch\/de\/produit\/loungesessel-sejour-nussbaum-und-cremefarbener-boucle-stoff-gubi\/#primaryimage"},"thumbnailUrl":"https:\/\/ekkla.ch\/wp-content\/uploads\/2024\/06\/ekkla-light-meubles-luminaires_produit_0006_10113390_f3q_sejour_loungechair_witharmrest_conic_fullyupholstered_antiquebr.jpg","datePublished":"2024-06-02T23:04:12+00:00","dateModified":"2024-06-02T23:29:51+00:00","description":"Entdecken Sie den Loungesessel Sejour, der klassische und zeitgen\u00f6ssische Eleganz mit edlen Materialien verbindet und jedem Raum Komfort und Stil verleiht.","breadcrumb":{"@id":"https:\/\/ekkla.ch\/de\/produit\/loungesessel-sejour-nussbaum-und-cremefarbener-boucle-stoff-gubi\/#breadcrumb"},"inLanguage":"de","potentialAction":[{"@type":"ReadAction","target":["https:\/\/ekkla.ch\/de\/produit\/loungesessel-sejour-nussbaum-und-cremefarbener-boucle-stoff-gubi\/"]}]},{"@type":"ImageObject","inLanguage":"de","@id":"https:\/\/ekkla.ch\/de\/produit\/loungesessel-sejour-nussbaum-und-cremefarbener-boucle-stoff-gubi\/#primaryimage","url":"https:\/\/ekkla.ch\/wp-content\/uploads\/2024\/06\/ekkla-light-meubles-luminaires_produit_0006_10113390_f3q_sejour_loungechair_witharmrest_conic_fullyupholstered_antiquebr.jpg","contentUrl":"https:\/\/ekkla.ch\/wp-content\/uploads\/2024\/06\/ekkla-light-meubles-luminaires_produit_0006_10113390_f3q_sejour_loungechair_witharmrest_conic_fullyupholstered_antiquebr.jpg","width":1000,"height":1000},{"@type":"BreadcrumbList","@id":"https:\/\/ekkla.ch\/de\/produit\/loungesessel-sejour-nussbaum-und-cremefarbener-boucle-stoff-gubi\/#breadcrumb","itemListElement":[{"@type":"ListItem","position":1,"name":"Home","item":"https:\/\/ekkla.ch\/de\/"},{"@type":"ListItem","position":2,"name":"Shop","item":"https:\/\/ekkla.ch\/de\/shop\/"},{"@type":"ListItem","position":3,"name":"Loungesessel Sejour &#8211; Nussbaum und cremefarbener Boucl\u00e9-Stoff &#8211; Gubi"}]},{"@type":"WebSite","@id":"https:\/\/ekkla.ch\/#website","url":"https:\/\/ekkla.ch\/","name":"Ekkla","description":"Der Onlineshop f\u00fcr Beleuchtung","publisher":{"@id":"https:\/\/ekkla.ch\/#organization"},"potentialAction":[{"@type":"SearchAction","target":{"@type":"EntryPoint","urlTemplate":"https:\/\/ekkla.ch\/?s={search_term_string}"},"query-input":"required name=search_term_string"}],"inLanguage":"de"},{"@type":"Organization","@id":"https:\/\/ekkla.ch\/#organization","name":"Ekkla","url":"https:\/\/ekkla.ch\/","logo":{"@type":"ImageObject","inLanguage":"de","@id":"https:\/\/ekkla.ch\/#\/schema\/logo\/image\/","url":"http:\/\/ekkla.ch\/wp-content\/uploads\/2019\/07\/logo-1.svg","contentUrl":"http:\/\/ekkla.ch\/wp-content\/uploads\/2019\/07\/logo-1.svg","width":1,"height":1,"caption":"Ekkla"},"image":{"@id":"https:\/\/ekkla.ch\/#\/schema\/logo\/image\/"},"sameAs":["https:\/\/www.instagram.com\/ekkla_light\/"]}]}},"_links":{"self":[{"href":"https:\/\/ekkla.ch\/de\/wp-json\/wp\/v2\/product\/194860"}],"collection":[{"href":"https:\/\/ekkla.ch\/de\/wp-json\/wp\/v2\/product"}],"about":[{"href":"https:\/\/ekkla.ch\/de\/wp-json\/wp\/v2\/types\/product"}],"wp:featuredmedia":[{"embeddable":true,"href":"https:\/\/ekkla.ch\/de\/wp-json\/wp\/v2\/media\/194859"}],"wp:attachment":[{"href":"https:\/\/ekkla.ch\/de\/wp-json\/wp\/v2\/media?parent=194860"}],"wp:term":[{"taxonomy":"product_cat","embeddable":true,"href":"https:\/\/ekkla.ch\/de\/wp-json\/wp\/v2\/product_cat?post=194860"},{"taxonomy":"product_tag","embeddable":true,"href":"https:\/\/ekkla.ch\/de\/wp-json\/wp\/v2\/product_tag?post=194860"}],"curies":[{"name":"wp","href":"https:\/\/api.w.org\/{rel}","templated":true}]}}