{"id":194905,"date":"2024-06-03T03:10:15","date_gmt":"2024-06-03T01:10:15","guid":{"rendered":"https:\/\/ekkla.ch\/produit\/wandspiegel-rund-o110-messing-poliert-gubi\/"},"modified":"2024-06-03T03:25:16","modified_gmt":"2024-06-03T01:25:16","slug":"wandspiegel-rund-o110-messing-poliert-gubi","status":"publish","type":"product","link":"https:\/\/ekkla.ch\/de\/produit\/wandspiegel-rund-o110-messing-poliert-gubi\/","title":{"rendered":"Wandspiegel rund &#8211; \u00d8110 &#8211; Messing poliert &#8211; Gubi"},"content":{"rendered":"<div class=\"flex flex-grow flex-col max-w-full\">\n<div class=\"min-h-[20px] text-message flex flex-col items-start whitespace-pre-wrap break-words [.text-message+&amp;]:mt-5 juice:w-full juice:items-end overflow-x-auto gap-2\" dir=\"auto\" data-message-author-role=\"assistant\" data-message-id=\"5166cf7e-eb53-4795-a5bb-f60bd83db721\">\n<div class=\"flex w-full flex-col gap-1 juice:empty:hidden juice:first:pt-[3px]\">\n<div class=\"markdown prose w-full break-words dark:prose-invert light\">\n<div class=\"flex flex-grow flex-col max-w-full\">\n<div class=\"min-h-[20px] text-message flex flex-col items-start whitespace-pre-wrap break-words [.text-message+&amp;]:mt-5 juice:w-full juice:items-end overflow-x-auto gap-2\" dir=\"auto\" data-message-author-role=\"assistant\" data-message-id=\"73eb85a5-2c12-4b63-b721-2784c9f1fabb\">\n<div class=\"flex w-full flex-col gap-1 juice:empty:hidden juice:first:pt-[3px]\">\n<div class=\"markdown prose w-full break-words dark:prose-invert light\">\n<p>Der runde Wandspiegel aus poliertem Messing verleiht Ihrem Raum Tiefe und Licht und vereinheitlicht gleichzeitig Ihre Inneneinrichtung. Seine imposanten Abmessungen machen ihn zu einem zentralen Element in jedem Raum, ob als Dekoration im Wohnzimmer oder im Flur oder als funktionale Kunst im Badezimmer. Sein Messingrand f\u00fcgt einen Hauch von Eleganz hinzu, mildert die Atmosph\u00e4re und verleiht ihr ein warmes Gef\u00fchl.<\/p>\n<\/div>\n<\/div>\n<\/div>\n<\/div>\n<\/div>\n<\/div>\n<\/div>\n<\/div>\n<p>&nbsp;<\/p>\n<blockquote>\n<h2>Merkmale &amp; Eigenschaften<\/h2>\n<p><strong>Marke<\/strong> Gubi<\/p>\n<p><strong>Farbe<\/strong> Gold<\/p>\n<p><strong>Material<\/strong> Poliertes Messing<\/p>\n<p><strong>Durchmesser (cm)<\/strong> 110<\/p>\n<div class=\"item\" data-v-6c1492fc=\"\"><strong><span class=\"label\" data-v-6c1492fc=\"\">H\u00f6he (cm) <\/span><\/strong><span class=\"value\" data-v-6c1492fc=\"\">2.7<\/span><\/div>\n<p><strong>Gewicht (kg)<\/strong> 23<\/p><\/blockquote>\n","protected":false},"excerpt":{"rendered":"<p>Der runde Wandspiegel aus poliertem Messing verleiht Ihrem Raum Tiefe und Licht und vereinheitlicht gleichzeitig Ihre Inneneinrichtung. Seine imposanten Abmessungen machen ihn zu einem zentralen Element in jedem Raum, ob als Dekoration im Wohnzimmer oder im Flur oder als funktionale Kunst im Badezimmer. Sein Messingrand f\u00fcgt einen Hauch von Eleganz hinzu, mildert die Atmosph\u00e4re und [&hellip;]<\/p>\n","protected":false},"featured_media":194904,"template":"","meta":{"_acf_changed":false,"om_disable_all_campaigns":false},"product_cat":[989,1085],"product_tag":[1254,892,1188,1265,801,816],"bundled_by":[],"bundle_stock_status":"onbackorder","bundle_stock_quantity":null,"bundle_virtual":false,"bundle_layout":"","bundle_add_to_cart_form_location":"","bundle_editable_in_cart":false,"bundle_sold_individually_context":"","bundle_item_grouping":"","bundle_min_size":"","bundle_max_size":"","bundle_price":[],"bundled_items":[],"bundle_sell_ids":[],"acf":[],"yoast_head":"<!-- This site is optimized with the Yoast SEO Premium plugin v22.2 (Yoast SEO v22.8) - https:\/\/yoast.com\/wordpress\/plugins\/seo\/ -->\n<title>Wandspiegel rund I \u00d8110 I Messing poliert I Gubi I Ekkla<\/title>\n<meta name=\"description\" content=\"Entdecken Sie den runden Wandspiegel. Sein eleganter Messingrand bes\u00e4nftigt die Atmosph\u00e4re und verleiht Ihrer Einrichtung einen Hauch von Eleganz und W\u00e4rme.\" \/>\n<meta name=\"robots\" content=\"index, follow, max-snippet:-1, max-image-preview:large, max-video-preview:-1\" \/>\n<link rel=\"canonical\" href=\"https:\/\/ekkla.ch\/de\/produit\/wandspiegel-rund-o110-messing-poliert-gubi\/\" \/>\n<meta property=\"og:locale\" content=\"de_DE\" \/>\n<meta property=\"og:type\" content=\"article\" \/>\n<meta property=\"og:title\" content=\"Wandspiegel rund - \u00d8110 - Messing poliert - Gubi\" \/>\n<meta property=\"og:description\" content=\"Entdecken Sie den runden Wandspiegel. Sein eleganter Messingrand bes\u00e4nftigt die Atmosph\u00e4re und verleiht Ihrer Einrichtung einen Hauch von Eleganz und W\u00e4rme.\" \/>\n<meta property=\"og:url\" content=\"https:\/\/ekkla.ch\/de\/produit\/wandspiegel-rund-o110-messing-poliert-gubi\/\" \/>\n<meta property=\"og:site_name\" content=\"Ekkla\" \/>\n<meta property=\"article:modified_time\" content=\"2024-06-03T01:25:16+00:00\" \/>\n<meta property=\"og:image\" content=\"https:\/\/ekkla.ch\/wp-content\/uploads\/2024\/06\/ekkla-light-meubles-luminaires_produit_0031_10013016-77645-variant_image-92050-270465.jpg\" \/>\n\t<meta property=\"og:image:width\" content=\"1000\" \/>\n\t<meta property=\"og:image:height\" content=\"1000\" \/>\n\t<meta property=\"og:image:type\" content=\"image\/jpeg\" \/>\n<meta name=\"twitter:card\" content=\"summary_large_image\" \/>\n<script type=\"application\/ld+json\" class=\"yoast-schema-graph\">{\"@context\":\"https:\/\/schema.org\",\"@graph\":[{\"@type\":\"WebPage\",\"@id\":\"https:\/\/ekkla.ch\/de\/produit\/wandspiegel-rund-o110-messing-poliert-gubi\/\",\"url\":\"https:\/\/ekkla.ch\/de\/produit\/wandspiegel-rund-o110-messing-poliert-gubi\/\",\"name\":\"Wandspiegel rund I \u00d8110 I Messing poliert I Gubi I Ekkla\",\"isPartOf\":{\"@id\":\"https:\/\/ekkla.ch\/#website\"},\"primaryImageOfPage\":{\"@id\":\"https:\/\/ekkla.ch\/de\/produit\/wandspiegel-rund-o110-messing-poliert-gubi\/#primaryimage\"},\"image\":{\"@id\":\"https:\/\/ekkla.ch\/de\/produit\/wandspiegel-rund-o110-messing-poliert-gubi\/#primaryimage\"},\"thumbnailUrl\":\"https:\/\/ekkla.ch\/wp-content\/uploads\/2024\/06\/ekkla-light-meubles-luminaires_produit_0031_10013016-77645-variant_image-92050-270465.jpg\",\"datePublished\":\"2024-06-03T01:10:15+00:00\",\"dateModified\":\"2024-06-03T01:25:16+00:00\",\"description\":\"Entdecken Sie den runden Wandspiegel. Sein eleganter Messingrand bes\u00e4nftigt die Atmosph\u00e4re und verleiht Ihrer Einrichtung einen Hauch von Eleganz und W\u00e4rme.\",\"breadcrumb\":{\"@id\":\"https:\/\/ekkla.ch\/de\/produit\/wandspiegel-rund-o110-messing-poliert-gubi\/#breadcrumb\"},\"inLanguage\":\"de\",\"potentialAction\":[{\"@type\":\"ReadAction\",\"target\":[\"https:\/\/ekkla.ch\/de\/produit\/wandspiegel-rund-o110-messing-poliert-gubi\/\"]}]},{\"@type\":\"ImageObject\",\"inLanguage\":\"de\",\"@id\":\"https:\/\/ekkla.ch\/de\/produit\/wandspiegel-rund-o110-messing-poliert-gubi\/#primaryimage\",\"url\":\"https:\/\/ekkla.ch\/wp-content\/uploads\/2024\/06\/ekkla-light-meubles-luminaires_produit_0031_10013016-77645-variant_image-92050-270465.jpg\",\"contentUrl\":\"https:\/\/ekkla.ch\/wp-content\/uploads\/2024\/06\/ekkla-light-meubles-luminaires_produit_0031_10013016-77645-variant_image-92050-270465.jpg\",\"width\":1000,\"height\":1000},{\"@type\":\"BreadcrumbList\",\"@id\":\"https:\/\/ekkla.ch\/de\/produit\/wandspiegel-rund-o110-messing-poliert-gubi\/#breadcrumb\",\"itemListElement\":[{\"@type\":\"ListItem\",\"position\":1,\"name\":\"Home\",\"item\":\"https:\/\/ekkla.ch\/de\/\"},{\"@type\":\"ListItem\",\"position\":2,\"name\":\"Shop\",\"item\":\"https:\/\/ekkla.ch\/de\/shop\/\"},{\"@type\":\"ListItem\",\"position\":3,\"name\":\"Wandspiegel rund &#8211; \u00d8110 &#8211; Messing poliert &#8211; Gubi\"}]},{\"@type\":\"WebSite\",\"@id\":\"https:\/\/ekkla.ch\/#website\",\"url\":\"https:\/\/ekkla.ch\/\",\"name\":\"Ekkla\",\"description\":\"Der Onlineshop f\u00fcr Beleuchtung\",\"publisher\":{\"@id\":\"https:\/\/ekkla.ch\/#organization\"},\"potentialAction\":[{\"@type\":\"SearchAction\",\"target\":{\"@type\":\"EntryPoint\",\"urlTemplate\":\"https:\/\/ekkla.ch\/?s={search_term_string}\"},\"query-input\":\"required name=search_term_string\"}],\"inLanguage\":\"de\"},{\"@type\":\"Organization\",\"@id\":\"https:\/\/ekkla.ch\/#organization\",\"name\":\"Ekkla\",\"url\":\"https:\/\/ekkla.ch\/\",\"logo\":{\"@type\":\"ImageObject\",\"inLanguage\":\"de\",\"@id\":\"https:\/\/ekkla.ch\/#\/schema\/logo\/image\/\",\"url\":\"http:\/\/ekkla.ch\/wp-content\/uploads\/2019\/07\/logo-1.svg\",\"contentUrl\":\"http:\/\/ekkla.ch\/wp-content\/uploads\/2019\/07\/logo-1.svg\",\"width\":1,\"height\":1,\"caption\":\"Ekkla\"},\"image\":{\"@id\":\"https:\/\/ekkla.ch\/#\/schema\/logo\/image\/\"},\"sameAs\":[\"https:\/\/www.instagram.com\/ekkla_light\/\"]}]}<\/script>\n<!-- \/ Yoast SEO Premium plugin. -->","yoast_head_json":{"title":"Wandspiegel rund I \u00d8110 I Messing poliert I Gubi I Ekkla","description":"Entdecken Sie den runden Wandspiegel. Sein eleganter Messingrand bes\u00e4nftigt die Atmosph\u00e4re und verleiht Ihrer Einrichtung einen Hauch von Eleganz und W\u00e4rme.","robots":{"index":"index","follow":"follow","max-snippet":"max-snippet:-1","max-image-preview":"max-image-preview:large","max-video-preview":"max-video-preview:-1"},"canonical":"https:\/\/ekkla.ch\/de\/produit\/wandspiegel-rund-o110-messing-poliert-gubi\/","og_locale":"de_DE","og_type":"article","og_title":"Wandspiegel rund - \u00d8110 - Messing poliert - Gubi","og_description":"Entdecken Sie den runden Wandspiegel. Sein eleganter Messingrand bes\u00e4nftigt die Atmosph\u00e4re und verleiht Ihrer Einrichtung einen Hauch von Eleganz und W\u00e4rme.","og_url":"https:\/\/ekkla.ch\/de\/produit\/wandspiegel-rund-o110-messing-poliert-gubi\/","og_site_name":"Ekkla","article_modified_time":"2024-06-03T01:25:16+00:00","og_image":[{"width":1000,"height":1000,"url":"https:\/\/ekkla.ch\/wp-content\/uploads\/2024\/06\/ekkla-light-meubles-luminaires_produit_0031_10013016-77645-variant_image-92050-270465.jpg","type":"image\/jpeg"}],"twitter_card":"summary_large_image","schema":{"@context":"https:\/\/schema.org","@graph":[{"@type":"WebPage","@id":"https:\/\/ekkla.ch\/de\/produit\/wandspiegel-rund-o110-messing-poliert-gubi\/","url":"https:\/\/ekkla.ch\/de\/produit\/wandspiegel-rund-o110-messing-poliert-gubi\/","name":"Wandspiegel rund I \u00d8110 I Messing poliert I Gubi I Ekkla","isPartOf":{"@id":"https:\/\/ekkla.ch\/#website"},"primaryImageOfPage":{"@id":"https:\/\/ekkla.ch\/de\/produit\/wandspiegel-rund-o110-messing-poliert-gubi\/#primaryimage"},"image":{"@id":"https:\/\/ekkla.ch\/de\/produit\/wandspiegel-rund-o110-messing-poliert-gubi\/#primaryimage"},"thumbnailUrl":"https:\/\/ekkla.ch\/wp-content\/uploads\/2024\/06\/ekkla-light-meubles-luminaires_produit_0031_10013016-77645-variant_image-92050-270465.jpg","datePublished":"2024-06-03T01:10:15+00:00","dateModified":"2024-06-03T01:25:16+00:00","description":"Entdecken Sie den runden Wandspiegel. Sein eleganter Messingrand bes\u00e4nftigt die Atmosph\u00e4re und verleiht Ihrer Einrichtung einen Hauch von Eleganz und W\u00e4rme.","breadcrumb":{"@id":"https:\/\/ekkla.ch\/de\/produit\/wandspiegel-rund-o110-messing-poliert-gubi\/#breadcrumb"},"inLanguage":"de","potentialAction":[{"@type":"ReadAction","target":["https:\/\/ekkla.ch\/de\/produit\/wandspiegel-rund-o110-messing-poliert-gubi\/"]}]},{"@type":"ImageObject","inLanguage":"de","@id":"https:\/\/ekkla.ch\/de\/produit\/wandspiegel-rund-o110-messing-poliert-gubi\/#primaryimage","url":"https:\/\/ekkla.ch\/wp-content\/uploads\/2024\/06\/ekkla-light-meubles-luminaires_produit_0031_10013016-77645-variant_image-92050-270465.jpg","contentUrl":"https:\/\/ekkla.ch\/wp-content\/uploads\/2024\/06\/ekkla-light-meubles-luminaires_produit_0031_10013016-77645-variant_image-92050-270465.jpg","width":1000,"height":1000},{"@type":"BreadcrumbList","@id":"https:\/\/ekkla.ch\/de\/produit\/wandspiegel-rund-o110-messing-poliert-gubi\/#breadcrumb","itemListElement":[{"@type":"ListItem","position":1,"name":"Home","item":"https:\/\/ekkla.ch\/de\/"},{"@type":"ListItem","position":2,"name":"Shop","item":"https:\/\/ekkla.ch\/de\/shop\/"},{"@type":"ListItem","position":3,"name":"Wandspiegel rund &#8211; \u00d8110 &#8211; Messing poliert &#8211; Gubi"}]},{"@type":"WebSite","@id":"https:\/\/ekkla.ch\/#website","url":"https:\/\/ekkla.ch\/","name":"Ekkla","description":"Der Onlineshop f\u00fcr Beleuchtung","publisher":{"@id":"https:\/\/ekkla.ch\/#organization"},"potentialAction":[{"@type":"SearchAction","target":{"@type":"EntryPoint","urlTemplate":"https:\/\/ekkla.ch\/?s={search_term_string}"},"query-input":"required name=search_term_string"}],"inLanguage":"de"},{"@type":"Organization","@id":"https:\/\/ekkla.ch\/#organization","name":"Ekkla","url":"https:\/\/ekkla.ch\/","logo":{"@type":"ImageObject","inLanguage":"de","@id":"https:\/\/ekkla.ch\/#\/schema\/logo\/image\/","url":"http:\/\/ekkla.ch\/wp-content\/uploads\/2019\/07\/logo-1.svg","contentUrl":"http:\/\/ekkla.ch\/wp-content\/uploads\/2019\/07\/logo-1.svg","width":1,"height":1,"caption":"Ekkla"},"image":{"@id":"https:\/\/ekkla.ch\/#\/schema\/logo\/image\/"},"sameAs":["https:\/\/www.instagram.com\/ekkla_light\/"]}]}},"_links":{"self":[{"href":"https:\/\/ekkla.ch\/de\/wp-json\/wp\/v2\/product\/194905"}],"collection":[{"href":"https:\/\/ekkla.ch\/de\/wp-json\/wp\/v2\/product"}],"about":[{"href":"https:\/\/ekkla.ch\/de\/wp-json\/wp\/v2\/types\/product"}],"wp:featuredmedia":[{"embeddable":true,"href":"https:\/\/ekkla.ch\/de\/wp-json\/wp\/v2\/media\/194904"}],"wp:attachment":[{"href":"https:\/\/ekkla.ch\/de\/wp-json\/wp\/v2\/media?parent=194905"}],"wp:term":[{"taxonomy":"product_cat","embeddable":true,"href":"https:\/\/ekkla.ch\/de\/wp-json\/wp\/v2\/product_cat?post=194905"},{"taxonomy":"product_tag","embeddable":true,"href":"https:\/\/ekkla.ch\/de\/wp-json\/wp\/v2\/product_tag?post=194905"}],"curies":[{"name":"wp","href":"https:\/\/api.w.org\/{rel}","templated":true}]}}