{"id":194935,"date":"2024-06-03T03:51:10","date_gmt":"2024-06-03T01:51:10","guid":{"rendered":"https:\/\/ekkla.ch\/produit\/stuhl-violin-vollstaendig-gepolstert-schwarzer-stoff-gubi\/"},"modified":"2024-06-03T04:20:34","modified_gmt":"2024-06-03T02:20:34","slug":"stuhl-violin-vollstaendig-gepolstert-schwarzer-stoff-gubi","status":"publish","type":"product","link":"https:\/\/ekkla.ch\/de\/produit\/stuhl-violin-vollstaendig-gepolstert-schwarzer-stoff-gubi\/","title":{"rendered":"Stuhl Violin &#8211; Vollst\u00e4ndig gepolstert &#8211; Schwarzer Stoff &#8211; Gubi"},"content":{"rendered":"<div class=\"flex flex-grow flex-col max-w-full\">\n<div class=\"min-h-[20px] text-message flex flex-col items-start whitespace-pre-wrap break-words [.text-message+&amp;]:mt-5 juice:w-full juice:items-end overflow-x-auto gap-2\" dir=\"auto\" data-message-author-role=\"assistant\" data-message-id=\"5166cf7e-eb53-4795-a5bb-f60bd83db721\">\n<div class=\"flex w-full flex-col gap-1 juice:empty:hidden juice:first:pt-[3px]\">\n<div class=\"markdown prose w-full break-words dark:prose-invert light\">\n<div class=\"flex flex-grow flex-col max-w-full\">\n<div class=\"min-h-[20px] text-message flex flex-col items-start whitespace-pre-wrap break-words [.text-message+&amp;]:mt-5 juice:w-full juice:items-end overflow-x-auto gap-2\" dir=\"auto\" data-message-author-role=\"assistant\" data-message-id=\"73eb85a5-2c12-4b63-b721-2784c9f1fabb\">\n<div class=\"flex w-full flex-col gap-1 juice:empty:hidden juice:first:pt-[3px]\">\n<div class=\"markdown prose w-full break-words dark:prose-invert light\">\n<p>Leicht, frisch und elegant: Der bequeme und charaktervolle Stuhl Violin des d\u00e4nisch-italienischen Duos GamFratesi ist das Ergebnis k\u00fchner Kreativit\u00e4t und reinen handwerklichen K\u00f6nnens. Wie sein musikalischer Namensvetter ist der Stuhl Violin ein harmonisches Duo aus Form und Funktion. Zwei parallele Linien, die von der R\u00fcckenlehne ausgehen, erinnern an die Saiten einer Geige und bieten gleichzeitig eine wesentliche St\u00fctze. Elegante Details, wie die sanften Kurven dort, wo die Linien auf die horizontale Stange treffen, verleihen dem Stuhl einen raffinierten, aber unnachahmlichen Charakter, bei dem das Klassische ein Gegengewicht zum Modernen bildet. Die leicht spitz zulaufenden Beine aus pulverbeschichtetem Stahl st\u00fctzen eine grossz\u00fcgige Sitzfl\u00e4che und eine umh\u00fcllende R\u00fcckenlehne mit halber Armlehne, die so gestaltet ist, dass der Stuhl sowohl als Esszimmerstuhl als auch als Sessel verwendet werden kann, ohne dass der Komfort in einem der beiden Kontexte beeintr\u00e4chtigt wird.<\/p>\n<p>Der dynamische und extrem haltbare Stuhl Violin ist komplett gepolstert erh\u00e4ltlich, mit einer Vielzahl von Polsterstoffen und Ausdrucksformen zur Auswahl, oder mit einer gepolsterten Sitzfl\u00e4che und einer R\u00fcckenlehne ge\u00f6ltem Walnussholz. Er kann an Ihren Einrichtungsstil und Ihre Vision angepasst werden, sei es zu Hause oder an einem Ort, an dem G\u00e4ste empfangen werden.<\/p>\n<\/div>\n<\/div>\n<\/div>\n<\/div>\n<\/div>\n<\/div>\n<\/div>\n<\/div>\n<p>&nbsp;<\/p>\n<blockquote>\n<h2>Merkmale &amp; Eigenschaften<\/h2>\n<p><strong>Marke<\/strong> Gubi<\/p>\n<p><strong>Farbe<\/strong> Schwarz<\/p>\n<p><strong>Materialien <\/strong>Stahl und Polsterstoff<\/p>\n<p><strong>H\u00f6he (cm) <\/strong>76<\/p>\n<p><strong>Breite (cm) <\/strong>58<\/p>\n<p><strong>Tiefe (cm) <\/strong>55<\/p>\n<p><strong>H\u00f6he der Sitzfl\u00e4che (cm) <\/strong>45<\/p>\n<p><strong>Gewicht (kg)<\/strong> 6<\/p><\/blockquote>\n","protected":false},"excerpt":{"rendered":"<p>Leicht, frisch und elegant: Der bequeme und charaktervolle Stuhl Violin des d\u00e4nisch-italienischen Duos GamFratesi ist das Ergebnis k\u00fchner Kreativit\u00e4t und reinen handwerklichen K\u00f6nnens. Wie sein musikalischer Namensvetter ist der Stuhl Violin ein harmonisches Duo aus Form und Funktion. Zwei parallele Linien, die von der R\u00fcckenlehne ausgehen, erinnern an die Saiten einer Geige und bieten gleichzeitig [&hellip;]<\/p>\n","protected":false},"featured_media":194931,"template":"","meta":{"_acf_changed":false,"om_disable_all_campaigns":false},"product_cat":[964,968],"product_tag":[1254,892,1188,1265,801,816],"bundled_by":[],"bundle_stock_status":"onbackorder","bundle_stock_quantity":null,"bundle_virtual":false,"bundle_layout":"","bundle_add_to_cart_form_location":"","bundle_editable_in_cart":false,"bundle_sold_individually_context":"","bundle_item_grouping":"","bundle_min_size":"","bundle_max_size":"","bundle_price":[],"bundled_items":[],"bundle_sell_ids":[],"acf":[],"yoast_head":"<!-- This site is optimized with the Yoast SEO Premium plugin v22.2 (Yoast SEO v22.8) - https:\/\/yoast.com\/wordpress\/plugins\/seo\/ -->\n<title>Stuhl Violin I Vollst\u00e4ndig gepolstert I Schwarzer Stoff I Gubi I Ekkla<\/title>\n<meta name=\"description\" content=\"Entdecken Sie den Stuhl Violin, dessen elegantes Design von einer Geige inspiriert ist. Vielseitig einsetzbar und langlebig, passt er in jede Einrichtung.\" \/>\n<meta name=\"robots\" content=\"index, follow, max-snippet:-1, max-image-preview:large, max-video-preview:-1\" \/>\n<link rel=\"canonical\" href=\"https:\/\/ekkla.ch\/de\/produit\/stuhl-violin-vollstaendig-gepolstert-schwarzer-stoff-gubi\/\" \/>\n<meta property=\"og:locale\" content=\"de_DE\" \/>\n<meta property=\"og:type\" content=\"article\" \/>\n<meta property=\"og:title\" content=\"Stuhl Violin - Vollst\u00e4ndig gepolstert - Schwarzer Stoff - Gubi\" \/>\n<meta property=\"og:description\" content=\"Entdecken Sie den Stuhl Violin, dessen elegantes Design von einer Geige inspiriert ist. Vielseitig einsetzbar und langlebig, passt er in jede Einrichtung.\" \/>\n<meta property=\"og:url\" content=\"https:\/\/ekkla.ch\/de\/produit\/stuhl-violin-vollstaendig-gepolstert-schwarzer-stoff-gubi\/\" \/>\n<meta property=\"og:site_name\" content=\"Ekkla\" \/>\n<meta property=\"article:modified_time\" content=\"2024-06-03T02:20:34+00:00\" \/>\n<meta property=\"og:image\" content=\"https:\/\/ekkla.ch\/wp-content\/uploads\/2024\/06\/ekkla-light-meubles-luminaires_produit_0063_10103055_f3q_violin_dining-chair_fullyupholstered_black-matt_around-boucle-d.jpg\" \/>\n\t<meta property=\"og:image:width\" content=\"1000\" \/>\n\t<meta property=\"og:image:height\" content=\"1000\" \/>\n\t<meta property=\"og:image:type\" content=\"image\/jpeg\" \/>\n<meta name=\"twitter:card\" content=\"summary_large_image\" \/>\n<meta name=\"twitter:label1\" content=\"Gesch\u00e4tzte Lesezeit\" \/>\n\t<meta name=\"twitter:data1\" content=\"2\u00a0Minuten\" \/>\n<script type=\"application\/ld+json\" class=\"yoast-schema-graph\">{\"@context\":\"https:\/\/schema.org\",\"@graph\":[{\"@type\":\"WebPage\",\"@id\":\"https:\/\/ekkla.ch\/de\/produit\/stuhl-violin-vollstaendig-gepolstert-schwarzer-stoff-gubi\/\",\"url\":\"https:\/\/ekkla.ch\/de\/produit\/stuhl-violin-vollstaendig-gepolstert-schwarzer-stoff-gubi\/\",\"name\":\"Stuhl Violin I Vollst\u00e4ndig gepolstert I Schwarzer Stoff I Gubi I Ekkla\",\"isPartOf\":{\"@id\":\"https:\/\/ekkla.ch\/#website\"},\"primaryImageOfPage\":{\"@id\":\"https:\/\/ekkla.ch\/de\/produit\/stuhl-violin-vollstaendig-gepolstert-schwarzer-stoff-gubi\/#primaryimage\"},\"image\":{\"@id\":\"https:\/\/ekkla.ch\/de\/produit\/stuhl-violin-vollstaendig-gepolstert-schwarzer-stoff-gubi\/#primaryimage\"},\"thumbnailUrl\":\"https:\/\/ekkla.ch\/wp-content\/uploads\/2024\/06\/ekkla-light-meubles-luminaires_produit_0063_10103055_f3q_violin_dining-chair_fullyupholstered_black-matt_around-boucle-d.jpg\",\"datePublished\":\"2024-06-03T01:51:10+00:00\",\"dateModified\":\"2024-06-03T02:20:34+00:00\",\"description\":\"Entdecken Sie den Stuhl Violin, dessen elegantes Design von einer Geige inspiriert ist. Vielseitig einsetzbar und langlebig, passt er in jede Einrichtung.\",\"breadcrumb\":{\"@id\":\"https:\/\/ekkla.ch\/de\/produit\/stuhl-violin-vollstaendig-gepolstert-schwarzer-stoff-gubi\/#breadcrumb\"},\"inLanguage\":\"de\",\"potentialAction\":[{\"@type\":\"ReadAction\",\"target\":[\"https:\/\/ekkla.ch\/de\/produit\/stuhl-violin-vollstaendig-gepolstert-schwarzer-stoff-gubi\/\"]}]},{\"@type\":\"ImageObject\",\"inLanguage\":\"de\",\"@id\":\"https:\/\/ekkla.ch\/de\/produit\/stuhl-violin-vollstaendig-gepolstert-schwarzer-stoff-gubi\/#primaryimage\",\"url\":\"https:\/\/ekkla.ch\/wp-content\/uploads\/2024\/06\/ekkla-light-meubles-luminaires_produit_0063_10103055_f3q_violin_dining-chair_fullyupholstered_black-matt_around-boucle-d.jpg\",\"contentUrl\":\"https:\/\/ekkla.ch\/wp-content\/uploads\/2024\/06\/ekkla-light-meubles-luminaires_produit_0063_10103055_f3q_violin_dining-chair_fullyupholstered_black-matt_around-boucle-d.jpg\",\"width\":1000,\"height\":1000},{\"@type\":\"BreadcrumbList\",\"@id\":\"https:\/\/ekkla.ch\/de\/produit\/stuhl-violin-vollstaendig-gepolstert-schwarzer-stoff-gubi\/#breadcrumb\",\"itemListElement\":[{\"@type\":\"ListItem\",\"position\":1,\"name\":\"Home\",\"item\":\"https:\/\/ekkla.ch\/de\/\"},{\"@type\":\"ListItem\",\"position\":2,\"name\":\"Shop\",\"item\":\"https:\/\/ekkla.ch\/de\/shop\/\"},{\"@type\":\"ListItem\",\"position\":3,\"name\":\"Stuhl Violin &#8211; Vollst\u00e4ndig gepolstert &#8211; Schwarzer Stoff &#8211; Gubi\"}]},{\"@type\":\"WebSite\",\"@id\":\"https:\/\/ekkla.ch\/#website\",\"url\":\"https:\/\/ekkla.ch\/\",\"name\":\"Ekkla\",\"description\":\"Der Onlineshop f\u00fcr Beleuchtung\",\"publisher\":{\"@id\":\"https:\/\/ekkla.ch\/#organization\"},\"potentialAction\":[{\"@type\":\"SearchAction\",\"target\":{\"@type\":\"EntryPoint\",\"urlTemplate\":\"https:\/\/ekkla.ch\/?s={search_term_string}\"},\"query-input\":\"required name=search_term_string\"}],\"inLanguage\":\"de\"},{\"@type\":\"Organization\",\"@id\":\"https:\/\/ekkla.ch\/#organization\",\"name\":\"Ekkla\",\"url\":\"https:\/\/ekkla.ch\/\",\"logo\":{\"@type\":\"ImageObject\",\"inLanguage\":\"de\",\"@id\":\"https:\/\/ekkla.ch\/#\/schema\/logo\/image\/\",\"url\":\"http:\/\/ekkla.ch\/wp-content\/uploads\/2019\/07\/logo-1.svg\",\"contentUrl\":\"http:\/\/ekkla.ch\/wp-content\/uploads\/2019\/07\/logo-1.svg\",\"width\":1,\"height\":1,\"caption\":\"Ekkla\"},\"image\":{\"@id\":\"https:\/\/ekkla.ch\/#\/schema\/logo\/image\/\"},\"sameAs\":[\"https:\/\/www.instagram.com\/ekkla_light\/\"]}]}<\/script>\n<!-- \/ Yoast SEO Premium plugin. -->","yoast_head_json":{"title":"Stuhl Violin I Vollst\u00e4ndig gepolstert I Schwarzer Stoff I Gubi I Ekkla","description":"Entdecken Sie den Stuhl Violin, dessen elegantes Design von einer Geige inspiriert ist. Vielseitig einsetzbar und langlebig, passt er in jede Einrichtung.","robots":{"index":"index","follow":"follow","max-snippet":"max-snippet:-1","max-image-preview":"max-image-preview:large","max-video-preview":"max-video-preview:-1"},"canonical":"https:\/\/ekkla.ch\/de\/produit\/stuhl-violin-vollstaendig-gepolstert-schwarzer-stoff-gubi\/","og_locale":"de_DE","og_type":"article","og_title":"Stuhl Violin - Vollst\u00e4ndig gepolstert - Schwarzer Stoff - Gubi","og_description":"Entdecken Sie den Stuhl Violin, dessen elegantes Design von einer Geige inspiriert ist. Vielseitig einsetzbar und langlebig, passt er in jede Einrichtung.","og_url":"https:\/\/ekkla.ch\/de\/produit\/stuhl-violin-vollstaendig-gepolstert-schwarzer-stoff-gubi\/","og_site_name":"Ekkla","article_modified_time":"2024-06-03T02:20:34+00:00","og_image":[{"width":1000,"height":1000,"url":"https:\/\/ekkla.ch\/wp-content\/uploads\/2024\/06\/ekkla-light-meubles-luminaires_produit_0063_10103055_f3q_violin_dining-chair_fullyupholstered_black-matt_around-boucle-d.jpg","type":"image\/jpeg"}],"twitter_card":"summary_large_image","twitter_misc":{"Gesch\u00e4tzte Lesezeit":"2\u00a0Minuten"},"schema":{"@context":"https:\/\/schema.org","@graph":[{"@type":"WebPage","@id":"https:\/\/ekkla.ch\/de\/produit\/stuhl-violin-vollstaendig-gepolstert-schwarzer-stoff-gubi\/","url":"https:\/\/ekkla.ch\/de\/produit\/stuhl-violin-vollstaendig-gepolstert-schwarzer-stoff-gubi\/","name":"Stuhl Violin I Vollst\u00e4ndig gepolstert I Schwarzer Stoff I Gubi I Ekkla","isPartOf":{"@id":"https:\/\/ekkla.ch\/#website"},"primaryImageOfPage":{"@id":"https:\/\/ekkla.ch\/de\/produit\/stuhl-violin-vollstaendig-gepolstert-schwarzer-stoff-gubi\/#primaryimage"},"image":{"@id":"https:\/\/ekkla.ch\/de\/produit\/stuhl-violin-vollstaendig-gepolstert-schwarzer-stoff-gubi\/#primaryimage"},"thumbnailUrl":"https:\/\/ekkla.ch\/wp-content\/uploads\/2024\/06\/ekkla-light-meubles-luminaires_produit_0063_10103055_f3q_violin_dining-chair_fullyupholstered_black-matt_around-boucle-d.jpg","datePublished":"2024-06-03T01:51:10+00:00","dateModified":"2024-06-03T02:20:34+00:00","description":"Entdecken Sie den Stuhl Violin, dessen elegantes Design von einer Geige inspiriert ist. Vielseitig einsetzbar und langlebig, passt er in jede Einrichtung.","breadcrumb":{"@id":"https:\/\/ekkla.ch\/de\/produit\/stuhl-violin-vollstaendig-gepolstert-schwarzer-stoff-gubi\/#breadcrumb"},"inLanguage":"de","potentialAction":[{"@type":"ReadAction","target":["https:\/\/ekkla.ch\/de\/produit\/stuhl-violin-vollstaendig-gepolstert-schwarzer-stoff-gubi\/"]}]},{"@type":"ImageObject","inLanguage":"de","@id":"https:\/\/ekkla.ch\/de\/produit\/stuhl-violin-vollstaendig-gepolstert-schwarzer-stoff-gubi\/#primaryimage","url":"https:\/\/ekkla.ch\/wp-content\/uploads\/2024\/06\/ekkla-light-meubles-luminaires_produit_0063_10103055_f3q_violin_dining-chair_fullyupholstered_black-matt_around-boucle-d.jpg","contentUrl":"https:\/\/ekkla.ch\/wp-content\/uploads\/2024\/06\/ekkla-light-meubles-luminaires_produit_0063_10103055_f3q_violin_dining-chair_fullyupholstered_black-matt_around-boucle-d.jpg","width":1000,"height":1000},{"@type":"BreadcrumbList","@id":"https:\/\/ekkla.ch\/de\/produit\/stuhl-violin-vollstaendig-gepolstert-schwarzer-stoff-gubi\/#breadcrumb","itemListElement":[{"@type":"ListItem","position":1,"name":"Home","item":"https:\/\/ekkla.ch\/de\/"},{"@type":"ListItem","position":2,"name":"Shop","item":"https:\/\/ekkla.ch\/de\/shop\/"},{"@type":"ListItem","position":3,"name":"Stuhl Violin &#8211; Vollst\u00e4ndig gepolstert &#8211; Schwarzer Stoff &#8211; Gubi"}]},{"@type":"WebSite","@id":"https:\/\/ekkla.ch\/#website","url":"https:\/\/ekkla.ch\/","name":"Ekkla","description":"Der Onlineshop f\u00fcr Beleuchtung","publisher":{"@id":"https:\/\/ekkla.ch\/#organization"},"potentialAction":[{"@type":"SearchAction","target":{"@type":"EntryPoint","urlTemplate":"https:\/\/ekkla.ch\/?s={search_term_string}"},"query-input":"required name=search_term_string"}],"inLanguage":"de"},{"@type":"Organization","@id":"https:\/\/ekkla.ch\/#organization","name":"Ekkla","url":"https:\/\/ekkla.ch\/","logo":{"@type":"ImageObject","inLanguage":"de","@id":"https:\/\/ekkla.ch\/#\/schema\/logo\/image\/","url":"http:\/\/ekkla.ch\/wp-content\/uploads\/2019\/07\/logo-1.svg","contentUrl":"http:\/\/ekkla.ch\/wp-content\/uploads\/2019\/07\/logo-1.svg","width":1,"height":1,"caption":"Ekkla"},"image":{"@id":"https:\/\/ekkla.ch\/#\/schema\/logo\/image\/"},"sameAs":["https:\/\/www.instagram.com\/ekkla_light\/"]}]}},"_links":{"self":[{"href":"https:\/\/ekkla.ch\/de\/wp-json\/wp\/v2\/product\/194935"}],"collection":[{"href":"https:\/\/ekkla.ch\/de\/wp-json\/wp\/v2\/product"}],"about":[{"href":"https:\/\/ekkla.ch\/de\/wp-json\/wp\/v2\/types\/product"}],"wp:featuredmedia":[{"embeddable":true,"href":"https:\/\/ekkla.ch\/de\/wp-json\/wp\/v2\/media\/194931"}],"wp:attachment":[{"href":"https:\/\/ekkla.ch\/de\/wp-json\/wp\/v2\/media?parent=194935"}],"wp:term":[{"taxonomy":"product_cat","embeddable":true,"href":"https:\/\/ekkla.ch\/de\/wp-json\/wp\/v2\/product_cat?post=194935"},{"taxonomy":"product_tag","embeddable":true,"href":"https:\/\/ekkla.ch\/de\/wp-json\/wp\/v2\/product_tag?post=194935"}],"curies":[{"name":"wp","href":"https:\/\/api.w.org\/{rel}","templated":true}]}}