{"id":194951,"date":"2024-06-03T04:32:06","date_gmt":"2024-06-03T02:32:06","guid":{"rendered":"https:\/\/ekkla.ch\/produit\/wandspiegel-f-a-33-54x80-schwarzes-messing-gubi\/"},"modified":"2024-06-03T04:45:25","modified_gmt":"2024-06-03T02:45:25","slug":"wandspiegel-f-a-33-54x80-schwarzes-messing-gubi","status":"publish","type":"product","link":"https:\/\/ekkla.ch\/de\/produit\/wandspiegel-f-a-33-54x80-schwarzes-messing-gubi\/","title":{"rendered":"Wandspiegel F.A. 33 &#8211; 54&#215;80 &#8211; Schwarzes Messing &#8211; Gubi"},"content":{"rendered":"<div class=\"flex flex-grow flex-col max-w-full\">\n<div class=\"min-h-[20px] text-message flex flex-col items-start whitespace-pre-wrap break-words [.text-message+&amp;]:mt-5 juice:w-full juice:items-end overflow-x-auto gap-2\" dir=\"auto\" data-message-author-role=\"assistant\" data-message-id=\"5166cf7e-eb53-4795-a5bb-f60bd83db721\">\n<div class=\"flex w-full flex-col gap-1 juice:empty:hidden juice:first:pt-[3px]\">\n<div class=\"markdown prose w-full break-words dark:prose-invert light\">\n<div class=\"flex flex-grow flex-col max-w-full\">\n<div class=\"min-h-[20px] text-message flex flex-col items-start whitespace-pre-wrap break-words [.text-message+&amp;]:mt-5 juice:w-full juice:items-end overflow-x-auto gap-2\" dir=\"auto\" data-message-author-role=\"assistant\" data-message-id=\"73eb85a5-2c12-4b63-b721-2784c9f1fabb\">\n<div class=\"flex w-full flex-col gap-1 juice:empty:hidden juice:first:pt-[3px]\">\n<div class=\"markdown prose w-full break-words dark:prose-invert light\">\n<p>Der Wandspiegel F.A. 33 wurde urspr\u00fcnglich 1933 vom legend\u00e4ren Designer Gio Ponti f\u00fcr den damals angesagtesten Lampen-, Glas- und Spiegelhersteller FontanaArte entworfen, den Ponti und Pietro Chiesa einige Jahre zuvor gegr\u00fcndet hatten. Mit seiner reinen, leichten, geschwungenen Form und seinem ikonischen Ausdruck verleiht der zeitlose Spiegel F.A. 33 jedem Einrichtungsstil einen sanften Hauch von Eleganz. Der Wandspiegel F.A 33 kann in jedem Raum als klassischer Spiegel oder als auffallendes dekoratives Element verwendet werden.<\/p>\n<\/div>\n<\/div>\n<\/div>\n<\/div>\n<\/div>\n<\/div>\n<\/div>\n<\/div>\n<p>&nbsp;<\/p>\n<blockquote>\n<h2>Merkmale &amp; Eigenschaften<\/h2>\n<p><strong>Marke<\/strong> Gubi<\/p>\n<p><strong>Farbe<\/strong> Schwarz<\/p>\n<p><strong>Material<\/strong>\u00a0Messing<\/p>\n<p><strong>H\u00f6he (cm) <\/strong>80<\/p>\n<p><strong>Breite (cm) <\/strong>54<\/p>\n<p><strong>Tiefe (cm) <\/strong>2.5<\/p>\n<p><strong>Gewicht (kg)<\/strong> 10.5<\/p><\/blockquote>\n","protected":false},"excerpt":{"rendered":"<p>Der Wandspiegel F.A. 33 wurde urspr\u00fcnglich 1933 vom legend\u00e4ren Designer Gio Ponti f\u00fcr den damals angesagtesten Lampen-, Glas- und Spiegelhersteller FontanaArte entworfen, den Ponti und Pietro Chiesa einige Jahre zuvor gegr\u00fcndet hatten. Mit seiner reinen, leichten, geschwungenen Form und seinem ikonischen Ausdruck verleiht der zeitlose Spiegel F.A. 33 jedem Einrichtungsstil einen sanften Hauch von Eleganz. [&hellip;]<\/p>\n","protected":false},"featured_media":194949,"template":"","meta":{"_acf_changed":false,"om_disable_all_campaigns":false},"product_cat":[989,1085],"product_tag":[1254,892,1188,1265,801,816],"bundled_by":[],"bundle_stock_status":"onbackorder","bundle_stock_quantity":null,"bundle_virtual":false,"bundle_layout":"","bundle_add_to_cart_form_location":"","bundle_editable_in_cart":false,"bundle_sold_individually_context":"","bundle_item_grouping":"","bundle_min_size":"","bundle_max_size":"","bundle_price":[],"bundled_items":[],"bundle_sell_ids":[],"acf":[],"yoast_head":"<!-- This site is optimized with the Yoast SEO Premium plugin v22.2 (Yoast SEO v22.8) - https:\/\/yoast.com\/wordpress\/plugins\/seo\/ -->\n<title>Wandspiegel F.A. 33 I 54x80 I Schwarzes Messing I Gubi I Ekkla<\/title>\n<meta name=\"description\" content=\"Entdecken Sie den Wandspiegel F.A. 33 von Gio Ponti, der Reinheit und zeitlose Eleganz vereint und jedem Interieur einen Hauch von Eleganz verleiht.\" \/>\n<meta name=\"robots\" content=\"index, follow, max-snippet:-1, max-image-preview:large, max-video-preview:-1\" \/>\n<link rel=\"canonical\" href=\"https:\/\/ekkla.ch\/de\/produit\/wandspiegel-f-a-33-54x80-schwarzes-messing-gubi\/\" \/>\n<meta property=\"og:locale\" content=\"de_DE\" \/>\n<meta property=\"og:type\" content=\"article\" \/>\n<meta property=\"og:title\" content=\"Wandspiegel F.A. 33 - 54x80 - Schwarzes Messing - Gubi\" \/>\n<meta property=\"og:description\" content=\"Entdecken Sie den Wandspiegel F.A. 33 von Gio Ponti, der Reinheit und zeitlose Eleganz vereint und jedem Interieur einen Hauch von Eleganz verleiht.\" \/>\n<meta property=\"og:url\" content=\"https:\/\/ekkla.ch\/de\/produit\/wandspiegel-f-a-33-54x80-schwarzes-messing-gubi\/\" \/>\n<meta property=\"og:site_name\" content=\"Ekkla\" \/>\n<meta property=\"article:modified_time\" content=\"2024-06-03T02:45:25+00:00\" \/>\n<meta property=\"og:image\" content=\"https:\/\/ekkla.ch\/wp-content\/uploads\/2024\/06\/ekkla-light-meubles-luminaires_produit_0029_10023362_frt_fa-33_wallmirror_54x80_blackbrass_front-320404.jpg\" \/>\n\t<meta property=\"og:image:width\" content=\"1000\" \/>\n\t<meta property=\"og:image:height\" content=\"1000\" \/>\n\t<meta property=\"og:image:type\" content=\"image\/jpeg\" \/>\n<meta name=\"twitter:card\" content=\"summary_large_image\" \/>\n<meta name=\"twitter:label1\" content=\"Gesch\u00e4tzte Lesezeit\" \/>\n\t<meta name=\"twitter:data1\" content=\"1\u00a0Minute\" \/>\n<script type=\"application\/ld+json\" class=\"yoast-schema-graph\">{\"@context\":\"https:\/\/schema.org\",\"@graph\":[{\"@type\":\"WebPage\",\"@id\":\"https:\/\/ekkla.ch\/de\/produit\/wandspiegel-f-a-33-54x80-schwarzes-messing-gubi\/\",\"url\":\"https:\/\/ekkla.ch\/de\/produit\/wandspiegel-f-a-33-54x80-schwarzes-messing-gubi\/\",\"name\":\"Wandspiegel F.A. 33 I 54x80 I Schwarzes Messing I Gubi I Ekkla\",\"isPartOf\":{\"@id\":\"https:\/\/ekkla.ch\/#website\"},\"primaryImageOfPage\":{\"@id\":\"https:\/\/ekkla.ch\/de\/produit\/wandspiegel-f-a-33-54x80-schwarzes-messing-gubi\/#primaryimage\"},\"image\":{\"@id\":\"https:\/\/ekkla.ch\/de\/produit\/wandspiegel-f-a-33-54x80-schwarzes-messing-gubi\/#primaryimage\"},\"thumbnailUrl\":\"https:\/\/ekkla.ch\/wp-content\/uploads\/2024\/06\/ekkla-light-meubles-luminaires_produit_0029_10023362_frt_fa-33_wallmirror_54x80_blackbrass_front-320404.jpg\",\"datePublished\":\"2024-06-03T02:32:06+00:00\",\"dateModified\":\"2024-06-03T02:45:25+00:00\",\"description\":\"Entdecken Sie den Wandspiegel F.A. 33 von Gio Ponti, der Reinheit und zeitlose Eleganz vereint und jedem Interieur einen Hauch von Eleganz verleiht.\",\"breadcrumb\":{\"@id\":\"https:\/\/ekkla.ch\/de\/produit\/wandspiegel-f-a-33-54x80-schwarzes-messing-gubi\/#breadcrumb\"},\"inLanguage\":\"de\",\"potentialAction\":[{\"@type\":\"ReadAction\",\"target\":[\"https:\/\/ekkla.ch\/de\/produit\/wandspiegel-f-a-33-54x80-schwarzes-messing-gubi\/\"]}]},{\"@type\":\"ImageObject\",\"inLanguage\":\"de\",\"@id\":\"https:\/\/ekkla.ch\/de\/produit\/wandspiegel-f-a-33-54x80-schwarzes-messing-gubi\/#primaryimage\",\"url\":\"https:\/\/ekkla.ch\/wp-content\/uploads\/2024\/06\/ekkla-light-meubles-luminaires_produit_0029_10023362_frt_fa-33_wallmirror_54x80_blackbrass_front-320404.jpg\",\"contentUrl\":\"https:\/\/ekkla.ch\/wp-content\/uploads\/2024\/06\/ekkla-light-meubles-luminaires_produit_0029_10023362_frt_fa-33_wallmirror_54x80_blackbrass_front-320404.jpg\",\"width\":1000,\"height\":1000},{\"@type\":\"BreadcrumbList\",\"@id\":\"https:\/\/ekkla.ch\/de\/produit\/wandspiegel-f-a-33-54x80-schwarzes-messing-gubi\/#breadcrumb\",\"itemListElement\":[{\"@type\":\"ListItem\",\"position\":1,\"name\":\"Home\",\"item\":\"https:\/\/ekkla.ch\/de\/\"},{\"@type\":\"ListItem\",\"position\":2,\"name\":\"Shop\",\"item\":\"https:\/\/ekkla.ch\/de\/shop\/\"},{\"@type\":\"ListItem\",\"position\":3,\"name\":\"Wandspiegel F.A. 33 &#8211; 54&#215;80 &#8211; Schwarzes Messing &#8211; Gubi\"}]},{\"@type\":\"WebSite\",\"@id\":\"https:\/\/ekkla.ch\/#website\",\"url\":\"https:\/\/ekkla.ch\/\",\"name\":\"Ekkla\",\"description\":\"Der Onlineshop f\u00fcr Beleuchtung\",\"publisher\":{\"@id\":\"https:\/\/ekkla.ch\/#organization\"},\"potentialAction\":[{\"@type\":\"SearchAction\",\"target\":{\"@type\":\"EntryPoint\",\"urlTemplate\":\"https:\/\/ekkla.ch\/?s={search_term_string}\"},\"query-input\":\"required name=search_term_string\"}],\"inLanguage\":\"de\"},{\"@type\":\"Organization\",\"@id\":\"https:\/\/ekkla.ch\/#organization\",\"name\":\"Ekkla\",\"url\":\"https:\/\/ekkla.ch\/\",\"logo\":{\"@type\":\"ImageObject\",\"inLanguage\":\"de\",\"@id\":\"https:\/\/ekkla.ch\/#\/schema\/logo\/image\/\",\"url\":\"http:\/\/ekkla.ch\/wp-content\/uploads\/2019\/07\/logo-1.svg\",\"contentUrl\":\"http:\/\/ekkla.ch\/wp-content\/uploads\/2019\/07\/logo-1.svg\",\"width\":1,\"height\":1,\"caption\":\"Ekkla\"},\"image\":{\"@id\":\"https:\/\/ekkla.ch\/#\/schema\/logo\/image\/\"},\"sameAs\":[\"https:\/\/www.instagram.com\/ekkla_light\/\"]}]}<\/script>\n<!-- \/ Yoast SEO Premium plugin. -->","yoast_head_json":{"title":"Wandspiegel F.A. 33 I 54x80 I Schwarzes Messing I Gubi I Ekkla","description":"Entdecken Sie den Wandspiegel F.A. 33 von Gio Ponti, der Reinheit und zeitlose Eleganz vereint und jedem Interieur einen Hauch von Eleganz verleiht.","robots":{"index":"index","follow":"follow","max-snippet":"max-snippet:-1","max-image-preview":"max-image-preview:large","max-video-preview":"max-video-preview:-1"},"canonical":"https:\/\/ekkla.ch\/de\/produit\/wandspiegel-f-a-33-54x80-schwarzes-messing-gubi\/","og_locale":"de_DE","og_type":"article","og_title":"Wandspiegel F.A. 33 - 54x80 - Schwarzes Messing - Gubi","og_description":"Entdecken Sie den Wandspiegel F.A. 33 von Gio Ponti, der Reinheit und zeitlose Eleganz vereint und jedem Interieur einen Hauch von Eleganz verleiht.","og_url":"https:\/\/ekkla.ch\/de\/produit\/wandspiegel-f-a-33-54x80-schwarzes-messing-gubi\/","og_site_name":"Ekkla","article_modified_time":"2024-06-03T02:45:25+00:00","og_image":[{"width":1000,"height":1000,"url":"https:\/\/ekkla.ch\/wp-content\/uploads\/2024\/06\/ekkla-light-meubles-luminaires_produit_0029_10023362_frt_fa-33_wallmirror_54x80_blackbrass_front-320404.jpg","type":"image\/jpeg"}],"twitter_card":"summary_large_image","twitter_misc":{"Gesch\u00e4tzte Lesezeit":"1\u00a0Minute"},"schema":{"@context":"https:\/\/schema.org","@graph":[{"@type":"WebPage","@id":"https:\/\/ekkla.ch\/de\/produit\/wandspiegel-f-a-33-54x80-schwarzes-messing-gubi\/","url":"https:\/\/ekkla.ch\/de\/produit\/wandspiegel-f-a-33-54x80-schwarzes-messing-gubi\/","name":"Wandspiegel F.A. 33 I 54x80 I Schwarzes Messing I Gubi I Ekkla","isPartOf":{"@id":"https:\/\/ekkla.ch\/#website"},"primaryImageOfPage":{"@id":"https:\/\/ekkla.ch\/de\/produit\/wandspiegel-f-a-33-54x80-schwarzes-messing-gubi\/#primaryimage"},"image":{"@id":"https:\/\/ekkla.ch\/de\/produit\/wandspiegel-f-a-33-54x80-schwarzes-messing-gubi\/#primaryimage"},"thumbnailUrl":"https:\/\/ekkla.ch\/wp-content\/uploads\/2024\/06\/ekkla-light-meubles-luminaires_produit_0029_10023362_frt_fa-33_wallmirror_54x80_blackbrass_front-320404.jpg","datePublished":"2024-06-03T02:32:06+00:00","dateModified":"2024-06-03T02:45:25+00:00","description":"Entdecken Sie den Wandspiegel F.A. 33 von Gio Ponti, der Reinheit und zeitlose Eleganz vereint und jedem Interieur einen Hauch von Eleganz verleiht.","breadcrumb":{"@id":"https:\/\/ekkla.ch\/de\/produit\/wandspiegel-f-a-33-54x80-schwarzes-messing-gubi\/#breadcrumb"},"inLanguage":"de","potentialAction":[{"@type":"ReadAction","target":["https:\/\/ekkla.ch\/de\/produit\/wandspiegel-f-a-33-54x80-schwarzes-messing-gubi\/"]}]},{"@type":"ImageObject","inLanguage":"de","@id":"https:\/\/ekkla.ch\/de\/produit\/wandspiegel-f-a-33-54x80-schwarzes-messing-gubi\/#primaryimage","url":"https:\/\/ekkla.ch\/wp-content\/uploads\/2024\/06\/ekkla-light-meubles-luminaires_produit_0029_10023362_frt_fa-33_wallmirror_54x80_blackbrass_front-320404.jpg","contentUrl":"https:\/\/ekkla.ch\/wp-content\/uploads\/2024\/06\/ekkla-light-meubles-luminaires_produit_0029_10023362_frt_fa-33_wallmirror_54x80_blackbrass_front-320404.jpg","width":1000,"height":1000},{"@type":"BreadcrumbList","@id":"https:\/\/ekkla.ch\/de\/produit\/wandspiegel-f-a-33-54x80-schwarzes-messing-gubi\/#breadcrumb","itemListElement":[{"@type":"ListItem","position":1,"name":"Home","item":"https:\/\/ekkla.ch\/de\/"},{"@type":"ListItem","position":2,"name":"Shop","item":"https:\/\/ekkla.ch\/de\/shop\/"},{"@type":"ListItem","position":3,"name":"Wandspiegel F.A. 33 &#8211; 54&#215;80 &#8211; Schwarzes Messing &#8211; Gubi"}]},{"@type":"WebSite","@id":"https:\/\/ekkla.ch\/#website","url":"https:\/\/ekkla.ch\/","name":"Ekkla","description":"Der Onlineshop f\u00fcr Beleuchtung","publisher":{"@id":"https:\/\/ekkla.ch\/#organization"},"potentialAction":[{"@type":"SearchAction","target":{"@type":"EntryPoint","urlTemplate":"https:\/\/ekkla.ch\/?s={search_term_string}"},"query-input":"required name=search_term_string"}],"inLanguage":"de"},{"@type":"Organization","@id":"https:\/\/ekkla.ch\/#organization","name":"Ekkla","url":"https:\/\/ekkla.ch\/","logo":{"@type":"ImageObject","inLanguage":"de","@id":"https:\/\/ekkla.ch\/#\/schema\/logo\/image\/","url":"http:\/\/ekkla.ch\/wp-content\/uploads\/2019\/07\/logo-1.svg","contentUrl":"http:\/\/ekkla.ch\/wp-content\/uploads\/2019\/07\/logo-1.svg","width":1,"height":1,"caption":"Ekkla"},"image":{"@id":"https:\/\/ekkla.ch\/#\/schema\/logo\/image\/"},"sameAs":["https:\/\/www.instagram.com\/ekkla_light\/"]}]}},"_links":{"self":[{"href":"https:\/\/ekkla.ch\/de\/wp-json\/wp\/v2\/product\/194951"}],"collection":[{"href":"https:\/\/ekkla.ch\/de\/wp-json\/wp\/v2\/product"}],"about":[{"href":"https:\/\/ekkla.ch\/de\/wp-json\/wp\/v2\/types\/product"}],"wp:featuredmedia":[{"embeddable":true,"href":"https:\/\/ekkla.ch\/de\/wp-json\/wp\/v2\/media\/194949"}],"wp:attachment":[{"href":"https:\/\/ekkla.ch\/de\/wp-json\/wp\/v2\/media?parent=194951"}],"wp:term":[{"taxonomy":"product_cat","embeddable":true,"href":"https:\/\/ekkla.ch\/de\/wp-json\/wp\/v2\/product_cat?post=194951"},{"taxonomy":"product_tag","embeddable":true,"href":"https:\/\/ekkla.ch\/de\/wp-json\/wp\/v2\/product_tag?post=194951"}],"curies":[{"name":"wp","href":"https:\/\/api.w.org\/{rel}","templated":true}]}}