{"id":195026,"date":"2024-06-03T05:46:34","date_gmt":"2024-06-03T03:46:34","guid":{"rendered":"https:\/\/ekkla.ch\/produit\/adnet-rechteckiger-wandspiegel-70x180-braunes-leder-gubi\/"},"modified":"2024-06-03T06:28:42","modified_gmt":"2024-06-03T04:28:42","slug":"adnet-rechteckiger-wandspiegel-70x180-braunes-leder-gubi","status":"publish","type":"product","link":"https:\/\/ekkla.ch\/de\/produit\/adnet-rechteckiger-wandspiegel-70x180-braunes-leder-gubi\/","title":{"rendered":"Adnet Rechteckiger Wandspiegel &#8211; 70&#215;180 &#8211; Braunes Leder &#8211; Gubi"},"content":{"rendered":"<div class=\"flex flex-grow flex-col max-w-full\">\n<div class=\"min-h-[20px] text-message flex flex-col items-start whitespace-pre-wrap break-words [.text-message+&amp;]:mt-5 juice:w-full juice:items-end overflow-x-auto gap-2\" dir=\"auto\" data-message-author-role=\"assistant\" data-message-id=\"5166cf7e-eb53-4795-a5bb-f60bd83db721\">\n<div class=\"flex w-full flex-col gap-1 juice:empty:hidden juice:first:pt-[3px]\">\n<div class=\"markdown prose w-full break-words dark:prose-invert light\">\n<div class=\"flex flex-grow flex-col max-w-full\">\n<div class=\"min-h-[20px] text-message flex flex-col items-start whitespace-pre-wrap break-words [.text-message+&amp;]:mt-5 juice:w-full juice:items-end overflow-x-auto gap-2\" dir=\"auto\" data-message-author-role=\"assistant\" data-message-id=\"73eb85a5-2c12-4b63-b721-2784c9f1fabb\">\n<div class=\"flex w-full flex-col gap-1 juice:empty:hidden juice:first:pt-[3px]\">\n<div class=\"markdown prose w-full break-words dark:prose-invert light\">\n<p>Der rechteckige Adnet-Wandspiegel entstand in den 1950er Jahren aus der Partnerschaft zwischen dem Designer Jaques Adnet und einem ber\u00fchmten franz\u00f6sischen Modehaus. Indem sie das Wissen und die Lederqualit\u00e4t des Modehauses auf das innovative Denken und die Designvision von Jacques Adnet anwendeten, schufen beide Parteien eine Reihe bemerkenswerter Interieurdesigns. Dank seines schlichten Designs, der W\u00e4rme des Leders und der feinsten Details ist der rechteckige Adnet-Wandspiegel in verschiedenen Gr\u00f6ssen erh\u00e4ltlich und eignet sich f\u00fcr Flure, Badezimmer und Ankleidezimmer gleichermassen, ob horizontal oder vertikal, an der Wand befestigt oder an diese gelehnt. Er verleiht Tiefe, reflektiert das Licht, erweitert den Horizont und verleiht eine magische Ausstrahlung.<\/p>\n<\/div>\n<\/div>\n<\/div>\n<\/div>\n<\/div>\n<\/div>\n<\/div>\n<\/div>\n<p>&nbsp;<\/p>\n<blockquote>\n<h2>Merkmale &amp; Eigenschaften<\/h2>\n<p><strong>Marke<\/strong> Gubi<\/p>\n<p><strong>Farbe<\/strong> Braun<\/p>\n<p><strong>Material <\/strong>Leder<\/p>\n<p><strong>H\u00f6he (cm) <\/strong>180<\/p>\n<p><strong>Breite (cm) <\/strong>70<\/p>\n<p><strong>Tiefe (cm) <\/strong>6.5<\/p>\n<p><strong>Gewicht (kg)<\/strong> 25<\/p><\/blockquote>\n","protected":false},"excerpt":{"rendered":"<p>Der rechteckige Adnet-Wandspiegel entstand in den 1950er Jahren aus der Partnerschaft zwischen dem Designer Jaques Adnet und einem ber\u00fchmten franz\u00f6sischen Modehaus. Indem sie das Wissen und die Lederqualit\u00e4t des Modehauses auf das innovative Denken und die Designvision von Jacques Adnet anwendeten, schufen beide Parteien eine Reihe bemerkenswerter Interieurdesigns. Dank seines schlichten Designs, der W\u00e4rme des [&hellip;]<\/p>\n","protected":false},"featured_media":195019,"template":"","meta":{"_acf_changed":false,"om_disable_all_campaigns":false},"product_cat":[989,1085],"product_tag":[1254,892,1188,1265,801,816],"bundled_by":[],"bundle_stock_status":"onbackorder","bundle_stock_quantity":null,"bundle_virtual":false,"bundle_layout":"","bundle_add_to_cart_form_location":"","bundle_editable_in_cart":false,"bundle_sold_individually_context":"","bundle_item_grouping":"","bundle_min_size":"","bundle_max_size":"","bundle_price":[],"bundled_items":[],"bundle_sell_ids":[],"acf":[],"yoast_head":"<!-- This site is optimized with the Yoast SEO Premium plugin v22.2 (Yoast SEO v22.8) - https:\/\/yoast.com\/wordpress\/plugins\/seo\/ -->\n<title>Adnet Rechteckiger Wandspiegel I 70x180 I Braunes Leder I Gubi<\/title>\n<meta name=\"description\" content=\"Entdecken Sie den rechteckigen Wandspiegel Adnet, der Leder und Glas miteinander verschmelzen l\u00e4sst und jeder Einrichtung einen skulpturalen Touch verleiht.\" \/>\n<meta name=\"robots\" content=\"index, follow, max-snippet:-1, max-image-preview:large, max-video-preview:-1\" \/>\n<link rel=\"canonical\" href=\"https:\/\/ekkla.ch\/de\/produit\/adnet-rechteckiger-wandspiegel-70x180-braunes-leder-gubi\/\" \/>\n<meta property=\"og:locale\" content=\"de_DE\" \/>\n<meta property=\"og:type\" content=\"article\" \/>\n<meta property=\"og:title\" content=\"Adnet Rechteckiger Wandspiegel - 70x180 - Braunes Leder - Gubi\" \/>\n<meta property=\"og:description\" content=\"Entdecken Sie den rechteckigen Wandspiegel Adnet, der Leder und Glas miteinander verschmelzen l\u00e4sst und jeder Einrichtung einen skulpturalen Touch verleiht.\" \/>\n<meta property=\"og:url\" content=\"https:\/\/ekkla.ch\/de\/produit\/adnet-rechteckiger-wandspiegel-70x180-braunes-leder-gubi\/\" \/>\n<meta property=\"og:site_name\" content=\"Ekkla\" \/>\n<meta property=\"article:modified_time\" content=\"2024-06-03T04:28:42+00:00\" \/>\n<meta property=\"og:image\" content=\"https:\/\/ekkla.ch\/wp-content\/uploads\/2024\/06\/ekkla-light-meubles-luminaires_produit_0035_10004052-76681-variant_image-94195-272581.jpg\" \/>\n\t<meta property=\"og:image:width\" content=\"1000\" \/>\n\t<meta property=\"og:image:height\" content=\"1000\" \/>\n\t<meta property=\"og:image:type\" content=\"image\/jpeg\" \/>\n<meta name=\"twitter:card\" content=\"summary_large_image\" \/>\n<meta name=\"twitter:label1\" content=\"Gesch\u00e4tzte Lesezeit\" \/>\n\t<meta name=\"twitter:data1\" content=\"1\u00a0Minute\" \/>\n<script type=\"application\/ld+json\" class=\"yoast-schema-graph\">{\"@context\":\"https:\/\/schema.org\",\"@graph\":[{\"@type\":\"WebPage\",\"@id\":\"https:\/\/ekkla.ch\/de\/produit\/adnet-rechteckiger-wandspiegel-70x180-braunes-leder-gubi\/\",\"url\":\"https:\/\/ekkla.ch\/de\/produit\/adnet-rechteckiger-wandspiegel-70x180-braunes-leder-gubi\/\",\"name\":\"Adnet Rechteckiger Wandspiegel I 70x180 I Braunes Leder I Gubi\",\"isPartOf\":{\"@id\":\"https:\/\/ekkla.ch\/#website\"},\"primaryImageOfPage\":{\"@id\":\"https:\/\/ekkla.ch\/de\/produit\/adnet-rechteckiger-wandspiegel-70x180-braunes-leder-gubi\/#primaryimage\"},\"image\":{\"@id\":\"https:\/\/ekkla.ch\/de\/produit\/adnet-rechteckiger-wandspiegel-70x180-braunes-leder-gubi\/#primaryimage\"},\"thumbnailUrl\":\"https:\/\/ekkla.ch\/wp-content\/uploads\/2024\/06\/ekkla-light-meubles-luminaires_produit_0035_10004052-76681-variant_image-94195-272581.jpg\",\"datePublished\":\"2024-06-03T03:46:34+00:00\",\"dateModified\":\"2024-06-03T04:28:42+00:00\",\"description\":\"Entdecken Sie den rechteckigen Wandspiegel Adnet, der Leder und Glas miteinander verschmelzen l\u00e4sst und jeder Einrichtung einen skulpturalen Touch verleiht.\",\"breadcrumb\":{\"@id\":\"https:\/\/ekkla.ch\/de\/produit\/adnet-rechteckiger-wandspiegel-70x180-braunes-leder-gubi\/#breadcrumb\"},\"inLanguage\":\"de\",\"potentialAction\":[{\"@type\":\"ReadAction\",\"target\":[\"https:\/\/ekkla.ch\/de\/produit\/adnet-rechteckiger-wandspiegel-70x180-braunes-leder-gubi\/\"]}]},{\"@type\":\"ImageObject\",\"inLanguage\":\"de\",\"@id\":\"https:\/\/ekkla.ch\/de\/produit\/adnet-rechteckiger-wandspiegel-70x180-braunes-leder-gubi\/#primaryimage\",\"url\":\"https:\/\/ekkla.ch\/wp-content\/uploads\/2024\/06\/ekkla-light-meubles-luminaires_produit_0035_10004052-76681-variant_image-94195-272581.jpg\",\"contentUrl\":\"https:\/\/ekkla.ch\/wp-content\/uploads\/2024\/06\/ekkla-light-meubles-luminaires_produit_0035_10004052-76681-variant_image-94195-272581.jpg\",\"width\":1000,\"height\":1000},{\"@type\":\"BreadcrumbList\",\"@id\":\"https:\/\/ekkla.ch\/de\/produit\/adnet-rechteckiger-wandspiegel-70x180-braunes-leder-gubi\/#breadcrumb\",\"itemListElement\":[{\"@type\":\"ListItem\",\"position\":1,\"name\":\"Home\",\"item\":\"https:\/\/ekkla.ch\/de\/\"},{\"@type\":\"ListItem\",\"position\":2,\"name\":\"Shop\",\"item\":\"https:\/\/ekkla.ch\/de\/shop\/\"},{\"@type\":\"ListItem\",\"position\":3,\"name\":\"Adnet Rechteckiger Wandspiegel &#8211; 70&#215;180 &#8211; Braunes Leder &#8211; Gubi\"}]},{\"@type\":\"WebSite\",\"@id\":\"https:\/\/ekkla.ch\/#website\",\"url\":\"https:\/\/ekkla.ch\/\",\"name\":\"Ekkla\",\"description\":\"Der Onlineshop f\u00fcr Beleuchtung\",\"publisher\":{\"@id\":\"https:\/\/ekkla.ch\/#organization\"},\"potentialAction\":[{\"@type\":\"SearchAction\",\"target\":{\"@type\":\"EntryPoint\",\"urlTemplate\":\"https:\/\/ekkla.ch\/?s={search_term_string}\"},\"query-input\":\"required name=search_term_string\"}],\"inLanguage\":\"de\"},{\"@type\":\"Organization\",\"@id\":\"https:\/\/ekkla.ch\/#organization\",\"name\":\"Ekkla\",\"url\":\"https:\/\/ekkla.ch\/\",\"logo\":{\"@type\":\"ImageObject\",\"inLanguage\":\"de\",\"@id\":\"https:\/\/ekkla.ch\/#\/schema\/logo\/image\/\",\"url\":\"http:\/\/ekkla.ch\/wp-content\/uploads\/2019\/07\/logo-1.svg\",\"contentUrl\":\"http:\/\/ekkla.ch\/wp-content\/uploads\/2019\/07\/logo-1.svg\",\"width\":1,\"height\":1,\"caption\":\"Ekkla\"},\"image\":{\"@id\":\"https:\/\/ekkla.ch\/#\/schema\/logo\/image\/\"},\"sameAs\":[\"https:\/\/www.instagram.com\/ekkla_light\/\"]}]}<\/script>\n<!-- \/ Yoast SEO Premium plugin. -->","yoast_head_json":{"title":"Adnet Rechteckiger Wandspiegel I 70x180 I Braunes Leder I Gubi","description":"Entdecken Sie den rechteckigen Wandspiegel Adnet, der Leder und Glas miteinander verschmelzen l\u00e4sst und jeder Einrichtung einen skulpturalen Touch verleiht.","robots":{"index":"index","follow":"follow","max-snippet":"max-snippet:-1","max-image-preview":"max-image-preview:large","max-video-preview":"max-video-preview:-1"},"canonical":"https:\/\/ekkla.ch\/de\/produit\/adnet-rechteckiger-wandspiegel-70x180-braunes-leder-gubi\/","og_locale":"de_DE","og_type":"article","og_title":"Adnet Rechteckiger Wandspiegel - 70x180 - Braunes Leder - Gubi","og_description":"Entdecken Sie den rechteckigen Wandspiegel Adnet, der Leder und Glas miteinander verschmelzen l\u00e4sst und jeder Einrichtung einen skulpturalen Touch verleiht.","og_url":"https:\/\/ekkla.ch\/de\/produit\/adnet-rechteckiger-wandspiegel-70x180-braunes-leder-gubi\/","og_site_name":"Ekkla","article_modified_time":"2024-06-03T04:28:42+00:00","og_image":[{"width":1000,"height":1000,"url":"https:\/\/ekkla.ch\/wp-content\/uploads\/2024\/06\/ekkla-light-meubles-luminaires_produit_0035_10004052-76681-variant_image-94195-272581.jpg","type":"image\/jpeg"}],"twitter_card":"summary_large_image","twitter_misc":{"Gesch\u00e4tzte Lesezeit":"1\u00a0Minute"},"schema":{"@context":"https:\/\/schema.org","@graph":[{"@type":"WebPage","@id":"https:\/\/ekkla.ch\/de\/produit\/adnet-rechteckiger-wandspiegel-70x180-braunes-leder-gubi\/","url":"https:\/\/ekkla.ch\/de\/produit\/adnet-rechteckiger-wandspiegel-70x180-braunes-leder-gubi\/","name":"Adnet Rechteckiger Wandspiegel I 70x180 I Braunes Leder I Gubi","isPartOf":{"@id":"https:\/\/ekkla.ch\/#website"},"primaryImageOfPage":{"@id":"https:\/\/ekkla.ch\/de\/produit\/adnet-rechteckiger-wandspiegel-70x180-braunes-leder-gubi\/#primaryimage"},"image":{"@id":"https:\/\/ekkla.ch\/de\/produit\/adnet-rechteckiger-wandspiegel-70x180-braunes-leder-gubi\/#primaryimage"},"thumbnailUrl":"https:\/\/ekkla.ch\/wp-content\/uploads\/2024\/06\/ekkla-light-meubles-luminaires_produit_0035_10004052-76681-variant_image-94195-272581.jpg","datePublished":"2024-06-03T03:46:34+00:00","dateModified":"2024-06-03T04:28:42+00:00","description":"Entdecken Sie den rechteckigen Wandspiegel Adnet, der Leder und Glas miteinander verschmelzen l\u00e4sst und jeder Einrichtung einen skulpturalen Touch verleiht.","breadcrumb":{"@id":"https:\/\/ekkla.ch\/de\/produit\/adnet-rechteckiger-wandspiegel-70x180-braunes-leder-gubi\/#breadcrumb"},"inLanguage":"de","potentialAction":[{"@type":"ReadAction","target":["https:\/\/ekkla.ch\/de\/produit\/adnet-rechteckiger-wandspiegel-70x180-braunes-leder-gubi\/"]}]},{"@type":"ImageObject","inLanguage":"de","@id":"https:\/\/ekkla.ch\/de\/produit\/adnet-rechteckiger-wandspiegel-70x180-braunes-leder-gubi\/#primaryimage","url":"https:\/\/ekkla.ch\/wp-content\/uploads\/2024\/06\/ekkla-light-meubles-luminaires_produit_0035_10004052-76681-variant_image-94195-272581.jpg","contentUrl":"https:\/\/ekkla.ch\/wp-content\/uploads\/2024\/06\/ekkla-light-meubles-luminaires_produit_0035_10004052-76681-variant_image-94195-272581.jpg","width":1000,"height":1000},{"@type":"BreadcrumbList","@id":"https:\/\/ekkla.ch\/de\/produit\/adnet-rechteckiger-wandspiegel-70x180-braunes-leder-gubi\/#breadcrumb","itemListElement":[{"@type":"ListItem","position":1,"name":"Home","item":"https:\/\/ekkla.ch\/de\/"},{"@type":"ListItem","position":2,"name":"Shop","item":"https:\/\/ekkla.ch\/de\/shop\/"},{"@type":"ListItem","position":3,"name":"Adnet Rechteckiger Wandspiegel &#8211; 70&#215;180 &#8211; Braunes Leder &#8211; Gubi"}]},{"@type":"WebSite","@id":"https:\/\/ekkla.ch\/#website","url":"https:\/\/ekkla.ch\/","name":"Ekkla","description":"Der Onlineshop f\u00fcr Beleuchtung","publisher":{"@id":"https:\/\/ekkla.ch\/#organization"},"potentialAction":[{"@type":"SearchAction","target":{"@type":"EntryPoint","urlTemplate":"https:\/\/ekkla.ch\/?s={search_term_string}"},"query-input":"required name=search_term_string"}],"inLanguage":"de"},{"@type":"Organization","@id":"https:\/\/ekkla.ch\/#organization","name":"Ekkla","url":"https:\/\/ekkla.ch\/","logo":{"@type":"ImageObject","inLanguage":"de","@id":"https:\/\/ekkla.ch\/#\/schema\/logo\/image\/","url":"http:\/\/ekkla.ch\/wp-content\/uploads\/2019\/07\/logo-1.svg","contentUrl":"http:\/\/ekkla.ch\/wp-content\/uploads\/2019\/07\/logo-1.svg","width":1,"height":1,"caption":"Ekkla"},"image":{"@id":"https:\/\/ekkla.ch\/#\/schema\/logo\/image\/"},"sameAs":["https:\/\/www.instagram.com\/ekkla_light\/"]}]}},"_links":{"self":[{"href":"https:\/\/ekkla.ch\/de\/wp-json\/wp\/v2\/product\/195026"}],"collection":[{"href":"https:\/\/ekkla.ch\/de\/wp-json\/wp\/v2\/product"}],"about":[{"href":"https:\/\/ekkla.ch\/de\/wp-json\/wp\/v2\/types\/product"}],"wp:featuredmedia":[{"embeddable":true,"href":"https:\/\/ekkla.ch\/de\/wp-json\/wp\/v2\/media\/195019"}],"wp:attachment":[{"href":"https:\/\/ekkla.ch\/de\/wp-json\/wp\/v2\/media?parent=195026"}],"wp:term":[{"taxonomy":"product_cat","embeddable":true,"href":"https:\/\/ekkla.ch\/de\/wp-json\/wp\/v2\/product_cat?post=195026"},{"taxonomy":"product_tag","embeddable":true,"href":"https:\/\/ekkla.ch\/de\/wp-json\/wp\/v2\/product_tag?post=195026"}],"curies":[{"name":"wp","href":"https:\/\/api.w.org\/{rel}","templated":true}]}}