{"id":195162,"date":"2024-06-03T20:07:14","date_gmt":"2024-06-03T18:07:14","guid":{"rendered":"https:\/\/ekkla.ch\/produit\/petite-friture-wandspiegel-wander-m-h-90-cm-smaragd-kirschrot\/"},"modified":"2024-06-05T13:42:19","modified_gmt":"2024-06-05T11:42:19","slug":"petite-friture-wandspiegel-wander-m-h-90-cm-smaragd-kirschrot","status":"publish","type":"product","link":"https:\/\/ekkla.ch\/de\/produit\/petite-friture-wandspiegel-wander-m-h-90-cm-smaragd-kirschrot\/","title":{"rendered":"Petite Friture &#8211; Wandspiegel Wander M H.90 cm &#8211; Smaragd-Kirschrot"},"content":{"rendered":"<div class=\"flex flex-grow flex-col max-w-full\">\n<div class=\"min-h-[20px] text-message flex flex-col items-start whitespace-pre-wrap break-words [.text-message+&amp;]:mt-5 juice:w-full juice:items-end overflow-x-auto gap-2\" dir=\"auto\" data-message-author-role=\"assistant\" data-message-id=\"5166cf7e-eb53-4795-a5bb-f60bd83db721\">\n<div class=\"flex w-full flex-col gap-1 juice:empty:hidden juice:first:pt-[3px]\">\n<div class=\"markdown prose w-full break-words dark:prose-invert light\">\n<div class=\"flex flex-grow flex-col max-w-full\">\n<div class=\"min-h-[20px] text-message flex flex-col items-start whitespace-pre-wrap break-words [.text-message+&amp;]:mt-5 juice:w-full juice:items-end overflow-x-auto gap-2\" dir=\"auto\" data-message-author-role=\"assistant\" data-message-id=\"73eb85a5-2c12-4b63-b721-2784c9f1fabb\">\n<div class=\"flex w-full flex-col gap-1 juice:empty:hidden juice:first:pt-[3px]\">\n<div class=\"markdown prose w-full break-words dark:prose-invert light\">\n<p>Bringen Sie Farbe und Modernit\u00e4t in Ihr Zuhause mit dem Spiegel Wander, entworfen vom franz\u00f6sischen Studio AC\/AL. Der in Frankreich hergestellte Spiegel verwendet ein pr\u00e4zises zweifarbiges Druckverfahren, um gewagte und einzigartige Farben zu erzeugen. Dank seiner unsichtbaren Wandbefestigung kann er 2 cm von der Wand entfernt aufgeh\u00e4ngt werden, wodurch ein Schwebeeffekt entsteht und ein Halo aus Farben projiziert wird.<\/p>\n<p>Erh\u00e4ltlich in verschiedenen Gr\u00f6ssen, passt der Spiegel perfekt in R\u00e4ume wie Schlafzimmer, Badezimmer oder Eingangsbereich und verleiht jedem Raum eine moderne und anspruchsvolle \u00c4sthetik.<\/p>\n<p>Petite Friture ist eine franz\u00f6sische Marke, die 2009 gegr\u00fcndet wurde und einzigartige und engagierte Kollektionen anbietet. Jedes Projekt ist das Ergebnis eines Treffens zwischen dem Herausgeber, dem Designer und dem Hersteller mit dem gemeinsamen Ziel, eine nachhaltige Emotion zu wecken. Die Marke engagiert sich f\u00fcr Nachhaltigkeit, Transparenz, Respekt und Dialog, und ihre Philosophie ist es, \u201edas Gute aus dem Sch\u00f6nen hervorzubringen\u201c.<\/p>\n<\/div>\n<\/div>\n<\/div>\n<\/div>\n<\/div>\n<\/div>\n<\/div>\n<\/div>\n<blockquote>\n<h2>Eigenschaften<\/h2>\n<p><strong>Marke<\/strong> Petite Friture<\/p>\n<p><strong>Farbe<\/strong> Smaragd-Kirschrot<\/p>\n<p><strong>Material <\/strong>Spiegelglas, Farbglas<\/p>\n<p><strong>H\u00f6he (cm) <\/strong>90<\/p>\n<p><strong>Breite (cm) <\/strong>67<\/p>\n<p><strong>Gewicht (kg)<\/strong> 9<\/p><\/blockquote>\n","protected":false},"excerpt":{"rendered":"<p>Bringen Sie Farbe und Modernit\u00e4t in Ihr Zuhause mit dem Spiegel Wander, entworfen vom franz\u00f6sischen Studio AC\/AL. Der in Frankreich hergestellte Spiegel verwendet ein pr\u00e4zises zweifarbiges Druckverfahren, um gewagte und einzigartige Farben zu erzeugen. Dank seiner unsichtbaren Wandbefestigung kann er 2 cm von der Wand entfernt aufgeh\u00e4ngt werden, wodurch ein Schwebeeffekt entsteht und ein Halo [&hellip;]<\/p>\n","protected":false},"featured_media":195094,"template":"","meta":{"_acf_changed":false,"om_disable_all_campaigns":false},"product_cat":[989,1085],"product_tag":[1254,1265,801],"bundled_by":[],"bundle_stock_status":"onbackorder","bundle_stock_quantity":null,"bundle_virtual":false,"bundle_layout":"","bundle_add_to_cart_form_location":"","bundle_editable_in_cart":false,"bundle_sold_individually_context":"","bundle_item_grouping":"","bundle_min_size":"","bundle_max_size":"","bundle_price":[],"bundled_items":[],"bundle_sell_ids":[],"acf":[],"yoast_head":"<!-- This site is optimized with the Yoast SEO Premium plugin v22.2 (Yoast SEO v22.8) - https:\/\/yoast.com\/wordpress\/plugins\/seo\/ -->\n<title>Wandspiegel Wander M | Smaragd-Kirschrot | Petite Friture | Ekkla<\/title>\n<meta name=\"description\" content=\"Entdecken Sie die Wandspiegel der Kollektion WANDER, entworfen vom Studio AC\/AL. Verschiedene Gr\u00f6ssen und Farben zur Versch\u00f6nerung Ihres Zuhauses.\" \/>\n<meta name=\"robots\" content=\"index, follow, max-snippet:-1, max-image-preview:large, max-video-preview:-1\" \/>\n<link rel=\"canonical\" href=\"https:\/\/ekkla.ch\/de\/produit\/petite-friture-wandspiegel-wander-m-h-90-cm-smaragd-kirschrot\/\" \/>\n<meta property=\"og:locale\" content=\"de_DE\" \/>\n<meta property=\"og:type\" content=\"article\" \/>\n<meta property=\"og:title\" content=\"Petite Friture - Wandspiegel Wander M H.90 cm - Smaragd-Kirschrot\" \/>\n<meta property=\"og:description\" content=\"Entdecken Sie die Wandspiegel der Kollektion WANDER, entworfen vom Studio AC\/AL. Verschiedene Gr\u00f6ssen und Farben zur Versch\u00f6nerung Ihres Zuhauses.\" \/>\n<meta property=\"og:url\" content=\"https:\/\/ekkla.ch\/de\/produit\/petite-friture-wandspiegel-wander-m-h-90-cm-smaragd-kirschrot\/\" \/>\n<meta property=\"og:site_name\" content=\"Ekkla\" \/>\n<meta property=\"article:modified_time\" content=\"2024-06-05T11:42:19+00:00\" \/>\n<meta property=\"og:image\" content=\"https:\/\/ekkla.ch\/wp-content\/uploads\/2024\/06\/ekkla-light-meubles-luminaires_0176_M0890201_WANDER_mirror_67x90_emerald_cherry_1.jpg\" \/>\n\t<meta property=\"og:image:width\" content=\"1000\" \/>\n\t<meta property=\"og:image:height\" content=\"1000\" \/>\n\t<meta property=\"og:image:type\" content=\"image\/jpeg\" \/>\n<meta name=\"twitter:card\" content=\"summary_large_image\" \/>\n<meta name=\"twitter:label1\" content=\"Gesch\u00e4tzte Lesezeit\" \/>\n\t<meta name=\"twitter:data1\" content=\"1\u00a0Minute\" \/>\n<script type=\"application\/ld+json\" class=\"yoast-schema-graph\">{\"@context\":\"https:\/\/schema.org\",\"@graph\":[{\"@type\":\"WebPage\",\"@id\":\"https:\/\/ekkla.ch\/de\/produit\/petite-friture-wandspiegel-wander-m-h-90-cm-smaragd-kirschrot\/\",\"url\":\"https:\/\/ekkla.ch\/de\/produit\/petite-friture-wandspiegel-wander-m-h-90-cm-smaragd-kirschrot\/\",\"name\":\"Wandspiegel Wander M | Smaragd-Kirschrot | Petite Friture | Ekkla\",\"isPartOf\":{\"@id\":\"https:\/\/ekkla.ch\/#website\"},\"primaryImageOfPage\":{\"@id\":\"https:\/\/ekkla.ch\/de\/produit\/petite-friture-wandspiegel-wander-m-h-90-cm-smaragd-kirschrot\/#primaryimage\"},\"image\":{\"@id\":\"https:\/\/ekkla.ch\/de\/produit\/petite-friture-wandspiegel-wander-m-h-90-cm-smaragd-kirschrot\/#primaryimage\"},\"thumbnailUrl\":\"https:\/\/ekkla.ch\/wp-content\/uploads\/2024\/06\/ekkla-light-meubles-luminaires_0176_M0890201_WANDER_mirror_67x90_emerald_cherry_1.jpg\",\"datePublished\":\"2024-06-03T18:07:14+00:00\",\"dateModified\":\"2024-06-05T11:42:19+00:00\",\"description\":\"Entdecken Sie die Wandspiegel der Kollektion WANDER, entworfen vom Studio AC\/AL. Verschiedene Gr\u00f6ssen und Farben zur Versch\u00f6nerung Ihres Zuhauses.\",\"breadcrumb\":{\"@id\":\"https:\/\/ekkla.ch\/de\/produit\/petite-friture-wandspiegel-wander-m-h-90-cm-smaragd-kirschrot\/#breadcrumb\"},\"inLanguage\":\"de\",\"potentialAction\":[{\"@type\":\"ReadAction\",\"target\":[\"https:\/\/ekkla.ch\/de\/produit\/petite-friture-wandspiegel-wander-m-h-90-cm-smaragd-kirschrot\/\"]}]},{\"@type\":\"ImageObject\",\"inLanguage\":\"de\",\"@id\":\"https:\/\/ekkla.ch\/de\/produit\/petite-friture-wandspiegel-wander-m-h-90-cm-smaragd-kirschrot\/#primaryimage\",\"url\":\"https:\/\/ekkla.ch\/wp-content\/uploads\/2024\/06\/ekkla-light-meubles-luminaires_0176_M0890201_WANDER_mirror_67x90_emerald_cherry_1.jpg\",\"contentUrl\":\"https:\/\/ekkla.ch\/wp-content\/uploads\/2024\/06\/ekkla-light-meubles-luminaires_0176_M0890201_WANDER_mirror_67x90_emerald_cherry_1.jpg\",\"width\":1000,\"height\":1000},{\"@type\":\"BreadcrumbList\",\"@id\":\"https:\/\/ekkla.ch\/de\/produit\/petite-friture-wandspiegel-wander-m-h-90-cm-smaragd-kirschrot\/#breadcrumb\",\"itemListElement\":[{\"@type\":\"ListItem\",\"position\":1,\"name\":\"Home\",\"item\":\"https:\/\/ekkla.ch\/de\/\"},{\"@type\":\"ListItem\",\"position\":2,\"name\":\"Shop\",\"item\":\"https:\/\/ekkla.ch\/de\/shop\/\"},{\"@type\":\"ListItem\",\"position\":3,\"name\":\"Petite Friture &#8211; Wandspiegel Wander M H.90 cm &#8211; Smaragd-Kirschrot\"}]},{\"@type\":\"WebSite\",\"@id\":\"https:\/\/ekkla.ch\/#website\",\"url\":\"https:\/\/ekkla.ch\/\",\"name\":\"Ekkla\",\"description\":\"Der Onlineshop f\u00fcr Beleuchtung\",\"publisher\":{\"@id\":\"https:\/\/ekkla.ch\/#organization\"},\"potentialAction\":[{\"@type\":\"SearchAction\",\"target\":{\"@type\":\"EntryPoint\",\"urlTemplate\":\"https:\/\/ekkla.ch\/?s={search_term_string}\"},\"query-input\":\"required name=search_term_string\"}],\"inLanguage\":\"de\"},{\"@type\":\"Organization\",\"@id\":\"https:\/\/ekkla.ch\/#organization\",\"name\":\"Ekkla\",\"url\":\"https:\/\/ekkla.ch\/\",\"logo\":{\"@type\":\"ImageObject\",\"inLanguage\":\"de\",\"@id\":\"https:\/\/ekkla.ch\/#\/schema\/logo\/image\/\",\"url\":\"http:\/\/ekkla.ch\/wp-content\/uploads\/2019\/07\/logo-1.svg\",\"contentUrl\":\"http:\/\/ekkla.ch\/wp-content\/uploads\/2019\/07\/logo-1.svg\",\"width\":1,\"height\":1,\"caption\":\"Ekkla\"},\"image\":{\"@id\":\"https:\/\/ekkla.ch\/#\/schema\/logo\/image\/\"},\"sameAs\":[\"https:\/\/www.instagram.com\/ekkla_light\/\"]}]}<\/script>\n<!-- \/ Yoast SEO Premium plugin. -->","yoast_head_json":{"title":"Wandspiegel Wander M | Smaragd-Kirschrot | Petite Friture | Ekkla","description":"Entdecken Sie die Wandspiegel der Kollektion WANDER, entworfen vom Studio AC\/AL. Verschiedene Gr\u00f6ssen und Farben zur Versch\u00f6nerung Ihres Zuhauses.","robots":{"index":"index","follow":"follow","max-snippet":"max-snippet:-1","max-image-preview":"max-image-preview:large","max-video-preview":"max-video-preview:-1"},"canonical":"https:\/\/ekkla.ch\/de\/produit\/petite-friture-wandspiegel-wander-m-h-90-cm-smaragd-kirschrot\/","og_locale":"de_DE","og_type":"article","og_title":"Petite Friture - Wandspiegel Wander M H.90 cm - Smaragd-Kirschrot","og_description":"Entdecken Sie die Wandspiegel der Kollektion WANDER, entworfen vom Studio AC\/AL. Verschiedene Gr\u00f6ssen und Farben zur Versch\u00f6nerung Ihres Zuhauses.","og_url":"https:\/\/ekkla.ch\/de\/produit\/petite-friture-wandspiegel-wander-m-h-90-cm-smaragd-kirschrot\/","og_site_name":"Ekkla","article_modified_time":"2024-06-05T11:42:19+00:00","og_image":[{"width":1000,"height":1000,"url":"https:\/\/ekkla.ch\/wp-content\/uploads\/2024\/06\/ekkla-light-meubles-luminaires_0176_M0890201_WANDER_mirror_67x90_emerald_cherry_1.jpg","type":"image\/jpeg"}],"twitter_card":"summary_large_image","twitter_misc":{"Gesch\u00e4tzte Lesezeit":"1\u00a0Minute"},"schema":{"@context":"https:\/\/schema.org","@graph":[{"@type":"WebPage","@id":"https:\/\/ekkla.ch\/de\/produit\/petite-friture-wandspiegel-wander-m-h-90-cm-smaragd-kirschrot\/","url":"https:\/\/ekkla.ch\/de\/produit\/petite-friture-wandspiegel-wander-m-h-90-cm-smaragd-kirschrot\/","name":"Wandspiegel Wander M | Smaragd-Kirschrot | Petite Friture | Ekkla","isPartOf":{"@id":"https:\/\/ekkla.ch\/#website"},"primaryImageOfPage":{"@id":"https:\/\/ekkla.ch\/de\/produit\/petite-friture-wandspiegel-wander-m-h-90-cm-smaragd-kirschrot\/#primaryimage"},"image":{"@id":"https:\/\/ekkla.ch\/de\/produit\/petite-friture-wandspiegel-wander-m-h-90-cm-smaragd-kirschrot\/#primaryimage"},"thumbnailUrl":"https:\/\/ekkla.ch\/wp-content\/uploads\/2024\/06\/ekkla-light-meubles-luminaires_0176_M0890201_WANDER_mirror_67x90_emerald_cherry_1.jpg","datePublished":"2024-06-03T18:07:14+00:00","dateModified":"2024-06-05T11:42:19+00:00","description":"Entdecken Sie die Wandspiegel der Kollektion WANDER, entworfen vom Studio AC\/AL. Verschiedene Gr\u00f6ssen und Farben zur Versch\u00f6nerung Ihres Zuhauses.","breadcrumb":{"@id":"https:\/\/ekkla.ch\/de\/produit\/petite-friture-wandspiegel-wander-m-h-90-cm-smaragd-kirschrot\/#breadcrumb"},"inLanguage":"de","potentialAction":[{"@type":"ReadAction","target":["https:\/\/ekkla.ch\/de\/produit\/petite-friture-wandspiegel-wander-m-h-90-cm-smaragd-kirschrot\/"]}]},{"@type":"ImageObject","inLanguage":"de","@id":"https:\/\/ekkla.ch\/de\/produit\/petite-friture-wandspiegel-wander-m-h-90-cm-smaragd-kirschrot\/#primaryimage","url":"https:\/\/ekkla.ch\/wp-content\/uploads\/2024\/06\/ekkla-light-meubles-luminaires_0176_M0890201_WANDER_mirror_67x90_emerald_cherry_1.jpg","contentUrl":"https:\/\/ekkla.ch\/wp-content\/uploads\/2024\/06\/ekkla-light-meubles-luminaires_0176_M0890201_WANDER_mirror_67x90_emerald_cherry_1.jpg","width":1000,"height":1000},{"@type":"BreadcrumbList","@id":"https:\/\/ekkla.ch\/de\/produit\/petite-friture-wandspiegel-wander-m-h-90-cm-smaragd-kirschrot\/#breadcrumb","itemListElement":[{"@type":"ListItem","position":1,"name":"Home","item":"https:\/\/ekkla.ch\/de\/"},{"@type":"ListItem","position":2,"name":"Shop","item":"https:\/\/ekkla.ch\/de\/shop\/"},{"@type":"ListItem","position":3,"name":"Petite Friture &#8211; Wandspiegel Wander M H.90 cm &#8211; Smaragd-Kirschrot"}]},{"@type":"WebSite","@id":"https:\/\/ekkla.ch\/#website","url":"https:\/\/ekkla.ch\/","name":"Ekkla","description":"Der Onlineshop f\u00fcr Beleuchtung","publisher":{"@id":"https:\/\/ekkla.ch\/#organization"},"potentialAction":[{"@type":"SearchAction","target":{"@type":"EntryPoint","urlTemplate":"https:\/\/ekkla.ch\/?s={search_term_string}"},"query-input":"required name=search_term_string"}],"inLanguage":"de"},{"@type":"Organization","@id":"https:\/\/ekkla.ch\/#organization","name":"Ekkla","url":"https:\/\/ekkla.ch\/","logo":{"@type":"ImageObject","inLanguage":"de","@id":"https:\/\/ekkla.ch\/#\/schema\/logo\/image\/","url":"http:\/\/ekkla.ch\/wp-content\/uploads\/2019\/07\/logo-1.svg","contentUrl":"http:\/\/ekkla.ch\/wp-content\/uploads\/2019\/07\/logo-1.svg","width":1,"height":1,"caption":"Ekkla"},"image":{"@id":"https:\/\/ekkla.ch\/#\/schema\/logo\/image\/"},"sameAs":["https:\/\/www.instagram.com\/ekkla_light\/"]}]}},"_links":{"self":[{"href":"https:\/\/ekkla.ch\/de\/wp-json\/wp\/v2\/product\/195162"}],"collection":[{"href":"https:\/\/ekkla.ch\/de\/wp-json\/wp\/v2\/product"}],"about":[{"href":"https:\/\/ekkla.ch\/de\/wp-json\/wp\/v2\/types\/product"}],"wp:featuredmedia":[{"embeddable":true,"href":"https:\/\/ekkla.ch\/de\/wp-json\/wp\/v2\/media\/195094"}],"wp:attachment":[{"href":"https:\/\/ekkla.ch\/de\/wp-json\/wp\/v2\/media?parent=195162"}],"wp:term":[{"taxonomy":"product_cat","embeddable":true,"href":"https:\/\/ekkla.ch\/de\/wp-json\/wp\/v2\/product_cat?post=195162"},{"taxonomy":"product_tag","embeddable":true,"href":"https:\/\/ekkla.ch\/de\/wp-json\/wp\/v2\/product_tag?post=195162"}],"curies":[{"name":"wp","href":"https:\/\/api.w.org\/{rel}","templated":true}]}}