{"id":19767,"date":"2020-03-30T19:02:44","date_gmt":"2020-03-30T17:02:44","guid":{"rendered":"https:\/\/ekkla.ch\/produit\/suspension-ronde-en-bambou-mekong-good-mojo\/"},"modified":"2023-02-27T00:00:07","modified_gmt":"2023-02-26T23:00:07","slug":"runde-haengeleuchte-aus-bambus-mekong-good-and-mojo","status":"publish","type":"product","link":"https:\/\/ekkla.ch\/de\/produit\/runde-haengeleuchte-aus-bambus-mekong-good-and-mojo\/","title":{"rendered":"H\u00e4ngeleuchte Mekong rund &#8211; Bambus &#8211; \u00d839 &#8211; Good &#038; Mojo"},"content":{"rendered":"<p>Die Good &amp; Mojo-Kollektion erfreut uns immer wieder! Bei dieser sch\u00f6nen H\u00e4ngeleuchte aus handgeflochtenem Bambus werden Design, fairer Handel und \u00d6kologie zu einem perfekten Trio vereint! Das offene Geflecht erm\u00f6glicht eine weiche und angenehme Lichtstreuung, perfekt f\u00fcr ein modernes und nat\u00fcrliches Schlaf- oder Wohnzimmer!<\/p>\n<p>F\u00fcr jede verkaufte Leuchte aus der Good- &amp; Mojo-Kollektion wird eine Spende von 5% an die <a title=\"Fondation lampe waka waka\" href=\"https:\/\/waka-waka.com\/de\/foundation\/\" target=\"_blank\" rel=\"noopener noreferrer\">Waka Waka<\/a> Foundation geleistet, die solare Beleuchtungsl\u00f6sungen f\u00fcr bed\u00fcrftige Menschen anbietet.<\/p>\n<blockquote>\n<h2 style=\"text-align: left;\">Merkmale &amp; Eigenschaften<\/h2>\n<p><strong>Marke<\/strong> Good &amp; Mojo<\/p>\n<p style=\"text-align: left;\"><strong>Farbe\u00a0<\/strong>Bambus im Naturton und weiss<\/p>\n<p><strong>Material<\/strong>\u00a0Bambus<\/p>\n<p style=\"text-align: left;\"><strong>Gl\u00fchbirne<\/strong>\u00a0E27<\/p>\n<p style=\"text-align: left;\"><strong>Max. Leistung (W)<\/strong>\u00a040<\/p>\n<p style=\"text-align: left;\"><strong>Durchmesser (cm)<\/strong> 39<\/p>\n<p style=\"text-align: left;\"><strong>H\u00f6he (cm)<\/strong> 32<\/p>\n<\/blockquote>\n","protected":false},"excerpt":{"rendered":"<p>Die Good &amp; Mojo-Kollektion erfreut uns immer wieder! Bei dieser sch\u00f6nen H\u00e4ngeleuchte aus handgeflochtenem Bambus werden Design, fairer Handel und \u00d6kologie zu einem perfekten Trio vereint! Das offene Geflecht erm\u00f6glicht eine weiche und angenehme Lichtstreuung, perfekt f\u00fcr ein modernes und nat\u00fcrliches Schlaf- oder Wohnzimmer! F\u00fcr jede verkaufte Leuchte aus der Good- &amp; Mojo-Kollektion wird eine [&hellip;]<\/p>\n","protected":false},"featured_media":19453,"template":"","meta":{"_acf_changed":false,"om_disable_all_campaigns":false},"product_cat":[291],"product_tag":[1258,898,554,1188,816,704,603],"bundled_by":[],"bundle_stock_status":"onbackorder","bundle_stock_quantity":null,"bundle_virtual":false,"bundle_layout":"","bundle_add_to_cart_form_location":"","bundle_editable_in_cart":false,"bundle_sold_individually_context":"","bundle_item_grouping":"","bundle_min_size":"","bundle_max_size":"","bundle_price":[],"bundled_items":[],"bundle_sell_ids":[],"acf":[],"yoast_head":"<!-- This site is optimized with the Yoast SEO Premium plugin v22.2 (Yoast SEO v22.8) - https:\/\/yoast.com\/wordpress\/plugins\/seo\/ -->\n<title>Good &amp; Mojo | Runde H\u00e4ngeleuchte Mekong | Eco-friendly | Ekkla<\/title>\n<meta name=\"description\" content=\"Eine H\u00e4ngeleuchte aus handgeflochtenem Bambus und weicher Lichtstreuung. Eine Leuchte, die Design, fairen Handel und \u00d6kologie miteinander vereint.\" \/>\n<meta name=\"robots\" content=\"index, follow, max-snippet:-1, max-image-preview:large, max-video-preview:-1\" \/>\n<link rel=\"canonical\" href=\"https:\/\/ekkla.ch\/de\/produit\/runde-haengeleuchte-aus-bambus-mekong-good-and-mojo\/\" \/>\n<meta property=\"og:locale\" content=\"de_DE\" \/>\n<meta property=\"og:type\" content=\"article\" \/>\n<meta property=\"og:title\" content=\"H\u00e4ngeleuchte Mekong rund - Bambus - \u00d839 - Good &amp; Mojo\" \/>\n<meta property=\"og:description\" content=\"Eine H\u00e4ngeleuchte aus handgeflochtenem Bambus und weicher Lichtstreuung. Eine Leuchte, die Design, fairen Handel und \u00d6kologie miteinander vereint.\" \/>\n<meta property=\"og:url\" content=\"https:\/\/ekkla.ch\/de\/produit\/runde-haengeleuchte-aus-bambus-mekong-good-and-mojo\/\" \/>\n<meta property=\"og:site_name\" content=\"Ekkla\" \/>\n<meta property=\"article:modified_time\" content=\"2023-02-26T23:00:07+00:00\" \/>\n<meta property=\"og:image\" content=\"https:\/\/ekkla.ch\/wp-content\/uploads\/2020\/03\/Mekong-ronde.jpg\" \/>\n\t<meta property=\"og:image:width\" content=\"900\" \/>\n\t<meta property=\"og:image:height\" content=\"900\" \/>\n\t<meta property=\"og:image:type\" content=\"image\/jpeg\" \/>\n<meta name=\"twitter:card\" content=\"summary_large_image\" \/>\n<meta name=\"twitter:label1\" content=\"Gesch\u00e4tzte Lesezeit\" \/>\n\t<meta name=\"twitter:data1\" content=\"1\u00a0Minute\" \/>\n<script type=\"application\/ld+json\" class=\"yoast-schema-graph\">{\"@context\":\"https:\/\/schema.org\",\"@graph\":[{\"@type\":\"WebPage\",\"@id\":\"https:\/\/ekkla.ch\/de\/produit\/runde-haengeleuchte-aus-bambus-mekong-good-and-mojo\/\",\"url\":\"https:\/\/ekkla.ch\/de\/produit\/runde-haengeleuchte-aus-bambus-mekong-good-and-mojo\/\",\"name\":\"Good & Mojo | Runde H\u00e4ngeleuchte Mekong | Eco-friendly | Ekkla\",\"isPartOf\":{\"@id\":\"https:\/\/ekkla.ch\/#website\"},\"primaryImageOfPage\":{\"@id\":\"https:\/\/ekkla.ch\/de\/produit\/runde-haengeleuchte-aus-bambus-mekong-good-and-mojo\/#primaryimage\"},\"image\":{\"@id\":\"https:\/\/ekkla.ch\/de\/produit\/runde-haengeleuchte-aus-bambus-mekong-good-and-mojo\/#primaryimage\"},\"thumbnailUrl\":\"https:\/\/ekkla.ch\/wp-content\/uploads\/2020\/03\/Mekong-ronde.jpg\",\"datePublished\":\"2020-03-30T17:02:44+00:00\",\"dateModified\":\"2023-02-26T23:00:07+00:00\",\"description\":\"Eine H\u00e4ngeleuchte aus handgeflochtenem Bambus und weicher Lichtstreuung. Eine Leuchte, die Design, fairen Handel und \u00d6kologie miteinander vereint.\",\"breadcrumb\":{\"@id\":\"https:\/\/ekkla.ch\/de\/produit\/runde-haengeleuchte-aus-bambus-mekong-good-and-mojo\/#breadcrumb\"},\"inLanguage\":\"de\",\"potentialAction\":[{\"@type\":\"ReadAction\",\"target\":[\"https:\/\/ekkla.ch\/de\/produit\/runde-haengeleuchte-aus-bambus-mekong-good-and-mojo\/\"]}]},{\"@type\":\"ImageObject\",\"inLanguage\":\"de\",\"@id\":\"https:\/\/ekkla.ch\/de\/produit\/runde-haengeleuchte-aus-bambus-mekong-good-and-mojo\/#primaryimage\",\"url\":\"https:\/\/ekkla.ch\/wp-content\/uploads\/2020\/03\/Mekong-ronde.jpg\",\"contentUrl\":\"https:\/\/ekkla.ch\/wp-content\/uploads\/2020\/03\/Mekong-ronde.jpg\",\"width\":900,\"height\":900},{\"@type\":\"BreadcrumbList\",\"@id\":\"https:\/\/ekkla.ch\/de\/produit\/runde-haengeleuchte-aus-bambus-mekong-good-and-mojo\/#breadcrumb\",\"itemListElement\":[{\"@type\":\"ListItem\",\"position\":1,\"name\":\"Home\",\"item\":\"https:\/\/ekkla.ch\/de\/\"},{\"@type\":\"ListItem\",\"position\":2,\"name\":\"Shop\",\"item\":\"https:\/\/ekkla.ch\/de\/shop\/\"},{\"@type\":\"ListItem\",\"position\":3,\"name\":\"H\u00e4ngeleuchte Mekong rund &#8211; Bambus &#8211; \u00d839 &#8211; Good &#038; Mojo\"}]},{\"@type\":\"WebSite\",\"@id\":\"https:\/\/ekkla.ch\/#website\",\"url\":\"https:\/\/ekkla.ch\/\",\"name\":\"Ekkla\",\"description\":\"Der Onlineshop f\u00fcr Beleuchtung\",\"publisher\":{\"@id\":\"https:\/\/ekkla.ch\/#organization\"},\"potentialAction\":[{\"@type\":\"SearchAction\",\"target\":{\"@type\":\"EntryPoint\",\"urlTemplate\":\"https:\/\/ekkla.ch\/?s={search_term_string}\"},\"query-input\":\"required name=search_term_string\"}],\"inLanguage\":\"de\"},{\"@type\":\"Organization\",\"@id\":\"https:\/\/ekkla.ch\/#organization\",\"name\":\"Ekkla\",\"url\":\"https:\/\/ekkla.ch\/\",\"logo\":{\"@type\":\"ImageObject\",\"inLanguage\":\"de\",\"@id\":\"https:\/\/ekkla.ch\/#\/schema\/logo\/image\/\",\"url\":\"http:\/\/ekkla.ch\/wp-content\/uploads\/2019\/07\/logo-1.svg\",\"contentUrl\":\"http:\/\/ekkla.ch\/wp-content\/uploads\/2019\/07\/logo-1.svg\",\"width\":1,\"height\":1,\"caption\":\"Ekkla\"},\"image\":{\"@id\":\"https:\/\/ekkla.ch\/#\/schema\/logo\/image\/\"},\"sameAs\":[\"https:\/\/www.instagram.com\/ekkla_light\/\"]}]}<\/script>\n<!-- \/ Yoast SEO Premium plugin. -->","yoast_head_json":{"title":"Good & Mojo | Runde H\u00e4ngeleuchte Mekong | Eco-friendly | Ekkla","description":"Eine H\u00e4ngeleuchte aus handgeflochtenem Bambus und weicher Lichtstreuung. Eine Leuchte, die Design, fairen Handel und \u00d6kologie miteinander vereint.","robots":{"index":"index","follow":"follow","max-snippet":"max-snippet:-1","max-image-preview":"max-image-preview:large","max-video-preview":"max-video-preview:-1"},"canonical":"https:\/\/ekkla.ch\/de\/produit\/runde-haengeleuchte-aus-bambus-mekong-good-and-mojo\/","og_locale":"de_DE","og_type":"article","og_title":"H\u00e4ngeleuchte Mekong rund - Bambus - \u00d839 - Good & Mojo","og_description":"Eine H\u00e4ngeleuchte aus handgeflochtenem Bambus und weicher Lichtstreuung. Eine Leuchte, die Design, fairen Handel und \u00d6kologie miteinander vereint.","og_url":"https:\/\/ekkla.ch\/de\/produit\/runde-haengeleuchte-aus-bambus-mekong-good-and-mojo\/","og_site_name":"Ekkla","article_modified_time":"2023-02-26T23:00:07+00:00","og_image":[{"width":900,"height":900,"url":"https:\/\/ekkla.ch\/wp-content\/uploads\/2020\/03\/Mekong-ronde.jpg","type":"image\/jpeg"}],"twitter_card":"summary_large_image","twitter_misc":{"Gesch\u00e4tzte Lesezeit":"1\u00a0Minute"},"schema":{"@context":"https:\/\/schema.org","@graph":[{"@type":"WebPage","@id":"https:\/\/ekkla.ch\/de\/produit\/runde-haengeleuchte-aus-bambus-mekong-good-and-mojo\/","url":"https:\/\/ekkla.ch\/de\/produit\/runde-haengeleuchte-aus-bambus-mekong-good-and-mojo\/","name":"Good & Mojo | Runde H\u00e4ngeleuchte Mekong | Eco-friendly | Ekkla","isPartOf":{"@id":"https:\/\/ekkla.ch\/#website"},"primaryImageOfPage":{"@id":"https:\/\/ekkla.ch\/de\/produit\/runde-haengeleuchte-aus-bambus-mekong-good-and-mojo\/#primaryimage"},"image":{"@id":"https:\/\/ekkla.ch\/de\/produit\/runde-haengeleuchte-aus-bambus-mekong-good-and-mojo\/#primaryimage"},"thumbnailUrl":"https:\/\/ekkla.ch\/wp-content\/uploads\/2020\/03\/Mekong-ronde.jpg","datePublished":"2020-03-30T17:02:44+00:00","dateModified":"2023-02-26T23:00:07+00:00","description":"Eine H\u00e4ngeleuchte aus handgeflochtenem Bambus und weicher Lichtstreuung. Eine Leuchte, die Design, fairen Handel und \u00d6kologie miteinander vereint.","breadcrumb":{"@id":"https:\/\/ekkla.ch\/de\/produit\/runde-haengeleuchte-aus-bambus-mekong-good-and-mojo\/#breadcrumb"},"inLanguage":"de","potentialAction":[{"@type":"ReadAction","target":["https:\/\/ekkla.ch\/de\/produit\/runde-haengeleuchte-aus-bambus-mekong-good-and-mojo\/"]}]},{"@type":"ImageObject","inLanguage":"de","@id":"https:\/\/ekkla.ch\/de\/produit\/runde-haengeleuchte-aus-bambus-mekong-good-and-mojo\/#primaryimage","url":"https:\/\/ekkla.ch\/wp-content\/uploads\/2020\/03\/Mekong-ronde.jpg","contentUrl":"https:\/\/ekkla.ch\/wp-content\/uploads\/2020\/03\/Mekong-ronde.jpg","width":900,"height":900},{"@type":"BreadcrumbList","@id":"https:\/\/ekkla.ch\/de\/produit\/runde-haengeleuchte-aus-bambus-mekong-good-and-mojo\/#breadcrumb","itemListElement":[{"@type":"ListItem","position":1,"name":"Home","item":"https:\/\/ekkla.ch\/de\/"},{"@type":"ListItem","position":2,"name":"Shop","item":"https:\/\/ekkla.ch\/de\/shop\/"},{"@type":"ListItem","position":3,"name":"H\u00e4ngeleuchte Mekong rund &#8211; Bambus &#8211; \u00d839 &#8211; Good &#038; Mojo"}]},{"@type":"WebSite","@id":"https:\/\/ekkla.ch\/#website","url":"https:\/\/ekkla.ch\/","name":"Ekkla","description":"Der Onlineshop f\u00fcr Beleuchtung","publisher":{"@id":"https:\/\/ekkla.ch\/#organization"},"potentialAction":[{"@type":"SearchAction","target":{"@type":"EntryPoint","urlTemplate":"https:\/\/ekkla.ch\/?s={search_term_string}"},"query-input":"required name=search_term_string"}],"inLanguage":"de"},{"@type":"Organization","@id":"https:\/\/ekkla.ch\/#organization","name":"Ekkla","url":"https:\/\/ekkla.ch\/","logo":{"@type":"ImageObject","inLanguage":"de","@id":"https:\/\/ekkla.ch\/#\/schema\/logo\/image\/","url":"http:\/\/ekkla.ch\/wp-content\/uploads\/2019\/07\/logo-1.svg","contentUrl":"http:\/\/ekkla.ch\/wp-content\/uploads\/2019\/07\/logo-1.svg","width":1,"height":1,"caption":"Ekkla"},"image":{"@id":"https:\/\/ekkla.ch\/#\/schema\/logo\/image\/"},"sameAs":["https:\/\/www.instagram.com\/ekkla_light\/"]}]}},"_links":{"self":[{"href":"https:\/\/ekkla.ch\/de\/wp-json\/wp\/v2\/product\/19767"}],"collection":[{"href":"https:\/\/ekkla.ch\/de\/wp-json\/wp\/v2\/product"}],"about":[{"href":"https:\/\/ekkla.ch\/de\/wp-json\/wp\/v2\/types\/product"}],"wp:featuredmedia":[{"embeddable":true,"href":"https:\/\/ekkla.ch\/de\/wp-json\/wp\/v2\/media\/19453"}],"wp:attachment":[{"href":"https:\/\/ekkla.ch\/de\/wp-json\/wp\/v2\/media?parent=19767"}],"wp:term":[{"taxonomy":"product_cat","embeddable":true,"href":"https:\/\/ekkla.ch\/de\/wp-json\/wp\/v2\/product_cat?post=19767"},{"taxonomy":"product_tag","embeddable":true,"href":"https:\/\/ekkla.ch\/de\/wp-json\/wp\/v2\/product_tag?post=19767"}],"curies":[{"name":"wp","href":"https:\/\/api.w.org\/{rel}","templated":true}]}}