{"id":19769,"date":"2020-03-30T18:29:31","date_gmt":"2020-03-30T16:29:31","guid":{"rendered":"https:\/\/ekkla.ch\/produit\/suspension-palawan-avec-canage-noir-good-mojo\/"},"modified":"2023-02-27T00:00:07","modified_gmt":"2023-02-26T23:00:07","slug":"hangeleuchte-palawan-aus-schwarzem-schilfrohr-good-mojo","status":"publish","type":"product","link":"https:\/\/ekkla.ch\/de\/produit\/hangeleuchte-palawan-aus-schwarzem-schilfrohr-good-mojo\/","title":{"rendered":"H\u00e4ngeleuchte Palawan &#8211; Schwarzer Bambus &#8211; \u00d860 &#8211; Good &#038; Mojo"},"content":{"rendered":"<p>Diese handgewebte Bambus-Leuchte aus der Good &amp; Mojo Kollektion bringt einen Hauch Eleganz in ihre Wohnr\u00e4ume. Sie ist ideal geeignet f\u00fcr Ihr Wohn- oder Esszimmer und passt sie raffiniert an Ihr Interieur an. Dank der versetzten Rosette k\u00f6nnen Sie den Standort Ihrer Lampe perfekt einstellen, um eine ideale Beleuchtung zu gew\u00e4hrleisten.<\/p>\n<p>F\u00fcr jede verkaufte Leuchte aus der Good &amp; Mojo-Kollektion werden 5% des Erl\u00f6ses an die <a href=\"https:\/\/waka-waka.com\/de\/foundation\/\">WakaWaka<\/a> Foundation gespendet, die Menschen ohne Zugang zu Strom mit Solarleuchten ausstattet.<\/p>\n<blockquote>\n<h2>Merkmale &amp; Eigenschaften<\/h2>\n<p><strong>Marke<\/strong> Good &amp; Mojo<\/p>\n<p style=\"text-align: left;\"><strong>Farben<\/strong> Schwarz und Nickel<\/p>\n<p style=\"text-align: left;\"><strong>Materialien\u00a0<\/strong>Bambus und Metall<\/p>\n<p style=\"text-align: left;\"><strong>Gl\u00fchbirne<\/strong> E27<\/p>\n<p style=\"text-align: left;\"><strong>Max. Leistung (W)<\/strong> 40<\/p>\n<p><strong>Durchmesser (cm) <\/strong>60<\/p>\n<p><strong>H\u00f6he (cm)<\/strong> 25<\/p><\/blockquote>\n","protected":false},"excerpt":{"rendered":"<p>Diese handgewebte Bambus-Leuchte aus der Good &amp; Mojo Kollektion bringt einen Hauch Eleganz in ihre Wohnr\u00e4ume. Sie ist ideal geeignet f\u00fcr Ihr Wohn- oder Esszimmer und passt sie raffiniert an Ihr Interieur an. Dank der versetzten Rosette k\u00f6nnen Sie den Standort Ihrer Lampe perfekt einstellen, um eine ideale Beleuchtung zu gew\u00e4hrleisten. F\u00fcr jede verkaufte Leuchte [&hellip;]<\/p>\n","protected":false},"featured_media":189860,"template":"","meta":{"_acf_changed":false,"om_disable_all_campaigns":false},"product_cat":[291],"product_tag":[1258,898,554,1188,816,704,603],"bundled_by":[],"bundle_stock_status":"onbackorder","bundle_stock_quantity":null,"bundle_virtual":false,"bundle_layout":"","bundle_add_to_cart_form_location":"","bundle_editable_in_cart":false,"bundle_sold_individually_context":"","bundle_item_grouping":"","bundle_min_size":"","bundle_max_size":"","bundle_price":[],"bundled_items":[],"bundle_sell_ids":[],"acf":[],"yoast_head":"<!-- This site is optimized with the Yoast SEO Premium plugin v22.2 (Yoast SEO v22.8) - https:\/\/yoast.com\/wordpress\/plugins\/seo\/ -->\n<title>Good &amp; Mojo | H\u00e4ngeleuchte Palawan | Bambus | Ethisch | Ekkla<\/title>\n<meta name=\"description\" content=\"Diese handgeflochtene H\u00e4ngeleuchte aus Bambus bringt einen nat\u00fcrlichen und raffinierten Touch in Ihr Zuhause. Ideal \u00fcber dem Esstisch.\" \/>\n<meta name=\"robots\" content=\"index, follow, max-snippet:-1, max-image-preview:large, max-video-preview:-1\" \/>\n<link rel=\"canonical\" href=\"https:\/\/ekkla.ch\/de\/produit\/hangeleuchte-palawan-aus-schwarzem-schilfrohr-good-mojo\/\" \/>\n<meta property=\"og:locale\" content=\"de_DE\" \/>\n<meta property=\"og:type\" content=\"article\" \/>\n<meta property=\"og:title\" content=\"H\u00e4ngeleuchte Palawan - Schwarzer Bambus - \u00d860 - Good &amp; Mojo\" \/>\n<meta property=\"og:description\" content=\"Diese handgeflochtene H\u00e4ngeleuchte aus Bambus bringt einen nat\u00fcrlichen und raffinierten Touch in Ihr Zuhause. Ideal \u00fcber dem Esstisch.\" \/>\n<meta property=\"og:url\" content=\"https:\/\/ekkla.ch\/de\/produit\/hangeleuchte-palawan-aus-schwarzem-schilfrohr-good-mojo\/\" \/>\n<meta property=\"og:site_name\" content=\"Ekkla\" \/>\n<meta property=\"article:modified_time\" content=\"2023-02-26T23:00:07+00:00\" \/>\n<meta name=\"twitter:card\" content=\"summary_large_image\" \/>\n<meta name=\"twitter:label1\" content=\"Gesch\u00e4tzte Lesezeit\" \/>\n\t<meta name=\"twitter:data1\" content=\"1\u00a0Minute\" \/>\n<script type=\"application\/ld+json\" class=\"yoast-schema-graph\">{\"@context\":\"https:\/\/schema.org\",\"@graph\":[{\"@type\":\"WebPage\",\"@id\":\"https:\/\/ekkla.ch\/de\/produit\/hangeleuchte-palawan-aus-schwarzem-schilfrohr-good-mojo\/\",\"url\":\"https:\/\/ekkla.ch\/de\/produit\/hangeleuchte-palawan-aus-schwarzem-schilfrohr-good-mojo\/\",\"name\":\"Good & Mojo | H\u00e4ngeleuchte Palawan | Bambus | Ethisch | Ekkla\",\"isPartOf\":{\"@id\":\"https:\/\/ekkla.ch\/#website\"},\"primaryImageOfPage\":{\"@id\":\"https:\/\/ekkla.ch\/de\/produit\/hangeleuchte-palawan-aus-schwarzem-schilfrohr-good-mojo\/#primaryimage\"},\"image\":{\"@id\":\"https:\/\/ekkla.ch\/de\/produit\/hangeleuchte-palawan-aus-schwarzem-schilfrohr-good-mojo\/#primaryimage\"},\"thumbnailUrl\":\"https:\/\/ekkla.ch\/wp-content\/uploads\/2019\/12\/Suspension-Palawan-Bambou-noir-O60-Good-Mojo.jpg\",\"datePublished\":\"2020-03-30T16:29:31+00:00\",\"dateModified\":\"2023-02-26T23:00:07+00:00\",\"description\":\"Diese handgeflochtene H\u00e4ngeleuchte aus Bambus bringt einen nat\u00fcrlichen und raffinierten Touch in Ihr Zuhause. Ideal \u00fcber dem Esstisch.\",\"breadcrumb\":{\"@id\":\"https:\/\/ekkla.ch\/de\/produit\/hangeleuchte-palawan-aus-schwarzem-schilfrohr-good-mojo\/#breadcrumb\"},\"inLanguage\":\"de\",\"potentialAction\":[{\"@type\":\"ReadAction\",\"target\":[\"https:\/\/ekkla.ch\/de\/produit\/hangeleuchte-palawan-aus-schwarzem-schilfrohr-good-mojo\/\"]}]},{\"@type\":\"ImageObject\",\"inLanguage\":\"de\",\"@id\":\"https:\/\/ekkla.ch\/de\/produit\/hangeleuchte-palawan-aus-schwarzem-schilfrohr-good-mojo\/#primaryimage\",\"url\":\"https:\/\/ekkla.ch\/wp-content\/uploads\/2019\/12\/Suspension-Palawan-Bambou-noir-O60-Good-Mojo.jpg\",\"contentUrl\":\"https:\/\/ekkla.ch\/wp-content\/uploads\/2019\/12\/Suspension-Palawan-Bambou-noir-O60-Good-Mojo.jpg\",\"width\":900,\"height\":900},{\"@type\":\"BreadcrumbList\",\"@id\":\"https:\/\/ekkla.ch\/de\/produit\/hangeleuchte-palawan-aus-schwarzem-schilfrohr-good-mojo\/#breadcrumb\",\"itemListElement\":[{\"@type\":\"ListItem\",\"position\":1,\"name\":\"Home\",\"item\":\"https:\/\/ekkla.ch\/de\/\"},{\"@type\":\"ListItem\",\"position\":2,\"name\":\"Shop\",\"item\":\"https:\/\/ekkla.ch\/de\/shop\/\"},{\"@type\":\"ListItem\",\"position\":3,\"name\":\"H\u00e4ngeleuchte Palawan &#8211; Schwarzer Bambus &#8211; \u00d860 &#8211; Good &#038; Mojo\"}]},{\"@type\":\"WebSite\",\"@id\":\"https:\/\/ekkla.ch\/#website\",\"url\":\"https:\/\/ekkla.ch\/\",\"name\":\"Ekkla\",\"description\":\"Der Onlineshop f\u00fcr Beleuchtung\",\"publisher\":{\"@id\":\"https:\/\/ekkla.ch\/#organization\"},\"potentialAction\":[{\"@type\":\"SearchAction\",\"target\":{\"@type\":\"EntryPoint\",\"urlTemplate\":\"https:\/\/ekkla.ch\/?s={search_term_string}\"},\"query-input\":\"required name=search_term_string\"}],\"inLanguage\":\"de\"},{\"@type\":\"Organization\",\"@id\":\"https:\/\/ekkla.ch\/#organization\",\"name\":\"Ekkla\",\"url\":\"https:\/\/ekkla.ch\/\",\"logo\":{\"@type\":\"ImageObject\",\"inLanguage\":\"de\",\"@id\":\"https:\/\/ekkla.ch\/#\/schema\/logo\/image\/\",\"url\":\"http:\/\/ekkla.ch\/wp-content\/uploads\/2019\/07\/logo-1.svg\",\"contentUrl\":\"http:\/\/ekkla.ch\/wp-content\/uploads\/2019\/07\/logo-1.svg\",\"width\":1,\"height\":1,\"caption\":\"Ekkla\"},\"image\":{\"@id\":\"https:\/\/ekkla.ch\/#\/schema\/logo\/image\/\"},\"sameAs\":[\"https:\/\/www.instagram.com\/ekkla_light\/\"]}]}<\/script>\n<!-- \/ Yoast SEO Premium plugin. -->","yoast_head_json":{"title":"Good & Mojo | H\u00e4ngeleuchte Palawan | Bambus | Ethisch | Ekkla","description":"Diese handgeflochtene H\u00e4ngeleuchte aus Bambus bringt einen nat\u00fcrlichen und raffinierten Touch in Ihr Zuhause. Ideal \u00fcber dem Esstisch.","robots":{"index":"index","follow":"follow","max-snippet":"max-snippet:-1","max-image-preview":"max-image-preview:large","max-video-preview":"max-video-preview:-1"},"canonical":"https:\/\/ekkla.ch\/de\/produit\/hangeleuchte-palawan-aus-schwarzem-schilfrohr-good-mojo\/","og_locale":"de_DE","og_type":"article","og_title":"H\u00e4ngeleuchte Palawan - Schwarzer Bambus - \u00d860 - Good & Mojo","og_description":"Diese handgeflochtene H\u00e4ngeleuchte aus Bambus bringt einen nat\u00fcrlichen und raffinierten Touch in Ihr Zuhause. Ideal \u00fcber dem Esstisch.","og_url":"https:\/\/ekkla.ch\/de\/produit\/hangeleuchte-palawan-aus-schwarzem-schilfrohr-good-mojo\/","og_site_name":"Ekkla","article_modified_time":"2023-02-26T23:00:07+00:00","twitter_card":"summary_large_image","twitter_misc":{"Gesch\u00e4tzte Lesezeit":"1\u00a0Minute"},"schema":{"@context":"https:\/\/schema.org","@graph":[{"@type":"WebPage","@id":"https:\/\/ekkla.ch\/de\/produit\/hangeleuchte-palawan-aus-schwarzem-schilfrohr-good-mojo\/","url":"https:\/\/ekkla.ch\/de\/produit\/hangeleuchte-palawan-aus-schwarzem-schilfrohr-good-mojo\/","name":"Good & Mojo | H\u00e4ngeleuchte Palawan | Bambus | Ethisch | Ekkla","isPartOf":{"@id":"https:\/\/ekkla.ch\/#website"},"primaryImageOfPage":{"@id":"https:\/\/ekkla.ch\/de\/produit\/hangeleuchte-palawan-aus-schwarzem-schilfrohr-good-mojo\/#primaryimage"},"image":{"@id":"https:\/\/ekkla.ch\/de\/produit\/hangeleuchte-palawan-aus-schwarzem-schilfrohr-good-mojo\/#primaryimage"},"thumbnailUrl":"https:\/\/ekkla.ch\/wp-content\/uploads\/2019\/12\/Suspension-Palawan-Bambou-noir-O60-Good-Mojo.jpg","datePublished":"2020-03-30T16:29:31+00:00","dateModified":"2023-02-26T23:00:07+00:00","description":"Diese handgeflochtene H\u00e4ngeleuchte aus Bambus bringt einen nat\u00fcrlichen und raffinierten Touch in Ihr Zuhause. Ideal \u00fcber dem Esstisch.","breadcrumb":{"@id":"https:\/\/ekkla.ch\/de\/produit\/hangeleuchte-palawan-aus-schwarzem-schilfrohr-good-mojo\/#breadcrumb"},"inLanguage":"de","potentialAction":[{"@type":"ReadAction","target":["https:\/\/ekkla.ch\/de\/produit\/hangeleuchte-palawan-aus-schwarzem-schilfrohr-good-mojo\/"]}]},{"@type":"ImageObject","inLanguage":"de","@id":"https:\/\/ekkla.ch\/de\/produit\/hangeleuchte-palawan-aus-schwarzem-schilfrohr-good-mojo\/#primaryimage","url":"https:\/\/ekkla.ch\/wp-content\/uploads\/2019\/12\/Suspension-Palawan-Bambou-noir-O60-Good-Mojo.jpg","contentUrl":"https:\/\/ekkla.ch\/wp-content\/uploads\/2019\/12\/Suspension-Palawan-Bambou-noir-O60-Good-Mojo.jpg","width":900,"height":900},{"@type":"BreadcrumbList","@id":"https:\/\/ekkla.ch\/de\/produit\/hangeleuchte-palawan-aus-schwarzem-schilfrohr-good-mojo\/#breadcrumb","itemListElement":[{"@type":"ListItem","position":1,"name":"Home","item":"https:\/\/ekkla.ch\/de\/"},{"@type":"ListItem","position":2,"name":"Shop","item":"https:\/\/ekkla.ch\/de\/shop\/"},{"@type":"ListItem","position":3,"name":"H\u00e4ngeleuchte Palawan &#8211; Schwarzer Bambus &#8211; \u00d860 &#8211; Good &#038; Mojo"}]},{"@type":"WebSite","@id":"https:\/\/ekkla.ch\/#website","url":"https:\/\/ekkla.ch\/","name":"Ekkla","description":"Der Onlineshop f\u00fcr Beleuchtung","publisher":{"@id":"https:\/\/ekkla.ch\/#organization"},"potentialAction":[{"@type":"SearchAction","target":{"@type":"EntryPoint","urlTemplate":"https:\/\/ekkla.ch\/?s={search_term_string}"},"query-input":"required name=search_term_string"}],"inLanguage":"de"},{"@type":"Organization","@id":"https:\/\/ekkla.ch\/#organization","name":"Ekkla","url":"https:\/\/ekkla.ch\/","logo":{"@type":"ImageObject","inLanguage":"de","@id":"https:\/\/ekkla.ch\/#\/schema\/logo\/image\/","url":"http:\/\/ekkla.ch\/wp-content\/uploads\/2019\/07\/logo-1.svg","contentUrl":"http:\/\/ekkla.ch\/wp-content\/uploads\/2019\/07\/logo-1.svg","width":1,"height":1,"caption":"Ekkla"},"image":{"@id":"https:\/\/ekkla.ch\/#\/schema\/logo\/image\/"},"sameAs":["https:\/\/www.instagram.com\/ekkla_light\/"]}]}},"_links":{"self":[{"href":"https:\/\/ekkla.ch\/de\/wp-json\/wp\/v2\/product\/19769"}],"collection":[{"href":"https:\/\/ekkla.ch\/de\/wp-json\/wp\/v2\/product"}],"about":[{"href":"https:\/\/ekkla.ch\/de\/wp-json\/wp\/v2\/types\/product"}],"wp:featuredmedia":[{"embeddable":true,"href":"https:\/\/ekkla.ch\/de\/wp-json\/wp\/v2\/media\/189860"}],"wp:attachment":[{"href":"https:\/\/ekkla.ch\/de\/wp-json\/wp\/v2\/media?parent=19769"}],"wp:term":[{"taxonomy":"product_cat","embeddable":true,"href":"https:\/\/ekkla.ch\/de\/wp-json\/wp\/v2\/product_cat?post=19769"},{"taxonomy":"product_tag","embeddable":true,"href":"https:\/\/ekkla.ch\/de\/wp-json\/wp\/v2\/product_tag?post=19769"}],"curies":[{"name":"wp","href":"https:\/\/api.w.org\/{rel}","templated":true}]}}