{"id":198058,"date":"2024-08-08T14:27:03","date_gmt":"2024-08-08T12:27:04","guid":{"rendered":"https:\/\/ekkla.ch\/?post_type=product&#038;p=198058"},"modified":"2024-09-02T14:54:27","modified_gmt":"2024-09-02T12:54:27","slug":"tischleuchte-bell-weiss-ferm-living","status":"publish","type":"product","link":"https:\/\/ekkla.ch\/de\/produit\/tischleuchte-bell-weiss-ferm-living\/","title":{"rendered":"Tischleuchte Bell &#8211; Weiss &#8211; Ferm Living"},"content":{"rendered":"<p>Inspiriert von den Vintage-Glaslampen der 70er Jahre, beleuchtet die Tischleuchte Bell Ihr Zuhause mit einem weichen, gestreuten Licht. Die Leuchte ist vollst\u00e4ndig aus Opalglas mit einer glatten, gl\u00e4nzenden Oberfl\u00e4che gefertigt und besteht aus zwei einfachen geometrischen Formen, die auf einem Chromfuss im Gleichgewicht gehalten werden. Verwenden Sie sie als dekorative Lampe in einer dunklen Ecke oder auf einem Regal, um Ihre Lieblingsb\u00fccher zu beleuchten.<\/p>\n<blockquote>\n<h2>Merkmale &amp; Eigenschaften<\/h2>\n<p><strong>Marke<\/strong> Ferm Living<\/p>\n<p style=\"text-align: left;\"><strong>Farbe<\/strong> Weiss<\/p>\n<p style=\"text-align: left;\"><strong>Materialien<\/strong> Aluminium, Stahl und Polymer<\/p>\n<p><strong>Gl\u00fchbirne<\/strong> E27 Max 12W LED (nicht im Lieferumfang enthalten)<\/p>\n<p><strong>Stromversorgung<\/strong> (V) 220 &#8211; 240<\/p>\n<p><strong>H\u00f6he (cm)<\/strong> 27.7<\/p>\n<p><strong>Durchmesser (cm)<\/strong> 20.5<\/p>\n<p><strong>Gewicht (kg)<\/strong> 2.5<\/p><\/blockquote>\n","protected":false},"excerpt":{"rendered":"<p>Inspiriert von den Vintage-Glaslampen der 70er Jahre, beleuchtet die Tischleuchte Bell Ihr Zuhause mit einem weichen, gestreuten Licht. Die Leuchte ist vollst\u00e4ndig aus Opalglas mit einer glatten, gl\u00e4nzenden Oberfl\u00e4che gefertigt und besteht aus zwei einfachen geometrischen Formen, die auf einem Chromfuss im Gleichgewicht gehalten werden. Verwenden Sie sie als dekorative Lampe in einer dunklen Ecke [&hellip;]<\/p>\n","protected":false},"featured_media":198062,"template":"","meta":{"_acf_changed":false,"om_disable_all_campaigns":false},"product_cat":[290],"product_tag":[1258,898,1188,1265,1204,816,872,1109,883],"bundled_by":[],"bundle_stock_status":"onbackorder","bundle_stock_quantity":1,"bundle_virtual":false,"bundle_layout":"","bundle_add_to_cart_form_location":"","bundle_editable_in_cart":false,"bundle_sold_individually_context":"","bundle_item_grouping":"","bundle_min_size":"","bundle_max_size":"","bundle_price":[],"bundled_items":[],"bundle_sell_ids":[],"acf":[],"yoast_head":"<!-- This site is optimized with the Yoast SEO Premium plugin v22.2 (Yoast SEO v22.8) - https:\/\/yoast.com\/wordpress\/plugins\/seo\/ -->\n<title>Tischleuchte Bell I Weiss I Ferm Living I Ekkla<\/title>\n<meta name=\"description\" content=\"Entdecken Sie die Tischleuchte Bell, die Ihr Zuhause mit einem weichen, gestreuten Licht beleuchtet. Sie besteht aus glattem, gl\u00e4nzendem Opalglas.\" \/>\n<meta name=\"robots\" content=\"index, follow, max-snippet:-1, max-image-preview:large, max-video-preview:-1\" \/>\n<link rel=\"canonical\" href=\"https:\/\/ekkla.ch\/de\/produit\/tischleuchte-bell-weiss-ferm-living\/\" \/>\n<meta property=\"og:locale\" content=\"de_DE\" \/>\n<meta property=\"og:type\" content=\"article\" \/>\n<meta property=\"og:title\" content=\"Tischleuchte Bell - Weiss - Ferm Living\" \/>\n<meta property=\"og:description\" content=\"Entdecken Sie die Tischleuchte Bell, die Ihr Zuhause mit einem weichen, gestreuten Licht beleuchtet. Sie besteht aus glattem, gl\u00e4nzendem Opalglas.\" \/>\n<meta property=\"og:url\" content=\"https:\/\/ekkla.ch\/de\/produit\/tischleuchte-bell-weiss-ferm-living\/\" \/>\n<meta property=\"og:site_name\" content=\"Ekkla\" \/>\n<meta property=\"article:modified_time\" content=\"2024-09-02T12:54:27+00:00\" \/>\n<meta property=\"og:image\" content=\"https:\/\/ekkla.ch\/wp-content\/uploads\/2024\/08\/Recadrage-4.jpg\" \/>\n\t<meta property=\"og:image:width\" content=\"1000\" \/>\n\t<meta property=\"og:image:height\" content=\"1000\" \/>\n\t<meta property=\"og:image:type\" content=\"image\/jpeg\" \/>\n<meta name=\"twitter:card\" content=\"summary_large_image\" \/>\n<meta name=\"twitter:label1\" content=\"Gesch\u00e4tzte Lesezeit\" \/>\n\t<meta name=\"twitter:data1\" content=\"1\u00a0Minute\" \/>\n<script type=\"application\/ld+json\" class=\"yoast-schema-graph\">{\"@context\":\"https:\/\/schema.org\",\"@graph\":[{\"@type\":\"WebPage\",\"@id\":\"https:\/\/ekkla.ch\/de\/produit\/tischleuchte-bell-weiss-ferm-living\/\",\"url\":\"https:\/\/ekkla.ch\/de\/produit\/tischleuchte-bell-weiss-ferm-living\/\",\"name\":\"Tischleuchte Bell I Weiss I Ferm Living I Ekkla\",\"isPartOf\":{\"@id\":\"https:\/\/ekkla.ch\/#website\"},\"primaryImageOfPage\":{\"@id\":\"https:\/\/ekkla.ch\/de\/produit\/tischleuchte-bell-weiss-ferm-living\/#primaryimage\"},\"image\":{\"@id\":\"https:\/\/ekkla.ch\/de\/produit\/tischleuchte-bell-weiss-ferm-living\/#primaryimage\"},\"thumbnailUrl\":\"https:\/\/ekkla.ch\/wp-content\/uploads\/2024\/08\/Recadrage-4.jpg\",\"datePublished\":\"2024-08-08T12:27:04+00:00\",\"dateModified\":\"2024-09-02T12:54:27+00:00\",\"description\":\"Entdecken Sie die Tischleuchte Bell, die Ihr Zuhause mit einem weichen, gestreuten Licht beleuchtet. Sie besteht aus glattem, gl\u00e4nzendem Opalglas.\",\"breadcrumb\":{\"@id\":\"https:\/\/ekkla.ch\/de\/produit\/tischleuchte-bell-weiss-ferm-living\/#breadcrumb\"},\"inLanguage\":\"de\",\"potentialAction\":[{\"@type\":\"ReadAction\",\"target\":[\"https:\/\/ekkla.ch\/de\/produit\/tischleuchte-bell-weiss-ferm-living\/\"]}]},{\"@type\":\"ImageObject\",\"inLanguage\":\"de\",\"@id\":\"https:\/\/ekkla.ch\/de\/produit\/tischleuchte-bell-weiss-ferm-living\/#primaryimage\",\"url\":\"https:\/\/ekkla.ch\/wp-content\/uploads\/2024\/08\/Recadrage-4.jpg\",\"contentUrl\":\"https:\/\/ekkla.ch\/wp-content\/uploads\/2024\/08\/Recadrage-4.jpg\",\"width\":1000,\"height\":1000},{\"@type\":\"BreadcrumbList\",\"@id\":\"https:\/\/ekkla.ch\/de\/produit\/tischleuchte-bell-weiss-ferm-living\/#breadcrumb\",\"itemListElement\":[{\"@type\":\"ListItem\",\"position\":1,\"name\":\"Home\",\"item\":\"https:\/\/ekkla.ch\/de\/\"},{\"@type\":\"ListItem\",\"position\":2,\"name\":\"Shop\",\"item\":\"https:\/\/ekkla.ch\/de\/shop\/\"},{\"@type\":\"ListItem\",\"position\":3,\"name\":\"Tischleuchte Bell - Weiss - Ferm Living\"}]},{\"@type\":\"WebSite\",\"@id\":\"https:\/\/ekkla.ch\/#website\",\"url\":\"https:\/\/ekkla.ch\/\",\"name\":\"Ekkla\",\"description\":\"Der Onlineshop f\u00fcr Beleuchtung\",\"publisher\":{\"@id\":\"https:\/\/ekkla.ch\/#organization\"},\"potentialAction\":[{\"@type\":\"SearchAction\",\"target\":{\"@type\":\"EntryPoint\",\"urlTemplate\":\"https:\/\/ekkla.ch\/?s={search_term_string}\"},\"query-input\":\"required name=search_term_string\"}],\"inLanguage\":\"de\"},{\"@type\":\"Organization\",\"@id\":\"https:\/\/ekkla.ch\/#organization\",\"name\":\"Ekkla\",\"url\":\"https:\/\/ekkla.ch\/\",\"logo\":{\"@type\":\"ImageObject\",\"inLanguage\":\"de\",\"@id\":\"https:\/\/ekkla.ch\/#\/schema\/logo\/image\/\",\"url\":\"http:\/\/ekkla.ch\/wp-content\/uploads\/2019\/07\/logo-1.svg\",\"contentUrl\":\"http:\/\/ekkla.ch\/wp-content\/uploads\/2019\/07\/logo-1.svg\",\"width\":1,\"height\":1,\"caption\":\"Ekkla\"},\"image\":{\"@id\":\"https:\/\/ekkla.ch\/#\/schema\/logo\/image\/\"},\"sameAs\":[\"https:\/\/www.instagram.com\/ekkla_light\/\"]}]}<\/script>\n<!-- \/ Yoast SEO Premium plugin. -->","yoast_head_json":{"title":"Tischleuchte Bell I Weiss I Ferm Living I Ekkla","description":"Entdecken Sie die Tischleuchte Bell, die Ihr Zuhause mit einem weichen, gestreuten Licht beleuchtet. Sie besteht aus glattem, gl\u00e4nzendem Opalglas.","robots":{"index":"index","follow":"follow","max-snippet":"max-snippet:-1","max-image-preview":"max-image-preview:large","max-video-preview":"max-video-preview:-1"},"canonical":"https:\/\/ekkla.ch\/de\/produit\/tischleuchte-bell-weiss-ferm-living\/","og_locale":"de_DE","og_type":"article","og_title":"Tischleuchte Bell - Weiss - Ferm Living","og_description":"Entdecken Sie die Tischleuchte Bell, die Ihr Zuhause mit einem weichen, gestreuten Licht beleuchtet. Sie besteht aus glattem, gl\u00e4nzendem Opalglas.","og_url":"https:\/\/ekkla.ch\/de\/produit\/tischleuchte-bell-weiss-ferm-living\/","og_site_name":"Ekkla","article_modified_time":"2024-09-02T12:54:27+00:00","og_image":[{"width":1000,"height":1000,"url":"https:\/\/ekkla.ch\/wp-content\/uploads\/2024\/08\/Recadrage-4.jpg","type":"image\/jpeg"}],"twitter_card":"summary_large_image","twitter_misc":{"Gesch\u00e4tzte Lesezeit":"1\u00a0Minute"},"schema":{"@context":"https:\/\/schema.org","@graph":[{"@type":"WebPage","@id":"https:\/\/ekkla.ch\/de\/produit\/tischleuchte-bell-weiss-ferm-living\/","url":"https:\/\/ekkla.ch\/de\/produit\/tischleuchte-bell-weiss-ferm-living\/","name":"Tischleuchte Bell I Weiss I Ferm Living I Ekkla","isPartOf":{"@id":"https:\/\/ekkla.ch\/#website"},"primaryImageOfPage":{"@id":"https:\/\/ekkla.ch\/de\/produit\/tischleuchte-bell-weiss-ferm-living\/#primaryimage"},"image":{"@id":"https:\/\/ekkla.ch\/de\/produit\/tischleuchte-bell-weiss-ferm-living\/#primaryimage"},"thumbnailUrl":"https:\/\/ekkla.ch\/wp-content\/uploads\/2024\/08\/Recadrage-4.jpg","datePublished":"2024-08-08T12:27:04+00:00","dateModified":"2024-09-02T12:54:27+00:00","description":"Entdecken Sie die Tischleuchte Bell, die Ihr Zuhause mit einem weichen, gestreuten Licht beleuchtet. Sie besteht aus glattem, gl\u00e4nzendem Opalglas.","breadcrumb":{"@id":"https:\/\/ekkla.ch\/de\/produit\/tischleuchte-bell-weiss-ferm-living\/#breadcrumb"},"inLanguage":"de","potentialAction":[{"@type":"ReadAction","target":["https:\/\/ekkla.ch\/de\/produit\/tischleuchte-bell-weiss-ferm-living\/"]}]},{"@type":"ImageObject","inLanguage":"de","@id":"https:\/\/ekkla.ch\/de\/produit\/tischleuchte-bell-weiss-ferm-living\/#primaryimage","url":"https:\/\/ekkla.ch\/wp-content\/uploads\/2024\/08\/Recadrage-4.jpg","contentUrl":"https:\/\/ekkla.ch\/wp-content\/uploads\/2024\/08\/Recadrage-4.jpg","width":1000,"height":1000},{"@type":"BreadcrumbList","@id":"https:\/\/ekkla.ch\/de\/produit\/tischleuchte-bell-weiss-ferm-living\/#breadcrumb","itemListElement":[{"@type":"ListItem","position":1,"name":"Home","item":"https:\/\/ekkla.ch\/de\/"},{"@type":"ListItem","position":2,"name":"Shop","item":"https:\/\/ekkla.ch\/de\/shop\/"},{"@type":"ListItem","position":3,"name":"Tischleuchte Bell - Weiss - Ferm Living"}]},{"@type":"WebSite","@id":"https:\/\/ekkla.ch\/#website","url":"https:\/\/ekkla.ch\/","name":"Ekkla","description":"Der Onlineshop f\u00fcr Beleuchtung","publisher":{"@id":"https:\/\/ekkla.ch\/#organization"},"potentialAction":[{"@type":"SearchAction","target":{"@type":"EntryPoint","urlTemplate":"https:\/\/ekkla.ch\/?s={search_term_string}"},"query-input":"required name=search_term_string"}],"inLanguage":"de"},{"@type":"Organization","@id":"https:\/\/ekkla.ch\/#organization","name":"Ekkla","url":"https:\/\/ekkla.ch\/","logo":{"@type":"ImageObject","inLanguage":"de","@id":"https:\/\/ekkla.ch\/#\/schema\/logo\/image\/","url":"http:\/\/ekkla.ch\/wp-content\/uploads\/2019\/07\/logo-1.svg","contentUrl":"http:\/\/ekkla.ch\/wp-content\/uploads\/2019\/07\/logo-1.svg","width":1,"height":1,"caption":"Ekkla"},"image":{"@id":"https:\/\/ekkla.ch\/#\/schema\/logo\/image\/"},"sameAs":["https:\/\/www.instagram.com\/ekkla_light\/"]}]}},"_links":{"self":[{"href":"https:\/\/ekkla.ch\/de\/wp-json\/wp\/v2\/product\/198058"}],"collection":[{"href":"https:\/\/ekkla.ch\/de\/wp-json\/wp\/v2\/product"}],"about":[{"href":"https:\/\/ekkla.ch\/de\/wp-json\/wp\/v2\/types\/product"}],"wp:featuredmedia":[{"embeddable":true,"href":"https:\/\/ekkla.ch\/de\/wp-json\/wp\/v2\/media\/198062"}],"wp:attachment":[{"href":"https:\/\/ekkla.ch\/de\/wp-json\/wp\/v2\/media?parent=198058"}],"wp:term":[{"taxonomy":"product_cat","embeddable":true,"href":"https:\/\/ekkla.ch\/de\/wp-json\/wp\/v2\/product_cat?post=198058"},{"taxonomy":"product_tag","embeddable":true,"href":"https:\/\/ekkla.ch\/de\/wp-json\/wp\/v2\/product_tag?post=198058"}],"curies":[{"name":"wp","href":"https:\/\/api.w.org\/{rel}","templated":true}]}}