{"id":198908,"date":"2024-09-18T16:06:40","date_gmt":"2024-09-18T14:06:40","guid":{"rendered":"https:\/\/ekkla.ch\/produit\/nachtlicht-peppa-first-light-mr-maria\/"},"modified":"2024-09-19T11:01:45","modified_gmt":"2024-09-19T09:01:45","slug":"nachtlicht-peppa-first-light-mr-maria","status":"publish","type":"product","link":"https:\/\/ekkla.ch\/de\/produit\/nachtlicht-peppa-first-light-mr-maria\/","title":{"rendered":"Nachtlicht Peppa First Light &#8211; Mr. Maria"},"content":{"rendered":"<p>N\u00e4chtliches Stillen, Gutenachtgeschichten und wundervolle Tr\u00e4ume: Diese elegante wiederaufladbare Peppa-Nachtlampe begleitet Sie dabei und vieles mehr. Sie ist ein kuscheliger Begleiter mit sanftem Licht, hergestellt aus hochwertigem, babyfestem Silikon (\u00e4hnlich wie Schnuller), und die Helligkeit l\u00e4sst sich in 6 Stufen anpassen.<\/p>\n<p>Der Akku h\u00e4lt je nach gew\u00e4hlter Helligkeitsstufe zwischen 8 und 120 Stunden. Wiederaufladbar \u00fcber ein USB-C-Kabel (im Lieferumfang enthalten).<\/p>\n<p>Ein Kult-Nachtlicht, das jedes Kind haben sollte!<\/p>\n<blockquote>\n<h2>Merkmale &amp; Eigenschaften<\/h2>\n<p><strong>Farbe<\/strong> Weiss<\/p>\n<p><strong>Material<\/strong> Silikon, BPA-frei<\/p>\n<p><strong>Leuchtmittel <\/strong>LED<\/p>\n<p><strong>Breite (cm) <\/strong>14<\/p>\n<p><strong>H\u00f6he (cm) <\/strong>22<\/p><\/blockquote>\n","protected":false},"excerpt":{"rendered":"<p>N\u00e4chtliches Stillen, Gutenachtgeschichten und wundervolle Tr\u00e4ume: Diese elegante wiederaufladbare Peppa-Nachtlampe begleitet Sie dabei und vieles mehr. Sie ist ein kuscheliger Begleiter mit sanftem Licht, hergestellt aus hochwertigem, babyfestem Silikon (\u00e4hnlich wie Schnuller), und die Helligkeit l\u00e4sst sich in 6 Stufen anpassen. Der Akku h\u00e4lt je nach gew\u00e4hlter Helligkeitsstufe zwischen 8 und 120 Stunden. Wiederaufladbar \u00fcber [&hellip;]<\/p>\n","protected":false},"featured_media":198899,"template":"","meta":{"_acf_changed":false,"om_disable_all_campaigns":false},"product_cat":[487],"product_tag":[1268,898,554,1188,1265,1204,816,872,403,1209],"bundled_by":[],"bundle_stock_status":"instock","bundle_stock_quantity":3,"bundle_virtual":false,"bundle_layout":"","bundle_add_to_cart_form_location":"","bundle_editable_in_cart":false,"bundle_sold_individually_context":"","bundle_item_grouping":"","bundle_min_size":"","bundle_max_size":"","bundle_price":[],"bundled_items":[],"bundle_sell_ids":[],"acf":[],"yoast_head":"<!-- This site is optimized with the Yoast SEO Premium plugin v22.2 (Yoast SEO v22.8) - https:\/\/yoast.com\/wordpress\/plugins\/seo\/ -->\n<title>Mr.Maria | Nachtlicht Peppa First Light | Ekkla<\/title>\n<meta name=\"description\" content=\"N\u00e4chtliche F\u00fctterungen, Gute-Nacht-Geschichten und wunderbare Tr\u00e4ume: Dieses wiederaufladbare, elegante Peppa-Nachtlicht ist immer an deiner Seite. Peppa ist ein Freund, der sich weich anf\u00fchlt und sanft leuchtet. Er ist aus hochwertigem, babysicherem (Schnuller-)Silikon gefertigt.\" \/>\n<meta name=\"robots\" content=\"index, follow, max-snippet:-1, max-image-preview:large, max-video-preview:-1\" \/>\n<link rel=\"canonical\" href=\"https:\/\/ekkla.ch\/de\/produit\/nachtlicht-peppa-first-light-mr-maria\/\" \/>\n<meta property=\"og:locale\" content=\"de_DE\" \/>\n<meta property=\"og:type\" content=\"article\" \/>\n<meta property=\"og:title\" content=\"Nachtlicht Peppa First Light - Mr. Maria\" \/>\n<meta property=\"og:description\" content=\"N\u00e4chtliche F\u00fctterungen, Gute-Nacht-Geschichten und wunderbare Tr\u00e4ume: Dieses wiederaufladbare, elegante Peppa-Nachtlicht ist immer an deiner Seite. Peppa ist ein Freund, der sich weich anf\u00fchlt und sanft leuchtet. Er ist aus hochwertigem, babysicherem (Schnuller-)Silikon gefertigt.\" \/>\n<meta property=\"og:url\" content=\"https:\/\/ekkla.ch\/de\/produit\/nachtlicht-peppa-first-light-mr-maria\/\" \/>\n<meta property=\"og:site_name\" content=\"Ekkla\" \/>\n<meta property=\"article:modified_time\" content=\"2024-09-19T09:01:45+00:00\" \/>\n<meta property=\"og:image\" content=\"https:\/\/ekkla.ch\/wp-content\/uploads\/2024\/09\/ekkla-light-mrmaria-peppa-veilleuse-1.jpg\" \/>\n\t<meta property=\"og:image:width\" content=\"1000\" \/>\n\t<meta property=\"og:image:height\" content=\"1000\" \/>\n\t<meta property=\"og:image:type\" content=\"image\/jpeg\" \/>\n<meta name=\"twitter:card\" content=\"summary_large_image\" \/>\n<script type=\"application\/ld+json\" class=\"yoast-schema-graph\">{\"@context\":\"https:\/\/schema.org\",\"@graph\":[{\"@type\":\"WebPage\",\"@id\":\"https:\/\/ekkla.ch\/de\/produit\/nachtlicht-peppa-first-light-mr-maria\/\",\"url\":\"https:\/\/ekkla.ch\/de\/produit\/nachtlicht-peppa-first-light-mr-maria\/\",\"name\":\"Mr.Maria | Nachtlicht Peppa First Light | Ekkla\",\"isPartOf\":{\"@id\":\"https:\/\/ekkla.ch\/#website\"},\"primaryImageOfPage\":{\"@id\":\"https:\/\/ekkla.ch\/de\/produit\/nachtlicht-peppa-first-light-mr-maria\/#primaryimage\"},\"image\":{\"@id\":\"https:\/\/ekkla.ch\/de\/produit\/nachtlicht-peppa-first-light-mr-maria\/#primaryimage\"},\"thumbnailUrl\":\"https:\/\/ekkla.ch\/wp-content\/uploads\/2024\/09\/ekkla-light-mrmaria-peppa-veilleuse-1.jpg\",\"datePublished\":\"2024-09-18T14:06:40+00:00\",\"dateModified\":\"2024-09-19T09:01:45+00:00\",\"description\":\"N\u00e4chtliche F\u00fctterungen, Gute-Nacht-Geschichten und wunderbare Tr\u00e4ume: Dieses wiederaufladbare, elegante Peppa-Nachtlicht ist immer an deiner Seite. Peppa ist ein Freund, der sich weich anf\u00fchlt und sanft leuchtet. Er ist aus hochwertigem, babysicherem (Schnuller-)Silikon gefertigt.\",\"breadcrumb\":{\"@id\":\"https:\/\/ekkla.ch\/de\/produit\/nachtlicht-peppa-first-light-mr-maria\/#breadcrumb\"},\"inLanguage\":\"de\",\"potentialAction\":[{\"@type\":\"ReadAction\",\"target\":[\"https:\/\/ekkla.ch\/de\/produit\/nachtlicht-peppa-first-light-mr-maria\/\"]}]},{\"@type\":\"ImageObject\",\"inLanguage\":\"de\",\"@id\":\"https:\/\/ekkla.ch\/de\/produit\/nachtlicht-peppa-first-light-mr-maria\/#primaryimage\",\"url\":\"https:\/\/ekkla.ch\/wp-content\/uploads\/2024\/09\/ekkla-light-mrmaria-peppa-veilleuse-1.jpg\",\"contentUrl\":\"https:\/\/ekkla.ch\/wp-content\/uploads\/2024\/09\/ekkla-light-mrmaria-peppa-veilleuse-1.jpg\",\"width\":1000,\"height\":1000},{\"@type\":\"BreadcrumbList\",\"@id\":\"https:\/\/ekkla.ch\/de\/produit\/nachtlicht-peppa-first-light-mr-maria\/#breadcrumb\",\"itemListElement\":[{\"@type\":\"ListItem\",\"position\":1,\"name\":\"Home\",\"item\":\"https:\/\/ekkla.ch\/de\/\"},{\"@type\":\"ListItem\",\"position\":2,\"name\":\"Shop\",\"item\":\"https:\/\/ekkla.ch\/de\/shop\/\"},{\"@type\":\"ListItem\",\"position\":3,\"name\":\"Nachtlicht Peppa First Light &#8211; Mr. Maria\"}]},{\"@type\":\"WebSite\",\"@id\":\"https:\/\/ekkla.ch\/#website\",\"url\":\"https:\/\/ekkla.ch\/\",\"name\":\"Ekkla\",\"description\":\"Der Onlineshop f\u00fcr Beleuchtung\",\"publisher\":{\"@id\":\"https:\/\/ekkla.ch\/#organization\"},\"potentialAction\":[{\"@type\":\"SearchAction\",\"target\":{\"@type\":\"EntryPoint\",\"urlTemplate\":\"https:\/\/ekkla.ch\/?s={search_term_string}\"},\"query-input\":\"required name=search_term_string\"}],\"inLanguage\":\"de\"},{\"@type\":\"Organization\",\"@id\":\"https:\/\/ekkla.ch\/#organization\",\"name\":\"Ekkla\",\"url\":\"https:\/\/ekkla.ch\/\",\"logo\":{\"@type\":\"ImageObject\",\"inLanguage\":\"de\",\"@id\":\"https:\/\/ekkla.ch\/#\/schema\/logo\/image\/\",\"url\":\"http:\/\/ekkla.ch\/wp-content\/uploads\/2019\/07\/logo-1.svg\",\"contentUrl\":\"http:\/\/ekkla.ch\/wp-content\/uploads\/2019\/07\/logo-1.svg\",\"width\":1,\"height\":1,\"caption\":\"Ekkla\"},\"image\":{\"@id\":\"https:\/\/ekkla.ch\/#\/schema\/logo\/image\/\"},\"sameAs\":[\"https:\/\/www.instagram.com\/ekkla_light\/\"]}]}<\/script>\n<!-- \/ Yoast SEO Premium plugin. -->","yoast_head_json":{"title":"Mr.Maria | Nachtlicht Peppa First Light | Ekkla","description":"N\u00e4chtliche F\u00fctterungen, Gute-Nacht-Geschichten und wunderbare Tr\u00e4ume: Dieses wiederaufladbare, elegante Peppa-Nachtlicht ist immer an deiner Seite. Peppa ist ein Freund, der sich weich anf\u00fchlt und sanft leuchtet. Er ist aus hochwertigem, babysicherem (Schnuller-)Silikon gefertigt.","robots":{"index":"index","follow":"follow","max-snippet":"max-snippet:-1","max-image-preview":"max-image-preview:large","max-video-preview":"max-video-preview:-1"},"canonical":"https:\/\/ekkla.ch\/de\/produit\/nachtlicht-peppa-first-light-mr-maria\/","og_locale":"de_DE","og_type":"article","og_title":"Nachtlicht Peppa First Light - Mr. Maria","og_description":"N\u00e4chtliche F\u00fctterungen, Gute-Nacht-Geschichten und wunderbare Tr\u00e4ume: Dieses wiederaufladbare, elegante Peppa-Nachtlicht ist immer an deiner Seite. Peppa ist ein Freund, der sich weich anf\u00fchlt und sanft leuchtet. Er ist aus hochwertigem, babysicherem (Schnuller-)Silikon gefertigt.","og_url":"https:\/\/ekkla.ch\/de\/produit\/nachtlicht-peppa-first-light-mr-maria\/","og_site_name":"Ekkla","article_modified_time":"2024-09-19T09:01:45+00:00","og_image":[{"width":1000,"height":1000,"url":"https:\/\/ekkla.ch\/wp-content\/uploads\/2024\/09\/ekkla-light-mrmaria-peppa-veilleuse-1.jpg","type":"image\/jpeg"}],"twitter_card":"summary_large_image","schema":{"@context":"https:\/\/schema.org","@graph":[{"@type":"WebPage","@id":"https:\/\/ekkla.ch\/de\/produit\/nachtlicht-peppa-first-light-mr-maria\/","url":"https:\/\/ekkla.ch\/de\/produit\/nachtlicht-peppa-first-light-mr-maria\/","name":"Mr.Maria | Nachtlicht Peppa First Light | Ekkla","isPartOf":{"@id":"https:\/\/ekkla.ch\/#website"},"primaryImageOfPage":{"@id":"https:\/\/ekkla.ch\/de\/produit\/nachtlicht-peppa-first-light-mr-maria\/#primaryimage"},"image":{"@id":"https:\/\/ekkla.ch\/de\/produit\/nachtlicht-peppa-first-light-mr-maria\/#primaryimage"},"thumbnailUrl":"https:\/\/ekkla.ch\/wp-content\/uploads\/2024\/09\/ekkla-light-mrmaria-peppa-veilleuse-1.jpg","datePublished":"2024-09-18T14:06:40+00:00","dateModified":"2024-09-19T09:01:45+00:00","description":"N\u00e4chtliche F\u00fctterungen, Gute-Nacht-Geschichten und wunderbare Tr\u00e4ume: Dieses wiederaufladbare, elegante Peppa-Nachtlicht ist immer an deiner Seite. Peppa ist ein Freund, der sich weich anf\u00fchlt und sanft leuchtet. Er ist aus hochwertigem, babysicherem (Schnuller-)Silikon gefertigt.","breadcrumb":{"@id":"https:\/\/ekkla.ch\/de\/produit\/nachtlicht-peppa-first-light-mr-maria\/#breadcrumb"},"inLanguage":"de","potentialAction":[{"@type":"ReadAction","target":["https:\/\/ekkla.ch\/de\/produit\/nachtlicht-peppa-first-light-mr-maria\/"]}]},{"@type":"ImageObject","inLanguage":"de","@id":"https:\/\/ekkla.ch\/de\/produit\/nachtlicht-peppa-first-light-mr-maria\/#primaryimage","url":"https:\/\/ekkla.ch\/wp-content\/uploads\/2024\/09\/ekkla-light-mrmaria-peppa-veilleuse-1.jpg","contentUrl":"https:\/\/ekkla.ch\/wp-content\/uploads\/2024\/09\/ekkla-light-mrmaria-peppa-veilleuse-1.jpg","width":1000,"height":1000},{"@type":"BreadcrumbList","@id":"https:\/\/ekkla.ch\/de\/produit\/nachtlicht-peppa-first-light-mr-maria\/#breadcrumb","itemListElement":[{"@type":"ListItem","position":1,"name":"Home","item":"https:\/\/ekkla.ch\/de\/"},{"@type":"ListItem","position":2,"name":"Shop","item":"https:\/\/ekkla.ch\/de\/shop\/"},{"@type":"ListItem","position":3,"name":"Nachtlicht Peppa First Light &#8211; Mr. Maria"}]},{"@type":"WebSite","@id":"https:\/\/ekkla.ch\/#website","url":"https:\/\/ekkla.ch\/","name":"Ekkla","description":"Der Onlineshop f\u00fcr Beleuchtung","publisher":{"@id":"https:\/\/ekkla.ch\/#organization"},"potentialAction":[{"@type":"SearchAction","target":{"@type":"EntryPoint","urlTemplate":"https:\/\/ekkla.ch\/?s={search_term_string}"},"query-input":"required name=search_term_string"}],"inLanguage":"de"},{"@type":"Organization","@id":"https:\/\/ekkla.ch\/#organization","name":"Ekkla","url":"https:\/\/ekkla.ch\/","logo":{"@type":"ImageObject","inLanguage":"de","@id":"https:\/\/ekkla.ch\/#\/schema\/logo\/image\/","url":"http:\/\/ekkla.ch\/wp-content\/uploads\/2019\/07\/logo-1.svg","contentUrl":"http:\/\/ekkla.ch\/wp-content\/uploads\/2019\/07\/logo-1.svg","width":1,"height":1,"caption":"Ekkla"},"image":{"@id":"https:\/\/ekkla.ch\/#\/schema\/logo\/image\/"},"sameAs":["https:\/\/www.instagram.com\/ekkla_light\/"]}]}},"_links":{"self":[{"href":"https:\/\/ekkla.ch\/de\/wp-json\/wp\/v2\/product\/198908"}],"collection":[{"href":"https:\/\/ekkla.ch\/de\/wp-json\/wp\/v2\/product"}],"about":[{"href":"https:\/\/ekkla.ch\/de\/wp-json\/wp\/v2\/types\/product"}],"wp:featuredmedia":[{"embeddable":true,"href":"https:\/\/ekkla.ch\/de\/wp-json\/wp\/v2\/media\/198899"}],"wp:attachment":[{"href":"https:\/\/ekkla.ch\/de\/wp-json\/wp\/v2\/media?parent=198908"}],"wp:term":[{"taxonomy":"product_cat","embeddable":true,"href":"https:\/\/ekkla.ch\/de\/wp-json\/wp\/v2\/product_cat?post=198908"},{"taxonomy":"product_tag","embeddable":true,"href":"https:\/\/ekkla.ch\/de\/wp-json\/wp\/v2\/product_tag?post=198908"}],"curies":[{"name":"wp","href":"https:\/\/api.w.org\/{rel}","templated":true}]}}