{"id":198914,"date":"2024-09-18T10:25:10","date_gmt":"2024-09-18T08:25:10","guid":{"rendered":"https:\/\/ekkla.ch\/produit\/deckenleuchte-raffia-panama-l-grau-o65-good-mojo\/"},"modified":"2024-09-19T20:46:40","modified_gmt":"2024-09-19T18:46:40","slug":"deckenleuchte-raffia-panama-l-grau-o65-good-mojo","status":"publish","type":"product","link":"https:\/\/ekkla.ch\/de\/produit\/deckenleuchte-raffia-panama-l-grau-o65-good-mojo\/","title":{"rendered":"Deckenleuchte Raffia Panama L &#8211; Grau &#8211; \u00d865 &#8211; Good &amp; Mojo"},"content":{"rendered":"<p>Inspiriert von der geometrischen Sch\u00f6nheit der ikonischen Architektur Panamas, bringt unsere achteckige Lampe Panama einen zeitgen\u00f6ssischen Touch in Ihr Leben. Ob als k\u00fchnes Statement oder als subtile Aufwertung Ihrer Einrichtung, verleiht die Deckenleuchte Panama Ihrem Zuhause m\u00fchelos einen eleganten und langlebigen Touch.<\/p>\n<p>Hergestellt aus nat\u00fcrlichem Raffia, zeugt diese Lampe von der Eleganz nachhaltigen Designs. Die luftige, gewebte Struktur l\u00e4sst das Licht durch die erstaunlichen Muster str\u00f6men und erzeugt ein hypnotisches Spiel aus Schatten und W\u00e4rme.<\/p>\n<p>Die Marke Good &amp; Mojo umfasst \u00f6kologisch verantwortungsvolle Leuchten, die ausschliesslich aus nachhaltigen und\/oder recycelten Materialien bestehen. Die meisten dieser Lampen werden von Handwerkern in einer Gemeinschaft in einem kleinen vietnamesischen Dorf handgefertigt.<\/p>\n<p>F\u00fcr jede verkaufte Lampe der Good &amp; Mojo Collection werden 5% an die <a href=\"https:\/\/waka-waka.com\/de\/\">WakaWaka<\/a> Foundation gespendet, die Solarleuchten f\u00fcr bed\u00fcrftige Bev\u00f6lkerungsgruppen bereitstellt.<\/p>\n<p>Gl\u00fchbirne nicht im Lieferumfang enthalten.<\/p>\n<blockquote>\n<h2>Merkmale &amp; Eigenschaften<\/h2>\n<p><strong>Marke<\/strong> Good &amp; Mojo<\/p>\n<p><strong>Farbe<\/strong> Grau<\/p>\n<p><strong>Materialien<\/strong> Raffia und Stahl<\/p>\n<p><b>Gl\u00fchbirne <\/b>E27<\/p>\n<p><strong>Max. Leistung (W)<\/strong> 60<\/p>\n<p><strong>Durchmesser (cm) <\/strong>65<\/p><\/blockquote>\n","protected":false},"excerpt":{"rendered":"<p>Inspiriert von der geometrischen Sch\u00f6nheit der ikonischen Architektur Panamas, bringt unsere achteckige Lampe Panama einen zeitgen\u00f6ssischen Touch in Ihr Leben. Ob als k\u00fchnes Statement oder als subtile Aufwertung Ihrer Einrichtung, verleiht die Deckenleuchte Panama Ihrem Zuhause m\u00fchelos einen eleganten und langlebigen Touch. Hergestellt aus nat\u00fcrlichem Raffia, zeugt diese Lampe von der Eleganz nachhaltigen Designs. Die [&hellip;]<\/p>\n","protected":false},"featured_media":199074,"template":"","meta":{"_acf_changed":false,"om_disable_all_campaigns":false},"product_cat":[1087,286],"product_tag":[1258,898,554,1188,1265,816,704,603],"bundled_by":[],"bundle_stock_status":"onbackorder","bundle_stock_quantity":null,"bundle_virtual":false,"bundle_layout":"","bundle_add_to_cart_form_location":"","bundle_editable_in_cart":false,"bundle_sold_individually_context":"","bundle_item_grouping":"","bundle_min_size":"","bundle_max_size":"","bundle_price":[],"bundled_items":[],"bundle_sell_ids":[],"acf":[],"yoast_head":"<!-- This site is optimized with the Yoast SEO Premium plugin v22.2 (Yoast SEO v22.8) - https:\/\/yoast.com\/wordpress\/plugins\/seo\/ -->\n<title>Good &amp; Mojo | Deckenleuchte Panama L | Ekkla | Ecofriendly<\/title>\n<meta name=\"description\" content=\"Diese Deckenleuchte aus Raffia ist eine Mischung aus nat\u00fcrlichen Materialien und zeitgen\u00f6ssischem Design in einem sehr aktuellen Ethno-Chic.\" \/>\n<meta name=\"robots\" content=\"index, follow, max-snippet:-1, max-image-preview:large, max-video-preview:-1\" \/>\n<link rel=\"canonical\" href=\"https:\/\/ekkla.ch\/de\/produit\/deckenleuchte-raffia-panama-l-grau-o65-good-mojo\/\" \/>\n<meta property=\"og:locale\" content=\"de_DE\" \/>\n<meta property=\"og:type\" content=\"article\" \/>\n<meta property=\"og:title\" content=\"Deckenleuchte Raffia Panama L - Grau - \u00d865 - Good &amp; Mojo\" \/>\n<meta property=\"og:description\" content=\"Diese Deckenleuchte aus Raffia ist eine Mischung aus nat\u00fcrlichen Materialien und zeitgen\u00f6ssischem Design in einem sehr aktuellen Ethno-Chic.\" \/>\n<meta property=\"og:url\" content=\"https:\/\/ekkla.ch\/de\/produit\/deckenleuchte-raffia-panama-l-grau-o65-good-mojo\/\" \/>\n<meta property=\"og:site_name\" content=\"Ekkla\" \/>\n<meta property=\"article:modified_time\" content=\"2024-09-19T18:46:40+00:00\" \/>\n<meta property=\"og:image\" content=\"https:\/\/ekkla.ch\/wp-content\/uploads\/2024\/09\/177.jpg\" \/>\n\t<meta property=\"og:image:width\" content=\"1000\" \/>\n\t<meta property=\"og:image:height\" content=\"1000\" \/>\n\t<meta property=\"og:image:type\" content=\"image\/jpeg\" \/>\n<meta name=\"twitter:card\" content=\"summary_large_image\" \/>\n<meta name=\"twitter:label1\" content=\"Gesch\u00e4tzte Lesezeit\" \/>\n\t<meta name=\"twitter:data1\" content=\"2\u00a0Minuten\" \/>\n<script type=\"application\/ld+json\" class=\"yoast-schema-graph\">{\"@context\":\"https:\/\/schema.org\",\"@graph\":[{\"@type\":\"WebPage\",\"@id\":\"https:\/\/ekkla.ch\/de\/produit\/deckenleuchte-raffia-panama-l-grau-o65-good-mojo\/\",\"url\":\"https:\/\/ekkla.ch\/de\/produit\/deckenleuchte-raffia-panama-l-grau-o65-good-mojo\/\",\"name\":\"Good & Mojo | Deckenleuchte Panama L | Ekkla | Ecofriendly\",\"isPartOf\":{\"@id\":\"https:\/\/ekkla.ch\/#website\"},\"primaryImageOfPage\":{\"@id\":\"https:\/\/ekkla.ch\/de\/produit\/deckenleuchte-raffia-panama-l-grau-o65-good-mojo\/#primaryimage\"},\"image\":{\"@id\":\"https:\/\/ekkla.ch\/de\/produit\/deckenleuchte-raffia-panama-l-grau-o65-good-mojo\/#primaryimage\"},\"thumbnailUrl\":\"https:\/\/ekkla.ch\/wp-content\/uploads\/2024\/09\/Plafonnier-raffia-Panama-L-Gris-O65-Good-Mojo-produit.jpg\",\"datePublished\":\"2024-09-18T08:25:10+00:00\",\"dateModified\":\"2024-09-19T18:46:40+00:00\",\"description\":\"Diese Deckenleuchte aus Raffia ist eine Mischung aus nat\u00fcrlichen Materialien und zeitgen\u00f6ssischem Design in einem sehr aktuellen Ethno-Chic.\",\"breadcrumb\":{\"@id\":\"https:\/\/ekkla.ch\/de\/produit\/deckenleuchte-raffia-panama-l-grau-o65-good-mojo\/#breadcrumb\"},\"inLanguage\":\"de\",\"potentialAction\":[{\"@type\":\"ReadAction\",\"target\":[\"https:\/\/ekkla.ch\/de\/produit\/deckenleuchte-raffia-panama-l-grau-o65-good-mojo\/\"]}]},{\"@type\":\"ImageObject\",\"inLanguage\":\"de\",\"@id\":\"https:\/\/ekkla.ch\/de\/produit\/deckenleuchte-raffia-panama-l-grau-o65-good-mojo\/#primaryimage\",\"url\":\"https:\/\/ekkla.ch\/wp-content\/uploads\/2024\/09\/Plafonnier-raffia-Panama-L-Gris-O65-Good-Mojo-produit.jpg\",\"contentUrl\":\"https:\/\/ekkla.ch\/wp-content\/uploads\/2024\/09\/Plafonnier-raffia-Panama-L-Gris-O65-Good-Mojo-produit.jpg\",\"width\":1000,\"height\":1000},{\"@type\":\"BreadcrumbList\",\"@id\":\"https:\/\/ekkla.ch\/de\/produit\/deckenleuchte-raffia-panama-l-grau-o65-good-mojo\/#breadcrumb\",\"itemListElement\":[{\"@type\":\"ListItem\",\"position\":1,\"name\":\"Home\",\"item\":\"https:\/\/ekkla.ch\/de\/\"},{\"@type\":\"ListItem\",\"position\":2,\"name\":\"Shop\",\"item\":\"https:\/\/ekkla.ch\/de\/shop\/\"},{\"@type\":\"ListItem\",\"position\":3,\"name\":\"Deckenleuchte Raffia Panama L - Grau - \u00d865 - Good &amp; Mojo\"}]},{\"@type\":\"WebSite\",\"@id\":\"https:\/\/ekkla.ch\/#website\",\"url\":\"https:\/\/ekkla.ch\/\",\"name\":\"Ekkla\",\"description\":\"Der Onlineshop f\u00fcr Beleuchtung\",\"publisher\":{\"@id\":\"https:\/\/ekkla.ch\/#organization\"},\"potentialAction\":[{\"@type\":\"SearchAction\",\"target\":{\"@type\":\"EntryPoint\",\"urlTemplate\":\"https:\/\/ekkla.ch\/?s={search_term_string}\"},\"query-input\":\"required name=search_term_string\"}],\"inLanguage\":\"de\"},{\"@type\":\"Organization\",\"@id\":\"https:\/\/ekkla.ch\/#organization\",\"name\":\"Ekkla\",\"url\":\"https:\/\/ekkla.ch\/\",\"logo\":{\"@type\":\"ImageObject\",\"inLanguage\":\"de\",\"@id\":\"https:\/\/ekkla.ch\/#\/schema\/logo\/image\/\",\"url\":\"http:\/\/ekkla.ch\/wp-content\/uploads\/2019\/07\/logo-1.svg\",\"contentUrl\":\"http:\/\/ekkla.ch\/wp-content\/uploads\/2019\/07\/logo-1.svg\",\"width\":1,\"height\":1,\"caption\":\"Ekkla\"},\"image\":{\"@id\":\"https:\/\/ekkla.ch\/#\/schema\/logo\/image\/\"},\"sameAs\":[\"https:\/\/www.instagram.com\/ekkla_light\/\"]}]}<\/script>\n<!-- \/ Yoast SEO Premium plugin. -->","yoast_head_json":{"title":"Good & Mojo | Deckenleuchte Panama L | Ekkla | Ecofriendly","description":"Diese Deckenleuchte aus Raffia ist eine Mischung aus nat\u00fcrlichen Materialien und zeitgen\u00f6ssischem Design in einem sehr aktuellen Ethno-Chic.","robots":{"index":"index","follow":"follow","max-snippet":"max-snippet:-1","max-image-preview":"max-image-preview:large","max-video-preview":"max-video-preview:-1"},"canonical":"https:\/\/ekkla.ch\/de\/produit\/deckenleuchte-raffia-panama-l-grau-o65-good-mojo\/","og_locale":"de_DE","og_type":"article","og_title":"Deckenleuchte Raffia Panama L - Grau - \u00d865 - Good &amp; Mojo","og_description":"Diese Deckenleuchte aus Raffia ist eine Mischung aus nat\u00fcrlichen Materialien und zeitgen\u00f6ssischem Design in einem sehr aktuellen Ethno-Chic.","og_url":"https:\/\/ekkla.ch\/de\/produit\/deckenleuchte-raffia-panama-l-grau-o65-good-mojo\/","og_site_name":"Ekkla","article_modified_time":"2024-09-19T18:46:40+00:00","og_image":[{"width":1000,"height":1000,"url":"https:\/\/ekkla.ch\/wp-content\/uploads\/2024\/09\/177.jpg","type":"image\/jpeg"}],"twitter_card":"summary_large_image","twitter_misc":{"Gesch\u00e4tzte Lesezeit":"2\u00a0Minuten"},"schema":{"@context":"https:\/\/schema.org","@graph":[{"@type":"WebPage","@id":"https:\/\/ekkla.ch\/de\/produit\/deckenleuchte-raffia-panama-l-grau-o65-good-mojo\/","url":"https:\/\/ekkla.ch\/de\/produit\/deckenleuchte-raffia-panama-l-grau-o65-good-mojo\/","name":"Good & Mojo | Deckenleuchte Panama L | Ekkla | Ecofriendly","isPartOf":{"@id":"https:\/\/ekkla.ch\/#website"},"primaryImageOfPage":{"@id":"https:\/\/ekkla.ch\/de\/produit\/deckenleuchte-raffia-panama-l-grau-o65-good-mojo\/#primaryimage"},"image":{"@id":"https:\/\/ekkla.ch\/de\/produit\/deckenleuchte-raffia-panama-l-grau-o65-good-mojo\/#primaryimage"},"thumbnailUrl":"https:\/\/ekkla.ch\/wp-content\/uploads\/2024\/09\/Plafonnier-raffia-Panama-L-Gris-O65-Good-Mojo-produit.jpg","datePublished":"2024-09-18T08:25:10+00:00","dateModified":"2024-09-19T18:46:40+00:00","description":"Diese Deckenleuchte aus Raffia ist eine Mischung aus nat\u00fcrlichen Materialien und zeitgen\u00f6ssischem Design in einem sehr aktuellen Ethno-Chic.","breadcrumb":{"@id":"https:\/\/ekkla.ch\/de\/produit\/deckenleuchte-raffia-panama-l-grau-o65-good-mojo\/#breadcrumb"},"inLanguage":"de","potentialAction":[{"@type":"ReadAction","target":["https:\/\/ekkla.ch\/de\/produit\/deckenleuchte-raffia-panama-l-grau-o65-good-mojo\/"]}]},{"@type":"ImageObject","inLanguage":"de","@id":"https:\/\/ekkla.ch\/de\/produit\/deckenleuchte-raffia-panama-l-grau-o65-good-mojo\/#primaryimage","url":"https:\/\/ekkla.ch\/wp-content\/uploads\/2024\/09\/Plafonnier-raffia-Panama-L-Gris-O65-Good-Mojo-produit.jpg","contentUrl":"https:\/\/ekkla.ch\/wp-content\/uploads\/2024\/09\/Plafonnier-raffia-Panama-L-Gris-O65-Good-Mojo-produit.jpg","width":1000,"height":1000},{"@type":"BreadcrumbList","@id":"https:\/\/ekkla.ch\/de\/produit\/deckenleuchte-raffia-panama-l-grau-o65-good-mojo\/#breadcrumb","itemListElement":[{"@type":"ListItem","position":1,"name":"Home","item":"https:\/\/ekkla.ch\/de\/"},{"@type":"ListItem","position":2,"name":"Shop","item":"https:\/\/ekkla.ch\/de\/shop\/"},{"@type":"ListItem","position":3,"name":"Deckenleuchte Raffia Panama L - Grau - \u00d865 - Good &amp; Mojo"}]},{"@type":"WebSite","@id":"https:\/\/ekkla.ch\/#website","url":"https:\/\/ekkla.ch\/","name":"Ekkla","description":"Der Onlineshop f\u00fcr Beleuchtung","publisher":{"@id":"https:\/\/ekkla.ch\/#organization"},"potentialAction":[{"@type":"SearchAction","target":{"@type":"EntryPoint","urlTemplate":"https:\/\/ekkla.ch\/?s={search_term_string}"},"query-input":"required name=search_term_string"}],"inLanguage":"de"},{"@type":"Organization","@id":"https:\/\/ekkla.ch\/#organization","name":"Ekkla","url":"https:\/\/ekkla.ch\/","logo":{"@type":"ImageObject","inLanguage":"de","@id":"https:\/\/ekkla.ch\/#\/schema\/logo\/image\/","url":"http:\/\/ekkla.ch\/wp-content\/uploads\/2019\/07\/logo-1.svg","contentUrl":"http:\/\/ekkla.ch\/wp-content\/uploads\/2019\/07\/logo-1.svg","width":1,"height":1,"caption":"Ekkla"},"image":{"@id":"https:\/\/ekkla.ch\/#\/schema\/logo\/image\/"},"sameAs":["https:\/\/www.instagram.com\/ekkla_light\/"]}]}},"_links":{"self":[{"href":"https:\/\/ekkla.ch\/de\/wp-json\/wp\/v2\/product\/198914"}],"collection":[{"href":"https:\/\/ekkla.ch\/de\/wp-json\/wp\/v2\/product"}],"about":[{"href":"https:\/\/ekkla.ch\/de\/wp-json\/wp\/v2\/types\/product"}],"wp:featuredmedia":[{"embeddable":true,"href":"https:\/\/ekkla.ch\/de\/wp-json\/wp\/v2\/media\/199074"}],"wp:attachment":[{"href":"https:\/\/ekkla.ch\/de\/wp-json\/wp\/v2\/media?parent=198914"}],"wp:term":[{"taxonomy":"product_cat","embeddable":true,"href":"https:\/\/ekkla.ch\/de\/wp-json\/wp\/v2\/product_cat?post=198914"},{"taxonomy":"product_tag","embeddable":true,"href":"https:\/\/ekkla.ch\/de\/wp-json\/wp\/v2\/product_tag?post=198914"}],"curies":[{"name":"wp","href":"https:\/\/api.w.org\/{rel}","templated":true}]}}